{"id":3774,"date":"2025-06-20T10:07:14","date_gmt":"2025-06-20T02:07:14","guid":{"rendered":"https:\/\/www.xminsulation.com\/?post_type=product&#038;p=3774"},"modified":"2025-06-20T10:07:14","modified_gmt":"2025-06-20T02:07:14","slug":"transformer-bushings-combined-resin-silicon-bushings","status":"publish","type":"product","link":"https:\/\/www.xminsulation.com\/es\/product\/transformer-bushings-combined-resin-silicon-bushings\/","title":{"rendered":"Bujes de transformador Bujes combinados de resina y silicio"},"content":{"rendered":"<p>Tipo sin porcelana, solo resina de silicona\/epoxi<\/p>\n<p>Voltaje de 10-40,5 kV, Corriente de 200 A-4000 A<\/p>\n<p>Est\u00e1ndar IEC\/IEEE<\/p>\n<p><strong><b> <img fetchpriority=\"high\" decoding=\"async\" class=\"alignnone size-full wp-image-3775\" src=\"https:\/\/www.xminsulation.com\/wp-content\/uploads\/2025\/06\/\u56fe\u72476.png\" alt=\"\" width=\"1244\" height=\"853\" srcset=\"https:\/\/www.xminsulation.com\/wp-content\/uploads\/2025\/06\/\u56fe\u72476.png 1244w, https:\/\/www.xminsulation.com\/wp-content\/uploads\/2025\/06\/\u56fe\u72476-300x206.png 300w, https:\/\/www.xminsulation.com\/wp-content\/uploads\/2025\/06\/\u56fe\u72476-1024x702.png 1024w, https:\/\/www.xminsulation.com\/wp-content\/uploads\/2025\/06\/\u56fe\u72476-768x527.png 768w, https:\/\/www.xminsulation.com\/wp-content\/uploads\/2025\/06\/\u56fe\u72476-18x12.png 18w, https:\/\/www.xminsulation.com\/wp-content\/uploads\/2025\/06\/\u56fe\u72476-600x411.png 600w\" sizes=\"(max-width: 1244px) 100vw, 1244px\" \/><\/b><\/strong><\/p>\n<h2><strong><b>Principal <\/b><\/strong><strong><b>Caracter\u00edsticas<\/b><\/strong><\/h2>\n<p>La carcasa de caucho de silicona, moldeada mediante inyecci\u00f3n integral, presenta buena hidrofobicidad, resistencia a la suciedad y a la migraci\u00f3n, adem\u00e1s de excelentes propiedades de aislamiento el\u00e9ctrico y resistencia al envejecimiento, lo que previene eficazmente accidentes por descargas el\u00e9ctricas por contaminaci\u00f3n, garantizando as\u00ed el funcionamiento seguro de las l\u00edneas de transmisi\u00f3n de alta tensi\u00f3n.<\/p>\n<p>La varilla de resina epoxi reforzada con fibra de vidrio modificada se utiliza porque tiene buena resistencia a altas temperaturas, corrosi\u00f3n por tensi\u00f3n y ataque \u00e1cido, as\u00ed como una acci\u00f3n de amortiguaci\u00f3n fina, alta resistencia a la tracci\u00f3n (&gt; 1200 MPa) y resistencia a la fluencia y falla por fatiga, lo que garantiza efectivamente la calidad del aislamiento interno y la resistencia mec\u00e1nica de los aisladores.<\/p>\n<p>Los accesorios se engarzan sobre varillas de fibra de vidrio con una engarzadora de desplazamiento accionada por voz. Los aisladores con esta t\u00e9cnica de engarce presentan alta resistencia mec\u00e1nica y baja dispersi\u00f3n. Para la producci\u00f3n y el ensamblaje, se utiliza la t\u00e9cnica de moldeo por inyecci\u00f3n autom\u00e1tica m\u00e1s avanzada y el m\u00e9todo de conexi\u00f3n de engarce. Todo el proceso de engarce se controla por computadora y el resultado se monitorea mediante un detector ultras\u00f3nico para garantizar la calidad de cada producto.<\/p>\n<p>Ofrecemos m\u00faltiples estilos de conexi\u00f3n, as\u00ed como soluciones a medida de acuerdo a casi cualquier tipo de requisito\/especificaci\u00f3n del cliente.<\/p>\n<p>&nbsp;<\/p>\n<p><img decoding=\"async\" class=\"size-full wp-image-3776 aligncenter\" src=\"https:\/\/www.xminsulation.com\/wp-content\/uploads\/2025\/06\/\u56fe\u72477.png\" alt=\"\" width=\"775\" height=\"1722\" srcset=\"https:\/\/www.xminsulation.com\/wp-content\/uploads\/2025\/06\/\u56fe\u72477.png 775w, https:\/\/www.xminsulation.com\/wp-content\/uploads\/2025\/06\/\u56fe\u72477-135x300.png 135w, https:\/\/www.xminsulation.com\/wp-content\/uploads\/2025\/06\/\u56fe\u72477-461x1024.png 461w, https:\/\/www.xminsulation.com\/wp-content\/uploads\/2025\/06\/\u56fe\u72477-768x1706.png 768w, https:\/\/www.xminsulation.com\/wp-content\/uploads\/2025\/06\/\u56fe\u72477-691x1536.png 691w, https:\/\/www.xminsulation.com\/wp-content\/uploads\/2025\/06\/\u56fe\u72477-5x12.png 5w, https:\/\/www.xminsulation.com\/wp-content\/uploads\/2025\/06\/\u56fe\u72477-600x1333.png 600w\" sizes=\"(max-width: 775px) 100vw, 775px\" \/><\/p>\n<p style=\"text-align: center;\">CRS (IEC) PARA CRS (24-36 kV\/250-630 A)<\/p>\n<p>&nbsp;<\/p>\n<p><img decoding=\"async\" class=\"size-full wp-image-3777 aligncenter\" src=\"https:\/\/www.xminsulation.com\/wp-content\/uploads\/2025\/06\/\u56fe\u72478.png\" alt=\"\" width=\"679\" height=\"809\" srcset=\"https:\/\/www.xminsulation.com\/wp-content\/uploads\/2025\/06\/\u56fe\u72478.png 679w, https:\/\/www.xminsulation.com\/wp-content\/uploads\/2025\/06\/\u56fe\u72478-252x300.png 252w, https:\/\/www.xminsulation.com\/wp-content\/uploads\/2025\/06\/\u56fe\u72478-10x12.png 10w, https:\/\/www.xminsulation.com\/wp-content\/uploads\/2025\/06\/\u56fe\u72478-600x715.png 600w\" sizes=\"(max-width: 679px) 100vw, 679px\" \/><\/p>\n<p style=\"text-align: center;\">CRS (IEEE)-25-34,5 kV 3000 A<\/p>\n<p>&nbsp;<\/p>\n<p><img loading=\"lazy\" decoding=\"async\" class=\"size-full wp-image-3778 aligncenter\" src=\"https:\/\/www.xminsulation.com\/wp-content\/uploads\/2025\/06\/\u56fe\u72479.png\" alt=\"\" width=\"868\" height=\"1292\" srcset=\"https:\/\/www.xminsulation.com\/wp-content\/uploads\/2025\/06\/\u56fe\u72479.png 868w, https:\/\/www.xminsulation.com\/wp-content\/uploads\/2025\/06\/\u56fe\u72479-202x300.png 202w, https:\/\/www.xminsulation.com\/wp-content\/uploads\/2025\/06\/\u56fe\u72479-688x1024.png 688w, https:\/\/www.xminsulation.com\/wp-content\/uploads\/2025\/06\/\u56fe\u72479-768x1143.png 768w, https:\/\/www.xminsulation.com\/wp-content\/uploads\/2025\/06\/\u56fe\u72479-8x12.png 8w, https:\/\/www.xminsulation.com\/wp-content\/uploads\/2025\/06\/\u56fe\u72479-600x893.png 600w\" sizes=\"(max-width: 868px) 100vw, 868px\" \/> <img loading=\"lazy\" decoding=\"async\" class=\"size-full wp-image-3779 aligncenter\" src=\"https:\/\/www.xminsulation.com\/wp-content\/uploads\/2025\/06\/\u56fe\u724710.png\" alt=\"\" width=\"930\" height=\"815\" srcset=\"https:\/\/www.xminsulation.com\/wp-content\/uploads\/2025\/06\/\u56fe\u724710.png 930w, https:\/\/www.xminsulation.com\/wp-content\/uploads\/2025\/06\/\u56fe\u724710-300x263.png 300w, https:\/\/www.xminsulation.com\/wp-content\/uploads\/2025\/06\/\u56fe\u724710-768x673.png 768w, https:\/\/www.xminsulation.com\/wp-content\/uploads\/2025\/06\/\u56fe\u724710-14x12.png 14w, https:\/\/www.xminsulation.com\/wp-content\/uploads\/2025\/06\/\u56fe\u724710-600x526.png 600w\" sizes=\"(max-width: 930px) 100vw, 930px\" \/><\/p>\n<p>&nbsp;<\/p>\n<p>&nbsp;<\/p>\n<p>&nbsp;<\/p>\n<h2 class=\"wxts\">\u25c6Personalizaci\u00f3n especial<\/h2>\n<p>Los par\u00e1metros anteriores son datos t\u00edpicos; si los estilos existentes no satisfacen sus demandas espec\u00edficas, cont\u00e1ctenos para obtener un dise\u00f1o personalizado. Tenemos importantes habilidades de producci\u00f3n y desarrollo de personalizaci\u00f3n personalizada, lo que nos permite brindar soluciones personalizadas a clientes de todo el mundo.<\/p>\n<p>&nbsp;<\/p>\n<p>&nbsp;<\/p>\n<p>&nbsp;<\/p>","protected":false},"excerpt":{"rendered":"<p>Non-Porcelain Type, Silicon \/ Epoxy Resin Only Voltage from 10-40.5kV, Current from 200A-4000A IEC \/ IEEE Standard Main Features The silicone rubber housing taken shape by whole injection. It has good hydrophobicity migration and soil resistance, as well as excellent electrical insulation properties and aging resistance, which could prevent effectively those accidents of pollution flashover [&hellip;]<\/p>","protected":false},"featured_media":3780,"template":"","meta":{"site-sidebar-layout":"default","site-content-layout":"","ast-site-content-layout":"default","site-content-style":"default","site-sidebar-style":"default","ast-global-header-display":"","ast-banner-title-visibility":"","ast-main-header-display":"","ast-hfb-above-header-display":"","ast-hfb-below-header-display":"","ast-hfb-mobile-header-display":"","site-post-title":"","ast-breadcrumbs-content":"","ast-featured-img":"","footer-sml-layout":"","theme-transparent-header-meta":"default","adv-header-id-meta":"","stick-header-meta":"","header-above-stick-meta":"","header-main-stick-meta":"","header-below-stick-meta":"","astra-migrate-meta-layouts":"set","ast-page-background-enabled":"default","ast-page-background-meta":{"desktop":{"background-color":"","background-image":"","background-repeat":"repeat","background-position":"center center","background-size":"auto","background-attachment":"scroll","background-type":"","background-media":"","overlay-type":"","overlay-color":"","overlay-gradient":""},"tablet":{"background-color":"","background-image":"","background-repeat":"repeat","background-position":"center center","background-size":"auto","background-attachment":"scroll","background-type":"","background-media":"","overlay-type":"","overlay-color":"","overlay-gradient":""},"mobile":{"background-color":"","background-image":"","background-repeat":"repeat","background-position":"center center","background-size":"auto","background-attachment":"scroll","background-type":"","background-media":"","overlay-type":"","overlay-color":"","overlay-gradient":""}},"ast-content-background-meta":{"desktop":{"background-color":"var(--ast-global-color-5)","background-image":"","background-repeat":"repeat","background-position":"center center","background-size":"auto","background-attachment":"scroll","background-type":"","background-media":"","overlay-type":"","overlay-color":"","overlay-gradient":""},"tablet":{"background-color":"var(--ast-global-color-5)","background-image":"","background-repeat":"repeat","background-position":"center center","background-size":"auto","background-attachment":"scroll","background-type":"","background-media":"","overlay-type":"","overlay-color":"","overlay-gradient":""},"mobile":{"background-color":"var(--ast-global-color-5)","background-image":"","background-repeat":"repeat","background-position":"center center","background-size":"auto","background-attachment":"scroll","background-type":"","background-media":"","overlay-type":"","overlay-color":"","overlay-gradient":""}}},"product_cat":[66],"product_tag":[],"class_list":{"0":"post-3774","1":"product","2":"type-product","3":"status-publish","4":"has-post-thumbnail","6":"product_cat-non-porcelain-composite-transformer-bushings","7":"desktop-align-left","8":"tablet-align-left","9":"mobile-align-left","11":"first","12":"instock","13":"shipping-taxable","14":"product-type-simple"},"_links":{"self":[{"href":"https:\/\/www.xminsulation.com\/es\/wp-json\/wp\/v2\/product\/3774","targetHints":{"allow":["GET"]}}],"collection":[{"href":"https:\/\/www.xminsulation.com\/es\/wp-json\/wp\/v2\/product"}],"about":[{"href":"https:\/\/www.xminsulation.com\/es\/wp-json\/wp\/v2\/types\/product"}],"wp:featuredmedia":[{"embeddable":true,"href":"https:\/\/www.xminsulation.com\/es\/wp-json\/wp\/v2\/media\/3780"}],"wp:attachment":[{"href":"https:\/\/www.xminsulation.com\/es\/wp-json\/wp\/v2\/media?parent=3774"}],"wp:term":[{"taxonomy":"product_cat","embeddable":true,"href":"https:\/\/www.xminsulation.com\/es\/wp-json\/wp\/v2\/product_cat?post=3774"},{"taxonomy":"product_tag","embeddable":true,"href":"https:\/\/www.xminsulation.com\/es\/wp-json\/wp\/v2\/product_tag?post=3774"}],"curies":[{"name":"wp","href":"https:\/\/api.w.org\/{rel}","templated":true}]}}