{"id":3123,"date":"2024-09-13T23:49:09","date_gmt":"2024-09-13T15:49:09","guid":{"rendered":"https:\/\/www.xminsulation.com\/?post_type=product&#038;p=3123"},"modified":"2024-09-13T23:49:09","modified_gmt":"2024-09-13T15:49:09","slug":"40-5kv-630a-1250a-new-energy-vacuum-circuit-breaker-vcb","status":"publish","type":"product","link":"https:\/\/www.xminsulation.com\/es\/product\/40-5kv-630a-1250a-new-energy-vacuum-circuit-breaker-vcb\/","title":{"rendered":"Disyuntor de vac\u00edo de nueva energ\u00eda VCB de 40,5 kV y 630 A\/1250 A"},"content":{"rendered":"<p><img fetchpriority=\"high\" decoding=\"async\" class=\"alignnone wp-image-3124 size-full\" src=\"https:\/\/www.xminsulation.com\/wp-content\/uploads\/2024\/09\/\u56fe\u72471-1.png\" alt=\"\" width=\"1500\" height=\"1500\" srcset=\"https:\/\/www.xminsulation.com\/wp-content\/uploads\/2024\/09\/\u56fe\u72471-1.png 1500w, https:\/\/www.xminsulation.com\/wp-content\/uploads\/2024\/09\/\u56fe\u72471-1-300x300.png 300w, https:\/\/www.xminsulation.com\/wp-content\/uploads\/2024\/09\/\u56fe\u72471-1-1024x1024.png 1024w, https:\/\/www.xminsulation.com\/wp-content\/uploads\/2024\/09\/\u56fe\u72471-1-150x150.png 150w, https:\/\/www.xminsulation.com\/wp-content\/uploads\/2024\/09\/\u56fe\u72471-1-768x768.png 768w, https:\/\/www.xminsulation.com\/wp-content\/uploads\/2024\/09\/\u56fe\u72471-1-12x12.png 12w, https:\/\/www.xminsulation.com\/wp-content\/uploads\/2024\/09\/\u56fe\u72471-1-600x600.png 600w, https:\/\/www.xminsulation.com\/wp-content\/uploads\/2024\/09\/\u56fe\u72471-1-100x100.png 100w\" sizes=\"(max-width: 1500px) 100vw, 1500px\" \/><\/p>\n<h2><strong><b>Informaci\u00f3n general<\/b><\/strong><\/h2>\n<p>El interruptor autom\u00e1tico de vac\u00edo de alta tensi\u00f3n CA para interiores de 40,5 kV y 630 A\/1250 A es una nueva generaci\u00f3n de interruptores autom\u00e1ticos de vac\u00edo combinados de 40,5 kV (aislamiento, interruptor autom\u00e1tico de vac\u00edo, tipo de puesta a tierra integrada), apto para redes de transmisi\u00f3n y distribuci\u00f3n de energ\u00eda CA de 50 Hz\/60 Hz y tensi\u00f3n nominal de 40,5 kV. Se utiliza ampliamente en proyectos de generaci\u00f3n de energ\u00eda e\u00f3lica, generaci\u00f3n de energ\u00eda solar, centrales el\u00e9ctricas de almacenamiento de energ\u00eda y redes de distribuci\u00f3n urbanas. Este producto es compacto, f\u00e1cil de instalar y operar, y permite un control a larga distancia. Su estructura es cient\u00edfica y razonable, su acci\u00f3n es flexible y fiable, y presenta claras fracturas de aislamiento. Incorpora dispositivos de enclavamiento mec\u00e1nico y el\u00e9ctrico completos, y ofrece una fiabilidad operativa y una vida \u00fatil extremadamente altas. Con el armario de distribuci\u00f3n correspondiente, puede lograr funciones de distribuci\u00f3n de energ\u00eda seguras y garantizar la seguridad de los operadores y los equipos.<\/p>\n<p><img decoding=\"async\" class=\"alignnone wp-image-3125 size-full\" src=\"https:\/\/www.xminsulation.com\/wp-content\/uploads\/2024\/09\/\u56fe\u72472-1.png\" alt=\"\" width=\"1496\" height=\"1728\" srcset=\"https:\/\/www.xminsulation.com\/wp-content\/uploads\/2024\/09\/\u56fe\u72472-1.png 1496w, https:\/\/www.xminsulation.com\/wp-content\/uploads\/2024\/09\/\u56fe\u72472-1-260x300.png 260w, https:\/\/www.xminsulation.com\/wp-content\/uploads\/2024\/09\/\u56fe\u72472-1-887x1024.png 887w, https:\/\/www.xminsulation.com\/wp-content\/uploads\/2024\/09\/\u56fe\u72472-1-768x887.png 768w, https:\/\/www.xminsulation.com\/wp-content\/uploads\/2024\/09\/\u56fe\u72472-1-1330x1536.png 1330w, https:\/\/www.xminsulation.com\/wp-content\/uploads\/2024\/09\/\u56fe\u72472-1-10x12.png 10w, https:\/\/www.xminsulation.com\/wp-content\/uploads\/2024\/09\/\u56fe\u72472-1-600x693.png 600w\" sizes=\"(max-width: 1496px) 100vw, 1496px\" \/> <img decoding=\"async\" class=\"alignnone wp-image-3126 size-full\" src=\"https:\/\/www.xminsulation.com\/wp-content\/uploads\/2024\/09\/\u56fe\u72473-1.png\" alt=\"\" width=\"1464\" height=\"1042\" srcset=\"https:\/\/www.xminsulation.com\/wp-content\/uploads\/2024\/09\/\u56fe\u72473-1.png 1464w, https:\/\/www.xminsulation.com\/wp-content\/uploads\/2024\/09\/\u56fe\u72473-1-300x214.png 300w, https:\/\/www.xminsulation.com\/wp-content\/uploads\/2024\/09\/\u56fe\u72473-1-1024x729.png 1024w, https:\/\/www.xminsulation.com\/wp-content\/uploads\/2024\/09\/\u56fe\u72473-1-768x547.png 768w, https:\/\/www.xminsulation.com\/wp-content\/uploads\/2024\/09\/\u56fe\u72473-1-18x12.png 18w, https:\/\/www.xminsulation.com\/wp-content\/uploads\/2024\/09\/\u56fe\u72473-1-600x427.png 600w\" sizes=\"(max-width: 1464px) 100vw, 1464px\" \/><\/p>\n<h2><strong><b>Condiciones de uso<\/b><\/strong><\/h2>\n<p>&nbsp;<\/p>\n<p>Temperatura ambiente: l\u00edmite superior +40\u2103; l\u00edmite inferior -15\u2103; altitud: altitud \u22641000m;<\/p>\n<p>Humedad relativa: el valor medio diario no es m\u00e1s de 95%, el valor medio mensual no es m\u00e1s de 90%; intensidad del sismo: no m\u00e1s de 8 grados;<\/p>\n<p>No existe riesgo de incendio, explosi\u00f3n, corrosi\u00f3n qu\u00edmica o vibraci\u00f3n severa; nivel de contaminaci\u00f3n: Nivel I.<\/p>\n<p>Nota: Si existen requisitos de entorno de uso especiales, deber\u00e1n indicarse claramente en los detalles del pedido.<\/p>\n<p>&nbsp;<\/p>\n<h2><strong><b>Diagrama de tama\u00f1o de VCB<\/b><\/strong><\/h2>\n<p><img loading=\"lazy\" decoding=\"async\" class=\"alignnone wp-image-3127 size-full\" src=\"https:\/\/www.xminsulation.com\/wp-content\/uploads\/2024\/09\/\u56fe\u72474-1.png\" alt=\"\" width=\"921\" height=\"674\" srcset=\"https:\/\/www.xminsulation.com\/wp-content\/uploads\/2024\/09\/\u56fe\u72474-1.png 921w, https:\/\/www.xminsulation.com\/wp-content\/uploads\/2024\/09\/\u56fe\u72474-1-300x220.png 300w, https:\/\/www.xminsulation.com\/wp-content\/uploads\/2024\/09\/\u56fe\u72474-1-768x562.png 768w, https:\/\/www.xminsulation.com\/wp-content\/uploads\/2024\/09\/\u56fe\u72474-1-16x12.png 16w, https:\/\/www.xminsulation.com\/wp-content\/uploads\/2024\/09\/\u56fe\u72474-1-600x439.png 600w\" sizes=\"(max-width: 921px) 100vw, 921px\" \/> <img loading=\"lazy\" decoding=\"async\" class=\"alignnone wp-image-3128 size-large\" src=\"https:\/\/www.xminsulation.com\/wp-content\/uploads\/2024\/09\/\u56fe\u72475-1-1024x704.png\" alt=\"\" width=\"1024\" height=\"704\" srcset=\"https:\/\/www.xminsulation.com\/wp-content\/uploads\/2024\/09\/\u56fe\u72475-1-1024x704.png 1024w, https:\/\/www.xminsulation.com\/wp-content\/uploads\/2024\/09\/\u56fe\u72475-1-300x206.png 300w, https:\/\/www.xminsulation.com\/wp-content\/uploads\/2024\/09\/\u56fe\u72475-1-768x528.png 768w, https:\/\/www.xminsulation.com\/wp-content\/uploads\/2024\/09\/\u56fe\u72475-1-18x12.png 18w, https:\/\/www.xminsulation.com\/wp-content\/uploads\/2024\/09\/\u56fe\u72475-1-600x413.png 600w, https:\/\/www.xminsulation.com\/wp-content\/uploads\/2024\/09\/\u56fe\u72475-1.png 1159w\" sizes=\"(max-width: 1024px) 100vw, 1024px\" \/> <img loading=\"lazy\" decoding=\"async\" class=\"alignnone wp-image-3129 size-full\" src=\"https:\/\/www.xminsulation.com\/wp-content\/uploads\/2024\/09\/\u56fe\u72476-1.png\" alt=\"\" width=\"941\" height=\"443\" srcset=\"https:\/\/www.xminsulation.com\/wp-content\/uploads\/2024\/09\/\u56fe\u72476-1.png 941w, https:\/\/www.xminsulation.com\/wp-content\/uploads\/2024\/09\/\u56fe\u72476-1-300x141.png 300w, https:\/\/www.xminsulation.com\/wp-content\/uploads\/2024\/09\/\u56fe\u72476-1-768x362.png 768w, https:\/\/www.xminsulation.com\/wp-content\/uploads\/2024\/09\/\u56fe\u72476-1-18x8.png 18w, https:\/\/www.xminsulation.com\/wp-content\/uploads\/2024\/09\/\u56fe\u72476-1-600x282.png 600w\" sizes=\"(max-width: 941px) 100vw, 941px\" \/><\/p>\n<h2><strong><b>Instalar<\/b><\/strong><strong><b>aci\u00f3n<\/b><\/strong><\/h2>\n<p>&nbsp;<\/p>\n<p>El producto debe instalarse en un marco met\u00e1lico donde se pueda observar la apertura y el cierre del seccionador. Utilice seis pernos M16 para pasarlos por los orificios de montaje del bastidor y conectarlos al marco fijo. Durante la instalaci\u00f3n, el seccionador y la c\u00e1mara de extinci\u00f3n de arco deben estar abiertos.<\/p>\n<p>Antes de la instalaci\u00f3n, utilice un pa\u00f1o limpio y suave para eliminar el aceite y el polvo de las piezas aislantes y los contactos conductores. Cada pieza giratoria debe estar cubierta con lubricante anticongelante neutro y las fijaciones deben estar bien apretadas. Durante la instalaci\u00f3n, no se debe permitir que la barra colectora ejerza ninguna fuerza externa sobre los terminales del interruptor. La superficie de contacto entre la barra colectora y el interruptor debe ser plana.<\/p>\n<p>&nbsp;<\/p>\n<h2><strong><b>METRO<\/b><\/strong><strong><b>mantenimiento<\/b><\/strong><\/h2>\n<p>&nbsp;<\/p>\n<p>El mantenimiento se realiza para garantizar el funcionamiento seguro, fiable y continuo de los equipos de conmutaci\u00f3n, mantenerlos en buen estado y prolongar su vida \u00fatil. Generalmente, se divide en inspecci\u00f3n, mantenimiento y reparaci\u00f3n. Antes de realizar el mantenimiento, aseg\u00farese de que todas las fuentes de alimentaci\u00f3n est\u00e9n desconectadas (circuito primario y circuito secundario), que el equipo de conmutaci\u00f3n est\u00e9 correctamente conectado a tierra y que el sensor est\u00e9 descargado.<\/p>\n<p>&nbsp;<\/p>\n<ol>\n<li>Verificar para determinar el estado real del equipo.<\/li>\n<li>En condiciones normales de trabajo, la aparamenta debe ser inspeccionada un a\u00f1o despu\u00e9s de salir de f\u00e1brica o despu\u00e9s de 1.500 operaciones, lo que ocurra primero.<\/li>\n<li>Inspecci\u00f3n del aspecto: incluye la verificaci\u00f3n de la presencia de suciedad, humedad, corrosi\u00f3n o descargas en la superficie de las piezas aislantes; la fiabilidad del contacto de los contactos de aislamiento; la ausencia de tornillos sueltos; la precisi\u00f3n del indicador de posici\u00f3n y la ausencia de deformaciones en la biela, el eje giratorio y el brazo. La ausencia de grietas y la integridad de los pasadores del eje; la ausencia de descargas, ruidos anormales, da\u00f1os y decoloraci\u00f3n en la c\u00e1mara de extinci\u00f3n de arco; el cableado secundario y el cableado secundario est\u00e1n bien prensados y sin decoloraci\u00f3n por sobrecalentamiento ni rotura de hilos.<\/li>\n<li>Si durante la inspecci\u00f3n se encuentran condiciones anormales, el tablero de distribuci\u00f3n debe recibir mantenimiento o reparaci\u00f3n.<\/li>\n<\/ol>\n<p>&nbsp;<\/p>\n<ol start=\"2\">\n<li>Mantenimiento, mantener el equipo en buenas condiciones de funcionamiento y prolongar la vida \u00fatil del equipo.<\/li>\n<li>En condiciones normales de funcionamiento, el periodo de mantenimiento necesario de la celda es de una vez cada dos a\u00f1os despu\u00e9s de su puesta en funcionamiento.<\/li>\n<li>Antes de realizar trabajos de mantenimiento, se debe aislar el \u00e1rea de trabajo de acuerdo con las normas pertinentes y se deben realizar ajustes de seguridad para evitar que otras personas manipulen incorrectamente el interruptor.<\/li>\n<li>Limpieza: Utilice un pa\u00f1o suave y seco para limpiar el polvo y la suciedad ligera de la superficie de las piezas aislantes y los contactos. Limpie y seque la suciedad dif\u00edcil de eliminar con un producto de limpieza alcalino suave.<\/li>\n<li>Lubricaci\u00f3n: incluida la parte de transmisi\u00f3n del cuadro de distribuci\u00f3n.<\/li>\n<li>Apriete: Apriete las tuercas o tornillos que encuentre durante la inspecci\u00f3n y aplique marcas de apriete.<\/li>\n<li>Operaci\u00f3n: Realice operaciones de cierre y apertura en el tablero de distribuci\u00f3n, verifique si las instrucciones de apertura y cierre son correctas y verifique si la conmutaci\u00f3n de los componentes el\u00e9ctricos es normal.<\/li>\n<\/ol>\n<p>&nbsp;<\/p>\n<ol start=\"3\">\n<li>Reparar y restaurar el funcionamiento normal del equipo.<\/li>\n<li>Si durante la inspecci\u00f3n o el mantenimiento se encuentra alguna anomal\u00eda en el interruptor, se deben realizar las reparaciones necesarias en el equipo del interruptor.<\/li>\n<li>Aseg\u00farese de que el personal de mantenimiento no corra el riesgo de restablecer el suministro el\u00e9ctrico durante los trabajos de mantenimiento.<\/li>\n<li>Las operaciones de mantenimiento deben ser realizadas por personal que haya recibido capacitaci\u00f3n especial y tenga un conocimiento detallado de este equipo o por los ingenieros de posventa de nuestra empresa.<\/li>\n<\/ol>\n<h2><strong><b>Transporte <\/b><\/strong><strong><b>&amp;<\/b><\/strong><strong><b>\u00a0<\/b><\/strong><strong><b>S<\/b><\/strong><strong><b>almacenamiento<\/b><\/strong><\/h2>\n<p>&nbsp;<\/p>\n<ol>\n<li>El embalaje del producto debe ser resistente a golpes y humedad. Durante el transporte, no se permite que el interruptor se vuelque ni se golpee. Al levantar el interruptor, el punto de enfoque debe estar \u00fanicamente en el marco.<\/li>\n<li>El producto debe almacenarse en un lugar seco y ventilado, sin erosi\u00f3n por gases nocivos. Si se almacena durante un periodo prolongado, se debe aplicar grasa de baja temperatura a la parte giratoria del interruptor y revisar peri\u00f3dicamente las condiciones ambientales para comprobar que cumplen los requisitos.<\/li>\n<\/ol>","protected":false},"excerpt":{"rendered":"<p>General Information The 40.5kV 630A\/1250A\u00a0indoor AC high-voltage vacuum circuit breaker is a new generation of 40.5kV combined vacuum circuit breaker (isolation, vacuum circuit breaker, Integrated grounding type), suitable for AC 50Hz\/60Hz, rated voltage 40.5kV power transmission and distribution network, widely used in wind power generation, solar power generation, energy storage power stations and urban distribution [&hellip;]<\/p>","protected":false},"featured_media":3130,"template":"","meta":{"site-sidebar-layout":"default","site-content-layout":"","ast-site-content-layout":"default","site-content-style":"default","site-sidebar-style":"default","ast-global-header-display":"","ast-banner-title-visibility":"","ast-main-header-display":"","ast-hfb-above-header-display":"","ast-hfb-below-header-display":"","ast-hfb-mobile-header-display":"","site-post-title":"","ast-breadcrumbs-content":"","ast-featured-img":"","footer-sml-layout":"","theme-transparent-header-meta":"default","adv-header-id-meta":"","stick-header-meta":"","header-above-stick-meta":"","header-main-stick-meta":"","header-below-stick-meta":"","astra-migrate-meta-layouts":"set","ast-page-background-enabled":"default","ast-page-background-meta":{"desktop":{"background-color":"","background-image":"","background-repeat":"repeat","background-position":"center center","background-size":"auto","background-attachment":"scroll","background-type":"","background-media":"","overlay-type":"","overlay-color":"","overlay-gradient":""},"tablet":{"background-color":"","background-image":"","background-repeat":"repeat","background-position":"center center","background-size":"auto","background-attachment":"scroll","background-type":"","background-media":"","overlay-type":"","overlay-color":"","overlay-gradient":""},"mobile":{"background-color":"","background-image":"","background-repeat":"repeat","background-position":"center center","background-size":"auto","background-attachment":"scroll","background-type":"","background-media":"","overlay-type":"","overlay-color":"","overlay-gradient":""}},"ast-content-background-meta":{"desktop":{"background-color":"var(--ast-global-color-5)","background-image":"","background-repeat":"repeat","background-position":"center center","background-size":"auto","background-attachment":"scroll","background-type":"","background-media":"","overlay-type":"","overlay-color":"","overlay-gradient":""},"tablet":{"background-color":"var(--ast-global-color-5)","background-image":"","background-repeat":"repeat","background-position":"center center","background-size":"auto","background-attachment":"scroll","background-type":"","background-media":"","overlay-type":"","overlay-color":"","overlay-gradient":""},"mobile":{"background-color":"var(--ast-global-color-5)","background-image":"","background-repeat":"repeat","background-position":"center center","background-size":"auto","background-attachment":"scroll","background-type":"","background-media":"","overlay-type":"","overlay-color":"","overlay-gradient":""}}},"product_cat":[59],"product_tag":[],"class_list":{"0":"post-3123","1":"product","2":"type-product","3":"status-publish","4":"has-post-thumbnail","6":"product_cat-40-5kv-630a-1250a-new-energy-vacuum-circuit-breaker-vcb","7":"desktop-align-left","8":"tablet-align-left","9":"mobile-align-left","11":"first","12":"instock","13":"shipping-taxable","14":"product-type-simple"},"_links":{"self":[{"href":"https:\/\/www.xminsulation.com\/es\/wp-json\/wp\/v2\/product\/3123","targetHints":{"allow":["GET"]}}],"collection":[{"href":"https:\/\/www.xminsulation.com\/es\/wp-json\/wp\/v2\/product"}],"about":[{"href":"https:\/\/www.xminsulation.com\/es\/wp-json\/wp\/v2\/types\/product"}],"wp:featuredmedia":[{"embeddable":true,"href":"https:\/\/www.xminsulation.com\/es\/wp-json\/wp\/v2\/media\/3130"}],"wp:attachment":[{"href":"https:\/\/www.xminsulation.com\/es\/wp-json\/wp\/v2\/media?parent=3123"}],"wp:term":[{"taxonomy":"product_cat","embeddable":true,"href":"https:\/\/www.xminsulation.com\/es\/wp-json\/wp\/v2\/product_cat?post=3123"},{"taxonomy":"product_tag","embeddable":true,"href":"https:\/\/www.xminsulation.com\/es\/wp-json\/wp\/v2\/product_tag?post=3123"}],"curies":[{"name":"wp","href":"https:\/\/api.w.org\/{rel}","templated":true}]}}