{"id":3087,"date":"2024-05-12T17:24:20","date_gmt":"2024-05-12T09:24:20","guid":{"rendered":"https:\/\/www.xminsulation.com\/?post_type=product&#038;p=3087"},"modified":"2024-09-13T17:56:59","modified_gmt":"2024-09-13T09:56:59","slug":"10-24kv-outdoor-indoor-gis-switchgear-ring-main-unit-rmu","status":"publish","type":"product","link":"https:\/\/www.xminsulation.com\/es\/product\/10-24kv-outdoor-indoor-gis-switchgear-ring-main-unit-rmu\/","title":{"rendered":"Tablero de distribuci\u00f3n GIS para interior y exterior de 10-24 kV: unidad principal en anillo RMU"},"content":{"rendered":"<p><img fetchpriority=\"high\" decoding=\"async\" class=\"wp-image-3089 size-full aligncenter\" src=\"https:\/\/www.xminsulation.com\/wp-content\/uploads\/2024\/09\/\u56fe\u72475.png\" alt=\"\" width=\"1500\" height=\"2122\" srcset=\"https:\/\/www.xminsulation.com\/wp-content\/uploads\/2024\/09\/\u56fe\u72475.png 1500w, https:\/\/www.xminsulation.com\/wp-content\/uploads\/2024\/09\/\u56fe\u72475-212x300.png 212w, https:\/\/www.xminsulation.com\/wp-content\/uploads\/2024\/09\/\u56fe\u72475-724x1024.png 724w, https:\/\/www.xminsulation.com\/wp-content\/uploads\/2024\/09\/\u56fe\u72475-768x1086.png 768w, https:\/\/www.xminsulation.com\/wp-content\/uploads\/2024\/09\/\u56fe\u72475-1086x1536.png 1086w, https:\/\/www.xminsulation.com\/wp-content\/uploads\/2024\/09\/\u56fe\u72475-1448x2048.png 1448w, https:\/\/www.xminsulation.com\/wp-content\/uploads\/2024\/09\/\u56fe\u72475-8x12.png 8w, https:\/\/www.xminsulation.com\/wp-content\/uploads\/2024\/09\/\u56fe\u72475-600x849.png 600w\" sizes=\"(max-width: 1500px) 100vw, 1500px\" \/> <img decoding=\"async\" class=\"alignnone wp-image-3090 size-full\" src=\"https:\/\/www.xminsulation.com\/wp-content\/uploads\/2024\/09\/\u56fe\u72472.png\" alt=\"\" width=\"1500\" height=\"1510\" srcset=\"https:\/\/www.xminsulation.com\/wp-content\/uploads\/2024\/09\/\u56fe\u72472.png 1500w, https:\/\/www.xminsulation.com\/wp-content\/uploads\/2024\/09\/\u56fe\u72472-298x300.png 298w, https:\/\/www.xminsulation.com\/wp-content\/uploads\/2024\/09\/\u56fe\u72472-1017x1024.png 1017w, https:\/\/www.xminsulation.com\/wp-content\/uploads\/2024\/09\/\u56fe\u72472-150x150.png 150w, https:\/\/www.xminsulation.com\/wp-content\/uploads\/2024\/09\/\u56fe\u72472-768x773.png 768w, https:\/\/www.xminsulation.com\/wp-content\/uploads\/2024\/09\/\u56fe\u72472-12x12.png 12w, https:\/\/www.xminsulation.com\/wp-content\/uploads\/2024\/09\/\u56fe\u72472-600x604.png 600w, https:\/\/www.xminsulation.com\/wp-content\/uploads\/2024\/09\/\u56fe\u72472-100x100.png 100w\" sizes=\"(max-width: 1500px) 100vw, 1500px\" \/> <img decoding=\"async\" class=\"alignnone wp-image-3091 size-full\" src=\"https:\/\/www.xminsulation.com\/wp-content\/uploads\/2024\/09\/\u56fe\u72473.png\" alt=\"\" width=\"1500\" height=\"2122\" srcset=\"https:\/\/www.xminsulation.com\/wp-content\/uploads\/2024\/09\/\u56fe\u72473.png 1500w, https:\/\/www.xminsulation.com\/wp-content\/uploads\/2024\/09\/\u56fe\u72473-212x300.png 212w, https:\/\/www.xminsulation.com\/wp-content\/uploads\/2024\/09\/\u56fe\u72473-724x1024.png 724w, https:\/\/www.xminsulation.com\/wp-content\/uploads\/2024\/09\/\u56fe\u72473-768x1086.png 768w, https:\/\/www.xminsulation.com\/wp-content\/uploads\/2024\/09\/\u56fe\u72473-1086x1536.png 1086w, https:\/\/www.xminsulation.com\/wp-content\/uploads\/2024\/09\/\u56fe\u72473-1448x2048.png 1448w, https:\/\/www.xminsulation.com\/wp-content\/uploads\/2024\/09\/\u56fe\u72473-8x12.png 8w, https:\/\/www.xminsulation.com\/wp-content\/uploads\/2024\/09\/\u56fe\u72473-600x849.png 600w\" sizes=\"(max-width: 1500px) 100vw, 1500px\" \/> <img loading=\"lazy\" decoding=\"async\" class=\"alignnone wp-image-3092 size-full\" src=\"https:\/\/www.xminsulation.com\/wp-content\/uploads\/2024\/09\/\u56fe\u72474.png\" alt=\"\" width=\"1500\" height=\"2122\" srcset=\"https:\/\/www.xminsulation.com\/wp-content\/uploads\/2024\/09\/\u56fe\u72474.png 1500w, https:\/\/www.xminsulation.com\/wp-content\/uploads\/2024\/09\/\u56fe\u72474-212x300.png 212w, https:\/\/www.xminsulation.com\/wp-content\/uploads\/2024\/09\/\u56fe\u72474-724x1024.png 724w, https:\/\/www.xminsulation.com\/wp-content\/uploads\/2024\/09\/\u56fe\u72474-768x1086.png 768w, https:\/\/www.xminsulation.com\/wp-content\/uploads\/2024\/09\/\u56fe\u72474-1086x1536.png 1086w, https:\/\/www.xminsulation.com\/wp-content\/uploads\/2024\/09\/\u56fe\u72474-1448x2048.png 1448w, https:\/\/www.xminsulation.com\/wp-content\/uploads\/2024\/09\/\u56fe\u72474-8x12.png 8w, https:\/\/www.xminsulation.com\/wp-content\/uploads\/2024\/09\/\u56fe\u72474-600x849.png 600w\" sizes=\"(max-width: 1500px) 100vw, 1500px\" \/><\/p>\n<h2><strong><b>Informaci\u00f3n general<\/b><\/strong><\/h2>\n<p>&nbsp;<\/p>\n<p>Entrada de cables lateral y trasera rentable RMU, sus cables entran y salen por el lateral y la parte trasera, y no hay entradas ni salidas de cables en la parte delantera.<br \/>\nEs totalmente resistente a la intemperie con IP54 para aplicaciones exteriores o interiores.<\/p>\n<p>Es una unidad extensible y altamente flexible que se utiliza en una amplia gama de aplicaciones, incluidos cuadros de distribuci\u00f3n, subestaciones transformadoras, redes de distribuci\u00f3n en anillo y conexiones de alta tensi\u00f3n a sitios industriales y comerciales. Las unidades est\u00e1n desarrolladas para satisfacer los requisitos del cliente en cuanto a conexi\u00f3n, suministro, protecci\u00f3n y seccionamiento.<\/p>\n<p>Terminaci\u00f3n de cable lateral y trasera con protecci\u00f3n mediante disyuntor de vac\u00edo, aislado en SF6, RMU con aislamiento en gas SF6.<\/p>\n<p>Es un sistema completamente sellado con un tanque de acero inoxidable que contiene todas las partes activas y las funciones de conmutaci\u00f3n.<\/p>\n<p>Un tanque de acero sellado con condiciones atmosf\u00e9ricas constantes garantiza un alto nivel de confiabilidad, as\u00ed como seguridad del personal y un sistema pr\u00e1cticamente libre de mantenimiento.<\/p>\n<p>Se puede suministrar en configuraciones de 3 o 4 v\u00edas con equipamiento adicional seg\u00fan las especificaciones del cliente. Se puede combinar libremente seg\u00fan las configuraciones del cliente (como CVC, CCV, CVV, CFF, CCC, VVV, CCVV, etc.). Son adecuados para la mayor\u00eda de las aplicaciones de conmutaci\u00f3n en redes de distribuci\u00f3n de 10\/24 kV.<\/p>\n<p>El concepto ofrece la posibilidad de elegir entre una combinaci\u00f3n de interruptor y fusible o un disyuntor con rel\u00e9 para proteger el transformador. Puede suministrarse con una unidad de control y supervisi\u00f3n remota integrada.<\/p>\n<p>Este producto est\u00e1 en conformidad con las normas: IEC62271-200, IEC60420.<\/p>\n<h2><strong><b>Caracter\u00edsticas del producto<\/b><\/strong><\/h2>\n<ol>\n<li>La operaci\u00f3n completamente entrelazada con facilidad de bloqueo garantiza la seguridad del operador y evita el funcionamiento incorrecto.<\/li>\n<li>Tipo independiente y montado sobre transformador.<\/li>\n<li>Patas ajustables de acero inoxidable.<\/li>\n<li>IP54 para instalaci\u00f3n en exterior sin necesidad de quiosco.<\/li>\n<li>Todas las operaciones se realizan desde la parte frontal de las unidades.<\/li>\n<li>Incluye opciones totalmente extensibles y no extensibles para aplicaciones de distribuci\u00f3n secundaria de hasta 24 kV y 630 A.<\/li>\n<li>Protecci\u00f3n de arco interno, incluidas las cajas de cables. Extensible desde ambos lados.<\/li>\n<li>Libre de mantenimiento y bajo impacto ambiental.<\/li>\n<li>Pararrayos montados localmente.<\/li>\n<\/ol>\n<p><img loading=\"lazy\" decoding=\"async\" class=\"alignnone wp-image-3094 size-full\" src=\"https:\/\/www.xminsulation.com\/wp-content\/uploads\/2024\/09\/\u56fe\u72476.png\" alt=\"\" width=\"1432\" height=\"1320\" srcset=\"https:\/\/www.xminsulation.com\/wp-content\/uploads\/2024\/09\/\u56fe\u72476.png 1432w, https:\/\/www.xminsulation.com\/wp-content\/uploads\/2024\/09\/\u56fe\u72476-300x277.png 300w, https:\/\/www.xminsulation.com\/wp-content\/uploads\/2024\/09\/\u56fe\u72476-1024x944.png 1024w, https:\/\/www.xminsulation.com\/wp-content\/uploads\/2024\/09\/\u56fe\u72476-768x708.png 768w, https:\/\/www.xminsulation.com\/wp-content\/uploads\/2024\/09\/\u56fe\u72476-13x12.png 13w, https:\/\/www.xminsulation.com\/wp-content\/uploads\/2024\/09\/\u56fe\u72476-600x553.png 600w\" sizes=\"(max-width: 1432px) 100vw, 1432px\" \/><\/p>\n<h2><strong><b>Entorno de servicio<\/b><\/strong><\/h2>\n<p>&nbsp;<\/p>\n<p>1. Temperatura del aire: Temperatura m\u00e1xima: +45\u2103; Temperatura m\u00ednima: -20\u2103.<\/p>\n<p>2.Humedad: Humedad media mensual 95%; Humedad media diaria 90%.<\/p>\n<p>3. Altitud sobre el nivel del mar: Altitud m\u00e1xima de instalaci\u00f3n: 2500m.<\/p>\n<p>4. El aire ambiente no est\u00e1 aparentemente contaminado por gases, vapores, etc. corrosivos e inflamables.<\/p>\n<p>5. No realizar sacudidas violentas y frecuentes.<\/p>\n<p>&nbsp;<\/p>\n<h2><strong><b>Tama\u00f1o del cuadro de distribuci\u00f3n<\/b><\/strong><\/h2>\n<p><img loading=\"lazy\" decoding=\"async\" class=\"alignnone wp-image-3095 size-full\" src=\"https:\/\/www.xminsulation.com\/wp-content\/uploads\/2024\/09\/\u56fe\u72477.png\" alt=\"\" width=\"984\" height=\"771\" srcset=\"https:\/\/www.xminsulation.com\/wp-content\/uploads\/2024\/09\/\u56fe\u72477.png 984w, https:\/\/www.xminsulation.com\/wp-content\/uploads\/2024\/09\/\u56fe\u72477-300x235.png 300w, https:\/\/www.xminsulation.com\/wp-content\/uploads\/2024\/09\/\u56fe\u72477-768x602.png 768w, https:\/\/www.xminsulation.com\/wp-content\/uploads\/2024\/09\/\u56fe\u72477-15x12.png 15w, https:\/\/www.xminsulation.com\/wp-content\/uploads\/2024\/09\/\u56fe\u72477-600x470.png 600w\" sizes=\"(max-width: 984px) 100vw, 984px\" \/><\/p>\n<p><img loading=\"lazy\" decoding=\"async\" class=\"alignnone wp-image-3096 size-full\" src=\"https:\/\/www.xminsulation.com\/wp-content\/uploads\/2024\/09\/\u56fe\u72478.png\" alt=\"\" width=\"986\" height=\"818\" srcset=\"https:\/\/www.xminsulation.com\/wp-content\/uploads\/2024\/09\/\u56fe\u72478.png 986w, https:\/\/www.xminsulation.com\/wp-content\/uploads\/2024\/09\/\u56fe\u72478-300x249.png 300w, https:\/\/www.xminsulation.com\/wp-content\/uploads\/2024\/09\/\u56fe\u72478-768x637.png 768w, https:\/\/www.xminsulation.com\/wp-content\/uploads\/2024\/09\/\u56fe\u72478-14x12.png 14w, https:\/\/www.xminsulation.com\/wp-content\/uploads\/2024\/09\/\u56fe\u72478-600x498.png 600w\" sizes=\"(max-width: 986px) 100vw, 986px\" \/><\/p>\n<h2><\/h2>\n<h2><strong><b>Tanque de gas GIS<\/b><\/strong><\/h2>\n<p><strong><b> <img loading=\"lazy\" decoding=\"async\" class=\"alignnone wp-image-3097 size-full\" src=\"https:\/\/www.xminsulation.com\/wp-content\/uploads\/2024\/09\/\u56fe\u72479.png\" alt=\"\" width=\"1500\" height=\"1500\" srcset=\"https:\/\/www.xminsulation.com\/wp-content\/uploads\/2024\/09\/\u56fe\u72479.png 1500w, https:\/\/www.xminsulation.com\/wp-content\/uploads\/2024\/09\/\u56fe\u72479-300x300.png 300w, https:\/\/www.xminsulation.com\/wp-content\/uploads\/2024\/09\/\u56fe\u72479-1024x1024.png 1024w, https:\/\/www.xminsulation.com\/wp-content\/uploads\/2024\/09\/\u56fe\u72479-150x150.png 150w, https:\/\/www.xminsulation.com\/wp-content\/uploads\/2024\/09\/\u56fe\u72479-768x768.png 768w, https:\/\/www.xminsulation.com\/wp-content\/uploads\/2024\/09\/\u56fe\u72479-12x12.png 12w, https:\/\/www.xminsulation.com\/wp-content\/uploads\/2024\/09\/\u56fe\u72479-600x600.png 600w, https:\/\/www.xminsulation.com\/wp-content\/uploads\/2024\/09\/\u56fe\u72479-100x100.png 100w\" sizes=\"(max-width: 1500px) 100vw, 1500px\" \/> <img loading=\"lazy\" decoding=\"async\" class=\"alignnone wp-image-3098 size-full\" src=\"https:\/\/www.xminsulation.com\/wp-content\/uploads\/2024\/09\/\u56fe\u724710.png\" alt=\"\" width=\"1500\" height=\"1500\" srcset=\"https:\/\/www.xminsulation.com\/wp-content\/uploads\/2024\/09\/\u56fe\u724710.png 1500w, https:\/\/www.xminsulation.com\/wp-content\/uploads\/2024\/09\/\u56fe\u724710-300x300.png 300w, https:\/\/www.xminsulation.com\/wp-content\/uploads\/2024\/09\/\u56fe\u724710-1024x1024.png 1024w, https:\/\/www.xminsulation.com\/wp-content\/uploads\/2024\/09\/\u56fe\u724710-150x150.png 150w, https:\/\/www.xminsulation.com\/wp-content\/uploads\/2024\/09\/\u56fe\u724710-768x768.png 768w, https:\/\/www.xminsulation.com\/wp-content\/uploads\/2024\/09\/\u56fe\u724710-12x12.png 12w, https:\/\/www.xminsulation.com\/wp-content\/uploads\/2024\/09\/\u56fe\u724710-600x600.png 600w, https:\/\/www.xminsulation.com\/wp-content\/uploads\/2024\/09\/\u56fe\u724710-100x100.png 100w\" sizes=\"(max-width: 1500px) 100vw, 1500px\" \/> <img loading=\"lazy\" decoding=\"async\" class=\"alignnone wp-image-3099 size-full\" src=\"https:\/\/www.xminsulation.com\/wp-content\/uploads\/2024\/09\/\u56fe\u724711.png\" alt=\"\" width=\"1500\" height=\"1500\" srcset=\"https:\/\/www.xminsulation.com\/wp-content\/uploads\/2024\/09\/\u56fe\u724711.png 1500w, https:\/\/www.xminsulation.com\/wp-content\/uploads\/2024\/09\/\u56fe\u724711-300x300.png 300w, https:\/\/www.xminsulation.com\/wp-content\/uploads\/2024\/09\/\u56fe\u724711-1024x1024.png 1024w, https:\/\/www.xminsulation.com\/wp-content\/uploads\/2024\/09\/\u56fe\u724711-150x150.png 150w, https:\/\/www.xminsulation.com\/wp-content\/uploads\/2024\/09\/\u56fe\u724711-768x768.png 768w, https:\/\/www.xminsulation.com\/wp-content\/uploads\/2024\/09\/\u56fe\u724711-12x12.png 12w, https:\/\/www.xminsulation.com\/wp-content\/uploads\/2024\/09\/\u56fe\u724711-600x600.png 600w, https:\/\/www.xminsulation.com\/wp-content\/uploads\/2024\/09\/\u56fe\u724711-100x100.png 100w\" sizes=\"(max-width: 1500px) 100vw, 1500px\" \/><\/b><\/strong><\/p>\n<p>&nbsp;<\/p>\n<h2><strong><b>Diagrama de circuito del CVC<\/b><\/strong><\/h2>\n<p><strong><b> <img loading=\"lazy\" decoding=\"async\" class=\"alignnone wp-image-3100 size-large\" src=\"https:\/\/www.xminsulation.com\/wp-content\/uploads\/2024\/09\/\u56fe\u724712-1024x769.png\" alt=\"\" width=\"1024\" height=\"769\" srcset=\"https:\/\/www.xminsulation.com\/wp-content\/uploads\/2024\/09\/\u56fe\u724712-1024x769.png 1024w, https:\/\/www.xminsulation.com\/wp-content\/uploads\/2024\/09\/\u56fe\u724712-300x225.png 300w, https:\/\/www.xminsulation.com\/wp-content\/uploads\/2024\/09\/\u56fe\u724712-768x577.png 768w, https:\/\/www.xminsulation.com\/wp-content\/uploads\/2024\/09\/\u56fe\u724712-16x12.png 16w, https:\/\/www.xminsulation.com\/wp-content\/uploads\/2024\/09\/\u56fe\u724712-600x451.png 600w, https:\/\/www.xminsulation.com\/wp-content\/uploads\/2024\/09\/\u56fe\u724712.png 1193w\" sizes=\"(max-width: 1024px) 100vw, 1024px\" \/><\/b><\/strong><\/p>\n<p>&nbsp;<\/p>","protected":false},"excerpt":{"rendered":"<p>General Information &nbsp; Cost-Effective Side &amp; Rear Cable Entry RMU, its cables enter and exit from the side and rear, and there are no cable entries or exits on the front. It is fully weatherproof with IP54 for outdoor or indoor applications. It is extensible and highly flexible unit used in a wide range of [&hellip;]<\/p>","protected":false},"featured_media":3088,"template":"","meta":{"site-sidebar-layout":"default","site-content-layout":"","ast-site-content-layout":"default","site-content-style":"default","site-sidebar-style":"default","ast-global-header-display":"","ast-banner-title-visibility":"","ast-main-header-display":"","ast-hfb-above-header-display":"","ast-hfb-below-header-display":"","ast-hfb-mobile-header-display":"","site-post-title":"","ast-breadcrumbs-content":"","ast-featured-img":"","footer-sml-layout":"","theme-transparent-header-meta":"default","adv-header-id-meta":"","stick-header-meta":"","header-above-stick-meta":"","header-main-stick-meta":"","header-below-stick-meta":"","astra-migrate-meta-layouts":"set","ast-page-background-enabled":"default","ast-page-background-meta":{"desktop":{"background-color":"","background-image":"","background-repeat":"repeat","background-position":"center center","background-size":"auto","background-attachment":"scroll","background-type":"","background-media":"","overlay-type":"","overlay-color":"","overlay-gradient":""},"tablet":{"background-color":"","background-image":"","background-repeat":"repeat","background-position":"center center","background-size":"auto","background-attachment":"scroll","background-type":"","background-media":"","overlay-type":"","overlay-color":"","overlay-gradient":""},"mobile":{"background-color":"","background-image":"","background-repeat":"repeat","background-position":"center center","background-size":"auto","background-attachment":"scroll","background-type":"","background-media":"","overlay-type":"","overlay-color":"","overlay-gradient":""}},"ast-content-background-meta":{"desktop":{"background-color":"var(--ast-global-color-5)","background-image":"","background-repeat":"repeat","background-position":"center center","background-size":"auto","background-attachment":"scroll","background-type":"","background-media":"","overlay-type":"","overlay-color":"","overlay-gradient":""},"tablet":{"background-color":"var(--ast-global-color-5)","background-image":"","background-repeat":"repeat","background-position":"center center","background-size":"auto","background-attachment":"scroll","background-type":"","background-media":"","overlay-type":"","overlay-color":"","overlay-gradient":""},"mobile":{"background-color":"var(--ast-global-color-5)","background-image":"","background-repeat":"repeat","background-position":"center center","background-size":"auto","background-attachment":"scroll","background-type":"","background-media":"","overlay-type":"","overlay-color":"","overlay-gradient":""}}},"product_cat":[34],"product_tag":[],"class_list":{"0":"post-3087","1":"product","2":"type-product","3":"status-publish","4":"has-post-thumbnail","6":"product_cat-10-40-5kv-sf6-gas-insulated-switchgear-gis-rmu","7":"desktop-align-left","8":"tablet-align-left","9":"mobile-align-left","11":"first","12":"instock","13":"shipping-taxable","14":"product-type-simple"},"_links":{"self":[{"href":"https:\/\/www.xminsulation.com\/es\/wp-json\/wp\/v2\/product\/3087","targetHints":{"allow":["GET"]}}],"collection":[{"href":"https:\/\/www.xminsulation.com\/es\/wp-json\/wp\/v2\/product"}],"about":[{"href":"https:\/\/www.xminsulation.com\/es\/wp-json\/wp\/v2\/types\/product"}],"wp:featuredmedia":[{"embeddable":true,"href":"https:\/\/www.xminsulation.com\/es\/wp-json\/wp\/v2\/media\/3088"}],"wp:attachment":[{"href":"https:\/\/www.xminsulation.com\/es\/wp-json\/wp\/v2\/media?parent=3087"}],"wp:term":[{"taxonomy":"product_cat","embeddable":true,"href":"https:\/\/www.xminsulation.com\/es\/wp-json\/wp\/v2\/product_cat?post=3087"},{"taxonomy":"product_tag","embeddable":true,"href":"https:\/\/www.xminsulation.com\/es\/wp-json\/wp\/v2\/product_tag?post=3087"}],"curies":[{"name":"wp","href":"https:\/\/api.w.org\/{rel}","templated":true}]}}