{"id":2258,"date":"2024-05-17T18:04:05","date_gmt":"2024-05-17T10:04:05","guid":{"rendered":"http:\/\/www.xminsulation.com\/?post_type=product&#038;p=2258"},"modified":"2024-05-17T18:04:06","modified_gmt":"2024-05-17T10:04:06","slug":"flw34-12-40-5kv-intelligent-outdoor-sf6-load-break-switch","status":"publish","type":"product","link":"https:\/\/www.xminsulation.com\/es\/product\/flw34-12-40-5kv-intelligent-outdoor-sf6-load-break-switch\/","title":{"rendered":"Interruptor de ruptura de carga SF6 inteligente para exteriores FLW34-12\/40,5 kV"},"content":{"rendered":"<p><img fetchpriority=\"high\" decoding=\"async\" class=\"alignnone wp-image-2260 size-full\" src=\"http:\/\/www.xminsulation.com\/wp-content\/uploads\/2024\/05\/\u56fe\u7247164-2.png\" alt=\"\" width=\"1000\" height=\"744\" srcset=\"https:\/\/www.xminsulation.com\/wp-content\/uploads\/2024\/05\/\u56fe\u7247164-2.png 1000w, https:\/\/www.xminsulation.com\/wp-content\/uploads\/2024\/05\/\u56fe\u7247164-2-300x223.png 300w, https:\/\/www.xminsulation.com\/wp-content\/uploads\/2024\/05\/\u56fe\u7247164-2-768x571.png 768w, https:\/\/www.xminsulation.com\/wp-content\/uploads\/2024\/05\/\u56fe\u7247164-2-600x446.png 600w\" sizes=\"(max-width: 1000px) 100vw, 1000px\" \/> <img decoding=\"async\" class=\"alignnone wp-image-2261 size-full\" src=\"http:\/\/www.xminsulation.com\/wp-content\/uploads\/2024\/05\/\u56fe\u7247165-1.jpg\" alt=\"\" width=\"1000\" height=\"1000\" srcset=\"https:\/\/www.xminsulation.com\/wp-content\/uploads\/2024\/05\/\u56fe\u7247165-1.jpg 1000w, https:\/\/www.xminsulation.com\/wp-content\/uploads\/2024\/05\/\u56fe\u7247165-1-300x300.jpg 300w, https:\/\/www.xminsulation.com\/wp-content\/uploads\/2024\/05\/\u56fe\u7247165-1-150x150.jpg 150w, https:\/\/www.xminsulation.com\/wp-content\/uploads\/2024\/05\/\u56fe\u7247165-1-768x768.jpg 768w, https:\/\/www.xminsulation.com\/wp-content\/uploads\/2024\/05\/\u56fe\u7247165-1-600x600.jpg 600w, https:\/\/www.xminsulation.com\/wp-content\/uploads\/2024\/05\/\u56fe\u7247165-1-100x100.jpg 100w\" sizes=\"(max-width: 1000px) 100vw, 1000px\" \/> <img decoding=\"async\" class=\"alignnone wp-image-2262 size-full\" src=\"http:\/\/www.xminsulation.com\/wp-content\/uploads\/2024\/05\/\u56fe\u7247166-1.png\" alt=\"\" width=\"1000\" height=\"1415\" srcset=\"https:\/\/www.xminsulation.com\/wp-content\/uploads\/2024\/05\/\u56fe\u7247166-1.png 1000w, https:\/\/www.xminsulation.com\/wp-content\/uploads\/2024\/05\/\u56fe\u7247166-1-212x300.png 212w, https:\/\/www.xminsulation.com\/wp-content\/uploads\/2024\/05\/\u56fe\u7247166-1-724x1024.png 724w, https:\/\/www.xminsulation.com\/wp-content\/uploads\/2024\/05\/\u56fe\u7247166-1-768x1087.png 768w, https:\/\/www.xminsulation.com\/wp-content\/uploads\/2024\/05\/\u56fe\u7247166-1-600x849.png 600w\" sizes=\"(max-width: 1000px) 100vw, 1000px\" \/><\/p>\n<h2><strong><b>PAG<\/b><\/strong><strong><b>producto <\/b><\/strong><strong><b>D<\/b><\/strong><strong><b>descripci\u00f3n<\/b><\/strong><\/h2>\n<p>El interruptor de carga de SF6 para montaje en poste FLW34-12\/40,5 kV es un conjunto completo de interruptores para montaje en poste, desarrollado de acuerdo con las normas de fusi\u00f3n primaria y secundaria. El interruptor presenta una estructura compacta, un dise\u00f1o razonable y funciones completas. Todos los indicadores cumplen con los requisitos t\u00e9cnicos de fusi\u00f3n primaria y secundaria. Es un conjunto completo de productos para interruptores de montaje en poste para la automatizaci\u00f3n de la distribuci\u00f3n el\u00e9ctrica en exteriores. El interruptor de carga adopta el principio de extinci\u00f3n de arco de SF6 e incorpora transformadores de corriente de alta precisi\u00f3n, transformadores de corriente de secuencia cero y sensores de tensi\u00f3n de secuencia cero. Este conjunto completo de interruptores se puede aplicar para corrientes de carga y sobrecargas en los sistemas de corte y cierre de redes de distribuci\u00f3n de media tensi\u00f3n. Es capaz de aislar autom\u00e1ticamente las secciones de l\u00ednea de distribuci\u00f3n defectuosas.<\/p>\n<h2><strong><b>Primero y <\/b><\/strong><strong><b>S<\/b><\/strong><strong><b>segundo <\/b><\/strong><strong><b>F<\/b><\/strong><strong><b>Usi\u00f3n <\/b><\/strong><strong><b>F<\/b><\/strong><strong><b>caracter\u00edsticas<\/b><\/strong><\/h2>\n<p><strong><b>SF6 primario <\/b><\/strong><strong><b>l<\/b><\/strong><strong><b>carga <\/b><\/strong><strong><b>S<\/b><\/strong><strong><b>bruja <\/b><\/strong><strong><b>PAG<\/b><\/strong><strong><b>arte:<\/b><\/strong><\/p>\n<ol>\n<li>El cuerpo utiliza gas SF6 de alta pureza (m\u00e1s de 99,91 TP3T) con buenas propiedades de aislamiento y extinci\u00f3n de arco. Tiene un tiempo de extinci\u00f3n de arco extremadamente corto (1\/2 ciclo) y buenas caracter\u00edsticas de recuperaci\u00f3n de aislamiento, y tiene un rendimiento de aislamiento superior. Adem\u00e1s, el tiempo de extinci\u00f3n de arco cuando se interrumpe la corriente de carga es muy corto y el consumo de contacto de la parte de ruptura es peque\u00f1o, por lo que no hay necesidad de mantenimiento ni reemplazo de la parte de ruptura.<\/li>\n<li>La caja del interruptor est\u00e1 hecha de acero inoxidable 304 para cumplir con los requisitos de resistencia a la corrosi\u00f3n para uso permanente.<\/li>\n<li>Se adopta el mecanismo de funcionamiento de almacenamiento de energ\u00eda de resorte, el almacenamiento de energ\u00eda se mantiene mec\u00e1nicamente y se adoptan las operaciones de apertura y cierre r\u00e1pidos manuales y el\u00e9ctricos. Tiene una apertura y cierre r\u00e1pidos en menos de 60 ms y tiene buena compatibilidad con la protecci\u00f3n del dispositivo de protecci\u00f3n de respaldo.<\/li>\n<li>Equipado con un mecanismo de bloqueo manual para evitar errores de funcionamiento durante el mantenimiento y mejorar el factor de seguridad.<\/li>\n<li>Equipado con un dispositivo de alivio de presi\u00f3n de alta presi\u00f3n, incluso si ocurre una falla interna, la caja no se da\u00f1ar\u00e1 debido a un aumento repentino de la presi\u00f3n del gas en la caja.<\/li>\n<\/ol>\n<p><strong><b>Secundario <\/b><\/strong><strong><b>I<\/b><\/strong><strong><b>inteligente <\/b><\/strong><strong><b>C<\/b><\/strong><strong><b>controlador <\/b><\/strong><strong><b>PAG<\/b><\/strong><strong><b>arte:<\/b><\/strong><\/p>\n<ol>\n<li>Cumple con la norma IEC 61850 para lograr plug and play.<\/li>\n<li>Adopta un procesador de se\u00f1al digital de alto rendimiento y una matriz l\u00f3gica programable en campo a gran escala, tiene potentes capacidades de procesamiento de datos en tiempo real y ricos recursos de memoria, y cumple con los requisitos de aplicaci\u00f3n de software de aplicaci\u00f3n avanzado y comunicaci\u00f3n, gesti\u00f3n del sistema, interacci\u00f3n hombre-computadora y otras funciones.<\/li>\n<li>Se puede configurar de forma flexible seg\u00fan las necesidades para facilitar la realizaci\u00f3n de funciones de \u201cdos remotos\u201d o \u201ctres remotos\u201d.<\/li>\n<li>Estructura modular y estandarizada, utilizando bus serial en tiempo real de alta velocidad, expansi\u00f3n flexible y f\u00e1cil mantenimiento.<\/li>\n<li>Basado en el sistema operativo Linux en tiempo real, adopta una estructura de software jer\u00e1rquica y modular. Las aplicaciones acceden a los recursos y datos subyacentes a trav\u00e9s de interfaces abiertas, separan los datos de las aplicaciones y admiten la carga y descarga din\u00e1mica de aplicaciones. Las aplicaciones son plug-and-play. Proporciona una plataforma de soporte unificada para varias aplicaciones de red de distribuci\u00f3n inteligente.<\/li>\n<\/ol>\n<h2><strong>Dimensiones<\/strong><\/h2>\n<p><img loading=\"lazy\" decoding=\"async\" class=\"alignnone wp-image-2263 size-large\" src=\"http:\/\/www.xminsulation.com\/wp-content\/uploads\/2024\/05\/\u56fe\u7247167-1-1024x731.png\" alt=\"\" width=\"1024\" height=\"731\" srcset=\"https:\/\/www.xminsulation.com\/wp-content\/uploads\/2024\/05\/\u56fe\u7247167-1-1024x731.png 1024w, https:\/\/www.xminsulation.com\/wp-content\/uploads\/2024\/05\/\u56fe\u7247167-1-300x214.png 300w, https:\/\/www.xminsulation.com\/wp-content\/uploads\/2024\/05\/\u56fe\u7247167-1-768x548.png 768w, https:\/\/www.xminsulation.com\/wp-content\/uploads\/2024\/05\/\u56fe\u7247167-1-1536x1096.png 1536w, https:\/\/www.xminsulation.com\/wp-content\/uploads\/2024\/05\/\u56fe\u7247167-1-2048x1462.png 2048w, https:\/\/www.xminsulation.com\/wp-content\/uploads\/2024\/05\/\u56fe\u7247167-1-600x428.png 600w\" sizes=\"(max-width: 1024px) 100vw, 1024px\" \/> <img loading=\"lazy\" decoding=\"async\" class=\"alignnone wp-image-2264 size-large\" src=\"http:\/\/www.xminsulation.com\/wp-content\/uploads\/2024\/05\/\u56fe\u7247168-1024x638.png\" alt=\"\" width=\"1024\" height=\"638\" srcset=\"https:\/\/www.xminsulation.com\/wp-content\/uploads\/2024\/05\/\u56fe\u7247168-1024x638.png 1024w, https:\/\/www.xminsulation.com\/wp-content\/uploads\/2024\/05\/\u56fe\u7247168-300x187.png 300w, https:\/\/www.xminsulation.com\/wp-content\/uploads\/2024\/05\/\u56fe\u7247168-768x478.png 768w, https:\/\/www.xminsulation.com\/wp-content\/uploads\/2024\/05\/\u56fe\u7247168-1536x957.png 1536w, https:\/\/www.xminsulation.com\/wp-content\/uploads\/2024\/05\/\u56fe\u7247168-600x374.png 600w, https:\/\/www.xminsulation.com\/wp-content\/uploads\/2024\/05\/\u56fe\u7247168.png 1920w\" sizes=\"(max-width: 1024px) 100vw, 1024px\" \/> <img loading=\"lazy\" decoding=\"async\" class=\"alignnone wp-image-2265 size-full\" src=\"http:\/\/www.xminsulation.com\/wp-content\/uploads\/2024\/05\/\u56fe\u7247169-1.png\" alt=\"\" width=\"852\" height=\"750\" srcset=\"https:\/\/www.xminsulation.com\/wp-content\/uploads\/2024\/05\/\u56fe\u7247169-1.png 852w, https:\/\/www.xminsulation.com\/wp-content\/uploads\/2024\/05\/\u56fe\u7247169-1-300x264.png 300w, https:\/\/www.xminsulation.com\/wp-content\/uploads\/2024\/05\/\u56fe\u7247169-1-768x676.png 768w, https:\/\/www.xminsulation.com\/wp-content\/uploads\/2024\/05\/\u56fe\u7247169-1-600x528.png 600w\" sizes=\"(max-width: 852px) 100vw, 852px\" \/> <img loading=\"lazy\" decoding=\"async\" class=\"alignnone wp-image-2266 size-full\" src=\"http:\/\/www.xminsulation.com\/wp-content\/uploads\/2024\/05\/\u56fe\u7247170-1.png\" alt=\"\" width=\"852\" height=\"744\" srcset=\"https:\/\/www.xminsulation.com\/wp-content\/uploads\/2024\/05\/\u56fe\u7247170-1.png 852w, https:\/\/www.xminsulation.com\/wp-content\/uploads\/2024\/05\/\u56fe\u7247170-1-300x262.png 300w, https:\/\/www.xminsulation.com\/wp-content\/uploads\/2024\/05\/\u56fe\u7247170-1-768x671.png 768w, https:\/\/www.xminsulation.com\/wp-content\/uploads\/2024\/05\/\u56fe\u7247170-1-600x524.png 600w\" sizes=\"(max-width: 852px) 100vw, 852px\" \/> <img loading=\"lazy\" decoding=\"async\" class=\"alignnone wp-image-2267 size-full\" src=\"http:\/\/www.xminsulation.com\/wp-content\/uploads\/2024\/05\/\u56fe\u7247171-1.png\" alt=\"\" width=\"852\" height=\"766\" srcset=\"https:\/\/www.xminsulation.com\/wp-content\/uploads\/2024\/05\/\u56fe\u7247171-1.png 852w, https:\/\/www.xminsulation.com\/wp-content\/uploads\/2024\/05\/\u56fe\u7247171-1-300x270.png 300w, https:\/\/www.xminsulation.com\/wp-content\/uploads\/2024\/05\/\u56fe\u7247171-1-768x690.png 768w, https:\/\/www.xminsulation.com\/wp-content\/uploads\/2024\/05\/\u56fe\u7247171-1-600x539.png 600w\" sizes=\"(max-width: 852px) 100vw, 852px\" \/> <img loading=\"lazy\" decoding=\"async\" class=\"alignnone wp-image-2268 size-full\" src=\"http:\/\/www.xminsulation.com\/wp-content\/uploads\/2024\/05\/\u56fe\u7247172-1.png\" alt=\"\" width=\"754\" height=\"828\" srcset=\"https:\/\/www.xminsulation.com\/wp-content\/uploads\/2024\/05\/\u56fe\u7247172-1.png 754w, https:\/\/www.xminsulation.com\/wp-content\/uploads\/2024\/05\/\u56fe\u7247172-1-273x300.png 273w, https:\/\/www.xminsulation.com\/wp-content\/uploads\/2024\/05\/\u56fe\u7247172-1-600x659.png 600w\" sizes=\"(max-width: 754px) 100vw, 754px\" \/><\/p>\n<h2><strong><b>Ilustraci\u00f3n de la instalaci\u00f3n<\/b><\/strong><\/h2>\n<p><img loading=\"lazy\" decoding=\"async\" class=\"alignnone wp-image-2269 size-full\" src=\"http:\/\/www.xminsulation.com\/wp-content\/uploads\/2024\/05\/\u56fe\u7247173-1.png\" alt=\"\" width=\"975\" height=\"837\" srcset=\"https:\/\/www.xminsulation.com\/wp-content\/uploads\/2024\/05\/\u56fe\u7247173-1.png 975w, https:\/\/www.xminsulation.com\/wp-content\/uploads\/2024\/05\/\u56fe\u7247173-1-300x258.png 300w, https:\/\/www.xminsulation.com\/wp-content\/uploads\/2024\/05\/\u56fe\u7247173-1-768x659.png 768w, https:\/\/www.xminsulation.com\/wp-content\/uploads\/2024\/05\/\u56fe\u7247173-1-600x515.png 600w\" sizes=\"(max-width: 975px) 100vw, 975px\" \/><\/p>\n<h2>\u25c6Personalizaci\u00f3n especial<\/h2>\n<p>Los par\u00e1metros anteriores son datos t\u00edpicos; Si los estilos existentes no satisfacen sus demandas espec\u00edficas, cont\u00e1ctenos para obtener un dise\u00f1o personalizado. Contamos con importantes habilidades de producci\u00f3n y desarrollo de personalizaci\u00f3n personalizada, lo que nos permite brindar soluciones personalizadas a clientes de todo el mundo.<\/p>\n<p>&nbsp;<\/p>","protected":false},"excerpt":{"rendered":"<p>Product Description FLW34-12\/40.5kV pole-mounted SF6 load switch is a complete set of pole-mounted switch products developed in accordance with primary and secondary fusion standards. The switch has a compact structure, reasonable layout, and complete functions. All indicators meet the primary and secondary fusion technical requirements. It is Complete set of products for outdoor power distribution [&hellip;]<\/p>","protected":false},"featured_media":2259,"template":"","meta":{"site-sidebar-layout":"default","site-content-layout":"","ast-site-content-layout":"default","site-content-style":"default","site-sidebar-style":"default","ast-global-header-display":"","ast-banner-title-visibility":"","ast-main-header-display":"","ast-hfb-above-header-display":"","ast-hfb-below-header-display":"","ast-hfb-mobile-header-display":"","site-post-title":"","ast-breadcrumbs-content":"","ast-featured-img":"","footer-sml-layout":"","theme-transparent-header-meta":"default","adv-header-id-meta":"","stick-header-meta":"","header-above-stick-meta":"","header-main-stick-meta":"","header-below-stick-meta":"","astra-migrate-meta-layouts":"set","ast-page-background-enabled":"default","ast-page-background-meta":{"desktop":{"background-color":"","background-image":"","background-repeat":"repeat","background-position":"center center","background-size":"auto","background-attachment":"scroll","background-type":"","background-media":"","overlay-type":"","overlay-color":"","overlay-gradient":""},"tablet":{"background-color":"","background-image":"","background-repeat":"repeat","background-position":"center center","background-size":"auto","background-attachment":"scroll","background-type":"","background-media":"","overlay-type":"","overlay-color":"","overlay-gradient":""},"mobile":{"background-color":"","background-image":"","background-repeat":"repeat","background-position":"center center","background-size":"auto","background-attachment":"scroll","background-type":"","background-media":"","overlay-type":"","overlay-color":"","overlay-gradient":""}},"ast-content-background-meta":{"desktop":{"background-color":"var(--ast-global-color-5)","background-image":"","background-repeat":"repeat","background-position":"center center","background-size":"auto","background-attachment":"scroll","background-type":"","background-media":"","overlay-type":"","overlay-color":"","overlay-gradient":""},"tablet":{"background-color":"var(--ast-global-color-5)","background-image":"","background-repeat":"repeat","background-position":"center center","background-size":"auto","background-attachment":"scroll","background-type":"","background-media":"","overlay-type":"","overlay-color":"","overlay-gradient":""},"mobile":{"background-color":"var(--ast-global-color-5)","background-image":"","background-repeat":"repeat","background-position":"center center","background-size":"auto","background-attachment":"scroll","background-type":"","background-media":"","overlay-type":"","overlay-color":"","overlay-gradient":""}}},"product_cat":[26],"product_tag":[],"class_list":{"0":"post-2258","1":"product","2":"type-product","3":"status-publish","4":"has-post-thumbnail","6":"product_cat-10-40-5kv-outdoor-intelligent-sf6-load-break-switch","7":"desktop-align-left","8":"tablet-align-left","9":"mobile-align-left","11":"first","12":"instock","13":"shipping-taxable","14":"product-type-simple"},"_links":{"self":[{"href":"https:\/\/www.xminsulation.com\/es\/wp-json\/wp\/v2\/product\/2258","targetHints":{"allow":["GET"]}}],"collection":[{"href":"https:\/\/www.xminsulation.com\/es\/wp-json\/wp\/v2\/product"}],"about":[{"href":"https:\/\/www.xminsulation.com\/es\/wp-json\/wp\/v2\/types\/product"}],"wp:featuredmedia":[{"embeddable":true,"href":"https:\/\/www.xminsulation.com\/es\/wp-json\/wp\/v2\/media\/2259"}],"wp:attachment":[{"href":"https:\/\/www.xminsulation.com\/es\/wp-json\/wp\/v2\/media?parent=2258"}],"wp:term":[{"taxonomy":"product_cat","embeddable":true,"href":"https:\/\/www.xminsulation.com\/es\/wp-json\/wp\/v2\/product_cat?post=2258"},{"taxonomy":"product_tag","embeddable":true,"href":"https:\/\/www.xminsulation.com\/es\/wp-json\/wp\/v2\/product_tag?post=2258"}],"curies":[{"name":"wp","href":"https:\/\/api.w.org\/{rel}","templated":true}]}}