{"id":2244,"date":"2024-05-17T17:57:37","date_gmt":"2024-05-17T09:57:37","guid":{"rendered":"http:\/\/www.xminsulation.com\/?post_type=product&#038;p=2244"},"modified":"2024-05-17T17:57:37","modified_gmt":"2024-05-17T09:57:37","slug":"12kv-intelligent-outdoor-pole-mounted-sf6-circuit-breaker","status":"publish","type":"product","link":"https:\/\/www.xminsulation.com\/es\/product\/12kv-intelligent-outdoor-pole-mounted-sf6-circuit-breaker\/","title":{"rendered":"Disyuntor SF6 montado en poste inteligente para exteriores de 12 kV"},"content":{"rendered":"<p><img fetchpriority=\"high\" decoding=\"async\" class=\"alignnone wp-image-2246 size-full\" src=\"http:\/\/www.xminsulation.com\/wp-content\/uploads\/2024\/05\/\u56fe\u7247152.png\" alt=\"\" width=\"1000\" height=\"750\" srcset=\"https:\/\/www.xminsulation.com\/wp-content\/uploads\/2024\/05\/\u56fe\u7247152.png 1000w, https:\/\/www.xminsulation.com\/wp-content\/uploads\/2024\/05\/\u56fe\u7247152-300x225.png 300w, https:\/\/www.xminsulation.com\/wp-content\/uploads\/2024\/05\/\u56fe\u7247152-768x576.png 768w, https:\/\/www.xminsulation.com\/wp-content\/uploads\/2024\/05\/\u56fe\u7247152-600x450.png 600w\" sizes=\"(max-width: 1000px) 100vw, 1000px\" \/> <img decoding=\"async\" class=\"alignnone wp-image-2247 size-full\" src=\"http:\/\/www.xminsulation.com\/wp-content\/uploads\/2024\/05\/\u56fe\u7247153-1.jpg\" alt=\"\" width=\"1000\" height=\"1000\" srcset=\"https:\/\/www.xminsulation.com\/wp-content\/uploads\/2024\/05\/\u56fe\u7247153-1.jpg 1000w, https:\/\/www.xminsulation.com\/wp-content\/uploads\/2024\/05\/\u56fe\u7247153-1-300x300.jpg 300w, https:\/\/www.xminsulation.com\/wp-content\/uploads\/2024\/05\/\u56fe\u7247153-1-150x150.jpg 150w, https:\/\/www.xminsulation.com\/wp-content\/uploads\/2024\/05\/\u56fe\u7247153-1-768x768.jpg 768w, https:\/\/www.xminsulation.com\/wp-content\/uploads\/2024\/05\/\u56fe\u7247153-1-600x600.jpg 600w, https:\/\/www.xminsulation.com\/wp-content\/uploads\/2024\/05\/\u56fe\u7247153-1-100x100.jpg 100w\" sizes=\"(max-width: 1000px) 100vw, 1000px\" \/> <img decoding=\"async\" class=\"alignnone wp-image-2248 size-full\" src=\"http:\/\/www.xminsulation.com\/wp-content\/uploads\/2024\/05\/\u56fe\u7247154-1.png\" alt=\"\" width=\"1000\" height=\"750\" srcset=\"https:\/\/www.xminsulation.com\/wp-content\/uploads\/2024\/05\/\u56fe\u7247154-1.png 1000w, https:\/\/www.xminsulation.com\/wp-content\/uploads\/2024\/05\/\u56fe\u7247154-1-300x225.png 300w, https:\/\/www.xminsulation.com\/wp-content\/uploads\/2024\/05\/\u56fe\u7247154-1-768x576.png 768w, https:\/\/www.xminsulation.com\/wp-content\/uploads\/2024\/05\/\u56fe\u7247154-1-600x450.png 600w\" sizes=\"(max-width: 1000px) 100vw, 1000px\" \/> <img loading=\"lazy\" decoding=\"async\" class=\"alignnone wp-image-2249 size-full\" src=\"http:\/\/www.xminsulation.com\/wp-content\/uploads\/2024\/05\/\u56fe\u7247155-1.png\" alt=\"\" width=\"1000\" height=\"568\" srcset=\"https:\/\/www.xminsulation.com\/wp-content\/uploads\/2024\/05\/\u56fe\u7247155-1.png 1000w, https:\/\/www.xminsulation.com\/wp-content\/uploads\/2024\/05\/\u56fe\u7247155-1-300x170.png 300w, https:\/\/www.xminsulation.com\/wp-content\/uploads\/2024\/05\/\u56fe\u7247155-1-768x436.png 768w, https:\/\/www.xminsulation.com\/wp-content\/uploads\/2024\/05\/\u56fe\u7247155-1-600x341.png 600w\" sizes=\"(max-width: 1000px) 100vw, 1000px\" \/> <img loading=\"lazy\" decoding=\"async\" class=\"alignnone wp-image-2250 size-full\" src=\"http:\/\/www.xminsulation.com\/wp-content\/uploads\/2024\/05\/\u56fe\u7247156-1.png\" alt=\"\" width=\"1000\" height=\"704\" srcset=\"https:\/\/www.xminsulation.com\/wp-content\/uploads\/2024\/05\/\u56fe\u7247156-1.png 1000w, https:\/\/www.xminsulation.com\/wp-content\/uploads\/2024\/05\/\u56fe\u7247156-1-300x211.png 300w, https:\/\/www.xminsulation.com\/wp-content\/uploads\/2024\/05\/\u56fe\u7247156-1-768x541.png 768w, https:\/\/www.xminsulation.com\/wp-content\/uploads\/2024\/05\/\u56fe\u7247156-1-600x422.png 600w\" sizes=\"(max-width: 1000px) 100vw, 1000px\" \/><\/p>\n<h2><strong><b>PAG<\/b><\/strong><strong><b>producto <\/b><\/strong><strong><b>D<\/b><\/strong><strong><b>descripci\u00f3n<\/b><\/strong><\/h2>\n<p>El interruptor autom\u00e1tico de SF6 para montaje en poste IE-12 kV\/630 A es un conjunto completo de interruptores para montaje en poste, desarrollados seg\u00fan las normas de fusi\u00f3n primaria y secundaria. El interruptor presenta una estructura compacta, un dise\u00f1o pr\u00e1ctico y funciones completas. Todos los indicadores cumplen con los requisitos t\u00e9cnicos de fusi\u00f3n primaria y secundaria; los transformadores de corriente de alta precisi\u00f3n, los transformadores de corriente de secuencia cero y los sensores de tensi\u00f3n de secuencia cero integrados se caracterizan por un amplio rango de medici\u00f3n, alta precisi\u00f3n, fiabilidad estable y m\u00ednimas p\u00e9rdidas de potencia. Las magnitudes anal\u00f3gicas completas facilitan la determinaci\u00f3n precisa de diversas fallas en la l\u00ednea.<\/p>\n<p>El interruptor autom\u00e1tico de SF6 de 12 kV-630 A para montaje en poste colabora con la FTU y cuenta con funciones inteligentes como medici\u00f3n, protecci\u00f3n, control, se\u00f1alizaci\u00f3n, telecontrol y conexi\u00f3n en red, monitoreo y diagn\u00f3stico en l\u00ednea, determinaci\u00f3n precisa de puntos de puesta a tierra, medici\u00f3n de p\u00e9rdidas de l\u00ednea y registro de fallas. Es adecuado para l\u00edneas a\u00e9reas de distribuci\u00f3n de 12 kV y ramales de usuario. Permite separar r\u00e1pidamente la secci\u00f3n de falla y aislarla dentro de la secci\u00f3n l\u00edmite del usuario para evitar que las fallas del usuario se propaguen a toda la l\u00ednea de distribuci\u00f3n y provoquen cortes de energ\u00eda a gran escala.<\/p>\n<h2><strong><b>Primero y <\/b><\/strong><strong><b>S<\/b><\/strong><strong><b>segundo <\/b><\/strong><strong><b>F<\/b><\/strong><strong><b>Usi\u00f3n <\/b><\/strong><strong><b>F<\/b><\/strong><strong><b>caracter\u00edsticas<\/b><\/strong><\/h2>\n<p>&nbsp;<\/p>\n<p><strong><b>SF6 primario <\/b><\/strong><strong><b>C<\/b><\/strong><strong><b>circuito <\/b><\/strong><strong><b>B<\/b><\/strong><strong><b>reaker <\/b><\/strong><strong><b>S<\/b><\/strong><strong><b>bruja <\/b><\/strong><strong><b>PAG<\/b><\/strong><strong><b>arte:<\/b><\/strong><\/p>\n<ol>\n<li>Este producto tiene ventajas significativas como estructura simple, excelente rendimiento de extinci\u00f3n de arco y aislamiento, bajo consumo de energ\u00eda, altos par\u00e1metros nominales, larga vida \u00fatil el\u00e9ctrica y largo per\u00edodo sin mantenimiento.<\/li>\n<li>La caja del interruptor est\u00e1 hecha de acero inoxidable 304 para cumplir con los requisitos de resistencia a la corrosi\u00f3n para uso permanente.<\/li>\n<li>El circuito principal utiliza contactos de aleaci\u00f3n de cobre y tungsteno, y los dedos de contacto adoptan el tipo de p\u00e9talo de ciruela de aleaci\u00f3n de cobre y tungsteno, que tiene una fuerte capacidad de ruptura, gran resistencia a la corriente, alta confiabilidad, gran distancia de apertura del contacto al abrirse y sin fugas de corriente entre las fracturas.<\/li>\n<li>Equipado con un dispositivo de alivio de presi\u00f3n de alta presi\u00f3n, incluso si ocurre una falla interna, la caja no se da\u00f1ar\u00e1 debido a un aumento repentino de la presi\u00f3n del gas en la caja.<\/li>\n<li>Instale un dispositivo de alarma de bloqueo por baja presi\u00f3n (opcional). Cuando el interruptor autom\u00e1tico se encuentra bajo una presi\u00f3n excesivamente baja, este dispositivo puede bloquear mec\u00e1nicamente el mecanismo de operaci\u00f3n y proporcionar un contacto auxiliar al controlador, mejorando as\u00ed considerablemente la eficiencia de conmutaci\u00f3n y la fiabilidad operativa.<\/li>\n<li>Cuenta con terminales de entrada y salida, as\u00ed como con cables aislados. Estos cables pueden prevenir eficazmente cortocircuitos entre los terminales de entrada y salida causados por factores externos.<\/li>\n<li>La tecnolog\u00eda avanzada de carcasa de porcelana para l\u00edneas de entrada y salida permite prevenir eficazmente las descargas de corona durante el funcionamiento del interruptor. Tambi\u00e9n se pueden suministrar fundas aislantes org\u00e1nicas para prevenir por completo la rotura de las botellas de porcelana causada por fuerzas externas, rayos y grietas causadas por factores de la porcelana.<\/li>\n<li>Configurar el dispositivo de protecci\u00f3n CT\/RVT: Para evitar la sobrecorriente y el circuito abierto del CT del dispositivo de medici\u00f3n de corriente, el producto de sobretensi\u00f3n del dispositivo de medici\u00f3n de tensi\u00f3n est\u00e1 equipado con un m\u00f3dulo de protecci\u00f3n CT\/RVT.<\/li>\n<li>Configurar el dispositivo de protecci\u00f3n del sensor de voltaje: evitar la sobretensi\u00f3n de los sensores de voltaje de fase y de secuencia cero.<\/li>\n<\/ol>\n<p>Caja tipo tres niveles, estructura simple y dise\u00f1o compacto.<\/p>\n<p><strong><b>Secundario <\/b><\/strong><strong><b>I<\/b><\/strong><strong><b>inteligente <\/b><\/strong><strong><b>C<\/b><\/strong><strong><b>controlador <\/b><\/strong><strong><b>PAG<\/b><\/strong><strong><b>arte:<\/b><\/strong><\/p>\n<ol>\n<li>Cumple con la norma IEC 61850 para lograr plug and play.<\/li>\n<li>Adopta un procesador de se\u00f1al digital de alto rendimiento y una matriz l\u00f3gica programable en campo a gran escala, tiene potentes capacidades de procesamiento de datos en tiempo real y ricos recursos de memoria, y cumple con los requisitos de aplicaci\u00f3n de software de aplicaci\u00f3n avanzado y comunicaci\u00f3n, gesti\u00f3n del sistema, interacci\u00f3n hombre-computadora y otras funciones.<\/li>\n<li>Se puede configurar de forma flexible seg\u00fan las necesidades para facilitar la realizaci\u00f3n de funciones de \u201cdos remotos\u201d o \u201ctres remotos\u201d.<\/li>\n<li>Estructura modular y estandarizada, utilizando bus serial en tiempo real de alta velocidad, expansi\u00f3n flexible y f\u00e1cil mantenimiento.<\/li>\n<li>Basado en el sistema operativo Linux en tiempo real, adopta una estructura de software jer\u00e1rquica y modular. Las aplicaciones acceden a los recursos y datos subyacentes a trav\u00e9s de interfaces abiertas, separan los datos de las aplicaciones y admiten la carga y descarga din\u00e1mica de aplicaciones. Las aplicaciones son plug-and-play. Proporciona una plataforma de soporte unificada para varias aplicaciones de red de distribuci\u00f3n inteligente.<\/li>\n<li>Proporciona un entorno de desarrollo de software similar a una PC, que puede abrir f\u00e1cilmente nuevo software de aplicaci\u00f3n y agregar nuevas funciones de aplicaci\u00f3n.<\/li>\n<li>Dise\u00f1o de redundancia de software y hardware, con fuerte tolerancia a fallas, capacidades de autodiagn\u00f3stico y autorrecuperaci\u00f3n.<\/li>\n<li>La interfaz de comunicaci\u00f3n es est\u00e1ndar y completa, satisfaciendo las necesidades de interconexi\u00f3n local, mantenimiento local y comunicaci\u00f3n remota.<\/li>\n<li>Chip de grado industrial, adaptable a una amplia gama de temperaturas ambiente (-40~+85\u2103).<\/li>\n<li>Dise\u00f1o estructural \u00fanico, con buenas capacidades a prueba de lluvia, a prueba de humedad, antiincrustaciones, antivibraci\u00f3n y ventilaci\u00f3n y disipaci\u00f3n de calor.<\/li>\n<li>Dise\u00f1o estricto de protecci\u00f3n contra rayos y antiinterferencia electromagn\u00e9tica, la capacidad antiinterferencia cumple con los requisitos de la norma IEC IV.<\/li>\n<\/ol>\n<h2><strong><b>Producto <\/b><\/strong><strong><b>Dimensiones<\/b><\/strong><\/h2>\n<p><img loading=\"lazy\" decoding=\"async\" class=\"alignnone wp-image-2251 size-large\" src=\"http:\/\/www.xminsulation.com\/wp-content\/uploads\/2024\/05\/\u56fe\u7247157-1-1024x810.png\" alt=\"\" width=\"1024\" height=\"810\" srcset=\"https:\/\/www.xminsulation.com\/wp-content\/uploads\/2024\/05\/\u56fe\u7247157-1-1024x810.png 1024w, https:\/\/www.xminsulation.com\/wp-content\/uploads\/2024\/05\/\u56fe\u7247157-1-300x237.png 300w, https:\/\/www.xminsulation.com\/wp-content\/uploads\/2024\/05\/\u56fe\u7247157-1-768x607.png 768w, https:\/\/www.xminsulation.com\/wp-content\/uploads\/2024\/05\/\u56fe\u7247157-1-1536x1214.png 1536w, https:\/\/www.xminsulation.com\/wp-content\/uploads\/2024\/05\/\u56fe\u7247157-1-600x474.png 600w, https:\/\/www.xminsulation.com\/wp-content\/uploads\/2024\/05\/\u56fe\u7247157-1.png 1538w\" sizes=\"(max-width: 1024px) 100vw, 1024px\" \/> <img loading=\"lazy\" decoding=\"async\" class=\"alignnone wp-image-2252 size-full\" src=\"http:\/\/www.xminsulation.com\/wp-content\/uploads\/2024\/05\/\u56fe\u7247158-1.png\" alt=\"\" width=\"784\" height=\"588\" srcset=\"https:\/\/www.xminsulation.com\/wp-content\/uploads\/2024\/05\/\u56fe\u7247158-1.png 784w, https:\/\/www.xminsulation.com\/wp-content\/uploads\/2024\/05\/\u56fe\u7247158-1-300x225.png 300w, https:\/\/www.xminsulation.com\/wp-content\/uploads\/2024\/05\/\u56fe\u7247158-1-768x576.png 768w, https:\/\/www.xminsulation.com\/wp-content\/uploads\/2024\/05\/\u56fe\u7247158-1-600x450.png 600w\" sizes=\"(max-width: 784px) 100vw, 784px\" \/> <img loading=\"lazy\" decoding=\"async\" class=\"alignnone wp-image-2253 size-full\" src=\"http:\/\/www.xminsulation.com\/wp-content\/uploads\/2024\/05\/\u56fe\u7247159-3.png\" alt=\"\" width=\"900\" height=\"846\" srcset=\"https:\/\/www.xminsulation.com\/wp-content\/uploads\/2024\/05\/\u56fe\u7247159-3.png 900w, https:\/\/www.xminsulation.com\/wp-content\/uploads\/2024\/05\/\u56fe\u7247159-3-300x282.png 300w, https:\/\/www.xminsulation.com\/wp-content\/uploads\/2024\/05\/\u56fe\u7247159-3-768x722.png 768w, https:\/\/www.xminsulation.com\/wp-content\/uploads\/2024\/05\/\u56fe\u7247159-3-600x564.png 600w\" sizes=\"(max-width: 900px) 100vw, 900px\" \/> <img loading=\"lazy\" decoding=\"async\" class=\"alignnone wp-image-2254 size-full\" src=\"http:\/\/www.xminsulation.com\/wp-content\/uploads\/2024\/05\/\u56fe\u7247160-1.png\" alt=\"\" width=\"900\" height=\"784\" srcset=\"https:\/\/www.xminsulation.com\/wp-content\/uploads\/2024\/05\/\u56fe\u7247160-1.png 900w, https:\/\/www.xminsulation.com\/wp-content\/uploads\/2024\/05\/\u56fe\u7247160-1-300x261.png 300w, https:\/\/www.xminsulation.com\/wp-content\/uploads\/2024\/05\/\u56fe\u7247160-1-768x669.png 768w, https:\/\/www.xminsulation.com\/wp-content\/uploads\/2024\/05\/\u56fe\u7247160-1-600x523.png 600w\" sizes=\"(max-width: 900px) 100vw, 900px\" \/> <img loading=\"lazy\" decoding=\"async\" class=\"alignnone wp-image-2255 size-full\" src=\"http:\/\/www.xminsulation.com\/wp-content\/uploads\/2024\/05\/\u56fe\u7247161-2.png\" alt=\"\" width=\"900\" height=\"764\" srcset=\"https:\/\/www.xminsulation.com\/wp-content\/uploads\/2024\/05\/\u56fe\u7247161-2.png 900w, https:\/\/www.xminsulation.com\/wp-content\/uploads\/2024\/05\/\u56fe\u7247161-2-300x255.png 300w, https:\/\/www.xminsulation.com\/wp-content\/uploads\/2024\/05\/\u56fe\u7247161-2-768x652.png 768w, https:\/\/www.xminsulation.com\/wp-content\/uploads\/2024\/05\/\u56fe\u7247161-2-600x509.png 600w\" sizes=\"(max-width: 900px) 100vw, 900px\" \/> <img loading=\"lazy\" decoding=\"async\" class=\"alignnone wp-image-2256 size-full\" src=\"http:\/\/www.xminsulation.com\/wp-content\/uploads\/2024\/05\/\u56fe\u7247162-1.png\" alt=\"\" width=\"754\" height=\"828\" srcset=\"https:\/\/www.xminsulation.com\/wp-content\/uploads\/2024\/05\/\u56fe\u7247162-1.png 754w, https:\/\/www.xminsulation.com\/wp-content\/uploads\/2024\/05\/\u56fe\u7247162-1-273x300.png 273w, https:\/\/www.xminsulation.com\/wp-content\/uploads\/2024\/05\/\u56fe\u7247162-1-600x659.png 600w\" sizes=\"(max-width: 754px) 100vw, 754px\" \/><\/p>\n<h2><strong><b>Instalaci\u00f3n y ajuste<\/b><\/strong><\/h2>\n<ol>\n<li>Verifique si el modelo y las especificaciones del disyuntor coinciden con el contrato de pedido.<\/li>\n<li>Verifique que los documentos adjuntos y anexos est\u00e9n completos.<\/li>\n<li>Compruebe si la superficie del disyuntor est\u00e1 golpeada y si las piezas aislantes est\u00e1n da\u00f1adas o agrietadas.<\/li>\n<li>Verifique si la caja est\u00e1 deformada y verifique su sellado.<\/li>\n<li>\u00bfEst\u00e1n sueltos los sujetadores?<\/li>\n<li>Opere manual o el\u00e9ctricamente el disyuntor para cerrarlo y abrirlo 10 veces, y la apertura y el cierre deben ser confiables.<\/li>\n<li>Compruebe si el indicador de presi\u00f3n apunta al \u00e1rea verde.<\/li>\n<li>Realice una prueba de sobrecorriente y el valor de ajuste de sobrecorriente debe cumplir con los requisitos.<\/li>\n<li>Cuando el producto est\u00e9 da\u00f1ado o tenga otras preguntas, se recomienda tomar fotograf\u00edas del da\u00f1o en el sitio y notificar al fabricante a tiempo.<\/li>\n<li>Preste atenci\u00f3n a la seguridad al levantar la caja. Debe enganchar los cuatro anillos de elevaci\u00f3n en la caja y levantarla horizontalmente.<\/li>\n<li>Fije el interruptor autom\u00e1tico al soporte de montaje con pernos. La superficie de montaje debe ser plana. Si los cuatro puntos de montaje no est\u00e1n en el mismo plano, se deben a\u00f1adir arandelas para ajustarlo y evitar que la estructura general del interruptor se deforme debido a la tensi\u00f3n.<\/li>\n<li>Cuando el disyuntor est\u00e1 conectado a la barra colectora, el extremo de salida del disyuntor no puede estar sujeto a tensi\u00f3n, presi\u00f3n o torsi\u00f3n permanentes.<\/li>\n<li>Despu\u00e9s de la instalaci\u00f3n, se debe inspeccionar y limpiar el disyuntor.<\/li>\n<\/ol>\n<h2><strong><b>METRO<\/b><\/strong><strong><b>mantenimiento<\/b><\/strong><\/h2>\n<ol>\n<li>Se debe inspeccionar peri\u00f3dicamente el disyuntor y eliminar la contaminaci\u00f3n de la superficie de las partes aislantes.<\/li>\n<li>Compruebe peri\u00f3dicamente si la aguja del man\u00f3metro se encuentra en la zona verde. Si se encuentra cerca de la zona roja, contacte con el fabricante para realizar el mantenimiento a tiempo.<\/li>\n<li>En lugares con operaciones frecuentes, se debe prestar atenci\u00f3n al desgaste de los contactos y el disyuntor no se puede utilizar m\u00e1s all\u00e1 de los tiempos de interrupci\u00f3n de cortocircuito y la vida \u00fatil mec\u00e1nica permitidos.<\/li>\n<li>Cosas a tener en cuenta:<\/li>\n<li>Durante el mantenimiento, el interruptor autom\u00e1tico debe estar en estado abierto y sin almacenamiento de energ\u00eda, y todas las fuentes de alimentaci\u00f3n deben estar desconectadas. Dado que los resortes en estado de almacenamiento de energ\u00eda y cerrado acumulan energ\u00eda, si no se tiene cuidado durante el mantenimiento, el movimiento del mecanismo podr\u00eda lesionarse las manos.<\/li>\n<li>El mantenimiento debe ser realizado por profesionales.<\/li>\n<li>Despu\u00e9s del mantenimiento, especialmente despu\u00e9s de reemplazar piezas o reajustar, se deben probar las caracter\u00edsticas mec\u00e1nicas del interruptor para garantizar que cumple con las condiciones t\u00e9cnicas.<\/li>\n<\/ol>\n<h2><strong><b>Ilustraci\u00f3n de la instalaci\u00f3n<\/b><\/strong><\/h2>\n<p><img loading=\"lazy\" decoding=\"async\" class=\"alignnone wp-image-2257 size-full\" src=\"http:\/\/www.xminsulation.com\/wp-content\/uploads\/2024\/05\/\u56fe\u7247163-1.png\" alt=\"\" width=\"958\" height=\"1714\" srcset=\"https:\/\/www.xminsulation.com\/wp-content\/uploads\/2024\/05\/\u56fe\u7247163-1.png 958w, https:\/\/www.xminsulation.com\/wp-content\/uploads\/2024\/05\/\u56fe\u7247163-1-168x300.png 168w, https:\/\/www.xminsulation.com\/wp-content\/uploads\/2024\/05\/\u56fe\u7247163-1-572x1024.png 572w, https:\/\/www.xminsulation.com\/wp-content\/uploads\/2024\/05\/\u56fe\u7247163-1-768x1374.png 768w, https:\/\/www.xminsulation.com\/wp-content\/uploads\/2024\/05\/\u56fe\u7247163-1-859x1536.png 859w, https:\/\/www.xminsulation.com\/wp-content\/uploads\/2024\/05\/\u56fe\u7247163-1-600x1073.png 600w\" sizes=\"(max-width: 958px) 100vw, 958px\" \/><\/p>\n<h2>\u25c6Personalizaci\u00f3n especial<\/h2>\n<p>Los par\u00e1metros anteriores son datos t\u00edpicos; Si los estilos existentes no satisfacen sus demandas espec\u00edficas, cont\u00e1ctenos para obtener un dise\u00f1o personalizado. Contamos con importantes habilidades de producci\u00f3n y desarrollo de personalizaci\u00f3n personalizada, lo que nos permite brindar soluciones personalizadas a clientes de todo el mundo.<\/p>\n<p>&nbsp;<\/p>\n<p>&nbsp;<\/p>\n<p>&nbsp;<\/p>\n<p>&nbsp;<\/p>","protected":false},"excerpt":{"rendered":"<p>Product Description IE-12kV\/630A\u00a0pole-mounted SF6 circuit breaker is a complete set of pole-mounted switch products developed in accordance with primary and secondary fusion standards. The switch has a compact structure, reasonable layout, and complete functions. All indicators meet the primary and secondary fusion technical requirements; built-in high Precision current transformers, zero-sequence current transformers, and zero-sequence voltage [&hellip;]<\/p>","protected":false},"featured_media":2245,"template":"","meta":{"site-sidebar-layout":"default","site-content-layout":"","ast-site-content-layout":"default","site-content-style":"default","site-sidebar-style":"default","ast-global-header-display":"","ast-banner-title-visibility":"","ast-main-header-display":"","ast-hfb-above-header-display":"","ast-hfb-below-header-display":"","ast-hfb-mobile-header-display":"","site-post-title":"","ast-breadcrumbs-content":"","ast-featured-img":"","footer-sml-layout":"","theme-transparent-header-meta":"default","adv-header-id-meta":"","stick-header-meta":"","header-above-stick-meta":"","header-main-stick-meta":"","header-below-stick-meta":"","astra-migrate-meta-layouts":"set","ast-page-background-enabled":"default","ast-page-background-meta":{"desktop":{"background-color":"","background-image":"","background-repeat":"repeat","background-position":"center center","background-size":"auto","background-attachment":"scroll","background-type":"","background-media":"","overlay-type":"","overlay-color":"","overlay-gradient":""},"tablet":{"background-color":"","background-image":"","background-repeat":"repeat","background-position":"center center","background-size":"auto","background-attachment":"scroll","background-type":"","background-media":"","overlay-type":"","overlay-color":"","overlay-gradient":""},"mobile":{"background-color":"","background-image":"","background-repeat":"repeat","background-position":"center center","background-size":"auto","background-attachment":"scroll","background-type":"","background-media":"","overlay-type":"","overlay-color":"","overlay-gradient":""}},"ast-content-background-meta":{"desktop":{"background-color":"var(--ast-global-color-5)","background-image":"","background-repeat":"repeat","background-position":"center center","background-size":"auto","background-attachment":"scroll","background-type":"","background-media":"","overlay-type":"","overlay-color":"","overlay-gradient":""},"tablet":{"background-color":"var(--ast-global-color-5)","background-image":"","background-repeat":"repeat","background-position":"center center","background-size":"auto","background-attachment":"scroll","background-type":"","background-media":"","overlay-type":"","overlay-color":"","overlay-gradient":""},"mobile":{"background-color":"var(--ast-global-color-5)","background-image":"","background-repeat":"repeat","background-position":"center center","background-size":"auto","background-attachment":"scroll","background-type":"","background-media":"","overlay-type":"","overlay-color":"","overlay-gradient":""}}},"product_cat":[25],"product_tag":[],"class_list":{"0":"post-2244","1":"product","2":"type-product","3":"status-publish","4":"has-post-thumbnail","6":"product_cat-10-12kv-outdoor-intelligent-sf6-circuit-breaker","7":"desktop-align-left","8":"tablet-align-left","9":"mobile-align-left","11":"first","12":"instock","13":"shipping-taxable","14":"product-type-simple"},"_links":{"self":[{"href":"https:\/\/www.xminsulation.com\/es\/wp-json\/wp\/v2\/product\/2244","targetHints":{"allow":["GET"]}}],"collection":[{"href":"https:\/\/www.xminsulation.com\/es\/wp-json\/wp\/v2\/product"}],"about":[{"href":"https:\/\/www.xminsulation.com\/es\/wp-json\/wp\/v2\/types\/product"}],"wp:featuredmedia":[{"embeddable":true,"href":"https:\/\/www.xminsulation.com\/es\/wp-json\/wp\/v2\/media\/2245"}],"wp:attachment":[{"href":"https:\/\/www.xminsulation.com\/es\/wp-json\/wp\/v2\/media?parent=2244"}],"wp:term":[{"taxonomy":"product_cat","embeddable":true,"href":"https:\/\/www.xminsulation.com\/es\/wp-json\/wp\/v2\/product_cat?post=2244"},{"taxonomy":"product_tag","embeddable":true,"href":"https:\/\/www.xminsulation.com\/es\/wp-json\/wp\/v2\/product_tag?post=2244"}],"curies":[{"name":"wp","href":"https:\/\/api.w.org\/{rel}","templated":true}]}}