{"id":2163,"date":"2024-05-17T16:52:37","date_gmt":"2024-05-17T08:52:37","guid":{"rendered":"http:\/\/www.xminsulation.com\/?post_type=product&#038;p=2163"},"modified":"2024-05-17T16:52:37","modified_gmt":"2024-05-17T08:52:37","slug":"24kv-630a-sf6-gas-insulated-switchgear-type-b-gis-rmu","status":"publish","type":"product","link":"https:\/\/www.xminsulation.com\/es\/product\/24kv-630a-sf6-gas-insulated-switchgear-type-b-gis-rmu\/","title":{"rendered":"Celda aislada en gas SF6 de 24kV-630A (Tipo B) GIS RMU"},"content":{"rendered":"<p><img fetchpriority=\"high\" decoding=\"async\" class=\"alignnone wp-image-2165 size-full\" src=\"http:\/\/www.xminsulation.com\/wp-content\/uploads\/2024\/05\/\u56fe\u724780-3.png\" alt=\"\" width=\"1000\" height=\"1000\" srcset=\"https:\/\/www.xminsulation.com\/wp-content\/uploads\/2024\/05\/\u56fe\u724780-3.png 1000w, https:\/\/www.xminsulation.com\/wp-content\/uploads\/2024\/05\/\u56fe\u724780-3-300x300.png 300w, https:\/\/www.xminsulation.com\/wp-content\/uploads\/2024\/05\/\u56fe\u724780-3-150x150.png 150w, https:\/\/www.xminsulation.com\/wp-content\/uploads\/2024\/05\/\u56fe\u724780-3-768x768.png 768w, https:\/\/www.xminsulation.com\/wp-content\/uploads\/2024\/05\/\u56fe\u724780-3-600x600.png 600w, https:\/\/www.xminsulation.com\/wp-content\/uploads\/2024\/05\/\u56fe\u724780-3-100x100.png 100w\" sizes=\"(max-width: 1000px) 100vw, 1000px\" \/><\/p>\n<h2><strong><b>Descripci\u00f3n general del producto<\/b><\/strong><\/h2>\n<p>La unidad principal de anillo con aislamiento de gas completamente cerrada SF6-24 presenta tecnolog\u00eda extranjera avanzada. El gabinete inflable SF6-24 adopta un dise\u00f1o modular, con su perfecta unidad de tipo fijo y expansi\u00f3n flexible. El gabinete de distribuci\u00f3n inflable SF6-24 tiene las caracter\u00edsticas de estructura compacta, completamente aislado, larga vida \u00fatil, libre de mantenimiento, tama\u00f1o peque\u00f1o, soluciones completas, fuerte escalabilidad, alto factor de seguridad y no se ve afectado por el medio ambiente.<\/p>\n<p>Se puede utilizar ampliamente en la industria, la red de anillo civil y la red de suministro de energ\u00eda terminal. Es especialmente adecuado para peque\u00f1as estaciones de distribuci\u00f3n de energ\u00eda secundaria, estaciones de conmutaci\u00f3n, empresas industriales y mineras, aeropuertos, ferrocarriles, carreteras, subterr\u00e1neos, \u00e1reas comerciales, viviendas, energ\u00eda e\u00f3lica, fotovoltaica y otros campos. El gabinete de distribuci\u00f3n est\u00e1 completamente cerrado, no requiere mantenimiento y es de tama\u00f1o peque\u00f1o. Excelente rendimiento, seguro y confiable, larga vida \u00fatil, caracter\u00edsticas libres de mantenimiento.<\/p>\n<h2><strong><b>Producto <\/b><\/strong><strong><b>A<\/b><\/strong><strong><b>Ventajas<\/b><\/strong><\/h2>\n<ol>\n<li>Aplicaci\u00f3n en zonas de meseta: gas SF6, propiedades totalmente aislantes, sin necesidad de considerar la influencia de la diferencia de presi\u00f3n dentro y fuera de la caja de gas.<\/li>\n<li>Montaje de la unidad: conveniente para la expansi\u00f3n del usuario, cambios de plan e intercambios de circuitos.<\/li>\n<li>Aplicaci\u00f3n de automatizaci\u00f3n de red de distribuci\u00f3n: puede cooperar con todos los terminales de automatizaci\u00f3n del mercado para realizar f\u00e1cilmente la automatizaci\u00f3n de la red de distribuci\u00f3n.<\/li>\n<li>Aplicaci\u00f3n en zonas costeras: El mecanismo est\u00e1 completamente sellado y tiene un tratamiento anticorrosi\u00f3n con niebla salina de largo plazo para garantizar el funcionamiento seguro del equipo durante mucho tiempo.<\/li>\n<li>Aplicaci\u00f3n en \u00e1reas con fuerte viento y arena: el sellado del mecanismo, el circuito primario y la barra colectora est\u00e1n completamente sellados, y el circuito de control adopta tiras de sellado espec\u00edficas para autom\u00f3viles para garantizar un funcionamiento seguro a largo plazo en \u00e1reas con fuerte viento y arena.<\/li>\n<li>La libre combinaci\u00f3n entre unidades puede realizar diferentes soluciones.<\/li>\n<\/ol>\n<h2><strong><b>Producto <\/b><\/strong><strong><b>Caracter\u00edsticas<\/b><\/strong><\/h2>\n<p>Dise\u00f1o modular, cada m\u00f3dulo de unidad se puede combinar y expandir arbitrariamente sin la necesidad de inflar y desinflar, lo que facilita la combinaci\u00f3n de soluciones y el dise\u00f1o de medici\u00f3n de alta presi\u00f3n, y tiene una amplia gama de adaptabilidad. Gabinetes de l\u00ednea de entrada y salida de disyuntor completamente aislados de SF6 (extinci\u00f3n de arco de vac\u00edo), gabinetes de l\u00ednea de entrada y salida de interruptor de carga, gabinetes de uni\u00f3n de bus, gabinetes de medici\u00f3n, gabinetes el\u00e9ctricos combinados de interruptor de carga-fusible y gabinetes de TV (con o sin interruptores) Las soluciones de combinaci\u00f3n est\u00e1n disponibles. Dividido en una sola unidad, dos unidades, tres unidades, cuatro unidades y otras combinaciones compactas, proporciona amplias perspectivas de aplicaci\u00f3n para gabinetes de red de anillo completamente aislados de SF6 o gabinetes de distribuci\u00f3n de m\u00faltiples circuitos.<\/p>\n<p>La hermeticidad es muy buena, el consumo de aire es peque\u00f1o y puede garantizar que no haya fugas de aire durante 30 a\u00f1os. El mecanismo de funcionamiento est\u00e1 hecho de metal resistente a la corrosi\u00f3n y los cojinetes de las piezas giratorias son todos dise\u00f1os autolubricantes. El producto no se ve afectado por el medio ambiente, no requiere mantenimiento regular y est\u00e1 conectado al mundo exterior. Conveniente, esto da como resultado una baja potencia de funcionamiento, alta confiabilidad y una vida \u00fatil m\u00e1s larga. El bus de extensi\u00f3n utiliza conectores de silicona enchufables, que est\u00e1n completamente aislados y blindados para garantizar la confiabilidad conductiva y no se ven afectados por el entorno circundante. La conexi\u00f3n y expansi\u00f3n combinadas son convenientes, lo que facilita la expansi\u00f3n de la capacidad futura y la transformaci\u00f3n de los usuarios o subestaciones.<\/p>\n<h2><strong><b>Gabinete <\/b><\/strong><strong><b>S<\/b><\/strong><strong><b>estructura<\/b><\/strong><\/h2>\n<p>El compartimento inflable est\u00e1 hecho de una placa de acero inoxidable de 3 a 5 mm de espesor, que se suelda mediante un robot de soldadura despu\u00e9s de ser procesada por m\u00e1quinas herramienta CNC. Tiene menos deformaci\u00f3n por soldadura y buena hermeticidad. Los compartimentos restantes est\u00e1n hechos de placas de acero laminado en fr\u00edo de alta calidad, que se sueldan despu\u00e9s del doblado CNC. Tiene las caracter\u00edsticas de alta precisi\u00f3n y buena resistencia; cada unidad funcional es un m\u00f3dulo independiente, lo que es extremadamente conveniente de ensamblar. Cada compartimento sellado del gabinete est\u00e1 equipado con un canal de alivio de presi\u00f3n independiente para maximizar la seguridad personal y el funcionamiento del equipo.<\/p>\n<p><img decoding=\"async\" class=\"alignnone wp-image-2166 size-large\" src=\"http:\/\/www.xminsulation.com\/wp-content\/uploads\/2024\/05\/\u56fe\u724781-2-1024x633.png\" alt=\"\" width=\"1024\" height=\"633\" srcset=\"https:\/\/www.xminsulation.com\/wp-content\/uploads\/2024\/05\/\u56fe\u724781-2-1024x633.png 1024w, https:\/\/www.xminsulation.com\/wp-content\/uploads\/2024\/05\/\u56fe\u724781-2-300x185.png 300w, https:\/\/www.xminsulation.com\/wp-content\/uploads\/2024\/05\/\u56fe\u724781-2-768x475.png 768w, https:\/\/www.xminsulation.com\/wp-content\/uploads\/2024\/05\/\u56fe\u724781-2-1536x949.png 1536w, https:\/\/www.xminsulation.com\/wp-content\/uploads\/2024\/05\/\u56fe\u724781-2-600x371.png 600w, https:\/\/www.xminsulation.com\/wp-content\/uploads\/2024\/05\/\u56fe\u724781-2.png 1924w\" sizes=\"(max-width: 1024px) 100vw, 1024px\" \/><\/p>\n<h2><strong><b>Tanque de gas SF6-24<\/b><\/strong><\/h2>\n<p><img decoding=\"async\" class=\"alignnone wp-image-2167 size-large\" src=\"http:\/\/www.xminsulation.com\/wp-content\/uploads\/2024\/05\/\u56fe\u724782-3-959x1024.png\" alt=\"\" width=\"959\" height=\"1024\" srcset=\"https:\/\/www.xminsulation.com\/wp-content\/uploads\/2024\/05\/\u56fe\u724782-3-959x1024.png 959w, https:\/\/www.xminsulation.com\/wp-content\/uploads\/2024\/05\/\u56fe\u724782-3-281x300.png 281w, https:\/\/www.xminsulation.com\/wp-content\/uploads\/2024\/05\/\u56fe\u724782-3-768x820.png 768w, https:\/\/www.xminsulation.com\/wp-content\/uploads\/2024\/05\/\u56fe\u724782-3-1438x1536.png 1438w, https:\/\/www.xminsulation.com\/wp-content\/uploads\/2024\/05\/\u56fe\u724782-3-600x641.png 600w, https:\/\/www.xminsulation.com\/wp-content\/uploads\/2024\/05\/\u56fe\u724782-3.png 1530w\" sizes=\"(max-width: 959px) 100vw, 959px\" \/><\/p>\n<h2><strong><b>Tama\u00f1o de <\/b><\/strong><strong><b>Interruptor de corte de carga<\/b><\/strong><\/h2>\n<p><img loading=\"lazy\" decoding=\"async\" class=\"alignnone wp-image-2168 size-large\" src=\"http:\/\/www.xminsulation.com\/wp-content\/uploads\/2024\/05\/\u56fe\u724783-2-1024x564.png\" alt=\"\" width=\"1024\" height=\"564\" srcset=\"https:\/\/www.xminsulation.com\/wp-content\/uploads\/2024\/05\/\u56fe\u724783-2-1024x564.png 1024w, https:\/\/www.xminsulation.com\/wp-content\/uploads\/2024\/05\/\u56fe\u724783-2-300x165.png 300w, https:\/\/www.xminsulation.com\/wp-content\/uploads\/2024\/05\/\u56fe\u724783-2-768x423.png 768w, https:\/\/www.xminsulation.com\/wp-content\/uploads\/2024\/05\/\u56fe\u724783-2-1536x846.png 1536w, https:\/\/www.xminsulation.com\/wp-content\/uploads\/2024\/05\/\u56fe\u724783-2-600x330.png 600w, https:\/\/www.xminsulation.com\/wp-content\/uploads\/2024\/05\/\u56fe\u724783-2.png 1970w\" sizes=\"(max-width: 1024px) 100vw, 1024px\" \/><\/p>\n<h2><strong><b>Tama\u00f1o del disyuntor de vac\u00edo de tres posiciones<\/b><\/strong><\/h2>\n<p><img loading=\"lazy\" decoding=\"async\" class=\"alignnone wp-image-2169 size-large\" src=\"http:\/\/www.xminsulation.com\/wp-content\/uploads\/2024\/05\/\u56fe\u724784-2-1024x595.png\" alt=\"\" width=\"1024\" height=\"595\" srcset=\"https:\/\/www.xminsulation.com\/wp-content\/uploads\/2024\/05\/\u56fe\u724784-2-1024x595.png 1024w, https:\/\/www.xminsulation.com\/wp-content\/uploads\/2024\/05\/\u56fe\u724784-2-300x174.png 300w, https:\/\/www.xminsulation.com\/wp-content\/uploads\/2024\/05\/\u56fe\u724784-2-768x446.png 768w, https:\/\/www.xminsulation.com\/wp-content\/uploads\/2024\/05\/\u56fe\u724784-2-1536x892.png 1536w, https:\/\/www.xminsulation.com\/wp-content\/uploads\/2024\/05\/\u56fe\u724784-2-600x348.png 600w, https:\/\/www.xminsulation.com\/wp-content\/uploads\/2024\/05\/\u56fe\u724784-2.png 1865w\" sizes=\"(max-width: 1024px) 100vw, 1024px\" \/><\/p>\n<h2><strong><b>Tama\u00f1o del tablero de distribuci\u00f3n<\/b><\/strong><\/h2>\n<p><img loading=\"lazy\" decoding=\"async\" class=\"alignnone wp-image-2170 size-full\" src=\"http:\/\/www.xminsulation.com\/wp-content\/uploads\/2024\/05\/\u56fe\u724785-2.png\" alt=\"\" width=\"1151\" height=\"1538\" srcset=\"https:\/\/www.xminsulation.com\/wp-content\/uploads\/2024\/05\/\u56fe\u724785-2.png 1151w, https:\/\/www.xminsulation.com\/wp-content\/uploads\/2024\/05\/\u56fe\u724785-2-225x300.png 225w, https:\/\/www.xminsulation.com\/wp-content\/uploads\/2024\/05\/\u56fe\u724785-2-766x1024.png 766w, https:\/\/www.xminsulation.com\/wp-content\/uploads\/2024\/05\/\u56fe\u724785-2-768x1026.png 768w, https:\/\/www.xminsulation.com\/wp-content\/uploads\/2024\/05\/\u56fe\u724785-2-1150x1536.png 1150w, https:\/\/www.xminsulation.com\/wp-content\/uploads\/2024\/05\/\u56fe\u724785-2-600x802.png 600w\" sizes=\"(max-width: 1151px) 100vw, 1151px\" \/> <img loading=\"lazy\" decoding=\"async\" class=\"alignnone wp-image-2171 size-full\" src=\"http:\/\/www.xminsulation.com\/wp-content\/uploads\/2024\/05\/\u56fe\u724786-2.png\" alt=\"\" width=\"1280\" height=\"1126\" srcset=\"https:\/\/www.xminsulation.com\/wp-content\/uploads\/2024\/05\/\u56fe\u724786-2.png 1280w, https:\/\/www.xminsulation.com\/wp-content\/uploads\/2024\/05\/\u56fe\u724786-2-300x264.png 300w, https:\/\/www.xminsulation.com\/wp-content\/uploads\/2024\/05\/\u56fe\u724786-2-1024x901.png 1024w, https:\/\/www.xminsulation.com\/wp-content\/uploads\/2024\/05\/\u56fe\u724786-2-768x676.png 768w, https:\/\/www.xminsulation.com\/wp-content\/uploads\/2024\/05\/\u56fe\u724786-2-600x528.png 600w\" sizes=\"(max-width: 1280px) 100vw, 1280px\" \/><\/p>\n<h2><strong><b>Usar <\/b><\/strong><strong><b>mi<\/b><\/strong><strong><b>ambiental <\/b><\/strong><strong><b>C<\/b><\/strong><strong><b>condiciones<\/b><\/strong><\/h2>\n<ol>\n<li>Temperatura del aire: temperatura m\u00e1xima: +40\u00b0, temperatura m\u00ednima: -20\u00b0;<\/li>\n<li>Temperatura: la temperatura media mensual es de 95%, la temperatura media diaria es de 90%,<\/li>\n<li>Altitud: Altura m\u00e1xima de instalaci\u00f3n: 2500 metros; altitudes superiores requieren personalizaci\u00f3n.<\/li>\n<li>Sin inflamables, explosivos, sin contaminaci\u00f3n grave, sin corrosi\u00f3n qu\u00edmica ni vibraciones severas.<\/li>\n<\/ol>\n<h2><strong><b>Instrucciones de instalaci\u00f3n<\/b><\/strong><\/h2>\n<p><img loading=\"lazy\" decoding=\"async\" class=\"alignnone wp-image-2172 size-full\" src=\"http:\/\/www.xminsulation.com\/wp-content\/uploads\/2024\/05\/\u56fe\u724787-2.png\" alt=\"\" width=\"1505\" height=\"1572\" srcset=\"https:\/\/www.xminsulation.com\/wp-content\/uploads\/2024\/05\/\u56fe\u724787-2.png 1505w, https:\/\/www.xminsulation.com\/wp-content\/uploads\/2024\/05\/\u56fe\u724787-2-287x300.png 287w, https:\/\/www.xminsulation.com\/wp-content\/uploads\/2024\/05\/\u56fe\u724787-2-980x1024.png 980w, https:\/\/www.xminsulation.com\/wp-content\/uploads\/2024\/05\/\u56fe\u724787-2-768x802.png 768w, https:\/\/www.xminsulation.com\/wp-content\/uploads\/2024\/05\/\u56fe\u724787-2-1471x1536.png 1471w, https:\/\/www.xminsulation.com\/wp-content\/uploads\/2024\/05\/\u56fe\u724787-2-600x627.png 600w\" sizes=\"(max-width: 1505px) 100vw, 1505px\" \/><\/p>\n<h2><strong><b>Inspecci\u00f3n <\/b><\/strong><strong><b>PAG<\/b><\/strong><strong><b>puntos y <\/b><\/strong><strong><b>PAG<\/b><\/strong><strong><b>precauciones<\/b><\/strong><\/h2>\n<ol>\n<li>Limpie la caja de aire con alcohol, papel de lija fino y un pa\u00f1o limpio antes de instalarla y usarla.<\/li>\n<li>Inspeccione la superficie de sellado de la caja. No debe haber rayones, rebabas, escoria de soldadura, limaduras de hierro ni ning\u00fan otro material extra\u00f1o que penetre en la correa de sellado. Verifique principalmente las siguientes ubicaciones: alrededor del orificio de instalaci\u00f3n de la carcasa, alrededor de la instalaci\u00f3n del sello din\u00e1mico, alrededor de la instalaci\u00f3n de la v\u00e1lvula a prueba de explosiones y la presi\u00f3n de aire. Orificios de montaje de la mesa.<\/li>\n<li>La verticalidad del perno soldado es buena, los puntos de soldadura alrededor de la ra\u00edz del perno son uniformes, sin deflexi\u00f3n, la rosca es suave y las especificaciones de tama\u00f1o cumplen con los requisitos del dibujo.<\/li>\n<li>El ajuste din\u00e1mico puede adaptarse a la superficie de sellado antes de apretar.<\/li>\n<li>El asiento de la v\u00e1lvula del man\u00f3metro de aire est\u00e1 soldado con precisi\u00f3n, las roscas internas no est\u00e1n da\u00f1adas y la soldadura es estable.<\/li>\n<li>El asiento de puesta a tierra de la carcasa est\u00e1 soldado con precisi\u00f3n, las roscas internas no est\u00e1n da\u00f1adas y la soldadura es estable.<\/li>\n<li>Verifique que las dimensiones exteriores del gabinete cumplan con los requisitos del dibujo y que el m\u00e9todo de expansi\u00f3n superior sea consistente con el dibujo de especificaciones.<\/li>\n<li>El error diagonal del gabinete no debe exceder los 3 mm.<\/li>\n<li>Las cajas que pasen la inspecci\u00f3n ser\u00e1n selladas y firmadas en la tarjeta de proceso de producci\u00f3n correspondiente e instaladas en el soporte para quedar en pie.<\/li>\n<\/ol>\n<p><strong><b>Vac\u00edo <\/b><\/strong><strong><b>S<\/b><\/strong><strong><b>bruja <\/b><\/strong><strong><b>t<\/b><\/strong><strong><b>tres-<\/b><\/strong><strong><b>S<\/b><\/strong><strong><b>taci\u00f3n <\/b><\/strong><strong><b>I<\/b><\/strong><strong><b>instalaci\u00f3n<\/b><\/strong><\/p>\n<p><img loading=\"lazy\" decoding=\"async\" class=\"alignnone wp-image-2173 size-full\" src=\"http:\/\/www.xminsulation.com\/wp-content\/uploads\/2024\/05\/\u56fe\u724788-2.png\" alt=\"\" width=\"1063\" height=\"1494\" srcset=\"https:\/\/www.xminsulation.com\/wp-content\/uploads\/2024\/05\/\u56fe\u724788-2.png 1063w, https:\/\/www.xminsulation.com\/wp-content\/uploads\/2024\/05\/\u56fe\u724788-2-213x300.png 213w, https:\/\/www.xminsulation.com\/wp-content\/uploads\/2024\/05\/\u56fe\u724788-2-729x1024.png 729w, https:\/\/www.xminsulation.com\/wp-content\/uploads\/2024\/05\/\u56fe\u724788-2-768x1079.png 768w, https:\/\/www.xminsulation.com\/wp-content\/uploads\/2024\/05\/\u56fe\u724788-2-600x843.png 600w\" sizes=\"(max-width: 1063px) 100vw, 1063px\" \/><\/p>\n<p><strong><b>Inspecci\u00f3n <\/b><\/strong><strong><b>PAG<\/b><\/strong><strong><b>puntos y<\/b><\/strong><strong><b>\u00a0PAG<\/b><\/strong><strong><b>precauciones<\/b><\/strong><\/p>\n<ol>\n<li>Antes de instalar el interruptor, inspecci\u00f3nelo para asegurarse de que no haya da\u00f1os en la superficie del interruptor.<\/li>\n<li>Coloque el interruptor en la chapa met\u00e1lica y fije el cuerpo del interruptor con tuercas (no apriete las tuercas por ahora y luego apriete el accesorio m\u00f3vil). Aseg\u00farese de que el interruptor se corresponda con precisi\u00f3n con el orificio met\u00e1lico y luego instale el accesorio m\u00f3vil.<\/li>\n<li>Una vez que el accesorio m\u00f3vil y el interruptor est\u00e1n fijados e instalados, tire del accesorio m\u00f3vil para operar la cuchilla de aislamiento con la mano. El movimiento es suave y sin atascos, y no hay deformaci\u00f3n de la cuchilla.<\/li>\n<\/ol>\n<p>&nbsp;<\/p>\n<p><strong><b>Entrelazado <\/b><\/strong><strong><b>D<\/b><\/strong><strong><b>detalles<\/b><\/strong><\/p>\n<p><img loading=\"lazy\" decoding=\"async\" class=\"alignnone wp-image-2174 size-full\" src=\"http:\/\/www.xminsulation.com\/wp-content\/uploads\/2024\/05\/\u56fe\u724789-2.png\" alt=\"\" width=\"591\" height=\"1467\" srcset=\"https:\/\/www.xminsulation.com\/wp-content\/uploads\/2024\/05\/\u56fe\u724789-2.png 591w, https:\/\/www.xminsulation.com\/wp-content\/uploads\/2024\/05\/\u56fe\u724789-2-121x300.png 121w, https:\/\/www.xminsulation.com\/wp-content\/uploads\/2024\/05\/\u56fe\u724789-2-413x1024.png 413w\" sizes=\"(max-width: 591px) 100vw, 591px\" \/><\/p>\n<h2><strong><b>Operaci\u00f3n y mantenimiento<\/b><\/strong><\/h2>\n<ol>\n<li><strong><b> Operando <\/b><\/strong><strong><b>C<\/b><\/strong><strong><b>condiciones<\/b><\/strong><strong><b>.<\/b><\/strong><\/li>\n<\/ol>\n<p>El SF6-24kV\/630A generalmente funciona en condiciones interiores normales y cumple con las normas IEC 62271-1 y GB3906. Las condiciones espec\u00edficas son las siguientes:<\/p>\n<ol>\n<li>Temperatura ambiente: temperatura m\u00e1xima +40\u00b0C, temperatura m\u00e1xima media 24 horas +35\u00b0C, temperatura m\u00ednima -40\u00b0C.<\/li>\n<li>Humedad: La humedad relativa media m\u00e1xima medida en 24 horas es 95%, y la humedad relativa media m\u00e1xima medida en 1 mes es 90%.<\/li>\n<li>Sin reducir la presi\u00f3n del gas, la altitud m\u00e1xima de instalaci\u00f3n es de 1500 metros. Si la altitud de instalaci\u00f3n supera los 1500 metros, p\u00f3ngase en contacto con el departamento de tecnolog\u00eda de preventa.<\/li>\n<li>Condiciones especiales: El funcionamiento debe cumplir con los requisitos de las normas IEC62271-1 y GB3906. En el caso de condiciones de funcionamiento especiales, el usuario final y el fabricante deben llegar a un acuerdo. Si se trata de entornos de funcionamiento especialmente hostiles, se debe consultar al fabricante. Por ejemplo, cuando se instala un equipo el\u00e9ctrico a una altitud superior a los 1500 metros, la presi\u00f3n atmosf\u00e9rica disminuir\u00e1, lo que provocar\u00e1 que la caja de aire se abulte.<\/li>\n<\/ol>\n<p>&nbsp;<\/p>\n<ol start=\"2\">\n<li><strong><b> Mantenimiento del producto<\/b><\/strong><strong><b>.<\/b><\/strong><\/li>\n<\/ol>\n<p>Todos los componentes internos del SF6-24kV\/630A no requieren mantenimiento durante la vida \u00fatil declarada del producto.<\/p>\n<p>Se pueden observar las posiciones de aislamiento y conexi\u00f3n a tierra para brindar garant\u00eda de seguridad para la operaci\u00f3n y la construcci\u00f3n del cable.<\/p>\n<p>El circuito del sistema est\u00e1 completamente aislado de la atm\u00f3sfera y se ha dise\u00f1ado un canal especial de alivio de presi\u00f3n del arco en la caja de aire para garantizar la seguridad de los operadores y del equipo.<\/p>\n<p>La parte mec\u00e1nica se encuentra en el exterior de la caja de aire y detr\u00e1s del panel frontal. Esto facilita la operaci\u00f3n y la sustituci\u00f3n. La superficie de las partes mec\u00e1nicas ha sido sometida a un tratamiento anticorrosi\u00f3n. Sus partes m\u00f3viles han sido lubricadas antes de salir de f\u00e1brica, lo que permite cumplir con el ciclo de vida \u00fatil del producto. En entornos extremos (polvo, arena y suciedad) puede ser necesaria la inspecci\u00f3n, el mantenimiento y, en algunos casos, la sustituci\u00f3n.<\/p>\n<h2>\u25c6Personalizaci\u00f3n especial<\/h2>\n<p>Los par\u00e1metros anteriores son datos t\u00edpicos; Si los estilos existentes no satisfacen sus demandas espec\u00edficas, cont\u00e1ctenos para obtener un dise\u00f1o personalizado. Contamos con importantes habilidades de producci\u00f3n y desarrollo de personalizaci\u00f3n personalizada, lo que nos permite brindar soluciones personalizadas a clientes de todo el mundo.<\/p>","protected":false},"excerpt":{"rendered":"<p>Product Overview The SF6-24 fully enclosed gas insulated ring main unit introduces advanced foreign technology. The SF6-24 inflatable cabinet adopts a modular design, with its perfect unity of fixed type and flexible expansion. SF6-24 inflatable switch cabinet has the characteristics of compact structure, fully insulated, long life, maintenance-free, small footprint, complete solutions, strong scalability, high [&hellip;]<\/p>","protected":false},"featured_media":2164,"template":"","meta":{"site-sidebar-layout":"default","site-content-layout":"","ast-site-content-layout":"default","site-content-style":"default","site-sidebar-style":"default","ast-global-header-display":"","ast-banner-title-visibility":"","ast-main-header-display":"","ast-hfb-above-header-display":"","ast-hfb-below-header-display":"","ast-hfb-mobile-header-display":"","site-post-title":"","ast-breadcrumbs-content":"","ast-featured-img":"","footer-sml-layout":"","theme-transparent-header-meta":"default","adv-header-id-meta":"","stick-header-meta":"","header-above-stick-meta":"","header-main-stick-meta":"","header-below-stick-meta":"","astra-migrate-meta-layouts":"set","ast-page-background-enabled":"default","ast-page-background-meta":{"desktop":{"background-color":"","background-image":"","background-repeat":"repeat","background-position":"center center","background-size":"auto","background-attachment":"scroll","background-type":"","background-media":"","overlay-type":"","overlay-color":"","overlay-gradient":""},"tablet":{"background-color":"","background-image":"","background-repeat":"repeat","background-position":"center center","background-size":"auto","background-attachment":"scroll","background-type":"","background-media":"","overlay-type":"","overlay-color":"","overlay-gradient":""},"mobile":{"background-color":"","background-image":"","background-repeat":"repeat","background-position":"center center","background-size":"auto","background-attachment":"scroll","background-type":"","background-media":"","overlay-type":"","overlay-color":"","overlay-gradient":""}},"ast-content-background-meta":{"desktop":{"background-color":"var(--ast-global-color-5)","background-image":"","background-repeat":"repeat","background-position":"center center","background-size":"auto","background-attachment":"scroll","background-type":"","background-media":"","overlay-type":"","overlay-color":"","overlay-gradient":""},"tablet":{"background-color":"var(--ast-global-color-5)","background-image":"","background-repeat":"repeat","background-position":"center center","background-size":"auto","background-attachment":"scroll","background-type":"","background-media":"","overlay-type":"","overlay-color":"","overlay-gradient":""},"mobile":{"background-color":"var(--ast-global-color-5)","background-image":"","background-repeat":"repeat","background-position":"center center","background-size":"auto","background-attachment":"scroll","background-type":"","background-media":"","overlay-type":"","overlay-color":"","overlay-gradient":""}}},"product_cat":[34],"product_tag":[],"class_list":{"0":"post-2163","1":"product","2":"type-product","3":"status-publish","4":"has-post-thumbnail","6":"product_cat-10-40-5kv-sf6-gas-insulated-switchgear-gis-rmu","7":"desktop-align-left","8":"tablet-align-left","9":"mobile-align-left","11":"first","12":"instock","13":"shipping-taxable","14":"product-type-simple"},"_links":{"self":[{"href":"https:\/\/www.xminsulation.com\/es\/wp-json\/wp\/v2\/product\/2163","targetHints":{"allow":["GET"]}}],"collection":[{"href":"https:\/\/www.xminsulation.com\/es\/wp-json\/wp\/v2\/product"}],"about":[{"href":"https:\/\/www.xminsulation.com\/es\/wp-json\/wp\/v2\/types\/product"}],"wp:featuredmedia":[{"embeddable":true,"href":"https:\/\/www.xminsulation.com\/es\/wp-json\/wp\/v2\/media\/2164"}],"wp:attachment":[{"href":"https:\/\/www.xminsulation.com\/es\/wp-json\/wp\/v2\/media?parent=2163"}],"wp:term":[{"taxonomy":"product_cat","embeddable":true,"href":"https:\/\/www.xminsulation.com\/es\/wp-json\/wp\/v2\/product_cat?post=2163"},{"taxonomy":"product_tag","embeddable":true,"href":"https:\/\/www.xminsulation.com\/es\/wp-json\/wp\/v2\/product_tag?post=2163"}],"curies":[{"name":"wp","href":"https:\/\/api.w.org\/{rel}","templated":true}]}}