{"id":2088,"date":"2024-05-17T10:02:27","date_gmt":"2024-05-17T02:02:27","guid":{"rendered":"http:\/\/www.xminsulation.com\/?post_type=product&#038;p=2088"},"modified":"2024-05-17T10:02:27","modified_gmt":"2024-05-17T02:02:27","slug":"24kv-dry-air-insulated-ring-main-unit-sf6-free-ais-rmu","status":"publish","type":"product","link":"https:\/\/www.xminsulation.com\/es\/product\/24kv-dry-air-insulated-ring-main-unit-sf6-free-ais-rmu\/","title":{"rendered":"Unidad principal de anillo aislada con aire seco de 24 kV RMU AIS sin SF6"},"content":{"rendered":"<p><img fetchpriority=\"high\" decoding=\"async\" class=\"alignnone wp-image-2089 size-large\" src=\"http:\/\/www.xminsulation.com\/wp-content\/uploads\/2024\/05\/\u56fe\u724717-1024x1024.jpg\" alt=\"\" width=\"1024\" height=\"1024\" srcset=\"https:\/\/www.xminsulation.com\/wp-content\/uploads\/2024\/05\/\u56fe\u724717-1024x1024.jpg 1024w, https:\/\/www.xminsulation.com\/wp-content\/uploads\/2024\/05\/\u56fe\u724717-300x300.jpg 300w, https:\/\/www.xminsulation.com\/wp-content\/uploads\/2024\/05\/\u56fe\u724717-150x150.jpg 150w, https:\/\/www.xminsulation.com\/wp-content\/uploads\/2024\/05\/\u56fe\u724717-768x768.jpg 768w, https:\/\/www.xminsulation.com\/wp-content\/uploads\/2024\/05\/\u56fe\u724717-600x600.jpg 600w, https:\/\/www.xminsulation.com\/wp-content\/uploads\/2024\/05\/\u56fe\u724717-100x100.jpg 100w, https:\/\/www.xminsulation.com\/wp-content\/uploads\/2024\/05\/\u56fe\u724717.jpg 1227w\" sizes=\"(max-width: 1024px) 100vw, 1024px\" \/><\/p>\n<h2><strong><b>Informaci\u00f3n general<\/b><\/strong><\/h2>\n<p>En los sistemas de distribuci\u00f3n de energ\u00eda de media tensi\u00f3n, los gabinetes de red en anillo m\u00e1s utilizados actualmente incluyen gabinetes de red en anillo con aislamiento de gas SF6, gabinetes de red en anillo con aislamiento s\u00f3lido y gabinetes de red en anillo con aislamiento de gas respetuosos con el medio ambiente. Sin embargo, debido al problema de emisi\u00f3n de gases de efecto invernadero del SF6 y la dificultad de reciclar materiales aislantes s\u00f3lidos, la aplicaci\u00f3n de la unidad principal de anillo aislada con gas SF6 y la unidad principal de anillo aislada s\u00f3lida ser\u00e1 limitada. Con la promoci\u00f3n global del concepto de desarrollo ecol\u00f3gico y respetuoso con el medio ambiente, las unidades principales de anillo de gas totalmente aisladas y respetuosas con el medio ambiente que cumplen con los \u00faltimos conceptos y requisitos de protecci\u00f3n ambiental marcar\u00e1n el comienzo de oportunidades de desarrollo hist\u00f3ricas.<\/p>\n<p>Los interruptores ecol\u00f3gicos de la serie IE-EcoAir-24kV-630A son una nueva generaci\u00f3n de interruptores autom\u00e1ticos ecol\u00f3gicos \u201csin fl\u00faor y bajos residuos s\u00f3lidos\u201d y unidades principales de anillo con aislamiento de gas ecol\u00f3gicos, desarrollados para reemplazar el aislamiento de gas SF6 tradicional.<\/p>\n<p>El interruptor disyuntor respetuoso con el medio ambiente adopta una viga longitudinal integrada de alta resistencia y la c\u00e1mara de extinci\u00f3n de arco al vac\u00edo est\u00e1 envuelta en la estructura de la viga longitudinal. Tiene las ventajas de una estructura confiable y una depuraci\u00f3n simple. A\u00edsla las operaciones de apertura, cierre y puesta a tierra del interruptor de cuchilla mediante un husillo de aislamiento integrado. Impulsado por la m\u00e1quina, no hay otra transmisi\u00f3n del brazo, la posici\u00f3n de trabajo es m\u00e1s precisa y la fuerza operativa del mecanismo de aislamiento es m\u00e1s ligera. El eje principal del disyuntor est\u00e1 hecho de una varilla de gatillo de fibra de vidrio epoxi, que tiene una alta resistencia mec\u00e1nica y un fuerte rendimiento de aislamiento. A trav\u00e9s del soporte de aleaci\u00f3n y la leva de transmisi\u00f3n, se realizan las acciones de apertura y cierre de la c\u00e1mara de extinci\u00f3n de arco al vac\u00edo. Las fases est\u00e1n reforzadas con faldones de silicona para aumentar la distancia de fuga. El interruptor disyuntor ecol\u00f3gico no solo es adecuado para unidades principales de anillo con estructura de c\u00e1mara de aire sellada, sino tambi\u00e9n para unidades principales de anillo cerradas de metal de presi\u00f3n normal.<\/p>\n<p>Utilizando una soluci\u00f3n de aislamiento de gas y ruptura de vac\u00edo respetuosa con el medio ambiente, la combinaci\u00f3n de ventajas tiene un alto rendimiento general. El circuito primario est\u00e1 sellado con gas, los componentes de alta presi\u00f3n no se ven afectados por la altitud, no requieren ning\u00fan mantenimiento y tienen una gran adaptabilidad ambiental. El tama\u00f1o del gabinete es peque\u00f1o y el espacio requerido es bajo. Los productos se pueden utilizar en redes el\u00e9ctricas, grandes industrias, tr\u00e1nsito ferroviario, edificios comerciales y otros escenarios de uso.<\/p>\n<p>Este producto se utiliza principalmente en equipos de conmutaci\u00f3n de redes de anillo interiores y exteriores en sistemas de redes de distribuci\u00f3n de media tensi\u00f3n de 10-24 kV para recibir y distribuir energ\u00eda el\u00e9ctrica. Es adecuado para soluciones de gabinetes de red en anillo de expansi\u00f3n superior, expansi\u00f3n lateral y caja com\u00fan (m\u00e1ximo tres unidades). La tasa com\u00fan de piezas de las soluciones de aislamiento superior e inferior alcanza m\u00e1s de 90%. El producto tiene alta estabilidad y gran versatilidad y cumple plenamente con los requisitos de la prueba de tipo.<\/p>\n<h2><strong><b>Caracter\u00edsticas del producto<\/b><\/strong><\/h2>\n<ol>\n<li><b><\/b><strong><b>Verde<\/b><\/strong><strong><b>.<\/b><\/strong><\/li>\n<\/ol>\n<p>Se utiliza aire comprimido seco como gas aislante, que tiene una alta intensidad de campo de ionizaci\u00f3n y de ruptura. Puede restaurar r\u00e1pidamente el rendimiento del aislamiento despu\u00e9s de una aver\u00eda. Tiene buena estabilidad qu\u00edmica, no es inflamable, no es explosivo, no envejece, no es corrosivo y no es propenso a descargarse. Se descompone y tiene una gran capacidad calor\u00edfica espec\u00edfica, buena conductividad t\u00e9rmica y fluidez. Este gas aislante respetuoso con el medio ambiente no s\u00f3lo no es t\u00f3xico e inofensivo, sino que tambi\u00e9n puede descargarse directamente a la atm\u00f3sfera sin provocar contaminaci\u00f3n del aire. Tambi\u00e9n tiene buenas propiedades el\u00e9ctricas y estabilidad y puede usarse en procesos de procesamiento sint\u00e9tico, operaci\u00f3n de equipos, arco, vapor de agua y otras condiciones. Bajo la acci\u00f3n combinada de factores externos y durante el proceso final de descomposici\u00f3n y transformaci\u00f3n, no se producir\u00e1n sustancias t\u00f3xicas o nocivas para las personas y el medio ambiente. El interruptor est\u00e1 fabricado en material termopl\u00e1stico y es reciclable. No hay emisiones de gases de efecto invernadero SF6 ni impacto en el medio ambiente, como el reciclaje de residuos s\u00f3lidos.<\/p>\n<ol start=\"2\">\n<li><b><\/b><strong><b>Compacto <\/b><\/strong><strong><b>S<\/b><\/strong><strong><b>paso<\/b><\/strong><strong><b>.<\/b><\/strong><\/li>\n<\/ol>\n<p>Gabinete de distribuci\u00f3n compacto, el ancho de la soluci\u00f3n t\u00edpica de 24 kV es de solo 460 mm, el tama\u00f1o del gabinete es peque\u00f1o y el requisito de espacio de dise\u00f1o es bajo. Instalaci\u00f3n fiable en la pared, canal de operaci\u00f3n de solo 1 m delante del gabinete.<\/p>\n<ol start=\"3\">\n<li><b><\/b><strong><b>METRO<\/b><\/strong><strong><b>mantenimiento <\/b><\/strong><strong><b>F<\/b><\/strong><strong><b>ree<\/b><\/strong><strong><b>.<\/b><\/strong><\/li>\n<\/ol>\n<p>Al utilizar un extintor de arco al vac\u00edo de larga duraci\u00f3n y sin mantenimiento, la parte conductora principal no se ve afectada por el entorno externo y no es necesario configurar gas SF6 en el sitio.<\/p>\n<p>Dispositivo de alarma de fugas. El circuito principal est\u00e1 conectado de forma fija y no requiere mantenimiento de inserci\u00f3n y extracci\u00f3n durante el ciclo de vida. Especialmente indicado para aplicaciones en zonas altiplanicies, costeras, alpinas, de alta contaminaci\u00f3n y otras zonas.<\/p>\n<ol start=\"4\">\n<li><b><\/b><strong><b>Inteligente<\/b><\/strong><strong><b>.<\/b><\/strong><\/li>\n<\/ol>\n<p>La integraci\u00f3n con equipos secundarios puede realizar monitoreo en l\u00ednea, control remoto y protecci\u00f3n de equipos para satisfacer las necesidades de la red de distribuci\u00f3n inteligente.<\/p>\n<ol start=\"5\">\n<li><b><\/b><strong><b>Modular<\/b><\/strong><strong><b>.<\/b><\/strong><\/li>\n<\/ol>\n<p>Tiene m\u00e9todos de expansi\u00f3n lateral y superior, expansi\u00f3n flexible y conveniente. Est\u00e1 totalmente en l\u00ednea con la estandarizaci\u00f3n de la red el\u00e9ctrica de China y varias soluciones personalizadas.<\/p>\n<ol start=\"6\">\n<li><b><\/b><strong><b>S<\/b><\/strong><strong><b>seguridad<\/b><\/strong><strong><b>.<\/b><\/strong><\/li>\n<\/ol>\n<p>Al adoptar una estructura de aislamiento de fase dividida, no hay riesgo de explosi\u00f3n de cortocircuito entre fases; la tecnolog\u00eda sin SF6 evita las fugas de gas SF6, lo que puede provocar el debilitamiento del aislamiento y la capacidad de extinci\u00f3n del arco, lo que provoca fallos de rotura y riesgo de explosi\u00f3n de la caja; Tiene una estructura de enclavamiento completa de \u201ccinco prevenciones\u201d, segura y f\u00e1cil de operar.<\/p>\n<p><img decoding=\"async\" class=\"alignnone wp-image-2090 size-large\" src=\"http:\/\/www.xminsulation.com\/wp-content\/uploads\/2024\/05\/\u56fe\u724718-3-974x1024.png\" alt=\"\" width=\"974\" height=\"1024\" srcset=\"https:\/\/www.xminsulation.com\/wp-content\/uploads\/2024\/05\/\u56fe\u724718-3-974x1024.png 974w, https:\/\/www.xminsulation.com\/wp-content\/uploads\/2024\/05\/\u56fe\u724718-3-285x300.png 285w, https:\/\/www.xminsulation.com\/wp-content\/uploads\/2024\/05\/\u56fe\u724718-3-768x807.png 768w, https:\/\/www.xminsulation.com\/wp-content\/uploads\/2024\/05\/\u56fe\u724718-3-1461x1536.png 1461w, https:\/\/www.xminsulation.com\/wp-content\/uploads\/2024\/05\/\u56fe\u724718-3-600x631.png 600w, https:\/\/www.xminsulation.com\/wp-content\/uploads\/2024\/05\/\u56fe\u724718-3.png 1878w\" sizes=\"(max-width: 974px) 100vw, 974px\" \/><\/p>\n<h2><strong><b>Operando <\/b><\/strong><strong><b>C<\/b><\/strong><strong><b>condiciones<\/b><\/strong><\/h2>\n<p>IE-EcoAir-24kV 630A generalmente se opera\/mantiene en condiciones interiores normales y cumple con IEC 62271-1 y GB3906. Las condiciones espec\u00edficas son las siguientes:<\/p>\n<ol>\n<li>Temperatura ambiente.<\/li>\n<\/ol>\n<p>Temperatura m\u00e1xima: +40 \u2103.<\/p>\n<p>Temperatura m\u00e1xima (media de 24 horas): +35\u00b0C.<\/p>\n<p>Temperatura m\u00ednima: -40 \u2103.<\/p>\n<ol start=\"2\">\n<li>Humedad. Humedad relativa media m\u00e1xima medida en 24 horas: 95%. Humedad relativa media m\u00e1xima medida en un mes: 90%.<\/li>\n<li>La altitud m\u00e1xima de instalaci\u00f3n sin reducir la presi\u00f3n del gas es de 1500 metros. Cuando la altitud de instalaci\u00f3n supere los 1500 metros, comun\u00edquese con la tecnolog\u00eda de preventa.<\/li>\n<li>La operaci\u00f3n debe cumplir con los requisitos de las normas IEC62271-1 y GB3906. Para condiciones especiales de funcionamiento, el usuario final y el fabricante deber\u00e1n llegar a un acuerdo. Si se trata de entornos operativos especialmente hostiles, se debe consultar al fabricante. Por ejemplo, cuando se instala equipo el\u00e9ctrico a una altitud superior a 1.500 metros, la presi\u00f3n atmosf\u00e9rica disminuir\u00e1, lo que provocar\u00e1 que la caja de aire se abulte.<\/li>\n<\/ol>\n<h2><strong><b>Plano dimensional del tanque de aire y del gabinete de distribuci\u00f3n<\/b><\/strong><\/h2>\n<p><img decoding=\"async\" class=\"alignnone wp-image-2091 size-full\" src=\"http:\/\/www.xminsulation.com\/wp-content\/uploads\/2024\/05\/\u56fe\u724719-3.png\" alt=\"\" width=\"1925\" height=\"1498\" srcset=\"https:\/\/www.xminsulation.com\/wp-content\/uploads\/2024\/05\/\u56fe\u724719-3.png 1925w, https:\/\/www.xminsulation.com\/wp-content\/uploads\/2024\/05\/\u56fe\u724719-3-300x233.png 300w, https:\/\/www.xminsulation.com\/wp-content\/uploads\/2024\/05\/\u56fe\u724719-3-1024x797.png 1024w, https:\/\/www.xminsulation.com\/wp-content\/uploads\/2024\/05\/\u56fe\u724719-3-768x598.png 768w, https:\/\/www.xminsulation.com\/wp-content\/uploads\/2024\/05\/\u56fe\u724719-3-1536x1195.png 1536w, https:\/\/www.xminsulation.com\/wp-content\/uploads\/2024\/05\/\u56fe\u724719-3-600x467.png 600w\" sizes=\"(max-width: 1925px) 100vw, 1925px\" \/> <img loading=\"lazy\" decoding=\"async\" class=\"alignnone wp-image-2092 size-large\" src=\"http:\/\/www.xminsulation.com\/wp-content\/uploads\/2024\/05\/\u56fe\u724720-3-839x1024.png\" alt=\"\" width=\"839\" height=\"1024\" srcset=\"https:\/\/www.xminsulation.com\/wp-content\/uploads\/2024\/05\/\u56fe\u724720-3-839x1024.png 839w, https:\/\/www.xminsulation.com\/wp-content\/uploads\/2024\/05\/\u56fe\u724720-3-246x300.png 246w, https:\/\/www.xminsulation.com\/wp-content\/uploads\/2024\/05\/\u56fe\u724720-3-768x937.png 768w, https:\/\/www.xminsulation.com\/wp-content\/uploads\/2024\/05\/\u56fe\u724720-3-1258x1536.png 1258w, https:\/\/www.xminsulation.com\/wp-content\/uploads\/2024\/05\/\u56fe\u724720-3-600x732.png 600w, https:\/\/www.xminsulation.com\/wp-content\/uploads\/2024\/05\/\u56fe\u724720-3.png 1505w\" sizes=\"(max-width: 839px) 100vw, 839px\" \/><\/p>\n<h2><strong><b>Interno <\/b><\/strong><strong><b>S<\/b><\/strong><strong><b>estructura de <\/b><\/strong><strong><b>l<\/b><\/strong><strong><b>flor <\/b><\/strong><strong><b>I<\/b><\/strong><strong><b>solaci\u00f3n <\/b><\/strong><strong><b>Aparamenta con aislamiento de aire seco<\/b><\/strong><\/h2>\n<p><img loading=\"lazy\" decoding=\"async\" class=\"alignnone wp-image-2093 size-full\" src=\"http:\/\/www.xminsulation.com\/wp-content\/uploads\/2024\/05\/\u56fe\u724721-3.png\" alt=\"\" width=\"1065\" height=\"786\" srcset=\"https:\/\/www.xminsulation.com\/wp-content\/uploads\/2024\/05\/\u56fe\u724721-3.png 1065w, https:\/\/www.xminsulation.com\/wp-content\/uploads\/2024\/05\/\u56fe\u724721-3-300x221.png 300w, https:\/\/www.xminsulation.com\/wp-content\/uploads\/2024\/05\/\u56fe\u724721-3-1024x756.png 1024w, https:\/\/www.xminsulation.com\/wp-content\/uploads\/2024\/05\/\u56fe\u724721-3-768x567.png 768w, https:\/\/www.xminsulation.com\/wp-content\/uploads\/2024\/05\/\u56fe\u724721-3-600x443.png 600w\" sizes=\"(max-width: 1065px) 100vw, 1065px\" \/><\/p>\n<p>1\uff0c\u4fa7\u6269\u5957\u7ba1. Carcasa de expansi\u00f3n lateral.<\/p>\n<p>2\uff0c\u65ad\u8def\u5668(\u8d1f\u8377\u5f00\u5173). Disyuntor (interruptor de carga).<\/p>\n<p>3\uff0c\u4e09\u5de5\u4f4d\u4e0b\u9694\u79bb\u7684\u9694\u79bb\u5f00\u5173. Interruptor de aislamiento de tres estaciones.<\/p>\n<p>4, \u6bcd \u7ebf. Barra colectora.<\/p>\n<p>5\uff0c\u8fdb\u7ebf\u5957\u7ba1. Casquillo de entrada.<\/p>\n<p>6\uff0c\u6c14\u7bb1. Tanque de aire.<\/p>\n<p>7\uff0c\u6c14\u538b\u8868. Bar\u00f3metro.<\/p>\n<p>8\uff0c\u65ad\u8def\u5668(\u8d1f\u8377\u5f00\u5173)\u673a\u6784. Mecanismo de disyuntor (interruptor de carga).<\/p>\n<p>9\uff0c\u89c2\u5bdf\u706f. Luz de observaci\u00f3n.<\/p>\n<p>10\uff0c\u4e09\u5de5\u4f4d\u9694\u79bb\u673a\u6784. Mecanismo de aislamiento de tres estaciones.<\/p>\n<p>11\uff0c\u63a5\u5730\u89c2\u5bdf\u7a97. Ventana de observaci\u00f3n del suelo.<\/p>\n<h2><strong><b>Notas de instalaci\u00f3n<\/b><\/strong><\/h2>\n<p>Este producto debe instalarse en el canal de acero incrustado en la plataforma de concreto, y la base de la plataforma debe ser suficiente para soportar el peso total del equipo.<\/p>\n<p>Nota: El acero del canal de cimentaci\u00f3n para el vertido secundario est\u00e1 pandeado y el desnivel por metro no supera 1 mm. El gabinete de distribuci\u00f3n se fija sobre el canal de acero de la base y la carga b\u00e1sica del gabinete de distribuci\u00f3n soldado puede ser de 500 a 700 kg\/unidad.<\/p>\n<p><strong><b>Cimentaci\u00f3n y dimensiones generales (mm):<\/b><\/strong><\/p>\n<p><img loading=\"lazy\" decoding=\"async\" class=\"alignnone wp-image-2094 size-large\" src=\"http:\/\/www.xminsulation.com\/wp-content\/uploads\/2024\/05\/\u56fe\u724722-3-1024x1021.png\" alt=\"\" width=\"1024\" height=\"1021\" srcset=\"https:\/\/www.xminsulation.com\/wp-content\/uploads\/2024\/05\/\u56fe\u724722-3-1024x1021.png 1024w, https:\/\/www.xminsulation.com\/wp-content\/uploads\/2024\/05\/\u56fe\u724722-3-300x300.png 300w, https:\/\/www.xminsulation.com\/wp-content\/uploads\/2024\/05\/\u56fe\u724722-3-150x150.png 150w, https:\/\/www.xminsulation.com\/wp-content\/uploads\/2024\/05\/\u56fe\u724722-3-768x766.png 768w, https:\/\/www.xminsulation.com\/wp-content\/uploads\/2024\/05\/\u56fe\u724722-3-1536x1531.png 1536w, https:\/\/www.xminsulation.com\/wp-content\/uploads\/2024\/05\/\u56fe\u724722-3-600x598.png 600w, https:\/\/www.xminsulation.com\/wp-content\/uploads\/2024\/05\/\u56fe\u724722-3-100x100.png 100w, https:\/\/www.xminsulation.com\/wp-content\/uploads\/2024\/05\/\u56fe\u724722-3.png 1677w\" sizes=\"(max-width: 1024px) 100vw, 1024px\" \/><\/p>\n<p><strong><b>Cambiar <\/b><\/strong><strong><b>C<\/b><\/strong><strong><b>gabinete y <\/b><\/strong><strong><b>A<\/b><\/strong><strong><b>apariencia <\/b><\/strong><strong><b>I<\/b><\/strong><strong><b>instalaci\u00f3n <\/b><\/strong><strong><b>D<\/b><\/strong><strong><b>dimensiones (mm):<\/b><\/strong><\/p>\n<p>La altura del armario de distribuci\u00f3n es de 1650 mm (sin cuarto de instrumentos independiente). Si se requieren instrumentos independientes, la altura del interruptor es de 2000 mm. La profundidad del gabinete de configuraci\u00f3n est\u00e1ndar es de 850 mm.<\/p>\n<p><img loading=\"lazy\" decoding=\"async\" class=\"alignnone wp-image-2095 size-full\" src=\"http:\/\/www.xminsulation.com\/wp-content\/uploads\/2024\/05\/\u56fe\u724723-2.png\" alt=\"\" width=\"1103\" height=\"1595\" srcset=\"https:\/\/www.xminsulation.com\/wp-content\/uploads\/2024\/05\/\u56fe\u724723-2.png 1103w, https:\/\/www.xminsulation.com\/wp-content\/uploads\/2024\/05\/\u56fe\u724723-2-207x300.png 207w, https:\/\/www.xminsulation.com\/wp-content\/uploads\/2024\/05\/\u56fe\u724723-2-708x1024.png 708w, https:\/\/www.xminsulation.com\/wp-content\/uploads\/2024\/05\/\u56fe\u724723-2-768x1111.png 768w, https:\/\/www.xminsulation.com\/wp-content\/uploads\/2024\/05\/\u56fe\u724723-2-1062x1536.png 1062w, https:\/\/www.xminsulation.com\/wp-content\/uploads\/2024\/05\/\u56fe\u724723-2-600x868.png 600w\" sizes=\"(max-width: 1103px) 100vw, 1103px\" \/><\/p>\n<h2><strong><b>Mantenimiento del producto<\/b><\/strong><\/h2>\n<p>Todos los componentes dentro del IE-EcoAir-24kV-630A no requieren mantenimiento durante la vida \u00fatil declarada del producto.<\/p>\n<p>Se pueden observar las posiciones de aislamiento y conexi\u00f3n a tierra para brindar garant\u00eda de seguridad para la operaci\u00f3n y la construcci\u00f3n del cable.<\/p>\n<p>El circuito del sistema est\u00e1 completamente aislado de la atm\u00f3sfera y se ha dise\u00f1ado un canal especial de alivio de presi\u00f3n del arco en la caja de aire para garantizar la seguridad de los operadores y del equipo.<\/p>\n<p>La parte mec\u00e1nica est\u00e1 ubicada fuera de la caja de aire y detr\u00e1s del panel frontal, lo que facilita su operaci\u00f3n y reemplazo. La superficie de la parte mec\u00e1nica ha sido sometida a un tratamiento anticorrosi\u00f3n y sus partes m\u00f3viles han sido lubricadas antes de salir de f\u00e1brica, lo que puede cumplir con el ciclo de vida del producto. En ambientes extremos (polvo, arena y suciedad), puede ser necesario realizar inspecciones, mantenimiento y, en algunos casos, reemplazo.<\/p>\n<h2>\u25c6Personalizaci\u00f3n especial<\/h2>\n<p>Los par\u00e1metros anteriores son datos t\u00edpicos; Si los estilos existentes no satisfacen sus demandas espec\u00edficas, cont\u00e1ctenos para obtener un dise\u00f1o personalizado. Contamos con importantes habilidades de producci\u00f3n y desarrollo de personalizaci\u00f3n personalizada, lo que nos permite brindar soluciones personalizadas a clientes de todo el mundo.<\/p>","protected":false},"excerpt":{"rendered":"<p>General Information In medium-voltage power distribution systems, the most commonly used ring network cabinets currently include SF6 gas insulated ring network cabinets, solid insulated ring network cabinets and environmentally friendly gas insulated ring network cabinets. However, due to the greenhouse gas emission problem of SF6 and the difficulty of recycling solid insulation materials, the application [&hellip;]<\/p>","protected":false},"featured_media":2089,"template":"","meta":{"site-sidebar-layout":"default","site-content-layout":"","ast-site-content-layout":"default","site-content-style":"default","site-sidebar-style":"default","ast-global-header-display":"","ast-banner-title-visibility":"","ast-main-header-display":"","ast-hfb-above-header-display":"","ast-hfb-below-header-display":"","ast-hfb-mobile-header-display":"","site-post-title":"","ast-breadcrumbs-content":"","ast-featured-img":"","footer-sml-layout":"","theme-transparent-header-meta":"default","adv-header-id-meta":"","stick-header-meta":"","header-above-stick-meta":"","header-main-stick-meta":"","header-below-stick-meta":"","astra-migrate-meta-layouts":"set","ast-page-background-enabled":"default","ast-page-background-meta":{"desktop":{"background-color":"","background-image":"","background-repeat":"repeat","background-position":"center center","background-size":"auto","background-attachment":"scroll","background-type":"","background-media":"","overlay-type":"","overlay-color":"","overlay-gradient":""},"tablet":{"background-color":"","background-image":"","background-repeat":"repeat","background-position":"center center","background-size":"auto","background-attachment":"scroll","background-type":"","background-media":"","overlay-type":"","overlay-color":"","overlay-gradient":""},"mobile":{"background-color":"","background-image":"","background-repeat":"repeat","background-position":"center center","background-size":"auto","background-attachment":"scroll","background-type":"","background-media":"","overlay-type":"","overlay-color":"","overlay-gradient":""}},"ast-content-background-meta":{"desktop":{"background-color":"var(--ast-global-color-5)","background-image":"","background-repeat":"repeat","background-position":"center center","background-size":"auto","background-attachment":"scroll","background-type":"","background-media":"","overlay-type":"","overlay-color":"","overlay-gradient":""},"tablet":{"background-color":"var(--ast-global-color-5)","background-image":"","background-repeat":"repeat","background-position":"center center","background-size":"auto","background-attachment":"scroll","background-type":"","background-media":"","overlay-type":"","overlay-color":"","overlay-gradient":""},"mobile":{"background-color":"var(--ast-global-color-5)","background-image":"","background-repeat":"repeat","background-position":"center center","background-size":"auto","background-attachment":"scroll","background-type":"","background-media":"","overlay-type":"","overlay-color":"","overlay-gradient":""}}},"product_cat":[32],"product_tag":[],"class_list":{"0":"post-2088","1":"product","2":"type-product","3":"status-publish","4":"has-post-thumbnail","6":"product_cat-10-24kv-dry-air-insulated-switchgear-rmu-sf6-free","7":"desktop-align-left","8":"tablet-align-left","9":"mobile-align-left","11":"first","12":"instock","13":"shipping-taxable","14":"product-type-simple"},"_links":{"self":[{"href":"https:\/\/www.xminsulation.com\/es\/wp-json\/wp\/v2\/product\/2088","targetHints":{"allow":["GET"]}}],"collection":[{"href":"https:\/\/www.xminsulation.com\/es\/wp-json\/wp\/v2\/product"}],"about":[{"href":"https:\/\/www.xminsulation.com\/es\/wp-json\/wp\/v2\/types\/product"}],"wp:featuredmedia":[{"embeddable":true,"href":"https:\/\/www.xminsulation.com\/es\/wp-json\/wp\/v2\/media\/2089"}],"wp:attachment":[{"href":"https:\/\/www.xminsulation.com\/es\/wp-json\/wp\/v2\/media?parent=2088"}],"wp:term":[{"taxonomy":"product_cat","embeddable":true,"href":"https:\/\/www.xminsulation.com\/es\/wp-json\/wp\/v2\/product_cat?post=2088"},{"taxonomy":"product_tag","embeddable":true,"href":"https:\/\/www.xminsulation.com\/es\/wp-json\/wp\/v2\/product_tag?post=2088"}],"curies":[{"name":"wp","href":"https:\/\/api.w.org\/{rel}","templated":true}]}}