{"id":2084,"date":"2024-05-17T09:55:24","date_gmt":"2024-05-17T01:55:24","guid":{"rendered":"http:\/\/www.xminsulation.com\/?post_type=product&#038;p=2084"},"modified":"2024-05-17T09:55:24","modified_gmt":"2024-05-17T01:55:24","slug":"spring-operating-mechanism-fuse-combination-mechanism-outlet-mechanism","status":"publish","type":"product","link":"https:\/\/www.xminsulation.com\/es\/product\/spring-operating-mechanism-fuse-combination-mechanism-outlet-mechanism\/","title":{"rendered":"Mecanismo de combinaci\u00f3n de mecanismo de operaci\u00f3n de resorte y fusible (mecanismo de salida)"},"content":{"rendered":"<p><img fetchpriority=\"high\" decoding=\"async\" class=\"alignnone wp-image-2085 size-full\" src=\"http:\/\/www.xminsulation.com\/wp-content\/uploads\/2024\/05\/\u56fe\u724714-3.png\" alt=\"\" width=\"1000\" height=\"1000\" srcset=\"https:\/\/www.xminsulation.com\/wp-content\/uploads\/2024\/05\/\u56fe\u724714-3.png 1000w, https:\/\/www.xminsulation.com\/wp-content\/uploads\/2024\/05\/\u56fe\u724714-3-300x300.png 300w, https:\/\/www.xminsulation.com\/wp-content\/uploads\/2024\/05\/\u56fe\u724714-3-150x150.png 150w, https:\/\/www.xminsulation.com\/wp-content\/uploads\/2024\/05\/\u56fe\u724714-3-768x768.png 768w, https:\/\/www.xminsulation.com\/wp-content\/uploads\/2024\/05\/\u56fe\u724714-3-600x600.png 600w, https:\/\/www.xminsulation.com\/wp-content\/uploads\/2024\/05\/\u56fe\u724714-3-100x100.png 100w\" sizes=\"(max-width: 1000px) 100vw, 1000px\" \/><\/p>\n<h2><strong><b>Informaci\u00f3n general<\/b><\/strong><\/h2>\n<p>El mecanismo de operaci\u00f3n por resorte tipo F es adecuado para equipos de interruptores de carga de media y alta tensi\u00f3n, tanto en interiores como en exteriores. Esta serie de mecanismos utiliza un resorte de espiral plano para controlar el funcionamiento del interruptor de carga, y la operaci\u00f3n de puesta a tierra utiliza un resorte de compresi\u00f3n para controlar el centro. Ofrece tres posiciones de trabajo: cierre, apertura y puesta a tierra. Las posiciones de puesta a tierra y cierre cuentan con enclavamientos mec\u00e1nicos para evitar un funcionamiento incorrecto. Este producto se caracteriza por su tama\u00f1o moderado, f\u00e1cil instalaci\u00f3n y uso, y gran adaptabilidad.<\/p>\n<p>Este mecanismo cumple con los requisitos pertinentes de GB3804-2004 \u201cInterruptor de conformidad con CA de alto voltaje de 3,6 a 40,5 kV\u201d y GB16926-2009 \u201cInterruptor-fusible combinado de conformidad con CA de alto voltaje para aparato el\u00e9ctrico\u201d.<\/p>\n<p><img decoding=\"async\" class=\"alignnone wp-image-2086 size-full\" src=\"http:\/\/www.xminsulation.com\/wp-content\/uploads\/2024\/05\/\u56fe\u724715-3.png\" alt=\"\" width=\"816\" height=\"542\" srcset=\"https:\/\/www.xminsulation.com\/wp-content\/uploads\/2024\/05\/\u56fe\u724715-3.png 816w, https:\/\/www.xminsulation.com\/wp-content\/uploads\/2024\/05\/\u56fe\u724715-3-300x199.png 300w, https:\/\/www.xminsulation.com\/wp-content\/uploads\/2024\/05\/\u56fe\u724715-3-768x510.png 768w, https:\/\/www.xminsulation.com\/wp-content\/uploads\/2024\/05\/\u56fe\u724715-3-600x399.png 600w\" sizes=\"(max-width: 816px) 100vw, 816px\" \/><\/p>\n<h2><strong><b>oh<\/b><\/strong><strong><b>operando <\/b><\/strong><strong><b>I<\/b><\/strong><strong><b>instrucciones<\/b><\/strong><\/h2>\n<ol>\n<li>Almacenamiento de energ\u00eda institucional:<\/li>\n<\/ol>\n<p>Instale y fije el mecanismo en el cuerpo, use una manija de operaci\u00f3n especial, ins\u00e9rtela en la parte superior del mecanismo (eje de operaci\u00f3n de cierre) y g\u00edrela en el sentido de las agujas del reloj aproximadamente 120\u00b0 para completar el almacenamiento de energ\u00eda del resorte del mecanismo, o se puede energizar el motor de operaci\u00f3n el\u00e9ctrico para almacenar energ\u00eda.<\/p>\n<ol start=\"2\">\n<li>Operaci\u00f3n de cierre:<\/li>\n<\/ol>\n<p>Presione el bot\u00f3n de apertura (o simule que se dispara el fusible) u opere el\u00e9ctricamente la bobina de apertura para energizar, y otro resorte puede liberar el mecanismo para impulsar el cuerpo principal para que se abra y el circuito principal se interrumpa.<\/p>\n<ol start=\"3\">\n<li>Operaci\u00f3n de cierre de terreno:<\/li>\n<\/ol>\n<p>Inserte la manija de operaci\u00f3n en la parte inferior del mecanismo (eje de puesta a tierra) y g\u00edrela unos 90\u00b0 en sentido horario. El cuerpo cerrar\u00e1 el circuito de puesta a tierra gracias a la fuerza del resorte del mecanismo.<\/p>\n<ol start=\"4\">\n<li>Operaci\u00f3n de apertura del suelo:<\/li>\n<\/ol>\n<p>Inserte la manija de operaci\u00f3n en la parte inferior del mecanismo (eje de operaci\u00f3n de puesta a tierra) y g\u00edrela unos 90\u00b0 en sentido antihorario. El circuito de puesta a tierra del cuerpo se abre gracias a la fuerza del resorte del mecanismo. Existe un enclavamiento mec\u00e1nico entre las operaciones de cierre, apertura y puesta a tierra. En estado abierto (aislamiento), se puede operar el cierre o la puesta a tierra. Una vez que la operaci\u00f3n se realiza correctamente, la otra operaci\u00f3n se bloquea.<\/p>\n<h2><strong><b>Tama\u00f1o del producto<\/b><\/strong><\/h2>\n<p><img decoding=\"async\" class=\"alignnone wp-image-2087 size-full\" src=\"http:\/\/www.xminsulation.com\/wp-content\/uploads\/2024\/05\/\u56fe\u724716-3.png\" alt=\"\" width=\"1000\" height=\"1000\" srcset=\"https:\/\/www.xminsulation.com\/wp-content\/uploads\/2024\/05\/\u56fe\u724716-3.png 1000w, https:\/\/www.xminsulation.com\/wp-content\/uploads\/2024\/05\/\u56fe\u724716-3-300x300.png 300w, https:\/\/www.xminsulation.com\/wp-content\/uploads\/2024\/05\/\u56fe\u724716-3-150x150.png 150w, https:\/\/www.xminsulation.com\/wp-content\/uploads\/2024\/05\/\u56fe\u724716-3-768x768.png 768w, https:\/\/www.xminsulation.com\/wp-content\/uploads\/2024\/05\/\u56fe\u724716-3-600x600.png 600w, https:\/\/www.xminsulation.com\/wp-content\/uploads\/2024\/05\/\u56fe\u724716-3-100x100.png 100w\" sizes=\"(max-width: 1000px) 100vw, 1000px\" \/><\/p>\n<h2>\u25c6Personalizaci\u00f3n especial<\/h2>\n<p>Los par\u00e1metros anteriores son datos t\u00edpicos; Si los estilos existentes no satisfacen sus demandas espec\u00edficas, cont\u00e1ctenos para obtener un dise\u00f1o personalizado. Contamos con importantes habilidades de producci\u00f3n y desarrollo de personalizaci\u00f3n personalizada, lo que nos permite brindar soluciones personalizadas a clientes de todo el mundo.<\/p>\n<p>&nbsp;<\/p>","protected":false},"excerpt":{"rendered":"<p>General Information The F-type spring operating mechanism is suitable for indoor and outdoor medium and high-voltage load switch equipment. This series of mechanisms uses a flat scroll spring to control the operation of the load switch, and the grounding operation uses a compression spring to control the center. There are three working positions: closing, opening [&hellip;]<\/p>","protected":false},"featured_media":2085,"template":"","meta":{"site-sidebar-layout":"default","site-content-layout":"","ast-site-content-layout":"default","site-content-style":"default","site-sidebar-style":"default","ast-global-header-display":"","ast-banner-title-visibility":"","ast-main-header-display":"","ast-hfb-above-header-display":"","ast-hfb-below-header-display":"","ast-hfb-mobile-header-display":"","site-post-title":"","ast-breadcrumbs-content":"","ast-featured-img":"","footer-sml-layout":"","theme-transparent-header-meta":"default","adv-header-id-meta":"","stick-header-meta":"","header-above-stick-meta":"","header-main-stick-meta":"","header-below-stick-meta":"","astra-migrate-meta-layouts":"set","ast-page-background-enabled":"default","ast-page-background-meta":{"desktop":{"background-color":"","background-image":"","background-repeat":"repeat","background-position":"center center","background-size":"auto","background-attachment":"scroll","background-type":"","background-media":"","overlay-type":"","overlay-color":"","overlay-gradient":""},"tablet":{"background-color":"","background-image":"","background-repeat":"repeat","background-position":"center center","background-size":"auto","background-attachment":"scroll","background-type":"","background-media":"","overlay-type":"","overlay-color":"","overlay-gradient":""},"mobile":{"background-color":"","background-image":"","background-repeat":"repeat","background-position":"center center","background-size":"auto","background-attachment":"scroll","background-type":"","background-media":"","overlay-type":"","overlay-color":"","overlay-gradient":""}},"ast-content-background-meta":{"desktop":{"background-color":"var(--ast-global-color-5)","background-image":"","background-repeat":"repeat","background-position":"center center","background-size":"auto","background-attachment":"scroll","background-type":"","background-media":"","overlay-type":"","overlay-color":"","overlay-gradient":""},"tablet":{"background-color":"var(--ast-global-color-5)","background-image":"","background-repeat":"repeat","background-position":"center center","background-size":"auto","background-attachment":"scroll","background-type":"","background-media":"","overlay-type":"","overlay-color":"","overlay-gradient":""},"mobile":{"background-color":"var(--ast-global-color-5)","background-image":"","background-repeat":"repeat","background-position":"center center","background-size":"auto","background-attachment":"scroll","background-type":"","background-media":"","overlay-type":"","overlay-color":"","overlay-gradient":""}}},"product_cat":[39],"product_tag":[],"class_list":{"0":"post-2084","1":"product","2":"type-product","3":"status-publish","4":"has-post-thumbnail","6":"product_cat-operating-mechanism","7":"desktop-align-left","8":"tablet-align-left","9":"mobile-align-left","11":"first","12":"instock","13":"shipping-taxable","14":"product-type-simple"},"_links":{"self":[{"href":"https:\/\/www.xminsulation.com\/es\/wp-json\/wp\/v2\/product\/2084","targetHints":{"allow":["GET"]}}],"collection":[{"href":"https:\/\/www.xminsulation.com\/es\/wp-json\/wp\/v2\/product"}],"about":[{"href":"https:\/\/www.xminsulation.com\/es\/wp-json\/wp\/v2\/types\/product"}],"wp:featuredmedia":[{"embeddable":true,"href":"https:\/\/www.xminsulation.com\/es\/wp-json\/wp\/v2\/media\/2085"}],"wp:attachment":[{"href":"https:\/\/www.xminsulation.com\/es\/wp-json\/wp\/v2\/media?parent=2084"}],"wp:term":[{"taxonomy":"product_cat","embeddable":true,"href":"https:\/\/www.xminsulation.com\/es\/wp-json\/wp\/v2\/product_cat?post=2084"},{"taxonomy":"product_tag","embeddable":true,"href":"https:\/\/www.xminsulation.com\/es\/wp-json\/wp\/v2\/product_tag?post=2084"}],"curies":[{"name":"wp","href":"https:\/\/api.w.org\/{rel}","templated":true}]}}