{"id":2067,"date":"2024-05-17T09:45:30","date_gmt":"2024-05-17T01:45:30","guid":{"rendered":"http:\/\/www.xminsulation.com\/?post_type=product&#038;p=2067"},"modified":"2024-05-23T21:53:26","modified_gmt":"2024-05-23T13:53:26","slug":"permanent-magnet-mechanism-magnetic-actuator","status":"publish","type":"product","link":"https:\/\/www.xminsulation.com\/es\/product\/permanent-magnet-mechanism-magnetic-actuator\/","title":{"rendered":"Actuador magn\u00e9tico del mecanismo de im\u00e1n permanente"},"content":{"rendered":"<p><img fetchpriority=\"high\" decoding=\"async\" class=\"alignnone wp-image-2068 size-full\" src=\"http:\/\/www.xminsulation.com\/wp-content\/uploads\/2024\/05\/\u56fe\u72471-3.png\" alt=\"\" width=\"1000\" height=\"1000\" srcset=\"https:\/\/www.xminsulation.com\/wp-content\/uploads\/2024\/05\/\u56fe\u72471-3.png 1000w, https:\/\/www.xminsulation.com\/wp-content\/uploads\/2024\/05\/\u56fe\u72471-3-300x300.png 300w, https:\/\/www.xminsulation.com\/wp-content\/uploads\/2024\/05\/\u56fe\u72471-3-150x150.png 150w, https:\/\/www.xminsulation.com\/wp-content\/uploads\/2024\/05\/\u56fe\u72471-3-768x768.png 768w, https:\/\/www.xminsulation.com\/wp-content\/uploads\/2024\/05\/\u56fe\u72471-3-600x600.png 600w, https:\/\/www.xminsulation.com\/wp-content\/uploads\/2024\/05\/\u56fe\u72471-3-100x100.png 100w\" sizes=\"(max-width: 1000px) 100vw, 1000px\" \/> <img decoding=\"async\" class=\"alignnone wp-image-2069 size-full\" src=\"http:\/\/www.xminsulation.com\/wp-content\/uploads\/2024\/05\/\u56fe\u72472-5.png\" alt=\"\" width=\"1000\" height=\"1000\" srcset=\"https:\/\/www.xminsulation.com\/wp-content\/uploads\/2024\/05\/\u56fe\u72472-5.png 1000w, https:\/\/www.xminsulation.com\/wp-content\/uploads\/2024\/05\/\u56fe\u72472-5-300x300.png 300w, https:\/\/www.xminsulation.com\/wp-content\/uploads\/2024\/05\/\u56fe\u72472-5-150x150.png 150w, https:\/\/www.xminsulation.com\/wp-content\/uploads\/2024\/05\/\u56fe\u72472-5-768x768.png 768w, https:\/\/www.xminsulation.com\/wp-content\/uploads\/2024\/05\/\u56fe\u72472-5-600x600.png 600w, https:\/\/www.xminsulation.com\/wp-content\/uploads\/2024\/05\/\u56fe\u72472-5-100x100.png 100w\" sizes=\"(max-width: 1000px) 100vw, 1000px\" \/> <img decoding=\"async\" class=\"alignnone wp-image-2070 size-full\" src=\"http:\/\/www.xminsulation.com\/wp-content\/uploads\/2024\/05\/\u56fe\u72473-4.png\" alt=\"\" width=\"1000\" height=\"1000\" srcset=\"https:\/\/www.xminsulation.com\/wp-content\/uploads\/2024\/05\/\u56fe\u72473-4.png 1000w, https:\/\/www.xminsulation.com\/wp-content\/uploads\/2024\/05\/\u56fe\u72473-4-300x300.png 300w, https:\/\/www.xminsulation.com\/wp-content\/uploads\/2024\/05\/\u56fe\u72473-4-150x150.png 150w, https:\/\/www.xminsulation.com\/wp-content\/uploads\/2024\/05\/\u56fe\u72473-4-768x768.png 768w, https:\/\/www.xminsulation.com\/wp-content\/uploads\/2024\/05\/\u56fe\u72473-4-600x600.png 600w, https:\/\/www.xminsulation.com\/wp-content\/uploads\/2024\/05\/\u56fe\u72473-4-100x100.png 100w\" sizes=\"(max-width: 1000px) 100vw, 1000px\" \/><\/p>\n<h2><strong><b>Informaci\u00f3n general<\/b><\/strong><\/h2>\n<p>El mecanismo de im\u00e1n permanente monoestable es un referente en la investigaci\u00f3n de materiales met\u00e1licos, mec\u00e1nica y aplicaciones de tecnolog\u00eda electromagn\u00e9tica de potencia. El n\u00facleo incluye un n\u00facleo magn\u00e9tico, una bobina de excitaci\u00f3n, un resorte funcional y otras piezas. Es compacto y de bajo consumo (menos eficiente que los productos convencionales). 1\/4), con una estructura simple, una r\u00e1pida velocidad de respuesta y sin deriva de par\u00e1metros (digital), es la mejor tecnolog\u00eda de chip de control para interruptores de media tensi\u00f3n.<\/p>\n<p>El material del n\u00facleo se funde, forja y procesa con precisi\u00f3n utilizando varias f\u00f3rmulas como hierro Fe, cobalto Co, manganeso Mo y otros procesos especiales para lograr la mejor irregularidad posible del material y resaltar sus caracter\u00edsticas \u00fanicas de memoria magn\u00e9tica de alta fidelidad.<\/p>\n<h2><strong><b>Caracter\u00edsticas del producto<\/b><\/strong><\/h2>\n<ol>\n<li>Gran capacidad de corte, seguro y fiable. La fuerza del mecanismo es superior a 3500 N. Esta fuerza es comparable a la de los mejores interruptores autom\u00e1ticos de alta velocidad. Est\u00e1 equipado con una c\u00e1mara de extinci\u00f3n de arco convencional y ofrece una gran capacidad de corte.<\/li>\n<li>Acci\u00f3n r\u00e1pida. El tiempo de apertura del cuerpo del interruptor es &lt;5 ms, la dispersi\u00f3n del tiempo de apertura y cierre es &lt;1 ms y ofrece protecci\u00f3n multietapa contra errores extremos en toda la l\u00ednea.<\/li>\n<li>Consumo de energ\u00eda ultrabajo. Corriente de cierre &lt;20 A y de apertura &lt;1 A. Capacidad de almacenamiento de energ\u00eda reducida (menor que 301 TP3T en productos tradicionales). Tama\u00f1o compacto y peso ligero.<\/li>\n<li>Ligero y sencillo. Tiene una estructura sencilla, pocas piezas, es ligero, fiable y estable.<\/li>\n<li>Funcionamiento con rangos de temperatura ultra amplios. El nuevo material de aleaci\u00f3n magn\u00e9tica semirr\u00edgida reversible ha elevado la temperatura de desmagnetizaci\u00f3n de los productos tradicionales de 100 \u00b0C a m\u00e1s de 300 \u00b0C, y el tiempo de desmagnetizaci\u00f3n por p\u00e9rdida magn\u00e9tica a largo plazo es inferior a 5%.<\/li>\n<li>Alta resistencia al desgaste. Las piezas magn\u00e9ticas est\u00e1n dise\u00f1adas y fabricadas con materiales de aleaci\u00f3n integrados, con alta dureza y alta resistencia al desgaste.<\/li>\n<\/ol>\n<h2><strong><b>Estructura del producto<\/b><\/strong><\/h2>\n<p>El mecanismo de im\u00e1n permanente consta de un n\u00facleo de hierro m\u00f3vil, un n\u00facleo de hierro fijo, un im\u00e1n permanente, una bobina, un eje impulsor y una placa de aluminio fija.<\/p>\n<p><img loading=\"lazy\" decoding=\"async\" class=\"alignnone wp-image-2071 size-full\" src=\"http:\/\/www.xminsulation.com\/wp-content\/uploads\/2024\/05\/\u56fe\u72474-4.png\" alt=\"\" width=\"743\" height=\"673\" srcset=\"https:\/\/www.xminsulation.com\/wp-content\/uploads\/2024\/05\/\u56fe\u72474-4.png 743w, https:\/\/www.xminsulation.com\/wp-content\/uploads\/2024\/05\/\u56fe\u72474-4-300x272.png 300w, https:\/\/www.xminsulation.com\/wp-content\/uploads\/2024\/05\/\u56fe\u72474-4-600x543.png 600w\" sizes=\"(max-width: 743px) 100vw, 743px\" \/><\/p>\n<h2><strong><b>Yo<\/b><\/strong><strong><b>trabajando <\/b><\/strong><strong><b>PAG<\/b><\/strong><strong><b>principio<\/b><\/strong><\/h2>\n<p>Al cerrar, la fuente de alimentaci\u00f3n carga primero el condensador. El cierre solo se puede realizar cuando el voltaje del condensador es superior a 90%. Al cerrar, el circuito externo del controlador suministra corriente de accionamiento a la bobina y almacena la energ\u00eda almacenada en el condensador. La energ\u00eda el\u00e9ctrica fluye hacia adelante hacia la bobina de im\u00e1n permanente, y el n\u00facleo de hierro m\u00f3vil se mueve en la direcci\u00f3n de cierre bajo la acci\u00f3n de la fuerza electromagn\u00e9tica hasta alcanzar la posici\u00f3n completamente cerrada. En este momento, el circuito magn\u00e9tico del im\u00e1n permanente se cierra y el n\u00facleo de hierro m\u00f3vil es completamente atra\u00eddo, lo que contribuye al cierre y al mantenimiento del efecto.<\/p>\n<p>Al abrir la compuerta, el controlador transfiere la energ\u00eda el\u00e9ctrica almacenada en el condensador a la bobina de im\u00e1n permanente. El campo magn\u00e9tico inverso generado por la bobina compensa el campo magn\u00e9tico del im\u00e1n permanente. La fuerza de retenci\u00f3n es menor que la del resorte de sobrecarrera. Bajo la acci\u00f3n del resorte de apertura, el n\u00facleo de hierro m\u00f3vil se separa del cuerpo principal del mecanismo y acciona el eje de transmisi\u00f3n para mantener el interruptor autom\u00e1tico en posici\u00f3n abierta.<\/p>\n<p><img loading=\"lazy\" decoding=\"async\" class=\"alignnone wp-image-2072 size-full\" src=\"http:\/\/www.xminsulation.com\/wp-content\/uploads\/2024\/05\/\u56fe\u72475-5.png\" alt=\"\" width=\"818\" height=\"274\" srcset=\"https:\/\/www.xminsulation.com\/wp-content\/uploads\/2024\/05\/\u56fe\u72475-5.png 818w, https:\/\/www.xminsulation.com\/wp-content\/uploads\/2024\/05\/\u56fe\u72475-5-300x100.png 300w, https:\/\/www.xminsulation.com\/wp-content\/uploads\/2024\/05\/\u56fe\u72475-5-768x257.png 768w, https:\/\/www.xminsulation.com\/wp-content\/uploads\/2024\/05\/\u56fe\u72475-5-600x201.png 600w\" sizes=\"(max-width: 818px) 100vw, 818px\" \/><\/p>\n<h2><strong><b>Tama\u00f1o del producto<\/b><\/strong><\/h2>\n<p><img loading=\"lazy\" decoding=\"async\" class=\"alignnone wp-image-2073 size-full\" src=\"http:\/\/www.xminsulation.com\/wp-content\/uploads\/2024\/05\/\u56fe\u72476-4.png\" alt=\"\" width=\"905\" height=\"745\" srcset=\"https:\/\/www.xminsulation.com\/wp-content\/uploads\/2024\/05\/\u56fe\u72476-4.png 905w, https:\/\/www.xminsulation.com\/wp-content\/uploads\/2024\/05\/\u56fe\u72476-4-300x247.png 300w, https:\/\/www.xminsulation.com\/wp-content\/uploads\/2024\/05\/\u56fe\u72476-4-768x632.png 768w, https:\/\/www.xminsulation.com\/wp-content\/uploads\/2024\/05\/\u56fe\u72476-4-600x494.png 600w\" sizes=\"(max-width: 905px) 100vw, 905px\" \/><\/p>\n<h2><strong><b>Instrucciones de pedido<\/b><\/strong><\/h2>\n<ol>\n<li>Aseg\u00farese de que el mecanismo sea monoestable o biestable.<\/li>\n<li>Aseg\u00farese de que el mecanismo sea cuadrado, redondo o semicuadrado y semicircular.<\/li>\n<li>Confirme si el voltaje de funcionamiento del mecanismo es DC220V.<\/li>\n<li>Por favor confirmar el itinerario de la organizaci\u00f3n.<\/li>\n<\/ol>\n<h2>\u25c6Personalizaci\u00f3n especial<\/h2>\n<p>Los par\u00e1metros anteriores son datos t\u00edpicos; Si los estilos existentes no satisfacen sus demandas espec\u00edficas, cont\u00e1ctenos para obtener un dise\u00f1o personalizado. Contamos con importantes habilidades de producci\u00f3n y desarrollo de personalizaci\u00f3n personalizada, lo que nos permite brindar soluciones personalizadas a clientes de todo el mundo.<\/p>","protected":false},"excerpt":{"rendered":"<p>General Information The monostable permanent magnet mechanism is a master of metal materials, mechanics, and power electromagnetic technology application research. The core includes a magnetic core, an excitation coil, a functional spring, and other parts. It has small size and low power consumption (not as good as conventional products). 1\/4), with simple structure, fast response [&hellip;]<\/p>","protected":false},"featured_media":2068,"template":"","meta":{"site-sidebar-layout":"default","site-content-layout":"","ast-site-content-layout":"default","site-content-style":"default","site-sidebar-style":"default","ast-global-header-display":"","ast-banner-title-visibility":"","ast-main-header-display":"","ast-hfb-above-header-display":"","ast-hfb-below-header-display":"","ast-hfb-mobile-header-display":"","site-post-title":"","ast-breadcrumbs-content":"","ast-featured-img":"","footer-sml-layout":"","theme-transparent-header-meta":"default","adv-header-id-meta":"","stick-header-meta":"","header-above-stick-meta":"","header-main-stick-meta":"","header-below-stick-meta":"","astra-migrate-meta-layouts":"set","ast-page-background-enabled":"default","ast-page-background-meta":{"desktop":{"background-color":"","background-image":"","background-repeat":"repeat","background-position":"center center","background-size":"auto","background-attachment":"scroll","background-type":"","background-media":"","overlay-type":"","overlay-color":"","overlay-gradient":""},"tablet":{"background-color":"","background-image":"","background-repeat":"repeat","background-position":"center center","background-size":"auto","background-attachment":"scroll","background-type":"","background-media":"","overlay-type":"","overlay-color":"","overlay-gradient":""},"mobile":{"background-color":"","background-image":"","background-repeat":"repeat","background-position":"center center","background-size":"auto","background-attachment":"scroll","background-type":"","background-media":"","overlay-type":"","overlay-color":"","overlay-gradient":""}},"ast-content-background-meta":{"desktop":{"background-color":"var(--ast-global-color-5)","background-image":"","background-repeat":"repeat","background-position":"center center","background-size":"auto","background-attachment":"scroll","background-type":"","background-media":"","overlay-type":"","overlay-color":"","overlay-gradient":""},"tablet":{"background-color":"var(--ast-global-color-5)","background-image":"","background-repeat":"repeat","background-position":"center center","background-size":"auto","background-attachment":"scroll","background-type":"","background-media":"","overlay-type":"","overlay-color":"","overlay-gradient":""},"mobile":{"background-color":"var(--ast-global-color-5)","background-image":"","background-repeat":"repeat","background-position":"center center","background-size":"auto","background-attachment":"scroll","background-type":"","background-media":"","overlay-type":"","overlay-color":"","overlay-gradient":""}}},"product_cat":[39],"product_tag":[],"class_list":{"0":"post-2067","1":"product","2":"type-product","3":"status-publish","4":"has-post-thumbnail","6":"product_cat-operating-mechanism","7":"desktop-align-left","8":"tablet-align-left","9":"mobile-align-left","11":"first","12":"instock","13":"shipping-taxable","14":"product-type-simple"},"_links":{"self":[{"href":"https:\/\/www.xminsulation.com\/es\/wp-json\/wp\/v2\/product\/2067","targetHints":{"allow":["GET"]}}],"collection":[{"href":"https:\/\/www.xminsulation.com\/es\/wp-json\/wp\/v2\/product"}],"about":[{"href":"https:\/\/www.xminsulation.com\/es\/wp-json\/wp\/v2\/types\/product"}],"wp:featuredmedia":[{"embeddable":true,"href":"https:\/\/www.xminsulation.com\/es\/wp-json\/wp\/v2\/media\/2068"}],"wp:attachment":[{"href":"https:\/\/www.xminsulation.com\/es\/wp-json\/wp\/v2\/media?parent=2067"}],"wp:term":[{"taxonomy":"product_cat","embeddable":true,"href":"https:\/\/www.xminsulation.com\/es\/wp-json\/wp\/v2\/product_cat?post=2067"},{"taxonomy":"product_tag","embeddable":true,"href":"https:\/\/www.xminsulation.com\/es\/wp-json\/wp\/v2\/product_tag?post=2067"}],"curies":[{"name":"wp","href":"https:\/\/api.w.org\/{rel}","templated":true}]}}