{"id":2003,"date":"2025-07-11T10:09:15","date_gmt":"2025-07-11T02:09:15","guid":{"rendered":"http:\/\/www.xminsulation.com\/?post_type=product&#038;p=2003"},"modified":"2025-07-18T11:12:28","modified_gmt":"2025-07-18T03:12:28","slug":"15-6kv-eco-friendly-vacuum-circuit-breaker-sf6-free-ais-vcb","status":"publish","type":"product","link":"https:\/\/www.xminsulation.com\/es\/product\/15-6kv-eco-friendly-vacuum-circuit-breaker-sf6-free-ais-vcb\/","title":{"rendered":"Disyuntor en vac\u00edo ecol\u00f3gico de 15,6 kV (VCB AIS sin SF6)"},"content":{"rendered":"<p><img fetchpriority=\"high\" decoding=\"async\" class=\"alignnone wp-image-2004 size-full\" src=\"http:\/\/www.xminsulation.com\/wp-content\/uploads\/2024\/05\/\u56fe\u724745-2.png\" alt=\"\" width=\"1000\" height=\"1000\" srcset=\"https:\/\/www.xminsulation.com\/wp-content\/uploads\/2024\/05\/\u56fe\u724745-2.png 1000w, https:\/\/www.xminsulation.com\/wp-content\/uploads\/2024\/05\/\u56fe\u724745-2-300x300.png 300w, https:\/\/www.xminsulation.com\/wp-content\/uploads\/2024\/05\/\u56fe\u724745-2-150x150.png 150w, https:\/\/www.xminsulation.com\/wp-content\/uploads\/2024\/05\/\u56fe\u724745-2-768x768.png 768w, https:\/\/www.xminsulation.com\/wp-content\/uploads\/2024\/05\/\u56fe\u724745-2-600x600.png 600w, https:\/\/www.xminsulation.com\/wp-content\/uploads\/2024\/05\/\u56fe\u724745-2-100x100.png 100w\" sizes=\"(max-width: 1000px) 100vw, 1000px\" \/> <img decoding=\"async\" class=\"alignnone wp-image-2005 size-full\" src=\"\/wp-content\/uploads\/2024\/05\/\u56fe\u724746-2.png\" alt=\"\" width=\"1000\" height=\"1000\" srcset=\"https:\/\/www.xminsulation.com\/wp-content\/uploads\/2024\/05\/\u56fe\u724746-2.png 1000w, https:\/\/www.xminsulation.com\/wp-content\/uploads\/2024\/05\/\u56fe\u724746-2-300x300.png 300w, https:\/\/www.xminsulation.com\/wp-content\/uploads\/2024\/05\/\u56fe\u724746-2-150x150.png 150w, https:\/\/www.xminsulation.com\/wp-content\/uploads\/2024\/05\/\u56fe\u724746-2-768x768.png 768w, https:\/\/www.xminsulation.com\/wp-content\/uploads\/2024\/05\/\u56fe\u724746-2-600x600.png 600w, https:\/\/www.xminsulation.com\/wp-content\/uploads\/2024\/05\/\u56fe\u724746-2-100x100.png 100w\" sizes=\"(max-width: 1000px) 100vw, 1000px\" \/> <img decoding=\"async\" class=\"alignnone wp-image-2006 size-full\" src=\"\/wp-content\/uploads\/2024\/05\/\u56fe\u724747-2.png\" alt=\"\" width=\"1000\" height=\"1000\" srcset=\"https:\/\/www.xminsulation.com\/wp-content\/uploads\/2024\/05\/\u56fe\u724747-2.png 1000w, https:\/\/www.xminsulation.com\/wp-content\/uploads\/2024\/05\/\u56fe\u724747-2-300x300.png 300w, https:\/\/www.xminsulation.com\/wp-content\/uploads\/2024\/05\/\u56fe\u724747-2-150x150.png 150w, https:\/\/www.xminsulation.com\/wp-content\/uploads\/2024\/05\/\u56fe\u724747-2-768x768.png 768w, https:\/\/www.xminsulation.com\/wp-content\/uploads\/2024\/05\/\u56fe\u724747-2-600x600.png 600w, https:\/\/www.xminsulation.com\/wp-content\/uploads\/2024\/05\/\u56fe\u724747-2-100x100.png 100w\" sizes=\"(max-width: 1000px) 100vw, 1000px\" \/><\/p>\n<h2><strong><b>Informaci\u00f3n general<\/b><\/strong><\/h2>\n<p>En los sistemas de distribuci\u00f3n de energ\u00eda de media tensi\u00f3n, los gabinetes de red en anillo m\u00e1s utilizados actualmente incluyen gabinetes de red en anillo con aislamiento de gas SF6, gabinetes de red en anillo con aislamiento s\u00f3lido y gabinetes de red en anillo con aislamiento de gas respetuosos con el medio ambiente. Sin embargo, debido al problema de emisi\u00f3n de gases de efecto invernadero del SF6 y la dificultad de reciclar materiales aislantes s\u00f3lidos, la aplicaci\u00f3n de la unidad principal de anillo aislada con gas SF6 y la unidad principal de anillo aislada s\u00f3lida ser\u00e1 limitada. Con la promoci\u00f3n global del concepto de desarrollo ecol\u00f3gico y respetuoso con el medio ambiente, las unidades principales de anillo de gas totalmente aisladas y respetuosas con el medio ambiente que cumplen con los \u00faltimos conceptos y requisitos de protecci\u00f3n ambiental marcar\u00e1n el comienzo de oportunidades de desarrollo hist\u00f3ricas.<\/p>\n<p>Los interruptores ecol\u00f3gicos de la serie IE-EcoAir-15.6\/24kV 630A son una nueva generaci\u00f3n de interruptores autom\u00e1ticos ecol\u00f3gicos y ecol\u00f3gicos \u201clibres de fl\u00faor y con bajo desperdicio de s\u00f3lidos\u201d y unidades principales de anillo con aislamiento de gas amigables con el medio ambiente, desarrollados para reemplazar el aislamiento de gas SF6 tradicional.<\/p>\n<p>El interruptor disyuntor respetuoso con el medio ambiente adopta una viga longitudinal (poste) integrada de alta resistencia, y la c\u00e1mara de extinci\u00f3n de arco al vac\u00edo est\u00e1 envuelta en la estructura de la viga longitudinal (poste). Tiene las ventajas de una estructura simple, f\u00e1cil montaje y depuraci\u00f3n sencilla. A\u00edsla el interruptor de cuchilla. Las operaciones de cierre y puesta a tierra son impulsadas por el husillo de aislamiento integrado sin otra transmisi\u00f3n del brazo. La posici\u00f3n de trabajo es m\u00e1s precisa y la fuerza operativa del mecanismo de aislamiento es m\u00e1s ligera. El eje principal del disyuntor adopta una varilla extra\u00edble de fibra de vidrio epoxi, que tiene una alta resistencia mec\u00e1nica y un fuerte rendimiento de aislamiento. A trav\u00e9s del soporte de aleaci\u00f3n de zinc y la leva de transmisi\u00f3n, se realizan las acciones de apertura y cierre de la c\u00e1mara de extinci\u00f3n de arco al vac\u00edo. Hay cobertizos de silicona entre fases para aumentar la distancia de fuga. . El interruptor disyuntor ecol\u00f3gico no solo es adecuado para unidades principales de anillo con estructura de c\u00e1mara de aire sellada, sino tambi\u00e9n para unidades principales de anillo cerradas de metal de presi\u00f3n normal.<\/p>\n<p>Utilizando una soluci\u00f3n de aislamiento de gas y ruptura de vac\u00edo respetuosa con el medio ambiente, la combinaci\u00f3n de ventajas tiene un alto rendimiento general. La parte viva del circuito primario est\u00e1 sellada con una caja de aire y los componentes de alto voltaje no se ven afectados por la altitud. No requieren ning\u00fan mantenimiento y tienen una gran adaptabilidad medioambiental. El tama\u00f1o del gabinete es peque\u00f1o y el espacio requerido dentro de la caja de aire es bajo. Los productos se pueden utilizar en redes el\u00e9ctricas, grandes industrias, tr\u00e1nsito ferroviario, edificios comerciales y otros escenarios de uso.<\/p>\n<p>Este producto se utiliza principalmente en equipos de conmutaci\u00f3n de redes de anillo interiores y exteriores en sistemas de redes de distribuci\u00f3n de media tensi\u00f3n de 10-24 kV para recibir y distribuir energ\u00eda el\u00e9ctrica. Adecuado para soluciones de gabinetes de red de expansi\u00f3n superior, expansi\u00f3n lateral y de anillo de caja com\u00fan. La tasa com\u00fan de piezas de las soluciones de aislamiento superior e inferior alcanza m\u00e1s de 90%. El producto tiene alta estabilidad y gran versatilidad y cumple plenamente con los requisitos de la prueba de tipo.<\/p>\n<h2><strong><b>Caracter\u00edsticas del producto<\/b><\/strong><\/h2>\n<h3>1. Verde y respetuoso con el medio ambiente.<\/h3>\n<p>a. Utilice aire comprimido seco o nitr\u00f3geno como gas aislante. Tiene una alta intensidad de campo de ionizaci\u00f3n y una intensidad de campo de ruptura. Puede restaurar r\u00e1pidamente el rendimiento del aislamiento despu\u00e9s de una aver\u00eda. Tiene buena estabilidad qu\u00edmica, no es inflamable, no explosivo, no envejece y no es corrosivo. No se descompone f\u00e1cilmente por descarga, tiene una gran capacidad calor\u00edfica espec\u00edfica y buena conductividad t\u00e9rmica y fluidez.<br \/>\nb. Este gas aislante respetuoso con el medio ambiente no s\u00f3lo no es t\u00f3xico e inofensivo, sino que tambi\u00e9n puede descargarse directamente a la atm\u00f3sfera sin provocar contaminaci\u00f3n del aire. Tambi\u00e9n tiene buenas propiedades el\u00e9ctricas y estabilidad. Durante el proceso de s\u00edntesis, operaci\u00f3n de los equipos, arco, vapor de agua, bajo la acci\u00f3n combinada de otros factores externos y el proceso final de descomposici\u00f3n y transformaci\u00f3n, no se producir\u00e1n sustancias t\u00f3xicas o nocivas para las personas y el medio ambiente.<br \/>\nC. El interruptor est\u00e1 fabricado en material termopl\u00e1stico y puede reciclarse. No hay emisiones de gases de efecto invernadero SF6 ni impacto en el medio ambiente, como el reciclaje de residuos s\u00f3lidos.<\/p>\n<h3>2. Espacio compacto.<\/h3>\n<p>Gabinete de distribuci\u00f3n compacto, el ancho de la soluci\u00f3n t\u00edpica de 15,6 kV puede ser de aproximadamente 400 mm, el tama\u00f1o del gabinete es peque\u00f1o y el requisito de espacio de dise\u00f1o es bajo. Instalaci\u00f3n fiable en la pared, canal de operaci\u00f3n de solo 1 m delante del gabinete.<\/p>\n<h3>3. Sin mantenimiento.<\/h3>\n<p>a. Al utilizar una c\u00e1mara de extinci\u00f3n de arco al vac\u00edo de larga duraci\u00f3n y sin mantenimiento, la parte conductora principal no se ve afectada por el entorno externo. Dado que se utiliza aire seco y otros gases respetuosos con el medio ambiente, no es necesario configurar un dispositivo de alarma de fuga de gas SF6 en el sitio. El circuito principal est\u00e1 conectado de forma fija y no requiere mantenimiento de inserci\u00f3n y extracci\u00f3n durante el ciclo de vida.<br \/>\nb. El circuito principal est\u00e1 conectado de forma fija y no requiere mantenimiento de inserci\u00f3n y extracci\u00f3n durante el ciclo de vida.<br \/>\nC. Especialmente indicado para aplicaciones en zonas altiplanicies, costeras, alpinas, de alta contaminaci\u00f3n y otras zonas.<\/p>\n<h3>4. Inteligente.<\/h3>\n<p>La integraci\u00f3n con equipos secundarios puede realizar monitoreo en l\u00ednea, control remoto y protecci\u00f3n de equipos para satisfacer las necesidades de la red de distribuci\u00f3n inteligente.<\/p>\n<h3>5. Modularidad.<\/h3>\n<p>Existen m\u00e9todos de expansi\u00f3n lateral y expansi\u00f3n superior, y la expansi\u00f3n es flexible y conveniente. Est\u00e1 totalmente en l\u00ednea con la estandarizaci\u00f3n de la red el\u00e9ctrica de China y varias soluciones personalizadas.<\/p>\n<h3>6. Seguridad.<\/h3>\n<p>La tecnolog\u00eda sin SF6 evita que las fugas de gas SF6 debiliten el aislamiento y las capacidades de extinci\u00f3n del arco, lo que provoca fallos de rotura y riesgo de explosi\u00f3n de la caja; Tiene una estructura de enclavamiento completa de \u201ccinco pruebas\u201d, lo que hace que la operaci\u00f3n sea segura y sencilla.<\/p>\n<h2><strong><b>Operando <\/b><\/strong><strong><b>C<\/b><\/strong><strong><b>condiciones<\/b><\/strong><\/h2>\n<p>Condiciones ambientales normales:<\/p>\n<ol>\n<li>Temperatura ambiente: temperatura m\u00e1xima +40 \u2103; Temperatura m\u00e1xima promedio de 24 horas +35 \u2103; temperatura m\u00ednima -40 \u2103.<\/li>\n<li>Humedad: La humedad relativa m\u00e1xima promedio medida en 24 horas es 95%; la humedad relativa media m\u00e1xima medida en 1 mes es 90%.<\/li>\n<li>La altitud m\u00e1xima de instalaci\u00f3n es de 1500 metros sin reducir la presi\u00f3n del gas. Cuando la altitud de instalaci\u00f3n supere los 1500 metros, comun\u00edquese con la tecnolog\u00eda de preventa.<\/li>\n<li>La operaci\u00f3n debe cumplir con los requisitos de las normas IEC62271-1 y GB3906. Para condiciones especiales de funcionamiento, el usuario final y el fabricante deben estar de acuerdo. Si se trata de entornos operativos especialmente hostiles, se debe consultar al fabricante. Por ejemplo, cuando se instala equipo el\u00e9ctrico a una altitud superior a 1.500 metros, la presi\u00f3n atmosf\u00e9rica disminuir\u00e1, lo que provocar\u00e1 que la caja de aire se abulte.<\/li>\n<\/ol>\n<p><img loading=\"lazy\" decoding=\"async\" class=\"alignnone wp-image-2242 size-full\" src=\"http:\/\/www.xminsulation.com\/wp-content\/uploads\/2024\/05\/\u56fe\u7247151.png\" alt=\"\" width=\"1796\" height=\"1966\" srcset=\"https:\/\/www.xminsulation.com\/wp-content\/uploads\/2024\/05\/\u56fe\u7247151.png 1796w, https:\/\/www.xminsulation.com\/wp-content\/uploads\/2024\/05\/\u56fe\u7247151-274x300.png 274w, https:\/\/www.xminsulation.com\/wp-content\/uploads\/2024\/05\/\u56fe\u7247151-935x1024.png 935w, https:\/\/www.xminsulation.com\/wp-content\/uploads\/2024\/05\/\u56fe\u7247151-768x841.png 768w, https:\/\/www.xminsulation.com\/wp-content\/uploads\/2024\/05\/\u56fe\u7247151-1403x1536.png 1403w, https:\/\/www.xminsulation.com\/wp-content\/uploads\/2024\/05\/\u56fe\u7247151-600x657.png 600w\" sizes=\"(max-width: 1796px) 100vw, 1796px\" \/><\/p>\n<h2><strong><b>Circuito <\/b><\/strong><strong><b>B<\/b><\/strong><strong><b>reaker <\/b><\/strong><strong><b>S<\/b><\/strong><strong><b>bruja <\/b><\/strong><strong><b>D<\/b><\/strong><strong><b>iagrama<\/b><\/strong><\/h2>\n<p><img loading=\"lazy\" decoding=\"async\" class=\"alignnone wp-image-2009 size-large\" src=\"http:\/\/www.xminsulation.com\/wp-content\/uploads\/2024\/05\/\u56fe\u724749-2-1012x1024.png\" alt=\"\" width=\"1012\" height=\"1024\" srcset=\"https:\/\/www.xminsulation.com\/wp-content\/uploads\/2024\/05\/\u56fe\u724749-2-1012x1024.png 1012w, https:\/\/www.xminsulation.com\/wp-content\/uploads\/2024\/05\/\u56fe\u724749-2-296x300.png 296w, https:\/\/www.xminsulation.com\/wp-content\/uploads\/2024\/05\/\u56fe\u724749-2-768x777.png 768w, https:\/\/www.xminsulation.com\/wp-content\/uploads\/2024\/05\/\u56fe\u724749-2-1518x1536.png 1518w, https:\/\/www.xminsulation.com\/wp-content\/uploads\/2024\/05\/\u56fe\u724749-2-600x607.png 600w, https:\/\/www.xminsulation.com\/wp-content\/uploads\/2024\/05\/\u56fe\u724749-2-100x100.png 100w, https:\/\/www.xminsulation.com\/wp-content\/uploads\/2024\/05\/\u56fe\u724749-2.png 1687w\" sizes=\"(max-width: 1012px) 100vw, 1012px\" \/><\/p>\n<h2><strong><b>Dimensional <\/b><\/strong><strong><b>D<\/b><\/strong><strong><b>crudo de <\/b><\/strong><strong><b>ECO<\/b><\/strong><strong><b>\u00a0<\/b><\/strong><strong><b>F<\/b><\/strong><strong><b>amablemente <\/b><\/strong><strong><b>C<\/b><\/strong><strong><b>circuito <\/b><\/strong><strong><b>B<\/b><\/strong><strong><b>reaker (<\/b><\/strong><strong><b>con l<\/b><\/strong><strong><b>flor <\/b><\/strong><strong><b>I<\/b><\/strong><strong><b>solaci\u00f3n)<\/b><\/strong><\/h2>\n<p><img loading=\"lazy\" decoding=\"async\" class=\"alignnone wp-image-2011 size-large\" src=\"http:\/\/www.xminsulation.com\/wp-content\/uploads\/2024\/05\/\u56fe\u724750-2-1015x1024.jpg\" alt=\"\" width=\"1015\" height=\"1024\" srcset=\"https:\/\/www.xminsulation.com\/wp-content\/uploads\/2024\/05\/\u56fe\u724750-2-1015x1024.jpg 1015w, https:\/\/www.xminsulation.com\/wp-content\/uploads\/2024\/05\/\u56fe\u724750-2-297x300.jpg 297w, https:\/\/www.xminsulation.com\/wp-content\/uploads\/2024\/05\/\u56fe\u724750-2-150x150.jpg 150w, https:\/\/www.xminsulation.com\/wp-content\/uploads\/2024\/05\/\u56fe\u724750-2-768x775.jpg 768w, https:\/\/www.xminsulation.com\/wp-content\/uploads\/2024\/05\/\u56fe\u724750-2-600x606.jpg 600w, https:\/\/www.xminsulation.com\/wp-content\/uploads\/2024\/05\/\u56fe\u724750-2-100x100.jpg 100w, https:\/\/www.xminsulation.com\/wp-content\/uploads\/2024\/05\/\u56fe\u724750-2.jpg 1500w\" sizes=\"(max-width: 1015px) 100vw, 1015px\" \/><\/p>\n<h2><strong><b>Diagrama esquem\u00e1tico del gabinete de distribuci\u00f3n del disyuntor y del tanque de aire del gabinete PT<\/b><\/strong><\/h2>\n<p><img loading=\"lazy\" decoding=\"async\" class=\"alignnone wp-image-2012 size-full\" src=\"http:\/\/www.xminsulation.com\/wp-content\/uploads\/2024\/05\/\u56fe\u724751-2.png\" alt=\"\" width=\"1073\" height=\"1343\" srcset=\"https:\/\/www.xminsulation.com\/wp-content\/uploads\/2024\/05\/\u56fe\u724751-2.png 1073w, https:\/\/www.xminsulation.com\/wp-content\/uploads\/2024\/05\/\u56fe\u724751-2-240x300.png 240w, https:\/\/www.xminsulation.com\/wp-content\/uploads\/2024\/05\/\u56fe\u724751-2-818x1024.png 818w, https:\/\/www.xminsulation.com\/wp-content\/uploads\/2024\/05\/\u56fe\u724751-2-768x961.png 768w, https:\/\/www.xminsulation.com\/wp-content\/uploads\/2024\/05\/\u56fe\u724751-2-600x751.png 600w\" sizes=\"(max-width: 1073px) 100vw, 1073px\" \/> <img loading=\"lazy\" decoding=\"async\" class=\"alignnone wp-image-2013 size-full\" src=\"http:\/\/www.xminsulation.com\/wp-content\/uploads\/2024\/05\/\u56fe\u724752-2.png\" alt=\"\" width=\"567\" height=\"1248\" srcset=\"https:\/\/www.xminsulation.com\/wp-content\/uploads\/2024\/05\/\u56fe\u724752-2.png 567w, https:\/\/www.xminsulation.com\/wp-content\/uploads\/2024\/05\/\u56fe\u724752-2-136x300.png 136w, https:\/\/www.xminsulation.com\/wp-content\/uploads\/2024\/05\/\u56fe\u724752-2-465x1024.png 465w\" sizes=\"(max-width: 567px) 100vw, 567px\" \/><\/p>\n<h2><strong><b>Plano dimensional del tanque de aire y del gabinete de distribuci\u00f3n<\/b><\/strong><\/h2>\n<p><img loading=\"lazy\" decoding=\"async\" class=\"alignnone wp-image-2014 size-large\" src=\"http:\/\/www.xminsulation.com\/wp-content\/uploads\/2024\/05\/\u56fe\u724753-2-1024x858.png\" alt=\"\" width=\"1024\" height=\"858\" srcset=\"https:\/\/www.xminsulation.com\/wp-content\/uploads\/2024\/05\/\u56fe\u724753-2-1024x858.png 1024w, https:\/\/www.xminsulation.com\/wp-content\/uploads\/2024\/05\/\u56fe\u724753-2-300x251.png 300w, https:\/\/www.xminsulation.com\/wp-content\/uploads\/2024\/05\/\u56fe\u724753-2-768x644.png 768w, https:\/\/www.xminsulation.com\/wp-content\/uploads\/2024\/05\/\u56fe\u724753-2-1536x1288.png 1536w, https:\/\/www.xminsulation.com\/wp-content\/uploads\/2024\/05\/\u56fe\u724753-2-600x503.png 600w, https:\/\/www.xminsulation.com\/wp-content\/uploads\/2024\/05\/\u56fe\u724753-2.png 1935w\" sizes=\"(max-width: 1024px) 100vw, 1024px\" \/> <img loading=\"lazy\" decoding=\"async\" class=\"alignnone wp-image-2015 size-full\" src=\"http:\/\/www.xminsulation.com\/wp-content\/uploads\/2024\/05\/\u56fe\u724754-2.png\" alt=\"\" width=\"1423\" height=\"1702\" srcset=\"https:\/\/www.xminsulation.com\/wp-content\/uploads\/2024\/05\/\u56fe\u724754-2.png 1423w, https:\/\/www.xminsulation.com\/wp-content\/uploads\/2024\/05\/\u56fe\u724754-2-251x300.png 251w, https:\/\/www.xminsulation.com\/wp-content\/uploads\/2024\/05\/\u56fe\u724754-2-856x1024.png 856w, https:\/\/www.xminsulation.com\/wp-content\/uploads\/2024\/05\/\u56fe\u724754-2-768x919.png 768w, https:\/\/www.xminsulation.com\/wp-content\/uploads\/2024\/05\/\u56fe\u724754-2-1284x1536.png 1284w, https:\/\/www.xminsulation.com\/wp-content\/uploads\/2024\/05\/\u56fe\u724754-2-600x718.png 600w\" sizes=\"(max-width: 1423px) 100vw, 1423px\" \/><\/p>\n<h2><strong><b>Estructura interna<\/b><\/strong><\/h2>\n<p><img loading=\"lazy\" decoding=\"async\" class=\"alignnone wp-image-2016 size-full\" src=\"http:\/\/www.xminsulation.com\/wp-content\/uploads\/2024\/05\/\u56fe\u724755-2.png\" alt=\"\" width=\"1065\" height=\"786\" srcset=\"https:\/\/www.xminsulation.com\/wp-content\/uploads\/2024\/05\/\u56fe\u724755-2.png 1065w, https:\/\/www.xminsulation.com\/wp-content\/uploads\/2024\/05\/\u56fe\u724755-2-300x221.png 300w, https:\/\/www.xminsulation.com\/wp-content\/uploads\/2024\/05\/\u56fe\u724755-2-1024x756.png 1024w, https:\/\/www.xminsulation.com\/wp-content\/uploads\/2024\/05\/\u56fe\u724755-2-768x567.png 768w, https:\/\/www.xminsulation.com\/wp-content\/uploads\/2024\/05\/\u56fe\u724755-2-600x443.png 600w\" sizes=\"(max-width: 1065px) 100vw, 1065px\" \/><\/p>\n<p>1\uff0c\u4fa7\u6269\u5957\u7ba1. Carcasa de expansi\u00f3n lateral.<\/p>\n<p>2\uff0c\u65ad\u8def\u5668(\u8d1f\u8377\u5f00\u5173). Disyuntor (interruptor de carga).<\/p>\n<p>3\uff0c\u4e09\u5de5\u4f4d\u4e0b\u9694\u79bb\u7684\u9694\u79bb\u5f00\u5173. Interruptor de aislamiento de tres estaciones.<\/p>\n<p>4, \u6bcd \u7ebf. Barra colectora.<\/p>\n<p>5\uff0c\u8fdb\u7ebf\u5957\u7ba1. Casquillo de entrada.<\/p>\n<p>6\uff0c\u6c14\u7bb1. Tanque de aire.<\/p>\n<p>7\uff0c\u6c14\u538b\u8868. Bar\u00f3metro.<\/p>\n<p>8\uff0c\u65ad\u8def\u5668(\u8d1f\u8377\u5f00\u5173)\u673a\u6784. Mecanismo de disyuntor (interruptor de carga).<\/p>\n<p>9\uff0c\u89c2\u5bdf\u706f. Luz de observaci\u00f3n.<\/p>\n<p>10\uff0c\u4e09\u5de5\u4f4d\u9694\u79bb\u673a\u6784. Mecanismo de aislamiento de tres estaciones.<\/p>\n<p>11\uff0c\u63a5\u5730\u89c2\u5bdf\u7a97. Ventana de observaci\u00f3n del suelo.<\/p>\n<h2><strong><b>Mantenimiento del producto<\/b><\/strong><\/h2>\n<p>Todos los componentes dentro del 15,6kV\/630A no requieren mantenimiento durante la vida \u00fatil declarada del producto.<\/p>\n<p>Se pueden observar las posiciones de aislamiento y conexi\u00f3n a tierra para brindar garant\u00eda de seguridad para la operaci\u00f3n y la construcci\u00f3n del cable.<\/p>\n<p>Las partes vivas est\u00e1n completamente aisladas del mundo exterior y se ha dise\u00f1ado un canal especial de alivio de presi\u00f3n de arco en la caja de gas para garantizar la seguridad de los operadores y el equipo.<\/p>\n<p>La parte mec\u00e1nica est\u00e1 ubicada fuera de la caja de aire y detr\u00e1s del panel frontal, lo que facilita su operaci\u00f3n y reemplazo. La superficie de la parte mec\u00e1nica ha sido sometida a un tratamiento anticorrosi\u00f3n y sus partes m\u00f3viles han sido lubricadas antes de salir de f\u00e1brica, lo que puede cumplir con el ciclo de vida del producto. En ambientes extremos (polvo, arena y suciedad), puede ser necesario realizar inspecciones, mantenimiento y, en algunos casos, reemplazo.<\/p>\n<div class=\"wxts\">\n<h2>\u25c6Personalizaci\u00f3n especial<\/h2>\n<p>Los par\u00e1metros anteriores son datos t\u00edpicos; Si los estilos existentes no satisfacen sus demandas espec\u00edficas, cont\u00e1ctenos para obtener un dise\u00f1o personalizado. Contamos con importantes habilidades de producci\u00f3n y desarrollo de personalizaci\u00f3n personalizada, lo que nos permite brindar soluciones personalizadas a clientes de todo el mundo.<\/p>\n<\/div>\n<p>&nbsp;<\/p>","protected":false},"excerpt":{"rendered":"<p>General Information In medium-voltage power distribution systems, the most commonly used ring network cabinets currently include SF6 gas insulated ring network cabinets, solid insulated ring network cabinets and environmentally friendly gas insulated ring network cabinets. However, due to the greenhouse gas emission problem of SF6 and the difficulty of recycling solid insulation materials, the application [&hellip;]<\/p>","protected":false},"featured_media":2007,"template":"","meta":{"site-sidebar-layout":"default","site-content-layout":"","ast-site-content-layout":"default","site-content-style":"default","site-sidebar-style":"default","ast-global-header-display":"","ast-banner-title-visibility":"","ast-main-header-display":"","ast-hfb-above-header-display":"","ast-hfb-below-header-display":"","ast-hfb-mobile-header-display":"","site-post-title":"","ast-breadcrumbs-content":"","ast-featured-img":"","footer-sml-layout":"","theme-transparent-header-meta":"default","adv-header-id-meta":"","stick-header-meta":"","header-above-stick-meta":"","header-main-stick-meta":"","header-below-stick-meta":"","astra-migrate-meta-layouts":"set","ast-page-background-enabled":"default","ast-page-background-meta":{"desktop":{"background-color":"","background-image":"","background-repeat":"repeat","background-position":"center center","background-size":"auto","background-attachment":"scroll","background-type":"","background-media":"","overlay-type":"","overlay-color":"","overlay-gradient":""},"tablet":{"background-color":"","background-image":"","background-repeat":"repeat","background-position":"center center","background-size":"auto","background-attachment":"scroll","background-type":"","background-media":"","overlay-type":"","overlay-color":"","overlay-gradient":""},"mobile":{"background-color":"","background-image":"","background-repeat":"repeat","background-position":"center center","background-size":"auto","background-attachment":"scroll","background-type":"","background-media":"","overlay-type":"","overlay-color":"","overlay-gradient":""}},"ast-content-background-meta":{"desktop":{"background-color":"var(--ast-global-color-5)","background-image":"","background-repeat":"repeat","background-position":"center center","background-size":"auto","background-attachment":"scroll","background-type":"","background-media":"","overlay-type":"","overlay-color":"","overlay-gradient":""},"tablet":{"background-color":"var(--ast-global-color-5)","background-image":"","background-repeat":"repeat","background-position":"center center","background-size":"auto","background-attachment":"scroll","background-type":"","background-media":"","overlay-type":"","overlay-color":"","overlay-gradient":""},"mobile":{"background-color":"var(--ast-global-color-5)","background-image":"","background-repeat":"repeat","background-position":"center center","background-size":"auto","background-attachment":"scroll","background-type":"","background-media":"","overlay-type":"","overlay-color":"","overlay-gradient":""}}},"product_cat":[29],"product_tag":[],"class_list":{"0":"post-2003","1":"product","2":"type-product","3":"status-publish","4":"has-post-thumbnail","6":"product_cat-10-24kv-eco-friendly-vacuum-circuit-breaker-sf6-free","7":"desktop-align-left","8":"tablet-align-left","9":"mobile-align-left","11":"first","12":"instock","13":"shipping-taxable","14":"product-type-simple"},"_links":{"self":[{"href":"https:\/\/www.xminsulation.com\/es\/wp-json\/wp\/v2\/product\/2003","targetHints":{"allow":["GET"]}}],"collection":[{"href":"https:\/\/www.xminsulation.com\/es\/wp-json\/wp\/v2\/product"}],"about":[{"href":"https:\/\/www.xminsulation.com\/es\/wp-json\/wp\/v2\/types\/product"}],"wp:featuredmedia":[{"embeddable":true,"href":"https:\/\/www.xminsulation.com\/es\/wp-json\/wp\/v2\/media\/2007"}],"wp:attachment":[{"href":"https:\/\/www.xminsulation.com\/es\/wp-json\/wp\/v2\/media?parent=2003"}],"wp:term":[{"taxonomy":"product_cat","embeddable":true,"href":"https:\/\/www.xminsulation.com\/es\/wp-json\/wp\/v2\/product_cat?post=2003"},{"taxonomy":"product_tag","embeddable":true,"href":"https:\/\/www.xminsulation.com\/es\/wp-json\/wp\/v2\/product_tag?post=2003"}],"curies":[{"name":"wp","href":"https:\/\/api.w.org\/{rel}","templated":true}]}}