{"id":1626,"date":"2024-05-07T20:03:14","date_gmt":"2024-05-07T12:03:14","guid":{"rendered":"http:\/\/www.xminsulation.com\/?post_type=product&#038;p=1626"},"modified":"2024-05-15T15:48:05","modified_gmt":"2024-05-15T07:48:05","slug":"qjt-12-24-630a-shielded-fore-connector","status":"publish","type":"product","link":"https:\/\/www.xminsulation.com\/es\/product\/qjt-12-24-630a-shielded-fore-connector\/","title":{"rendered":"Conector delantero blindado QJT 12\/24-630A"},"content":{"rendered":"<p><img fetchpriority=\"high\" decoding=\"async\" class=\"alignnone wp-image-1628 size-full\" src=\"http:\/\/www.xminsulation.com\/wp-content\/uploads\/2024\/05\/\u56fe\u7247352-1.jpg\" alt=\"\" width=\"535\" height=\"535\" srcset=\"https:\/\/www.xminsulation.com\/wp-content\/uploads\/2024\/05\/\u56fe\u7247352-1.jpg 535w, https:\/\/www.xminsulation.com\/wp-content\/uploads\/2024\/05\/\u56fe\u7247352-1-300x300.jpg 300w, https:\/\/www.xminsulation.com\/wp-content\/uploads\/2024\/05\/\u56fe\u7247352-1-150x150.jpg 150w, https:\/\/www.xminsulation.com\/wp-content\/uploads\/2024\/05\/\u56fe\u7247352-1-100x100.jpg 100w\" sizes=\"(max-width: 535px) 100vw, 535px\" \/><\/p>\n<h2><strong><b>Solicitud<\/b><\/strong><\/h2>\n<p>1, para conexi\u00f3n de cable polim\u00e9rico a transformadores, aparamenta, motores y otros equipos con un conector separable premoldeado.<\/p>\n<p>2, para instalaciones interiores y exteriores.<\/p>\n<p>3, voltaje del sistema hasta t0 24 kV.<\/p>\n<p>4, corriente continua 630A (sobrecarga de 900 A durante 8 horas).<\/p>\n<p>5, detalles del cable:<\/p>\n<p>a, cable polim\u00e9rico (XLPE, EPR, etc.).<\/p>\n<p>b, Conductores de cobre o aluminio.<\/p>\n<p>c,Pantallas semiconductoras o met\u00e1licas.<\/p>\n<p>d, tama\u00f1o del conductor 12kV25-120mm 24kV25-400mm.<\/p>\n<h2><strong><b>Caracter\u00edsticas<\/b><\/strong><\/h2>\n<p>1. Proporciona una conexi\u00f3n separable totalmente blindada y sumergible cuando se acopla con el casquillo o enchufe adecuado.<\/p>\n<p>2, se puede utilizar seg\u00fan las circunstancias.<\/p>\n<p>3. Punto de prueba capacitivo incorporado para determinar el estado del circuito o el indicador de falla de instalaci\u00f3n.<\/p>\n<p>4, No hay requisitos m\u00ednimos de autorizaci\u00f3n de fase.<\/p>\n<p>5. El montaje puede ser vertical, horizontal o cualquier \u00e1ngulo intermedio.<\/p>\n<h2><strong><b>Instalaci\u00f3n<\/b><\/strong><\/h2>\n<p>1, sin herramientas especiales.<\/p>\n<p>2. Cuando finalice la instalaci\u00f3n del conector acodado, la alimentaci\u00f3n se puede suministrar directamente.<\/p>\n<p>3, seg\u00fan la hoja de instrucciones de instalaci\u00f3n.<\/p>\n<p>4. Cualquier otro requisito especial, comun\u00edquese con nuestro ingeniero de ventas.<\/p>\n<p><img decoding=\"async\" class=\"alignnone wp-image-1629 size-full\" src=\"http:\/\/www.xminsulation.com\/wp-content\/uploads\/2024\/05\/\u56fe\u7247353.png\" alt=\"\" width=\"360\" height=\"651\" srcset=\"https:\/\/www.xminsulation.com\/wp-content\/uploads\/2024\/05\/\u56fe\u7247353.png 360w, https:\/\/www.xminsulation.com\/wp-content\/uploads\/2024\/05\/\u56fe\u7247353-166x300.png 166w\" sizes=\"(max-width: 360px) 100vw, 360px\" \/> <img decoding=\"async\" class=\"alignnone wp-image-1630 size-full\" src=\"http:\/\/www.xminsulation.com\/wp-content\/uploads\/2024\/05\/\u56fe\u7247354.png\" alt=\"\" width=\"238\" height=\"584\" srcset=\"https:\/\/www.xminsulation.com\/wp-content\/uploads\/2024\/05\/\u56fe\u7247354.png 238w, https:\/\/www.xminsulation.com\/wp-content\/uploads\/2024\/05\/\u56fe\u7247354-122x300.png 122w\" sizes=\"(max-width: 238px) 100vw, 238px\" \/><\/p>\n<h2><strong><b>Estructura del producto<\/b><\/strong><\/h2>\n<ol>\n<li>TORNILLO DE DOS CABEZAS: Para asegurar un buen contacto con el casquillo del aparato.<\/li>\n<li>AISLAMIENTO: El caucho aislante EPDM moldeado se formula y mezcla internamente para garantizar una alta calidad.<\/li>\n<li>ENCHUFE AISLANTE: El enchufe aislante de epoxi moldeado proporciona una excelente confiabilidad el\u00e9ctrica, t\u00e9rmica y mec\u00e1nica.<\/li>\n<li>INSERTO SEMICONDUCTOR: La pantalla de caucho conductora de EPDM moldeada controla la tensi\u00f3n el\u00e9ctrica.<\/li>\n<li>ALIVIO DEL ESTR\u00c9S: La configuraci\u00f3n de la pantalla exterior y el adaptador del cable proporcionan alivio del estr\u00e9s del cable.<\/li>\n<li>OJO DE TIERRA: Moldeado en la pantalla externa para la conexi\u00f3n de un cable de tierra.<\/li>\n<li>ESCUDO SEMICONDUCTIVO: El caucho conductor de EPDM moldeado se acopla con la pantalla del cable para mantener la pantalla.<\/li>\n<\/ol>\n<p>continuidad y asegurar que el conjunto est\u00e9 en potencial de tierra.<\/p>\n<ol start=\"8\">\n<li>TERMINAL DEL CABLE CONDUCTOR: El conector de compresi\u00f3n de aluminio tiene el tama\u00f1o adecuado para garantizar un conector que funcione en fr\u00edo con la m\u00e1xima<\/li>\n<\/ol>\n<p>transferencia actual.<\/p>\n<p><img loading=\"lazy\" decoding=\"async\" class=\"alignnone wp-image-1631 size-full\" src=\"http:\/\/www.xminsulation.com\/wp-content\/uploads\/2024\/05\/\u56fe\u7247355.png\" alt=\"\" width=\"1142\" height=\"570\" srcset=\"https:\/\/www.xminsulation.com\/wp-content\/uploads\/2024\/05\/\u56fe\u7247355.png 1142w, https:\/\/www.xminsulation.com\/wp-content\/uploads\/2024\/05\/\u56fe\u7247355-300x150.png 300w, https:\/\/www.xminsulation.com\/wp-content\/uploads\/2024\/05\/\u56fe\u7247355-1024x511.png 1024w, https:\/\/www.xminsulation.com\/wp-content\/uploads\/2024\/05\/\u56fe\u7247355-768x383.png 768w, https:\/\/www.xminsulation.com\/wp-content\/uploads\/2024\/05\/\u56fe\u7247355-600x299.png 600w\" sizes=\"(max-width: 1142px) 100vw, 1142px\" \/> <img loading=\"lazy\" decoding=\"async\" class=\"alignnone wp-image-1632 size-full\" src=\"http:\/\/www.xminsulation.com\/wp-content\/uploads\/2024\/05\/\u56fe\u7247356.png\" alt=\"\" width=\"1166\" height=\"616\" srcset=\"https:\/\/www.xminsulation.com\/wp-content\/uploads\/2024\/05\/\u56fe\u7247356.png 1166w, https:\/\/www.xminsulation.com\/wp-content\/uploads\/2024\/05\/\u56fe\u7247356-300x158.png 300w, https:\/\/www.xminsulation.com\/wp-content\/uploads\/2024\/05\/\u56fe\u7247356-1024x541.png 1024w, https:\/\/www.xminsulation.com\/wp-content\/uploads\/2024\/05\/\u56fe\u7247356-768x406.png 768w, https:\/\/www.xminsulation.com\/wp-content\/uploads\/2024\/05\/\u56fe\u7247356-600x317.png 600w\" sizes=\"(max-width: 1166px) 100vw, 1166px\" \/><\/p>\n<h2><strong><b>europeo <\/b><\/strong><strong><b>t<\/b><\/strong><strong><b>ay <\/b><\/strong><strong><b>S<\/b><\/strong><strong><b>serie <\/b><\/strong><strong><b>C<\/b><\/strong><strong><b>capaz <\/b><\/strong><strong><b>C<\/b><\/strong><strong><b>conector <\/b><\/strong><strong><b>I<\/b><\/strong><strong><b>instalaci\u00f3n <\/b><\/strong><strong><b>I<\/b><\/strong><strong><b>instrucciones<\/b><\/strong><\/h2>\n<p><strong><b> <img loading=\"lazy\" decoding=\"async\" class=\"alignnone wp-image-1633 size-full\" src=\"http:\/\/www.xminsulation.com\/wp-content\/uploads\/2024\/05\/\u56fe\u7247357.png\" alt=\"\" width=\"796\" height=\"576\" srcset=\"https:\/\/www.xminsulation.com\/wp-content\/uploads\/2024\/05\/\u56fe\u7247357.png 796w, https:\/\/www.xminsulation.com\/wp-content\/uploads\/2024\/05\/\u56fe\u7247357-300x217.png 300w, https:\/\/www.xminsulation.com\/wp-content\/uploads\/2024\/05\/\u56fe\u7247357-768x556.png 768w, https:\/\/www.xminsulation.com\/wp-content\/uploads\/2024\/05\/\u56fe\u7247357-600x434.png 600w\" sizes=\"(max-width: 796px) 100vw, 796px\" \/><\/b><\/strong><\/p>\n<h2><strong><b>PAG<\/b><\/strong><strong><b>producto <\/b><\/strong><strong><b>D<\/b><\/strong><strong><b>descripci\u00f3n<\/b><\/strong><\/h2>\n<p>Esta serie de empalmes para cables es un empalme para cables t\u00e1ctil de estilo europeo, que est\u00e1 completamente aislado, completamente blindado y resistente al agua. El material es caucho de silicona importado, utilizando el proceso de moldeo compuesto de tres capas de inyecci\u00f3n completa internacionalmente avanzado. Es adecuado para unidades principales en anillo, cajas de derivaci\u00f3n de cables y subestaciones tipo caja que cumplen con los est\u00e1ndares DIN47636 y tienen una corriente nominal de 630A. Se puede conectar a niveles de voltaje de 15 KV e inferiores, y el di\u00e1metro de aislamiento es de cable XLPE de 16-35 mm (25-400).<\/p>\n<p>Componentes del producto del conector frontal t\u00e1ctil: cuerpo del conector frontal t\u00e1ctil, cono de tensi\u00f3n, terminal de engarce, hebilla, tap\u00f3n aislante, cubierta final, perno reductor M16\/12, tuerca, arandela plana, arandela el\u00e1stica, grasa de silicona lubricante, cable de conexi\u00f3n a tierra, toallitas de limpieza.<\/p>\n<p>Componentes del producto del conector trasero que se pueden tocar: cuerpo del conector trasero que se puede tocar, cono de tensi\u00f3n, terminal de engarzado, hebilla, varilla conductora, perno M12, grasa de silicona lubricante, cable de conexi\u00f3n a tierra, toalla de limpieza. Componentes del producto del pararrayos con conexi\u00f3n posterior: cuerpo del pararrayos con conexi\u00f3n posterior, varilla conductora , Perno M12, grasa de silicona lubricante, cable de conexi\u00f3n a tierra, toalla de limpieza.<\/p>\n<p>Herramientas de instalaci\u00f3n: llave de tubo, llave ajustable.<\/p>\n<p><strong><b>I<\/b><\/strong><strong><b>instalaci\u00f3n <\/b><\/strong><strong><b>S<\/b><\/strong><strong><b>pasos<\/b><\/strong><\/p>\n<ol>\n<li>Procesamiento de separaci\u00f3n de fases de cable de tres n\u00facleos:<\/li>\n<\/ol>\n<p>1.1, Coloque el cable verticalmente y realice una separaci\u00f3n de fases a 1,0-1,5 m del terminal del cable. Corte la funda exterior y el cintur\u00f3n blindado de acero en esta secci\u00f3n. Luego, retire 30 mm del revestimiento exterior hacia abajo, dejando 10 mm del revestimiento interior hacia arriba, y retire el exceso de revestimiento interior y el relleno. Preste atenci\u00f3n a la conexi\u00f3n a tierra separada de la cinta protectora de cobre y la armadura de acero.<\/p>\n<ol start=\"2\">\n<li>Procesamiento de cables unipolares:\n<ul>\n<li>, Tratamiento de blindaje de cobre del cable: coloque el cable verticalmente, mida 190 mm hacia abajo desde la parte superior del cable, retire la funda exterior y la cinta protectora de cobre del cable y exponga la capa de blindaje del cable.<\/li>\n<li>, Tratamiento de la capa de blindaje del cable: Mida 165 mm desde la parte superior del cable hacia abajo y retire con cuidado la capa de blindaje del cable. \u00a1Recuerde no causar ning\u00fan da\u00f1o a la capa aislante principal del cable al retirar la capa protectora! Y haga esto en la transici\u00f3n entre la capa aislante y la capa protectora. Chaflanes suaves para garantizar transiciones suaves. \u00a1Esta operaci\u00f3n es un paso importante para garantizar el buen funcionamiento del cable!<\/li>\n<li>, Tratamiento de la capa de aislamiento del cable: Mida 52 mm hacia abajo desde la parte superior del cable, retire la capa de aislamiento del cable y exponga el n\u00facleo del cable. Luego haga un chafl\u00e1n suave a unos 3 mm de la parte superior de la capa de aislamiento para evitar rayones cuando se instale el cono de tensi\u00f3n.<\/li>\n<\/ul>\n<\/li>\n<\/ol>\n<p><img loading=\"lazy\" decoding=\"async\" class=\"alignnone wp-image-1634 size-full\" src=\"http:\/\/www.xminsulation.com\/wp-content\/uploads\/2024\/05\/\u56fe\u7247358.png\" alt=\"\" width=\"650\" height=\"667\" srcset=\"https:\/\/www.xminsulation.com\/wp-content\/uploads\/2024\/05\/\u56fe\u7247358.png 650w, https:\/\/www.xminsulation.com\/wp-content\/uploads\/2024\/05\/\u56fe\u7247358-292x300.png 292w, https:\/\/www.xminsulation.com\/wp-content\/uploads\/2024\/05\/\u56fe\u7247358-600x616.png 600w\" sizes=\"(max-width: 650px) 100vw, 650px\" \/><\/p>\n<p>&nbsp;<\/p>\n<ol start=\"3\">\n<li>Instale el cono de tensi\u00f3n y el terminal de engarce:<\/li>\n<\/ol>\n<p>3.1 Instale la hebilla: Envuelva la hebilla alrededor del extremo inferior del blindaje del cable, cerca del blindaje de cobre (el extremo superior del tubo aislante) y luego ci\u00e9rrelo.<\/p>\n<p>La hebilla tiene tres colores rojo, amarillo y verde que est\u00e1n separados por la fase del cable.<\/p>\n<p>3.2 Instale el cono de tensi\u00f3n: limpie la superficie de la capa aislante y la superficie interior del cono de tensi\u00f3n y aplique uniformemente grasa de silicona. Luego inserte el cono de tensi\u00f3n del n\u00facleo del cable y emp\u00fajelo hacia abajo hasta que la superficie inferior quede plana contra la hebilla.<\/p>\n<p>Nota: El cono de tensi\u00f3n no se puede colocar al rev\u00e9s, con la parte negra hacia abajo.<\/p>\n<p>3.3, Instale el terminal de engarce: Inserte el terminal de engarce en el n\u00facleo del cable y gire la direcci\u00f3n del terminal hasta que el plano del cabezal del terminal quede paralelo a la cara del extremo del manguito. Presione el terminal hacia abajo desde la posici\u00f3n del cabezal del terminal de acuerdo con la marca de engarzado en el terminal. (Se recomienda presi\u00f3n de confinamiento). Una vez completado el engarzado, los bordes afilados formados durante el engarzado deben alisarse con una lima y limpiarse. Nota: Se requiere utilizar terminales engarzados con las mismas especificaciones que los cables. Utilice terminales de cobre para cables con n\u00facleo de cobre y terminales de transici\u00f3n de cobre y aluminio para cables con n\u00facleo de aluminio.<\/p>\n<p><img loading=\"lazy\" decoding=\"async\" class=\"alignnone wp-image-1635 size-full\" src=\"http:\/\/www.xminsulation.com\/wp-content\/uploads\/2024\/05\/\u56fe\u7247359.png\" alt=\"\" width=\"480\" height=\"391\" srcset=\"https:\/\/www.xminsulation.com\/wp-content\/uploads\/2024\/05\/\u56fe\u7247359.png 480w, https:\/\/www.xminsulation.com\/wp-content\/uploads\/2024\/05\/\u56fe\u7247359-300x244.png 300w\" sizes=\"(max-width: 480px) 100vw, 480px\" \/><\/p>\n<ol start=\"4\">\n<li>Instale el conector frontal t\u00e1ctil de estilo europeo:<\/li>\n<\/ol>\n<p>4.1, Verifique el orificio del tornillo de la carcasa del equipo (la rosca est\u00e1ndar es M16; de lo contrario, notifique a la empresa a tiempo para realizar los cambios correspondientes), atornille el perno reductor M16\/12 en el orificio del tornillo de la carcasa y apri\u00e9telo. La profundidad del perno que se atornilla en la carcasa debe ser de un m\u00ednimo de 25 mm.<\/p>\n<p>4.2, Limpie la funda del equipo, el conector frontal, el terminal de engarce, el cono de tensi\u00f3n, el tap\u00f3n aislante y la cubierta del extremo, y aplique uniformemente grasa de silicona en la superficie exterior del cono de tensi\u00f3n, la superficie interior del conector frontal y la superficie exterior del equipo. manguito y la superficie exterior del tap\u00f3n aislante.<\/p>\n<p>4.3, Coloque el cable con terminales engarzados en el conector frontal hasta que el orificio en la parte superior del terminal quede en el centro del conector frontal.<\/p>\n<p>4.4, Coloque el conector frontal en la carcasa del equipo y el perno reductor debe pasar a trav\u00e9s del orificio redondo del terminal de engarzado.<\/p>\n<p>4.5. Si desea instalar un conector trasero o un pararrayos m\u00e1s adelante, vaya al paso de instalaci\u00f3n 5.<\/p>\n<p>4.6, Coloque la arandela plana, la arandela el\u00e1stica y la tuerca en el perno en secuencia, apriete la tuerca con una llave de tubo, luego coloque el tap\u00f3n aislante y cubra la cubierta del extremo.<\/p>\n<p>4.7, Verifique el apriete del cable de tierra en el cuerpo del conector frontal. Si est\u00e1 flojo, apri\u00e9telo. Haga una buena conexi\u00f3n a tierra del sistema en el otro extremo del cable de tierra.<\/p>\n<p>4.8, Verifique todas las conexiones y confirme que est\u00e9n en su lugar. El conector frontal t\u00e1ctil est\u00e1 instalado.<\/p>\n<p><img loading=\"lazy\" decoding=\"async\" class=\"alignnone wp-image-1636 size-full\" src=\"http:\/\/www.xminsulation.com\/wp-content\/uploads\/2024\/05\/\u56fe\u7247360.png\" alt=\"\" width=\"1137\" height=\"2009\" srcset=\"https:\/\/www.xminsulation.com\/wp-content\/uploads\/2024\/05\/\u56fe\u7247360.png 1137w, https:\/\/www.xminsulation.com\/wp-content\/uploads\/2024\/05\/\u56fe\u7247360-170x300.png 170w, https:\/\/www.xminsulation.com\/wp-content\/uploads\/2024\/05\/\u56fe\u7247360-580x1024.png 580w, https:\/\/www.xminsulation.com\/wp-content\/uploads\/2024\/05\/\u56fe\u7247360-768x1357.png 768w, https:\/\/www.xminsulation.com\/wp-content\/uploads\/2024\/05\/\u56fe\u7247360-869x1536.png 869w, https:\/\/www.xminsulation.com\/wp-content\/uploads\/2024\/05\/\u56fe\u7247360-600x1060.png 600w\" sizes=\"(max-width: 1137px) 100vw, 1137px\" \/><\/p>\n<ol start=\"5\">\n<li>Instale el conector trasero t\u00e1ctil:<\/li>\n<\/ol>\n<p>5.1. Utilice una llave para apretar la varilla conductora en el perno de la junta frontal para garantizar que la varilla conductora en el poste haga buen contacto con el terminal de engarce del conector frontal. Luego apriete los pernos M12.<\/p>\n<p>5.2, Introduzca el cable con terminales procesados seg\u00fan los pasos 1, 2 y 3.<\/p>\n<p>Conector hasta que el orificio de la parte superior del terminal quede en el centro del conector trasero.<\/p>\n<p>5.3, Alinee el conector trasero del cable instalado con el conector frontal e ins\u00e9rtelo. La varilla conductora garantizada est\u00e1 al ras con la superficie del terminal del conector trasero y el perno pasa a trav\u00e9s del orificio redondo del terminal del conector trasero.<\/p>\n<p>5.4, si se necesita expansi\u00f3n, siga el mismo m\u00e9todo para instalar la junta trasera o<\/p>\n<p>pararrayos.<\/p>\n<p>5.5. Si no se requiere expansi\u00f3n, siga la secuencia de instalaci\u00f3n 4.6-4.8 en el paso 4. para instalar el conector trasero.<\/p>\n<p><img loading=\"lazy\" decoding=\"async\" class=\"alignnone wp-image-1637 size-full\" src=\"http:\/\/www.xminsulation.com\/wp-content\/uploads\/2024\/05\/\u56fe\u7247361.png\" alt=\"\" width=\"472\" height=\"397\" srcset=\"https:\/\/www.xminsulation.com\/wp-content\/uploads\/2024\/05\/\u56fe\u7247361.png 472w, https:\/\/www.xminsulation.com\/wp-content\/uploads\/2024\/05\/\u56fe\u7247361-300x252.png 300w\" sizes=\"(max-width: 472px) 100vw, 472px\" \/><\/p>\n<ol start=\"6\">\n<li>Instale un pararrayos montado en la parte trasera:<\/li>\n<\/ol>\n<p>6.1. Limpie la superficie exterior del pararrayos y aplique uniformemente grasa de silicona lubricante.<\/p>\n<p>6.2, repita los pasos 5.1.<\/p>\n<p>6.3. Alinee el descargador con el conector frontal (o conector trasero) e ins\u00e9rtelo.<\/p>\n<p>6.4. Repita los pasos 4.6-4.8 del paso 4 para conectar el tap\u00f3n aislante y la tapa del extremo.<\/p>\n<p>6.5, Apriete el cable de tierra al punto de tierra del sistema.<\/p>\n<p><img loading=\"lazy\" decoding=\"async\" class=\"alignnone wp-image-1638 size-large\" src=\"http:\/\/www.xminsulation.com\/wp-content\/uploads\/2024\/05\/\u56fe\u7247362-1024x786.png\" alt=\"\" width=\"1024\" height=\"786\" srcset=\"https:\/\/www.xminsulation.com\/wp-content\/uploads\/2024\/05\/\u56fe\u7247362-1024x786.png 1024w, https:\/\/www.xminsulation.com\/wp-content\/uploads\/2024\/05\/\u56fe\u7247362-300x230.png 300w, https:\/\/www.xminsulation.com\/wp-content\/uploads\/2024\/05\/\u56fe\u7247362-768x589.png 768w, https:\/\/www.xminsulation.com\/wp-content\/uploads\/2024\/05\/\u56fe\u7247362-600x460.png 600w, https:\/\/www.xminsulation.com\/wp-content\/uploads\/2024\/05\/\u56fe\u7247362.png 1263w\" sizes=\"(max-width: 1024px) 100vw, 1024px\" \/> <img loading=\"lazy\" decoding=\"async\" class=\"alignnone wp-image-1639 size-full\" src=\"http:\/\/www.xminsulation.com\/wp-content\/uploads\/2024\/05\/\u56fe\u7247363.png\" alt=\"\" width=\"726\" height=\"379\" srcset=\"https:\/\/www.xminsulation.com\/wp-content\/uploads\/2024\/05\/\u56fe\u7247363.png 726w, https:\/\/www.xminsulation.com\/wp-content\/uploads\/2024\/05\/\u56fe\u7247363-300x157.png 300w, https:\/\/www.xminsulation.com\/wp-content\/uploads\/2024\/05\/\u56fe\u7247363-600x313.png 600w\" sizes=\"(max-width: 726px) 100vw, 726px\" \/><\/p>\n<p>1, \u8bbe\u5907\u6807\u51c6\u5957\u7ba1. Carcasa est\u00e1ndar del equipo.<\/p>\n<p>2, M16\u87ba\u6813. Perno M16.<\/p>\n<p>3, \u524d\u63a5\u5934. Conector frontal.<\/p>\n<p>4, \u5bfc\u7535\u6746. Varilla conductora.<\/p>\n<p>5, M16\u87ba\u6813. Perno M16.<\/p>\n<p>6, \u540e\u63a5\u5934. Conector trasero.<\/p>\n<p>7, \u540e\u63a5\u907f\u96f7\u5668. Pararrayos trasero.<\/p>\n<p>8, \u5e73\u57ab. Almohadilla plana.<\/p>\n<p>9, \u5f39\u57ab. Almohadilla de resorte.<\/p>\n<p>10, \u87ba\u6bcd. Tuerca.<\/p>\n<p>11, \u7edd\u7f18\u585e. Tap\u00f3n aislante.<\/p>\n<p>12, \u540e\u7aef\u76d6. Tapa trasera.<\/p>\n<p>13, \u538b\u63a5\u7aef\u5b50. Terminal de engarzado.<\/p>\n<p>14, XLPE\u7535\u7f06. Cable XLPE.<\/p>\n<p>15, \u5e94\u529b\u9525. Cono de estr\u00e9s.<\/p>\n<p>16, \u5361 \u6263. Hebilla.<\/p>\n<div class=\"wxts\">\n<h2>\u25c6Personalizaci\u00f3n especial<\/h2>\n<p>Los par\u00e1metros anteriores son datos t\u00edpicos; Si los estilos existentes no satisfacen sus demandas espec\u00edficas, cont\u00e1ctenos para obtener un dise\u00f1o personalizado. Contamos con importantes habilidades de producci\u00f3n y desarrollo de personalizaci\u00f3n personalizada, lo que nos permite brindar soluciones personalizadas a clientes de todo el mundo.<\/p>\n<\/div>","protected":false},"excerpt":{"rendered":"<p>Application 1,For connection of\u00a0polymeric cable to transformers, switchgear, motors and other\u00a0equipment with a premoulded separable connector. 2,For indoor and outdoor installations. 3,System voltage up t0 24 kV. 4,Continuous cu rrent 630A(900 A ove rload for 8 hours). 5,Cable particulars: a,Polymeric cable(XLPE,EPR, etc.). b,Copper or aluminum conductors. c,Semiconducting or metallic screens. d,Conductor size12kV25-120mm 24kV25-400mm. Features 1,Provides [&hellip;]<\/p>","protected":false},"featured_media":1627,"template":"","meta":{"site-sidebar-layout":"default","site-content-layout":"","ast-site-content-layout":"default","site-content-style":"default","site-sidebar-style":"default","ast-global-header-display":"","ast-banner-title-visibility":"","ast-main-header-display":"","ast-hfb-above-header-display":"","ast-hfb-below-header-display":"","ast-hfb-mobile-header-display":"","site-post-title":"","ast-breadcrumbs-content":"","ast-featured-img":"","footer-sml-layout":"","theme-transparent-header-meta":"default","adv-header-id-meta":"","stick-header-meta":"","header-above-stick-meta":"","header-main-stick-meta":"","header-below-stick-meta":"","astra-migrate-meta-layouts":"set","ast-page-background-enabled":"default","ast-page-background-meta":{"desktop":{"background-color":"","background-image":"","background-repeat":"repeat","background-position":"center center","background-size":"auto","background-attachment":"scroll","background-type":"","background-media":"","overlay-type":"","overlay-color":"","overlay-gradient":""},"tablet":{"background-color":"","background-image":"","background-repeat":"repeat","background-position":"center center","background-size":"auto","background-attachment":"scroll","background-type":"","background-media":"","overlay-type":"","overlay-color":"","overlay-gradient":""},"mobile":{"background-color":"","background-image":"","background-repeat":"repeat","background-position":"center center","background-size":"auto","background-attachment":"scroll","background-type":"","background-media":"","overlay-type":"","overlay-color":"","overlay-gradient":""}},"ast-content-background-meta":{"desktop":{"background-color":"var(--ast-global-color-5)","background-image":"","background-repeat":"repeat","background-position":"center center","background-size":"auto","background-attachment":"scroll","background-type":"","background-media":"","overlay-type":"","overlay-color":"","overlay-gradient":""},"tablet":{"background-color":"var(--ast-global-color-5)","background-image":"","background-repeat":"repeat","background-position":"center center","background-size":"auto","background-attachment":"scroll","background-type":"","background-media":"","overlay-type":"","overlay-color":"","overlay-gradient":""},"mobile":{"background-color":"var(--ast-global-color-5)","background-image":"","background-repeat":"repeat","background-position":"center center","background-size":"auto","background-attachment":"scroll","background-type":"","background-media":"","overlay-type":"","overlay-color":"","overlay-gradient":""}}},"product_cat":[53],"product_tag":[],"class_list":{"0":"post-1626","1":"product","2":"type-product","3":"status-publish","4":"has-post-thumbnail","6":"product_cat-oushi","7":"desktop-align-left","8":"tablet-align-left","9":"mobile-align-left","11":"first","12":"instock","13":"shipping-taxable","14":"product-type-simple"},"_links":{"self":[{"href":"https:\/\/www.xminsulation.com\/es\/wp-json\/wp\/v2\/product\/1626","targetHints":{"allow":["GET"]}}],"collection":[{"href":"https:\/\/www.xminsulation.com\/es\/wp-json\/wp\/v2\/product"}],"about":[{"href":"https:\/\/www.xminsulation.com\/es\/wp-json\/wp\/v2\/types\/product"}],"wp:featuredmedia":[{"embeddable":true,"href":"https:\/\/www.xminsulation.com\/es\/wp-json\/wp\/v2\/media\/1627"}],"wp:attachment":[{"href":"https:\/\/www.xminsulation.com\/es\/wp-json\/wp\/v2\/media?parent=1626"}],"wp:term":[{"taxonomy":"product_cat","embeddable":true,"href":"https:\/\/www.xminsulation.com\/es\/wp-json\/wp\/v2\/product_cat?post=1626"},{"taxonomy":"product_tag","embeddable":true,"href":"https:\/\/www.xminsulation.com\/es\/wp-json\/wp\/v2\/product_tag?post=1626"}],"curies":[{"name":"wp","href":"https:\/\/api.w.org\/{rel}","templated":true}]}}