{"id":1601,"date":"2024-05-07T19:48:06","date_gmt":"2024-05-07T11:48:06","guid":{"rendered":"http:\/\/www.xminsulation.com\/?post_type=product&#038;p=1601"},"modified":"2024-05-15T15:52:58","modified_gmt":"2024-05-15T07:52:58","slug":"jym-1224-250a-insulating-cap","status":"publish","type":"product","link":"https:\/\/www.xminsulation.com\/es\/product\/jym-1224-250a-insulating-cap\/","title":{"rendered":"Tapa aislante JYM-12(24) 250A"},"content":{"rendered":"<p><img fetchpriority=\"high\" decoding=\"async\" class=\"alignnone wp-image-1603 size-full\" src=\"http:\/\/www.xminsulation.com\/wp-content\/uploads\/2024\/05\/\u56fe\u7247337-1.png\" alt=\"\" width=\"1142\" height=\"1142\" srcset=\"https:\/\/www.xminsulation.com\/wp-content\/uploads\/2024\/05\/\u56fe\u7247337-1.png 1142w, https:\/\/www.xminsulation.com\/wp-content\/uploads\/2024\/05\/\u56fe\u7247337-1-300x300.png 300w, https:\/\/www.xminsulation.com\/wp-content\/uploads\/2024\/05\/\u56fe\u7247337-1-1024x1024.png 1024w, https:\/\/www.xminsulation.com\/wp-content\/uploads\/2024\/05\/\u56fe\u7247337-1-150x150.png 150w, https:\/\/www.xminsulation.com\/wp-content\/uploads\/2024\/05\/\u56fe\u7247337-1-768x768.png 768w, https:\/\/www.xminsulation.com\/wp-content\/uploads\/2024\/05\/\u56fe\u7247337-1-600x600.png 600w, https:\/\/www.xminsulation.com\/wp-content\/uploads\/2024\/05\/\u56fe\u7247337-1-100x100.png 100w\" sizes=\"(max-width: 1142px) 100vw, 1142px\" \/><\/p>\n<h2><strong><b>Informaci\u00f3n general<\/b><\/strong><\/h2>\n<p>La tapa aislante de 250 A protege la carcasa de 250 A, mientras que la carcasa sin carga la protege del polvo y la humedad. Para conservar un cable de repuesto, se instala una tapa aislante de 250 A para sellar la carcasa. Tras instalar la tapa aislante con gancho, se evita que se afloje, lo que aumenta la seguridad del sistema.<\/p>\n<p><img decoding=\"async\" class=\"alignnone wp-image-1604 size-full\" src=\"http:\/\/www.xminsulation.com\/wp-content\/uploads\/2024\/05\/\u56fe\u7247338.png\" alt=\"\" width=\"717\" height=\"585\" srcset=\"https:\/\/www.xminsulation.com\/wp-content\/uploads\/2024\/05\/\u56fe\u7247338.png 717w, https:\/\/www.xminsulation.com\/wp-content\/uploads\/2024\/05\/\u56fe\u7247338-300x245.png 300w, https:\/\/www.xminsulation.com\/wp-content\/uploads\/2024\/05\/\u56fe\u7247338-600x490.png 600w\" sizes=\"(max-width: 717px) 100vw, 717px\" \/> <img decoding=\"async\" class=\"alignnone wp-image-1605 size-full\" src=\"http:\/\/www.xminsulation.com\/wp-content\/uploads\/2024\/05\/\u56fe\u7247339.png\" alt=\"\" width=\"1264\" height=\"268\" srcset=\"https:\/\/www.xminsulation.com\/wp-content\/uploads\/2024\/05\/\u56fe\u7247339.png 1264w, https:\/\/www.xminsulation.com\/wp-content\/uploads\/2024\/05\/\u56fe\u7247339-300x64.png 300w, https:\/\/www.xminsulation.com\/wp-content\/uploads\/2024\/05\/\u56fe\u7247339-1024x217.png 1024w, https:\/\/www.xminsulation.com\/wp-content\/uploads\/2024\/05\/\u56fe\u7247339-768x163.png 768w, https:\/\/www.xminsulation.com\/wp-content\/uploads\/2024\/05\/\u56fe\u7247339-600x127.png 600w\" sizes=\"(max-width: 1264px) 100vw, 1264px\" \/><\/p>\n<p>&nbsp;<\/p>\n<div class=\"wxts\">\n<h2>\u25c6Personalizaci\u00f3n especial<\/h2>\n<p>Los par\u00e1metros anteriores son datos t\u00edpicos; Si los estilos existentes no satisfacen sus demandas espec\u00edficas, cont\u00e1ctenos para obtener un dise\u00f1o personalizado. Contamos con importantes habilidades de producci\u00f3n y desarrollo de personalizaci\u00f3n personalizada, lo que nos permite brindar soluciones personalizadas a clientes de todo el mundo.<\/p>\n<\/div>","protected":false},"excerpt":{"rendered":"<p>General Information 250A insulation cap for the 250A casing to provide the protection of the\u00a0insulation, the non &#8211; charged casing to provide dust, moisture protection. To keep a\u00a0spare wire, 250Ainsulation cap will be installed to seal the casing.After the installation of insulation cap with hook will prevent loosening the cap tightly,make the system more secure. [&hellip;]<\/p>","protected":false},"featured_media":1602,"template":"","meta":{"site-sidebar-layout":"default","site-content-layout":"","ast-site-content-layout":"default","site-content-style":"default","site-sidebar-style":"default","ast-global-header-display":"","ast-banner-title-visibility":"","ast-main-header-display":"","ast-hfb-above-header-display":"","ast-hfb-below-header-display":"","ast-hfb-mobile-header-display":"","site-post-title":"","ast-breadcrumbs-content":"","ast-featured-img":"","footer-sml-layout":"","theme-transparent-header-meta":"default","adv-header-id-meta":"","stick-header-meta":"","header-above-stick-meta":"","header-main-stick-meta":"","header-below-stick-meta":"","astra-migrate-meta-layouts":"set","ast-page-background-enabled":"default","ast-page-background-meta":{"desktop":{"background-color":"","background-image":"","background-repeat":"repeat","background-position":"center center","background-size":"auto","background-attachment":"scroll","background-type":"","background-media":"","overlay-type":"","overlay-color":"","overlay-gradient":""},"tablet":{"background-color":"","background-image":"","background-repeat":"repeat","background-position":"center center","background-size":"auto","background-attachment":"scroll","background-type":"","background-media":"","overlay-type":"","overlay-color":"","overlay-gradient":""},"mobile":{"background-color":"","background-image":"","background-repeat":"repeat","background-position":"center center","background-size":"auto","background-attachment":"scroll","background-type":"","background-media":"","overlay-type":"","overlay-color":"","overlay-gradient":""}},"ast-content-background-meta":{"desktop":{"background-color":"var(--ast-global-color-5)","background-image":"","background-repeat":"repeat","background-position":"center center","background-size":"auto","background-attachment":"scroll","background-type":"","background-media":"","overlay-type":"","overlay-color":"","overlay-gradient":""},"tablet":{"background-color":"var(--ast-global-color-5)","background-image":"","background-repeat":"repeat","background-position":"center center","background-size":"auto","background-attachment":"scroll","background-type":"","background-media":"","overlay-type":"","overlay-color":"","overlay-gradient":""},"mobile":{"background-color":"var(--ast-global-color-5)","background-image":"","background-repeat":"repeat","background-position":"center center","background-size":"auto","background-attachment":"scroll","background-type":"","background-media":"","overlay-type":"","overlay-color":"","overlay-gradient":""}}},"product_cat":[53],"product_tag":[],"class_list":{"0":"post-1601","1":"product","2":"type-product","3":"status-publish","4":"has-post-thumbnail","6":"product_cat-oushi","7":"desktop-align-left","8":"tablet-align-left","9":"mobile-align-left","11":"first","12":"instock","13":"shipping-taxable","14":"product-type-simple"},"_links":{"self":[{"href":"https:\/\/www.xminsulation.com\/es\/wp-json\/wp\/v2\/product\/1601","targetHints":{"allow":["GET"]}}],"collection":[{"href":"https:\/\/www.xminsulation.com\/es\/wp-json\/wp\/v2\/product"}],"about":[{"href":"https:\/\/www.xminsulation.com\/es\/wp-json\/wp\/v2\/types\/product"}],"wp:featuredmedia":[{"embeddable":true,"href":"https:\/\/www.xminsulation.com\/es\/wp-json\/wp\/v2\/media\/1602"}],"wp:attachment":[{"href":"https:\/\/www.xminsulation.com\/es\/wp-json\/wp\/v2\/media?parent=1601"}],"wp:term":[{"taxonomy":"product_cat","embeddable":true,"href":"https:\/\/www.xminsulation.com\/es\/wp-json\/wp\/v2\/product_cat?post=1601"},{"taxonomy":"product_tag","embeddable":true,"href":"https:\/\/www.xminsulation.com\/es\/wp-json\/wp\/v2\/product_tag?post=1601"}],"curies":[{"name":"wp","href":"https:\/\/api.w.org\/{rel}","templated":true}]}}