{"id":1590,"date":"2024-05-07T19:43:39","date_gmt":"2024-05-07T11:43:39","guid":{"rendered":"http:\/\/www.xminsulation.com\/?post_type=product&#038;p=1590"},"modified":"2024-05-15T15:54:34","modified_gmt":"2024-05-15T07:54:34","slug":"zt-12kv24kv-250a-european-straight-cable-joint","status":"publish","type":"product","link":"https:\/\/www.xminsulation.com\/es\/product\/zt-12kv24kv-250a-european-straight-cable-joint\/","title":{"rendered":"Uni\u00f3n de cable recto europeo ZT-12kV (24kV) 250A"},"content":{"rendered":"<p><img fetchpriority=\"high\" decoding=\"async\" class=\"alignnone wp-image-1592 size-full\" src=\"http:\/\/www.xminsulation.com\/wp-content\/uploads\/2024\/05\/\u56fe\u7247331-1.png\" alt=\"\" width=\"1180\" height=\"1180\" srcset=\"https:\/\/www.xminsulation.com\/wp-content\/uploads\/2024\/05\/\u56fe\u7247331-1.png 1180w, https:\/\/www.xminsulation.com\/wp-content\/uploads\/2024\/05\/\u56fe\u7247331-1-300x300.png 300w, https:\/\/www.xminsulation.com\/wp-content\/uploads\/2024\/05\/\u56fe\u7247331-1-1024x1024.png 1024w, https:\/\/www.xminsulation.com\/wp-content\/uploads\/2024\/05\/\u56fe\u7247331-1-150x150.png 150w, https:\/\/www.xminsulation.com\/wp-content\/uploads\/2024\/05\/\u56fe\u7247331-1-768x768.png 768w, https:\/\/www.xminsulation.com\/wp-content\/uploads\/2024\/05\/\u56fe\u7247331-1-600x600.png 600w, https:\/\/www.xminsulation.com\/wp-content\/uploads\/2024\/05\/\u56fe\u7247331-1-100x100.png 100w\" sizes=\"(max-width: 1180px) 100vw, 1180px\" \/><\/p>\n<h2><strong><b>Informaci\u00f3n general<\/b><\/strong><\/h2>\n<p>El conector de cable recto europeo ZT-12 (24)\/250 se utiliza en la conexi\u00f3n de la carcasa est\u00e1ndar DIN47636 de 250 A, cable conductor de alto voltaje. Se puede instalar como indicador de falla de cortocircuito o monitor de carga, para lograr una r\u00e1pida ubicaci\u00f3n de falla o instrucciones de estado de carga de l\u00ednea, no se puede cargar el enchufe.<\/p>\n<p>El grado de voltaje es 12 KV o 24 KV seg\u00fan el requisito de dise\u00f1o, corriente nominal: 250 A, adecuado para secci\u00f3n de cable: 35 ~ 150 mm.<\/p>\n<p><img decoding=\"async\" class=\"alignnone wp-image-1593 size-full\" src=\"http:\/\/www.xminsulation.com\/wp-content\/uploads\/2024\/05\/\u56fe\u7247332.png\" alt=\"\" width=\"1120\" height=\"1429\" srcset=\"https:\/\/www.xminsulation.com\/wp-content\/uploads\/2024\/05\/\u56fe\u7247332.png 1120w, https:\/\/www.xminsulation.com\/wp-content\/uploads\/2024\/05\/\u56fe\u7247332-235x300.png 235w, https:\/\/www.xminsulation.com\/wp-content\/uploads\/2024\/05\/\u56fe\u7247332-803x1024.png 803w, https:\/\/www.xminsulation.com\/wp-content\/uploads\/2024\/05\/\u56fe\u7247332-768x980.png 768w, https:\/\/www.xminsulation.com\/wp-content\/uploads\/2024\/05\/\u56fe\u7247332-600x766.png 600w\" sizes=\"(max-width: 1120px) 100vw, 1120px\" \/> <img decoding=\"async\" class=\"alignnone wp-image-1594 size-full\" src=\"http:\/\/www.xminsulation.com\/wp-content\/uploads\/2024\/05\/\u56fe\u7247333.png\" alt=\"\" width=\"1260\" height=\"268\" srcset=\"https:\/\/www.xminsulation.com\/wp-content\/uploads\/2024\/05\/\u56fe\u7247333.png 1260w, https:\/\/www.xminsulation.com\/wp-content\/uploads\/2024\/05\/\u56fe\u7247333-300x64.png 300w, https:\/\/www.xminsulation.com\/wp-content\/uploads\/2024\/05\/\u56fe\u7247333-1024x218.png 1024w, https:\/\/www.xminsulation.com\/wp-content\/uploads\/2024\/05\/\u56fe\u7247333-768x163.png 768w, https:\/\/www.xminsulation.com\/wp-content\/uploads\/2024\/05\/\u56fe\u7247333-600x128.png 600w\" sizes=\"(max-width: 1260px) 100vw, 1260px\" \/><\/p>\n<p>&nbsp;<\/p>\n<div class=\"wxts\">\n<h2>\u25c6Personalizaci\u00f3n especial<\/h2>\n<p>Los par\u00e1metros anteriores son datos t\u00edpicos; Si los estilos existentes no satisfacen sus demandas espec\u00edficas, cont\u00e1ctenos para obtener un dise\u00f1o personalizado. Contamos con importantes habilidades de producci\u00f3n y desarrollo de personalizaci\u00f3n personalizada, lo que nos permite brindar soluciones personalizadas a clientes de todo el mundo.<\/p>\n<\/div>","protected":false},"excerpt":{"rendered":"<p>General Information ZT-12 (24) \/250 European straight cable connector is used in the connection of the 250A DIN47636 standard casing , high voltage lead wire cable.Can be installed short circuit fault indicator or charged monitor, to achieve fast fault location or line charged state instructions, can not be charged plug. Voltage grade is 12KV or [&hellip;]<\/p>","protected":false},"featured_media":1591,"template":"","meta":{"site-sidebar-layout":"default","site-content-layout":"","ast-site-content-layout":"default","site-content-style":"default","site-sidebar-style":"default","ast-global-header-display":"","ast-banner-title-visibility":"","ast-main-header-display":"","ast-hfb-above-header-display":"","ast-hfb-below-header-display":"","ast-hfb-mobile-header-display":"","site-post-title":"","ast-breadcrumbs-content":"","ast-featured-img":"","footer-sml-layout":"","theme-transparent-header-meta":"default","adv-header-id-meta":"","stick-header-meta":"","header-above-stick-meta":"","header-main-stick-meta":"","header-below-stick-meta":"","astra-migrate-meta-layouts":"set","ast-page-background-enabled":"default","ast-page-background-meta":{"desktop":{"background-color":"","background-image":"","background-repeat":"repeat","background-position":"center center","background-size":"auto","background-attachment":"scroll","background-type":"","background-media":"","overlay-type":"","overlay-color":"","overlay-gradient":""},"tablet":{"background-color":"","background-image":"","background-repeat":"repeat","background-position":"center center","background-size":"auto","background-attachment":"scroll","background-type":"","background-media":"","overlay-type":"","overlay-color":"","overlay-gradient":""},"mobile":{"background-color":"","background-image":"","background-repeat":"repeat","background-position":"center center","background-size":"auto","background-attachment":"scroll","background-type":"","background-media":"","overlay-type":"","overlay-color":"","overlay-gradient":""}},"ast-content-background-meta":{"desktop":{"background-color":"var(--ast-global-color-5)","background-image":"","background-repeat":"repeat","background-position":"center center","background-size":"auto","background-attachment":"scroll","background-type":"","background-media":"","overlay-type":"","overlay-color":"","overlay-gradient":""},"tablet":{"background-color":"var(--ast-global-color-5)","background-image":"","background-repeat":"repeat","background-position":"center center","background-size":"auto","background-attachment":"scroll","background-type":"","background-media":"","overlay-type":"","overlay-color":"","overlay-gradient":""},"mobile":{"background-color":"var(--ast-global-color-5)","background-image":"","background-repeat":"repeat","background-position":"center center","background-size":"auto","background-attachment":"scroll","background-type":"","background-media":"","overlay-type":"","overlay-color":"","overlay-gradient":""}}},"product_cat":[53],"product_tag":[],"class_list":{"0":"post-1590","1":"product","2":"type-product","3":"status-publish","4":"has-post-thumbnail","6":"product_cat-oushi","7":"desktop-align-left","8":"tablet-align-left","9":"mobile-align-left","11":"first","12":"instock","13":"shipping-taxable","14":"product-type-simple"},"_links":{"self":[{"href":"https:\/\/www.xminsulation.com\/es\/wp-json\/wp\/v2\/product\/1590","targetHints":{"allow":["GET"]}}],"collection":[{"href":"https:\/\/www.xminsulation.com\/es\/wp-json\/wp\/v2\/product"}],"about":[{"href":"https:\/\/www.xminsulation.com\/es\/wp-json\/wp\/v2\/types\/product"}],"wp:featuredmedia":[{"embeddable":true,"href":"https:\/\/www.xminsulation.com\/es\/wp-json\/wp\/v2\/media\/1591"}],"wp:attachment":[{"href":"https:\/\/www.xminsulation.com\/es\/wp-json\/wp\/v2\/media?parent=1590"}],"wp:term":[{"taxonomy":"product_cat","embeddable":true,"href":"https:\/\/www.xminsulation.com\/es\/wp-json\/wp\/v2\/product_cat?post=1590"},{"taxonomy":"product_tag","embeddable":true,"href":"https:\/\/www.xminsulation.com\/es\/wp-json\/wp\/v2\/product_tag?post=1590"}],"curies":[{"name":"wp","href":"https:\/\/api.w.org\/{rel}","templated":true}]}}