{"id":1584,"date":"2024-05-07T19:41:08","date_gmt":"2024-05-07T11:41:08","guid":{"rendered":"http:\/\/www.xminsulation.com\/?post_type=product&#038;p=1584"},"modified":"2024-05-15T15:55:04","modified_gmt":"2024-05-15T07:55:04","slug":"hblq-17-50-m-0-v-bushing-rear-surge-arrester","status":"publish","type":"product","link":"https:\/\/www.xminsulation.com\/es\/product\/hblq-17-50-m-0-v-bushing-rear-surge-arrester\/","title":{"rendered":"Pararrayos trasero con buje HBLQ-17\/50 M.0.V"},"content":{"rendered":"<p><img fetchpriority=\"high\" decoding=\"async\" class=\"alignnone wp-image-1586 size-full\" src=\"http:\/\/www.xminsulation.com\/wp-content\/uploads\/2024\/05\/\u56fe\u7247328-1.png\" alt=\"\" width=\"567\" height=\"567\" srcset=\"https:\/\/www.xminsulation.com\/wp-content\/uploads\/2024\/05\/\u56fe\u7247328-1.png 567w, https:\/\/www.xminsulation.com\/wp-content\/uploads\/2024\/05\/\u56fe\u7247328-1-300x300.png 300w, https:\/\/www.xminsulation.com\/wp-content\/uploads\/2024\/05\/\u56fe\u7247328-1-150x150.png 150w, https:\/\/www.xminsulation.com\/wp-content\/uploads\/2024\/05\/\u56fe\u7247328-1-100x100.png 100w\" sizes=\"(max-width: 567px) 100vw, 567px\" \/><\/p>\n<h2><strong><b>Informaci\u00f3n general<\/b><\/strong><\/h2>\n<p>El pararrayos tipo buje MOV de 17\/50 kV proporciona una red de media tensi\u00f3n protectora confiable. Utiliza el blindaje semiconductor para garantizar que la persona est\u00e9 segura y que el equipo pueda funcionar bien, adem\u00e1s tienen la gran cantidad para garantizar que puedan funcionar en las circunstancias.<\/p>\n<p>El pararrayos tipo buje MOV de 17\/50 kV se puede utilizar junto con el conector en T.<\/p>\n<p><img decoding=\"async\" class=\"alignnone wp-image-1587 size-full\" src=\"http:\/\/www.xminsulation.com\/wp-content\/uploads\/2024\/05\/\u56fe\u7247329.png\" alt=\"\" width=\"337\" height=\"627\" srcset=\"https:\/\/www.xminsulation.com\/wp-content\/uploads\/2024\/05\/\u56fe\u7247329.png 337w, https:\/\/www.xminsulation.com\/wp-content\/uploads\/2024\/05\/\u56fe\u7247329-161x300.png 161w\" sizes=\"(max-width: 337px) 100vw, 337px\" \/><\/p>\n<h2><strong><b>Estructura del producto<\/b><\/strong><\/h2>\n<ol>\n<li>La capa de aislamiento: una formulaci\u00f3n \u00fanica y tecnolog\u00eda de mezcla para garantizar la calidad del caucho de aislamiento EPDM prefabricado.<\/li>\n<li>La capa semiconductora exterior: caucho conductor EPDM prefabricado conforme al est\u00e1ndar IEEE592.<\/li>\n<li>N\u00facleo del pararrayos: compuesto de \u00f3xido de zinc MOA mediante un procesamiento artesanal especial.<\/li>\n<li>El cobre, la cubierta inferior de cobre y la capa conductora externa del pararrayos est\u00e1n estrechamente relacionados, lo que hace que el pararrayos sea efectivo y proporciona conexi\u00f3n a tierra para el pararrayos.<\/li>\n<li>El extremo inferior del cable de tierra: los pararrayos integrados en la tierra, se conectar\u00e1n a tierra de manera efectiva para el voltaje de impulso del rayo.<\/li>\n<\/ol>\n<p>condujo a la posici\u00f3n de puesta a tierra.<\/p>\n<ol start=\"6\">\n<li>una capa semiconductora interna: caucho conductor EPDM prefabricado con control eficaz de la tensi\u00f3n el\u00e9ctrica.<\/li>\n<li>Perno de doble cabeza: perno conductor de cobre esta\u00f1ado y la carcasa para garantizar una estrecha coordinaci\u00f3n.<\/li>\n<li>Tapa del extremo del aislante: el producto tiene un efecto de sellado aislante.<\/li>\n<\/ol>\n<p><img decoding=\"async\" class=\"alignnone wp-image-1588 size-full\" src=\"http:\/\/www.xminsulation.com\/wp-content\/uploads\/2024\/05\/\u56fe\u7247330.png\" alt=\"\" width=\"838\" height=\"216\" srcset=\"https:\/\/www.xminsulation.com\/wp-content\/uploads\/2024\/05\/\u56fe\u7247330.png 838w, https:\/\/www.xminsulation.com\/wp-content\/uploads\/2024\/05\/\u56fe\u7247330-300x77.png 300w, https:\/\/www.xminsulation.com\/wp-content\/uploads\/2024\/05\/\u56fe\u7247330-768x198.png 768w, https:\/\/www.xminsulation.com\/wp-content\/uploads\/2024\/05\/\u56fe\u7247330-600x155.png 600w\" sizes=\"(max-width: 838px) 100vw, 838px\" \/><\/p>\n<p>&nbsp;<\/p>\n<div class=\"wxts\">\n<h2>\u25c6Personalizaci\u00f3n especial<\/h2>\n<p>Los par\u00e1metros anteriores son datos t\u00edpicos; Si los estilos existentes no satisfacen sus demandas espec\u00edficas, cont\u00e1ctenos para obtener un dise\u00f1o personalizado. Contamos con importantes habilidades de producci\u00f3n y desarrollo de personalizaci\u00f3n personalizada, lo que nos permite brindar soluciones personalizadas a clientes de todo el mundo.<\/p>\n<\/div>","protected":false},"excerpt":{"rendered":"<p>General Information 17\/50kV M.O.V Bushing Surge Arrester provide a reliable protective medium voltage network . using the semi-conductive shield to make sure the person is safe and the equipment can work well, also they have the high quantity to make sure they can work in the Circumstances. The 17\/50kV M.O.V Bushing Surge\u00a0Arrester can be use [&hellip;]<\/p>","protected":false},"featured_media":1585,"template":"","meta":{"site-sidebar-layout":"default","site-content-layout":"","ast-site-content-layout":"default","site-content-style":"default","site-sidebar-style":"default","ast-global-header-display":"","ast-banner-title-visibility":"","ast-main-header-display":"","ast-hfb-above-header-display":"","ast-hfb-below-header-display":"","ast-hfb-mobile-header-display":"","site-post-title":"","ast-breadcrumbs-content":"","ast-featured-img":"","footer-sml-layout":"","theme-transparent-header-meta":"default","adv-header-id-meta":"","stick-header-meta":"","header-above-stick-meta":"","header-main-stick-meta":"","header-below-stick-meta":"","astra-migrate-meta-layouts":"set","ast-page-background-enabled":"default","ast-page-background-meta":{"desktop":{"background-color":"","background-image":"","background-repeat":"repeat","background-position":"center center","background-size":"auto","background-attachment":"scroll","background-type":"","background-media":"","overlay-type":"","overlay-color":"","overlay-gradient":""},"tablet":{"background-color":"","background-image":"","background-repeat":"repeat","background-position":"center center","background-size":"auto","background-attachment":"scroll","background-type":"","background-media":"","overlay-type":"","overlay-color":"","overlay-gradient":""},"mobile":{"background-color":"","background-image":"","background-repeat":"repeat","background-position":"center center","background-size":"auto","background-attachment":"scroll","background-type":"","background-media":"","overlay-type":"","overlay-color":"","overlay-gradient":""}},"ast-content-background-meta":{"desktop":{"background-color":"var(--ast-global-color-5)","background-image":"","background-repeat":"repeat","background-position":"center center","background-size":"auto","background-attachment":"scroll","background-type":"","background-media":"","overlay-type":"","overlay-color":"","overlay-gradient":""},"tablet":{"background-color":"var(--ast-global-color-5)","background-image":"","background-repeat":"repeat","background-position":"center center","background-size":"auto","background-attachment":"scroll","background-type":"","background-media":"","overlay-type":"","overlay-color":"","overlay-gradient":""},"mobile":{"background-color":"var(--ast-global-color-5)","background-image":"","background-repeat":"repeat","background-position":"center center","background-size":"auto","background-attachment":"scroll","background-type":"","background-media":"","overlay-type":"","overlay-color":"","overlay-gradient":""}}},"product_cat":[53],"product_tag":[],"class_list":{"0":"post-1584","1":"product","2":"type-product","3":"status-publish","4":"has-post-thumbnail","6":"product_cat-oushi","7":"desktop-align-left","8":"tablet-align-left","9":"mobile-align-left","11":"first","12":"instock","13":"shipping-taxable","14":"product-type-simple"},"_links":{"self":[{"href":"https:\/\/www.xminsulation.com\/es\/wp-json\/wp\/v2\/product\/1584","targetHints":{"allow":["GET"]}}],"collection":[{"href":"https:\/\/www.xminsulation.com\/es\/wp-json\/wp\/v2\/product"}],"about":[{"href":"https:\/\/www.xminsulation.com\/es\/wp-json\/wp\/v2\/types\/product"}],"wp:featuredmedia":[{"embeddable":true,"href":"https:\/\/www.xminsulation.com\/es\/wp-json\/wp\/v2\/media\/1585"}],"wp:attachment":[{"href":"https:\/\/www.xminsulation.com\/es\/wp-json\/wp\/v2\/media?parent=1584"}],"wp:term":[{"taxonomy":"product_cat","embeddable":true,"href":"https:\/\/www.xminsulation.com\/es\/wp-json\/wp\/v2\/product_cat?post=1584"},{"taxonomy":"product_tag","embeddable":true,"href":"https:\/\/www.xminsulation.com\/es\/wp-json\/wp\/v2\/product_tag?post=1584"}],"curies":[{"name":"wp","href":"https:\/\/api.w.org\/{rel}","templated":true}]}}