{"id":1579,"date":"2024-05-07T18:04:56","date_gmt":"2024-05-07T10:04:56","guid":{"rendered":"http:\/\/www.xminsulation.com\/?post_type=product&#038;p=1579"},"modified":"2024-05-15T15:55:33","modified_gmt":"2024-05-15T07:55:33","slug":"hblq-26-66-24kv-elbow-surge-arrester","status":"publish","type":"product","link":"https:\/\/www.xminsulation.com\/es\/product\/hblq-26-66-24kv-elbow-surge-arrester\/","title":{"rendered":"HBLQ \u2013 Pararrayos de codo de 24 kV 26\/66"},"content":{"rendered":"<h2><img fetchpriority=\"high\" decoding=\"async\" class=\"alignnone wp-image-1581 size-full\" src=\"http:\/\/www.xminsulation.com\/wp-content\/uploads\/2024\/05\/\u56fe\u7247325-1.png\" alt=\"\" width=\"592\" height=\"592\" srcset=\"https:\/\/www.xminsulation.com\/wp-content\/uploads\/2024\/05\/\u56fe\u7247325-1.png 592w, https:\/\/www.xminsulation.com\/wp-content\/uploads\/2024\/05\/\u56fe\u7247325-1-300x300.png 300w, https:\/\/www.xminsulation.com\/wp-content\/uploads\/2024\/05\/\u56fe\u7247325-1-150x150.png 150w, https:\/\/www.xminsulation.com\/wp-content\/uploads\/2024\/05\/\u56fe\u7247325-1-100x100.png 100w\" sizes=\"(max-width: 592px) 100vw, 592px\" \/><\/h2>\n<h2><strong><b>Informaci\u00f3n general<\/b><\/strong><\/h2>\n<p>El pararrayos de buje MOV de 26\/66 kV proporciona una red de media tensi\u00f3n protectora confiable. Utiliza el blindaje semiconductor para garantizar que la persona est\u00e9 segura y que el equipo pueda funcionar bien, adem\u00e1s tienen la gran cantidad para garantizar que puedan funcionar en las circunstancias.<\/p>\n<p>El pararrayos tipo buje MOV de 26\/66 kV se puede utilizar junto con el conector en T.<\/p>\n<p><img decoding=\"async\" class=\"alignnone wp-image-1582 size-full\" src=\"http:\/\/www.xminsulation.com\/wp-content\/uploads\/2024\/05\/\u56fe\u7247326.png\" alt=\"\" width=\"325\" height=\"703\" srcset=\"https:\/\/www.xminsulation.com\/wp-content\/uploads\/2024\/05\/\u56fe\u7247326.png 325w, https:\/\/www.xminsulation.com\/wp-content\/uploads\/2024\/05\/\u56fe\u7247326-139x300.png 139w\" sizes=\"(max-width: 325px) 100vw, 325px\" \/><\/p>\n<h2><strong><b>Estructura del producto<\/b><\/strong><\/h2>\n<ol>\n<li>AISLAMIENTO DE EPDM: El aislamiento de EPDM curado con azufre de alta calidad se mezcla y formula internamente para un control completo de las caracter\u00edsticas del caucho aislante.<\/li>\n<li>BLINDAJE SEMICONDUCTOR: El blindaje EPDM semiconductor moldeado cumple con los requisitos de la norma ANSI\/IEEE 592.<\/li>\n<li>N\u00daCLEO DEL PARARRAYOS: Compuesto por la secci\u00f3n de la v\u00e1lvula del pararrayos de \u00f3xido de zinc que se trata mediante un proceso especial.<\/li>\n<li>SONDA: La sonda proporciona una ruta conductora confiable con contactos hembra acoplados.<\/li>\n<li>CABLE DE PUESTA A TIERRA: (Opcional para cable de puesta a tierra m\u00e1s grande) Se utiliza para voltaje de impulso efectivo despu\u00e9s de conducir a la posici\u00f3n de puesta a tierra.<\/li>\n<\/ol>\n<p><img decoding=\"async\" class=\"alignnone wp-image-1583 size-full\" src=\"http:\/\/www.xminsulation.com\/wp-content\/uploads\/2024\/05\/\u56fe\u7247327.png\" alt=\"\" width=\"1220\" height=\"370\" srcset=\"https:\/\/www.xminsulation.com\/wp-content\/uploads\/2024\/05\/\u56fe\u7247327.png 1220w, https:\/\/www.xminsulation.com\/wp-content\/uploads\/2024\/05\/\u56fe\u7247327-300x91.png 300w, https:\/\/www.xminsulation.com\/wp-content\/uploads\/2024\/05\/\u56fe\u7247327-1024x311.png 1024w, https:\/\/www.xminsulation.com\/wp-content\/uploads\/2024\/05\/\u56fe\u7247327-768x233.png 768w, https:\/\/www.xminsulation.com\/wp-content\/uploads\/2024\/05\/\u56fe\u7247327-600x182.png 600w\" sizes=\"(max-width: 1220px) 100vw, 1220px\" \/><\/p>\n<p>&nbsp;<\/p>\n<div class=\"wxts\">\n<h2>\u25c6Personalizaci\u00f3n especial<\/h2>\n<p>Los par\u00e1metros anteriores son datos t\u00edpicos; Si los estilos existentes no satisfacen sus demandas espec\u00edficas, cont\u00e1ctenos para obtener un dise\u00f1o personalizado. Contamos con importantes habilidades de producci\u00f3n y desarrollo de personalizaci\u00f3n personalizada, lo que nos permite brindar soluciones personalizadas a clientes de todo el mundo.<\/p>\n<\/div>","protected":false},"excerpt":{"rendered":"<p>General Information 26\/66kV M.O.V Bushing Surge Arrester provide a reliable protective medium voltage network . using the semi-conductive shield to make sure the person is safe and the equipment can work well , also they have the high quantity to make sure they can work in the Circumstances. The26\/66kV M.O.V Bushing Surge Arrester can be [&hellip;]<\/p>","protected":false},"featured_media":1580,"template":"","meta":{"site-sidebar-layout":"default","site-content-layout":"","ast-site-content-layout":"default","site-content-style":"default","site-sidebar-style":"default","ast-global-header-display":"","ast-banner-title-visibility":"","ast-main-header-display":"","ast-hfb-above-header-display":"","ast-hfb-below-header-display":"","ast-hfb-mobile-header-display":"","site-post-title":"","ast-breadcrumbs-content":"","ast-featured-img":"","footer-sml-layout":"","theme-transparent-header-meta":"default","adv-header-id-meta":"","stick-header-meta":"","header-above-stick-meta":"","header-main-stick-meta":"","header-below-stick-meta":"","astra-migrate-meta-layouts":"set","ast-page-background-enabled":"default","ast-page-background-meta":{"desktop":{"background-color":"","background-image":"","background-repeat":"repeat","background-position":"center center","background-size":"auto","background-attachment":"scroll","background-type":"","background-media":"","overlay-type":"","overlay-color":"","overlay-gradient":""},"tablet":{"background-color":"","background-image":"","background-repeat":"repeat","background-position":"center center","background-size":"auto","background-attachment":"scroll","background-type":"","background-media":"","overlay-type":"","overlay-color":"","overlay-gradient":""},"mobile":{"background-color":"","background-image":"","background-repeat":"repeat","background-position":"center center","background-size":"auto","background-attachment":"scroll","background-type":"","background-media":"","overlay-type":"","overlay-color":"","overlay-gradient":""}},"ast-content-background-meta":{"desktop":{"background-color":"var(--ast-global-color-5)","background-image":"","background-repeat":"repeat","background-position":"center center","background-size":"auto","background-attachment":"scroll","background-type":"","background-media":"","overlay-type":"","overlay-color":"","overlay-gradient":""},"tablet":{"background-color":"var(--ast-global-color-5)","background-image":"","background-repeat":"repeat","background-position":"center center","background-size":"auto","background-attachment":"scroll","background-type":"","background-media":"","overlay-type":"","overlay-color":"","overlay-gradient":""},"mobile":{"background-color":"var(--ast-global-color-5)","background-image":"","background-repeat":"repeat","background-position":"center center","background-size":"auto","background-attachment":"scroll","background-type":"","background-media":"","overlay-type":"","overlay-color":"","overlay-gradient":""}}},"product_cat":[53],"product_tag":[],"class_list":{"0":"post-1579","1":"product","2":"type-product","3":"status-publish","4":"has-post-thumbnail","6":"product_cat-oushi","7":"desktop-align-left","8":"tablet-align-left","9":"mobile-align-left","11":"first","12":"instock","13":"shipping-taxable","14":"product-type-simple"},"_links":{"self":[{"href":"https:\/\/www.xminsulation.com\/es\/wp-json\/wp\/v2\/product\/1579","targetHints":{"allow":["GET"]}}],"collection":[{"href":"https:\/\/www.xminsulation.com\/es\/wp-json\/wp\/v2\/product"}],"about":[{"href":"https:\/\/www.xminsulation.com\/es\/wp-json\/wp\/v2\/types\/product"}],"wp:featuredmedia":[{"embeddable":true,"href":"https:\/\/www.xminsulation.com\/es\/wp-json\/wp\/v2\/media\/1580"}],"wp:attachment":[{"href":"https:\/\/www.xminsulation.com\/es\/wp-json\/wp\/v2\/media?parent=1579"}],"wp:term":[{"taxonomy":"product_cat","embeddable":true,"href":"https:\/\/www.xminsulation.com\/es\/wp-json\/wp\/v2\/product_cat?post=1579"},{"taxonomy":"product_tag","embeddable":true,"href":"https:\/\/www.xminsulation.com\/es\/wp-json\/wp\/v2\/product_tag?post=1579"}],"curies":[{"name":"wp","href":"https:\/\/api.w.org\/{rel}","templated":true}]}}