{"id":1574,"date":"2024-05-07T18:02:35","date_gmt":"2024-05-07T10:02:35","guid":{"rendered":"http:\/\/www.xminsulation.com\/?post_type=product&#038;p=1574"},"modified":"2024-05-15T15:56:01","modified_gmt":"2024-05-15T07:56:01","slug":"jym-12kv-24kv-630a-lnsulated-protective-cap","status":"publish","type":"product","link":"https:\/\/www.xminsulation.com\/es\/product\/jym-12kv-24kv-630a-lnsulated-protective-cap\/","title":{"rendered":"Tapa protectora aislada JYM-12 kV\/24 kV 630 A"},"content":{"rendered":"<p><strong><b><img fetchpriority=\"high\" decoding=\"async\" class=\"alignnone wp-image-1576 size-full\" src=\"http:\/\/www.xminsulation.com\/wp-content\/uploads\/2024\/05\/\u56fe\u7247322-1.png\" alt=\"\" width=\"504\" height=\"504\" srcset=\"https:\/\/www.xminsulation.com\/wp-content\/uploads\/2024\/05\/\u56fe\u7247322-1.png 504w, https:\/\/www.xminsulation.com\/wp-content\/uploads\/2024\/05\/\u56fe\u7247322-1-300x300.png 300w, https:\/\/www.xminsulation.com\/wp-content\/uploads\/2024\/05\/\u56fe\u7247322-1-150x150.png 150w, https:\/\/www.xminsulation.com\/wp-content\/uploads\/2024\/05\/\u56fe\u7247322-1-100x100.png 100w\" sizes=\"(max-width: 504px) 100vw, 504px\" \/><\/b><\/strong><\/p>\n<h2><strong><b>Informaci\u00f3n general<\/b><\/strong><\/h2>\n<p>La tapa aislante de 12 kV\/24 kV es un accesorio para el manguito de punta. Proporciona una envoltura aislante para el manguito de punta y una envoltura a prueba de polvo y humedad para la uni\u00f3n interrogativa no puntual.<\/p>\n<p>La tapa aislante de 630 A se puede instalar en el pasamuros, la barra colectora y el equipo de suspensi\u00f3n mural de 630 A. Cuando la barra colectora y el conector del cable se reservan para la toma de corriente de reserva, deben sellarse con la tapa aislante de 630 A.<\/p>\n<p><img decoding=\"async\" class=\"alignnone wp-image-1577 size-full\" src=\"http:\/\/www.xminsulation.com\/wp-content\/uploads\/2024\/05\/\u56fe\u7247323.png\" alt=\"\" width=\"483\" height=\"392\" srcset=\"https:\/\/www.xminsulation.com\/wp-content\/uploads\/2024\/05\/\u56fe\u7247323.png 483w, https:\/\/www.xminsulation.com\/wp-content\/uploads\/2024\/05\/\u56fe\u7247323-300x243.png 300w\" sizes=\"(max-width: 483px) 100vw, 483px\" \/><\/p>\n<h2><strong><b>Estructura del producto<\/b><\/strong><\/h2>\n<ol>\n<li>El funcionamiento del anillo: hecho de acero inoxidable, la instalaci\u00f3n y el funcionamiento son productos convenientes;<\/li>\n<li>La capa de aislamiento: una formulaci\u00f3n \u00fanica y tecnolog\u00eda de mezcla para garantizar la calidad del caucho de aislamiento EPDM prefabricado;<\/li>\n<li>la capa semiconductora exterior: caucho conductor EPDM prefabricado seg\u00fan el est\u00e1ndar IEEE592;<\/li>\n<li>la rosca interna: rosca interna para M16-2;<\/li>\n<li>conectado a tierra mediante el ojo de conexi\u00f3n a tierra: ojo, hacer que los productos se conecten a tierra.<\/li>\n<\/ol>\n<p><img decoding=\"async\" class=\"alignnone wp-image-1578 size-full\" src=\"http:\/\/www.xminsulation.com\/wp-content\/uploads\/2024\/05\/\u56fe\u7247324.png\" alt=\"\" width=\"1008\" height=\"278\" srcset=\"https:\/\/www.xminsulation.com\/wp-content\/uploads\/2024\/05\/\u56fe\u7247324.png 1008w, https:\/\/www.xminsulation.com\/wp-content\/uploads\/2024\/05\/\u56fe\u7247324-300x83.png 300w, https:\/\/www.xminsulation.com\/wp-content\/uploads\/2024\/05\/\u56fe\u7247324-768x212.png 768w, https:\/\/www.xminsulation.com\/wp-content\/uploads\/2024\/05\/\u56fe\u7247324-600x165.png 600w\" sizes=\"(max-width: 1008px) 100vw, 1008px\" \/><\/p>\n<p>&nbsp;<\/p>\n<div class=\"wxts\">\n<h2>\u25c6Personalizaci\u00f3n especial<\/h2>\n<p>Los par\u00e1metros anteriores son datos t\u00edpicos; Si los estilos existentes no satisfacen sus demandas espec\u00edficas, cont\u00e1ctenos para obtener un dise\u00f1o personalizado. Contamos con importantes habilidades de producci\u00f3n y desarrollo de personalizaci\u00f3n personalizada, lo que nos permite brindar soluciones personalizadas a clientes de todo el mundo.<\/p>\n<\/div>","protected":false},"excerpt":{"rendered":"<p>General Information The 12KV\/24KV insulating cap is an accessory to the point sleeve. It provides insulation envelope for the point sleeve and dust-proof and moisture-proof envelope for the non-point interrogative joint. The 630A insulating cap can be installed on the 630A bushing, bus bar and wall hanging equipment. When the bus bar and cable connector [&hellip;]<\/p>","protected":false},"featured_media":1575,"template":"","meta":{"site-sidebar-layout":"default","site-content-layout":"","ast-site-content-layout":"default","site-content-style":"default","site-sidebar-style":"default","ast-global-header-display":"","ast-banner-title-visibility":"","ast-main-header-display":"","ast-hfb-above-header-display":"","ast-hfb-below-header-display":"","ast-hfb-mobile-header-display":"","site-post-title":"","ast-breadcrumbs-content":"","ast-featured-img":"","footer-sml-layout":"","theme-transparent-header-meta":"default","adv-header-id-meta":"","stick-header-meta":"","header-above-stick-meta":"","header-main-stick-meta":"","header-below-stick-meta":"","astra-migrate-meta-layouts":"set","ast-page-background-enabled":"default","ast-page-background-meta":{"desktop":{"background-color":"","background-image":"","background-repeat":"repeat","background-position":"center center","background-size":"auto","background-attachment":"scroll","background-type":"","background-media":"","overlay-type":"","overlay-color":"","overlay-gradient":""},"tablet":{"background-color":"","background-image":"","background-repeat":"repeat","background-position":"center center","background-size":"auto","background-attachment":"scroll","background-type":"","background-media":"","overlay-type":"","overlay-color":"","overlay-gradient":""},"mobile":{"background-color":"","background-image":"","background-repeat":"repeat","background-position":"center center","background-size":"auto","background-attachment":"scroll","background-type":"","background-media":"","overlay-type":"","overlay-color":"","overlay-gradient":""}},"ast-content-background-meta":{"desktop":{"background-color":"var(--ast-global-color-5)","background-image":"","background-repeat":"repeat","background-position":"center center","background-size":"auto","background-attachment":"scroll","background-type":"","background-media":"","overlay-type":"","overlay-color":"","overlay-gradient":""},"tablet":{"background-color":"var(--ast-global-color-5)","background-image":"","background-repeat":"repeat","background-position":"center center","background-size":"auto","background-attachment":"scroll","background-type":"","background-media":"","overlay-type":"","overlay-color":"","overlay-gradient":""},"mobile":{"background-color":"var(--ast-global-color-5)","background-image":"","background-repeat":"repeat","background-position":"center center","background-size":"auto","background-attachment":"scroll","background-type":"","background-media":"","overlay-type":"","overlay-color":"","overlay-gradient":""}}},"product_cat":[53],"product_tag":[],"class_list":{"0":"post-1574","1":"product","2":"type-product","3":"status-publish","4":"has-post-thumbnail","6":"product_cat-oushi","7":"desktop-align-left","8":"tablet-align-left","9":"mobile-align-left","11":"first","12":"instock","13":"shipping-taxable","14":"product-type-simple"},"_links":{"self":[{"href":"https:\/\/www.xminsulation.com\/es\/wp-json\/wp\/v2\/product\/1574","targetHints":{"allow":["GET"]}}],"collection":[{"href":"https:\/\/www.xminsulation.com\/es\/wp-json\/wp\/v2\/product"}],"about":[{"href":"https:\/\/www.xminsulation.com\/es\/wp-json\/wp\/v2\/types\/product"}],"wp:featuredmedia":[{"embeddable":true,"href":"https:\/\/www.xminsulation.com\/es\/wp-json\/wp\/v2\/media\/1575"}],"wp:attachment":[{"href":"https:\/\/www.xminsulation.com\/es\/wp-json\/wp\/v2\/media?parent=1574"}],"wp:term":[{"taxonomy":"product_cat","embeddable":true,"href":"https:\/\/www.xminsulation.com\/es\/wp-json\/wp\/v2\/product_cat?post=1574"},{"taxonomy":"product_tag","embeddable":true,"href":"https:\/\/www.xminsulation.com\/es\/wp-json\/wp\/v2\/product_tag?post=1574"}],"curies":[{"name":"wp","href":"https:\/\/api.w.org\/{rel}","templated":true}]}}