{"id":1503,"date":"2024-05-07T17:27:22","date_gmt":"2024-05-07T09:27:22","guid":{"rendered":"http:\/\/www.xminsulation.com\/?post_type=product&#038;p=1503"},"modified":"2024-05-15T16:12:35","modified_gmt":"2024-05-15T08:12:35","slug":"jdzt-15kv-200a-grounding-elbow","status":"publish","type":"product","link":"https:\/\/www.xminsulation.com\/es\/product\/jdzt-15kv-200a-grounding-elbow\/","title":{"rendered":"Codo de puesta a tierra JDZT-15kV-200A"},"content":{"rendered":"<p><img fetchpriority=\"high\" decoding=\"async\" class=\"alignnone wp-image-1505 size-full\" src=\"http:\/\/www.xminsulation.com\/wp-content\/uploads\/2024\/05\/\u56fe\u7247276-1.jpg\" alt=\"\" width=\"427\" height=\"427\" srcset=\"https:\/\/www.xminsulation.com\/wp-content\/uploads\/2024\/05\/\u56fe\u7247276-1.jpg 427w, https:\/\/www.xminsulation.com\/wp-content\/uploads\/2024\/05\/\u56fe\u7247276-1-300x300.jpg 300w, https:\/\/www.xminsulation.com\/wp-content\/uploads\/2024\/05\/\u56fe\u7247276-1-150x150.jpg 150w, https:\/\/www.xminsulation.com\/wp-content\/uploads\/2024\/05\/\u56fe\u7247276-1-100x100.jpg 100w\" sizes=\"(max-width: 427px) 100vw, 427px\" \/><\/p>\n<h2><strong><b>Informaci\u00f3n general<\/b><\/strong><strong><b>\u00a0<\/b><\/strong><\/h2>\n<p>El codo de puesta a tierra de 15 kV 200 A es la mejor opci\u00f3n para sistemas de energ\u00eda subterr\u00e1nea. Puede proporcionar una l\u00ednea de salida de puesta a tierra para verificar el cable en la aplicaci\u00f3n pr\u00e1ctica o el examen.<\/p>\n<p>El codo de puesta a tierra se puede usar solo o conectar con un inserto de buje, un inserto de alimentaci\u00f3n giratorio del transformador montado en la almohadilla y el gabinete de fuente de alimentaci\u00f3n circundante, lo que podr\u00eda estructurar un punto de puesta a tierra visible.<\/p>\n<p>El codo de puesta a tierra contiene un contacto conductor de cobre, un conector de compresi\u00f3n de cobre y caucho aislante fundido de alto aislamiento y antienvejecimiento. Esto garantiza un blindaje completo del producto. Un cable de tierra de 2 metros se conecta al extremo del codo. El valor de aislamiento del blindaje exterior del cable de puesta a tierra es de 600 V, por lo que, al realizar la inspecci\u00f3n, se recomienda realizar la prueba desde arriba.<\/p>\n<p><img decoding=\"async\" class=\"alignnone wp-image-1506 size-full\" src=\"http:\/\/www.xminsulation.com\/wp-content\/uploads\/2024\/05\/\u56fe\u7247277.png\" alt=\"\" width=\"546\" height=\"996\" srcset=\"https:\/\/www.xminsulation.com\/wp-content\/uploads\/2024\/05\/\u56fe\u7247277.png 546w, https:\/\/www.xminsulation.com\/wp-content\/uploads\/2024\/05\/\u56fe\u7247277-164x300.png 164w\" sizes=\"(max-width: 546px) 100vw, 546px\" \/><\/p>\n<h2><strong><b>Estructura del producto<\/b><\/strong><\/h2>\n<ol>\n<li>El funcionamiento del anillo: hecho de anillo de acero inoxidable, el uso de garant\u00edas y varilla de operaci\u00f3n aislada de soporte.<\/li>\n<\/ol>\n<p>2. Terminal de engarce de cobre: productos y cables estrechamente conectados.<\/p>\n<p>3. La capa de aislamiento: una formulaci\u00f3n \u00fanica y tecnolog\u00eda de mezcla para garantizar la excelente calidad del caucho de aislamiento EPDM prefabricado.<\/p>\n<p>4.Una capa semiconductora interna: caucho conductor EPDM prefabricado con control eficaz de la tensi\u00f3n el\u00e9ctrica.<\/p>\n<p>Cable unipolar de 5.600 V: grado de voltaje de 600 V, conexi\u00f3n a tierra efectiva.<\/p>\n<p>6. Varilla de inserci\u00f3n de arco: barra conductora de cobre esta\u00f1ado con funci\u00f3n de supresi\u00f3n de arco.<\/p>\n<p><img decoding=\"async\" class=\"alignnone wp-image-1507 size-large\" src=\"http:\/\/www.xminsulation.com\/wp-content\/uploads\/2024\/05\/\u56fe\u7247278-1024x181.png\" alt=\"\" width=\"1024\" height=\"181\" srcset=\"https:\/\/www.xminsulation.com\/wp-content\/uploads\/2024\/05\/\u56fe\u7247278-1024x181.png 1024w, https:\/\/www.xminsulation.com\/wp-content\/uploads\/2024\/05\/\u56fe\u7247278-300x53.png 300w, https:\/\/www.xminsulation.com\/wp-content\/uploads\/2024\/05\/\u56fe\u7247278-768x136.png 768w, https:\/\/www.xminsulation.com\/wp-content\/uploads\/2024\/05\/\u56fe\u7247278-600x106.png 600w, https:\/\/www.xminsulation.com\/wp-content\/uploads\/2024\/05\/\u56fe\u7247278.png 1502w\" sizes=\"(max-width: 1024px) 100vw, 1024px\" \/><\/p>\n<p>&nbsp;<\/p>\n<div class=\"wxts\">\n<h2>\u25c6Personalizaci\u00f3n especial<\/h2>\n<p>Los par\u00e1metros anteriores son datos t\u00edpicos; Si los estilos existentes no satisfacen sus demandas espec\u00edficas, cont\u00e1ctenos para obtener un dise\u00f1o personalizado. Contamos con importantes habilidades de producci\u00f3n y desarrollo de personalizaci\u00f3n personalizada, lo que nos permite brindar soluciones personalizadas a clientes de todo el mundo.<\/p>\n<\/div>","protected":false},"excerpt":{"rendered":"<p>General Information\u00a0 15kV 200A Grounding Elbow is the best choice for subterranean power systems.It can provide an grounding outgoing line for checking up the cable in the practical application or examination. Grounding Elbow could use alone or connect with Bushing Insert, Rotatable Feedthru Insert of pad mounted transformer and surrounding power supply cabinet,which could structure [&hellip;]<\/p>","protected":false},"featured_media":1504,"template":"","meta":{"site-sidebar-layout":"default","site-content-layout":"","ast-site-content-layout":"default","site-content-style":"default","site-sidebar-style":"default","ast-global-header-display":"","ast-banner-title-visibility":"","ast-main-header-display":"","ast-hfb-above-header-display":"","ast-hfb-below-header-display":"","ast-hfb-mobile-header-display":"","site-post-title":"","ast-breadcrumbs-content":"","ast-featured-img":"","footer-sml-layout":"","theme-transparent-header-meta":"default","adv-header-id-meta":"","stick-header-meta":"","header-above-stick-meta":"","header-main-stick-meta":"","header-below-stick-meta":"","astra-migrate-meta-layouts":"set","ast-page-background-enabled":"default","ast-page-background-meta":{"desktop":{"background-color":"","background-image":"","background-repeat":"repeat","background-position":"center center","background-size":"auto","background-attachment":"scroll","background-type":"","background-media":"","overlay-type":"","overlay-color":"","overlay-gradient":""},"tablet":{"background-color":"","background-image":"","background-repeat":"repeat","background-position":"center center","background-size":"auto","background-attachment":"scroll","background-type":"","background-media":"","overlay-type":"","overlay-color":"","overlay-gradient":""},"mobile":{"background-color":"","background-image":"","background-repeat":"repeat","background-position":"center center","background-size":"auto","background-attachment":"scroll","background-type":"","background-media":"","overlay-type":"","overlay-color":"","overlay-gradient":""}},"ast-content-background-meta":{"desktop":{"background-color":"var(--ast-global-color-5)","background-image":"","background-repeat":"repeat","background-position":"center center","background-size":"auto","background-attachment":"scroll","background-type":"","background-media":"","overlay-type":"","overlay-color":"","overlay-gradient":""},"tablet":{"background-color":"var(--ast-global-color-5)","background-image":"","background-repeat":"repeat","background-position":"center center","background-size":"auto","background-attachment":"scroll","background-type":"","background-media":"","overlay-type":"","overlay-color":"","overlay-gradient":""},"mobile":{"background-color":"var(--ast-global-color-5)","background-image":"","background-repeat":"repeat","background-position":"center center","background-size":"auto","background-attachment":"scroll","background-type":"","background-media":"","overlay-type":"","overlay-color":"","overlay-gradient":""}}},"product_cat":[52],"product_tag":[],"class_list":{"0":"post-1503","1":"product","2":"type-product","3":"status-publish","4":"has-post-thumbnail","6":"product_cat-meishi","7":"desktop-align-left","8":"tablet-align-left","9":"mobile-align-left","11":"first","12":"instock","13":"shipping-taxable","14":"product-type-simple"},"_links":{"self":[{"href":"https:\/\/www.xminsulation.com\/es\/wp-json\/wp\/v2\/product\/1503","targetHints":{"allow":["GET"]}}],"collection":[{"href":"https:\/\/www.xminsulation.com\/es\/wp-json\/wp\/v2\/product"}],"about":[{"href":"https:\/\/www.xminsulation.com\/es\/wp-json\/wp\/v2\/types\/product"}],"wp:featuredmedia":[{"embeddable":true,"href":"https:\/\/www.xminsulation.com\/es\/wp-json\/wp\/v2\/media\/1504"}],"wp:attachment":[{"href":"https:\/\/www.xminsulation.com\/es\/wp-json\/wp\/v2\/media?parent=1503"}],"wp:term":[{"taxonomy":"product_cat","embeddable":true,"href":"https:\/\/www.xminsulation.com\/es\/wp-json\/wp\/v2\/product_cat?post=1503"},{"taxonomy":"product_tag","embeddable":true,"href":"https:\/\/www.xminsulation.com\/es\/wp-json\/wp\/v2\/product_tag?post=1503"}],"curies":[{"name":"wp","href":"https:\/\/api.w.org\/{rel}","templated":true}]}}