{"id":1406,"date":"2024-05-07T16:38:22","date_gmt":"2024-05-07T08:38:22","guid":{"rendered":"http:\/\/www.xminsulation.com\/?post_type=product&#038;p=1406"},"modified":"2024-05-15T16:25:00","modified_gmt":"2024-05-15T08:25:00","slug":"mt2-15kv-600a-american-t2-type-joint","status":"publish","type":"product","link":"https:\/\/www.xminsulation.com\/es\/product\/mt2-15kv-600a-american-t2-type-joint\/","title":{"rendered":"Empalme tipo T2 americano MT2-15kV-600A"},"content":{"rendered":"<p><img fetchpriority=\"high\" decoding=\"async\" class=\"alignnone wp-image-1408 size-full\" src=\"http:\/\/www.xminsulation.com\/wp-content\/uploads\/2024\/05\/\u56fe\u7247215.png\" alt=\"\" width=\"1124\" height=\"942\" srcset=\"https:\/\/www.xminsulation.com\/wp-content\/uploads\/2024\/05\/\u56fe\u7247215.png 1124w, https:\/\/www.xminsulation.com\/wp-content\/uploads\/2024\/05\/\u56fe\u7247215-300x251.png 300w, https:\/\/www.xminsulation.com\/wp-content\/uploads\/2024\/05\/\u56fe\u7247215-1024x858.png 1024w, https:\/\/www.xminsulation.com\/wp-content\/uploads\/2024\/05\/\u56fe\u7247215-768x644.png 768w, https:\/\/www.xminsulation.com\/wp-content\/uploads\/2024\/05\/\u56fe\u7247215-600x503.png 600w\" sizes=\"(max-width: 1124px) 100vw, 1124px\" \/><\/p>\n<h2><strong><b>Informaci\u00f3n general<\/b><\/strong><\/h2>\n<p>Cabezal de transferencia de carga y uni\u00f3n tipo T600A americano, dos productos de la combinaci\u00f3n del tipo de producto T2 americano, el producto se utiliza para caja de derivaci\u00f3n de cable americano, caja americana, gabinete de red de anillo, tomacorriente.<\/p>\n<p>Conexi\u00f3n de extremo de 600 A y carcasa de 600 A, cabezal de transferencia de carga y soporte de bus de 600 A y conexi\u00f3n de codo de 200 A, conexi\u00f3n correspondiente de pararrayos de codo de 200 A.<\/p>\n<p><img decoding=\"async\" class=\"alignnone wp-image-1409 size-full\" src=\"http:\/\/www.xminsulation.com\/wp-content\/uploads\/2024\/05\/\u56fe\u7247216.png\" alt=\"\" width=\"544\" height=\"590\" srcset=\"https:\/\/www.xminsulation.com\/wp-content\/uploads\/2024\/05\/\u56fe\u7247216.png 544w, https:\/\/www.xminsulation.com\/wp-content\/uploads\/2024\/05\/\u56fe\u7247216-277x300.png 277w\" sizes=\"(max-width: 544px) 100vw, 544px\" \/> <img decoding=\"async\" class=\"alignnone wp-image-1410 size-full\" src=\"http:\/\/www.xminsulation.com\/wp-content\/uploads\/2024\/05\/\u56fe\u7247217.png\" alt=\"\" width=\"1246\" height=\"268\" srcset=\"https:\/\/www.xminsulation.com\/wp-content\/uploads\/2024\/05\/\u56fe\u7247217.png 1246w, https:\/\/www.xminsulation.com\/wp-content\/uploads\/2024\/05\/\u56fe\u7247217-300x65.png 300w, https:\/\/www.xminsulation.com\/wp-content\/uploads\/2024\/05\/\u56fe\u7247217-1024x220.png 1024w, https:\/\/www.xminsulation.com\/wp-content\/uploads\/2024\/05\/\u56fe\u7247217-768x165.png 768w, https:\/\/www.xminsulation.com\/wp-content\/uploads\/2024\/05\/\u56fe\u7247217-600x129.png 600w\" sizes=\"(max-width: 1246px) 100vw, 1246px\" \/><\/p>\n<p>&nbsp;<\/p>\n<div class=\"wxts\">\n<h2>\u25c6Personalizaci\u00f3n especial<\/h2>\n<p>Los par\u00e1metros anteriores son datos t\u00edpicos; Si los estilos existentes no satisfacen sus demandas espec\u00edficas, cont\u00e1ctenos para obtener un dise\u00f1o personalizado. Contamos con importantes habilidades de producci\u00f3n y desarrollo de personalizaci\u00f3n personalizada, lo que nos permite brindar soluciones personalizadas a clientes de todo el mundo.<\/p>\n<\/div>","protected":false},"excerpt":{"rendered":"<p>General Information American T600A type of joint and load transfer head two products of the combination of American T2 type of product, the product is used for American cable branch box, American box, ring network cabinet, outlet. Connecting 600A end and 600A casing, 600A bus supporting and load transfer head and 200Aelbowjoint, 200Aelbowarrester matching connection. [&hellip;]<\/p>","protected":false},"featured_media":1407,"template":"","meta":{"site-sidebar-layout":"default","site-content-layout":"","ast-site-content-layout":"default","site-content-style":"default","site-sidebar-style":"default","ast-global-header-display":"","ast-banner-title-visibility":"","ast-main-header-display":"","ast-hfb-above-header-display":"","ast-hfb-below-header-display":"","ast-hfb-mobile-header-display":"","site-post-title":"","ast-breadcrumbs-content":"","ast-featured-img":"","footer-sml-layout":"","theme-transparent-header-meta":"default","adv-header-id-meta":"","stick-header-meta":"","header-above-stick-meta":"","header-main-stick-meta":"","header-below-stick-meta":"","astra-migrate-meta-layouts":"set","ast-page-background-enabled":"default","ast-page-background-meta":{"desktop":{"background-color":"","background-image":"","background-repeat":"repeat","background-position":"center center","background-size":"auto","background-attachment":"scroll","background-type":"","background-media":"","overlay-type":"","overlay-color":"","overlay-gradient":""},"tablet":{"background-color":"","background-image":"","background-repeat":"repeat","background-position":"center center","background-size":"auto","background-attachment":"scroll","background-type":"","background-media":"","overlay-type":"","overlay-color":"","overlay-gradient":""},"mobile":{"background-color":"","background-image":"","background-repeat":"repeat","background-position":"center center","background-size":"auto","background-attachment":"scroll","background-type":"","background-media":"","overlay-type":"","overlay-color":"","overlay-gradient":""}},"ast-content-background-meta":{"desktop":{"background-color":"var(--ast-global-color-5)","background-image":"","background-repeat":"repeat","background-position":"center center","background-size":"auto","background-attachment":"scroll","background-type":"","background-media":"","overlay-type":"","overlay-color":"","overlay-gradient":""},"tablet":{"background-color":"var(--ast-global-color-5)","background-image":"","background-repeat":"repeat","background-position":"center center","background-size":"auto","background-attachment":"scroll","background-type":"","background-media":"","overlay-type":"","overlay-color":"","overlay-gradient":""},"mobile":{"background-color":"var(--ast-global-color-5)","background-image":"","background-repeat":"repeat","background-position":"center center","background-size":"auto","background-attachment":"scroll","background-type":"","background-media":"","overlay-type":"","overlay-color":"","overlay-gradient":""}}},"product_cat":[52],"product_tag":[],"class_list":{"0":"post-1406","1":"product","2":"type-product","3":"status-publish","4":"has-post-thumbnail","6":"product_cat-meishi","7":"desktop-align-left","8":"tablet-align-left","9":"mobile-align-left","11":"first","12":"instock","13":"shipping-taxable","14":"product-type-simple"},"_links":{"self":[{"href":"https:\/\/www.xminsulation.com\/es\/wp-json\/wp\/v2\/product\/1406","targetHints":{"allow":["GET"]}}],"collection":[{"href":"https:\/\/www.xminsulation.com\/es\/wp-json\/wp\/v2\/product"}],"about":[{"href":"https:\/\/www.xminsulation.com\/es\/wp-json\/wp\/v2\/types\/product"}],"wp:featuredmedia":[{"embeddable":true,"href":"https:\/\/www.xminsulation.com\/es\/wp-json\/wp\/v2\/media\/1407"}],"wp:attachment":[{"href":"https:\/\/www.xminsulation.com\/es\/wp-json\/wp\/v2\/media?parent=1406"}],"wp:term":[{"taxonomy":"product_cat","embeddable":true,"href":"https:\/\/www.xminsulation.com\/es\/wp-json\/wp\/v2\/product_cat?post=1406"},{"taxonomy":"product_tag","embeddable":true,"href":"https:\/\/www.xminsulation.com\/es\/wp-json\/wp\/v2\/product_tag?post=1406"}],"curies":[{"name":"wp","href":"https:\/\/api.w.org\/{rel}","templated":true}]}}