{"id":1375,"date":"2024-05-07T16:20:57","date_gmt":"2024-05-07T08:20:57","guid":{"rendered":"http:\/\/www.xminsulation.com\/?post_type=product&#038;p=1375"},"modified":"2024-05-15T16:28:22","modified_gmt":"2024-05-15T08:28:22","slug":"20kv-cold-shrinkable-power-cable-terminal","status":"publish","type":"product","link":"https:\/\/www.xminsulation.com\/es\/product\/20kv-cold-shrinkable-power-cable-terminal\/","title":{"rendered":"Terminal de cable de alimentaci\u00f3n termorretr\u00e1ctil de 20 kV"},"content":{"rendered":"<h1><img fetchpriority=\"high\" decoding=\"async\" class=\"alignnone wp-image-1377 size-full\" src=\"http:\/\/www.xminsulation.com\/wp-content\/uploads\/2024\/05\/\u56fe\u7247193-1.png\" alt=\"\" width=\"800\" height=\"800\" srcset=\"https:\/\/www.xminsulation.com\/wp-content\/uploads\/2024\/05\/\u56fe\u7247193-1.png 800w, https:\/\/www.xminsulation.com\/wp-content\/uploads\/2024\/05\/\u56fe\u7247193-1-300x300.png 300w, https:\/\/www.xminsulation.com\/wp-content\/uploads\/2024\/05\/\u56fe\u7247193-1-150x150.png 150w, https:\/\/www.xminsulation.com\/wp-content\/uploads\/2024\/05\/\u56fe\u7247193-1-768x768.png 768w, https:\/\/www.xminsulation.com\/wp-content\/uploads\/2024\/05\/\u56fe\u7247193-1-600x600.png 600w, https:\/\/www.xminsulation.com\/wp-content\/uploads\/2024\/05\/\u56fe\u7247193-1-100x100.png 100w\" sizes=\"(max-width: 800px) 100vw, 800px\" \/> <img decoding=\"async\" class=\"alignnone wp-image-1378 size-full\" src=\"http:\/\/www.xminsulation.com\/wp-content\/uploads\/2024\/05\/\u56fe\u7247194.png\" alt=\"\" width=\"800\" height=\"800\" srcset=\"https:\/\/www.xminsulation.com\/wp-content\/uploads\/2024\/05\/\u56fe\u7247194.png 800w, https:\/\/www.xminsulation.com\/wp-content\/uploads\/2024\/05\/\u56fe\u7247194-300x300.png 300w, https:\/\/www.xminsulation.com\/wp-content\/uploads\/2024\/05\/\u56fe\u7247194-150x150.png 150w, https:\/\/www.xminsulation.com\/wp-content\/uploads\/2024\/05\/\u56fe\u7247194-768x768.png 768w, https:\/\/www.xminsulation.com\/wp-content\/uploads\/2024\/05\/\u56fe\u7247194-600x600.png 600w, https:\/\/www.xminsulation.com\/wp-content\/uploads\/2024\/05\/\u56fe\u7247194-100x100.png 100w\" sizes=\"(max-width: 800px) 100vw, 800px\" \/> <img decoding=\"async\" class=\"alignnone wp-image-1379 size-full\" src=\"http:\/\/www.xminsulation.com\/wp-content\/uploads\/2024\/05\/\u56fe\u7247195.png\" alt=\"\" width=\"800\" height=\"800\" srcset=\"https:\/\/www.xminsulation.com\/wp-content\/uploads\/2024\/05\/\u56fe\u7247195.png 800w, https:\/\/www.xminsulation.com\/wp-content\/uploads\/2024\/05\/\u56fe\u7247195-300x300.png 300w, https:\/\/www.xminsulation.com\/wp-content\/uploads\/2024\/05\/\u56fe\u7247195-150x150.png 150w, https:\/\/www.xminsulation.com\/wp-content\/uploads\/2024\/05\/\u56fe\u7247195-768x768.png 768w, https:\/\/www.xminsulation.com\/wp-content\/uploads\/2024\/05\/\u56fe\u7247195-600x600.png 600w, https:\/\/www.xminsulation.com\/wp-content\/uploads\/2024\/05\/\u56fe\u7247195-100x100.png 100w\" sizes=\"(max-width: 800px) 100vw, 800px\" \/><\/h1>\n<h2><strong><b>20kV\u6237\u5185\u5916\u51b7\u6536\u7f29\u7ba1<\/b><\/strong><\/h2>\n<h2><strong><b>20kV Cold Shrink Cable Joint \/ 20kV Cold Shrinkable Power Cable Terminal<\/b><\/strong><\/h2>\n<p>La junta de cable termorretr\u00e1ctil est\u00e1 hecha de caucho de silicona l\u00edquida y caucho EPDM con rendimiento hidrof\u00f3bico. La alta elasticidad y la capacidad de encogimiento garantizan una presi\u00f3n activa constante y potente entre el caucho y el cable que puede responder a la expansi\u00f3n o contracci\u00f3n de los di\u00e1metros del cable bajo un ciclo de carga.<\/p>\n<h2><strong>Poder y tecnolog\u00eda<\/strong><\/h2>\n<p>Los accesorios de cable de contracci\u00f3n en fr\u00edo consisten en el uso de material elastom\u00e9rico (com\u00fanmente utilizado con caucho de silicona y caucho EPDM) en el moldeo por inyecci\u00f3n de vulcanizaci\u00f3n del equipo de moldeo por inyecci\u00f3n, y luego se expanden y recubren con un soporte en espiral de pl\u00e1stico compuesto por varios accesorios de cable. Cuando la instalaci\u00f3n est\u00e1 en su lugar, las piezas de expansi\u00f3n previa se envainan en el extremo o la uni\u00f3n del cable procesado y se extrae la tira espiral de pl\u00e1stico de soporte interior (soporte), que se presiona sobre el aislamiento del cable. Debido a que est\u00e1 a temperatura ambiente por<\/p>\n<p>Fuerza de retroceso el\u00e1stica, en lugar de usarse como accesorios de cable termorretr\u00e1ctiles para calentar la contracci\u00f3n, se los conoce com\u00fanmente como accesorios de cable termorretr\u00e1ctiles. Los primeros cabezales de terminales de cable de contracci\u00f3n en fr\u00edo solo usaban un aislamiento de caucho de silicona adicional y piezas de contracci\u00f3n, el tratamiento de campo el\u00e9ctrico a\u00fan debe usarse en forma de cono de tensi\u00f3n o zona de tensi\u00f3n alrededor del paquete.<\/p>\n<p>En la actualidad, se adoptan generalmente tubos de control de tensi\u00f3n de contracci\u00f3n en fr\u00edo, con niveles de tensi\u00f3n de 10 kV a 35 kV. Junta de cable de contracci\u00f3n en fr\u00edo, el nivel de 1 kV utiliza el tubo de aislamiento de contracci\u00f3n en fr\u00edo para reforzar el aislamiento, el nivel de 10 kV utiliza el interior y el exterior del blindaje semiconductor de la pieza de aislamiento de contracci\u00f3n en fr\u00edo de la junta. Bifurcaci\u00f3n de terminal de cable de tres n\u00facleos con rama de conjunto de contracci\u00f3n en fr\u00edo.<\/p>\n<h2><strong>Caracter\u00edsticas de los accesorios para cables termorretr\u00e1ctiles<\/strong><\/h2>\n<p>Adopte la tecnolog\u00eda de enfriamiento m\u00e1s avanzada, sin necesidad de herramientas especiales ni de destellos, durante la instalaci\u00f3n, solo se extrae el n\u00facleo de la l\u00ednea, el cuerpo el\u00e1stico se encoger\u00e1 r\u00e1pidamente y se acercar\u00e1 al sitio de instalaci\u00f3n.<\/p>\n<p>Una goma de silicona tiene un excelente aislamiento y alta elasticidad, despu\u00e9s de la instalaci\u00f3n de los restos del cuerpo del cable, la presi\u00f3n radial es adecuada, la uni\u00f3n interfacial, no debido a las carreras del cable de respiraci\u00f3n y ruptura. La parte de control de tensi\u00f3n y el compuesto de aislamiento principal est\u00e1n integrados, lo que resuelve eficazmente el problema de la concentraci\u00f3n de tensi\u00f3n el\u00e9ctrica en la superficie de blindaje exterior del cable, lo que garantiza la fiabilidad del aislamiento y la seguridad de la operaci\u00f3n. Todos los productos han sido fabricados en la f\u00e1brica. Sin formaci\u00f3n especial, instalaci\u00f3n y operaci\u00f3n sencillas, y no utiliza el fuego, ahorra tiempo y mano de obra, tecnolog\u00eda de reinicio autom\u00e1tico retr\u00e1ctil en fr\u00edo, f\u00e1cil instalaci\u00f3n sin sudar, reduce en gran medida debido al accidente de calidad causado por la operaci\u00f3n incorrecta, pero tambi\u00e9n resuelve el fen\u00f3meno de la contracci\u00f3n de los accesorios de cable prefabricados no es apretado o no entra.<\/p>\n<h2><strong>Resumen<\/strong><\/h2>\n<p>El material de aislamiento de terminales est\u00e1 hecho con material de caucho de silicona de alta calidad y tiene un buen rendimiento hidrof\u00f3bico, cuando las gotas despu\u00e9s de lo anterior, listas para rodar hacia abajo, no forman una pel\u00edcula conductora de agua y tiene propiedades de autocuraci\u00f3n hidrof\u00f3bicas. Adem\u00e1s, tiene un fuerte aislamiento, resistencia, resistencia a la corrosi\u00f3n y resistencia a los rayos UV, la mayor ventaja es garantizar un uso a largo plazo de un rendimiento estable. Larga vida, la misma vida \u00fatil que el cuerpo del cable.<\/p>\n<p>Cabezal de terminal de cable accesorio, tiene una f\u00f3rmula de material y un proceso de fabricaci\u00f3n \u00fanicos, que une estrechamente el aislamiento principal del cable, el cuerpo del cable proporciona una presi\u00f3n radial constante, una peque\u00f1a cantidad de descarga parcial, un alto voltaje de arranque, el nivel de aislamiento de impulso es m\u00e1s alto que el nivel de los est\u00e1ndares existentes y el cuerpo del cable con &#039;respiraci\u00f3n&#039;.<\/p>\n<p>La norma nacional GB50168-92, &quot;C\u00f3digo de aceptaci\u00f3n y construcci\u00f3n de l\u00edneas de cable&quot;, secci\u00f3n 6.1.3, establece: &quot;La fabricaci\u00f3n de terminales y conectores para cables de alimentaci\u00f3n con aislamiento de pl\u00e1stico debe evitar la entrada de polvo y residuos en el aislamiento. Est\u00e1 estrictamente prohibido en condiciones de niebla o lluvia&quot;. Si no prestamos atenci\u00f3n a la influencia de los factores ambientales durante la producci\u00f3n, el aislamiento de la cabeza del cable se ver\u00e1 afectado por el polvo y las impurezas, como la formaci\u00f3n de un espacio de aire y la aparici\u00f3n de descargas parciales (PD) bajo un campo el\u00e9ctrico intenso, lo que provocar\u00e1 la ruptura del aislamiento, lo que provocar\u00e1 la falla de la cabeza del cable. Si se fabrica en un entorno h\u00famedo, el cable se ve f\u00e1cilmente afectado por la humedad, lo que reduce el nivel general de aislamiento. Adem\u00e1s, tambi\u00e9n es f\u00e1cil que la humedad entre en el espacio de aire y se produzcan descargas parciales.<\/p>\n<p><img loading=\"lazy\" decoding=\"async\" class=\"alignnone wp-image-1380 size-full\" src=\"http:\/\/www.xminsulation.com\/wp-content\/uploads\/2024\/05\/\u56fe\u7247196.png\" alt=\"\" width=\"750\" height=\"984\" srcset=\"https:\/\/www.xminsulation.com\/wp-content\/uploads\/2024\/05\/\u56fe\u7247196.png 750w, https:\/\/www.xminsulation.com\/wp-content\/uploads\/2024\/05\/\u56fe\u7247196-229x300.png 229w, https:\/\/www.xminsulation.com\/wp-content\/uploads\/2024\/05\/\u56fe\u7247196-600x787.png 600w\" sizes=\"(max-width: 750px) 100vw, 750px\" \/><\/p>\n<h2><strong>An\u00e1lisis de instalaci\u00f3n de termocontracci\u00f3n en fr\u00edo:<\/strong><\/h2>\n<p>1. Todas las gomas de silicona son gomas de silicona l\u00edquida de alta calidad, con excelente aislamiento y alta elasticidad.<\/p>\n<p>2. Con la &quot;respiraci\u00f3n&quot; del cable se reducen eficazmente la descarga parcial y la descarga por espacio;<\/p>\n<p>3. Sin resorte magn\u00e9tico constante, evita la corriente de Foucault y el potencial suspendido.<\/p>\n<p><img loading=\"lazy\" decoding=\"async\" class=\"alignnone wp-image-1381 size-full\" src=\"http:\/\/www.xminsulation.com\/wp-content\/uploads\/2024\/05\/\u56fe\u7247197.png\" alt=\"\" width=\"479\" height=\"790\" srcset=\"https:\/\/www.xminsulation.com\/wp-content\/uploads\/2024\/05\/\u56fe\u7247197.png 479w, https:\/\/www.xminsulation.com\/wp-content\/uploads\/2024\/05\/\u56fe\u7247197-182x300.png 182w\" sizes=\"(max-width: 479px) 100vw, 479px\" \/><\/p>\n<h2><strong><b>\u4e09\u82af\u51b7\u7f29\u6237\u5185\u5916\u7ec8\u7aef\u88c5\u914d\u793a\u610f\u56fe<\/b><\/strong><\/h2>\n<h2><strong><b>Asamblea <\/b><\/strong><strong><b>D<\/b><\/strong><strong><b>Diagrama de <\/b><\/strong><strong><b>t<\/b><\/strong><strong><b>tres-<\/b><\/strong><strong><b>C<\/b><\/strong><strong><b>mineral <\/b><\/strong><strong><b>C<\/b><\/strong><strong><b>viejo <\/b><\/strong><strong><b>S<\/b><\/strong><strong><b>encogerse <\/b><\/strong><strong><b>I<\/b><\/strong><strong><b>puerta y <\/b><\/strong><strong><b>oh<\/b><\/strong><strong><b>al aire libre <\/b><\/strong><strong><b>t<\/b><\/strong><strong><b>terminales<\/b><\/strong><\/h2>\n<ul>\n<li>Terminales de prueba de emisiones,<\/li>\n<li>J-20\u767d\u7c98\u5e26Cinta adhesiva blanca J-20,<\/li>\n<li>n\u00facleo de la foto,<\/li>\n<li>Sellador de juntas,<\/li>\n<li>Tubo sellado,<\/li>\n<li>Cuerpo del terminal,<\/li>\n<li>\u4e3b\u7edd\u7f18\u5c42Capa de aislamiento principal,<\/li>\n<li>Cono de estr\u00e9s de la m\u00e1quina de moldeo<\/li>\n<li>El semiconductor es un componente importante<\/li>\n<li>\u534a\u5bfc\u4f53\u5c4f\u853d\u5c42 Escudo semiconductor,<\/li>\n<li>Sellador de juntas,<\/li>\n<li>\u94dc\u5c4f\u853d\u5e26 Cinta protectora de cobre,<\/li>\n<li>\u51b7\u7f29\u7edd\u7f18\u7ba1Tubo de aislamiento retr\u00e1ctil en fr\u00edo,<\/li>\n<li>Capa de revestimiento de la capa de revestimiento,<\/li>\n<li>\u6052\u529b\u5f39\u7c27resorte de fuerza constante,<\/li>\n<li>Armadura de acero,<\/li>\n<li>Pegamento para relleno,<\/li>\n<li>\u7535\u7f06\u5916\u62a4\u5957Funda exterior del cable,<\/li>\n<li>\u51b7\u7f29\u4e09\u652f\u5957Juego de tres piezas retr\u00e1ctil en fr\u00edo,<\/li>\n<li>\u5c4f\u853d\u63a5\u5730\u7ebfCable de tierra blindado,<\/li>\n<\/ul>\n<p>21\u3001\u94a2\u94e0\u63a5\u5730\u7ebfCable de tierra blindado de acero.<\/p>\n<h2><strong><b>Paquete de accesorios del producto<\/b><\/strong><\/h2>\n<p><img loading=\"lazy\" decoding=\"async\" class=\"alignnone wp-image-1382 size-full\" src=\"http:\/\/www.xminsulation.com\/wp-content\/uploads\/2024\/05\/\u56fe\u7247198.png\" alt=\"\" width=\"1000\" height=\"1312\" srcset=\"https:\/\/www.xminsulation.com\/wp-content\/uploads\/2024\/05\/\u56fe\u7247198.png 1000w, https:\/\/www.xminsulation.com\/wp-content\/uploads\/2024\/05\/\u56fe\u7247198-229x300.png 229w, https:\/\/www.xminsulation.com\/wp-content\/uploads\/2024\/05\/\u56fe\u7247198-780x1024.png 780w, https:\/\/www.xminsulation.com\/wp-content\/uploads\/2024\/05\/\u56fe\u7247198-768x1008.png 768w, https:\/\/www.xminsulation.com\/wp-content\/uploads\/2024\/05\/\u56fe\u7247198-600x787.png 600w\" sizes=\"(max-width: 1000px) 100vw, 1000px\" \/> <img loading=\"lazy\" decoding=\"async\" class=\"alignnone wp-image-1383 size-full\" src=\"http:\/\/www.xminsulation.com\/wp-content\/uploads\/2024\/05\/\u56fe\u7247199.png\" alt=\"\" width=\"1000\" height=\"818\" srcset=\"https:\/\/www.xminsulation.com\/wp-content\/uploads\/2024\/05\/\u56fe\u7247199.png 1000w, https:\/\/www.xminsulation.com\/wp-content\/uploads\/2024\/05\/\u56fe\u7247199-300x245.png 300w, https:\/\/www.xminsulation.com\/wp-content\/uploads\/2024\/05\/\u56fe\u7247199-768x628.png 768w, https:\/\/www.xminsulation.com\/wp-content\/uploads\/2024\/05\/\u56fe\u7247199-600x491.png 600w\" sizes=\"(max-width: 1000px) 100vw, 1000px\" \/><\/p>\n<h2><strong>Uso<\/strong><\/h2>\n<p><strong>\u00a0<\/strong><\/p>\n<p>Adecuado para la conexi\u00f3n de cables de alimentaci\u00f3n reticulados de un solo n\u00facleo y de tres n\u00facleos con niveles de tensi\u00f3n de 10 kV\/15 kV, con funci\u00f3n de sellado, aislamiento y evacuaci\u00f3n de tensiones. Especialmente adecuado para su uso en petr\u00f3leo, productos qu\u00edmicos, miner\u00eda y otros lugares inflamables y explosivos.<\/p>\n<div class=\"wxts\">\n<h2>\u25c6Personalizaci\u00f3n especial<\/h2>\n<p>Los par\u00e1metros anteriores son datos t\u00edpicos; Si los estilos existentes no satisfacen sus demandas espec\u00edficas, cont\u00e1ctenos para obtener un dise\u00f1o personalizado. Contamos con importantes habilidades de producci\u00f3n y desarrollo de personalizaci\u00f3n personalizada, lo que nos permite brindar soluciones personalizadas a clientes de todo el mundo.<\/p>\n<\/div>","protected":false},"excerpt":{"rendered":"<p>20kV\u6237\u5185\u5916\u51b7\u6536\u7f29\u7ba1 20kV Cold Shrink Cable Joint \/ 20kV Cold Shrinkable Power Cable Terminal Cold shrink cable joint is made of liquid silicone rubber and EPDM rubber with hydrophobic performance. High elasticity and ability to shrink ensure powerful and constant active pressure between rubber and cable that can respond to expanding or shrinking cable diameters under [&hellip;]<\/p>","protected":false},"featured_media":1376,"template":"","meta":{"site-sidebar-layout":"default","site-content-layout":"","ast-site-content-layout":"default","site-content-style":"default","site-sidebar-style":"default","ast-global-header-display":"","ast-banner-title-visibility":"","ast-main-header-display":"","ast-hfb-above-header-display":"","ast-hfb-below-header-display":"","ast-hfb-mobile-header-display":"","site-post-title":"","ast-breadcrumbs-content":"","ast-featured-img":"","footer-sml-layout":"","theme-transparent-header-meta":"default","adv-header-id-meta":"","stick-header-meta":"","header-above-stick-meta":"","header-main-stick-meta":"","header-below-stick-meta":"","astra-migrate-meta-layouts":"set","ast-page-background-enabled":"default","ast-page-background-meta":{"desktop":{"background-color":"","background-image":"","background-repeat":"repeat","background-position":"center center","background-size":"auto","background-attachment":"scroll","background-type":"","background-media":"","overlay-type":"","overlay-color":"","overlay-gradient":""},"tablet":{"background-color":"","background-image":"","background-repeat":"repeat","background-position":"center center","background-size":"auto","background-attachment":"scroll","background-type":"","background-media":"","overlay-type":"","overlay-color":"","overlay-gradient":""},"mobile":{"background-color":"","background-image":"","background-repeat":"repeat","background-position":"center center","background-size":"auto","background-attachment":"scroll","background-type":"","background-media":"","overlay-type":"","overlay-color":"","overlay-gradient":""}},"ast-content-background-meta":{"desktop":{"background-color":"var(--ast-global-color-5)","background-image":"","background-repeat":"repeat","background-position":"center center","background-size":"auto","background-attachment":"scroll","background-type":"","background-media":"","overlay-type":"","overlay-color":"","overlay-gradient":""},"tablet":{"background-color":"var(--ast-global-color-5)","background-image":"","background-repeat":"repeat","background-position":"center center","background-size":"auto","background-attachment":"scroll","background-type":"","background-media":"","overlay-type":"","overlay-color":"","overlay-gradient":""},"mobile":{"background-color":"var(--ast-global-color-5)","background-image":"","background-repeat":"repeat","background-position":"center center","background-size":"auto","background-attachment":"scroll","background-type":"","background-media":"","overlay-type":"","overlay-color":"","overlay-gradient":""}}},"product_cat":[51],"product_tag":[],"class_list":{"0":"post-1375","1":"product","2":"type-product","3":"status-publish","4":"has-post-thumbnail","6":"product_cat-cold-shrink-tubing","7":"desktop-align-left","8":"tablet-align-left","9":"mobile-align-left","11":"first","12":"instock","13":"shipping-taxable","14":"product-type-simple"},"_links":{"self":[{"href":"https:\/\/www.xminsulation.com\/es\/wp-json\/wp\/v2\/product\/1375","targetHints":{"allow":["GET"]}}],"collection":[{"href":"https:\/\/www.xminsulation.com\/es\/wp-json\/wp\/v2\/product"}],"about":[{"href":"https:\/\/www.xminsulation.com\/es\/wp-json\/wp\/v2\/types\/product"}],"wp:featuredmedia":[{"embeddable":true,"href":"https:\/\/www.xminsulation.com\/es\/wp-json\/wp\/v2\/media\/1376"}],"wp:attachment":[{"href":"https:\/\/www.xminsulation.com\/es\/wp-json\/wp\/v2\/media?parent=1375"}],"wp:term":[{"taxonomy":"product_cat","embeddable":true,"href":"https:\/\/www.xminsulation.com\/es\/wp-json\/wp\/v2\/product_cat?post=1375"},{"taxonomy":"product_tag","embeddable":true,"href":"https:\/\/www.xminsulation.com\/es\/wp-json\/wp\/v2\/product_tag?post=1375"}],"curies":[{"name":"wp","href":"https:\/\/api.w.org\/{rel}","templated":true}]}}