{"id":1356,"date":"2024-05-07T15:46:56","date_gmt":"2024-05-07T07:46:56","guid":{"rendered":"http:\/\/www.xminsulation.com\/?post_type=product&#038;p=1356"},"modified":"2024-05-15T16:29:21","modified_gmt":"2024-05-15T08:29:21","slug":"1-5-busbar-insulating-heat-shrinkable-tubing-withstand-voltage-up-to-10kv","status":"publish","type":"product","link":"https:\/\/www.xminsulation.com\/es\/product\/1-5-busbar-insulating-heat-shrinkable-tubing-withstand-voltage-up-to-10kv\/","title":{"rendered":"Tubo termorretr\u00e1ctil aislante de barras colectoras de 1,5 mm\u00b2 (tensi\u00f3n soportada de hasta 10 kV)"},"content":{"rendered":"<h1><img fetchpriority=\"high\" decoding=\"async\" class=\"alignnone wp-image-1358 size-full\" src=\"http:\/\/www.xminsulation.com\/wp-content\/uploads\/2024\/05\/\u56fe\u7247178-1.jpg\" alt=\"\" width=\"645\" height=\"645\" srcset=\"https:\/\/www.xminsulation.com\/wp-content\/uploads\/2024\/05\/\u56fe\u7247178-1.jpg 645w, https:\/\/www.xminsulation.com\/wp-content\/uploads\/2024\/05\/\u56fe\u7247178-1-300x300.jpg 300w, https:\/\/www.xminsulation.com\/wp-content\/uploads\/2024\/05\/\u56fe\u7247178-1-150x150.jpg 150w, https:\/\/www.xminsulation.com\/wp-content\/uploads\/2024\/05\/\u56fe\u7247178-1-600x600.jpg 600w, https:\/\/www.xminsulation.com\/wp-content\/uploads\/2024\/05\/\u56fe\u7247178-1-100x100.jpg 100w\" sizes=\"(max-width: 645px) 100vw, 645px\" \/> <img decoding=\"async\" class=\"alignnone wp-image-1359 size-full\" src=\"http:\/\/www.xminsulation.com\/wp-content\/uploads\/2024\/05\/\u56fe\u7247179.png\" alt=\"\" width=\"800\" height=\"533\" srcset=\"https:\/\/www.xminsulation.com\/wp-content\/uploads\/2024\/05\/\u56fe\u7247179.png 800w, https:\/\/www.xminsulation.com\/wp-content\/uploads\/2024\/05\/\u56fe\u7247179-300x200.png 300w, https:\/\/www.xminsulation.com\/wp-content\/uploads\/2024\/05\/\u56fe\u7247179-768x512.png 768w, https:\/\/www.xminsulation.com\/wp-content\/uploads\/2024\/05\/\u56fe\u7247179-600x400.png 600w\" sizes=\"(max-width: 800px) 100vw, 800px\" \/> <img decoding=\"async\" class=\"alignnone wp-image-1360 size-full\" src=\"http:\/\/www.xminsulation.com\/wp-content\/uploads\/2024\/05\/\u56fe\u7247180.png\" alt=\"\" width=\"800\" height=\"533\" srcset=\"https:\/\/www.xminsulation.com\/wp-content\/uploads\/2024\/05\/\u56fe\u7247180.png 800w, https:\/\/www.xminsulation.com\/wp-content\/uploads\/2024\/05\/\u56fe\u7247180-300x200.png 300w, https:\/\/www.xminsulation.com\/wp-content\/uploads\/2024\/05\/\u56fe\u7247180-768x512.png 768w, https:\/\/www.xminsulation.com\/wp-content\/uploads\/2024\/05\/\u56fe\u7247180-600x400.png 600w\" sizes=\"(max-width: 800px) 100vw, 800px\" \/> <img loading=\"lazy\" decoding=\"async\" class=\"alignnone wp-image-1361 size-full\" src=\"http:\/\/www.xminsulation.com\/wp-content\/uploads\/2024\/05\/\u56fe\u7247181.png\" alt=\"\" width=\"800\" height=\"533\" srcset=\"https:\/\/www.xminsulation.com\/wp-content\/uploads\/2024\/05\/\u56fe\u7247181.png 800w, https:\/\/www.xminsulation.com\/wp-content\/uploads\/2024\/05\/\u56fe\u7247181-300x200.png 300w, https:\/\/www.xminsulation.com\/wp-content\/uploads\/2024\/05\/\u56fe\u7247181-768x512.png 768w, https:\/\/www.xminsulation.com\/wp-content\/uploads\/2024\/05\/\u56fe\u7247181-600x400.png 600w\" sizes=\"(max-width: 800px) 100vw, 800px\" \/><\/h1>\n<h2><strong><b>APLICACIONES<\/b><\/strong><\/h2>\n<p>El tubo termorretr\u00e1ctil aislante para barras colectoras de 1,5 mm est\u00e1 fabricado con poliolefina. Su flexibilidad facilita al operador el procesamiento de barras colectoras dobladas. Esta poliolefina ecol\u00f3gica proporciona una protecci\u00f3n de aislamiento fiable hasta 10 kV, evitando descargas disruptivas y contactos accidentales. El uso de HB1,5 para cubrir las barras colectoras reduce el espacio de dise\u00f1o de la aparamenta y reduce el coste.<\/p>\n<h2><strong><b>APROBACIONES \/ ESPECIFICACIONES<\/b><\/strong><\/h2>\n<p>IEC60060-1<\/p>\n<h2><strong><b>RANGO DE TEMPERATURA DE FUNCIONAMIENTO<\/b><\/strong><\/h2>\n<p>a, Temperatura de funcionamiento continuo: -45\u2103 ~ 105\u2103.<\/p>\n<p>b, Temperatura m\u00ednima de contracci\u00f3n: 50\u2103.<\/p>\n<p>c, Temperatura m\u00ednima de recuperaci\u00f3n total: 125\u02daC.<\/p>\n<h2><strong><b>COLOR<\/b><\/strong><\/h2>\n<p>Color est\u00e1ndar: rojo, (El ancho de la barra colectora variar\u00e1 seg\u00fan el dise\u00f1o del fabricante. El tama\u00f1o recomendado es solo de referencia).<\/p>\n<p>a, Relaci\u00f3n de contracci\u00f3n: 2,5:1.<\/p>\n<p>b, Flexibilidad y resistencia a la corrosi\u00f3n.<\/p>\n<p>c, Excelente resistencia qu\u00edmica y rendimiento de aislamiento.<\/p>\n<p>El tubo termorretr\u00e1ctil para barras colectoras con aislamiento de alta tensi\u00f3n de 10 kV est\u00e1 fabricado con poliolefina termorretr\u00e1ctil ecol\u00f3gica, reticulada mediante bombardeo con haz de electrones de alta energ\u00eda. Presenta excelentes propiedades ign\u00edfugas, aislamiento y estabilidad t\u00e9rmica, adem\u00e1s de proporcionar alta resistencia de aislamiento y resistencia el\u00e9ctrica. Es resistente a trazas de carbono. Limita la emisi\u00f3n de sustancias nocivas para el medio ambiente, como PBB, PBBD, PBBE y metales pesados. No produce gases t\u00f3xicos ni sustancias nocivas al quemarse. Es adecuado para la protecci\u00f3n anticorrosiva y aislante de barras colectoras y equipos el\u00e9ctricos. Ha obtenido la certificaci\u00f3n de las escuelas secundarias de Wuhan y West. Sus productos se utilizan ampliamente en la industria energ\u00e9tica, las comunicaciones, la automoci\u00f3n, la navegaci\u00f3n, la fabricaci\u00f3n de aeronaves y otros sectores.<\/p>\n<h2><strong><b>Tabla de especificaciones<\/b><\/strong><\/h2>\n<p><img loading=\"lazy\" decoding=\"async\" class=\"alignnone wp-image-1362 size-full\" src=\"http:\/\/www.xminsulation.com\/wp-content\/uploads\/2024\/05\/\u56fe\u7247182.png\" alt=\"\" width=\"954\" height=\"880\" srcset=\"https:\/\/www.xminsulation.com\/wp-content\/uploads\/2024\/05\/\u56fe\u7247182.png 954w, https:\/\/www.xminsulation.com\/wp-content\/uploads\/2024\/05\/\u56fe\u7247182-300x277.png 300w, https:\/\/www.xminsulation.com\/wp-content\/uploads\/2024\/05\/\u56fe\u7247182-768x708.png 768w, https:\/\/www.xminsulation.com\/wp-content\/uploads\/2024\/05\/\u56fe\u7247182-600x553.png 600w\" sizes=\"(max-width: 954px) 100vw, 954px\" \/> <img loading=\"lazy\" decoding=\"async\" class=\"alignnone wp-image-1363 size-full\" src=\"http:\/\/www.xminsulation.com\/wp-content\/uploads\/2024\/05\/\u56fe\u7247183.png\" alt=\"\" width=\"954\" height=\"899\" srcset=\"https:\/\/www.xminsulation.com\/wp-content\/uploads\/2024\/05\/\u56fe\u7247183.png 954w, https:\/\/www.xminsulation.com\/wp-content\/uploads\/2024\/05\/\u56fe\u7247183-300x283.png 300w, https:\/\/www.xminsulation.com\/wp-content\/uploads\/2024\/05\/\u56fe\u7247183-768x724.png 768w, https:\/\/www.xminsulation.com\/wp-content\/uploads\/2024\/05\/\u56fe\u7247183-600x565.png 600w\" sizes=\"(max-width: 954px) 100vw, 954px\" \/> <img loading=\"lazy\" decoding=\"async\" class=\"alignnone wp-image-1364 size-full\" src=\"http:\/\/www.xminsulation.com\/wp-content\/uploads\/2024\/05\/\u56fe\u7247184.png\" alt=\"\" width=\"957\" height=\"584\" srcset=\"https:\/\/www.xminsulation.com\/wp-content\/uploads\/2024\/05\/\u56fe\u7247184.png 957w, https:\/\/www.xminsulation.com\/wp-content\/uploads\/2024\/05\/\u56fe\u7247184-300x183.png 300w, https:\/\/www.xminsulation.com\/wp-content\/uploads\/2024\/05\/\u56fe\u7247184-768x469.png 768w, https:\/\/www.xminsulation.com\/wp-content\/uploads\/2024\/05\/\u56fe\u7247184-600x366.png 600w\" sizes=\"(max-width: 957px) 100vw, 957px\" \/><\/p>\n<p>&nbsp;<\/p>\n<div class=\"wxts\">\n<h2>\u25c6Personalizaci\u00f3n especial<\/h2>\n<p>Los par\u00e1metros anteriores son datos t\u00edpicos; Si los estilos existentes no satisfacen sus demandas espec\u00edficas, cont\u00e1ctenos para obtener un dise\u00f1o personalizado. Contamos con importantes habilidades de producci\u00f3n y desarrollo de personalizaci\u00f3n personalizada, lo que nos permite brindar soluciones personalizadas a clientes de todo el mundo.<\/p>\n<\/div>","protected":false},"excerpt":{"rendered":"<p>APPLICATIONS 1.5 busbar insulating heat shrinkable tubing is made of polyolefin. The flexible material make it very easy for the operator to process bent busbars. The environmental friendly polyolefin material can provide reliable insulation protection up to 10 kV, avoiding the possibility of flashovers and accidental contact. The use of HB1.5 to cover busbars can [&hellip;]<\/p>","protected":false},"featured_media":1357,"template":"","meta":{"site-sidebar-layout":"default","site-content-layout":"","ast-site-content-layout":"default","site-content-style":"default","site-sidebar-style":"default","ast-global-header-display":"","ast-banner-title-visibility":"","ast-main-header-display":"","ast-hfb-above-header-display":"","ast-hfb-below-header-display":"","ast-hfb-mobile-header-display":"","site-post-title":"","ast-breadcrumbs-content":"","ast-featured-img":"","footer-sml-layout":"","theme-transparent-header-meta":"default","adv-header-id-meta":"","stick-header-meta":"","header-above-stick-meta":"","header-main-stick-meta":"","header-below-stick-meta":"","astra-migrate-meta-layouts":"set","ast-page-background-enabled":"default","ast-page-background-meta":{"desktop":{"background-color":"","background-image":"","background-repeat":"repeat","background-position":"center center","background-size":"auto","background-attachment":"scroll","background-type":"","background-media":"","overlay-type":"","overlay-color":"","overlay-gradient":""},"tablet":{"background-color":"","background-image":"","background-repeat":"repeat","background-position":"center center","background-size":"auto","background-attachment":"scroll","background-type":"","background-media":"","overlay-type":"","overlay-color":"","overlay-gradient":""},"mobile":{"background-color":"","background-image":"","background-repeat":"repeat","background-position":"center center","background-size":"auto","background-attachment":"scroll","background-type":"","background-media":"","overlay-type":"","overlay-color":"","overlay-gradient":""}},"ast-content-background-meta":{"desktop":{"background-color":"var(--ast-global-color-5)","background-image":"","background-repeat":"repeat","background-position":"center center","background-size":"auto","background-attachment":"scroll","background-type":"","background-media":"","overlay-type":"","overlay-color":"","overlay-gradient":""},"tablet":{"background-color":"var(--ast-global-color-5)","background-image":"","background-repeat":"repeat","background-position":"center center","background-size":"auto","background-attachment":"scroll","background-type":"","background-media":"","overlay-type":"","overlay-color":"","overlay-gradient":""},"mobile":{"background-color":"var(--ast-global-color-5)","background-image":"","background-repeat":"repeat","background-position":"center center","background-size":"auto","background-attachment":"scroll","background-type":"","background-media":"","overlay-type":"","overlay-color":"","overlay-gradient":""}}},"product_cat":[54],"product_tag":[],"class_list":{"0":"post-1356","1":"product","2":"type-product","3":"status-publish","4":"has-post-thumbnail","6":"product_cat-heat-shrink-tubing","7":"desktop-align-left","8":"tablet-align-left","9":"mobile-align-left","11":"first","12":"instock","13":"shipping-taxable","14":"product-type-simple"},"_links":{"self":[{"href":"https:\/\/www.xminsulation.com\/es\/wp-json\/wp\/v2\/product\/1356","targetHints":{"allow":["GET"]}}],"collection":[{"href":"https:\/\/www.xminsulation.com\/es\/wp-json\/wp\/v2\/product"}],"about":[{"href":"https:\/\/www.xminsulation.com\/es\/wp-json\/wp\/v2\/types\/product"}],"wp:featuredmedia":[{"embeddable":true,"href":"https:\/\/www.xminsulation.com\/es\/wp-json\/wp\/v2\/media\/1357"}],"wp:attachment":[{"href":"https:\/\/www.xminsulation.com\/es\/wp-json\/wp\/v2\/media?parent=1356"}],"wp:term":[{"taxonomy":"product_cat","embeddable":true,"href":"https:\/\/www.xminsulation.com\/es\/wp-json\/wp\/v2\/product_cat?post=1356"},{"taxonomy":"product_tag","embeddable":true,"href":"https:\/\/www.xminsulation.com\/es\/wp-json\/wp\/v2\/product_tag?post=1356"}],"curies":[{"name":"wp","href":"https:\/\/api.w.org\/{rel}","templated":true}]}}