{"id":1349,"date":"2024-05-07T15:42:29","date_gmt":"2024-05-07T07:42:29","guid":{"rendered":"http:\/\/www.xminsulation.com\/?post_type=product&#038;p=1349"},"modified":"2024-05-15T16:29:49","modified_gmt":"2024-05-15T08:29:49","slug":"2-0-busbar-insulating-heat-shrinkable-tubing-withstand-voltage-up-to-24kv","status":"publish","type":"product","link":"https:\/\/www.xminsulation.com\/es\/product\/2-0-busbar-insulating-heat-shrinkable-tubing-withstand-voltage-up-to-24kv\/","title":{"rendered":"Tubo termorretr\u00e1ctil aislante para barras colectoras 2.0 (tensi\u00f3n soportada de hasta 24 kV)"},"content":{"rendered":"<h1><img fetchpriority=\"high\" decoding=\"async\" class=\"alignnone wp-image-1351 size-full\" src=\"http:\/\/www.xminsulation.com\/wp-content\/uploads\/2024\/05\/\u56fe\u7247174-1.png\" alt=\"\" width=\"591\" height=\"578\" srcset=\"https:\/\/www.xminsulation.com\/wp-content\/uploads\/2024\/05\/\u56fe\u7247174-1.png 591w, https:\/\/www.xminsulation.com\/wp-content\/uploads\/2024\/05\/\u56fe\u7247174-1-300x293.png 300w\" sizes=\"(max-width: 591px) 100vw, 591px\" \/><\/h1>\n<h2><strong><b>APLICACIONES<\/b><\/strong><\/h2>\n<p>El tubo termorretr\u00e1ctil aislante para barras colectoras 2.0 est\u00e1 fabricado con poliolefina. Su flexibilidad facilita al operador el procesamiento de barras colectoras dobladas. Esta poliolefina ecol\u00f3gica proporciona una protecci\u00f3n de aislamiento fiable hasta 24 kV, evitando descargas disruptivas y contactos accidentales. El uso de HB2 para cubrir las barras colectoras reduce el espacio necesario para el dise\u00f1o de la aparamenta y reduce el coste.<\/p>\n<h2><strong><b>APROBACIONES \/ ESPECIFICACIONES<\/b><\/strong><\/h2>\n<p>IEC60060-1<\/p>\n<h2><strong><b>RANGO DE TEMPERATURA DE FUNCIONAMIENTO<\/b><\/strong><\/h2>\n<p>a, Temperatura de funcionamiento continuo: -45\u2103 ~ 105\u2103.<\/p>\n<p>b, Temperatura m\u00ednima de contracci\u00f3n: 50\u2103.<\/p>\n<p>c, Temperatura m\u00ednima de recuperaci\u00f3n total: 125\u02daC.<\/p>\n<h2><strong><b>COLOR<\/b><\/strong><\/h2>\n<p>Color est\u00e1ndar: rojo, (El ancho de la barra colectora variar\u00e1 seg\u00fan el dise\u00f1o del fabricante. El tama\u00f1o recomendado es solo de referencia).<\/p>\n<p>a, Relaci\u00f3n de contracci\u00f3n: 2,5:1.<\/p>\n<p>b, Flexibilidad y resistencia a la corrosi\u00f3n.<\/p>\n<p>c, Excelente resistencia qu\u00edmica y rendimiento de aislamiento.<\/p>\n<h2><strong><b>Tabla de especificaciones<\/b><\/strong><\/h2>\n<p><img decoding=\"async\" class=\"alignnone wp-image-1352 size-full\" src=\"http:\/\/www.xminsulation.com\/wp-content\/uploads\/2024\/05\/\u56fe\u7247175.png\" alt=\"\" width=\"912\" height=\"1018\" srcset=\"https:\/\/www.xminsulation.com\/wp-content\/uploads\/2024\/05\/\u56fe\u7247175.png 912w, https:\/\/www.xminsulation.com\/wp-content\/uploads\/2024\/05\/\u56fe\u7247175-269x300.png 269w, https:\/\/www.xminsulation.com\/wp-content\/uploads\/2024\/05\/\u56fe\u7247175-768x857.png 768w, https:\/\/www.xminsulation.com\/wp-content\/uploads\/2024\/05\/\u56fe\u7247175-600x670.png 600w\" sizes=\"(max-width: 912px) 100vw, 912px\" \/> <img decoding=\"async\" class=\"alignnone wp-image-1353 size-full\" src=\"http:\/\/www.xminsulation.com\/wp-content\/uploads\/2024\/05\/\u56fe\u7247176.png\" alt=\"\" width=\"912\" height=\"910\" srcset=\"https:\/\/www.xminsulation.com\/wp-content\/uploads\/2024\/05\/\u56fe\u7247176.png 912w, https:\/\/www.xminsulation.com\/wp-content\/uploads\/2024\/05\/\u56fe\u7247176-300x300.png 300w, https:\/\/www.xminsulation.com\/wp-content\/uploads\/2024\/05\/\u56fe\u7247176-150x150.png 150w, https:\/\/www.xminsulation.com\/wp-content\/uploads\/2024\/05\/\u56fe\u7247176-768x766.png 768w, https:\/\/www.xminsulation.com\/wp-content\/uploads\/2024\/05\/\u56fe\u7247176-600x599.png 600w, https:\/\/www.xminsulation.com\/wp-content\/uploads\/2024\/05\/\u56fe\u7247176-100x100.png 100w\" sizes=\"(max-width: 912px) 100vw, 912px\" \/> <img loading=\"lazy\" decoding=\"async\" class=\"alignnone wp-image-1354 size-full\" src=\"http:\/\/www.xminsulation.com\/wp-content\/uploads\/2024\/05\/\u56fe\u7247177.png\" alt=\"\" width=\"622\" height=\"388\" srcset=\"https:\/\/www.xminsulation.com\/wp-content\/uploads\/2024\/05\/\u56fe\u7247177.png 622w, https:\/\/www.xminsulation.com\/wp-content\/uploads\/2024\/05\/\u56fe\u7247177-300x187.png 300w, https:\/\/www.xminsulation.com\/wp-content\/uploads\/2024\/05\/\u56fe\u7247177-600x374.png 600w\" sizes=\"(max-width: 622px) 100vw, 622px\" \/><\/p>\n<p>&nbsp;<\/p>\n<div class=\"wxts\">\n<h2>\u25c6Personalizaci\u00f3n especial<\/h2>\n<p>Los par\u00e1metros anteriores son datos t\u00edpicos; Si los estilos existentes no satisfacen sus demandas espec\u00edficas, cont\u00e1ctenos para obtener un dise\u00f1o personalizado. Contamos con importantes habilidades de producci\u00f3n y desarrollo de personalizaci\u00f3n personalizada, lo que nos permite brindar soluciones personalizadas a clientes de todo el mundo.<\/p>\n<\/div>","protected":false},"excerpt":{"rendered":"<p>APPLICATIONS 2.0\u00a0busbar insulating heat shrinkable tubing\u00a0is made of polyolefin. The flexible material make it very easy for the operator to process bent busbars. The environmental friendly polyolefin material can provide reliable insulation protection up to 24 kV, avoiding the possibility of flashovers and accidental contact. The use of HB2 to cover busbars can reduce the [&hellip;]<\/p>","protected":false},"featured_media":1350,"template":"","meta":{"site-sidebar-layout":"default","site-content-layout":"","ast-site-content-layout":"default","site-content-style":"default","site-sidebar-style":"default","ast-global-header-display":"","ast-banner-title-visibility":"","ast-main-header-display":"","ast-hfb-above-header-display":"","ast-hfb-below-header-display":"","ast-hfb-mobile-header-display":"","site-post-title":"","ast-breadcrumbs-content":"","ast-featured-img":"","footer-sml-layout":"","theme-transparent-header-meta":"default","adv-header-id-meta":"","stick-header-meta":"","header-above-stick-meta":"","header-main-stick-meta":"","header-below-stick-meta":"","astra-migrate-meta-layouts":"set","ast-page-background-enabled":"default","ast-page-background-meta":{"desktop":{"background-color":"","background-image":"","background-repeat":"repeat","background-position":"center center","background-size":"auto","background-attachment":"scroll","background-type":"","background-media":"","overlay-type":"","overlay-color":"","overlay-gradient":""},"tablet":{"background-color":"","background-image":"","background-repeat":"repeat","background-position":"center center","background-size":"auto","background-attachment":"scroll","background-type":"","background-media":"","overlay-type":"","overlay-color":"","overlay-gradient":""},"mobile":{"background-color":"","background-image":"","background-repeat":"repeat","background-position":"center center","background-size":"auto","background-attachment":"scroll","background-type":"","background-media":"","overlay-type":"","overlay-color":"","overlay-gradient":""}},"ast-content-background-meta":{"desktop":{"background-color":"var(--ast-global-color-5)","background-image":"","background-repeat":"repeat","background-position":"center center","background-size":"auto","background-attachment":"scroll","background-type":"","background-media":"","overlay-type":"","overlay-color":"","overlay-gradient":""},"tablet":{"background-color":"var(--ast-global-color-5)","background-image":"","background-repeat":"repeat","background-position":"center center","background-size":"auto","background-attachment":"scroll","background-type":"","background-media":"","overlay-type":"","overlay-color":"","overlay-gradient":""},"mobile":{"background-color":"var(--ast-global-color-5)","background-image":"","background-repeat":"repeat","background-position":"center center","background-size":"auto","background-attachment":"scroll","background-type":"","background-media":"","overlay-type":"","overlay-color":"","overlay-gradient":""}}},"product_cat":[54],"product_tag":[],"class_list":{"0":"post-1349","1":"product","2":"type-product","3":"status-publish","4":"has-post-thumbnail","6":"product_cat-heat-shrink-tubing","7":"desktop-align-left","8":"tablet-align-left","9":"mobile-align-left","11":"first","12":"instock","13":"shipping-taxable","14":"product-type-simple"},"_links":{"self":[{"href":"https:\/\/www.xminsulation.com\/es\/wp-json\/wp\/v2\/product\/1349","targetHints":{"allow":["GET"]}}],"collection":[{"href":"https:\/\/www.xminsulation.com\/es\/wp-json\/wp\/v2\/product"}],"about":[{"href":"https:\/\/www.xminsulation.com\/es\/wp-json\/wp\/v2\/types\/product"}],"wp:featuredmedia":[{"embeddable":true,"href":"https:\/\/www.xminsulation.com\/es\/wp-json\/wp\/v2\/media\/1350"}],"wp:attachment":[{"href":"https:\/\/www.xminsulation.com\/es\/wp-json\/wp\/v2\/media?parent=1349"}],"wp:term":[{"taxonomy":"product_cat","embeddable":true,"href":"https:\/\/www.xminsulation.com\/es\/wp-json\/wp\/v2\/product_cat?post=1349"},{"taxonomy":"product_tag","embeddable":true,"href":"https:\/\/www.xminsulation.com\/es\/wp-json\/wp\/v2\/product_tag?post=1349"}],"curies":[{"name":"wp","href":"https:\/\/api.w.org\/{rel}","templated":true}]}}