{"id":1326,"date":"2024-05-07T12:17:41","date_gmt":"2024-05-07T04:17:41","guid":{"rendered":"http:\/\/www.xminsulation.com\/?post_type=product&#038;p=1326"},"modified":"2024-05-15T16:31:53","modified_gmt":"2024-05-15T08:31:53","slug":"heat-shrinkable-bus-terminal-box","status":"publish","type":"product","link":"https:\/\/www.xminsulation.com\/es\/product\/heat-shrinkable-bus-terminal-box\/","title":{"rendered":"Caja de terminales de bus termorretr\u00e1ctil"},"content":{"rendered":"<p><img fetchpriority=\"high\" decoding=\"async\" class=\"alignnone wp-image-1327 size-full\" src=\"http:\/\/www.xminsulation.com\/wp-content\/uploads\/2024\/05\/\u56fe\u7247161.png\" alt=\"\" width=\"876\" height=\"752\" srcset=\"https:\/\/www.xminsulation.com\/wp-content\/uploads\/2024\/05\/\u56fe\u7247161.png 876w, https:\/\/www.xminsulation.com\/wp-content\/uploads\/2024\/05\/\u56fe\u7247161-300x258.png 300w, https:\/\/www.xminsulation.com\/wp-content\/uploads\/2024\/05\/\u56fe\u7247161-768x659.png 768w, https:\/\/www.xminsulation.com\/wp-content\/uploads\/2024\/05\/\u56fe\u7247161-600x515.png 600w\" sizes=\"(max-width: 876px) 100vw, 876px\" \/><img decoding=\"async\" class=\"alignnone wp-image-1328 size-full\" src=\"http:\/\/www.xminsulation.com\/wp-content\/uploads\/2024\/05\/\u56fe\u7247162.png\" alt=\"\" width=\"1060\" height=\"664\" srcset=\"https:\/\/www.xminsulation.com\/wp-content\/uploads\/2024\/05\/\u56fe\u7247162.png 1060w, https:\/\/www.xminsulation.com\/wp-content\/uploads\/2024\/05\/\u56fe\u7247162-300x188.png 300w, https:\/\/www.xminsulation.com\/wp-content\/uploads\/2024\/05\/\u56fe\u7247162-1024x641.png 1024w, https:\/\/www.xminsulation.com\/wp-content\/uploads\/2024\/05\/\u56fe\u7247162-768x481.png 768w, https:\/\/www.xminsulation.com\/wp-content\/uploads\/2024\/05\/\u56fe\u7247162-600x376.png 600w\" sizes=\"(max-width: 1060px) 100vw, 1060px\" \/><\/p>\n<p><strong><b>El hombre que practicaba senderismo<\/b><\/strong><\/p>\n<p><strong><b>Caja de terminales de bus termorretr\u00e1ctil<\/b><\/strong><\/p>\n<p>Caja de uni\u00f3n termorretr\u00e1ctil: moldeo termorretr\u00e1ctil de tuber\u00eda de poliolefina reticulada, ampliamente utilizada en la protecci\u00f3n de aislamiento de nodo de barra de cobre de gabinete de interruptor de alto y bajo voltaje, protecci\u00f3n de aislamiento de nodo de entrada y salida de transformador, nodo individual de subestaci\u00f3n interior y exterior y protecci\u00f3n de aislamiento de barra de cobre general, l\u00edneas a\u00e9reas y protecci\u00f3n de aislamiento continua para conectar hardware.<\/p>\n<h2><strong><b>Informaci\u00f3n general<\/b><\/strong><\/h2>\n<p>Caja de uni\u00f3n termorretr\u00e1ctil: moldeo termorretr\u00e1ctil de tuber\u00eda de poliolefina reticulada, ampliamente utilizada en la protecci\u00f3n de aislamiento de nodo de barra de cobre de gabinete de interruptor de alto y bajo voltaje, protecci\u00f3n de aislamiento de nodo de entrada y salida de transformador, nodo individual de subestaci\u00f3n interior y exterior y protecci\u00f3n de aislamiento de barra de cobre general, l\u00edneas a\u00e9reas y protecci\u00f3n de aislamiento continua para conectar hardware.<\/p>\n<h2><strong><b>Caracter\u00edsticas del producto<\/b><\/strong><\/h2>\n<ol>\n<li>Excelente rendimiento de aislamiento, rigidez diel\u00e9ctrica \u226525 kV\/mm, resistividad volum\u00e9trica \u22651\u00d71015 \u03a9\u00b7cm.<\/li>\n<li>Resistente a fugas, corrosi\u00f3n, corona y desgarro.<\/li>\n<li>Prevenir eficazmente accidentes personales provocados por contactos el\u00e9ctricos expuestos.<\/li>\n<li>Resistente al calor y al fr\u00edo, se puede utilizar normalmente dentro del rango de temperatura de -60 ~ 60 \u2103.<\/li>\n<li>Previene eficazmente fallas de cortocircuito causadas por superposici\u00f3n de materia extra\u00f1a.<\/li>\n<li>Tiene funci\u00f3n antirrobo de electricidad y funci\u00f3n de identificaci\u00f3n de secuencia de fase.<\/li>\n<\/ol>\n<p><img decoding=\"async\" class=\"alignnone wp-image-1330 size-full\" src=\"http:\/\/www.xminsulation.com\/wp-content\/uploads\/2024\/05\/\u56fe\u7247163.png\" alt=\"\" width=\"1064\" height=\"646\" srcset=\"https:\/\/www.xminsulation.com\/wp-content\/uploads\/2024\/05\/\u56fe\u7247163.png 1064w, https:\/\/www.xminsulation.com\/wp-content\/uploads\/2024\/05\/\u56fe\u7247163-300x182.png 300w, https:\/\/www.xminsulation.com\/wp-content\/uploads\/2024\/05\/\u56fe\u7247163-1024x622.png 1024w, https:\/\/www.xminsulation.com\/wp-content\/uploads\/2024\/05\/\u56fe\u7247163-768x466.png 768w, https:\/\/www.xminsulation.com\/wp-content\/uploads\/2024\/05\/\u56fe\u7247163-600x364.png 600w\" sizes=\"(max-width: 1064px) 100vw, 1064px\" \/><\/p>\n<p>&nbsp;<\/p>\n<div class=\"wxts\">\n<h2>\u25c6Personalizaci\u00f3n especial<\/h2>\n<p>Los par\u00e1metros anteriores son datos t\u00edpicos; si los estilos existentes no satisfacen sus demandas espec\u00edficas, cont\u00e1ctenos para obtener un dise\u00f1o personalizado. Tenemos importantes habilidades de producci\u00f3n y desarrollo de personalizaci\u00f3n personalizada, lo que nos permite brindar soluciones personalizadas a clientes de todo el mundo.<\/p>\n<\/div>\n<p>&nbsp;<\/p>","protected":false},"excerpt":{"rendered":"<p>\u70ed\u7f29\u6bcd\u6392\u63a5\u5934\u76d2 Heat Shrinkable Bus Terminal Box Heat shrink joint box &#8211; cross-linked polyolefin pipe heat shrink molding, widely used in high and low voltage switch cabinet copper bar node insulation protection, transformer inlet and outlet node insulation protection, indoor and outdoor substation individual node and overall copper bar insulation protection, overhead lines and continued Insulation [&hellip;]<\/p>","protected":false},"featured_media":1329,"template":"","meta":{"site-sidebar-layout":"default","site-content-layout":"","ast-site-content-layout":"default","site-content-style":"default","site-sidebar-style":"default","ast-global-header-display":"","ast-banner-title-visibility":"","ast-main-header-display":"","ast-hfb-above-header-display":"","ast-hfb-below-header-display":"","ast-hfb-mobile-header-display":"","site-post-title":"","ast-breadcrumbs-content":"","ast-featured-img":"","footer-sml-layout":"","theme-transparent-header-meta":"default","adv-header-id-meta":"","stick-header-meta":"","header-above-stick-meta":"","header-main-stick-meta":"","header-below-stick-meta":"","astra-migrate-meta-layouts":"set","ast-page-background-enabled":"default","ast-page-background-meta":{"desktop":{"background-color":"","background-image":"","background-repeat":"repeat","background-position":"center center","background-size":"auto","background-attachment":"scroll","background-type":"","background-media":"","overlay-type":"","overlay-color":"","overlay-gradient":""},"tablet":{"background-color":"","background-image":"","background-repeat":"repeat","background-position":"center center","background-size":"auto","background-attachment":"scroll","background-type":"","background-media":"","overlay-type":"","overlay-color":"","overlay-gradient":""},"mobile":{"background-color":"","background-image":"","background-repeat":"repeat","background-position":"center center","background-size":"auto","background-attachment":"scroll","background-type":"","background-media":"","overlay-type":"","overlay-color":"","overlay-gradient":""}},"ast-content-background-meta":{"desktop":{"background-color":"var(--ast-global-color-5)","background-image":"","background-repeat":"repeat","background-position":"center center","background-size":"auto","background-attachment":"scroll","background-type":"","background-media":"","overlay-type":"","overlay-color":"","overlay-gradient":""},"tablet":{"background-color":"var(--ast-global-color-5)","background-image":"","background-repeat":"repeat","background-position":"center center","background-size":"auto","background-attachment":"scroll","background-type":"","background-media":"","overlay-type":"","overlay-color":"","overlay-gradient":""},"mobile":{"background-color":"var(--ast-global-color-5)","background-image":"","background-repeat":"repeat","background-position":"center center","background-size":"auto","background-attachment":"scroll","background-type":"","background-media":"","overlay-type":"","overlay-color":"","overlay-gradient":""}}},"product_cat":[54],"product_tag":[],"class_list":{"0":"post-1326","1":"product","2":"type-product","3":"status-publish","4":"has-post-thumbnail","6":"product_cat-heat-shrink-tubing","7":"desktop-align-left","8":"tablet-align-left","9":"mobile-align-left","11":"first","12":"instock","13":"shipping-taxable","14":"product-type-simple"},"_links":{"self":[{"href":"https:\/\/www.xminsulation.com\/es\/wp-json\/wp\/v2\/product\/1326","targetHints":{"allow":["GET"]}}],"collection":[{"href":"https:\/\/www.xminsulation.com\/es\/wp-json\/wp\/v2\/product"}],"about":[{"href":"https:\/\/www.xminsulation.com\/es\/wp-json\/wp\/v2\/types\/product"}],"wp:featuredmedia":[{"embeddable":true,"href":"https:\/\/www.xminsulation.com\/es\/wp-json\/wp\/v2\/media\/1329"}],"wp:attachment":[{"href":"https:\/\/www.xminsulation.com\/es\/wp-json\/wp\/v2\/media?parent=1326"}],"wp:term":[{"taxonomy":"product_cat","embeddable":true,"href":"https:\/\/www.xminsulation.com\/es\/wp-json\/wp\/v2\/product_cat?post=1326"},{"taxonomy":"product_tag","embeddable":true,"href":"https:\/\/www.xminsulation.com\/es\/wp-json\/wp\/v2\/product_tag?post=1326"}],"curies":[{"name":"wp","href":"https:\/\/api.w.org\/{rel}","templated":true}]}}