{"id":1303,"date":"2024-05-07T11:51:37","date_gmt":"2024-05-07T03:51:37","guid":{"rendered":"http:\/\/www.xminsulation.com\/?post_type=product&#038;p=1303"},"modified":"2024-05-07T12:07:44","modified_gmt":"2024-05-07T04:07:44","slug":"customized-sheet-metal-materials-or-sheet-metal-cabinets","status":"publish","type":"product","link":"https:\/\/www.xminsulation.com\/es\/product\/customized-sheet-metal-materials-or-sheet-metal-cabinets\/","title":{"rendered":"Materiales de chapa met\u00e1licos personalizados o gabinetes de chapa met\u00e1lica"},"content":{"rendered":"<p>Nuestra f\u00e1brica se especializa en productos de media tensi\u00f3n. Tambi\u00e9n contamos con una f\u00e1brica hermana, una planta de ensamblaje completo a gran escala de alta y baja tensi\u00f3n. El volumen de uso y compra de diversos materiales de chapa met\u00e1lica es muy elevado. Aprovechamos los canales de adquisici\u00f3n existentes de nuestra f\u00e1brica hermana y las ventajas de coste de los productos de chapa met\u00e1lica, para ofrecer a clientes extranjeros servicios de adquisici\u00f3n y compra de diversos productos de chapa met\u00e1lica.<\/p>\n<p>Placas de acero laminado en fr\u00edo, placas de acero inoxidable, placas con recubrimiento de aluminio y zinc, placas de acero laminado en caliente, placas de aluminio de aleaci\u00f3n de alta resistencia y otros materiales. Se pueden cortar f\u00e1cilmente al largo y ancho que necesite el cliente y luego enviar, o bien, se pueden estampar con l\u00e1ser en formas irregulares y perforar con agujeros, etc. Por supuesto, tambi\u00e9n podemos fabricar gabinetes para usted.<\/p>\n<p>No importa si la cantidad es peque\u00f1a o grande, ya sea de uso com\u00fan o especial, podemos personalizarlos para usted, sin MOQ.<\/p>\n<p><img fetchpriority=\"high\" decoding=\"async\" class=\"alignnone wp-image-1305 size-full\" src=\"http:\/\/www.xminsulation.com\/wp-content\/uploads\/2024\/05\/\u56fe\u7247148-1.png\" alt=\"\" width=\"675\" height=\"675\" srcset=\"https:\/\/www.xminsulation.com\/wp-content\/uploads\/2024\/05\/\u56fe\u7247148-1.png 675w, https:\/\/www.xminsulation.com\/wp-content\/uploads\/2024\/05\/\u56fe\u7247148-1-300x300.png 300w, https:\/\/www.xminsulation.com\/wp-content\/uploads\/2024\/05\/\u56fe\u7247148-1-150x150.png 150w, https:\/\/www.xminsulation.com\/wp-content\/uploads\/2024\/05\/\u56fe\u7247148-1-600x600.png 600w, https:\/\/www.xminsulation.com\/wp-content\/uploads\/2024\/05\/\u56fe\u7247148-1-100x100.png 100w\" sizes=\"(max-width: 675px) 100vw, 675px\" \/><\/p>\n<p>El gabinete de distribuci\u00f3n para el procesamiento de chapa met\u00e1lica consiste en procesar l\u00e1minas met\u00e1licas para crear cajas de distribuci\u00f3n que cumplen con los requisitos de dise\u00f1o mediante corte, doblado, soldadura, etc. Una caja de distribuci\u00f3n es una estructura met\u00e1lica cerrada que se utiliza para instalar interruptores, instrumentos, dispositivos de protecci\u00f3n y equipos auxiliares. Es un dispositivo que controla, distribuye y protege el sistema el\u00e9ctrico.<\/p>\n<h2><strong><b>Proceso <\/b><\/strong><strong><b>F<\/b><\/strong><strong><b>bajo de <\/b><\/strong><strong><b>S<\/b><\/strong><strong><b>hoja <\/b><\/strong><strong><b>METRO<\/b><\/strong><strong><b>et al. <\/b><\/strong><strong><b>PAG<\/b><\/strong><strong><b>procesamiento <\/b><\/strong><strong><b>D<\/b><\/strong><strong><b>distribuci\u00f3n <\/b><\/strong><strong><b>B<\/b><\/strong><strong><b>buey y <\/b><\/strong><strong><b>C<\/b><\/strong><strong><b>gabinete<\/b><\/strong><\/h2>\n<p><img decoding=\"async\" class=\"alignnone wp-image-1306 size-full\" src=\"http:\/\/www.xminsulation.com\/wp-content\/uploads\/2024\/05\/\u56fe\u7247149.png\" alt=\"\" width=\"919\" height=\"369\" srcset=\"https:\/\/www.xminsulation.com\/wp-content\/uploads\/2024\/05\/\u56fe\u7247149.png 919w, https:\/\/www.xminsulation.com\/wp-content\/uploads\/2024\/05\/\u56fe\u7247149-300x120.png 300w, https:\/\/www.xminsulation.com\/wp-content\/uploads\/2024\/05\/\u56fe\u7247149-768x308.png 768w, https:\/\/www.xminsulation.com\/wp-content\/uploads\/2024\/05\/\u56fe\u7247149-600x241.png 600w\" sizes=\"(max-width: 919px) 100vw, 919px\" \/><\/p>\n<ol>\n<li>Dise\u00f1o y dibujo de planos: De acuerdo con las funciones, especificaciones, ubicaci\u00f3n de instalaci\u00f3n y otros requisitos de la caja o gabinete de distribuci\u00f3n, dise\u00f1e y dibuje planos de la caja o gabinete de distribuci\u00f3n de procesamiento de chapa met\u00e1lica, incluidos planos de planta, elevaci\u00f3n y secci\u00f3n, diagramas de expansi\u00f3n, etc., determine el tama\u00f1o, la forma, la posici\u00f3n y el m\u00e9todo de conexi\u00f3n de cada componente.<\/li>\n<li>Hacer una muestra: De acuerdo con el dibujo, seleccione el material de chapa met\u00e1lica apropiado, como acero inoxidable, aleaci\u00f3n de aluminio, chapa galvanizada, etc., use m\u00e1quinas de corte, punzones y otros equipos para cortar el material de chapa met\u00e1lica en la forma y tama\u00f1o requeridos, y luego use m\u00e1quinas dobladoras, dobladoras de placas y otros equipos para doblar el material de chapa met\u00e1lica en el \u00e1ngulo y la curvatura requeridos, y finalmente use m\u00e1quinas de soldar, tornillos y otros m\u00e9todos para conectar los componentes en una plantilla.<\/li>\n<\/ol>\n<p><img decoding=\"async\" class=\"alignnone wp-image-1307 size-full\" src=\"http:\/\/www.xminsulation.com\/wp-content\/uploads\/2024\/05\/\u56fe\u7247150.jpg\" alt=\"\" width=\"1000\" height=\"750\" srcset=\"https:\/\/www.xminsulation.com\/wp-content\/uploads\/2024\/05\/\u56fe\u7247150.jpg 1000w, https:\/\/www.xminsulation.com\/wp-content\/uploads\/2024\/05\/\u56fe\u7247150-300x225.jpg 300w, https:\/\/www.xminsulation.com\/wp-content\/uploads\/2024\/05\/\u56fe\u7247150-768x576.jpg 768w, https:\/\/www.xminsulation.com\/wp-content\/uploads\/2024\/05\/\u56fe\u7247150-600x450.jpg 600w\" sizes=\"(max-width: 1000px) 100vw, 1000px\" \/><\/p>\n<ol start=\"3\">\n<li>Inspeccionar y modificar la plantilla: Compare la plantilla con los dibujos y verifique si la plantilla cumple con los requisitos de dise\u00f1o, como tama\u00f1o, forma, posici\u00f3n, resistencia de conexi\u00f3n, etc. Si hay discrepancias, modif\u00edquelas y aj\u00fastelas a tiempo hasta que la plantilla alcance un efecto de calidad satisfactorio.<\/li>\n<li>Producci\u00f3n en masa: Con base en la muestra, utilice los mismos materiales y equipos de chapa met\u00e1lica y siga el mismo flujo de proceso para producir en masa cajas de distribuci\u00f3n y gabinetes de distribuci\u00f3n para el procesamiento de chapa met\u00e1lica, y numerarlos y marcarlos.<\/li>\n<\/ol>\n<p><img loading=\"lazy\" decoding=\"async\" class=\"alignnone wp-image-1308 size-full\" src=\"http:\/\/www.xminsulation.com\/wp-content\/uploads\/2024\/05\/\u56fe\u7247151.jpg\" alt=\"\" width=\"1056\" height=\"1052\" srcset=\"https:\/\/www.xminsulation.com\/wp-content\/uploads\/2024\/05\/\u56fe\u7247151.jpg 1056w, https:\/\/www.xminsulation.com\/wp-content\/uploads\/2024\/05\/\u56fe\u7247151-300x300.jpg 300w, https:\/\/www.xminsulation.com\/wp-content\/uploads\/2024\/05\/\u56fe\u7247151-1024x1020.jpg 1024w, https:\/\/www.xminsulation.com\/wp-content\/uploads\/2024\/05\/\u56fe\u7247151-150x150.jpg 150w, https:\/\/www.xminsulation.com\/wp-content\/uploads\/2024\/05\/\u56fe\u7247151-768x765.jpg 768w, https:\/\/www.xminsulation.com\/wp-content\/uploads\/2024\/05\/\u56fe\u7247151-600x598.jpg 600w, https:\/\/www.xminsulation.com\/wp-content\/uploads\/2024\/05\/\u56fe\u7247151-100x100.jpg 100w\" sizes=\"(max-width: 1056px) 100vw, 1056px\" \/><\/p>\n<ol start=\"5\">\n<li>Tratamiento de la superficie: Para mejorar la est\u00e9tica y la resistencia a la corrosi\u00f3n de la caja de distribuci\u00f3n de procesamiento de chapa met\u00e1lica, generalmente se requiere un tratamiento de la superficie, como pulverizaci\u00f3n, enchapado, pulido, etc., para darle un cierto color y brillo.<\/li>\n<li>Montaje y depuraci\u00f3n: Instalar interruptores, instrumentos, dispositivos de protecci\u00f3n y equipos auxiliares dentro de la caja de distribuci\u00f3n de procesamiento de chapa met\u00e1lica, y realizar el cableado. A continuaci\u00f3n, depurar y probar para comprobar su correcto funcionamiento y cumplimiento de las normativas, normas y especificaciones pertinentes.<\/li>\n<\/ol>\n<p><img loading=\"lazy\" decoding=\"async\" class=\"alignnone wp-image-1309 size-full\" src=\"http:\/\/www.xminsulation.com\/wp-content\/uploads\/2024\/05\/\u56fe\u7247152.jpg\" alt=\"\" width=\"1000\" height=\"828\" srcset=\"https:\/\/www.xminsulation.com\/wp-content\/uploads\/2024\/05\/\u56fe\u7247152.jpg 1000w, https:\/\/www.xminsulation.com\/wp-content\/uploads\/2024\/05\/\u56fe\u7247152-300x248.jpg 300w, https:\/\/www.xminsulation.com\/wp-content\/uploads\/2024\/05\/\u56fe\u7247152-768x636.jpg 768w, https:\/\/www.xminsulation.com\/wp-content\/uploads\/2024\/05\/\u56fe\u7247152-600x497.jpg 600w\" sizes=\"(max-width: 1000px) 100vw, 1000px\" \/><\/p>\n<p>&nbsp;<\/p>\n<p>&nbsp;<\/p>","protected":false},"excerpt":{"rendered":"<p>Our factory focuses on medium-voltage related products. We also have a brother factory, which is a large-scale high and low voltage complete assembly factory. The usage and purchase volume of various sheet metal materials are very huge. We can use our brother factory\u2019s existing procurement channels and cost advantages of sheet metal products, and provide [&hellip;]<\/p>","protected":false},"featured_media":1304,"template":"","meta":{"site-sidebar-layout":"default","site-content-layout":"","ast-site-content-layout":"default","site-content-style":"default","site-sidebar-style":"default","ast-global-header-display":"","ast-banner-title-visibility":"","ast-main-header-display":"","ast-hfb-above-header-display":"","ast-hfb-below-header-display":"","ast-hfb-mobile-header-display":"","site-post-title":"","ast-breadcrumbs-content":"","ast-featured-img":"","footer-sml-layout":"","theme-transparent-header-meta":"default","adv-header-id-meta":"","stick-header-meta":"","header-above-stick-meta":"","header-main-stick-meta":"","header-below-stick-meta":"","astra-migrate-meta-layouts":"set","ast-page-background-enabled":"default","ast-page-background-meta":{"desktop":{"background-color":"","background-image":"","background-repeat":"repeat","background-position":"center center","background-size":"auto","background-attachment":"scroll","background-type":"","background-media":"","overlay-type":"","overlay-color":"","overlay-gradient":""},"tablet":{"background-color":"","background-image":"","background-repeat":"repeat","background-position":"center center","background-size":"auto","background-attachment":"scroll","background-type":"","background-media":"","overlay-type":"","overlay-color":"","overlay-gradient":""},"mobile":{"background-color":"","background-image":"","background-repeat":"repeat","background-position":"center center","background-size":"auto","background-attachment":"scroll","background-type":"","background-media":"","overlay-type":"","overlay-color":"","overlay-gradient":""}},"ast-content-background-meta":{"desktop":{"background-color":"var(--ast-global-color-5)","background-image":"","background-repeat":"repeat","background-position":"center center","background-size":"auto","background-attachment":"scroll","background-type":"","background-media":"","overlay-type":"","overlay-color":"","overlay-gradient":""},"tablet":{"background-color":"var(--ast-global-color-5)","background-image":"","background-repeat":"repeat","background-position":"center center","background-size":"auto","background-attachment":"scroll","background-type":"","background-media":"","overlay-type":"","overlay-color":"","overlay-gradient":""},"mobile":{"background-color":"var(--ast-global-color-5)","background-image":"","background-repeat":"repeat","background-position":"center center","background-size":"auto","background-attachment":"scroll","background-type":"","background-media":"","overlay-type":"","overlay-color":"","overlay-gradient":""}}},"product_cat":[47],"product_tag":[],"class_list":{"0":"post-1303","1":"product","2":"type-product","3":"status-publish","4":"has-post-thumbnail","6":"product_cat-customized-sheet-metal-materials-or-sheet-metal-cabinets","7":"desktop-align-left","8":"tablet-align-left","9":"mobile-align-left","11":"first","12":"instock","13":"shipping-taxable","14":"product-type-simple"},"_links":{"self":[{"href":"https:\/\/www.xminsulation.com\/es\/wp-json\/wp\/v2\/product\/1303","targetHints":{"allow":["GET"]}}],"collection":[{"href":"https:\/\/www.xminsulation.com\/es\/wp-json\/wp\/v2\/product"}],"about":[{"href":"https:\/\/www.xminsulation.com\/es\/wp-json\/wp\/v2\/types\/product"}],"wp:featuredmedia":[{"embeddable":true,"href":"https:\/\/www.xminsulation.com\/es\/wp-json\/wp\/v2\/media\/1304"}],"wp:attachment":[{"href":"https:\/\/www.xminsulation.com\/es\/wp-json\/wp\/v2\/media?parent=1303"}],"wp:term":[{"taxonomy":"product_cat","embeddable":true,"href":"https:\/\/www.xminsulation.com\/es\/wp-json\/wp\/v2\/product_cat?post=1303"},{"taxonomy":"product_tag","embeddable":true,"href":"https:\/\/www.xminsulation.com\/es\/wp-json\/wp\/v2\/product_tag?post=1303"}],"curies":[{"name":"wp","href":"https:\/\/api.w.org\/{rel}","templated":true}]}}