{"id":1251,"date":"2024-05-07T11:13:29","date_gmt":"2024-05-07T03:13:29","guid":{"rendered":"http:\/\/www.xminsulation.com\/?post_type=product&#038;p=1251"},"modified":"2024-05-15T16:34:24","modified_gmt":"2024-05-15T08:34:24","slug":"sf6-high-voltage-cable-branch-box-with-switch","status":"publish","type":"product","link":"https:\/\/www.xminsulation.com\/es\/product\/sf6-high-voltage-cable-branch-box-with-switch\/","title":{"rendered":"Caja de derivaci\u00f3n de cable de alto voltaje SF6 con interruptor"},"content":{"rendered":"<p><img fetchpriority=\"high\" decoding=\"async\" class=\"alignnone wp-image-1253 size-full\" src=\"http:\/\/www.xminsulation.com\/wp-content\/uploads\/2024\/05\/\u56fe\u7247102-1.jpg\" alt=\"\" width=\"726\" height=\"726\" srcset=\"https:\/\/www.xminsulation.com\/wp-content\/uploads\/2024\/05\/\u56fe\u7247102-1.jpg 726w, https:\/\/www.xminsulation.com\/wp-content\/uploads\/2024\/05\/\u56fe\u7247102-1-300x300.jpg 300w, https:\/\/www.xminsulation.com\/wp-content\/uploads\/2024\/05\/\u56fe\u7247102-1-150x150.jpg 150w, https:\/\/www.xminsulation.com\/wp-content\/uploads\/2024\/05\/\u56fe\u7247102-1-600x600.jpg 600w, https:\/\/www.xminsulation.com\/wp-content\/uploads\/2024\/05\/\u56fe\u7247102-1-100x100.jpg 100w\" sizes=\"(max-width: 726px) 100vw, 726px\" \/> <img decoding=\"async\" class=\"alignnone wp-image-1254 size-full\" src=\"http:\/\/www.xminsulation.com\/wp-content\/uploads\/2024\/05\/\u56fe\u7247103.png\" alt=\"\" width=\"719\" height=\"548\" srcset=\"https:\/\/www.xminsulation.com\/wp-content\/uploads\/2024\/05\/\u56fe\u7247103.png 719w, https:\/\/www.xminsulation.com\/wp-content\/uploads\/2024\/05\/\u56fe\u7247103-300x229.png 300w, https:\/\/www.xminsulation.com\/wp-content\/uploads\/2024\/05\/\u56fe\u7247103-600x457.png 600w\" sizes=\"(max-width: 719px) 100vw, 719px\" \/><\/p>\n<h2><strong><b>Informaci\u00f3n general<\/b><\/strong><\/h2>\n<p>Este producto incorpora un interruptor de carga de hexafluoruro de azufre de alto rendimiento con gas aislante SF6 integrado y una uni\u00f3n de cable de caucho sint\u00e9tico importado con protecci\u00f3n contra contacto. Ofrece una alta capacidad de corte de corrientes de cable activas y en vac\u00edo, as\u00ed como de cierre de corrientes de cortocircuito. Adem\u00e1s, puede equiparse con pararrayos e indicadores de falla a tierra seg\u00fan las necesidades del usuario.<\/p>\n<p>Cada l\u00ednea de red en anillo de esta serie de productos est\u00e1 equipada con un interruptor de carga o un disyuntor de vac\u00edo. Cualquier circuito derivado puede desconectarse y ponerse en funcionamiento libremente, sin afectar a otros circuitos de la red en anillo. Tambi\u00e9n se pueden conectar fusibles al interruptor de carga. Cuando se produce un cortocircuito en un circuito derivado, el fusible del circuito derivado puede desconectar r\u00e1pidamente el circuito defectuoso y accionar el interruptor de carga para abrirlo. El circuito defectuoso queda aislado, lo que garantiza la seguridad del circuito derivado sin falla. Continuidad de suministro.<\/p>\n<p>Este producto se utiliza ampliamente en la derivaci\u00f3n de cables en sistemas el\u00e9ctricos de 10 kV. Su m\u00e9todo de conexi\u00f3n es simple, flexible, pr\u00e1ctico, seguro y confiable. El gabinete est\u00e1 hecho de placa de acero inoxidable, resistente y duradero. Las partes activas est\u00e1n completamente aisladas y selladas. Si se utiliza el cabezal de cable a prueba de inundaciones, tambi\u00e9n puede resistir inundaciones y mejorar considerablemente la confiabilidad del suministro el\u00e9ctrico. Este producto se utiliza ampliamente en redes de distribuci\u00f3n en \u00e1reas industriales urbanas, \u00e1reas residenciales, centros comerciales, \u00e1reas mineras, aeropuertos, ferrocarriles, centrales e\u00f3licas, centrales de conmutaci\u00f3n y grandes empresas como las de acero, petr\u00f3leo, productos qu\u00edmicos, cemento, etc., entre otras. Es especialmente adecuado para v\u00edas urbanas. El proyecto de transformaci\u00f3n de la red el\u00e9ctrica puede ahorrar significativamente la inversi\u00f3n en equipos y cables el\u00e9ctricos y mejorar la confiabilidad del suministro el\u00e9ctrico.<\/p>\n<p><img decoding=\"async\" class=\"alignnone wp-image-1255 size-full\" src=\"http:\/\/www.xminsulation.com\/wp-content\/uploads\/2024\/05\/\u56fe\u7247104.png\" alt=\"\" width=\"697\" height=\"456\" srcset=\"https:\/\/www.xminsulation.com\/wp-content\/uploads\/2024\/05\/\u56fe\u7247104.png 697w, https:\/\/www.xminsulation.com\/wp-content\/uploads\/2024\/05\/\u56fe\u7247104-300x196.png 300w, https:\/\/www.xminsulation.com\/wp-content\/uploads\/2024\/05\/\u56fe\u7247104-600x393.png 600w\" sizes=\"(max-width: 697px) 100vw, 697px\" \/><\/p>\n<h2><strong><b>T\u00e9cnico <\/b><\/strong><strong><b>PAG<\/b><\/strong><strong><b>par\u00e1metros de <\/b><\/strong><strong><b>C<\/b><\/strong><strong><b>capaz <\/b><\/strong><strong><b>B<\/b><\/strong><strong><b>rancho <\/b><\/strong><strong><b>B<\/b><\/strong><strong><b>buey <\/b><\/strong><strong><b>o<\/b><\/strong><strong><b>con SF6 <\/b><\/strong><strong><b>l<\/b><\/strong><strong><b>carga <\/b><\/strong><strong><b>S<\/b><\/strong><strong><b>bruja<\/b><\/strong><\/h2>\n<p><img loading=\"lazy\" decoding=\"async\" class=\"alignnone wp-image-1256 size-full\" src=\"http:\/\/www.xminsulation.com\/wp-content\/uploads\/2024\/05\/\u56fe\u7247105.png\" alt=\"\" width=\"1000\" height=\"442\" srcset=\"https:\/\/www.xminsulation.com\/wp-content\/uploads\/2024\/05\/\u56fe\u7247105.png 1000w, https:\/\/www.xminsulation.com\/wp-content\/uploads\/2024\/05\/\u56fe\u7247105-300x133.png 300w, https:\/\/www.xminsulation.com\/wp-content\/uploads\/2024\/05\/\u56fe\u7247105-768x339.png 768w, https:\/\/www.xminsulation.com\/wp-content\/uploads\/2024\/05\/\u56fe\u7247105-600x265.png 600w\" sizes=\"(max-width: 1000px) 100vw, 1000px\" \/><\/p>\n<h2><strong><b>Estructural <\/b><\/strong><strong><b>mi<\/b><\/strong><strong><b>ejemplo de <\/b><\/strong><strong><b>C<\/b><\/strong><strong><b>capaz <\/b><\/strong><strong><b>B<\/b><\/strong><strong><b>rancho <\/b><\/strong><strong><b>B<\/b><\/strong><strong><b>buey <\/b><\/strong><strong><b>o<\/b><\/strong><strong><b>con SF6 <\/b><\/strong><strong><b>l<\/b><\/strong><strong><b>carga <\/b><\/strong><strong><b>S<\/b><\/strong><strong><b>bruja<\/b><\/strong><\/h2>\n<p><strong><b> <img loading=\"lazy\" decoding=\"async\" class=\"alignnone wp-image-1257 size-full\" src=\"http:\/\/www.xminsulation.com\/wp-content\/uploads\/2024\/05\/\u56fe\u7247106.png\" alt=\"\" width=\"875\" height=\"539\" srcset=\"https:\/\/www.xminsulation.com\/wp-content\/uploads\/2024\/05\/\u56fe\u7247106.png 875w, https:\/\/www.xminsulation.com\/wp-content\/uploads\/2024\/05\/\u56fe\u7247106-300x185.png 300w, https:\/\/www.xminsulation.com\/wp-content\/uploads\/2024\/05\/\u56fe\u7247106-768x473.png 768w, https:\/\/www.xminsulation.com\/wp-content\/uploads\/2024\/05\/\u56fe\u7247106-600x370.png 600w\" sizes=\"(max-width: 875px) 100vw, 875px\" \/> <img loading=\"lazy\" decoding=\"async\" class=\"alignnone wp-image-1258 size-full\" src=\"http:\/\/www.xminsulation.com\/wp-content\/uploads\/2024\/05\/\u56fe\u7247107.png\" alt=\"\" width=\"781\" height=\"411\" srcset=\"https:\/\/www.xminsulation.com\/wp-content\/uploads\/2024\/05\/\u56fe\u7247107.png 781w, https:\/\/www.xminsulation.com\/wp-content\/uploads\/2024\/05\/\u56fe\u7247107-300x158.png 300w, https:\/\/www.xminsulation.com\/wp-content\/uploads\/2024\/05\/\u56fe\u7247107-768x404.png 768w, https:\/\/www.xminsulation.com\/wp-content\/uploads\/2024\/05\/\u56fe\u7247107-600x316.png 600w\" sizes=\"(max-width: 781px) 100vw, 781px\" \/><\/b><\/strong><\/p>\n<h2><strong><b>Cable <\/b><\/strong><strong><b>B<\/b><\/strong><strong><b>rancho <\/b><\/strong><strong><b>B<\/b><\/strong><strong><b>buey <\/b><\/strong><strong><b>C<\/b><\/strong><strong><b>onfiguraci\u00f3n <\/b><\/strong><strong><b>S<\/b><\/strong><strong><b>Cheme con SF6 <\/b><\/strong><strong><b>l<\/b><\/strong><strong><b>carga <\/b><\/strong><strong><b>S<\/b><\/strong><strong><b>bruja<\/b><\/strong><\/h2>\n<p><strong><b> <img loading=\"lazy\" decoding=\"async\" class=\"alignnone wp-image-1259 size-full\" src=\"http:\/\/www.xminsulation.com\/wp-content\/uploads\/2024\/05\/\u56fe\u7247108.png\" alt=\"\" width=\"1106\" height=\"1112\" srcset=\"https:\/\/www.xminsulation.com\/wp-content\/uploads\/2024\/05\/\u56fe\u7247108.png 1106w, https:\/\/www.xminsulation.com\/wp-content\/uploads\/2024\/05\/\u56fe\u7247108-298x300.png 298w, https:\/\/www.xminsulation.com\/wp-content\/uploads\/2024\/05\/\u56fe\u7247108-1018x1024.png 1018w, https:\/\/www.xminsulation.com\/wp-content\/uploads\/2024\/05\/\u56fe\u7247108-150x150.png 150w, https:\/\/www.xminsulation.com\/wp-content\/uploads\/2024\/05\/\u56fe\u7247108-768x772.png 768w, https:\/\/www.xminsulation.com\/wp-content\/uploads\/2024\/05\/\u56fe\u7247108-600x603.png 600w, https:\/\/www.xminsulation.com\/wp-content\/uploads\/2024\/05\/\u56fe\u7247108-100x100.png 100w\" sizes=\"(max-width: 1106px) 100vw, 1106px\" \/><\/b><\/strong><\/p>\n<h2><strong><b>Cable <\/b><\/strong><strong><b>B<\/b><\/strong><strong><b>rancho <\/b><\/strong><strong><b>B<\/b><\/strong><strong><b>buey <\/b><\/strong><strong><b>C<\/b><\/strong><strong><b>Configuraci\u00f3n con SF6 <\/b><\/strong><strong><b>l<\/b><\/strong><strong><b>carga <\/b><\/strong><strong><b>S<\/b><\/strong><strong><b>bruja<\/b><\/strong><\/h2>\n<p>&nbsp;<\/p>\n<h2><strong><b> <img loading=\"lazy\" decoding=\"async\" class=\"alignnone wp-image-1260 size-full\" src=\"http:\/\/www.xminsulation.com\/wp-content\/uploads\/2024\/05\/\u56fe\u7247109.png\" alt=\"\" width=\"686\" height=\"333\" srcset=\"https:\/\/www.xminsulation.com\/wp-content\/uploads\/2024\/05\/\u56fe\u7247109.png 686w, https:\/\/www.xminsulation.com\/wp-content\/uploads\/2024\/05\/\u56fe\u7247109-300x146.png 300w, https:\/\/www.xminsulation.com\/wp-content\/uploads\/2024\/05\/\u56fe\u7247109-600x291.png 600w\" sizes=\"(max-width: 686px) 100vw, 686px\" \/><\/b><\/strong><\/h2>\n<p>&nbsp;<\/p>\n<h2><strong><b>Cable <\/b><\/strong><strong><b>B<\/b><\/strong><strong><b>rancho <\/b><\/strong><strong><b>B<\/b><\/strong><strong><b>buey <\/b><\/strong><strong><b>Yo<\/b><\/strong><strong><b>con <\/b><\/strong><strong><b>V<\/b><\/strong><strong><b>acuum <\/b><\/strong><strong><b>l<\/b><\/strong><strong><b>carga <\/b><\/strong><strong><b>S<\/b><\/strong><strong><b>bruja (<\/b><\/strong><strong><b>V<\/b><\/strong><strong><b>acuum <\/b><\/strong><strong><b>C<\/b><\/strong><strong><b>circuito <\/b><\/strong><strong><b>B<\/b><\/strong><strong><b>segador)<\/b><\/strong><\/h2>\n<p>Se ensambla utilizando interruptores de carga de vac\u00edo (disyuntores de vac\u00edo) nacionales de alta calidad, con l\u00edneas de entrada y salida izquierda y derecha inteligentemente separadas, un dise\u00f1o estructural minimalista y la configuraci\u00f3n de cables m\u00e1s robusta, con hasta 8 l\u00edneas de entrada y salida. Esta caja de derivaci\u00f3n no solo conserva las ventajas de la caja de derivaci\u00f3n tradicional, sino que tambi\u00e9n cuenta con algunas de las ventajas de la unidad principal en anillo. Es un equipo ideal para la transformaci\u00f3n de redes urbanas. Es compacto, no requiere mantenimiento, tiene una buena econom\u00eda t\u00e9cnica, alta fiabilidad, instalaci\u00f3n sencilla y un uso pr\u00e1ctico.<\/p>\n<p>Las caracter\u00edsticas de la caja de derivaci\u00f3n de cables con interruptor de carga al vac\u00edo son: cuenta con tres compartimentos, uno de ellos sellado. El mecanismo de operaci\u00f3n del interruptor de carga se encuentra justo delante de la caja de derivaci\u00f3n y puede operarse manual o el\u00e9ctricamente. El compartimento de cables cuenta con l\u00edneas de pilotaje. El terminal del cable est\u00e1 conectado al interruptor de carga. El compartimento de cables puede protegerse con un fusible si el dise\u00f1o lo requiere. El dise\u00f1o es diverso y permite funciones como telemetr\u00eda, control remoto y se\u00f1alizaci\u00f3n remota.<\/p>\n<p><strong><b><img loading=\"lazy\" decoding=\"async\" class=\"alignnone wp-image-1261 size-full\" src=\"http:\/\/www.xminsulation.com\/wp-content\/uploads\/2024\/05\/\u56fe\u7247110.png\" alt=\"\" width=\"1000\" height=\"408\" srcset=\"https:\/\/www.xminsulation.com\/wp-content\/uploads\/2024\/05\/\u56fe\u7247110.png 1000w, https:\/\/www.xminsulation.com\/wp-content\/uploads\/2024\/05\/\u56fe\u7247110-300x122.png 300w, https:\/\/www.xminsulation.com\/wp-content\/uploads\/2024\/05\/\u56fe\u7247110-768x313.png 768w, https:\/\/www.xminsulation.com\/wp-content\/uploads\/2024\/05\/\u56fe\u7247110-600x245.png 600w\" sizes=\"(max-width: 1000px) 100vw, 1000px\" \/> <img loading=\"lazy\" decoding=\"async\" class=\"alignnone wp-image-1262 size-full\" src=\"http:\/\/www.xminsulation.com\/wp-content\/uploads\/2024\/05\/\u56fe\u7247111.png\" alt=\"\" width=\"1000\" height=\"590\" srcset=\"https:\/\/www.xminsulation.com\/wp-content\/uploads\/2024\/05\/\u56fe\u7247111.png 1000w, https:\/\/www.xminsulation.com\/wp-content\/uploads\/2024\/05\/\u56fe\u7247111-300x177.png 300w, https:\/\/www.xminsulation.com\/wp-content\/uploads\/2024\/05\/\u56fe\u7247111-768x453.png 768w, https:\/\/www.xminsulation.com\/wp-content\/uploads\/2024\/05\/\u56fe\u7247111-600x354.png 600w\" sizes=\"(max-width: 1000px) 100vw, 1000px\" \/><\/b><\/strong><\/p>\n<h2><strong><b>Diagrama t\u00edpico del sistema primario<\/b><\/strong><\/h2>\n<p><strong><b><img loading=\"lazy\" decoding=\"async\" class=\"alignnone wp-image-1263 size-full\" src=\"http:\/\/www.xminsulation.com\/wp-content\/uploads\/2024\/05\/\u56fe\u7247112.png\" alt=\"\" width=\"1000\" height=\"1367\" srcset=\"https:\/\/www.xminsulation.com\/wp-content\/uploads\/2024\/05\/\u56fe\u7247112.png 1000w, https:\/\/www.xminsulation.com\/wp-content\/uploads\/2024\/05\/\u56fe\u7247112-219x300.png 219w, https:\/\/www.xminsulation.com\/wp-content\/uploads\/2024\/05\/\u56fe\u7247112-749x1024.png 749w, https:\/\/www.xminsulation.com\/wp-content\/uploads\/2024\/05\/\u56fe\u7247112-768x1050.png 768w, https:\/\/www.xminsulation.com\/wp-content\/uploads\/2024\/05\/\u56fe\u7247112-600x820.png 600w\" sizes=\"(max-width: 1000px) 100vw, 1000px\" \/><\/b><\/strong><\/p>\n<p><strong><b>\u00a0<\/b><\/strong><\/p>\n<div class=\"wxts\">\n<h2>\u25c6Personalizaci\u00f3n especial<\/h2>\n<p>Los par\u00e1metros anteriores son datos t\u00edpicos; Si los estilos existentes no satisfacen sus demandas espec\u00edficas, cont\u00e1ctenos para obtener un dise\u00f1o personalizado. Contamos con importantes habilidades de producci\u00f3n y desarrollo de personalizaci\u00f3n personalizada, lo que nos permite brindar soluciones personalizadas a clientes de todo el mundo.<\/p>\n<\/div>","protected":false},"excerpt":{"rendered":"<p>General Information This product adopts a high-performance sulfur hexafluoride load switch with built-in SF6 insulating gas and a touch-shielded imported synthetic rubber cable joint. It has strong breaking ability of active load and no-load cable current and closing ability of short-circuit current. And can be equipped with lightning arresters and ground fault indicators according to [&hellip;]<\/p>","protected":false},"featured_media":1252,"template":"","meta":{"site-sidebar-layout":"default","site-content-layout":"","ast-site-content-layout":"default","site-content-style":"default","site-sidebar-style":"default","ast-global-header-display":"","ast-banner-title-visibility":"","ast-main-header-display":"","ast-hfb-above-header-display":"","ast-hfb-below-header-display":"","ast-hfb-mobile-header-display":"","site-post-title":"","ast-breadcrumbs-content":"","ast-featured-img":"","footer-sml-layout":"","theme-transparent-header-meta":"default","adv-header-id-meta":"","stick-header-meta":"","header-above-stick-meta":"","header-main-stick-meta":"","header-below-stick-meta":"","astra-migrate-meta-layouts":"set","ast-page-background-enabled":"default","ast-page-background-meta":{"desktop":{"background-color":"","background-image":"","background-repeat":"repeat","background-position":"center center","background-size":"auto","background-attachment":"scroll","background-type":"","background-media":"","overlay-type":"","overlay-color":"","overlay-gradient":""},"tablet":{"background-color":"","background-image":"","background-repeat":"repeat","background-position":"center center","background-size":"auto","background-attachment":"scroll","background-type":"","background-media":"","overlay-type":"","overlay-color":"","overlay-gradient":""},"mobile":{"background-color":"","background-image":"","background-repeat":"repeat","background-position":"center center","background-size":"auto","background-attachment":"scroll","background-type":"","background-media":"","overlay-type":"","overlay-color":"","overlay-gradient":""}},"ast-content-background-meta":{"desktop":{"background-color":"var(--ast-global-color-5)","background-image":"","background-repeat":"repeat","background-position":"center center","background-size":"auto","background-attachment":"scroll","background-type":"","background-media":"","overlay-type":"","overlay-color":"","overlay-gradient":""},"tablet":{"background-color":"var(--ast-global-color-5)","background-image":"","background-repeat":"repeat","background-position":"center center","background-size":"auto","background-attachment":"scroll","background-type":"","background-media":"","overlay-type":"","overlay-color":"","overlay-gradient":""},"mobile":{"background-color":"var(--ast-global-color-5)","background-image":"","background-repeat":"repeat","background-position":"center center","background-size":"auto","background-attachment":"scroll","background-type":"","background-media":"","overlay-type":"","overlay-color":"","overlay-gradient":""}}},"product_cat":[40],"product_tag":[],"class_list":{"0":"post-1251","1":"product","2":"type-product","3":"status-publish","4":"has-post-thumbnail","6":"product_cat-10-35kv-high-voltage-cable-branch-box","7":"desktop-align-left","8":"tablet-align-left","9":"mobile-align-left","11":"first","12":"instock","13":"shipping-taxable","14":"product-type-simple"},"_links":{"self":[{"href":"https:\/\/www.xminsulation.com\/es\/wp-json\/wp\/v2\/product\/1251","targetHints":{"allow":["GET"]}}],"collection":[{"href":"https:\/\/www.xminsulation.com\/es\/wp-json\/wp\/v2\/product"}],"about":[{"href":"https:\/\/www.xminsulation.com\/es\/wp-json\/wp\/v2\/types\/product"}],"wp:featuredmedia":[{"embeddable":true,"href":"https:\/\/www.xminsulation.com\/es\/wp-json\/wp\/v2\/media\/1252"}],"wp:attachment":[{"href":"https:\/\/www.xminsulation.com\/es\/wp-json\/wp\/v2\/media?parent=1251"}],"wp:term":[{"taxonomy":"product_cat","embeddable":true,"href":"https:\/\/www.xminsulation.com\/es\/wp-json\/wp\/v2\/product_cat?post=1251"},{"taxonomy":"product_tag","embeddable":true,"href":"https:\/\/www.xminsulation.com\/es\/wp-json\/wp\/v2\/product_tag?post=1251"}],"curies":[{"name":"wp","href":"https:\/\/api.w.org\/{rel}","templated":true}]}}