{"id":1226,"date":"2024-05-07T10:55:07","date_gmt":"2024-05-07T02:55:07","guid":{"rendered":"http:\/\/www.xminsulation.com\/?post_type=product&#038;p=1226"},"modified":"2024-05-15T16:35:26","modified_gmt":"2024-05-15T08:35:26","slug":"10-24-35km-high-voltage-cable-branch-box-european-style","status":"publish","type":"product","link":"https:\/\/www.xminsulation.com\/es\/product\/10-24-35km-high-voltage-cable-branch-box-european-style\/","title":{"rendered":"Caja de derivaci\u00f3n para cable de alta tensi\u00f3n de 10\/24\/35 kM (estilo europeo)"},"content":{"rendered":"<p><img fetchpriority=\"high\" decoding=\"async\" class=\"alignnone wp-image-1228 size-full\" src=\"http:\/\/www.xminsulation.com\/wp-content\/uploads\/2024\/05\/\u56fe\u724782-1.jpg\" alt=\"\" width=\"1000\" height=\"1000\" srcset=\"https:\/\/www.xminsulation.com\/wp-content\/uploads\/2024\/05\/\u56fe\u724782-1.jpg 1000w, https:\/\/www.xminsulation.com\/wp-content\/uploads\/2024\/05\/\u56fe\u724782-1-300x300.jpg 300w, https:\/\/www.xminsulation.com\/wp-content\/uploads\/2024\/05\/\u56fe\u724782-1-150x150.jpg 150w, https:\/\/www.xminsulation.com\/wp-content\/uploads\/2024\/05\/\u56fe\u724782-1-768x768.jpg 768w, https:\/\/www.xminsulation.com\/wp-content\/uploads\/2024\/05\/\u56fe\u724782-1-600x600.jpg 600w, https:\/\/www.xminsulation.com\/wp-content\/uploads\/2024\/05\/\u56fe\u724782-1-100x100.jpg 100w\" sizes=\"(max-width: 1000px) 100vw, 1000px\" \/> <img decoding=\"async\" class=\"alignnone wp-image-1229 size-full\" src=\"http:\/\/www.xminsulation.com\/wp-content\/uploads\/2024\/05\/\u56fe\u724783.png\" alt=\"\" width=\"651\" height=\"696\" srcset=\"https:\/\/www.xminsulation.com\/wp-content\/uploads\/2024\/05\/\u56fe\u724783.png 651w, https:\/\/www.xminsulation.com\/wp-content\/uploads\/2024\/05\/\u56fe\u724783-281x300.png 281w, https:\/\/www.xminsulation.com\/wp-content\/uploads\/2024\/05\/\u56fe\u724783-600x641.png 600w\" sizes=\"(max-width: 651px) 100vw, 651px\" \/> <img decoding=\"async\" class=\"alignnone wp-image-1230 size-full\" src=\"http:\/\/www.xminsulation.com\/wp-content\/uploads\/2024\/05\/\u56fe\u724784.png\" alt=\"\" width=\"766\" height=\"818\" srcset=\"https:\/\/www.xminsulation.com\/wp-content\/uploads\/2024\/05\/\u56fe\u724784.png 766w, https:\/\/www.xminsulation.com\/wp-content\/uploads\/2024\/05\/\u56fe\u724784-281x300.png 281w, https:\/\/www.xminsulation.com\/wp-content\/uploads\/2024\/05\/\u56fe\u724784-600x641.png 600w\" sizes=\"(max-width: 766px) 100vw, 766px\" \/> <img loading=\"lazy\" decoding=\"async\" class=\"alignnone wp-image-1231 size-full\" src=\"http:\/\/www.xminsulation.com\/wp-content\/uploads\/2024\/05\/\u56fe\u724785.png\" alt=\"\" width=\"783\" height=\"826\" srcset=\"https:\/\/www.xminsulation.com\/wp-content\/uploads\/2024\/05\/\u56fe\u724785.png 783w, https:\/\/www.xminsulation.com\/wp-content\/uploads\/2024\/05\/\u56fe\u724785-284x300.png 284w, https:\/\/www.xminsulation.com\/wp-content\/uploads\/2024\/05\/\u56fe\u724785-768x810.png 768w, https:\/\/www.xminsulation.com\/wp-content\/uploads\/2024\/05\/\u56fe\u724785-600x633.png 600w\" sizes=\"(max-width: 783px) 100vw, 783px\" \/><\/p>\n<h2><strong><b>Informaci\u00f3n general<\/b><\/strong><\/h2>\n<p>Las cajas de derivaci\u00f3n para cables de alta tensi\u00f3n se utilizan ampliamente para la conexi\u00f3n de nodos en sistemas de cable de 10 kV, 24 kV y 35 kV. Constituyen el principal equipo el\u00e9ctrico para la recolecci\u00f3n y derivaci\u00f3n de cables tras su salida del armario de distribuci\u00f3n. Las uniones de los cables de la caja de derivaci\u00f3n est\u00e1n firmemente aisladas con caucho importado de alta calidad y no presentan partes activas expuestas. Los interruptores de la caja de derivaci\u00f3n con interruptores son todos interruptores de carga con aislamiento de SF6.<\/p>\n<p>La caja de derivaci\u00f3n est\u00e1 dise\u00f1ada para funcionar en exteriores sin necesidad de mantenimiento, lo cual es seguro y fiable. Su nivel de protecci\u00f3n es IP33 y la derivaci\u00f3n subterr\u00e1nea es resistente a inundaciones. Este producto se utiliza ampliamente en redes de distribuci\u00f3n en zonas industriales urbanas, zonas residenciales, centros comerciales, zonas mineras y grandes empresas como las de acero, autom\u00f3viles, petr\u00f3leo, productos qu\u00edmicos y cemento, entre otras. Es especialmente adecuada para proyectos de transformaci\u00f3n de la red el\u00e9ctrica urbana y permite ahorrar considerablemente en equipos el\u00e9ctricos e invertir en cables para mejorar la fiabilidad del suministro el\u00e9ctrico.<\/p>\n<h2><strong><b>Producto <\/b><\/strong><strong><b>Caracter\u00edsticas<\/b><\/strong><\/h2>\n<ol>\n<li>Estructura compacta, tama\u00f1o reducido, f\u00e1cil instalaci\u00f3n, f\u00e1cil operaci\u00f3n y libre de mantenimiento.<\/li>\n<li>El cuerpo de la caja est\u00e1 fabricado \u00edntegramente en placa de acero o acero inoxidable de 2 mm de espesor. Cuenta con un dise\u00f1o anticorrosivo y un tratamiento especial de pintura en aerosol para garantizar su fiabilidad en entornos hostiles (vida \u00fatil \u2265 30 a\u00f1os).<\/li>\n<li>Estructura totalmente protectora para exterior, para todo tipo de clima, adecuada para altas temperaturas, fr\u00edo intenso, inmersi\u00f3n en inundaciones y \u00e1reas con mucho polvo.<\/li>\n<li>Estructura completamente sellada y completamente aislada, no requiere distancia de aislamiento, todas las partes activas de alto voltaje son conectores de cable prefabricados de caucho de silicona o EPDM, lo que garantiza de manera efectiva la seguridad personal.<\/li>\n<li>La combinaci\u00f3n flexible permite alcanzar hasta siete derivaciones de salida, que pueden combinarse con SF. El interruptor de carga forma una red en anillo para la alimentaci\u00f3n, satisfaciendo plenamente los diversos requisitos de cableado.<\/li>\n<li>La uni\u00f3n del cable se puede utilizar como interruptor, que se puede enchufar y desenchufar bajo carga para interrumpir la corriente de carga de 200 A.<\/li>\n<li>Despu\u00e9s de instalar el indicador de fallas, se pueden detectar r\u00e1pidamente fallas en el circuito.<\/li>\n<li>La inversi\u00f3n \u00fanica es peque\u00f1a, se reduce la longitud del cable, no se ocupa el \u00e1rea de construcci\u00f3n y se ahorra dinero.<\/li>\n<li>El conector de cable utilizado cumple con el est\u00e1ndar IEEE386.<\/li>\n<li>Todos los empalmes de cables son aptos para cables con aislamiento de polietileno reticulado. El empalme de 200 A es apto para cables con una secci\u00f3n transversal de 35 mm\u00b2 a 180 mm\u00b2; el de 600 A es apto para cables con una secci\u00f3n transversal de 25 mm\u00b2 a 500 mm\u00b2.<\/li>\n<\/ol>\n<h2><strong><b>Par\u00e1metros t\u00e9cnicos<\/b><\/strong><\/h2>\n<p><strong><b> <img loading=\"lazy\" decoding=\"async\" class=\"alignnone wp-image-1232 size-full\" src=\"http:\/\/www.xminsulation.com\/wp-content\/uploads\/2024\/05\/\u56fe\u724786.png\" alt=\"\" width=\"966\" height=\"736\" srcset=\"https:\/\/www.xminsulation.com\/wp-content\/uploads\/2024\/05\/\u56fe\u724786.png 966w, https:\/\/www.xminsulation.com\/wp-content\/uploads\/2024\/05\/\u56fe\u724786-300x229.png 300w, https:\/\/www.xminsulation.com\/wp-content\/uploads\/2024\/05\/\u56fe\u724786-768x585.png 768w, https:\/\/www.xminsulation.com\/wp-content\/uploads\/2024\/05\/\u56fe\u724786-600x457.png 600w\" sizes=\"(max-width: 966px) 100vw, 966px\" \/><\/b><\/strong><\/p>\n<h2><strong><b>Uso <\/b><\/strong><strong><b>mi<\/b><\/strong><strong><b>medio ambiente<\/b><\/strong><\/h2>\n<ol>\n<li>Temperatura ambiente: temperatura m\u00e1xima: +40\u2103, temperatura m\u00ednima -30\u2103.<\/li>\n<li>Velocidad del viento: equivalente a 34m\/s (no m\u00e1s de 700Pa).<\/li>\n<li>Humedad: La humedad relativa media diaria no es mayor a 95%; la humedad relativa media mensual no es mayor a 95%.<\/li>\n<li>A prueba de golpes: la aceleraci\u00f3n horizontal no es mayor a 0,4 m\/s2 y la aceleraci\u00f3n vertical no es mayor a 0,15 m\/s2.<\/li>\n<li>Inclinaci\u00f3n del lugar de instalaci\u00f3n: no m\u00e1s de 3\u00b0.<\/li>\n<li>Entorno de instalaci\u00f3n: El aire circundante no debe estar significativamente contaminado por gases corrosivos, inflamables, vapor de agua, etc., y no debe haber vibraciones severas en el lugar de instalaci\u00f3n.<\/li>\n<\/ol>\n<h2><strong><b>C<\/b><\/strong><strong><b>onfiguraci\u00f3n <\/b><\/strong><strong><b>PAG<\/b><\/strong><strong><b>LAN<\/b><\/strong><\/h2>\n<p><img loading=\"lazy\" decoding=\"async\" class=\"alignnone wp-image-1233 size-full\" src=\"http:\/\/www.xminsulation.com\/wp-content\/uploads\/2024\/05\/\u56fe\u724787.png\" alt=\"\" width=\"1078\" height=\"1092\" srcset=\"https:\/\/www.xminsulation.com\/wp-content\/uploads\/2024\/05\/\u56fe\u724787.png 1078w, https:\/\/www.xminsulation.com\/wp-content\/uploads\/2024\/05\/\u56fe\u724787-296x300.png 296w, https:\/\/www.xminsulation.com\/wp-content\/uploads\/2024\/05\/\u56fe\u724787-1011x1024.png 1011w, https:\/\/www.xminsulation.com\/wp-content\/uploads\/2024\/05\/\u56fe\u724787-768x778.png 768w, https:\/\/www.xminsulation.com\/wp-content\/uploads\/2024\/05\/\u56fe\u724787-600x608.png 600w, https:\/\/www.xminsulation.com\/wp-content\/uploads\/2024\/05\/\u56fe\u724787-100x100.png 100w\" sizes=\"(max-width: 1078px) 100vw, 1078px\" \/> <img loading=\"lazy\" decoding=\"async\" class=\"alignnone wp-image-1234 size-full\" src=\"http:\/\/www.xminsulation.com\/wp-content\/uploads\/2024\/05\/\u56fe\u724788.png\" alt=\"\" width=\"1078\" height=\"1147\" srcset=\"https:\/\/www.xminsulation.com\/wp-content\/uploads\/2024\/05\/\u56fe\u724788.png 1078w, https:\/\/www.xminsulation.com\/wp-content\/uploads\/2024\/05\/\u56fe\u724788-282x300.png 282w, https:\/\/www.xminsulation.com\/wp-content\/uploads\/2024\/05\/\u56fe\u724788-962x1024.png 962w, https:\/\/www.xminsulation.com\/wp-content\/uploads\/2024\/05\/\u56fe\u724788-768x817.png 768w, https:\/\/www.xminsulation.com\/wp-content\/uploads\/2024\/05\/\u56fe\u724788-600x638.png 600w\" sizes=\"(max-width: 1078px) 100vw, 1078px\" \/><\/p>\n<h2><strong><b>europeo <\/b><\/strong><strong><b>C<\/b><\/strong><strong><b>capaz <\/b><\/strong><strong><b>B<\/b><\/strong><strong><b>rancho <\/b><\/strong><strong><b>B<\/b><\/strong><strong><b>buey <\/b><\/strong><strong><b>S<\/b><\/strong><strong><b>estructura <\/b><\/strong><strong><b>mi<\/b><\/strong><strong><b>ejemplo <\/b><\/strong><strong><b>D<\/b><\/strong><strong><b>iagrama<\/b><\/strong><\/h2>\n<p>&nbsp;<\/p>\n<p>Si la caja de distribuci\u00f3n de cables no se puede colocar debido a limitaciones del sitio, las uniones de cables se pueden combinar directamente para formar m\u00faltiples derivaciones de cables (no se requieren barras colectoras, consulte el m\u00e9todo de conexi\u00f3n a continuaci\u00f3n) y colocar en la zanja de cables u otras ubicaciones.<\/p>\n<p>Ejemplo 1: Cuatro l\u00edneas entrantes y salientes.<\/p>\n<p>Cada fase consta de dos juntas frontales y dos traseras de estilo europeo, conectadas mediante un casquillo de tope de estilo europeo en el centro. Los extremos de los conectores traseros de estilo europeo est\u00e1n sellados con aislantes y tapas semiconductoras.<\/p>\n<p>Ejemplo 2: Dos dentro y tres fuera.<\/p>\n<p>Cada fase consta de tres juntas frontales y dos traseras de estilo europeo, conectadas mediante casquillos de tope de estilo europeo en el centro. Los extremos de los conectores traseros de estilo europeo est\u00e1n sellados con aislantes y tapas semiconductoras.<\/p>\n<p><img loading=\"lazy\" decoding=\"async\" class=\"alignnone wp-image-1235 size-full\" src=\"http:\/\/www.xminsulation.com\/wp-content\/uploads\/2024\/05\/\u56fe\u724789.png\" alt=\"\" width=\"1000\" height=\"280\" srcset=\"https:\/\/www.xminsulation.com\/wp-content\/uploads\/2024\/05\/\u56fe\u724789.png 1000w, https:\/\/www.xminsulation.com\/wp-content\/uploads\/2024\/05\/\u56fe\u724789-300x84.png 300w, https:\/\/www.xminsulation.com\/wp-content\/uploads\/2024\/05\/\u56fe\u724789-768x215.png 768w, https:\/\/www.xminsulation.com\/wp-content\/uploads\/2024\/05\/\u56fe\u724789-600x168.png 600w\" sizes=\"(max-width: 1000px) 100vw, 1000px\" \/><\/p>\n<p><strong><b>El personal de la estaci\u00f3n de servicio de la ciudad de Da Nang<\/b><\/strong><\/p>\n<p><strong><b>Cable <\/b><\/strong><strong><b>PAG<\/b><\/strong><strong><b>arrastrar <\/b><\/strong><strong><b>I<\/b><\/strong><strong><b>instalaci\u00f3n <\/b><\/strong><strong><b>D<\/b><\/strong><strong><b>iagrama<\/b><\/strong><\/p>\n<p><img loading=\"lazy\" decoding=\"async\" class=\"alignnone wp-image-1236 size-full\" src=\"http:\/\/www.xminsulation.com\/wp-content\/uploads\/2024\/05\/\u56fe\u724790.png\" alt=\"\" width=\"860\" height=\"720\" srcset=\"https:\/\/www.xminsulation.com\/wp-content\/uploads\/2024\/05\/\u56fe\u724790.png 860w, https:\/\/www.xminsulation.com\/wp-content\/uploads\/2024\/05\/\u56fe\u724790-300x251.png 300w, https:\/\/www.xminsulation.com\/wp-content\/uploads\/2024\/05\/\u56fe\u724790-768x643.png 768w, https:\/\/www.xminsulation.com\/wp-content\/uploads\/2024\/05\/\u56fe\u724790-600x502.png 600w\" sizes=\"(max-width: 860px) 100vw, 860px\" \/> <img loading=\"lazy\" decoding=\"async\" class=\"alignnone wp-image-1237 size-full\" src=\"http:\/\/www.xminsulation.com\/wp-content\/uploads\/2024\/05\/\u56fe\u724791.png\" alt=\"\" width=\"988\" height=\"468\" srcset=\"https:\/\/www.xminsulation.com\/wp-content\/uploads\/2024\/05\/\u56fe\u724791.png 988w, https:\/\/www.xminsulation.com\/wp-content\/uploads\/2024\/05\/\u56fe\u724791-300x142.png 300w, https:\/\/www.xminsulation.com\/wp-content\/uploads\/2024\/05\/\u56fe\u724791-768x364.png 768w, https:\/\/www.xminsulation.com\/wp-content\/uploads\/2024\/05\/\u56fe\u724791-600x284.png 600w\" sizes=\"(max-width: 988px) 100vw, 988px\" \/><\/p>\n<p><strong><b>europeo <\/b><\/strong><strong><b>C<\/b><\/strong><strong><b>capaz <\/b><\/strong><strong><b>B<\/b><\/strong><strong><b>rancho <\/b><\/strong><strong><b>B<\/b><\/strong><strong><b>buey <\/b><\/strong><strong><b>F<\/b><\/strong><strong><b>fundaci\u00f3n <\/b><\/strong><strong><b>D<\/b><\/strong><strong><b>iagrama<\/b><\/strong><\/p>\n<p><img loading=\"lazy\" decoding=\"async\" class=\"alignnone wp-image-1238 size-full\" src=\"http:\/\/www.xminsulation.com\/wp-content\/uploads\/2024\/05\/\u56fe\u724792.png\" alt=\"\" width=\"622\" height=\"835\" srcset=\"https:\/\/www.xminsulation.com\/wp-content\/uploads\/2024\/05\/\u56fe\u724792.png 622w, https:\/\/www.xminsulation.com\/wp-content\/uploads\/2024\/05\/\u56fe\u724792-223x300.png 223w, https:\/\/www.xminsulation.com\/wp-content\/uploads\/2024\/05\/\u56fe\u724792-600x805.png 600w\" sizes=\"(max-width: 622px) 100vw, 622px\" \/><\/p>\n<p>&nbsp;<\/p>\n<div class=\"wxts\">\n<h2>\u25c6Personalizaci\u00f3n especial<\/h2>\n<p>Los par\u00e1metros anteriores son datos t\u00edpicos; Si los estilos existentes no satisfacen sus demandas espec\u00edficas, cont\u00e1ctenos para obtener un dise\u00f1o personalizado. Contamos con importantes habilidades de producci\u00f3n y desarrollo de personalizaci\u00f3n personalizada, lo que nos permite brindar soluciones personalizadas a clientes de todo el mundo.<\/p>\n<\/div>\n<p>&nbsp;<\/p>","protected":false},"excerpt":{"rendered":"<p>General Information High-voltage cable branch boxes are widely used for node connections in 10kV, 24kV, and 35kV cable systems. They are the main electrical equipment for gathering and tapping cables after they exit the switch cabinet. The cable joints of the tap box are tightly insulated with high-grade insulated imported rubber and have no exposed [&hellip;]<\/p>","protected":false},"featured_media":1227,"template":"","meta":{"site-sidebar-layout":"default","site-content-layout":"","ast-site-content-layout":"default","site-content-style":"default","site-sidebar-style":"default","ast-global-header-display":"","ast-banner-title-visibility":"","ast-main-header-display":"","ast-hfb-above-header-display":"","ast-hfb-below-header-display":"","ast-hfb-mobile-header-display":"","site-post-title":"","ast-breadcrumbs-content":"","ast-featured-img":"","footer-sml-layout":"","theme-transparent-header-meta":"default","adv-header-id-meta":"","stick-header-meta":"","header-above-stick-meta":"","header-main-stick-meta":"","header-below-stick-meta":"","astra-migrate-meta-layouts":"set","ast-page-background-enabled":"default","ast-page-background-meta":{"desktop":{"background-color":"","background-image":"","background-repeat":"repeat","background-position":"center center","background-size":"auto","background-attachment":"scroll","background-type":"","background-media":"","overlay-type":"","overlay-color":"","overlay-gradient":""},"tablet":{"background-color":"","background-image":"","background-repeat":"repeat","background-position":"center center","background-size":"auto","background-attachment":"scroll","background-type":"","background-media":"","overlay-type":"","overlay-color":"","overlay-gradient":""},"mobile":{"background-color":"","background-image":"","background-repeat":"repeat","background-position":"center center","background-size":"auto","background-attachment":"scroll","background-type":"","background-media":"","overlay-type":"","overlay-color":"","overlay-gradient":""}},"ast-content-background-meta":{"desktop":{"background-color":"var(--ast-global-color-5)","background-image":"","background-repeat":"repeat","background-position":"center center","background-size":"auto","background-attachment":"scroll","background-type":"","background-media":"","overlay-type":"","overlay-color":"","overlay-gradient":""},"tablet":{"background-color":"var(--ast-global-color-5)","background-image":"","background-repeat":"repeat","background-position":"center center","background-size":"auto","background-attachment":"scroll","background-type":"","background-media":"","overlay-type":"","overlay-color":"","overlay-gradient":""},"mobile":{"background-color":"var(--ast-global-color-5)","background-image":"","background-repeat":"repeat","background-position":"center center","background-size":"auto","background-attachment":"scroll","background-type":"","background-media":"","overlay-type":"","overlay-color":"","overlay-gradient":""}}},"product_cat":[40],"product_tag":[],"class_list":{"0":"post-1226","1":"product","2":"type-product","3":"status-publish","4":"has-post-thumbnail","6":"product_cat-10-35kv-high-voltage-cable-branch-box","7":"desktop-align-left","8":"tablet-align-left","9":"mobile-align-left","11":"first","12":"instock","13":"shipping-taxable","14":"product-type-simple"},"_links":{"self":[{"href":"https:\/\/www.xminsulation.com\/es\/wp-json\/wp\/v2\/product\/1226","targetHints":{"allow":["GET"]}}],"collection":[{"href":"https:\/\/www.xminsulation.com\/es\/wp-json\/wp\/v2\/product"}],"about":[{"href":"https:\/\/www.xminsulation.com\/es\/wp-json\/wp\/v2\/types\/product"}],"wp:featuredmedia":[{"embeddable":true,"href":"https:\/\/www.xminsulation.com\/es\/wp-json\/wp\/v2\/media\/1227"}],"wp:attachment":[{"href":"https:\/\/www.xminsulation.com\/es\/wp-json\/wp\/v2\/media?parent=1226"}],"wp:term":[{"taxonomy":"product_cat","embeddable":true,"href":"https:\/\/www.xminsulation.com\/es\/wp-json\/wp\/v2\/product_cat?post=1226"},{"taxonomy":"product_tag","embeddable":true,"href":"https:\/\/www.xminsulation.com\/es\/wp-json\/wp\/v2\/product_tag?post=1226"}],"curies":[{"name":"wp","href":"https:\/\/api.w.org\/{rel}","templated":true}]}}