{"id":1223,"date":"2024-05-27T10:47:04","date_gmt":"2024-05-27T02:47:04","guid":{"rendered":"http:\/\/www.xminsulation.com\/?post_type=product&#038;p=1223"},"modified":"2024-05-28T18:27:21","modified_gmt":"2024-05-28T10:27:21","slug":"design-and-development-of-medium-voltage-distribution-related-components-and-various-molds","status":"publish","type":"product","link":"https:\/\/www.xminsulation.com\/es\/product\/design-and-development-of-medium-voltage-distribution-related-components-and-various-molds\/","title":{"rendered":"Dise\u00f1o y Desarrollo de Componentes Relacionados con la Distribuci\u00f3n de Media Tensi\u00f3n y Moldes Varios"},"content":{"rendered":"<p>Adem\u00e1s de personalizar, desarrollar y producir diversos \u201cgrandes productos\u201d no est\u00e1ndar en el campo de la distribuci\u00f3n de energ\u00eda de media tensi\u00f3n, como disyuntores de vac\u00edo, interruptores de carga, interruptores de aislamiento, reconectadores exteriores, interruptores de carga exteriores, mecanismos de operaci\u00f3n, anillos. unidades principales, subestaciones prefabricadas, conjuntos de equipos, etc., tambi\u00e9n podemos proporcionar dise\u00f1o de moldes, fabricaci\u00f3n de moldes, muestreo, producci\u00f3n de productos y otros servicios para los &quot;peque\u00f1os productos&quot; microsc\u00f3picos contenidos en estos &quot;productos grandes&quot;.<\/p>\n<p>Debido a que tenemos un profundo conocimiento de las funciones y requisitos de productos el\u00e9ctricos completos, sabemos c\u00f3mo comprender los factores que influyen, como la descarga parcial, la resistencia al voltaje, la compatibilidad electromagn\u00e9tica, las corrientes par\u00e1sitas, la disipaci\u00f3n de calor, la energ\u00eda el\u00e9ctrica y los est\u00e1ndares de productos relacionados, y sabemos c\u00f3mo lograr la unidad org\u00e1nica entre lo macro y lo micro, as\u00ed como entre lo general y lo local. Por lo tanto, si nos conf\u00eda el desarrollo de moldes y las tareas de fabricaci\u00f3n de producci\u00f3n de los &quot;productos peque\u00f1os&quot; involucrados en los &quot;productos grandes&quot; anteriores, como resina epoxi, silicona, pl\u00e1stico, piezas de cobre, aleaciones de zinc y otros componentes peque\u00f1os, accesorios, repuestos, etc., puede evitar eficazmente el riesgo de defectos funcionales o incapacidad de adaptaci\u00f3n debido a la falta de comprensi\u00f3n de las aplicaciones industriales, las caracter\u00edsticas del producto y la comprensi\u00f3n inadecuada.<\/p>\n<p>Los moldes incluyen moldes aislantes de resina epoxi APG, moldes de inyecci\u00f3n de caucho de silicona, moldes de inyecci\u00f3n de pl\u00e1stico, moldes de estampado de cobre o forjado en fr\u00edo o forjado en caliente, moldes de fundici\u00f3n a presi\u00f3n de aleaci\u00f3n de zinc, etc.<\/p>\n<p>En las primeras etapas del dise\u00f1o del producto, tendremos en cuenta la tecnolog\u00eda, los materiales, las funciones y otros factores integrales m\u00e1s razonables necesarios para el producto.<\/p>\n<p>\u00a1Es nuestro compromiso solemne ayudarlo a evitar desv\u00edos y dise\u00f1ar y desarrollar de manera r\u00e1pida y efectiva componentes y diversos moldes relacionados con la distribuci\u00f3n de media tensi\u00f3n!<\/p>\n<p><img fetchpriority=\"high\" decoding=\"async\" class=\"alignnone wp-image-1224 size-full\" src=\"\/wp-content\/uploads\/2024\/05\/\u56fe\u724780.jpg\" alt=\"\" width=\"1018\" height=\"1018\" srcset=\"https:\/\/www.xminsulation.com\/wp-content\/uploads\/2024\/05\/\u56fe\u724780.jpg 1018w, https:\/\/www.xminsulation.com\/wp-content\/uploads\/2024\/05\/\u56fe\u724780-300x300.jpg 300w, https:\/\/www.xminsulation.com\/wp-content\/uploads\/2024\/05\/\u56fe\u724780-150x150.jpg 150w, https:\/\/www.xminsulation.com\/wp-content\/uploads\/2024\/05\/\u56fe\u724780-768x768.jpg 768w, https:\/\/www.xminsulation.com\/wp-content\/uploads\/2024\/05\/\u56fe\u724780-600x600.jpg 600w, https:\/\/www.xminsulation.com\/wp-content\/uploads\/2024\/05\/\u56fe\u724780-100x100.jpg 100w\" sizes=\"(max-width: 1018px) 100vw, 1018px\" \/> <img decoding=\"async\" class=\"alignnone wp-image-1225 size-full\" src=\"\/wp-content\/uploads\/2024\/05\/\u56fe\u724781.jpg\" alt=\"\" width=\"1000\" height=\"623\" srcset=\"https:\/\/www.xminsulation.com\/wp-content\/uploads\/2024\/05\/\u56fe\u724781.jpg 1000w, https:\/\/www.xminsulation.com\/wp-content\/uploads\/2024\/05\/\u56fe\u724781-300x187.jpg 300w, https:\/\/www.xminsulation.com\/wp-content\/uploads\/2024\/05\/\u56fe\u724781-768x478.jpg 768w, https:\/\/www.xminsulation.com\/wp-content\/uploads\/2024\/05\/\u56fe\u724781-600x374.jpg 600w\" sizes=\"(max-width: 1000px) 100vw, 1000px\" \/><\/p>\n<p>&nbsp;<\/p>\n<p><strong><b>\u00a0<\/b><\/strong><\/p>","protected":false},"excerpt":{"rendered":"<p>In addition to customizing, developing and producing various non-standard &#8220;large products&#8221; in the field of medium voltage power distribution, such as vacuum circuit breakers, load break switches, isolating switches, outdoor reclosers, outdoor load break switches, operating mechanisms, ring main units, prefabricated substations, sets of equipment etc., we can also provide mold design, mold manufacturing, sampling, [&hellip;]<\/p>","protected":false},"featured_media":1224,"template":"","meta":{"site-sidebar-layout":"default","site-content-layout":"","ast-site-content-layout":"default","site-content-style":"default","site-sidebar-style":"default","ast-global-header-display":"","ast-banner-title-visibility":"","ast-main-header-display":"","ast-hfb-above-header-display":"","ast-hfb-below-header-display":"","ast-hfb-mobile-header-display":"","site-post-title":"","ast-breadcrumbs-content":"","ast-featured-img":"","footer-sml-layout":"","theme-transparent-header-meta":"default","adv-header-id-meta":"","stick-header-meta":"","header-above-stick-meta":"","header-main-stick-meta":"","header-below-stick-meta":"","astra-migrate-meta-layouts":"set","ast-page-background-enabled":"default","ast-page-background-meta":{"desktop":{"background-color":"","background-image":"","background-repeat":"repeat","background-position":"center center","background-size":"auto","background-attachment":"scroll","background-type":"","background-media":"","overlay-type":"","overlay-color":"","overlay-gradient":""},"tablet":{"background-color":"","background-image":"","background-repeat":"repeat","background-position":"center center","background-size":"auto","background-attachment":"scroll","background-type":"","background-media":"","overlay-type":"","overlay-color":"","overlay-gradient":""},"mobile":{"background-color":"","background-image":"","background-repeat":"repeat","background-position":"center center","background-size":"auto","background-attachment":"scroll","background-type":"","background-media":"","overlay-type":"","overlay-color":"","overlay-gradient":""}},"ast-content-background-meta":{"desktop":{"background-color":"var(--ast-global-color-5)","background-image":"","background-repeat":"repeat","background-position":"center center","background-size":"auto","background-attachment":"scroll","background-type":"","background-media":"","overlay-type":"","overlay-color":"","overlay-gradient":""},"tablet":{"background-color":"var(--ast-global-color-5)","background-image":"","background-repeat":"repeat","background-position":"center center","background-size":"auto","background-attachment":"scroll","background-type":"","background-media":"","overlay-type":"","overlay-color":"","overlay-gradient":""},"mobile":{"background-color":"var(--ast-global-color-5)","background-image":"","background-repeat":"repeat","background-position":"center center","background-size":"auto","background-attachment":"scroll","background-type":"","background-media":"","overlay-type":"","overlay-color":"","overlay-gradient":""}}},"product_cat":[48],"product_tag":[],"class_list":{"0":"post-1223","1":"product","2":"type-product","3":"status-publish","4":"has-post-thumbnail","6":"product_cat-components-and-various-molds-design-and-development","7":"desktop-align-left","8":"tablet-align-left","9":"mobile-align-left","11":"first","12":"instock","13":"shipping-taxable","14":"product-type-simple"},"_links":{"self":[{"href":"https:\/\/www.xminsulation.com\/es\/wp-json\/wp\/v2\/product\/1223","targetHints":{"allow":["GET"]}}],"collection":[{"href":"https:\/\/www.xminsulation.com\/es\/wp-json\/wp\/v2\/product"}],"about":[{"href":"https:\/\/www.xminsulation.com\/es\/wp-json\/wp\/v2\/types\/product"}],"wp:featuredmedia":[{"embeddable":true,"href":"https:\/\/www.xminsulation.com\/es\/wp-json\/wp\/v2\/media\/1224"}],"wp:attachment":[{"href":"https:\/\/www.xminsulation.com\/es\/wp-json\/wp\/v2\/media?parent=1223"}],"wp:term":[{"taxonomy":"product_cat","embeddable":true,"href":"https:\/\/www.xminsulation.com\/es\/wp-json\/wp\/v2\/product_cat?post=1223"},{"taxonomy":"product_tag","embeddable":true,"href":"https:\/\/www.xminsulation.com\/es\/wp-json\/wp\/v2\/product_tag?post=1223"}],"curies":[{"name":"wp","href":"https:\/\/api.w.org\/{rel}","templated":true}]}}