{"id":1204,"date":"2024-05-07T10:27:27","date_gmt":"2024-05-07T02:27:27","guid":{"rendered":"http:\/\/www.xminsulation.com\/?post_type=product&#038;p=1204"},"modified":"2024-05-15T16:37:26","modified_gmt":"2024-05-15T08:37:26","slug":"kyn28-24kv-metal-clad-withdrawable-switchgear","status":"publish","type":"product","link":"https:\/\/www.xminsulation.com\/es\/product\/kyn28-24kv-metal-clad-withdrawable-switchgear\/","title":{"rendered":"Dispositivo de distribuci\u00f3n extra\u00edble revestido de metal KYN28-24kV"},"content":{"rendered":"<p><img fetchpriority=\"high\" decoding=\"async\" class=\"alignnone wp-image-1206 size-full\" src=\"http:\/\/www.xminsulation.com\/wp-content\/uploads\/2024\/05\/\u56fe\u724766-1.jpg\" alt=\"\" width=\"800\" height=\"800\" srcset=\"https:\/\/www.xminsulation.com\/wp-content\/uploads\/2024\/05\/\u56fe\u724766-1.jpg 800w, https:\/\/www.xminsulation.com\/wp-content\/uploads\/2024\/05\/\u56fe\u724766-1-300x300.jpg 300w, https:\/\/www.xminsulation.com\/wp-content\/uploads\/2024\/05\/\u56fe\u724766-1-150x150.jpg 150w, https:\/\/www.xminsulation.com\/wp-content\/uploads\/2024\/05\/\u56fe\u724766-1-768x768.jpg 768w, https:\/\/www.xminsulation.com\/wp-content\/uploads\/2024\/05\/\u56fe\u724766-1-600x600.jpg 600w, https:\/\/www.xminsulation.com\/wp-content\/uploads\/2024\/05\/\u56fe\u724766-1-100x100.jpg 100w\" sizes=\"(max-width: 800px) 100vw, 800px\" \/><\/p>\n<h2><strong><b>Informaci\u00f3n general<\/b><\/strong><\/h2>\n<p>La celda de CA extra\u00edble blindada con gabinete met\u00e1lico KYN28-24 es adecuada para sistemas el\u00e9ctricos interiores trif\u00e1sicos de 50\/60 Hz y tensi\u00f3n nominal de 24 kV. Se utiliza principalmente en centrales el\u00e9ctricas, subestaciones, empresas industriales y mineras, y edificios de gran altura. Recibe y distribuye energ\u00eda el\u00e9ctrica, y controla, protege y monitorea circuitos.<\/p>\n<p>El tablero de distribuci\u00f3n KYN28-24 tiene varias funciones para evitar el funcionamiento incorrecto, entre ellas, evitar que el carro de mano se mueva con carga, evitar que el interruptor de puesta a tierra cierre el disyuntor en la posici\u00f3n cerrada, evitar que el interruptor de puesta a tierra se encienda y evitar el ingreso accidental al compartimiento activo.<\/p>\n<p>El equipo de conmutaci\u00f3n est\u00e1 equipado con interruptores autom\u00e1ticos de vac\u00edo de CA de media tensi\u00f3n de las series VS1 y VN2 e interruptores de vac\u00edo sellados de excelente rendimiento. El circuito secundario del equipo est\u00e1 equipado con componentes de control y protecci\u00f3n innovadores y fiables; la barra colectora utiliza material aislante termorretr\u00e1ctil o con recubrimiento de ox\u00edgeno, la forma optimizada de los electrodos y la estructura compacta del gabinete. Este equipo de conmutaci\u00f3n es tecnol\u00f3gicamente innovador, ofrece un rendimiento estable y una estructura razonable. Es un equipo de distribuci\u00f3n de energ\u00eda f\u00e1cil de usar, seguro y fiable.<\/p>\n<p>Este producto cumple con GB 3906, IEC 62271-200 y otros requisitos est\u00e1ndar.<\/p>\n<p><img decoding=\"async\" class=\"alignnone wp-image-1207 size-full\" src=\"http:\/\/www.xminsulation.com\/wp-content\/uploads\/2024\/05\/\u56fe\u724767-1.png\" alt=\"\" width=\"1000\" height=\"556\" srcset=\"https:\/\/www.xminsulation.com\/wp-content\/uploads\/2024\/05\/\u56fe\u724767-1.png 1000w, https:\/\/www.xminsulation.com\/wp-content\/uploads\/2024\/05\/\u56fe\u724767-1-300x167.png 300w, https:\/\/www.xminsulation.com\/wp-content\/uploads\/2024\/05\/\u56fe\u724767-1-768x427.png 768w, https:\/\/www.xminsulation.com\/wp-content\/uploads\/2024\/05\/\u56fe\u724767-1-600x334.png 600w\" sizes=\"(max-width: 1000px) 100vw, 1000px\" \/><\/p>\n<h2><strong><b>Uso <\/b><\/strong><strong><b>mi<\/b><\/strong><strong><b>medio ambiente<\/b><\/strong><\/h2>\n<ol>\n<li>Temperatura ambiente: temperatura m\u00e1xima +40\u2103, temperatura m\u00ednima -15\u2103 y el valor promedio medido dentro de 24 horas no supera los 35\u2103.<\/li>\n<li>Las condiciones de humedad son las siguientes: la humedad relativa diaria promedio no supera los 951 TP3T, la presi\u00f3n de vapor de agua diaria promedio no supera los 2,2 kPa y la presi\u00f3n de vapor de agua mensual promedio no supera los 1,8 kPa. En estas condiciones, puede producirse condensaci\u00f3n ocasionalmente.<\/li>\n<li>La altitud no supera los 1000 m.<\/li>\n<li>El aire circundante no est\u00e1 significativamente contaminado por polvo, humo, gases corrosivos y\/o inflamables, vapores o niebla salina.<\/li>\n<li>Se pueden ignorar las vibraciones o el movimiento del suelo provenientes del exterior del equipo de control y de conmutaci\u00f3n.<\/li>\n<li>La amplitud de la interferencia electromagn\u00e9tica inducida en el sistema secundario no supera 1,6 KV.<\/li>\n<li>Condiciones especiales de uso: Cuando se utilice en condiciones ambientales normales que excedan las especificadas en GB\/T11022, la empresa y el usuario podr\u00e1n negociar y acordar condiciones de funcionamiento especiales que excedan las condiciones normales de funcionamiento. Para evitar la condensaci\u00f3n, la celda est\u00e1 equipada con un calefactor, que debe activarse cuando la celda est\u00e9 en modo de espera. Tambi\u00e9n debe asegurarse de activar el calefactor cuando la celda est\u00e9 funcionando con normalidad.<\/li>\n<\/ol>\n<h2><strong><b>Estructura y <\/b><\/strong><strong><b>Yo<\/b><\/strong><strong><b>trabajando <\/b><\/strong><strong><b>PAG<\/b><\/strong><strong><b>principio<\/b><\/strong><\/h2>\n<p>La celda KYN28-24 consta de dos partes: el gabinete y la parte extra\u00edble (com\u00fanmente conocida como carro de mano). El gabinete se divide en m\u00faltiples compartimentos funcionales con particiones met\u00e1licas, como la sala de barras, la sala de interruptores, la sala de cables, la sala de instrumentos de rel\u00e9s, etc. Las partes extra\u00edbles de la celda pueden equiparse con carros de mano para interruptores de vac\u00edo, transformadores de tensi\u00f3n, pararrayos, seccionadores y fusibles, entre otros.<\/p>\n<p><img decoding=\"async\" class=\"alignnone wp-image-1208 size-full\" src=\"http:\/\/www.xminsulation.com\/wp-content\/uploads\/2024\/05\/\u56fe\u724768-1.png\" alt=\"\" width=\"1002\" height=\"713\" srcset=\"https:\/\/www.xminsulation.com\/wp-content\/uploads\/2024\/05\/\u56fe\u724768-1.png 1002w, https:\/\/www.xminsulation.com\/wp-content\/uploads\/2024\/05\/\u56fe\u724768-1-300x213.png 300w, https:\/\/www.xminsulation.com\/wp-content\/uploads\/2024\/05\/\u56fe\u724768-1-768x546.png 768w, https:\/\/www.xminsulation.com\/wp-content\/uploads\/2024\/05\/\u56fe\u724768-1-600x427.png 600w\" sizes=\"(max-width: 1002px) 100vw, 1002px\" \/><\/p>\n<p>A, Sala de autobuses.<\/p>\n<p>B\u3001\u65ad\u8def\u5668\u624b\u8f66\u5ba4Sala de carritos de mano con disyuntor.<\/p>\n<p>C, Sala de cable.<\/p>\n<p>D\u3001\u7ee7\u7535\u5668\u4eea\u8868\u5ba4Sala de instrumentos de retransmisi\u00f3n.<\/p>\n<p><img loading=\"lazy\" decoding=\"async\" class=\"alignnone wp-image-1209 size-full\" src=\"http:\/\/www.xminsulation.com\/wp-content\/uploads\/2024\/05\/\u56fe\u724769.jpg\" alt=\"\" width=\"1000\" height=\"995\" srcset=\"https:\/\/www.xminsulation.com\/wp-content\/uploads\/2024\/05\/\u56fe\u724769.jpg 1000w, https:\/\/www.xminsulation.com\/wp-content\/uploads\/2024\/05\/\u56fe\u724769-300x300.jpg 300w, https:\/\/www.xminsulation.com\/wp-content\/uploads\/2024\/05\/\u56fe\u724769-150x150.jpg 150w, https:\/\/www.xminsulation.com\/wp-content\/uploads\/2024\/05\/\u56fe\u724769-768x764.jpg 768w, https:\/\/www.xminsulation.com\/wp-content\/uploads\/2024\/05\/\u56fe\u724769-600x597.jpg 600w, https:\/\/www.xminsulation.com\/wp-content\/uploads\/2024\/05\/\u56fe\u724769-100x100.jpg 100w\" sizes=\"(max-width: 1000px) 100vw, 1000px\" \/><\/p>\n<p>1\u3001\u4e8c\u6b21\u63d2\u5934Enchufe secundario.<\/p>\n<p>2\u3001\u5206\u5408\u6307\u793aIndicaci\u00f3n de apertura y cierre.<\/p>\n<p>3\u3001\u50a8\u80fd\u6307\u793aIndicaci\u00f3n de almacenamiento de energ\u00eda.<\/p>\n<p>4\u3001Contador de llamadas.<\/p>\n<p>5\u3001\u5206\u95f8\u6309\u94aeBot\u00f3n de apertura.<\/p>\n<p>6\u3001\u5408\u95f8\u6309\u94aeBot\u00f3n de cierre.<\/p>\n<p>7\u3001\u624b\u52a8\u50a8\u80fdAlmacenamiento de energ\u00eda manual.<\/p>\n<p>8\u3001\u6447\u8fdb\u673a\u6784Mecanismo de vibraci\u00f3n.<\/p>\n<p>9\u3001\u8f6c\u8fd0\u8f66\u9501\u5b54Ojo de cerradura del veh\u00edculo de transferencia.<\/p>\n<p>10\u3001\u8f6c\u8fd0\u8f66\u5b9a\u4f4dTransferir posicionamiento del veh\u00edculo.<\/p>\n<p>11\u3001\u63a5\u5730\u5f00\u5173Interruptor de puesta a tierra.<\/p>\n<p>12\u3001\u7d27\u6025\u89e3\u9501Desbloqueo de emergencia.<\/p>\n<h2><strong><b>Dibujo de dimensiones de instalaci\u00f3n<\/b><\/strong><\/h2>\n<p><img loading=\"lazy\" decoding=\"async\" class=\"alignnone wp-image-1211 size-full\" src=\"http:\/\/www.xminsulation.com\/wp-content\/uploads\/2024\/05\/\u56fe\u724770.jpg\" alt=\"\" width=\"1000\" height=\"1634\" srcset=\"https:\/\/www.xminsulation.com\/wp-content\/uploads\/2024\/05\/\u56fe\u724770.jpg 1000w, https:\/\/www.xminsulation.com\/wp-content\/uploads\/2024\/05\/\u56fe\u724770-184x300.jpg 184w, https:\/\/www.xminsulation.com\/wp-content\/uploads\/2024\/05\/\u56fe\u724770-627x1024.jpg 627w, https:\/\/www.xminsulation.com\/wp-content\/uploads\/2024\/05\/\u56fe\u724770-768x1255.jpg 768w, https:\/\/www.xminsulation.com\/wp-content\/uploads\/2024\/05\/\u56fe\u724770-940x1536.jpg 940w, https:\/\/www.xminsulation.com\/wp-content\/uploads\/2024\/05\/\u56fe\u724770-600x980.jpg 600w\" sizes=\"(max-width: 1000px) 100vw, 1000px\" \/><\/p>\n<p>&nbsp;<\/p>\n<div class=\"wxts\">\n<h2>\u25c6Personalizaci\u00f3n especial<\/h2>\n<p>Los par\u00e1metros anteriores son datos t\u00edpicos; Si los estilos existentes no satisfacen sus demandas espec\u00edficas, cont\u00e1ctenos para obtener un dise\u00f1o personalizado. Contamos con importantes habilidades de producci\u00f3n y desarrollo de personalizaci\u00f3n personalizada, lo que nos permite brindar soluciones personalizadas a clientes de todo el mundo.<\/p>\n<\/div>","protected":false},"excerpt":{"rendered":"<p>General Information KYN28-24 armored withdrawable AC metal-enclosed switchgear is suitable for indoor three-phase 50\/60HZ, rated voltage 24kV power systems. It is mainly used in power plants, substations, industrial and mining enterprises and high-rise buildings. Receive and distribute electrical energy and control, protect and monitor circuits. KYN28-24 switchgear has various functions to prevent misoperation, including preventing [&hellip;]<\/p>","protected":false},"featured_media":1205,"template":"","meta":{"site-sidebar-layout":"default","site-content-layout":"","ast-site-content-layout":"default","site-content-style":"default","site-sidebar-style":"default","ast-global-header-display":"","ast-banner-title-visibility":"","ast-main-header-display":"","ast-hfb-above-header-display":"","ast-hfb-below-header-display":"","ast-hfb-mobile-header-display":"","site-post-title":"","ast-breadcrumbs-content":"","ast-featured-img":"","footer-sml-layout":"","theme-transparent-header-meta":"default","adv-header-id-meta":"","stick-header-meta":"","header-above-stick-meta":"","header-main-stick-meta":"","header-below-stick-meta":"","astra-migrate-meta-layouts":"set","ast-page-background-enabled":"default","ast-page-background-meta":{"desktop":{"background-color":"","background-image":"","background-repeat":"repeat","background-position":"center center","background-size":"auto","background-attachment":"scroll","background-type":"","background-media":"","overlay-type":"","overlay-color":"","overlay-gradient":""},"tablet":{"background-color":"","background-image":"","background-repeat":"repeat","background-position":"center center","background-size":"auto","background-attachment":"scroll","background-type":"","background-media":"","overlay-type":"","overlay-color":"","overlay-gradient":""},"mobile":{"background-color":"","background-image":"","background-repeat":"repeat","background-position":"center center","background-size":"auto","background-attachment":"scroll","background-type":"","background-media":"","overlay-type":"","overlay-color":"","overlay-gradient":""}},"ast-content-background-meta":{"desktop":{"background-color":"var(--ast-global-color-5)","background-image":"","background-repeat":"repeat","background-position":"center center","background-size":"auto","background-attachment":"scroll","background-type":"","background-media":"","overlay-type":"","overlay-color":"","overlay-gradient":""},"tablet":{"background-color":"var(--ast-global-color-5)","background-image":"","background-repeat":"repeat","background-position":"center center","background-size":"auto","background-attachment":"scroll","background-type":"","background-media":"","overlay-type":"","overlay-color":"","overlay-gradient":""},"mobile":{"background-color":"var(--ast-global-color-5)","background-image":"","background-repeat":"repeat","background-position":"center center","background-size":"auto","background-attachment":"scroll","background-type":"","background-media":"","overlay-type":"","overlay-color":"","overlay-gradient":""}}},"product_cat":[36],"product_tag":[],"class_list":{"0":"post-1204","1":"product","2":"type-product","3":"status-publish","4":"has-post-thumbnail","6":"product_cat-metal-clad-withdrawable-switchgear","7":"desktop-align-left","8":"tablet-align-left","9":"mobile-align-left","11":"first","12":"instock","13":"shipping-taxable","14":"product-type-simple"},"_links":{"self":[{"href":"https:\/\/www.xminsulation.com\/es\/wp-json\/wp\/v2\/product\/1204","targetHints":{"allow":["GET"]}}],"collection":[{"href":"https:\/\/www.xminsulation.com\/es\/wp-json\/wp\/v2\/product"}],"about":[{"href":"https:\/\/www.xminsulation.com\/es\/wp-json\/wp\/v2\/types\/product"}],"wp:featuredmedia":[{"embeddable":true,"href":"https:\/\/www.xminsulation.com\/es\/wp-json\/wp\/v2\/media\/1205"}],"wp:attachment":[{"href":"https:\/\/www.xminsulation.com\/es\/wp-json\/wp\/v2\/media?parent=1204"}],"wp:term":[{"taxonomy":"product_cat","embeddable":true,"href":"https:\/\/www.xminsulation.com\/es\/wp-json\/wp\/v2\/product_cat?post=1204"},{"taxonomy":"product_tag","embeddable":true,"href":"https:\/\/www.xminsulation.com\/es\/wp-json\/wp\/v2\/product_tag?post=1204"}],"curies":[{"name":"wp","href":"https:\/\/api.w.org\/{rel}","templated":true}]}}