{"id":1194,"date":"2024-05-07T10:03:39","date_gmt":"2024-05-07T02:03:39","guid":{"rendered":"http:\/\/www.xminsulation.com\/?post_type=product&#038;p=1194"},"modified":"2024-05-15T16:38:00","modified_gmt":"2024-05-15T08:38:00","slug":"kyn550-12kv-metal-clad-withdrawable-switchgear","status":"publish","type":"product","link":"https:\/\/www.xminsulation.com\/es\/product\/kyn550-12kv-metal-clad-withdrawable-switchgear\/","title":{"rendered":"Aparamenta extra\u00edble revestida de metal KYN550-12kV"},"content":{"rendered":"<p><img fetchpriority=\"high\" decoding=\"async\" class=\"alignnone wp-image-1196 size-full\" src=\"http:\/\/www.xminsulation.com\/wp-content\/uploads\/2024\/05\/\u56fe\u724758-2.png\" alt=\"\" width=\"1000\" height=\"1000\" srcset=\"https:\/\/www.xminsulation.com\/wp-content\/uploads\/2024\/05\/\u56fe\u724758-2.png 1000w, https:\/\/www.xminsulation.com\/wp-content\/uploads\/2024\/05\/\u56fe\u724758-2-300x300.png 300w, https:\/\/www.xminsulation.com\/wp-content\/uploads\/2024\/05\/\u56fe\u724758-2-150x150.png 150w, https:\/\/www.xminsulation.com\/wp-content\/uploads\/2024\/05\/\u56fe\u724758-2-768x768.png 768w, https:\/\/www.xminsulation.com\/wp-content\/uploads\/2024\/05\/\u56fe\u724758-2-600x600.png 600w, https:\/\/www.xminsulation.com\/wp-content\/uploads\/2024\/05\/\u56fe\u724758-2-100x100.png 100w\" sizes=\"(max-width: 1000px) 100vw, 1000px\" \/><\/p>\n<h2><strong><b>Principal <\/b><\/strong><strong><b>h<\/b><\/strong><strong><b>focos<\/b><\/strong><\/h2>\n<ol>\n<li>La barra colectora principal circular tiene muchas ventajas, como alta resistencia mec\u00e1nica, distribuci\u00f3n uniforme del campo el\u00e9ctrico y una resistencia tan baja como 15-20u\u03a9.<\/li>\n<li>El disyuntor de vac\u00edo modular es un dise\u00f1o tipo F integrado con un excelente rendimiento de aislamiento, pocas piezas, una vida \u00fatil mec\u00e1nica de 30.000 veces y un rendimiento excelente.<\/li>\n<li>El dise\u00f1o integrado en forma de U del transformador de corriente modular extra\u00edble tiene una gran distancia de fuga y la tensi\u00f3n soportada a frecuencia industrial puede alcanzar los 4,5 kV (a tierra).<\/li>\n<li>El interruptor de puesta a tierra modular extra\u00edble tiene una estructura simple, una operaci\u00f3n que ahorra mano de obra y una instalaci\u00f3n conveniente.<\/li>\n<li>Gesti\u00f3n del ciclo de vida completo Gesti\u00f3n del ciclo de vida completo, los materiales del producto se pueden reciclar, son ecol\u00f3gicos y tienen bajas emisiones de carbono.<\/li>\n<\/ol>\n<p><img decoding=\"async\" class=\"alignnone wp-image-1197 size-full\" src=\"http:\/\/www.xminsulation.com\/wp-content\/uploads\/2024\/05\/\u56fe\u724759.jpg\" alt=\"\" width=\"1000\" height=\"533\" srcset=\"https:\/\/www.xminsulation.com\/wp-content\/uploads\/2024\/05\/\u56fe\u724759.jpg 1000w, https:\/\/www.xminsulation.com\/wp-content\/uploads\/2024\/05\/\u56fe\u724759-300x160.jpg 300w, https:\/\/www.xminsulation.com\/wp-content\/uploads\/2024\/05\/\u56fe\u724759-768x409.jpg 768w, https:\/\/www.xminsulation.com\/wp-content\/uploads\/2024\/05\/\u56fe\u724759-600x320.jpg 600w\" sizes=\"(max-width: 1000px) 100vw, 1000px\" \/><\/p>\n<h2><strong><b>Principios de dise\u00f1o<\/b><\/strong><\/h2>\n<p>&nbsp;<\/p>\n<h2><strong><b>Humanizado <\/b><\/strong><strong><b>D<\/b><\/strong><strong><b>dise\u00f1o electr\u00f3nico<\/b><\/strong><\/h2>\n<ol>\n<li>La cerradura de puerta de apertura giratoria permite una f\u00e1cil apertura de la puerta y un bloqueo fuerte.<\/li>\n<li>El dise\u00f1o de la cerradura de la puerta con manija es m\u00e1s conveniente, m\u00e1s hermoso y m\u00e1s seguro.<\/li>\n<li>Todos los componentes del panel est\u00e1n dispuestos de acuerdo con principios ergon\u00f3micos y todas las instrucciones de funcionamiento tienen indicaciones humanizadas.<\/li>\n<li>El gabinete de distribuci\u00f3n adopta el principio de ventilaci\u00f3n natural, y el tama\u00f1o y la altura de las rejillas de ventilaci\u00f3n de entrada y salida est\u00e1n cuidadosamente dise\u00f1ados para garantizar que el aumento de temperatura dentro del gabinete de distribuci\u00f3n est\u00e9 dentro de un rango controlable.<\/li>\n<li>Abra la puerta trasera del armario de distribuci\u00f3n y se podr\u00e1n instalar los cables.<\/li>\n<li>Se pueden utilizar cabezales de cable convencionales, adecuados para conectar m\u00faltiples cables de diversas especificaciones comunes.<\/li>\n<li>El panel configura la simulaci\u00f3n din\u00e1mica del circuito principal y visualiza el estado de posici\u00f3n de varios componentes.<\/li>\n<li>La instalaci\u00f3n y el montaje del gabinete en obra son sencillos y no requieren herramientas especiales. El sistema es expandible por ambos lados y tambi\u00e9n se puede ampliar y empalmar con la serie de gabinetes KYN28.<\/li>\n<li>Gesti\u00f3n del ciclo de vida completo, cero emisiones, sin contaminaci\u00f3n, ecol\u00f3gico y respetuoso con el medio ambiente, con una vida \u00fatil de hasta 25 a\u00f1os.<\/li>\n<\/ol>\n<h2><strong><b>Inteligente <\/b><\/strong><strong><b>D<\/b><\/strong><strong><b>dise\u00f1o electr\u00f3nico<\/b><\/strong><\/h2>\n<p>El control inteligente del tablero de distribuci\u00f3n blindado con carcasa met\u00e1lica KYN550-12 puede realizar la detecci\u00f3n en l\u00ednea y el diagn\u00f3stico de fallas de sus equipos, incluidos disyuntores y contactos.<\/p>\n<p>Tambi\u00e9n puede generar alarmas de falla y encender y apagar autom\u00e1ticamente equipos auxiliares como ventiladores y calentadores. Adem\u00e1s, cuenta con comunicaci\u00f3n remota por microordenador, que permite abrir y cerrar a distancia interruptores de alta tensi\u00f3n, alternar entre la posici\u00f3n de trabajo y la de prueba, y abrir y cerrar interruptores de puesta a tierra, entre otras funciones. Cuenta con control t\u00e1ctil inteligente, visualizaci\u00f3n de datos en l\u00ednea en tiempo real y alertas de riesgo.<\/p>\n<p><img decoding=\"async\" class=\"alignnone wp-image-1198 size-full\" src=\"http:\/\/www.xminsulation.com\/wp-content\/uploads\/2024\/05\/\u56fe\u724760.jpg\" alt=\"\" width=\"1000\" height=\"1000\" srcset=\"https:\/\/www.xminsulation.com\/wp-content\/uploads\/2024\/05\/\u56fe\u724760.jpg 1000w, https:\/\/www.xminsulation.com\/wp-content\/uploads\/2024\/05\/\u56fe\u724760-300x300.jpg 300w, https:\/\/www.xminsulation.com\/wp-content\/uploads\/2024\/05\/\u56fe\u724760-150x150.jpg 150w, https:\/\/www.xminsulation.com\/wp-content\/uploads\/2024\/05\/\u56fe\u724760-768x768.jpg 768w, https:\/\/www.xminsulation.com\/wp-content\/uploads\/2024\/05\/\u56fe\u724760-600x600.jpg 600w, https:\/\/www.xminsulation.com\/wp-content\/uploads\/2024\/05\/\u56fe\u724760-100x100.jpg 100w\" sizes=\"(max-width: 1000px) 100vw, 1000px\" \/><\/p>\n<h2><strong><b>Seguridad <\/b><\/strong><strong><b>PAG<\/b><\/strong><strong><b>rendimiento <\/b><\/strong><strong><b>D<\/b><\/strong><strong><b>dise\u00f1o electr\u00f3nico<\/b><\/strong><\/h2>\n<ol>\n<li>La armadura de metal y la estructura completamente cerrada pueden evitar la entrada de suciedad y animales peque\u00f1os.<\/li>\n<li>El gabinete adopta tecnolog\u00eda de remachado de alta resistencia, y las piezas est\u00e1ndar de alta resistencia utilizadas en la instalaci\u00f3n de cada componente son todas cabezas semicirculares de 10,9 niveles para evitar la descarga de la punta.<\/li>\n<li>Adopta una estructura de aislamiento compuesto, que ofrece mayor resistencia al calor, al aislamiento y a la corrosi\u00f3n. El suministro de energ\u00eda continuo es confiable y garantiza el funcionamiento del equipo.<\/li>\n<li>Operaci\u00f3n de cierre obligatorio para garantizar la seguridad personal de los operadores.<\/li>\n<li>El dispositivo de enclavamiento confiable y completo previene eficazmente el funcionamiento incorrecto.<\/li>\n<li>El interruptor de puesta a tierra de cierre r\u00e1pido se utiliza para la conexi\u00f3n a tierra en el lado del cable para facilitar el mantenimiento y la inspecci\u00f3n.<\/li>\n<li>Tama\u00f1o compacto y peso ligero. Peso aproximado del gabinete: KYN28\/458 kg &gt; KYN550\/420 kg; peso del disyuntor: KYN28\/135 kg &gt; KYN550\/95 kg.<\/li>\n<li>La distancia de fuga es mayor y la seguridad es mejor. Distancia de fuga: KYN28\/180 mm<\/li>\n<li>Larga vida \u00fatil y mejor rendimiento. Resistencia del circuito de todo el gabinete: KYN28\/\u2264150u\u03a9 &gt; KYN550\/\u226495u\u03a9. Vida \u00fatil del equipo: KYN28\/20 a\u00f1os.<\/li>\n<li>Ampliamente aplicable en entornos de baja temperatura: KYN28\/-15 \u00b0C<\/li>\n<\/ol>\n<p><img loading=\"lazy\" decoding=\"async\" class=\"alignnone wp-image-1199 size-full\" src=\"http:\/\/www.xminsulation.com\/wp-content\/uploads\/2024\/05\/\u56fe\u724761.jpg\" alt=\"\" width=\"1000\" height=\"1000\" srcset=\"https:\/\/www.xminsulation.com\/wp-content\/uploads\/2024\/05\/\u56fe\u724761.jpg 1000w, https:\/\/www.xminsulation.com\/wp-content\/uploads\/2024\/05\/\u56fe\u724761-300x300.jpg 300w, https:\/\/www.xminsulation.com\/wp-content\/uploads\/2024\/05\/\u56fe\u724761-150x150.jpg 150w, https:\/\/www.xminsulation.com\/wp-content\/uploads\/2024\/05\/\u56fe\u724761-768x768.jpg 768w, https:\/\/www.xminsulation.com\/wp-content\/uploads\/2024\/05\/\u56fe\u724761-600x600.jpg 600w, https:\/\/www.xminsulation.com\/wp-content\/uploads\/2024\/05\/\u56fe\u724761-100x100.jpg 100w\" sizes=\"(max-width: 1000px) 100vw, 1000px\" \/> <img loading=\"lazy\" decoding=\"async\" class=\"alignnone wp-image-1200 size-full\" src=\"http:\/\/www.xminsulation.com\/wp-content\/uploads\/2024\/05\/\u56fe\u724762.png\" alt=\"\" width=\"1000\" height=\"545\" srcset=\"https:\/\/www.xminsulation.com\/wp-content\/uploads\/2024\/05\/\u56fe\u724762.png 1000w, https:\/\/www.xminsulation.com\/wp-content\/uploads\/2024\/05\/\u56fe\u724762-300x164.png 300w, https:\/\/www.xminsulation.com\/wp-content\/uploads\/2024\/05\/\u56fe\u724762-768x419.png 768w, https:\/\/www.xminsulation.com\/wp-content\/uploads\/2024\/05\/\u56fe\u724762-600x327.png 600w\" sizes=\"(max-width: 1000px) 100vw, 1000px\" \/><\/p>\n<h2><strong><b>Usar <\/b><\/strong><strong><b>C<\/b><\/strong><strong><b>condicional <\/b><\/strong><strong><b>mi<\/b><\/strong><strong><b>medio ambiente<\/b><\/strong><\/h2>\n<ol>\n<li>Temperatura del aire: temperatura m\u00ednima -15\u2103, temperatura m\u00e1xima +40\u2103, temperatura promedio de 24 horas +35\u2103.<\/li>\n<li>Altitud: 2000m.<\/li>\n<li>Humedad (humedad relativa), promedio diario \u226495%, promedio mensual \u226490%.<\/li>\n<\/ol>\n<h2><strong><b>Instalaci\u00f3n y <\/b><\/strong><strong><b>C<\/b><\/strong><strong><b>omisi\u00f3n<\/b><\/strong><\/h2>\n<p>La cimentaci\u00f3n de los armarios de distribuci\u00f3n debe cumplir con las disposiciones pertinentes de las &quot;Especificaciones T\u00e9cnicas para la Construcci\u00f3n y Aceptaci\u00f3n de Instalaciones El\u00e9ctricas&quot;. Generalmente, la cimentaci\u00f3n requiere un segundo vertido de hormig\u00f3n. El primero se utiliza para la instalaci\u00f3n de los componentes del armario, como \u00e1ngulos, escuadras o canales de acero. Al verter el hormig\u00f3n por segunda vez, la capa suplementaria sobre el terreno suele tener un espesor de 60 mm. Al verter la capa suplementaria de hormig\u00f3n, la altura del hormig\u00f3n debe ser de 1 a 3 mm inferior a la del plano del componente. Durante la construcci\u00f3n civil, al elevar la cimentaci\u00f3n del armario de distribuci\u00f3n, se debe considerar la altura del canal de acero, con un peque\u00f1o margen, y se deben preincrustar placas de acero en el armario a intervalos de 1 a 1,5 metros a lo largo del marco.<\/p>\n<p>Al instalar la estructura b\u00e1sica, se debe garantizar la calidad de la instalaci\u00f3n. La norma t\u00e9cnica para la instalaci\u00f3n de la estructura establece una tolerancia de 1 mm por metro cuadrado. El marco b\u00e1sico est\u00e1 compuesto por acero de canal soldado y acero angular. Los requisitos de tama\u00f1o del marco y la disposici\u00f3n de los canales de cables se muestran en el plano adjunto. La distancia de extensi\u00f3n del acero de canal del marco b\u00e1sico debe ser coherente con el tama\u00f1o del marco del cuerpo del armario de distribuci\u00f3n. Cuando los armarios se disponen en una sola fila, el pasillo frontal es preferiblemente de 2,5 metros; cuando se disponen en dos filas, el pasillo de operaci\u00f3n entre ellos es preferiblemente de 3 metros.<\/p>\n<p>Durante el transporte de armarios de distribuci\u00f3n, se deben utilizar medios de transporte espec\u00edficos, como gr\u00faas o carretillas elevadoras. Est\u00e1 estrictamente prohibido utilizar palancas con rodillos, as\u00ed como empujar el carro portadisyuntores dentro del armario y transportarlo junto con el resto de los componentes. El carro portadisyuntores (y otros carros) solo se puede introducir en la habitaci\u00f3n correspondiente despu\u00e9s de instalar el armario.<\/p>\n<p><img loading=\"lazy\" decoding=\"async\" class=\"alignnone wp-image-1201 size-full\" src=\"http:\/\/www.xminsulation.com\/wp-content\/uploads\/2024\/05\/\u56fe\u724763-1.png\" alt=\"\" width=\"640\" height=\"825\" srcset=\"https:\/\/www.xminsulation.com\/wp-content\/uploads\/2024\/05\/\u56fe\u724763-1.png 640w, https:\/\/www.xminsulation.com\/wp-content\/uploads\/2024\/05\/\u56fe\u724763-1-233x300.png 233w, https:\/\/www.xminsulation.com\/wp-content\/uploads\/2024\/05\/\u56fe\u724763-1-600x773.png 600w\" sizes=\"(max-width: 640px) 100vw, 640px\" \/><\/p>\n<h2><strong><b>Dibujo de cimientos de construcci\u00f3n<\/b><\/strong><\/h2>\n<p><img loading=\"lazy\" decoding=\"async\" class=\"alignnone wp-image-1202 size-full\" src=\"http:\/\/www.xminsulation.com\/wp-content\/uploads\/2024\/05\/\u56fe\u724764-1.png\" alt=\"\" width=\"1000\" height=\"833\" srcset=\"https:\/\/www.xminsulation.com\/wp-content\/uploads\/2024\/05\/\u56fe\u724764-1.png 1000w, https:\/\/www.xminsulation.com\/wp-content\/uploads\/2024\/05\/\u56fe\u724764-1-300x250.png 300w, https:\/\/www.xminsulation.com\/wp-content\/uploads\/2024\/05\/\u56fe\u724764-1-768x640.png 768w, https:\/\/www.xminsulation.com\/wp-content\/uploads\/2024\/05\/\u56fe\u724764-1-600x500.png 600w\" sizes=\"(max-width: 1000px) 100vw, 1000px\" \/> <img loading=\"lazy\" decoding=\"async\" class=\"alignnone wp-image-1203 size-full\" src=\"http:\/\/www.xminsulation.com\/wp-content\/uploads\/2024\/05\/\u56fe\u724765-1.png\" alt=\"\" width=\"1000\" height=\"550\" srcset=\"https:\/\/www.xminsulation.com\/wp-content\/uploads\/2024\/05\/\u56fe\u724765-1.png 1000w, https:\/\/www.xminsulation.com\/wp-content\/uploads\/2024\/05\/\u56fe\u724765-1-300x165.png 300w, https:\/\/www.xminsulation.com\/wp-content\/uploads\/2024\/05\/\u56fe\u724765-1-768x422.png 768w, https:\/\/www.xminsulation.com\/wp-content\/uploads\/2024\/05\/\u56fe\u724765-1-600x330.png 600w\" sizes=\"(max-width: 1000px) 100vw, 1000px\" \/><\/p>\n<p>&nbsp;<\/p>\n<p>&nbsp;<\/p>\n<div class=\"wxts\">\n<h2>\u25c6Personalizaci\u00f3n especial<\/h2>\n<p>Los par\u00e1metros anteriores son datos t\u00edpicos; Si los estilos existentes no satisfacen sus demandas espec\u00edficas, cont\u00e1ctenos para obtener un dise\u00f1o personalizado. Contamos con importantes habilidades de producci\u00f3n y desarrollo de personalizaci\u00f3n personalizada, lo que nos permite brindar soluciones personalizadas a clientes de todo el mundo.<\/p>\n<\/div>\n<p>&nbsp;<\/p>","protected":false},"excerpt":{"rendered":"<p>Main Highlights The circular main busbar has many advantages such as high mechanical strength, uniform electric field distribution, and resistance as low as 15-20u\u03a9. The modular vacuum circuit breaker is an integrated F-type design with excellent insulation performance, few parts, a mechanical life of 30,000 times, and excellent performance. The U-shaped integrated design of the [&hellip;]<\/p>","protected":false},"featured_media":1195,"template":"","meta":{"site-sidebar-layout":"default","site-content-layout":"","ast-site-content-layout":"default","site-content-style":"default","site-sidebar-style":"default","ast-global-header-display":"","ast-banner-title-visibility":"","ast-main-header-display":"","ast-hfb-above-header-display":"","ast-hfb-below-header-display":"","ast-hfb-mobile-header-display":"","site-post-title":"","ast-breadcrumbs-content":"","ast-featured-img":"","footer-sml-layout":"","theme-transparent-header-meta":"default","adv-header-id-meta":"","stick-header-meta":"","header-above-stick-meta":"","header-main-stick-meta":"","header-below-stick-meta":"","astra-migrate-meta-layouts":"set","ast-page-background-enabled":"default","ast-page-background-meta":{"desktop":{"background-color":"","background-image":"","background-repeat":"repeat","background-position":"center center","background-size":"auto","background-attachment":"scroll","background-type":"","background-media":"","overlay-type":"","overlay-color":"","overlay-gradient":""},"tablet":{"background-color":"","background-image":"","background-repeat":"repeat","background-position":"center center","background-size":"auto","background-attachment":"scroll","background-type":"","background-media":"","overlay-type":"","overlay-color":"","overlay-gradient":""},"mobile":{"background-color":"","background-image":"","background-repeat":"repeat","background-position":"center center","background-size":"auto","background-attachment":"scroll","background-type":"","background-media":"","overlay-type":"","overlay-color":"","overlay-gradient":""}},"ast-content-background-meta":{"desktop":{"background-color":"var(--ast-global-color-5)","background-image":"","background-repeat":"repeat","background-position":"center center","background-size":"auto","background-attachment":"scroll","background-type":"","background-media":"","overlay-type":"","overlay-color":"","overlay-gradient":""},"tablet":{"background-color":"var(--ast-global-color-5)","background-image":"","background-repeat":"repeat","background-position":"center center","background-size":"auto","background-attachment":"scroll","background-type":"","background-media":"","overlay-type":"","overlay-color":"","overlay-gradient":""},"mobile":{"background-color":"var(--ast-global-color-5)","background-image":"","background-repeat":"repeat","background-position":"center center","background-size":"auto","background-attachment":"scroll","background-type":"","background-media":"","overlay-type":"","overlay-color":"","overlay-gradient":""}}},"product_cat":[36],"product_tag":[],"class_list":{"0":"post-1194","1":"product","2":"type-product","3":"status-publish","4":"has-post-thumbnail","6":"product_cat-metal-clad-withdrawable-switchgear","7":"desktop-align-left","8":"tablet-align-left","9":"mobile-align-left","11":"first","12":"instock","13":"shipping-taxable","14":"product-type-simple"},"_links":{"self":[{"href":"https:\/\/www.xminsulation.com\/es\/wp-json\/wp\/v2\/product\/1194","targetHints":{"allow":["GET"]}}],"collection":[{"href":"https:\/\/www.xminsulation.com\/es\/wp-json\/wp\/v2\/product"}],"about":[{"href":"https:\/\/www.xminsulation.com\/es\/wp-json\/wp\/v2\/types\/product"}],"wp:featuredmedia":[{"embeddable":true,"href":"https:\/\/www.xminsulation.com\/es\/wp-json\/wp\/v2\/media\/1195"}],"wp:attachment":[{"href":"https:\/\/www.xminsulation.com\/es\/wp-json\/wp\/v2\/media?parent=1194"}],"wp:term":[{"taxonomy":"product_cat","embeddable":true,"href":"https:\/\/www.xminsulation.com\/es\/wp-json\/wp\/v2\/product_cat?post=1194"},{"taxonomy":"product_tag","embeddable":true,"href":"https:\/\/www.xminsulation.com\/es\/wp-json\/wp\/v2\/product_tag?post=1194"}],"curies":[{"name":"wp","href":"https:\/\/api.w.org\/{rel}","templated":true}]}}