{"id":1173,"date":"2024-05-07T09:47:31","date_gmt":"2024-05-07T01:47:31","guid":{"rendered":"http:\/\/www.xminsulation.com\/?post_type=product&#038;p=1173"},"modified":"2024-05-15T16:39:47","modified_gmt":"2024-05-15T08:39:47","slug":"zw32-12kv-intelligent-outdoor-pole-mounted-vacuum-circuit-breaker","status":"publish","type":"product","link":"https:\/\/www.xminsulation.com\/es\/product\/zw32-12kv-intelligent-outdoor-pole-mounted-vacuum-circuit-breaker\/","title":{"rendered":"Disyuntor de vac\u00edo montado en poste para exteriores inteligente ZW32-12kV"},"content":{"rendered":"<p><img fetchpriority=\"high\" decoding=\"async\" class=\"alignnone wp-image-1174 size-full\" src=\"http:\/\/www.xminsulation.com\/wp-content\/uploads\/2024\/05\/\u56fe\u724741.jpg\" alt=\"\" width=\"922\" height=\"922\" srcset=\"https:\/\/www.xminsulation.com\/wp-content\/uploads\/2024\/05\/\u56fe\u724741.jpg 922w, https:\/\/www.xminsulation.com\/wp-content\/uploads\/2024\/05\/\u56fe\u724741-300x300.jpg 300w, https:\/\/www.xminsulation.com\/wp-content\/uploads\/2024\/05\/\u56fe\u724741-150x150.jpg 150w, https:\/\/www.xminsulation.com\/wp-content\/uploads\/2024\/05\/\u56fe\u724741-768x768.jpg 768w, https:\/\/www.xminsulation.com\/wp-content\/uploads\/2024\/05\/\u56fe\u724741-600x600.jpg 600w, https:\/\/www.xminsulation.com\/wp-content\/uploads\/2024\/05\/\u56fe\u724741-100x100.jpg 100w\" sizes=\"(max-width: 922px) 100vw, 922px\" \/> <img decoding=\"async\" class=\"alignnone wp-image-1175 size-full\" src=\"http:\/\/www.xminsulation.com\/wp-content\/uploads\/2024\/05\/\u56fe\u724742-1.png\" alt=\"\" width=\"1067\" height=\"759\" srcset=\"https:\/\/www.xminsulation.com\/wp-content\/uploads\/2024\/05\/\u56fe\u724742-1.png 1067w, https:\/\/www.xminsulation.com\/wp-content\/uploads\/2024\/05\/\u56fe\u724742-1-300x213.png 300w, https:\/\/www.xminsulation.com\/wp-content\/uploads\/2024\/05\/\u56fe\u724742-1-1024x728.png 1024w, https:\/\/www.xminsulation.com\/wp-content\/uploads\/2024\/05\/\u56fe\u724742-1-768x546.png 768w, https:\/\/www.xminsulation.com\/wp-content\/uploads\/2024\/05\/\u56fe\u724742-1-600x427.png 600w\" sizes=\"(max-width: 1067px) 100vw, 1067px\" \/> <img decoding=\"async\" class=\"alignnone wp-image-1176 size-full\" src=\"http:\/\/www.xminsulation.com\/wp-content\/uploads\/2024\/05\/\u56fe\u724743-1.png\" alt=\"\" width=\"858\" height=\"614\" srcset=\"https:\/\/www.xminsulation.com\/wp-content\/uploads\/2024\/05\/\u56fe\u724743-1.png 858w, https:\/\/www.xminsulation.com\/wp-content\/uploads\/2024\/05\/\u56fe\u724743-1-300x215.png 300w, https:\/\/www.xminsulation.com\/wp-content\/uploads\/2024\/05\/\u56fe\u724743-1-768x550.png 768w, https:\/\/www.xminsulation.com\/wp-content\/uploads\/2024\/05\/\u56fe\u724743-1-600x429.png 600w\" sizes=\"(max-width: 858px) 100vw, 858px\" \/><\/p>\n<h2><strong><b>Descripci\u00f3n del Producto<\/b><\/strong><\/h2>\n<p>Interruptor de vac\u00edo para exteriores ZW32-12kV con aislamiento de fusi\u00f3n primaria y secundaria, voltaje nominal 12kV, equipo de conmutaci\u00f3n primaria para exteriores de CA trif\u00e1sica 50Hz\/60Hz, utilizado principalmente para interrumpir y cerrar corrientes de carga, corrientes de sobrecarga y corrientes de cortocircuito. Es adecuado para la protecci\u00f3n y el control en sistemas de distribuci\u00f3n de energ\u00eda de subestaciones y empresas industriales y mineras, y es m\u00e1s adecuado para redes el\u00e9ctricas rurales y lugares con operaciones frecuentes.<\/p>\n<p>Este producto se combina con el controlador para cumplir con los requisitos del sistema de automatizaci\u00f3n de distribuci\u00f3n y puede completar de manera confiable y efectiva la funci\u00f3n de reconectador tradicional.<\/p>\n<h2><strong><b>Estructura del producto<\/b><\/strong><\/h2>\n<ol>\n<li>Adopte una estructura de columna separada trif\u00e1sica e instale el circuito primario trif\u00e1sico en el manguito aislante de cada fase. Cuando se produce una falla monof\u00e1sica, no provocar\u00e1 un cortocircuito trif\u00e1sico.<\/li>\n<li>Utilizando una nueva c\u00e1mara de extinci\u00f3n de arco de vac\u00edo miniaturizada, carcasa de cer\u00e1mica, contactos de cobre-cromo y m\u00e9todo de extinci\u00f3n de arco de campo magn\u00e9tico longitudinal, el rendimiento de ruptura es estable y confiable, los contactos tienen poco desgaste y no hay peligro de quemaduras o explosi\u00f3n.<\/li>\n<li>La c\u00e1mara de extinci\u00f3n de arco de vac\u00edo est\u00e1 instalada en una funda aislante, y se utiliza una funda de caucho de silicona para sellar toda la c\u00e1mara de extinci\u00f3n de arco de vac\u00edo en la funda aislante, lo que elimina fallas por cortocircuito causadas por condensaci\u00f3n y no requiere mantenimiento durante 20 a\u00f1os.<\/li>\n<li>El cilindro de aislamiento est\u00e1 hecho de material de resina epoxi para exteriores o de caucho de silicona. Tiene buena hidrofobicidad y capacidad anticontaminaci\u00f3n y se puede utilizar en entornos exteriores hostiles.<\/li>\n<li>Se puede utilizar un mecanismo de funcionamiento con im\u00e1n permanente o con resorte. El mecanismo de im\u00e1n permanente es de tama\u00f1o peque\u00f1o, tiene un rendimiento confiable y una vida \u00fatil mec\u00e1nica de m\u00e1s de 10 000 veces.<\/li>\n<li>Adopta una estructura completamente sellada y el mecanismo de operaci\u00f3n est\u00e1 instalado en la caja. Tiene un buen rendimiento de sellado y mejora el rendimiento a prueba de humedad y a prueba de \u00f3xido. No hay aceite de transformador ni gas hexafluoruro de azufre en la caja, lo que cumple con los requisitos de transformaci\u00f3n sin aceite y protecci\u00f3n ambiental.<\/li>\n<li>La superficie de la caja adopta un proceso avanzado de recubrimiento Dacromet o material de acero inoxidable, que tiene una excelente resistencia a la corrosi\u00f3n.<\/li>\n<li>Instale un transformador de corriente de protecci\u00f3n externo y un controlador compuesto con funci\u00f3n anti-irrupci\u00f3n en la fase A y la fase C del disyuntor respectivamente. Cuando se produce una corriente de irrupci\u00f3n en la l\u00ednea, el disyuntor se retrasa durante un per\u00edodo de tiempo para evitar la corriente de irrupci\u00f3n y prevenir el mal funcionamiento del disyuntor; cuando se produce una falla en la l\u00ednea, el disyuntor se puede abrir r\u00e1pidamente. La relaci\u00f3n del transformador se configura de acuerdo con los requisitos del usuario.<\/li>\n<li>Se instala un interruptor de aislamiento en el costado del disyuntor para formar un dispositivo combinado de disyuntor de vac\u00edo de alto voltaje para exteriores y interruptor de aislamiento, que agrega una fractura de aislamiento visible y tiene una funci\u00f3n de enclavamiento mec\u00e1nico confiable para evitar un mal funcionamiento.<\/li>\n<li>El interruptor de aislamiento adopta el modo de operaci\u00f3n manual y tiene las siguientes funciones de prevenci\u00f3n de mal funcionamiento: primero, cuando el disyuntor est\u00e1 en la posici\u00f3n de cierre, el interruptor de aislamiento no puede abrirse; segundo, cuando el disyuntor est\u00e1 en la posici\u00f3n abierta, el interruptor de aislamiento puede abrir y cerrar el freno.<\/li>\n<li>El disyuntor puede estar equipado con un PT externo o un PT electr\u00f3nico para proporcionar energ\u00eda de funcionamiento al disyuntor.<\/li>\n<li>El disyuntor puede equiparse con un controlador de reconexi\u00f3n y un controlador de seccionalizador para formar un reconectador autom\u00e1tico y un seccionalizador autom\u00e1tico. Es un equipo ideal para realizar la automatizaci\u00f3n de la red de distribuci\u00f3n.<\/li>\n<\/ol>\n<p><img loading=\"lazy\" decoding=\"async\" class=\"alignnone wp-image-1178 size-full\" src=\"http:\/\/www.xminsulation.com\/wp-content\/uploads\/2024\/05\/\u56fe\u724744-1.png\" alt=\"\" width=\"1190\" height=\"940\" srcset=\"https:\/\/www.xminsulation.com\/wp-content\/uploads\/2024\/05\/\u56fe\u724744-1.png 1190w, https:\/\/www.xminsulation.com\/wp-content\/uploads\/2024\/05\/\u56fe\u724744-1-300x237.png 300w, https:\/\/www.xminsulation.com\/wp-content\/uploads\/2024\/05\/\u56fe\u724744-1-1024x809.png 1024w, https:\/\/www.xminsulation.com\/wp-content\/uploads\/2024\/05\/\u56fe\u724744-1-768x607.png 768w, https:\/\/www.xminsulation.com\/wp-content\/uploads\/2024\/05\/\u56fe\u724744-1-600x474.png 600w\" sizes=\"(max-width: 1190px) 100vw, 1190px\" \/><\/p>\n<h2><strong><b>Diagrama de estructura interna del disyuntor ZW32-12kV<\/b><\/strong><\/h2>\n<p>1 \u6c38\u78c1\u673a\u6784Mecanismo de im\u00e1n permanente.<\/p>\n<p>2\u624b\u52a8\u5206\u95f8\u8f6c\u8f6eRueda de apertura manual.<\/p>\n<p>3 pulgadas de largo. Barra plana de accionamiento.<\/p>\n<p>4\u8f85\u52a9\u5f00\u5173Interruptor auxiliar.<\/p>\n<p>Resorte de apertura de 5 piezas.<\/p>\n<p>Concha de 6 mm.<\/p>\n<p>Varilla de aislamiento de 7 mm.<\/p>\n<p>8\u4e0b\u7edd\u7f18\u7b52Barril de aislamiento inferior.<\/p>\n<p>9\u8f6f\u8fde\u63a5Conexi\u00f3n flexible.<\/p>\n<p>10\u4e0a\u7edd\u7f18\u7b52Barril de aislamiento superior.<\/p>\n<p>11\u771f\u7a7a\u706d\u5f27\u5ba4Interruptor de vac\u00edo.<\/p>\n<p><img loading=\"lazy\" decoding=\"async\" class=\"alignnone wp-image-1179 size-full\" src=\"http:\/\/www.xminsulation.com\/wp-content\/uploads\/2024\/05\/\u56fe\u724745-1.png\" alt=\"\" width=\"1000\" height=\"1122\" srcset=\"https:\/\/www.xminsulation.com\/wp-content\/uploads\/2024\/05\/\u56fe\u724745-1.png 1000w, https:\/\/www.xminsulation.com\/wp-content\/uploads\/2024\/05\/\u56fe\u724745-1-267x300.png 267w, https:\/\/www.xminsulation.com\/wp-content\/uploads\/2024\/05\/\u56fe\u724745-1-913x1024.png 913w, https:\/\/www.xminsulation.com\/wp-content\/uploads\/2024\/05\/\u56fe\u724745-1-768x862.png 768w, https:\/\/www.xminsulation.com\/wp-content\/uploads\/2024\/05\/\u56fe\u724745-1-600x673.png 600w\" sizes=\"(max-width: 1000px) 100vw, 1000px\" \/> <img loading=\"lazy\" decoding=\"async\" class=\"alignnone wp-image-1180 size-full\" src=\"http:\/\/www.xminsulation.com\/wp-content\/uploads\/2024\/05\/\u56fe\u724746-1.png\" alt=\"\" width=\"1000\" height=\"1013\" srcset=\"https:\/\/www.xminsulation.com\/wp-content\/uploads\/2024\/05\/\u56fe\u724746-1.png 1000w, https:\/\/www.xminsulation.com\/wp-content\/uploads\/2024\/05\/\u56fe\u724746-1-296x300.png 296w, https:\/\/www.xminsulation.com\/wp-content\/uploads\/2024\/05\/\u56fe\u724746-1-768x778.png 768w, https:\/\/www.xminsulation.com\/wp-content\/uploads\/2024\/05\/\u56fe\u724746-1-600x608.png 600w, https:\/\/www.xminsulation.com\/wp-content\/uploads\/2024\/05\/\u56fe\u724746-1-100x100.png 100w\" sizes=\"(max-width: 1000px) 100vw, 1000px\" \/> <img loading=\"lazy\" decoding=\"async\" class=\"alignnone wp-image-1181 size-full\" src=\"http:\/\/www.xminsulation.com\/wp-content\/uploads\/2024\/05\/\u56fe\u724747-1.png\" alt=\"\" width=\"1000\" height=\"541\" srcset=\"https:\/\/www.xminsulation.com\/wp-content\/uploads\/2024\/05\/\u56fe\u724747-1.png 1000w, https:\/\/www.xminsulation.com\/wp-content\/uploads\/2024\/05\/\u56fe\u724747-1-300x162.png 300w, https:\/\/www.xminsulation.com\/wp-content\/uploads\/2024\/05\/\u56fe\u724747-1-768x415.png 768w, https:\/\/www.xminsulation.com\/wp-content\/uploads\/2024\/05\/\u56fe\u724747-1-600x325.png 600w\" sizes=\"(max-width: 1000px) 100vw, 1000px\" \/><\/p>\n<h2><strong><b>Uso <\/b><\/strong><strong><b>mi<\/b><\/strong><strong><b>medio ambiente y <\/b><\/strong><strong><b>C<\/b><\/strong><strong><b>condiciones<\/b><\/strong><\/h2>\n<ol>\n<li>Temperatura ambiente del aire: -40\u00b0C~+40\u00b0C, diferencia de temperatura diaria 25\u00b0C.<\/li>\n<li>Altitud: no m\u00e1s de 2000 metros.<\/li>\n<li>Presi\u00f3n del viento: no m\u00e1s de 700 Pa (equivalente a una velocidad del viento de 35 m\/s).<\/li>\n<li>Nivel de contaminaci\u00f3n del aire: Nivel IV.<\/li>\n<li>Intensidad del sismo: no m\u00e1s de 8 grados.<\/li>\n<li>Ubicaci\u00f3n de instalaci\u00f3n: un lugar sin inflamabilidad, peligro de explosi\u00f3n, corrosi\u00f3n qu\u00edmica o vibraci\u00f3n severa.<\/li>\n<\/ol>\n<h2><strong><b>Apariencia y <\/b><\/strong><strong><b>I<\/b><\/strong><strong><b>instalaci\u00f3n <\/b><\/strong><strong><b>D<\/b><\/strong><strong><b>dimensiones <\/b><\/strong><strong><b>Yo<\/b><\/strong><strong><b>con <\/b><\/strong><strong><b>I<\/b><\/strong><strong><b>consuelo <\/b><\/strong><strong><b>S<\/b><\/strong><strong><b>bruja<\/b><\/strong><\/h2>\n<p><img loading=\"lazy\" decoding=\"async\" class=\"alignnone wp-image-1182 size-full\" src=\"http:\/\/www.xminsulation.com\/wp-content\/uploads\/2024\/05\/\u56fe\u724748-1.png\" alt=\"\" width=\"1208\" height=\"649\" srcset=\"https:\/\/www.xminsulation.com\/wp-content\/uploads\/2024\/05\/\u56fe\u724748-1.png 1208w, https:\/\/www.xminsulation.com\/wp-content\/uploads\/2024\/05\/\u56fe\u724748-1-300x161.png 300w, https:\/\/www.xminsulation.com\/wp-content\/uploads\/2024\/05\/\u56fe\u724748-1-1024x550.png 1024w, https:\/\/www.xminsulation.com\/wp-content\/uploads\/2024\/05\/\u56fe\u724748-1-768x413.png 768w, https:\/\/www.xminsulation.com\/wp-content\/uploads\/2024\/05\/\u56fe\u724748-1-600x322.png 600w\" sizes=\"(max-width: 1208px) 100vw, 1208px\" \/><\/p>\n<h2><strong><b>Transporte, aceptaci\u00f3n y almacenamiento<\/b><\/strong><\/h2>\n<ol>\n<li>Durante el transporte, toda la unidad debe estar embalada en una caja de embalaje cerrada y fijada. No debe voltearse ni inclinarse durante el transporte y deben tomarse medidas a prueba de golpes. Al transportar el disyuntor con las manos desnudas, levante las barandillas de ambos lados del disyuntor. Est\u00e1 estrictamente prohibido levantar los manguitos aislantes entrantes y salientes. Al levantar el disyuntor, debe enganchar el dispositivo de elevaci\u00f3n en la caja.<\/li>\n<li>Aceptaci\u00f3n. Una vez recibido el producto, el usuario deber\u00e1 realizar las siguientes tareas:<\/li>\n<li>Compruebe si el embalaje est\u00e1 da\u00f1ado.<\/li>\n<li>Despu\u00e9s de desembalar, verifique si las carcasas de entrada y salida del interruptor est\u00e1n agrietadas, si la caja est\u00e1 deformada, si las instrucciones de apertura y cierre est\u00e1n completas, si la placa de identificaci\u00f3n y el certificado del producto son consistentes con el formulario de pedido y si la lista de empaque es consistente con el producto real.<\/li>\n<li>Verifique que los documentos, accesorios y repuestos est\u00e9n completos comparando la lista de embalaje del producto.<\/li>\n<li>Verifique si los par\u00e1metros t\u00e9cnicos y el certificado del producto en la placa de identificaci\u00f3n del disyuntor de vac\u00edo cumplen con los requisitos del pedido.<\/li>\n<li>Los par\u00e1metros de contacto y los par\u00e1metros caracter\u00edsticos mec\u00e1nicos del disyuntor se han ajustado durante la inspecci\u00f3n de f\u00e1brica. Los usuarios no necesitan desembalar e inspeccionar el disyuntor. Pueden instalarlo despu\u00e9s de realizar una prueba de tensi\u00f3n soportada seg\u00fan sea necesario. La inspecci\u00f3n de las caracter\u00edsticas mec\u00e1nicas se puede realizar seg\u00fan sea necesario si las condiciones lo permiten.<\/li>\n<li>Almacenamiento. El disyuntor de vac\u00edo y el controlador deben almacenarse en una habitaci\u00f3n seca, ventilada, a prueba de humedad, a prueba de golpes y a prueba de gases nocivos. Para el almacenamiento a largo plazo, el entorno debe revisarse peri\u00f3dicamente para ver si cumple con los requisitos. El embalaje, desembalaje y almacenamiento deben realizarse en una habitaci\u00f3n seca, y los productos y componentes deben verificarse para comprobar su integridad y consistencia. Y la altura de superposici\u00f3n del cuerpo del controlador no debe superar las 3 capas.<\/li>\n<\/ol>\n<h2><strong><b>Instalaci\u00f3n y puesta en servicio<\/b><\/strong><\/h2>\n<ol>\n<li>Inspecci\u00f3n y puesta en servicio antes de la instalaci\u00f3n.<\/li>\n<li>Verifique si el modelo y las especificaciones del disyuntor coinciden con el contrato de pedido.<\/li>\n<li>Verifique que los documentos adjuntos y anexos est\u00e9n completos.<\/li>\n<li>Compruebe si la superficie del disyuntor est\u00e1 golpeada y si las piezas aislantes est\u00e1n da\u00f1adas o agrietadas.<\/li>\n<li>Verifique si la caja est\u00e1 deformada y verifique su sellado.<\/li>\n<li>Si los sujetadores est\u00e1n flojos.<\/li>\n<li>\u00bfHay alg\u00fan ruido anormal dentro de la caja?<\/li>\n<li>El disyuntor operado manual o el\u00e9ctricamente se cierra y se abre 10 veces, y la apertura y el cierre deben ser confiables.<\/li>\n<\/ol>\n<p>h, prueba antiinterbloqueo del interruptor de aislamiento. Cuando el disyuntor est\u00e1 en la posici\u00f3n cerrada, el interruptor de aislamiento no se puede abrir; cuando el disyuntor est\u00e1 en la posici\u00f3n abierta, el interruptor de aislamiento se puede abrir y cerrar.<\/p>\n<ol>\n<li>Al operar el interruptor de aislamiento, aseg\u00farese de que el interruptor de aislamiento est\u00e9 abierto y cerrado en su lugar, de lo contrario, el disyuntor puede bloquearse mediante el dispositivo de enclavamiento, lo que har\u00e1 que el disyuntor no pueda funcionar.<\/li>\n<li>Realice una prueba de sobrecorriente y el valor de ajuste de sobrecorriente debe cumplir con los requisitos.<\/li>\n<li>Utilice el m\u00e9todo de tensi\u00f3n soportada de frecuencia industrial para comprobar el grado de vac\u00edo de la c\u00e1mara de extinci\u00f3n de arco de vac\u00edo. Cuando el disyuntor est\u00e9 en posici\u00f3n abierta, aplique una tensi\u00f3n de frecuencia industrial de 48 kV entre las fracturas durante 1 minuto y no deber\u00eda producirse descarga disruptiva ni ruptura.<\/li>\n<li>Cuando el interruptor de aislamiento est\u00e1 en la posici\u00f3n de apagado, no debe haber descargas disruptivas ni aver\u00edas cuando se aplica un voltaje de frecuencia industrial de 48 kV entre las fracturas durante 1 minuto.<\/li>\n<li>No debe haber descargas disruptivas ni rupturas cuando se aplica un voltaje de frecuencia industrial de 42 kV entre fases y a tierra del disyuntor durante 1 minuto.<\/li>\n<li>Cuando el producto est\u00e9 da\u00f1ado o tenga otras dudas, se recomienda tomar fotograf\u00edas del da\u00f1o en el sitio y notificar al proveedor de manera oportuna.<\/li>\n<li>Instalaci\u00f3n.<\/li>\n<li>Preste atenci\u00f3n a la seguridad al levantar la caja. Debe enganchar los cuatro anillos de elevaci\u00f3n en la caja y levantarla horizontalmente.<\/li>\n<li>Fije el disyuntor en el soporte de montaje con pernos. La superficie de montaje debe ser plana. Si los cuatro puntos de montaje no est\u00e1n en el mismo plano, se deben agregar arandelas para evitar que la estructura general del disyuntor se deforme debido a la tensi\u00f3n.<\/li>\n<li>Cuando el disyuntor est\u00e1 conectado a la barra colectora, el extremo de salida del disyuntor no puede estar sujeto a tensi\u00f3n, presi\u00f3n o torsi\u00f3n permanentes.<\/li>\n<li>Despu\u00e9s de la instalaci\u00f3n, se debe inspeccionar y limpiar el disyuntor.<\/li>\n<\/ol>\n<p><img loading=\"lazy\" decoding=\"async\" class=\"alignnone wp-image-1183 size-full\" src=\"http:\/\/www.xminsulation.com\/wp-content\/uploads\/2024\/05\/\u56fe\u724749-1.png\" alt=\"\" width=\"1167\" height=\"740\" srcset=\"https:\/\/www.xminsulation.com\/wp-content\/uploads\/2024\/05\/\u56fe\u724749-1.png 1167w, https:\/\/www.xminsulation.com\/wp-content\/uploads\/2024\/05\/\u56fe\u724749-1-300x190.png 300w, https:\/\/www.xminsulation.com\/wp-content\/uploads\/2024\/05\/\u56fe\u724749-1-1024x649.png 1024w, https:\/\/www.xminsulation.com\/wp-content\/uploads\/2024\/05\/\u56fe\u724749-1-768x487.png 768w, https:\/\/www.xminsulation.com\/wp-content\/uploads\/2024\/05\/\u56fe\u724749-1-600x380.png 600w\" sizes=\"(max-width: 1167px) 100vw, 1167px\" \/><\/p>\n<h2><strong><b>Mantenimiento<\/b><\/strong><\/h2>\n<ol>\n<li>El disyuntor debe inspeccionarse cada cinco a\u00f1os para limpiar la superficie de las partes aislantes, verificar el desgaste de las partes m\u00f3viles del mecanismo e inyectar grasa en las partes de transmisi\u00f3n.<\/li>\n<li>Compruebe si los elementos de fijaci\u00f3n est\u00e1n flojos y si los anillos de sujeci\u00f3n y los anillos de retenci\u00f3n est\u00e1n deformados o ca\u00eddos. En caso afirmativo, es necesario restablecerlos a su estado normal a tiempo.<\/li>\n<li>Cuando el disyuntor se deja sin uso durante mucho tiempo o se utiliza con poca frecuencia, la parte m\u00f3vil puede quedar bloqueada. Si est\u00e1 equipado con un mecanismo de accionamiento por resorte, el disyuntor debe almacenarse y cerrarse y abrirse al menos 5 veces al a\u00f1o. Si el controlador del mecanismo de im\u00e1n permanente configurado pierde energ\u00eda, debe utilizar una fuente de alimentaci\u00f3n externa para cargar el condensador interno del controlador y luego realizar al menos 5 operaciones de cierre y apertura.<\/li>\n<li>Realice una prueba de tensi\u00f3n soportada a frecuencia industrial para determinar si la c\u00e1mara de extinci\u00f3n de arco de vac\u00edo tiene fugas cr\u00f3nicas o si la resistencia del aislamiento de otras partes aislantes est\u00e1 reducida.<\/li>\n<li>Para lugares con operaciones frecuentes, se debe prestar atenci\u00f3n al desgaste de los contactos y no se puede utilizar m\u00e1s all\u00e1 del n\u00famero permitido de interrupciones por cortocircuito y la vida \u00fatil mec\u00e1nica de la c\u00e1mara de extinci\u00f3n de arco de vac\u00edo.<\/li>\n<li>Cosas a tener en cuenta:<\/li>\n<li>Durante el mantenimiento, el disyuntor debe estar en estado abierto y sin almacenamiento de energ\u00eda, y todas las fuentes de alimentaci\u00f3n deben estar desconectadas. Debido al almacenamiento de energ\u00eda y al cierre<\/li>\n<\/ol>\n<p>Los resortes de estado acumulan energ\u00eda. Si no se tiene cuidado durante el mantenimiento, el movimiento del mecanismo puede provocar lesiones en las manos de las personas.<\/p>\n<ol>\n<li>El mantenimiento debe ser realizado por profesionales.<\/li>\n<li>Despu\u00e9s del mantenimiento, especialmente despu\u00e9s de reemplazar piezas o reajustar, se deben probar las caracter\u00edsticas mec\u00e1nicas del interruptor para garantizar que cumple con las condiciones t\u00e9cnicas.<\/li>\n<\/ol>\n<div class=\"wxts\">\n<h2>\u25c6Personalizaci\u00f3n especial<\/h2>\n<p>Los par\u00e1metros anteriores son datos t\u00edpicos; Si los estilos existentes no satisfacen sus demandas espec\u00edficas, cont\u00e1ctenos para obtener un dise\u00f1o personalizado. Contamos con importantes habilidades de producci\u00f3n y desarrollo de personalizaci\u00f3n personalizada, lo que nos permite brindar soluciones personalizadas a clientes de todo el mundo.<\/p>\n<\/div>","protected":false},"excerpt":{"rendered":"<p>Product Description ZW32-12kV outdoor pole-mounted vacuum circuit breaker with isolation primary and secondary fusion, rated voltage 12kV, three-phase AC 50Hz\/60Hz outdoor primary switching equipment, mainly used for breaking and closing load current, overload current and short circuit current. It is suitable for protection and control in power distribution systems of substations and industrial and mining [&hellip;]<\/p>","protected":false},"featured_media":1177,"template":"","meta":{"site-sidebar-layout":"default","site-content-layout":"","ast-site-content-layout":"default","site-content-style":"default","site-sidebar-style":"default","ast-global-header-display":"","ast-banner-title-visibility":"","ast-main-header-display":"","ast-hfb-above-header-display":"","ast-hfb-below-header-display":"","ast-hfb-mobile-header-display":"","site-post-title":"","ast-breadcrumbs-content":"","ast-featured-img":"","footer-sml-layout":"","theme-transparent-header-meta":"default","adv-header-id-meta":"","stick-header-meta":"","header-above-stick-meta":"","header-main-stick-meta":"","header-below-stick-meta":"","astra-migrate-meta-layouts":"set","ast-page-background-enabled":"default","ast-page-background-meta":{"desktop":{"background-color":"","background-image":"","background-repeat":"repeat","background-position":"center center","background-size":"auto","background-attachment":"scroll","background-type":"","background-media":"","overlay-type":"","overlay-color":"","overlay-gradient":""},"tablet":{"background-color":"","background-image":"","background-repeat":"repeat","background-position":"center center","background-size":"auto","background-attachment":"scroll","background-type":"","background-media":"","overlay-type":"","overlay-color":"","overlay-gradient":""},"mobile":{"background-color":"","background-image":"","background-repeat":"repeat","background-position":"center center","background-size":"auto","background-attachment":"scroll","background-type":"","background-media":"","overlay-type":"","overlay-color":"","overlay-gradient":""}},"ast-content-background-meta":{"desktop":{"background-color":"var(--ast-global-color-5)","background-image":"","background-repeat":"repeat","background-position":"center center","background-size":"auto","background-attachment":"scroll","background-type":"","background-media":"","overlay-type":"","overlay-color":"","overlay-gradient":""},"tablet":{"background-color":"var(--ast-global-color-5)","background-image":"","background-repeat":"repeat","background-position":"center center","background-size":"auto","background-attachment":"scroll","background-type":"","background-media":"","overlay-type":"","overlay-color":"","overlay-gradient":""},"mobile":{"background-color":"var(--ast-global-color-5)","background-image":"","background-repeat":"repeat","background-position":"center center","background-size":"auto","background-attachment":"scroll","background-type":"","background-media":"","overlay-type":"","overlay-color":"","overlay-gradient":""}}},"product_cat":[24],"product_tag":[],"class_list":{"0":"post-1173","1":"product","2":"type-product","3":"status-publish","4":"has-post-thumbnail","6":"product_cat-10-40-5kv-outdoor-pole-mounted-vacuum-auto-recloser","7":"desktop-align-left","8":"tablet-align-left","9":"mobile-align-left","11":"first","12":"instock","13":"shipping-taxable","14":"product-type-simple"},"_links":{"self":[{"href":"https:\/\/www.xminsulation.com\/es\/wp-json\/wp\/v2\/product\/1173","targetHints":{"allow":["GET"]}}],"collection":[{"href":"https:\/\/www.xminsulation.com\/es\/wp-json\/wp\/v2\/product"}],"about":[{"href":"https:\/\/www.xminsulation.com\/es\/wp-json\/wp\/v2\/types\/product"}],"wp:featuredmedia":[{"embeddable":true,"href":"https:\/\/www.xminsulation.com\/es\/wp-json\/wp\/v2\/media\/1177"}],"wp:attachment":[{"href":"https:\/\/www.xminsulation.com\/es\/wp-json\/wp\/v2\/media?parent=1173"}],"wp:term":[{"taxonomy":"product_cat","embeddable":true,"href":"https:\/\/www.xminsulation.com\/es\/wp-json\/wp\/v2\/product_cat?post=1173"},{"taxonomy":"product_tag","embeddable":true,"href":"https:\/\/www.xminsulation.com\/es\/wp-json\/wp\/v2\/product_tag?post=1173"}],"curies":[{"name":"wp","href":"https:\/\/api.w.org\/{rel}","templated":true}]}}