{"id":1069,"date":"2024-05-06T11:09:04","date_gmt":"2024-05-06T03:09:04","guid":{"rendered":"http:\/\/www.xminsulation.com\/?post_type=product&#038;p=1069"},"modified":"2024-05-15T16:42:26","modified_gmt":"2024-05-15T08:42:26","slug":"quik-lock-plugs-and-receptacles-for-low-voltage","status":"publish","type":"product","link":"https:\/\/www.xminsulation.com\/es\/product\/quik-lock-plugs-and-receptacles-for-low-voltage\/","title":{"rendered":"Enchufes y recept\u00e1culos Quik-Lock para bajo voltaje"},"content":{"rendered":"<p><img fetchpriority=\"high\" decoding=\"async\" class=\"alignnone wp-image-1071 size-full\" src=\"http:\/\/www.xminsulation.com\/wp-content\/uploads\/2024\/05\/\u56fe\u724762-1.jpg\" alt=\"\" width=\"800\" height=\"800\" srcset=\"https:\/\/www.xminsulation.com\/wp-content\/uploads\/2024\/05\/\u56fe\u724762-1.jpg 800w, https:\/\/www.xminsulation.com\/wp-content\/uploads\/2024\/05\/\u56fe\u724762-1-300x300.jpg 300w, https:\/\/www.xminsulation.com\/wp-content\/uploads\/2024\/05\/\u56fe\u724762-1-150x150.jpg 150w, https:\/\/www.xminsulation.com\/wp-content\/uploads\/2024\/05\/\u56fe\u724762-1-768x768.jpg 768w, https:\/\/www.xminsulation.com\/wp-content\/uploads\/2024\/05\/\u56fe\u724762-1-600x600.jpg 600w, https:\/\/www.xminsulation.com\/wp-content\/uploads\/2024\/05\/\u56fe\u724762-1-100x100.jpg 100w\" sizes=\"(max-width: 800px) 100vw, 800px\" \/> <img decoding=\"async\" class=\"alignnone wp-image-1072 size-full\" src=\"http:\/\/www.xminsulation.com\/wp-content\/uploads\/2024\/05\/\u56fe\u724763.png\" alt=\"\" width=\"808\" height=\"377\" srcset=\"https:\/\/www.xminsulation.com\/wp-content\/uploads\/2024\/05\/\u56fe\u724763.png 808w, https:\/\/www.xminsulation.com\/wp-content\/uploads\/2024\/05\/\u56fe\u724763-300x140.png 300w, https:\/\/www.xminsulation.com\/wp-content\/uploads\/2024\/05\/\u56fe\u724763-768x358.png 768w, https:\/\/www.xminsulation.com\/wp-content\/uploads\/2024\/05\/\u56fe\u724763-600x280.png 600w\" sizes=\"(max-width: 808px) 100vw, 808px\" \/> <img decoding=\"async\" class=\"alignnone wp-image-1073 size-full\" src=\"http:\/\/www.xminsulation.com\/wp-content\/uploads\/2024\/05\/\u56fe\u724764.png\" alt=\"\" width=\"694\" height=\"376\" srcset=\"https:\/\/www.xminsulation.com\/wp-content\/uploads\/2024\/05\/\u56fe\u724764.png 694w, https:\/\/www.xminsulation.com\/wp-content\/uploads\/2024\/05\/\u56fe\u724764-300x163.png 300w, https:\/\/www.xminsulation.com\/wp-content\/uploads\/2024\/05\/\u56fe\u724764-600x325.png 600w\" sizes=\"(max-width: 694px) 100vw, 694px\" \/><\/p>\n<h2><strong><b>Informaci\u00f3n general<\/b><\/strong><\/h2>\n<p>La interfaz de conexi\u00f3n r\u00e1pida para la fuente de alimentaci\u00f3n de emergencia de baja tensi\u00f3n, tambi\u00e9n conocida como acoplador r\u00e1pido, se conecta mediante un extremo al conector del generador y el otro a la interfaz de alimentaci\u00f3n de emergencia del armario de distribuci\u00f3n de media o baja tensi\u00f3n, formando as\u00ed un sistema de acceso r\u00e1pido a la fuente de alimentaci\u00f3n de emergencia. Se utiliza ampliamente en veh\u00edculos de generaci\u00f3n de energ\u00eda, generadores, armarios de distribuci\u00f3n, sistemas de distribuci\u00f3n el\u00e9ctrica, etc. Los productos se dividen en dos niveles de tensi\u00f3n: media y baja tensi\u00f3n.<\/p>\n<p>El veh\u00edculo de generaci\u00f3n de energ\u00eda de emergencia es un tipo de equipo de generaci\u00f3n de energ\u00eda de respaldo de emergencia, que generalmente se usa para proporcionar energ\u00eda cuando hay un corte de energ\u00eda repentino o el sitio no se puede conectar a la red el\u00e9ctrica. Los veh\u00edculos de generaci\u00f3n de energ\u00eda de emergencia se utilizan principalmente en los siguientes escenarios: En primer lugar, hay un corte de energ\u00eda repentino o el sitio no se puede conectar a la red el\u00e9ctrica. Por ejemplo, en el caso de un corte de energ\u00eda o el sitio no puede conectarse a la red el\u00e9ctrica debido a desastres naturales, fallas en las instalaciones, mantenimiento de l\u00edneas o equipos, etc., se requiere generaci\u00f3n de energ\u00eda de emergencia. El autom\u00f3vil puede proporcionar servicio de suministro de energ\u00eda como fuente de energ\u00eda de respaldo. El segundo es la demanda temporal de energ\u00eda, como la construcci\u00f3n, el desempe\u00f1o y otros proyectos. En el caso de una demanda de energ\u00eda temporal, los veh\u00edculos de generaci\u00f3n de energ\u00eda de emergencia pueden proporcionar la capacidad de producci\u00f3n de energ\u00eda necesaria para satisfacer la demanda de energ\u00eda temporal. El tercero es la demanda de suministro de energ\u00eda m\u00f3vil. Debido a su alta movilidad, puede facilitar el suministro de energ\u00eda y la respuesta de emergencia cuando sea necesario.<\/p>\n<p>En China, los veh\u00edculos generadores de energ\u00eda se dividen principalmente en veh\u00edculos de media tensi\u00f3n de 10 kV y veh\u00edculos de baja tensi\u00f3n de 0,4 kV. Los veh\u00edculos generadores de baja tensi\u00f3n conectados a la red el\u00e9ctrica tienen una amplia gama de aplicaciones y pueden conectarse a armarios de distribuci\u00f3n de pared, de suelo o empotrados.<\/p>\n<p>Para garantizar un suministro el\u00e9ctrico r\u00e1pido para reparaciones de emergencia en zonas residenciales urbanas y usuarios importantes, la reserva o instalaci\u00f3n de dispositivos de acceso r\u00e1pido de emergencia en los conjuntos completos de cuadros de distribuci\u00f3n de baja tensi\u00f3n existentes puede ahorrar considerablemente el tiempo de preparaci\u00f3n para el suministro el\u00e9ctrico de emergencia y mejorar la seguridad y la fiabilidad del mismo. Este producto se utiliza ampliamente en pruebas de suministro el\u00e9ctrico, veh\u00edculos de generaci\u00f3n de energ\u00eda, veh\u00edculos de suministro el\u00e9ctrico de emergencia, interruptores de derivaci\u00f3n, armarios de distribuci\u00f3n, distribuci\u00f3n de energ\u00eda y otros escenarios.<\/p>\n<h2><strong><b>Caracter\u00edsticas del producto<\/b><\/strong><\/h2>\n<ol>\n<li>Este producto es seguro y confiable y no produce chispas al enchufarlo o desenchufarlo. El conector adopta un sistema de conexi\u00f3n con un mecanismo de bloqueo, que est\u00e1 firmemente conectado y tiene la funci\u00f3n de evitar descargas el\u00e9ctricas.<\/li>\n<li>Tama\u00f1o peque\u00f1o, conexi\u00f3n r\u00e1pida, operaci\u00f3n simple y conexi\u00f3n conveniente.<\/li>\n<li>El conector r\u00e1pido tiene una fuerte capacidad de transporte de corriente, una resistencia de contacto extremadamente peque\u00f1a, un contacto confiable, puede pasar grandes corrientes y genera muy poco calor (la tecnolog\u00eda central del principio de contacto multipunto de dedo de contacto el\u00e1stico se ha utilizado ampliamente durante mucho tiempo en soluciones de tableros de distribuci\u00f3n de alto voltaje multinacionales como Siemens y ABB. Contacto confiable y problemas m\u00ednimos de aumento de temperatura).<\/li>\n<li>Vida mec\u00e1nica: El acoplador del enchufe del panel se puede enchufar y desenchufar no menos de 5000 veces con el m\u00e9todo correcto de enchufar y desenchufar.<\/li>\n<li>Resistente a la corrosi\u00f3n por niebla salina (aplicable a puertos), robusto y duradero, adecuado para entornos hostiles y tiene una larga vida \u00fatil.<\/li>\n<li>\u00c1rea de secci\u00f3n transversal del cable aplicable: 50 ~ 240 mm\u00b2.<\/li>\n<li>Grado de protecci\u00f3n IP65.<\/li>\n<li>Sin mantenimiento, ahorra energ\u00eda y es respetuoso con el medio ambiente.<\/li>\n<\/ol>\n<p><img loading=\"lazy\" decoding=\"async\" class=\"alignnone wp-image-1074 size-full\" src=\"http:\/\/www.xminsulation.com\/wp-content\/uploads\/2024\/05\/\u56fe\u724765.png\" alt=\"\" width=\"1000\" height=\"1056\" srcset=\"https:\/\/www.xminsulation.com\/wp-content\/uploads\/2024\/05\/\u56fe\u724765.png 1000w, https:\/\/www.xminsulation.com\/wp-content\/uploads\/2024\/05\/\u56fe\u724765-284x300.png 284w, https:\/\/www.xminsulation.com\/wp-content\/uploads\/2024\/05\/\u56fe\u724765-970x1024.png 970w, https:\/\/www.xminsulation.com\/wp-content\/uploads\/2024\/05\/\u56fe\u724765-768x811.png 768w, https:\/\/www.xminsulation.com\/wp-content\/uploads\/2024\/05\/\u56fe\u724765-600x634.png 600w\" sizes=\"(max-width: 1000px) 100vw, 1000px\" \/><\/p>\n<h2><strong><b>Derecho <\/b><\/strong><strong><b>PAG<\/b><\/strong><strong><b>anillo <\/b><\/strong><strong><b>R<\/b><\/strong><strong><b>Estructura general del recept\u00e1culo y dimensiones de instalaci\u00f3n<\/b><\/strong><\/h2>\n<p><strong><b> <img loading=\"lazy\" decoding=\"async\" class=\"alignnone wp-image-1075 size-full\" src=\"http:\/\/www.xminsulation.com\/wp-content\/uploads\/2024\/05\/\u56fe\u724766.png\" alt=\"\" width=\"1000\" height=\"520\" srcset=\"https:\/\/www.xminsulation.com\/wp-content\/uploads\/2024\/05\/\u56fe\u724766.png 1000w, https:\/\/www.xminsulation.com\/wp-content\/uploads\/2024\/05\/\u56fe\u724766-300x156.png 300w, https:\/\/www.xminsulation.com\/wp-content\/uploads\/2024\/05\/\u56fe\u724766-768x399.png 768w, https:\/\/www.xminsulation.com\/wp-content\/uploads\/2024\/05\/\u56fe\u724766-600x312.png 600w\" sizes=\"(max-width: 1000px) 100vw, 1000px\" \/> <img loading=\"lazy\" decoding=\"async\" class=\"alignnone wp-image-1076 size-full\" src=\"http:\/\/www.xminsulation.com\/wp-content\/uploads\/2024\/05\/\u56fe\u724767.png\" alt=\"\" width=\"1000\" height=\"412\" srcset=\"https:\/\/www.xminsulation.com\/wp-content\/uploads\/2024\/05\/\u56fe\u724767.png 1000w, https:\/\/www.xminsulation.com\/wp-content\/uploads\/2024\/05\/\u56fe\u724767-300x124.png 300w, https:\/\/www.xminsulation.com\/wp-content\/uploads\/2024\/05\/\u56fe\u724767-768x316.png 768w, https:\/\/www.xminsulation.com\/wp-content\/uploads\/2024\/05\/\u56fe\u724767-600x247.png 600w\" sizes=\"(max-width: 1000px) 100vw, 1000px\" \/><\/b><\/strong><strong><b>\u00a0<\/b><\/strong><\/p>\n<h2><strong><b>Enchufe recto<\/b><\/strong><\/h2>\n<p><img loading=\"lazy\" decoding=\"async\" class=\"alignnone wp-image-1077 size-full\" src=\"http:\/\/www.xminsulation.com\/wp-content\/uploads\/2024\/05\/\u56fe\u724768.png\" alt=\"\" width=\"862\" height=\"677\" srcset=\"https:\/\/www.xminsulation.com\/wp-content\/uploads\/2024\/05\/\u56fe\u724768.png 862w, https:\/\/www.xminsulation.com\/wp-content\/uploads\/2024\/05\/\u56fe\u724768-300x236.png 300w, https:\/\/www.xminsulation.com\/wp-content\/uploads\/2024\/05\/\u56fe\u724768-768x603.png 768w, https:\/\/www.xminsulation.com\/wp-content\/uploads\/2024\/05\/\u56fe\u724768-600x471.png 600w\" sizes=\"(max-width: 862px) 100vw, 862px\" \/> <img loading=\"lazy\" decoding=\"async\" class=\"alignnone wp-image-1078 size-full\" src=\"http:\/\/www.xminsulation.com\/wp-content\/uploads\/2024\/05\/\u56fe\u724769.png\" alt=\"\" width=\"1404\" height=\"411\" srcset=\"https:\/\/www.xminsulation.com\/wp-content\/uploads\/2024\/05\/\u56fe\u724769.png 1404w, https:\/\/www.xminsulation.com\/wp-content\/uploads\/2024\/05\/\u56fe\u724769-300x88.png 300w, https:\/\/www.xminsulation.com\/wp-content\/uploads\/2024\/05\/\u56fe\u724769-1024x300.png 1024w, https:\/\/www.xminsulation.com\/wp-content\/uploads\/2024\/05\/\u56fe\u724769-768x225.png 768w, https:\/\/www.xminsulation.com\/wp-content\/uploads\/2024\/05\/\u56fe\u724769-600x176.png 600w\" sizes=\"(max-width: 1404px) 100vw, 1404px\" \/> <img loading=\"lazy\" decoding=\"async\" class=\"alignnone wp-image-1079 size-full\" src=\"http:\/\/www.xminsulation.com\/wp-content\/uploads\/2024\/05\/\u56fe\u724770.png\" alt=\"\" width=\"1000\" height=\"378\" srcset=\"https:\/\/www.xminsulation.com\/wp-content\/uploads\/2024\/05\/\u56fe\u724770.png 1000w, https:\/\/www.xminsulation.com\/wp-content\/uploads\/2024\/05\/\u56fe\u724770-300x113.png 300w, https:\/\/www.xminsulation.com\/wp-content\/uploads\/2024\/05\/\u56fe\u724770-768x290.png 768w, https:\/\/www.xminsulation.com\/wp-content\/uploads\/2024\/05\/\u56fe\u724770-600x227.png 600w\" sizes=\"(max-width: 1000px) 100vw, 1000px\" \/><\/p>\n<h2><strong><b>Escenarios de aplicaci\u00f3n<\/b><\/strong><\/h2>\n<p><img loading=\"lazy\" decoding=\"async\" class=\"alignnone wp-image-1080 size-full\" src=\"http:\/\/www.xminsulation.com\/wp-content\/uploads\/2024\/05\/\u56fe\u724771.png\" alt=\"\" width=\"759\" height=\"659\" srcset=\"https:\/\/www.xminsulation.com\/wp-content\/uploads\/2024\/05\/\u56fe\u724771.png 759w, https:\/\/www.xminsulation.com\/wp-content\/uploads\/2024\/05\/\u56fe\u724771-300x260.png 300w, https:\/\/www.xminsulation.com\/wp-content\/uploads\/2024\/05\/\u56fe\u724771-600x521.png 600w\" sizes=\"(max-width: 759px) 100vw, 759px\" \/><\/p>\n<p><strong><b>Caja de acceso r\u00e1pido para generador de emergencia de bajo voltaje (caja de acceso r\u00e1pido para generador de doble circuito (personalizable))<\/b><\/strong><\/p>\n<p><strong><b> <img loading=\"lazy\" decoding=\"async\" class=\"alignnone wp-image-1081 size-full\" src=\"http:\/\/www.xminsulation.com\/wp-content\/uploads\/2024\/05\/\u56fe\u724772.png\" alt=\"\" width=\"1000\" height=\"768\" srcset=\"https:\/\/www.xminsulation.com\/wp-content\/uploads\/2024\/05\/\u56fe\u724772.png 1000w, https:\/\/www.xminsulation.com\/wp-content\/uploads\/2024\/05\/\u56fe\u724772-300x230.png 300w, https:\/\/www.xminsulation.com\/wp-content\/uploads\/2024\/05\/\u56fe\u724772-768x590.png 768w, https:\/\/www.xminsulation.com\/wp-content\/uploads\/2024\/05\/\u56fe\u724772-600x461.png 600w\" sizes=\"(max-width: 1000px) 100vw, 1000px\" \/><\/b><\/strong><\/p>\n<h2><strong><b>Escenarios de uso del generador<\/b><\/strong><\/h2>\n<p><strong><b> <img loading=\"lazy\" decoding=\"async\" class=\"alignnone size-medium wp-image-1082\" src=\"http:\/\/www.xminsulation.com\/wp-content\/uploads\/2024\/05\/\u56fe\u724773-263x300.png\" alt=\"\" width=\"263\" height=\"300\" srcset=\"https:\/\/www.xminsulation.com\/wp-content\/uploads\/2024\/05\/\u56fe\u724773-263x300.png 263w, https:\/\/www.xminsulation.com\/wp-content\/uploads\/2024\/05\/\u56fe\u724773.png 600w\" sizes=\"(max-width: 263px) 100vw, 263px\" \/><\/b><\/strong><\/p>\n<p><strong><b>\u00a0<\/b><\/strong><\/p>\n<h2 class=\"wxts\">\u25c6Personalizaci\u00f3n especial<\/h2>\n<p>Los par\u00e1metros anteriores son datos t\u00edpicos; Si los estilos existentes no satisfacen sus demandas espec\u00edficas, cont\u00e1ctenos para obtener un dise\u00f1o personalizado. Contamos con importantes habilidades de producci\u00f3n y desarrollo de personalizaci\u00f3n personalizada, lo que nos permite brindar soluciones personalizadas a clientes de todo el mundo.<\/p>","protected":false},"excerpt":{"rendered":"<p>General Information The low-voltage emergency power supply quick-plug interface is also called the emergency power supply quick-connect coupler. One end of it is connected and fixed with the connector on the generator car, and the other end is connected and fixed with the emergency power interface on the medium-voltage or low-voltage switch cabinet to form [&hellip;]<\/p>","protected":false},"featured_media":1070,"template":"","meta":{"site-sidebar-layout":"default","site-content-layout":"","ast-site-content-layout":"default","site-content-style":"default","site-sidebar-style":"default","ast-global-header-display":"","ast-banner-title-visibility":"","ast-main-header-display":"","ast-hfb-above-header-display":"","ast-hfb-below-header-display":"","ast-hfb-mobile-header-display":"","site-post-title":"","ast-breadcrumbs-content":"","ast-featured-img":"","footer-sml-layout":"","theme-transparent-header-meta":"default","adv-header-id-meta":"","stick-header-meta":"","header-above-stick-meta":"","header-main-stick-meta":"","header-below-stick-meta":"","astra-migrate-meta-layouts":"set","ast-page-background-enabled":"default","ast-page-background-meta":{"desktop":{"background-color":"","background-image":"","background-repeat":"repeat","background-position":"center center","background-size":"auto","background-attachment":"scroll","background-type":"","background-media":"","overlay-type":"","overlay-color":"","overlay-gradient":""},"tablet":{"background-color":"","background-image":"","background-repeat":"repeat","background-position":"center center","background-size":"auto","background-attachment":"scroll","background-type":"","background-media":"","overlay-type":"","overlay-color":"","overlay-gradient":""},"mobile":{"background-color":"","background-image":"","background-repeat":"repeat","background-position":"center center","background-size":"auto","background-attachment":"scroll","background-type":"","background-media":"","overlay-type":"","overlay-color":"","overlay-gradient":""}},"ast-content-background-meta":{"desktop":{"background-color":"var(--ast-global-color-5)","background-image":"","background-repeat":"repeat","background-position":"center center","background-size":"auto","background-attachment":"scroll","background-type":"","background-media":"","overlay-type":"","overlay-color":"","overlay-gradient":""},"tablet":{"background-color":"var(--ast-global-color-5)","background-image":"","background-repeat":"repeat","background-position":"center center","background-size":"auto","background-attachment":"scroll","background-type":"","background-media":"","overlay-type":"","overlay-color":"","overlay-gradient":""},"mobile":{"background-color":"var(--ast-global-color-5)","background-image":"","background-repeat":"repeat","background-position":"center center","background-size":"auto","background-attachment":"scroll","background-type":"","background-media":"","overlay-type":"","overlay-color":"","overlay-gradient":""}}},"product_cat":[44],"product_tag":[],"class_list":{"0":"post-1069","1":"product","2":"type-product","3":"status-publish","4":"has-post-thumbnail","6":"product_cat-quik-lock-plugs-and-receptacles-mvlv","7":"desktop-align-left","8":"tablet-align-left","9":"mobile-align-left","11":"first","12":"instock","13":"shipping-taxable","14":"product-type-simple"},"_links":{"self":[{"href":"https:\/\/www.xminsulation.com\/es\/wp-json\/wp\/v2\/product\/1069","targetHints":{"allow":["GET"]}}],"collection":[{"href":"https:\/\/www.xminsulation.com\/es\/wp-json\/wp\/v2\/product"}],"about":[{"href":"https:\/\/www.xminsulation.com\/es\/wp-json\/wp\/v2\/types\/product"}],"wp:featuredmedia":[{"embeddable":true,"href":"https:\/\/www.xminsulation.com\/es\/wp-json\/wp\/v2\/media\/1070"}],"wp:attachment":[{"href":"https:\/\/www.xminsulation.com\/es\/wp-json\/wp\/v2\/media?parent=1069"}],"wp:term":[{"taxonomy":"product_cat","embeddable":true,"href":"https:\/\/www.xminsulation.com\/es\/wp-json\/wp\/v2\/product_cat?post=1069"},{"taxonomy":"product_tag","embeddable":true,"href":"https:\/\/www.xminsulation.com\/es\/wp-json\/wp\/v2\/product_tag?post=1069"}],"curies":[{"name":"wp","href":"https:\/\/api.w.org\/{rel}","templated":true}]}}