{"id":1016,"date":"2024-05-06T10:36:00","date_gmt":"2024-05-06T02:36:00","guid":{"rendered":"http:\/\/www.xminsulation.com\/?post_type=product&#038;p=1016"},"modified":"2024-05-23T17:59:33","modified_gmt":"2024-05-23T09:59:33","slug":"sf6-gas-insulated-bypass-switch-10-24kv-200a-400a-630a","status":"publish","type":"product","link":"https:\/\/www.xminsulation.com\/es\/product\/sf6-gas-insulated-bypass-switch-10-24kv-200a-400a-630a\/","title":{"rendered":"Interruptor de derivaci\u00f3n aislado en gas SF6 10\/24kV 200A\/400A\/630A"},"content":{"rendered":"<p><img fetchpriority=\"high\" decoding=\"async\" class=\"alignnone wp-image-1018 size-full\" src=\"http:\/\/www.xminsulation.com\/wp-content\/uploads\/2024\/05\/\u56fe\u724713-1.png\" alt=\"\" width=\"1000\" height=\"1000\" srcset=\"https:\/\/www.xminsulation.com\/wp-content\/uploads\/2024\/05\/\u56fe\u724713-1.png 1000w, https:\/\/www.xminsulation.com\/wp-content\/uploads\/2024\/05\/\u56fe\u724713-1-300x300.png 300w, https:\/\/www.xminsulation.com\/wp-content\/uploads\/2024\/05\/\u56fe\u724713-1-150x150.png 150w, https:\/\/www.xminsulation.com\/wp-content\/uploads\/2024\/05\/\u56fe\u724713-1-768x768.png 768w, https:\/\/www.xminsulation.com\/wp-content\/uploads\/2024\/05\/\u56fe\u724713-1-600x600.png 600w, https:\/\/www.xminsulation.com\/wp-content\/uploads\/2024\/05\/\u56fe\u724713-1-100x100.png 100w\" sizes=\"(max-width: 1000px) 100vw, 1000px\" \/> <img decoding=\"async\" class=\"alignnone wp-image-1019 size-full\" src=\"http:\/\/www.xminsulation.com\/wp-content\/uploads\/2024\/05\/\u56fe\u724714.png\" alt=\"\" width=\"1000\" height=\"1036\" srcset=\"https:\/\/www.xminsulation.com\/wp-content\/uploads\/2024\/05\/\u56fe\u724714.png 1000w, https:\/\/www.xminsulation.com\/wp-content\/uploads\/2024\/05\/\u56fe\u724714-290x300.png 290w, https:\/\/www.xminsulation.com\/wp-content\/uploads\/2024\/05\/\u56fe\u724714-988x1024.png 988w, https:\/\/www.xminsulation.com\/wp-content\/uploads\/2024\/05\/\u56fe\u724714-768x796.png 768w, https:\/\/www.xminsulation.com\/wp-content\/uploads\/2024\/05\/\u56fe\u724714-600x622.png 600w\" sizes=\"(max-width: 1000px) 100vw, 1000px\" \/> <img decoding=\"async\" class=\"alignnone wp-image-1020 size-full\" src=\"http:\/\/www.xminsulation.com\/wp-content\/uploads\/2024\/05\/\u56fe\u724715.png\" alt=\"\" width=\"1000\" height=\"1194\" srcset=\"https:\/\/www.xminsulation.com\/wp-content\/uploads\/2024\/05\/\u56fe\u724715.png 1000w, https:\/\/www.xminsulation.com\/wp-content\/uploads\/2024\/05\/\u56fe\u724715-251x300.png 251w, https:\/\/www.xminsulation.com\/wp-content\/uploads\/2024\/05\/\u56fe\u724715-858x1024.png 858w, https:\/\/www.xminsulation.com\/wp-content\/uploads\/2024\/05\/\u56fe\u724715-768x917.png 768w, https:\/\/www.xminsulation.com\/wp-content\/uploads\/2024\/05\/\u56fe\u724715-600x716.png 600w\" sizes=\"(max-width: 1000px) 100vw, 1000px\" \/> <img loading=\"lazy\" decoding=\"async\" class=\"alignnone wp-image-1021 size-full\" src=\"http:\/\/www.xminsulation.com\/wp-content\/uploads\/2024\/05\/\u56fe\u724716.png\" alt=\"\" width=\"1000\" height=\"954\" srcset=\"https:\/\/www.xminsulation.com\/wp-content\/uploads\/2024\/05\/\u56fe\u724716.png 1000w, https:\/\/www.xminsulation.com\/wp-content\/uploads\/2024\/05\/\u56fe\u724716-300x286.png 300w, https:\/\/www.xminsulation.com\/wp-content\/uploads\/2024\/05\/\u56fe\u724716-768x733.png 768w, https:\/\/www.xminsulation.com\/wp-content\/uploads\/2024\/05\/\u56fe\u724716-600x572.png 600w\" sizes=\"(max-width: 1000px) 100vw, 1000px\" \/><\/p>\n<h2><strong><b>Informaci\u00f3n general<\/b><\/strong><\/h2>\n<p>La tecnolog\u00eda de acci\u00f3n integrada de bypass es una nueva tecnolog\u00eda operativa que mejora la confiabilidad del suministro el\u00e9ctrico en la red de distribuci\u00f3n. Incluye el funcionamiento convencional, el funcionamiento con carga y el bypass.<\/p>\n<p>Operaci\u00f3n, operaci\u00f3n de energ\u00eda m\u00f3vil y otros modos de operaci\u00f3n.<\/p>\n<p>El interruptor de carga de bypass de ingenier\u00eda LBS de 10\/24 kV, 200 A\/400 A\/630 A, es el equipo clave para la nueva tecnolog\u00eda de operaci\u00f3n integrada de bypass. Este interruptor utiliza cables de alimentaci\u00f3n flexibles, conectores de cable de conexi\u00f3n r\u00e1pida con autobloqueo, interruptores de bypass, camiones de caja m\u00f3viles y otros equipos para construir diferentes unidades de distribuci\u00f3n de energ\u00eda y suministrar energ\u00eda de bypass a los usuarios en una combinaci\u00f3n de bloques. No solo permite a los operadores de distribuci\u00f3n de energ\u00eda realizar tareas de mantenimiento de l\u00ednea con suministro de energ\u00eda ininterrumpido, sino que tambi\u00e9n proporciona suministro de energ\u00eda temporal para la reparaci\u00f3n de fallas en l\u00edneas de cable m\u00e1s dif\u00edciles de manejar, reduce el alcance y el impacto de los cortes de energ\u00eda en el usuario y mejora la confiabilidad del suministro de energ\u00eda.<\/p>\n<p>El interruptor de carga de derivaci\u00f3n utiliza gas SF6 con excelentes propiedades de aislamiento y extinci\u00f3n de arco y una estructura de circuito principal avanzada.<\/p>\n<h2><strong><b>Caracter\u00edsticas del producto<\/b><\/strong><\/h2>\n<ol>\n<li>La caja del interruptor est\u00e1 hecha de acero inoxidable 304 para cumplir con los requisitos de resistencia a la corrosi\u00f3n para uso permanente.<\/li>\n<li>El mecanismo de operaci\u00f3n del circuito principal es una estructura simple de tri\u00e1ngulo invertido (conmutador), por lo que no se ve afectado por vibraciones de alta frecuencia, la gravedad, impactos externos, etc., causados por terremotos o vientos fuertes. Su rendimiento es muy estable y su vida \u00fatil es prolongada. Se puede utilizar conmutaciones manuales y el\u00e9ctricas. Funcionamiento independiente y buena compatibilidad con dispositivos de protecci\u00f3n de respaldo.<\/li>\n<li>El interruptor adopta un manguito de conexi\u00f3n r\u00e1pida y puede equiparse con interfaces de conexi\u00f3n r\u00e1pida con bloqueo autom\u00e1tico europeas y americanas.<\/li>\n<li>Configurar el dispositivo de protecci\u00f3n CT\/RVT: para evitar la sobrecorriente del dispositivo de medici\u00f3n de corriente y el circuito abierto del CT, y la sobretensi\u00f3n del dispositivo de medici\u00f3n de tensi\u00f3n.<\/li>\n<li>Tiene visualizaci\u00f3n de carga y visualizaci\u00f3n de conteo; y tiene funci\u00f3n de fase nuclear.<\/li>\n<li>Tiene operaci\u00f3n manual, operaci\u00f3n el\u00e9ctrica, operaci\u00f3n por control remoto local y funciones de apertura y cierre por control remoto (opcional), lo que hace que la operaci\u00f3n sea conveniente, r\u00e1pida y segura.<\/li>\n<li>Con funciones de detecci\u00f3n de fallas, alarma y corte autom\u00e1tico de fallas (opcional), facilita la detecci\u00f3n y protecci\u00f3n de fallas.<\/li>\n<\/ol>\n<p><img loading=\"lazy\" decoding=\"async\" class=\"alignnone wp-image-1022 size-full\" src=\"http:\/\/www.xminsulation.com\/wp-content\/uploads\/2024\/05\/\u56fe\u724717.png\" alt=\"\" width=\"1196\" height=\"1188\" srcset=\"https:\/\/www.xminsulation.com\/wp-content\/uploads\/2024\/05\/\u56fe\u724717.png 1196w, https:\/\/www.xminsulation.com\/wp-content\/uploads\/2024\/05\/\u56fe\u724717-300x298.png 300w, https:\/\/www.xminsulation.com\/wp-content\/uploads\/2024\/05\/\u56fe\u724717-1024x1017.png 1024w, https:\/\/www.xminsulation.com\/wp-content\/uploads\/2024\/05\/\u56fe\u724717-150x150.png 150w, https:\/\/www.xminsulation.com\/wp-content\/uploads\/2024\/05\/\u56fe\u724717-768x763.png 768w, https:\/\/www.xminsulation.com\/wp-content\/uploads\/2024\/05\/\u56fe\u724717-600x596.png 600w, https:\/\/www.xminsulation.com\/wp-content\/uploads\/2024\/05\/\u56fe\u724717-100x100.png 100w\" sizes=\"(max-width: 1196px) 100vw, 1196px\" \/><\/p>\n<h2><strong><b>Uso <\/b><\/strong><strong><b>mi<\/b><\/strong><strong><b>medio ambiente<\/b><\/strong><\/h2>\n<ol>\n<li>Temperatura de funcionamiento: -40~+85\u2103.<\/li>\n<li>Condici\u00f3n de humedad: 0 ~ 80% (humedad relativa).<\/li>\n<li>Altura de uso: por debajo de 800m sobre el nivel del mar.<\/li>\n<\/ol>\n<h2><strong><b>Manual <\/b><\/strong><strong><b>B<\/b><\/strong><strong><b>ypass <\/b><\/strong><strong><b>S<\/b><\/strong><strong><b>bruja <\/b><\/strong><strong><b>S<\/b><\/strong><strong><b>estructura y <\/b><\/strong><strong><b>D<\/b><\/strong><strong><b>dimensi\u00f3n <\/b><\/strong><strong><b>D<\/b><\/strong><strong><b>crudo<\/b><\/strong><\/h2>\n<p><strong><b> <img loading=\"lazy\" decoding=\"async\" class=\"alignnone wp-image-1023 size-full\" src=\"http:\/\/www.xminsulation.com\/wp-content\/uploads\/2024\/05\/\u56fe\u724718.png\" alt=\"\" width=\"1000\" height=\"767\" srcset=\"https:\/\/www.xminsulation.com\/wp-content\/uploads\/2024\/05\/\u56fe\u724718.png 1000w, https:\/\/www.xminsulation.com\/wp-content\/uploads\/2024\/05\/\u56fe\u724718-300x230.png 300w, https:\/\/www.xminsulation.com\/wp-content\/uploads\/2024\/05\/\u56fe\u724718-768x589.png 768w, https:\/\/www.xminsulation.com\/wp-content\/uploads\/2024\/05\/\u56fe\u724718-600x460.png 600w\" sizes=\"(max-width: 1000px) 100vw, 1000px\" \/> <img loading=\"lazy\" decoding=\"async\" class=\"alignnone wp-image-1024 size-full\" src=\"http:\/\/www.xminsulation.com\/wp-content\/uploads\/2024\/05\/\u56fe\u724719.png\" alt=\"\" width=\"1000\" height=\"796\" srcset=\"https:\/\/www.xminsulation.com\/wp-content\/uploads\/2024\/05\/\u56fe\u724719.png 1000w, https:\/\/www.xminsulation.com\/wp-content\/uploads\/2024\/05\/\u56fe\u724719-300x239.png 300w, https:\/\/www.xminsulation.com\/wp-content\/uploads\/2024\/05\/\u56fe\u724719-768x611.png 768w, https:\/\/www.xminsulation.com\/wp-content\/uploads\/2024\/05\/\u56fe\u724719-600x478.png 600w\" sizes=\"(max-width: 1000px) 100vw, 1000px\" \/><\/b><\/strong><\/p>\n<p>1. Contador de llamadas.<\/p>\n<p>2\uff0c\u64cd\u4f5c\u628a\u624b\u3001\u94ed\u724cManija de operaci\u00f3n y placa de identificaci\u00f3n.<\/p>\n<p>3\uff0c\u5de6\u4fa7\u94e0\u88c5\u5957\u7ba1\u63d2\u5ea7\u53ca\u9632\u5c18\u76d6Enchufe de manga blindada del lado izquierdo y cubierta antipolvo.<\/p>\n<p>4\uff0c\u624b\u52a8\u95ed\u9501\u88c5\u7f6eDispositivo de bloqueo manual.<\/p>\n<p>5, SF6 \u6c14\u538b\u8868Man\u00f3metro de aire SF6.<\/p>\n<p>6\uff0cSF6\u6c14\u4f53\u6ce8\u5165\u9600V\u00e1lvula de inyecci\u00f3n de gas SF6.<\/p>\n<p>7. Tr\u00edpode inferior.<\/p>\n<p>8\uff0c\u4e0a\u63d0\u628a\u53ca\u540a\u8033Asas y orejetas de elevaci\u00f3n.<\/p>\n<p>9\uff0c\u53f3\u4fa7\u94e0\u88c5\u5957\u7ba1\u63d2\u5ea7\u53ca\u9632\u5c18\u76d6Enchufe de la manga blindada derecha y cubierta antipolvo.<\/p>\n<p>10\uff0c\u6838\u76f8\u4eea\/\u63a7\u5236\u5668Analizador\/controlador de fases nucleares.<\/p>\n<p>11\uff0c\u65c1\u8def\u5f00\u5173\u56fa\u5b9a\u5668Soporte del interruptor de derivaci\u00f3n.<\/p>\n<p>12. Agujero en el suelo.<\/p>\n<p>13\uff0c\u9ad8\u538b\u9632\u7206\u88c5\u7f6eDispositivo a prueba de explosiones de alta presi\u00f3n.<\/p>\n<p><img loading=\"lazy\" decoding=\"async\" class=\"alignnone wp-image-1025 size-full\" src=\"http:\/\/www.xminsulation.com\/wp-content\/uploads\/2024\/05\/\u56fe\u724720.png\" alt=\"\" width=\"1000\" height=\"959\" srcset=\"https:\/\/www.xminsulation.com\/wp-content\/uploads\/2024\/05\/\u56fe\u724720.png 1000w, https:\/\/www.xminsulation.com\/wp-content\/uploads\/2024\/05\/\u56fe\u724720-300x288.png 300w, https:\/\/www.xminsulation.com\/wp-content\/uploads\/2024\/05\/\u56fe\u724720-768x737.png 768w, https:\/\/www.xminsulation.com\/wp-content\/uploads\/2024\/05\/\u56fe\u724720-600x575.png 600w\" sizes=\"(max-width: 1000px) 100vw, 1000px\" \/> <img loading=\"lazy\" decoding=\"async\" class=\"alignnone wp-image-1026 size-full\" src=\"http:\/\/www.xminsulation.com\/wp-content\/uploads\/2024\/05\/\u56fe\u724721.png\" alt=\"\" width=\"1000\" height=\"1226\" srcset=\"https:\/\/www.xminsulation.com\/wp-content\/uploads\/2024\/05\/\u56fe\u724721.png 1000w, https:\/\/www.xminsulation.com\/wp-content\/uploads\/2024\/05\/\u56fe\u724721-245x300.png 245w, https:\/\/www.xminsulation.com\/wp-content\/uploads\/2024\/05\/\u56fe\u724721-835x1024.png 835w, https:\/\/www.xminsulation.com\/wp-content\/uploads\/2024\/05\/\u56fe\u724721-768x942.png 768w, https:\/\/www.xminsulation.com\/wp-content\/uploads\/2024\/05\/\u56fe\u724721-600x736.png 600w\" sizes=\"(max-width: 1000px) 100vw, 1000px\" \/> <img loading=\"lazy\" decoding=\"async\" class=\"alignnone wp-image-1027 size-full\" src=\"http:\/\/www.xminsulation.com\/wp-content\/uploads\/2024\/05\/\u56fe\u724722.png\" alt=\"\" width=\"1000\" height=\"1443\" srcset=\"https:\/\/www.xminsulation.com\/wp-content\/uploads\/2024\/05\/\u56fe\u724722.png 1000w, https:\/\/www.xminsulation.com\/wp-content\/uploads\/2024\/05\/\u56fe\u724722-208x300.png 208w, https:\/\/www.xminsulation.com\/wp-content\/uploads\/2024\/05\/\u56fe\u724722-710x1024.png 710w, https:\/\/www.xminsulation.com\/wp-content\/uploads\/2024\/05\/\u56fe\u724722-768x1108.png 768w, https:\/\/www.xminsulation.com\/wp-content\/uploads\/2024\/05\/\u56fe\u724722-600x866.png 600w\" sizes=\"(max-width: 1000px) 100vw, 1000px\" \/> <img loading=\"lazy\" decoding=\"async\" class=\"alignnone wp-image-1028 size-full\" src=\"http:\/\/www.xminsulation.com\/wp-content\/uploads\/2024\/05\/\u56fe\u724723.png\" alt=\"\" width=\"1000\" height=\"906\" srcset=\"https:\/\/www.xminsulation.com\/wp-content\/uploads\/2024\/05\/\u56fe\u724723.png 1000w, https:\/\/www.xminsulation.com\/wp-content\/uploads\/2024\/05\/\u56fe\u724723-300x272.png 300w, https:\/\/www.xminsulation.com\/wp-content\/uploads\/2024\/05\/\u56fe\u724723-768x696.png 768w, https:\/\/www.xminsulation.com\/wp-content\/uploads\/2024\/05\/\u56fe\u724723-600x544.png 600w\" sizes=\"(max-width: 1000px) 100vw, 1000px\" \/> <img loading=\"lazy\" decoding=\"async\" class=\"alignnone wp-image-1029 size-full\" src=\"http:\/\/www.xminsulation.com\/wp-content\/uploads\/2024\/05\/\u56fe\u724724.png\" alt=\"\" width=\"1000\" height=\"518\" srcset=\"https:\/\/www.xminsulation.com\/wp-content\/uploads\/2024\/05\/\u56fe\u724724.png 1000w, https:\/\/www.xminsulation.com\/wp-content\/uploads\/2024\/05\/\u56fe\u724724-300x155.png 300w, https:\/\/www.xminsulation.com\/wp-content\/uploads\/2024\/05\/\u56fe\u724724-768x398.png 768w, https:\/\/www.xminsulation.com\/wp-content\/uploads\/2024\/05\/\u56fe\u724724-600x311.png 600w\" sizes=\"(max-width: 1000px) 100vw, 1000px\" \/><\/p>\n<h2><strong><b>Diagrama de estructura y dimensiones del interruptor de derivaci\u00f3n el\u00e9ctrica<\/b><\/strong><\/h2>\n<p><img loading=\"lazy\" decoding=\"async\" class=\"alignnone wp-image-1030 size-full\" src=\"http:\/\/www.xminsulation.com\/wp-content\/uploads\/2024\/05\/\u56fe\u724725.png\" alt=\"\" width=\"1000\" height=\"753\" srcset=\"https:\/\/www.xminsulation.com\/wp-content\/uploads\/2024\/05\/\u56fe\u724725.png 1000w, https:\/\/www.xminsulation.com\/wp-content\/uploads\/2024\/05\/\u56fe\u724725-300x226.png 300w, https:\/\/www.xminsulation.com\/wp-content\/uploads\/2024\/05\/\u56fe\u724725-768x578.png 768w, https:\/\/www.xminsulation.com\/wp-content\/uploads\/2024\/05\/\u56fe\u724725-600x452.png 600w\" sizes=\"(max-width: 1000px) 100vw, 1000px\" \/><\/p>\n<p>1. Contador de llamadas.<\/p>\n<p>2\uff0c\u4ea7\u54c1\u94ed\u724cPlaca de identificaci\u00f3n del producto.<\/p>\n<p>3\uff0c\u5de6\u4fa7\u94e0\u88c5\u5957\u7ba1\u63d2\u5ea7\u53ca\u9632\u5c18\u76d6Enchufe de manga blindada del lado izquierdo y cubierta antipolvo.<\/p>\n<p>4\uff0c\u624b\u52a8\u95ed\u9501\u88c5\u7f6eDispositivo de bloqueo manual.<\/p>\n<p>5, SF6 \u6c14\u538b\u8868Man\u00f3metro de aire SF6.<\/p>\n<p>6\uff0cSF6\u6c14\u4f53\u6ce8\u5165\u9600V\u00e1lvula de inyecci\u00f3n de gas SF6.<\/p>\n<p>7. Tr\u00edpode inferior.<\/p>\n<p>8\uff0c\u4e0a\u63d0\u628a\u53ca\u540a\u8033Asas y orejetas de elevaci\u00f3n.<\/p>\n<p>9\uff0c\u53f3\u4fa7\u94e0\u88c5\u5957\u7ba1\u63d2\u5ea7\u53ca\u9632\u5c18\u76d6Enchufe de la manga blindada derecha y cubierta antipolvo.<\/p>\n<p>10\uff0c\u6838\u76f8\u4eea\/\u63a7\u5236\u5668Analizador\/controlador de fases nucleares.<\/p>\n<p>11\uff0c\u9ad8\u6c14\u538b\u9632\u7206\u88c5\u7f6eDispositivo a prueba de explosiones de alta presi\u00f3n.<\/p>\n<p>12\uff0c\u64cd\u4f5c\u624b\u67c4Manija de operaci\u00f3n.<\/p>\n<p>13. Perno de conexi\u00f3n a tierra.<\/p>\n<p>14\uff0c\u822a\u7a7a\u63d2\u5ea7Toma de aviaci\u00f3n.<\/p>\n<p><img loading=\"lazy\" decoding=\"async\" class=\"alignnone wp-image-1031 size-full\" src=\"http:\/\/www.xminsulation.com\/wp-content\/uploads\/2024\/05\/\u56fe\u724726.png\" alt=\"\" width=\"1000\" height=\"1188\" srcset=\"https:\/\/www.xminsulation.com\/wp-content\/uploads\/2024\/05\/\u56fe\u724726.png 1000w, https:\/\/www.xminsulation.com\/wp-content\/uploads\/2024\/05\/\u56fe\u724726-253x300.png 253w, https:\/\/www.xminsulation.com\/wp-content\/uploads\/2024\/05\/\u56fe\u724726-862x1024.png 862w, https:\/\/www.xminsulation.com\/wp-content\/uploads\/2024\/05\/\u56fe\u724726-768x912.png 768w, https:\/\/www.xminsulation.com\/wp-content\/uploads\/2024\/05\/\u56fe\u724726-600x713.png 600w\" sizes=\"(max-width: 1000px) 100vw, 1000px\" \/> <img loading=\"lazy\" decoding=\"async\" class=\"alignnone wp-image-1032 size-full\" src=\"http:\/\/www.xminsulation.com\/wp-content\/uploads\/2024\/05\/\u56fe\u724727.png\" alt=\"\" width=\"1000\" height=\"749\" srcset=\"https:\/\/www.xminsulation.com\/wp-content\/uploads\/2024\/05\/\u56fe\u724727.png 1000w, https:\/\/www.xminsulation.com\/wp-content\/uploads\/2024\/05\/\u56fe\u724727-300x225.png 300w, https:\/\/www.xminsulation.com\/wp-content\/uploads\/2024\/05\/\u56fe\u724727-768x575.png 768w, https:\/\/www.xminsulation.com\/wp-content\/uploads\/2024\/05\/\u56fe\u724727-600x449.png 600w\" sizes=\"(max-width: 1000px) 100vw, 1000px\" \/> <img loading=\"lazy\" decoding=\"async\" class=\"alignnone wp-image-1033 size-full\" src=\"http:\/\/www.xminsulation.com\/wp-content\/uploads\/2024\/05\/\u56fe\u724728.png\" alt=\"\" width=\"1000\" height=\"915\" srcset=\"https:\/\/www.xminsulation.com\/wp-content\/uploads\/2024\/05\/\u56fe\u724728.png 1000w, https:\/\/www.xminsulation.com\/wp-content\/uploads\/2024\/05\/\u56fe\u724728-300x275.png 300w, https:\/\/www.xminsulation.com\/wp-content\/uploads\/2024\/05\/\u56fe\u724728-768x703.png 768w, https:\/\/www.xminsulation.com\/wp-content\/uploads\/2024\/05\/\u56fe\u724728-600x549.png 600w\" sizes=\"(max-width: 1000px) 100vw, 1000px\" \/> <img loading=\"lazy\" decoding=\"async\" class=\"alignnone wp-image-1034 size-full\" src=\"http:\/\/www.xminsulation.com\/wp-content\/uploads\/2024\/05\/\u56fe\u724729.png\" alt=\"\" width=\"467\" height=\"806\" srcset=\"https:\/\/www.xminsulation.com\/wp-content\/uploads\/2024\/05\/\u56fe\u724729.png 467w, https:\/\/www.xminsulation.com\/wp-content\/uploads\/2024\/05\/\u56fe\u724729-174x300.png 174w\" sizes=\"(max-width: 467px) 100vw, 467px\" \/><\/p>\n<p><strong><b>Instalaci\u00f3n del <\/b><\/strong><strong><b>S<\/b><\/strong><strong><b>bruja <\/b><\/strong><strong><b>B<\/b><\/strong><strong><b>ody<\/b><\/strong><\/p>\n<ol>\n<li>Instale el soporte en el poste.<\/li>\n<\/ol>\n<p><img loading=\"lazy\" decoding=\"async\" class=\"alignnone wp-image-1035 size-full\" src=\"http:\/\/www.xminsulation.com\/wp-content\/uploads\/2024\/05\/\u56fe\u724730.png\" alt=\"\" width=\"600\" height=\"573\" srcset=\"https:\/\/www.xminsulation.com\/wp-content\/uploads\/2024\/05\/\u56fe\u724730.png 600w, https:\/\/www.xminsulation.com\/wp-content\/uploads\/2024\/05\/\u56fe\u724730-300x287.png 300w\" sizes=\"(max-width: 600px) 100vw, 600px\" \/><\/p>\n<ol start=\"2\">\n<li>Cuelgue el interruptor de derivaci\u00f3n en el soporte.<\/li>\n<\/ol>\n<p><img loading=\"lazy\" decoding=\"async\" class=\"alignnone wp-image-1036 size-full\" src=\"http:\/\/www.xminsulation.com\/wp-content\/uploads\/2024\/05\/\u56fe\u724731.png\" alt=\"\" width=\"600\" height=\"297\" srcset=\"https:\/\/www.xminsulation.com\/wp-content\/uploads\/2024\/05\/\u56fe\u724731.png 600w, https:\/\/www.xminsulation.com\/wp-content\/uploads\/2024\/05\/\u56fe\u724731-300x149.png 300w\" sizes=\"(max-width: 600px) 100vw, 600px\" \/><\/p>\n<p><img loading=\"lazy\" decoding=\"async\" class=\"alignnone wp-image-1037 size-full\" src=\"http:\/\/www.xminsulation.com\/wp-content\/uploads\/2024\/05\/\u56fe\u724732.png\" alt=\"\" width=\"600\" height=\"335\" srcset=\"https:\/\/www.xminsulation.com\/wp-content\/uploads\/2024\/05\/\u56fe\u724732.png 600w, https:\/\/www.xminsulation.com\/wp-content\/uploads\/2024\/05\/\u56fe\u724732-300x168.png 300w\" sizes=\"(max-width: 600px) 100vw, 600px\" \/><\/p>\n<h2 class=\"wxts\">\u25c6Personalizaci\u00f3n especial<\/h2>\n<p>Los par\u00e1metros anteriores son datos t\u00edpicos; Si los estilos existentes no satisfacen sus demandas espec\u00edficas, cont\u00e1ctenos para obtener un dise\u00f1o personalizado. Contamos con importantes habilidades de producci\u00f3n y desarrollo de personalizaci\u00f3n personalizada, lo que nos permite brindar soluciones personalizadas a clientes de todo el mundo.<\/p>","protected":false},"excerpt":{"rendered":"<p>General Information Bypass integrated action technology is a new operation technology to improve the reliability of power supply in distribution network. It includes distribution network conventional operation, charged operation, bypass operation, mobile power operation and other operation modes. 10\/24kV 200A\/400A\/630A LBS engineering type bypass load switch is the core equipment to meet the bypass integrated [&hellip;]<\/p>","protected":false},"featured_media":1017,"template":"","meta":{"site-sidebar-layout":"default","site-content-layout":"","ast-site-content-layout":"default","site-content-style":"default","site-sidebar-style":"default","ast-global-header-display":"","ast-banner-title-visibility":"","ast-main-header-display":"","ast-hfb-above-header-display":"","ast-hfb-below-header-display":"","ast-hfb-mobile-header-display":"","site-post-title":"","ast-breadcrumbs-content":"","ast-featured-img":"","footer-sml-layout":"","theme-transparent-header-meta":"default","adv-header-id-meta":"","stick-header-meta":"","header-above-stick-meta":"","header-main-stick-meta":"","header-below-stick-meta":"","astra-migrate-meta-layouts":"set","ast-page-background-enabled":"default","ast-page-background-meta":{"desktop":{"background-color":"","background-image":"","background-repeat":"repeat","background-position":"center center","background-size":"auto","background-attachment":"scroll","background-type":"","background-media":"","overlay-type":"","overlay-color":"","overlay-gradient":""},"tablet":{"background-color":"","background-image":"","background-repeat":"repeat","background-position":"center center","background-size":"auto","background-attachment":"scroll","background-type":"","background-media":"","overlay-type":"","overlay-color":"","overlay-gradient":""},"mobile":{"background-color":"","background-image":"","background-repeat":"repeat","background-position":"center center","background-size":"auto","background-attachment":"scroll","background-type":"","background-media":"","overlay-type":"","overlay-color":"","overlay-gradient":""}},"ast-content-background-meta":{"desktop":{"background-color":"var(--ast-global-color-5)","background-image":"","background-repeat":"repeat","background-position":"center center","background-size":"auto","background-attachment":"scroll","background-type":"","background-media":"","overlay-type":"","overlay-color":"","overlay-gradient":""},"tablet":{"background-color":"var(--ast-global-color-5)","background-image":"","background-repeat":"repeat","background-position":"center center","background-size":"auto","background-attachment":"scroll","background-type":"","background-media":"","overlay-type":"","overlay-color":"","overlay-gradient":""},"mobile":{"background-color":"var(--ast-global-color-5)","background-image":"","background-repeat":"repeat","background-position":"center center","background-size":"auto","background-attachment":"scroll","background-type":"","background-media":"","overlay-type":"","overlay-color":"","overlay-gradient":""}}},"product_cat":[57],"product_tag":[],"class_list":{"0":"post-1016","1":"product","2":"type-product","3":"status-publish","4":"has-post-thumbnail","6":"product_cat-bypass-switch","7":"desktop-align-left","8":"tablet-align-left","9":"mobile-align-left","11":"first","12":"instock","13":"shipping-taxable","14":"product-type-simple"},"_links":{"self":[{"href":"https:\/\/www.xminsulation.com\/es\/wp-json\/wp\/v2\/product\/1016","targetHints":{"allow":["GET"]}}],"collection":[{"href":"https:\/\/www.xminsulation.com\/es\/wp-json\/wp\/v2\/product"}],"about":[{"href":"https:\/\/www.xminsulation.com\/es\/wp-json\/wp\/v2\/types\/product"}],"wp:featuredmedia":[{"embeddable":true,"href":"https:\/\/www.xminsulation.com\/es\/wp-json\/wp\/v2\/media\/1017"}],"wp:attachment":[{"href":"https:\/\/www.xminsulation.com\/es\/wp-json\/wp\/v2\/media?parent=1016"}],"wp:term":[{"taxonomy":"product_cat","embeddable":true,"href":"https:\/\/www.xminsulation.com\/es\/wp-json\/wp\/v2\/product_cat?post=1016"},{"taxonomy":"product_tag","embeddable":true,"href":"https:\/\/www.xminsulation.com\/es\/wp-json\/wp\/v2\/product_tag?post=1016"}],"curies":[{"name":"wp","href":"https:\/\/api.w.org\/{rel}","templated":true}]}}