{"id":1000,"date":"2024-05-06T10:00:12","date_gmt":"2024-05-06T02:00:12","guid":{"rendered":"http:\/\/www.xminsulation.com\/?post_type=product&#038;p=1000"},"modified":"2024-05-23T21:39:51","modified_gmt":"2024-05-23T13:39:51","slug":"40-5kv-630a-sf6-gis-circuit-breaker-upper-isolation","status":"publish","type":"product","link":"https:\/\/www.xminsulation.com\/es\/product\/40-5kv-630a-sf6-gis-circuit-breaker-upper-isolation\/","title":{"rendered":"Disyuntor GIS SF6 de 40,5 kV y 630 A (aislamiento superior)"},"content":{"rendered":"<p><img fetchpriority=\"high\" decoding=\"async\" class=\"alignnone wp-image-1001 size-full\" src=\"http:\/\/www.xminsulation.com\/wp-content\/uploads\/2024\/05\/\u56fe\u72472.jpg\" alt=\"\" width=\"877\" height=\"877\" srcset=\"https:\/\/www.xminsulation.com\/wp-content\/uploads\/2024\/05\/\u56fe\u72472.jpg 877w, https:\/\/www.xminsulation.com\/wp-content\/uploads\/2024\/05\/\u56fe\u72472-300x300.jpg 300w, https:\/\/www.xminsulation.com\/wp-content\/uploads\/2024\/05\/\u56fe\u72472-150x150.jpg 150w, https:\/\/www.xminsulation.com\/wp-content\/uploads\/2024\/05\/\u56fe\u72472-768x768.jpg 768w, https:\/\/www.xminsulation.com\/wp-content\/uploads\/2024\/05\/\u56fe\u72472-600x600.jpg 600w, https:\/\/www.xminsulation.com\/wp-content\/uploads\/2024\/05\/\u56fe\u72472-100x100.jpg 100w\" sizes=\"(max-width: 877px) 100vw, 877px\" \/><\/p>\n<h2>Informaci\u00f3n general<\/h2>\n<p>Interruptor de alta tensi\u00f3n GIS de SF6 de 40,5 kV a 630 A, totalmente aislado y sellado, apto para el control y la protecci\u00f3n de sistemas de transmisi\u00f3n y distribuci\u00f3n de 35 kV a 40,5 kV. Se utiliza para dividir la corriente de carga y la corriente de cortocircuito. Su dise\u00f1o modular se caracteriza por su estructura compacta, buen rendimiento de corte, alta fiabilidad, larga vida \u00fatil, aislamiento completo, ausencia de mantenimiento y tama\u00f1o compacto. Se utiliza ampliamente en redes industriales, redes civiles en anillo y redes de suministro de energ\u00eda en terminales. Es especialmente adecuado para peque\u00f1as centrales el\u00e9ctricas de distribuci\u00f3n secundaria, estaciones de apertura y cierre, empresas industriales y mineras, aeropuertos, ferrocarriles, carreteras, metros, distritos comerciales, viviendas, energ\u00eda e\u00f3lica, optoelectr\u00f3nica y otros campos.<\/p>\n<h2>Condiciones ambientales de uso<\/h2>\n<p>Lugar de instalaci\u00f3n: Dentro del tanque de gasolina.<br \/>\nTemperatura ambiente (\u2103): -45~+40.<br \/>\nAltitud(m):\u22642000.<br \/>\nHumedad del aire (%): El promedio diario no es m\u00e1s de 95% y el promedio mensual no es m\u00e1s de 90%.<br \/>\nIntensidad s\u00edsmica: \u22648 grados<\/p>\n<p><img decoding=\"async\" class=\"alignnone wp-image-1002 size-full\" src=\"http:\/\/www.xminsulation.com\/wp-content\/uploads\/2024\/05\/\u56fe\u72473.png\" alt=\"\" width=\"1280\" height=\"1336\" srcset=\"https:\/\/www.xminsulation.com\/wp-content\/uploads\/2024\/05\/\u56fe\u72473.png 1280w, https:\/\/www.xminsulation.com\/wp-content\/uploads\/2024\/05\/\u56fe\u72473-287x300.png 287w, https:\/\/www.xminsulation.com\/wp-content\/uploads\/2024\/05\/\u56fe\u72473-981x1024.png 981w, https:\/\/www.xminsulation.com\/wp-content\/uploads\/2024\/05\/\u56fe\u72473-768x802.png 768w, https:\/\/www.xminsulation.com\/wp-content\/uploads\/2024\/05\/\u56fe\u72473-600x626.png 600w\" sizes=\"(max-width: 1280px) 100vw, 1280px\" \/><\/p>\n<h2>Dimensiones de la estructura y de la instalaci\u00f3n<\/h2>\n<p><img decoding=\"async\" class=\"alignnone wp-image-1003 size-full\" src=\"http:\/\/www.xminsulation.com\/wp-content\/uploads\/2024\/05\/\u56fe\u72474.png\" alt=\"\" width=\"1117\" height=\"622\" srcset=\"https:\/\/www.xminsulation.com\/wp-content\/uploads\/2024\/05\/\u56fe\u72474.png 1117w, https:\/\/www.xminsulation.com\/wp-content\/uploads\/2024\/05\/\u56fe\u72474-300x167.png 300w, https:\/\/www.xminsulation.com\/wp-content\/uploads\/2024\/05\/\u56fe\u72474-1024x570.png 1024w, https:\/\/www.xminsulation.com\/wp-content\/uploads\/2024\/05\/\u56fe\u72474-768x428.png 768w, https:\/\/www.xminsulation.com\/wp-content\/uploads\/2024\/05\/\u56fe\u72474-600x334.png 600w\" sizes=\"(max-width: 1117px) 100vw, 1117px\" \/><\/p>\n<div class=\"wxts\">\n<h2>\u25c6Personalizaci\u00f3n especial<\/h2>\n<p>Los par\u00e1metros anteriores son datos t\u00edpicos; Si los estilos existentes no satisfacen sus demandas espec\u00edficas, cont\u00e1ctenos para obtener un dise\u00f1o personalizado. Contamos con importantes habilidades de producci\u00f3n y desarrollo de personalizaci\u00f3n personalizada, lo que nos permite brindar soluciones personalizadas a clientes de todo el mundo.<\/p>\n<\/div>","protected":false},"excerpt":{"rendered":"<p>General Information SF6 40.5kV-630A Fully insulated and fully sealed GIS high-voltage switch, suitable for 35kV-40.5kV transmission and distribution system control and protection, used to split the load current, short circuit current. The modular design is characterized by compact structure, good breaking performance, high reliability, long life, full insulation, maintenance-free, small footprint, and can be widely [&hellip;]<\/p>","protected":false},"featured_media":1004,"template":"","meta":{"site-sidebar-layout":"default","site-content-layout":"","ast-site-content-layout":"default","site-content-style":"default","site-sidebar-style":"default","ast-global-header-display":"","ast-banner-title-visibility":"","ast-main-header-display":"","ast-hfb-above-header-display":"","ast-hfb-below-header-display":"","ast-hfb-mobile-header-display":"","site-post-title":"","ast-breadcrumbs-content":"","ast-featured-img":"","footer-sml-layout":"","theme-transparent-header-meta":"default","adv-header-id-meta":"","stick-header-meta":"","header-above-stick-meta":"","header-main-stick-meta":"","header-below-stick-meta":"","astra-migrate-meta-layouts":"set","ast-page-background-enabled":"default","ast-page-background-meta":{"desktop":{"background-color":"","background-image":"","background-repeat":"repeat","background-position":"center center","background-size":"auto","background-attachment":"scroll","background-type":"","background-media":"","overlay-type":"","overlay-color":"","overlay-gradient":""},"tablet":{"background-color":"","background-image":"","background-repeat":"repeat","background-position":"center center","background-size":"auto","background-attachment":"scroll","background-type":"","background-media":"","overlay-type":"","overlay-color":"","overlay-gradient":""},"mobile":{"background-color":"","background-image":"","background-repeat":"repeat","background-position":"center center","background-size":"auto","background-attachment":"scroll","background-type":"","background-media":"","overlay-type":"","overlay-color":"","overlay-gradient":""}},"ast-content-background-meta":{"desktop":{"background-color":"var(--ast-global-color-5)","background-image":"","background-repeat":"repeat","background-position":"center center","background-size":"auto","background-attachment":"scroll","background-type":"","background-media":"","overlay-type":"","overlay-color":"","overlay-gradient":""},"tablet":{"background-color":"var(--ast-global-color-5)","background-image":"","background-repeat":"repeat","background-position":"center center","background-size":"auto","background-attachment":"scroll","background-type":"","background-media":"","overlay-type":"","overlay-color":"","overlay-gradient":""},"mobile":{"background-color":"var(--ast-global-color-5)","background-image":"","background-repeat":"repeat","background-position":"center center","background-size":"auto","background-attachment":"scroll","background-type":"","background-media":"","overlay-type":"","overlay-color":"","overlay-gradient":""}}},"product_cat":[31],"product_tag":[],"class_list":{"0":"post-1000","1":"product","2":"type-product","3":"status-publish","4":"has-post-thumbnail","6":"product_cat-10-40-5kv-indoor-sf6-circuit-breaker-switch","7":"desktop-align-left","8":"tablet-align-left","9":"mobile-align-left","11":"first","12":"instock","13":"shipping-taxable","14":"product-type-simple"},"_links":{"self":[{"href":"https:\/\/www.xminsulation.com\/es\/wp-json\/wp\/v2\/product\/1000","targetHints":{"allow":["GET"]}}],"collection":[{"href":"https:\/\/www.xminsulation.com\/es\/wp-json\/wp\/v2\/product"}],"about":[{"href":"https:\/\/www.xminsulation.com\/es\/wp-json\/wp\/v2\/types\/product"}],"wp:featuredmedia":[{"embeddable":true,"href":"https:\/\/www.xminsulation.com\/es\/wp-json\/wp\/v2\/media\/1004"}],"wp:attachment":[{"href":"https:\/\/www.xminsulation.com\/es\/wp-json\/wp\/v2\/media?parent=1000"}],"wp:term":[{"taxonomy":"product_cat","embeddable":true,"href":"https:\/\/www.xminsulation.com\/es\/wp-json\/wp\/v2\/product_cat?post=1000"},{"taxonomy":"product_tag","embeddable":true,"href":"https:\/\/www.xminsulation.com\/es\/wp-json\/wp\/v2\/product_tag?post=1000"}],"curies":[{"name":"wp","href":"https:\/\/api.w.org\/{rel}","templated":true}]}}