{"id":953,"date":"2024-04-29T11:30:44","date_gmt":"2024-04-29T03:30:44","guid":{"rendered":"http:\/\/www.xminsulation.com\/?page_id=953"},"modified":"2024-05-16T08:53:33","modified_gmt":"2024-05-16T00:53:33","slug":"company-milestones","status":"publish","type":"page","link":"https:\/\/www.xminsulation.com\/es\/company-milestones\/","title":{"rendered":"Company Milestones"},"content":{"rendered":"<div data-elementor-type=\"wp-page\" data-elementor-id=\"953\" class=\"elementor elementor-953\">\r\n\t\t\t\t<div class=\"elementor-element elementor-element-70d06e1 e-flex e-con-boxed e-con e-parent\" data-id=\"70d06e1\" data-element_type=\"container\">\r\n\t\t\t\t\t<div class=\"e-con-inner\">\r\n\t\t\t\t<div class=\"elementor-element elementor-element-da32fb3 elementor-widget elementor-widget-html\" data-id=\"da32fb3\" data-element_type=\"widget\" data-widget_type=\"html.default\">\r\n\t\t\t\t<div class=\"elementor-widget-container\">\r\n\t\t\t<div class=\"ab_02\">\r\n                    <ul>\r\n                                                                        <li>\r\n                            <span><b>2024<\/b><\/span>\r\n                            <i class=\"richtext\">\r\n                               en febrero de 2024, se estableci\u00f3 la divisi\u00f3n de controlador de unidad terminal de alimentador de distribuci\u00f3n inteligente con interruptor exterior.                      <\/i>\r\n                        <\/li>\r\n                                                <li>\r\n                            <span><b>2024<\/b><\/span>\r\n                            <i class=\"richtext\">\r\n                               En febrero de 2024, la aparamenta con aislamiento s\u00f3lido de 24 kV, libre de SF6, personalizada y desarrollada para el mercado sudamericano, super\u00f3 varias pruebas en el extranjero. <\/i>\r\n                        <\/li>\r\n                                                <li>\r\n                            <span><b>2023<\/b><\/span>\r\n                            <i class=\"richtext\">\r\n                               En noviembre de 2023, un laboratorio externo italiano desarroll\u00f3 con \u00e9xito el estilo compacto de la aparamenta con aislamiento de aire puro, ecol\u00f3gica y de 24 kV, sin SF6 y pas\u00f3 varias pruebas.               <\/i>\r\n                        <\/li>\r\n                                                <li>\r\n                            <span><b>2022<\/b><\/span>\r\n                            <i class=\"richtext\">\r\n                                En octubre de 2022, el reconectador exterior montado en poste desarrollado para uno de nuestros clientes en Medio Oriente pas\u00f3 varias pruebas en el laboratorio de KEMA.                         <\/i>\r\n                        <\/li>\r\n                                                <li>\r\n                            <span><b>2021<\/b><\/span>\r\n                            <i class=\"richtext\">\r\n                                En septiembre de 2021, nuestras carcasas APG SF6 LBS para interiores, \u201cVersi\u00f3n de Medio Oriente\u201d, ISE-24-230, 24 kV, espaciado de fases de 230 mm, \u00a1la cantidad acumulada de producci\u00f3n y ventas de un solo modelo super\u00f3 las 100 000 unidades!                         <\/i>\r\n                        <\/li>\r\n                                                <li>\r\n                            <span><b>2021<\/b><\/span>\r\n                            <i class=\"richtext\">\r\n                              En junio de 2021, se desarroll\u00f3 con \u00e9xito nuestra aparamenta aislada de aire puro, ecol\u00f3gica y sin SF6 de 12 kV.         <\/i>\r\n                        <\/li>\r\n                                                <li>\r\n                            <span><b>2020<\/b><\/span>\r\n                            <i class=\"richtext\">\r\n                              En diciembre de 2020 se desarroll\u00f3 con \u00e9xito nuestro proyecto de enchufes y recept\u00e1culos quik-lock de media tensi\u00f3n. Que es un componente para el interruptor GIS de SF6 de media tensi\u00f3n y los gabinetes de entrada del interruptor de aislamiento de aire ecol\u00f3gico, que coincide con la interfaz de carga del cami\u00f3n de generaci\u00f3n de energ\u00eda de emergencia. Y nos convertimos en uno de los primeros fabricantes nacionales en desarrollar y producir de forma independiente enchufes y recept\u00e1culos de bloqueo r\u00e1pido.                      <\/i>\r\n                        <\/li>\r\n                                                <li>\r\n                            <span><b>2020<\/b><\/span>\r\n                            <i class=\"richtext\">\r\n                                En octubre de 2020, obtuvimos el t\u00edtulo de &quot;Empresa Nacional de Alta Tecnolog\u00eda&quot;, el n\u00famero de certificado es GR201735100369.                            <\/i>\r\n                        <\/li>\r\n                                                <li>\r\n                            <span><b>2020<\/b><\/span>\r\n                            <i class=\"richtext\">\r\n                               En julio de 2020, recibimos el t\u00edtulo de &quot;Peque\u00f1a empresa gigante tecnol\u00f3gica de la provincia de Fujian&quot;, el n\u00famero de certificado es 20200220.                      <\/i>\r\n                        <\/li>\r\n                                                <li>\r\n                            <span><b>2020<\/b><\/span>\r\n                            <i class=\"richtext\">\r\n                               En junio de 2020, proporcionamos oficialmente reconectadores y postes integrados inteligentes para exteriores que cumplen con los est\u00e1ndares de State Grid de China para empresas nacionales que cotizan en bolsa.                         <\/i>\r\n                        <\/li>\r\n                                                <li>\r\n                            <span><b>2018<\/b><\/span>\r\n                            <i class=\"richtext\">\r\n                              En junio de 2018, recibimos el t\u00edtulo de &quot;Xiamen SRDI Enterprises&quot;.                          <\/i>\r\n                        <\/li>\r\n                                                <li>\r\n                            <span><b>2016<\/b><\/span>\r\n                            <i class=\"richtext\">\r\n                                En marzo de 2016 se cre\u00f3 la divisi\u00f3n de mecanismos de resorte, convirti\u00e9ndose en una de las primeras empresas nacionales en producir tanto interruptores como mecanismos de media tensi\u00f3n.<br>                            <\/i>\r\n                        <\/li>\r\n                                                <li>\r\n                            <span><b>2015<\/b><\/span>\r\n                            <i class=\"richtext\">\r\n                               En agosto de 2015, desarrollamos con \u00e9xito la carcasa aislante de resina epoxi APG extra grande y resistente y el interruptor de corte de carga SF6 de 40,5 kV.                         <\/i>\r\n                        <\/li>\r\n                                                <li>\r\n                            <span><b>2014<\/b><\/span>\r\n                            <i class=\"richtext\">\r\n                               En noviembre de 2014, se desarroll\u00f3 con \u00e9xito el tablero de distribuci\u00f3n con aislamiento s\u00f3lido de 12 kV.                   <\/i>\r\n                        <\/li>\r\n                                   \r\n\t\t\t\t\t\t\t\t   \r\n\t\t\t\t\t\t\t\t         <li>\r\n                            <span><b>2013<\/b><\/span>\r\n                            <i class=\"richtext\">\r\n                               El 10 de julio de 2013, se estableci\u00f3 Xiamen Insulation Electrical Technology Co., Ltd. Producimos principalmente piezas de aislamiento de resina epoxi APG para media tensi\u00f3n.        <\/i>\r\n                        <\/li>          \r\n                    <\/ul>\r\n                <\/div>\r\n\r\n\r\n<style>\r\n\r\ni{ font-style:normal}\r\n.ab_02 {\r\n    width: 100%;\r\n    overflow: hidden;\r\n    margin-top: 40px;\r\n    position: relative\r\n}\r\n\r\n.ab_02 ul li {\r\n    width: 100%;\r\n    overflow: hidden;\r\n    margin-bottom: 40px\r\n}\r\n\r\n.ab_02 ul li span {\r\n    width: 77px;\r\n    height: 70px;\r\n    display: block;\r\n    overflow: hidden;\r\n    float: left;\r\n    background: url(\"\/wp-content\/uploads\/2024\/04\/dsj_01.jpg\") no-repeat;\r\n    background-size: 100%;\r\n    text-align: center;\r\n    line-height: 70px;\r\n    font-size: 24px;\r\n    color: #fff;\r\n    font-weight: bold\r\n}\r\n\r\n.ab_02 ul li span b {\r\n    width: 70px;\r\n    height: 70px;\r\n    text-align: center;\r\n    display: block;\r\n    overflow: hidden\r\n}\r\n\r\n.ab_02 ul li i {\r\n    width: 80%;\r\n    display: block;\r\n    overflow: hidden;\r\n    float: left;\r\n    margin-left: 20px;\r\n    font-size: 14px;\r\n    color: #222;\r\n    line-height: 20px;\r\n    margin-top: 25px\r\n}\r\n\r\n@media (max-width: 544px){\r\n\r\n.ab_02 ul li span { font-size:20px;}\r\n}\r\n\r\n<\/style>\t\t<\/div>\r\n\t\t\t\t<\/div>\r\n\t\t\t\t\t<\/div>\r\n\t\t\t\t<\/div>\r\n\t\t\t\t<\/div>","protected":false},"excerpt":{"rendered":"<p>2024 in February 2024, the outdoor switch intelligent distribution feeder terminal unit controller division was established. 2024 In February 2024, the SF6-free, 24kV solid insulated switchgear customized and developed for the South American market passed various foreign tests. 2023 In November 2023, the compact style of SF6-free 24kV ECO-friendly pure air insulated switchgear was successfully [&hellip;]<\/p>","protected":false},"author":1,"featured_media":0,"parent":0,"menu_order":0,"comment_status":"closed","ping_status":"closed","template":"","meta":{"site-sidebar-layout":"no-sidebar","site-content-layout":"page-builder","ast-site-content-layout":"full-width-container","site-content-style":"default","site-sidebar-style":"default","ast-global-header-display":"","ast-banner-title-visibility":"","ast-main-header-display":"","ast-hfb-above-header-display":"","ast-hfb-below-header-display":"","ast-hfb-mobile-header-display":"","site-post-title":"disabled","ast-breadcrumbs-content":"","ast-featured-img":"disabled","footer-sml-layout":"","theme-transparent-header-meta":"","adv-header-id-meta":"","stick-header-meta":"","header-above-stick-meta":"","header-main-stick-meta":"","header-below-stick-meta":"","astra-migrate-meta-layouts":"set","ast-page-background-enabled":"default","ast-page-background-meta":{"desktop":{"background-color":"","background-image":"","background-repeat":"repeat","background-position":"center center","background-size":"auto","background-attachment":"scroll","background-type":"","background-media":"","overlay-type":"","overlay-color":"","overlay-gradient":""},"tablet":{"background-color":"","background-image":"","background-repeat":"repeat","background-position":"center center","background-size":"auto","background-attachment":"scroll","background-type":"","background-media":"","overlay-type":"","overlay-color":"","overlay-gradient":""},"mobile":{"background-color":"","background-image":"","background-repeat":"repeat","background-position":"center center","background-size":"auto","background-attachment":"scroll","background-type":"","background-media":"","overlay-type":"","overlay-color":"","overlay-gradient":""}},"ast-content-background-meta":{"desktop":{"background-color":"var(--ast-global-color-5)","background-image":"","background-repeat":"repeat","background-position":"center center","background-size":"auto","background-attachment":"scroll","background-type":"","background-media":"","overlay-type":"","overlay-color":"","overlay-gradient":""},"tablet":{"background-color":"var(--ast-global-color-5)","background-image":"","background-repeat":"repeat","background-position":"center center","background-size":"auto","background-attachment":"scroll","background-type":"","background-media":"","overlay-type":"","overlay-color":"","overlay-gradient":""},"mobile":{"background-color":"var(--ast-global-color-5)","background-image":"","background-repeat":"repeat","background-position":"center center","background-size":"auto","background-attachment":"scroll","background-type":"","background-media":"","overlay-type":"","overlay-color":"","overlay-gradient":""}},"footnotes":""},"class_list":["post-953","page","type-page","status-publish","hentry"],"_links":{"self":[{"href":"https:\/\/www.xminsulation.com\/es\/wp-json\/wp\/v2\/pages\/953","targetHints":{"allow":["GET"]}}],"collection":[{"href":"https:\/\/www.xminsulation.com\/es\/wp-json\/wp\/v2\/pages"}],"about":[{"href":"https:\/\/www.xminsulation.com\/es\/wp-json\/wp\/v2\/types\/page"}],"author":[{"embeddable":true,"href":"https:\/\/www.xminsulation.com\/es\/wp-json\/wp\/v2\/users\/1"}],"replies":[{"embeddable":true,"href":"https:\/\/www.xminsulation.com\/es\/wp-json\/wp\/v2\/comments?post=953"}],"version-history":[{"count":10,"href":"https:\/\/www.xminsulation.com\/es\/wp-json\/wp\/v2\/pages\/953\/revisions"}],"predecessor-version":[{"id":1930,"href":"https:\/\/www.xminsulation.com\/es\/wp-json\/wp\/v2\/pages\/953\/revisions\/1930"}],"wp:attachment":[{"href":"https:\/\/www.xminsulation.com\/es\/wp-json\/wp\/v2\/media?parent=953"}],"curies":[{"name":"wp","href":"https:\/\/api.w.org\/{rel}","templated":true}]}}