{"id":3427,"date":"2024-12-13T09:17:11","date_gmt":"2024-12-13T01:17:11","guid":{"rendered":"https:\/\/www.xminsulation.com\/?page_id=3427"},"modified":"2025-02-14T17:55:52","modified_gmt":"2025-02-14T09:55:52","slug":"sf6-free","status":"publish","type":"page","link":"https:\/\/www.xminsulation.com\/es\/sf6-free\/","title":{"rendered":"LIBRE DE SF6"},"content":{"rendered":"<div data-elementor-type=\"wp-page\" data-elementor-id=\"3427\" class=\"elementor elementor-3427\">\r\n\t\t\t\t<div class=\"elementor-element elementor-element-105f454 e-flex e-con-boxed e-con e-parent\" data-id=\"105f454\" data-element_type=\"container\">\r\n\t\t\t\t\t<div class=\"e-con-inner\">\r\n\t\t\t\t<div class=\"elementor-element elementor-element-75686fa elementor-widget elementor-widget-text-editor\" data-id=\"75686fa\" data-element_type=\"widget\" data-widget_type=\"text-editor.default\">\r\n\t\t\t\t<div class=\"elementor-widget-container\">\r\n\t\t\t<style>\/*! elementor - v3.21.0 - 25-04-2024 *\/\n.elementor-widget-text-editor.elementor-drop-cap-view-stacked .elementor-drop-cap{background-color:#69727d;color:#fff}.elementor-widget-text-editor.elementor-drop-cap-view-framed .elementor-drop-cap{color:#69727d;border:3px solid;background-color:transparent}.elementor-widget-text-editor:not(.elementor-drop-cap-view-default) .elementor-drop-cap{margin-top:8px}.elementor-widget-text-editor:not(.elementor-drop-cap-view-default) .elementor-drop-cap-letter{width:1em;height:1em}.elementor-widget-text-editor .elementor-drop-cap{float:left;text-align:center;line-height:1;font-size:50px}.elementor-widget-text-editor .elementor-drop-cap-letter{display:inline-block}<\/style>\t\t\t\t<p>\u00a0<\/p><h3 class=\"entry-title\" style=\"color: #558022;\">Nuestra empresa designa 2025 como el \u201ca\u00f1o de desarrollo de productos libres de SF6\u201d<\/h3>\t\t\t\t\t\t<\/div>\r\n\t\t\t\t<\/div>\r\n\t\t\t\t<div class=\"elementor-element elementor-element-66c538d elementor-widget elementor-widget-text-editor\" data-id=\"66c538d\" data-element_type=\"widget\" data-widget_type=\"text-editor.default\">\r\n\t\t\t\t<div class=\"elementor-widget-container\">\r\n\t\t\t\t\t\t\t<p>\u00a0En 2025, nuestra empresa se centrar\u00e1 en lograr el objetivo del &quot;A\u00f1o de desarrollo de productos sin SF6&quot; mediante la promoci\u00f3n plena del desarrollo de productos respetuosos con el medio ambiente. Esta iniciativa fue anunciada oficialmente por nuestro ingeniero t\u00e9cnico jefe, el Sr. Zhuang Yu, el 12 de diciembre, lo que demuestra nuestra determinaci\u00f3n y compromiso con el avance del desarrollo ecol\u00f3gico.<\/p><p>En los \u00faltimos a\u00f1os, nuestra empresa ha logrado avances significativos en el desarrollo de productos ecol\u00f3gicos, entre los que se incluyen:<\/p><ul><li><strong><a href=\"https:\/\/www.xminsulation.com\/es\/categoria-de-producto\/products\/10-24kv-solid-insulated-vacuum-circuit-breaker-sf6-free\/\">Tablero de distribuci\u00f3n con aislamiento s\u00f3lido sin SF6 (10 kV-24 kV)<\/a><\/strong><\/li><li><strong><a href=\"https:\/\/www.xminsulation.com\/es\/categoria-de-producto\/products\/eco-friendly-vacuum-circuit-breaker-sf6-free\/\">Tablero de distribuci\u00f3n ecol\u00f3gico sin SF6 (10 kV-24 kV, 630 A-2000 A)<\/a><\/strong><\/li><li><strong><a href=\"https:\/\/www.xminsulation.com\/es\/categoria-de-producto\/products\/10-40-5kv-outdoor-pole-mounted-vacuum-auto-recloser\/\">Interruptor autom\u00e1tico de vac\u00edo montado en poste sin SF6 (reconectador) (10 kV-40,5 kV)<\/a><\/strong><\/li><\/ul><p>Estos productos han sido bien recibidos por los clientes por su rendimiento confiable y sus beneficios ambientales.<\/p><p>Sin embargo, a medida que se acerca la aplicaci\u00f3n de las Normas Europeas 2026 libres de SF6 para cuadros el\u00e9ctricos de media tensi\u00f3n y la demanda de alternativas al SF6 se hace m\u00e1s fuerte en los pa\u00edses desarrollados, la demanda del mercado de cuadros el\u00e9ctricos con interruptor de corte en carga libres de SF6 (panel C) y armarios combinados de interruptor de corte en carga y fusibles (panel F) se est\u00e1 volviendo cada vez m\u00e1s urgente. En vista de esto, nuestra empresa reconoce la necesidad apremiante de acelerar el desarrollo de la \u201cSerie de productos libres de SF6\u201d para satisfacer las expectativas de los clientes nacionales e internacionales.<\/p><p><strong><b>Discusiones exhaustivas<\/b><\/strong><\/p><p><strong><b>Y<\/b><\/strong><strong><b>\u00a0<\/b><\/strong><strong><b>Planificaci\u00f3n estrat\u00e9gica<\/b><\/strong><\/p><p>Recientemente, nuestros equipos t\u00e9cnicos y de gesti\u00f3n de alto nivel han realizado m\u00e1s de diez seminarios especializados en los que se han llevado a cabo an\u00e1lisis en profundidad de los \u00faltimos avances tecnol\u00f3gicos, caracter\u00edsticas de los productos, tendencias de desarrollo y v\u00edas t\u00e9cnicas en el campo. Aprovechando nuestra experiencia t\u00e9cnica, nuestra amplia experiencia en el desarrollo de productos, los datos experimentales y los estudios de viabilidad, hemos identificado el desarrollo de la \u201cSerie de productos sin SF6\u201d como un objetivo clave para 2025. Se ha establecido un plan de desarrollo detallado y un cronograma, con el objetivo de completar el prototipo en la primera mitad de 2025.<\/p><p>Durante las reuniones se desglosaron meticulosamente las etapas clave del proceso de desarrollo, entre ellas:<\/p><ul><li>Dise\u00f1o y Moldeo<\/li><li>Mecanismo de conmutaci\u00f3n e interruptores de vac\u00edo<\/li><li>Experimentos de simulaci\u00f3n y modelado<\/li><li>Pruebas internas y validaci\u00f3n externa<\/li><\/ul><p><strong><b>Productos clave \u201clibres de SF6\u201d<\/b><\/strong><\/p><p><strong><b>t<\/b><\/strong><strong><b>o Desarrollarse en 2025<\/b><\/strong><\/p><p>En 2025, nuestra empresa planea desarrollar la siguiente serie de productos libres de SF6:<\/p><ol><li>Unidades principales de anillo FL(R)N36 verde: paneles C y F sin SF6 con tensiones nominales de 10 kV a 25,8 kV.<\/li><li>Unidades principales AISRing verdes: panel C sin SF6 (LBS verde) y panel F (LBS verde con combinaci\u00f3n de fusibles) con tensiones nominales de 10 kV a 25,8 kV.<\/li><li>Interruptor de carga montado en poste verde: LBS sin SF6 con tensiones nominales de 10 kV a 27,5 kV.<\/li><\/ol><p><strong><b>Creando impulso para el \u00e9xito futuro<\/b><\/strong><\/p><p>Desde 2024, nuestra empresa ha logrado importantes hitos en la exploraci\u00f3n de tecnolog\u00eda libre de SF6, la verificaci\u00f3n experimental, el desarrollo de moldes y las pruebas de componentes cr\u00edticos. Estos logros han sentado una base s\u00f3lida para el impulso integral en 2025.<\/p><p>\u00a1Tenemos la confianza y la capacidad de completar la tarea de desarrollo de \u201cproductos de la serie libres de SF6\u201d y contribuir a reducir las emisiones de gases de efecto invernadero y promover la transformaci\u00f3n ecol\u00f3gica de interruptores y cuadros de distribuci\u00f3n de media tensi\u00f3n!<\/p>\t\t\t\t\t\t<\/div>\r\n\t\t\t\t<\/div>\r\n\t\t\t\t\t<\/div>\r\n\t\t\t\t<\/div>\r\n\t\t\t\t<\/div>","protected":false},"excerpt":{"rendered":"<p>\u00a0 Our Company Designates 2025 as the \u201cSF6-Free Product Development Year\u201d \u00a0In 2025, our company will focus on achieving the goal of the \u201cSF6-Free Product Development Year\u201d by fully promoting the development of environmentally friendly products. This initiative was officially announced by our Chief Technical Engineer, Mr. Zhuang Yu, on December 12, showcasing our determination [&hellip;]<\/p>","protected":false},"author":2,"featured_media":0,"parent":0,"menu_order":0,"comment_status":"closed","ping_status":"closed","template":"","meta":{"site-sidebar-layout":"no-sidebar","site-content-layout":"page-builder","ast-site-content-layout":"full-width-container","site-content-style":"default","site-sidebar-style":"default","ast-global-header-display":"","ast-banner-title-visibility":"","ast-main-header-display":"","ast-hfb-above-header-display":"","ast-hfb-below-header-display":"","ast-hfb-mobile-header-display":"","site-post-title":"disabled","ast-breadcrumbs-content":"","ast-featured-img":"disabled","footer-sml-layout":"","theme-transparent-header-meta":"","adv-header-id-meta":"","stick-header-meta":"","header-above-stick-meta":"","header-main-stick-meta":"","header-below-stick-meta":"","astra-migrate-meta-layouts":"set","ast-page-background-enabled":"default","ast-page-background-meta":{"desktop":{"background-color":"","background-image":"","background-repeat":"repeat","background-position":"center center","background-size":"auto","background-attachment":"scroll","background-type":"","background-media":"","overlay-type":"","overlay-color":"","overlay-gradient":""},"tablet":{"background-color":"","background-image":"","background-repeat":"repeat","background-position":"center center","background-size":"auto","background-attachment":"scroll","background-type":"","background-media":"","overlay-type":"","overlay-color":"","overlay-gradient":""},"mobile":{"background-color":"","background-image":"","background-repeat":"repeat","background-position":"center center","background-size":"auto","background-attachment":"scroll","background-type":"","background-media":"","overlay-type":"","overlay-color":"","overlay-gradient":""}},"ast-content-background-meta":{"desktop":{"background-color":"var(--ast-global-color-5)","background-image":"","background-repeat":"repeat","background-position":"center center","background-size":"auto","background-attachment":"scroll","background-type":"","background-media":"","overlay-type":"","overlay-color":"","overlay-gradient":""},"tablet":{"background-color":"var(--ast-global-color-5)","background-image":"","background-repeat":"repeat","background-position":"center center","background-size":"auto","background-attachment":"scroll","background-type":"","background-media":"","overlay-type":"","overlay-color":"","overlay-gradient":""},"mobile":{"background-color":"var(--ast-global-color-5)","background-image":"","background-repeat":"repeat","background-position":"center center","background-size":"auto","background-attachment":"scroll","background-type":"","background-media":"","overlay-type":"","overlay-color":"","overlay-gradient":""}},"footnotes":""},"class_list":["post-3427","page","type-page","status-publish","hentry"],"_links":{"self":[{"href":"https:\/\/www.xminsulation.com\/es\/wp-json\/wp\/v2\/pages\/3427","targetHints":{"allow":["GET"]}}],"collection":[{"href":"https:\/\/www.xminsulation.com\/es\/wp-json\/wp\/v2\/pages"}],"about":[{"href":"https:\/\/www.xminsulation.com\/es\/wp-json\/wp\/v2\/types\/page"}],"author":[{"embeddable":true,"href":"https:\/\/www.xminsulation.com\/es\/wp-json\/wp\/v2\/users\/2"}],"replies":[{"embeddable":true,"href":"https:\/\/www.xminsulation.com\/es\/wp-json\/wp\/v2\/comments?post=3427"}],"version-history":[{"count":22,"href":"https:\/\/www.xminsulation.com\/es\/wp-json\/wp\/v2\/pages\/3427\/revisions"}],"predecessor-version":[{"id":3652,"href":"https:\/\/www.xminsulation.com\/es\/wp-json\/wp\/v2\/pages\/3427\/revisions\/3652"}],"wp:attachment":[{"href":"https:\/\/www.xminsulation.com\/es\/wp-json\/wp\/v2\/media?parent=3427"}],"curies":[{"name":"wp","href":"https:\/\/api.w.org\/{rel}","templated":true}]}}