{"id":893,"date":"2024-04-29T09:04:46","date_gmt":"2024-04-29T01:04:46","guid":{"rendered":"http:\/\/www.xminsulation.com\/?post_type=product&#038;p=893"},"modified":"2024-05-15T16:46:32","modified_gmt":"2024-05-15T08:46:32","slug":"40-5kv-630a-sf6-gis-circuit-breaker-lower-isolation","status":"publish","type":"product","link":"https:\/\/www.xminsulation.com\/de\/product\/40-5kv-630a-sf6-gis-circuit-breaker-lower-isolation\/","title":{"rendered":"40,5 kV-630 A SF6 GIS-Leistungsschalter (niedrigere Isolierung)"},"content":{"rendered":"<p><img fetchpriority=\"high\" decoding=\"async\" class=\"alignnone wp-image-894 size-full\" src=\"http:\/\/www.xminsulation.com\/wp-content\/uploads\/2024\/04\/\u56fe\u72477.png\" alt=\"\" width=\"800\" height=\"800\" srcset=\"https:\/\/www.xminsulation.com\/wp-content\/uploads\/2024\/04\/\u56fe\u72477.png 800w, https:\/\/www.xminsulation.com\/wp-content\/uploads\/2024\/04\/\u56fe\u72477-300x300.png 300w, https:\/\/www.xminsulation.com\/wp-content\/uploads\/2024\/04\/\u56fe\u72477-150x150.png 150w, https:\/\/www.xminsulation.com\/wp-content\/uploads\/2024\/04\/\u56fe\u72477-768x768.png 768w, https:\/\/www.xminsulation.com\/wp-content\/uploads\/2024\/04\/\u56fe\u72477-600x600.png 600w, https:\/\/www.xminsulation.com\/wp-content\/uploads\/2024\/04\/\u56fe\u72477-100x100.png 100w\" sizes=\"(max-width: 800px) 100vw, 800px\" \/><\/p>\n<h2><strong><b>Allgemeine Informationen<\/b><\/strong><\/h2>\n<p>SF6 40,5 kV\u2013630 A Vollst\u00e4ndig isolierter und vollst\u00e4ndig abgedichteter GIS-Hochspannungsschalter, geeignet f\u00fcr die Steuerung und den Schutz von 35 kV\u201340,5 kV \u00dcbertragungs- und Verteilungssystemen. Er dient zur Aufteilung von Laststrom und Kurzschlussstrom. Der modulare Aufbau zeichnet sich durch kompakte Bauweise, gutes Schaltverhalten, hohe Zuverl\u00e4ssigkeit, lange Lebensdauer, vollst\u00e4ndige Isolierung, Wartungsfreiheit und geringen Platzbedarf aus und ist vielseitig in industriellen, zivilen Ringnetzen und Terminal-Stromversorgungsnetzen einsetzbar. Besonders geeignet f\u00fcr kleine Sekund\u00e4rverteilkraftwerke, Ein- und Ausschaltstationen, Industrie- und Bergbauunternehmen, Flugh\u00e4fen, Eisenbahnen, Autobahnen, U-Bahnen, Gesch\u00e4ftsviertel, Wohngebiete, Windkraft, Optoelektronik und weitere Bereiche.<strong><b>\u00a0<\/b><\/strong><\/p>\n<h2><strong><b>Umgebungsbedingungen f\u00fcr den Einsatz<\/b><\/strong><\/h2>\n<p>Einbauort: Im Gastank.<\/p>\n<p>Umgebungstemperatur (\u2103): -45 ~ +40.<\/p>\n<p>H\u00f6he (m): \u2264 2000.<\/p>\n<p>Luftfeuchtigkeit (%): Der Tagesdurchschnitt betr\u00e4gt nicht mehr als 95% und der Monatsdurchschnitt nicht mehr als 90%.<\/p>\n<p><strong><b>Seismische Intensit\u00e4t: \u22648 Grad<\/b><\/strong><\/p>\n<p><strong><b> <img decoding=\"async\" class=\"alignnone wp-image-895 size-full\" src=\"http:\/\/www.xminsulation.com\/wp-content\/uploads\/2024\/04\/\u56fe\u72478.png\" alt=\"\" width=\"1280\" height=\"1336\" srcset=\"https:\/\/www.xminsulation.com\/wp-content\/uploads\/2024\/04\/\u56fe\u72478.png 1280w, https:\/\/www.xminsulation.com\/wp-content\/uploads\/2024\/04\/\u56fe\u72478-287x300.png 287w, https:\/\/www.xminsulation.com\/wp-content\/uploads\/2024\/04\/\u56fe\u72478-981x1024.png 981w, https:\/\/www.xminsulation.com\/wp-content\/uploads\/2024\/04\/\u56fe\u72478-768x802.png 768w, https:\/\/www.xminsulation.com\/wp-content\/uploads\/2024\/04\/\u56fe\u72478-600x626.png 600w\" sizes=\"(max-width: 1280px) 100vw, 1280px\" \/><\/b><\/strong><\/p>\n<p><strong><b>Aufbau und Einbauma\u00dfe<\/b><\/strong><\/p>\n<p><img decoding=\"async\" class=\"alignnone wp-image-896 size-full\" src=\"http:\/\/www.xminsulation.com\/wp-content\/uploads\/2024\/04\/\u56fe\u72479.png\" alt=\"\" width=\"1071\" height=\"624\" srcset=\"https:\/\/www.xminsulation.com\/wp-content\/uploads\/2024\/04\/\u56fe\u72479.png 1071w, https:\/\/www.xminsulation.com\/wp-content\/uploads\/2024\/04\/\u56fe\u72479-300x175.png 300w, https:\/\/www.xminsulation.com\/wp-content\/uploads\/2024\/04\/\u56fe\u72479-1024x597.png 1024w, https:\/\/www.xminsulation.com\/wp-content\/uploads\/2024\/04\/\u56fe\u72479-768x447.png 768w, https:\/\/www.xminsulation.com\/wp-content\/uploads\/2024\/04\/\u56fe\u72479-600x350.png 600w\" sizes=\"(max-width: 1071px) 100vw, 1071px\" \/><\/p>\n<div class=\"wxts\">\n<h2>\u25c6Spezielle Anpassung<\/h2>\n<p>Die oben genannten Parameter sind typische Daten. Wenn die vorhandenen Stile nicht Ihren speziellen Anforderungen entsprechen, kontaktieren Sie uns bitte f\u00fcr ein individuelles Design. Wir verf\u00fcgen \u00fcber bedeutende F\u00e4higkeiten in der Entwicklung und Produktion individueller Anpassungen, sodass wir Kunden auf der ganzen Welt ma\u00dfgeschneiderte L\u00f6sungen bieten k\u00f6nnen.<\/p>\n<\/div>","protected":false},"excerpt":{"rendered":"<p>General Information SF6 40.5kV-630A Fully insulated and fully sealed\u00a0GIS\u00a0high-voltage switch, suitable for 35kV-40.5kV transmission and distribution system control and protection, used to split the load current, short circuit current. The modular design is characterized by compact structure, good breaking performance, high reliability, long life, full insulation, maintenance-free, small footprint, and can be widely used in [&hellip;]<\/p>","protected":false},"featured_media":894,"template":"","meta":{"site-sidebar-layout":"default","site-content-layout":"","ast-site-content-layout":"default","site-content-style":"default","site-sidebar-style":"default","ast-global-header-display":"","ast-banner-title-visibility":"","ast-main-header-display":"","ast-hfb-above-header-display":"","ast-hfb-below-header-display":"","ast-hfb-mobile-header-display":"","site-post-title":"","ast-breadcrumbs-content":"","ast-featured-img":"","footer-sml-layout":"","theme-transparent-header-meta":"default","adv-header-id-meta":"","stick-header-meta":"","header-above-stick-meta":"","header-main-stick-meta":"","header-below-stick-meta":"","astra-migrate-meta-layouts":"set","ast-page-background-enabled":"default","ast-page-background-meta":{"desktop":{"background-color":"","background-image":"","background-repeat":"repeat","background-position":"center center","background-size":"auto","background-attachment":"scroll","background-type":"","background-media":"","overlay-type":"","overlay-color":"","overlay-gradient":""},"tablet":{"background-color":"","background-image":"","background-repeat":"repeat","background-position":"center center","background-size":"auto","background-attachment":"scroll","background-type":"","background-media":"","overlay-type":"","overlay-color":"","overlay-gradient":""},"mobile":{"background-color":"","background-image":"","background-repeat":"repeat","background-position":"center center","background-size":"auto","background-attachment":"scroll","background-type":"","background-media":"","overlay-type":"","overlay-color":"","overlay-gradient":""}},"ast-content-background-meta":{"desktop":{"background-color":"var(--ast-global-color-5)","background-image":"","background-repeat":"repeat","background-position":"center center","background-size":"auto","background-attachment":"scroll","background-type":"","background-media":"","overlay-type":"","overlay-color":"","overlay-gradient":""},"tablet":{"background-color":"var(--ast-global-color-5)","background-image":"","background-repeat":"repeat","background-position":"center center","background-size":"auto","background-attachment":"scroll","background-type":"","background-media":"","overlay-type":"","overlay-color":"","overlay-gradient":""},"mobile":{"background-color":"var(--ast-global-color-5)","background-image":"","background-repeat":"repeat","background-position":"center center","background-size":"auto","background-attachment":"scroll","background-type":"","background-media":"","overlay-type":"","overlay-color":"","overlay-gradient":""}}},"product_cat":[31],"product_tag":[],"class_list":{"0":"post-893","1":"product","2":"type-product","3":"status-publish","4":"has-post-thumbnail","6":"product_cat-10-40-5kv-indoor-sf6-circuit-breaker-switch","7":"desktop-align-left","8":"tablet-align-left","9":"mobile-align-left","11":"first","12":"instock","13":"shipping-taxable","14":"product-type-simple"},"_links":{"self":[{"href":"https:\/\/www.xminsulation.com\/de\/wp-json\/wp\/v2\/product\/893","targetHints":{"allow":["GET"]}}],"collection":[{"href":"https:\/\/www.xminsulation.com\/de\/wp-json\/wp\/v2\/product"}],"about":[{"href":"https:\/\/www.xminsulation.com\/de\/wp-json\/wp\/v2\/types\/product"}],"wp:featuredmedia":[{"embeddable":true,"href":"https:\/\/www.xminsulation.com\/de\/wp-json\/wp\/v2\/media\/894"}],"wp:attachment":[{"href":"https:\/\/www.xminsulation.com\/de\/wp-json\/wp\/v2\/media?parent=893"}],"wp:term":[{"taxonomy":"product_cat","embeddable":true,"href":"https:\/\/www.xminsulation.com\/de\/wp-json\/wp\/v2\/product_cat?post=893"},{"taxonomy":"product_tag","embeddable":true,"href":"https:\/\/www.xminsulation.com\/de\/wp-json\/wp\/v2\/product_tag?post=893"}],"curies":[{"name":"wp","href":"https:\/\/api.w.org\/{rel}","templated":true}]}}