{"id":886,"date":"2024-04-29T08:56:33","date_gmt":"2024-04-29T00:56:33","guid":{"rendered":"http:\/\/www.xminsulation.com\/?post_type=product&#038;p=886"},"modified":"2024-05-23T21:40:30","modified_gmt":"2024-05-23T13:40:30","slug":"40-5kv-1250a-indoor-sf6-vacuum-circuit-breaker-switch","status":"publish","type":"product","link":"https:\/\/www.xminsulation.com\/de\/product\/40-5kv-1250a-indoor-sf6-vacuum-circuit-breaker-switch\/","title":{"rendered":"40,5 kV-1250 A SF6-Vakuum-Leistungsschalter f\u00fcr den Innenbereich"},"content":{"rendered":"<p><img fetchpriority=\"high\" decoding=\"async\" class=\"alignnone wp-image-887 size-full\" src=\"\/wp-content\/uploads\/2024\/04\/\u56fe\u72472.png\" alt=\"\" width=\"1383\" height=\"1248\" srcset=\"https:\/\/www.xminsulation.com\/wp-content\/uploads\/2024\/04\/\u56fe\u72472.png 1383w, https:\/\/www.xminsulation.com\/wp-content\/uploads\/2024\/04\/\u56fe\u72472-300x271.png 300w, https:\/\/www.xminsulation.com\/wp-content\/uploads\/2024\/04\/\u56fe\u72472-1024x924.png 1024w, https:\/\/www.xminsulation.com\/wp-content\/uploads\/2024\/04\/\u56fe\u72472-768x693.png 768w, https:\/\/www.xminsulation.com\/wp-content\/uploads\/2024\/04\/\u56fe\u72472-600x541.png 600w\" sizes=\"(max-width: 1383px) 100vw, 1383px\" \/> <img decoding=\"async\" class=\"alignnone wp-image-888 size-full\" src=\"\/wp-content\/uploads\/2024\/04\/\u56fe\u72473.png\" alt=\"\" width=\"988\" height=\"1013\" srcset=\"https:\/\/www.xminsulation.com\/wp-content\/uploads\/2024\/04\/\u56fe\u72473.png 988w, https:\/\/www.xminsulation.com\/wp-content\/uploads\/2024\/04\/\u56fe\u72473-293x300.png 293w, https:\/\/www.xminsulation.com\/wp-content\/uploads\/2024\/04\/\u56fe\u72473-768x787.png 768w, https:\/\/www.xminsulation.com\/wp-content\/uploads\/2024\/04\/\u56fe\u72473-600x615.png 600w\" sizes=\"(max-width: 988px) 100vw, 988px\" \/><\/p>\n<h2><strong><b>Allgemeine Informationen<\/b><\/strong><\/h2>\n<p>Der 40,5 kV-1250 A SF6-Vakuum-Leistungsschalter f\u00fcr den Innenbereich mit unterem Trennschalter eignet sich zur Steuerung und zum Schutz von 35-kV-Strom\u00fcbertragungs- und -verteilungssystemen und dient zum Abschalten und Schlie\u00dfen von Laststr\u00f6men sowie zum Abschalten von Kurzschlussstr\u00f6men. Er ist modular aufgebaut und zeichnet sich durch kompakte Bauweise, gute Abschaltleistung, hohe Zuverl\u00e4ssigkeit, lange Lebensdauer, vollst\u00e4ndige Isolierung, Wartungsfreiheit und geringen Platzbedarf aus. Er ist vielseitig einsetzbar in Industrie-, zivilen Ringnetzen und Terminal-Stromversorgungsnetzen. Er eignet sich besonders f\u00fcr kleine sekund\u00e4re Stromverteilungsstationen, Schaltanlagen, Industrie- und Bergbauunternehmen, Flugh\u00e4fen, Eisenbahnen, Autobahnen, U-Bahnen, Gewerbegebiete, Wohngebiete, Windkraft, Photovoltaik und weitere Bereiche.<\/p>\n<h2><strong><b>Verwenden <\/b><\/strong><strong><b>E<\/b><\/strong><strong><b>Umwelt <\/b><\/strong><strong><b>C<\/b><\/strong><strong><b>Konditionen<\/b><\/strong><\/h2>\n<ol>\n<li>Einbauort: innerhalb der Airbox.<\/li>\n<li>Umgebungstemperatur (\u2103): -20 ~ +40.<\/li>\n<li>H\u00f6he (m): \u22642500.<\/li>\n<li>Luftfeuchtigkeit (%): Der Tagesdurchschnitt liegt nicht \u00fcber 95% und der Monatsdurchschnitt liegt nicht \u00fcber 90%.<\/li>\n<li>Weitere Anforderungen: keine brennbaren oder explosiven Stoffe, keine starke Verschmutzung, keine chemische Korrosion und keine starken Vibrationen.<\/li>\n<\/ol>\n<p><img decoding=\"async\" class=\"alignnone wp-image-889 size-full\" src=\"\/wp-content\/uploads\/2024\/04\/\u56fe\u72474.png\" alt=\"\" width=\"834\" height=\"764\" srcset=\"https:\/\/www.xminsulation.com\/wp-content\/uploads\/2024\/04\/\u56fe\u72474.png 834w, https:\/\/www.xminsulation.com\/wp-content\/uploads\/2024\/04\/\u56fe\u72474-300x275.png 300w, https:\/\/www.xminsulation.com\/wp-content\/uploads\/2024\/04\/\u56fe\u72474-768x704.png 768w, https:\/\/www.xminsulation.com\/wp-content\/uploads\/2024\/04\/\u56fe\u72474-600x550.png 600w\" sizes=\"(max-width: 834px) 100vw, 834px\" \/><\/p>\n<p><strong><b>Gr\u00f6\u00dfe des Leistungsschalters mit unterem Trennschalter<\/b><\/strong><\/p>\n<p><img loading=\"lazy\" decoding=\"async\" class=\"alignnone wp-image-890 size-full\" src=\"\/wp-content\/uploads\/2024\/04\/\u56fe\u72475.png\" alt=\"\" width=\"1820\" height=\"768\" srcset=\"https:\/\/www.xminsulation.com\/wp-content\/uploads\/2024\/04\/\u56fe\u72475.png 1820w, https:\/\/www.xminsulation.com\/wp-content\/uploads\/2024\/04\/\u56fe\u72475-300x127.png 300w, https:\/\/www.xminsulation.com\/wp-content\/uploads\/2024\/04\/\u56fe\u72475-1024x432.png 1024w, https:\/\/www.xminsulation.com\/wp-content\/uploads\/2024\/04\/\u56fe\u72475-768x324.png 768w, https:\/\/www.xminsulation.com\/wp-content\/uploads\/2024\/04\/\u56fe\u72475-1536x648.png 1536w, https:\/\/www.xminsulation.com\/wp-content\/uploads\/2024\/04\/\u56fe\u72475-600x253.png 600w\" sizes=\"(max-width: 1820px) 100vw, 1820px\" \/><\/p>\n<p><strong><b>Gastank mit unterem Trennschalter<\/b><\/strong><\/p>\n<p><img loading=\"lazy\" decoding=\"async\" class=\"alignnone wp-image-891 size-full\" src=\"\/wp-content\/uploads\/2024\/04\/\u56fe\u72476.png\" alt=\"\" width=\"712\" height=\"663\" srcset=\"https:\/\/www.xminsulation.com\/wp-content\/uploads\/2024\/04\/\u56fe\u72476.png 712w, https:\/\/www.xminsulation.com\/wp-content\/uploads\/2024\/04\/\u56fe\u72476-300x279.png 300w, https:\/\/www.xminsulation.com\/wp-content\/uploads\/2024\/04\/\u56fe\u72476-600x559.png 600w\" sizes=\"(max-width: 712px) 100vw, 712px\" \/><\/p>\n<h2 class=\"wxts\">\u25c6Spezielle Anpassung<\/h2>\n<p>Die oben genannten Parameter sind typische Daten. Wenn die vorhandenen Stile nicht Ihren speziellen Anforderungen entsprechen, kontaktieren Sie uns bitte f\u00fcr ein individuelles Design. Wir verf\u00fcgen \u00fcber bedeutende F\u00e4higkeiten in der Entwicklung und Produktion individueller Anpassungen, sodass wir Kunden auf der ganzen Welt ma\u00dfgeschneiderte L\u00f6sungen bieten k\u00f6nnen.<\/p>","protected":false},"excerpt":{"rendered":"<p>General Information 40.5kV-1250A Indoor SF6 Vacuum Circuit Breaker Switch With Lower Isolation Switch, suitable for control and protection of 35kV power transmission and distribution system, used for breaking and closing load current, breaking short-circuit current. It adopts modular design and has the characteristics of compact structure, good breaking performance, high reliability, long life, fully insulated, [&hellip;]<\/p>","protected":false},"featured_media":888,"template":"","meta":{"site-sidebar-layout":"default","site-content-layout":"","ast-site-content-layout":"default","site-content-style":"default","site-sidebar-style":"default","ast-global-header-display":"","ast-banner-title-visibility":"","ast-main-header-display":"","ast-hfb-above-header-display":"","ast-hfb-below-header-display":"","ast-hfb-mobile-header-display":"","site-post-title":"","ast-breadcrumbs-content":"","ast-featured-img":"","footer-sml-layout":"","theme-transparent-header-meta":"default","adv-header-id-meta":"","stick-header-meta":"","header-above-stick-meta":"","header-main-stick-meta":"","header-below-stick-meta":"","astra-migrate-meta-layouts":"set","ast-page-background-enabled":"default","ast-page-background-meta":{"desktop":{"background-color":"","background-image":"","background-repeat":"repeat","background-position":"center center","background-size":"auto","background-attachment":"scroll","background-type":"","background-media":"","overlay-type":"","overlay-color":"","overlay-gradient":""},"tablet":{"background-color":"","background-image":"","background-repeat":"repeat","background-position":"center center","background-size":"auto","background-attachment":"scroll","background-type":"","background-media":"","overlay-type":"","overlay-color":"","overlay-gradient":""},"mobile":{"background-color":"","background-image":"","background-repeat":"repeat","background-position":"center center","background-size":"auto","background-attachment":"scroll","background-type":"","background-media":"","overlay-type":"","overlay-color":"","overlay-gradient":""}},"ast-content-background-meta":{"desktop":{"background-color":"var(--ast-global-color-5)","background-image":"","background-repeat":"repeat","background-position":"center center","background-size":"auto","background-attachment":"scroll","background-type":"","background-media":"","overlay-type":"","overlay-color":"","overlay-gradient":""},"tablet":{"background-color":"var(--ast-global-color-5)","background-image":"","background-repeat":"repeat","background-position":"center center","background-size":"auto","background-attachment":"scroll","background-type":"","background-media":"","overlay-type":"","overlay-color":"","overlay-gradient":""},"mobile":{"background-color":"var(--ast-global-color-5)","background-image":"","background-repeat":"repeat","background-position":"center center","background-size":"auto","background-attachment":"scroll","background-type":"","background-media":"","overlay-type":"","overlay-color":"","overlay-gradient":""}}},"product_cat":[31],"product_tag":[],"class_list":{"0":"post-886","1":"product","2":"type-product","3":"status-publish","4":"has-post-thumbnail","6":"product_cat-10-40-5kv-indoor-sf6-circuit-breaker-switch","7":"desktop-align-left","8":"tablet-align-left","9":"mobile-align-left","11":"first","12":"instock","13":"shipping-taxable","14":"product-type-simple"},"_links":{"self":[{"href":"https:\/\/www.xminsulation.com\/de\/wp-json\/wp\/v2\/product\/886","targetHints":{"allow":["GET"]}}],"collection":[{"href":"https:\/\/www.xminsulation.com\/de\/wp-json\/wp\/v2\/product"}],"about":[{"href":"https:\/\/www.xminsulation.com\/de\/wp-json\/wp\/v2\/types\/product"}],"wp:featuredmedia":[{"embeddable":true,"href":"https:\/\/www.xminsulation.com\/de\/wp-json\/wp\/v2\/media\/888"}],"wp:attachment":[{"href":"https:\/\/www.xminsulation.com\/de\/wp-json\/wp\/v2\/media?parent=886"}],"wp:term":[{"taxonomy":"product_cat","embeddable":true,"href":"https:\/\/www.xminsulation.com\/de\/wp-json\/wp\/v2\/product_cat?post=886"},{"taxonomy":"product_tag","embeddable":true,"href":"https:\/\/www.xminsulation.com\/de\/wp-json\/wp\/v2\/product_tag?post=886"}],"curies":[{"name":"wp","href":"https:\/\/api.w.org\/{rel}","templated":true}]}}