{"id":3883,"date":"2025-07-14T10:44:03","date_gmt":"2025-07-14T02:44:03","guid":{"rendered":"https:\/\/www.xminsulation.com\/?post_type=product&#038;p=3883"},"modified":"2025-07-18T11:08:42","modified_gmt":"2025-07-18T03:08:42","slug":"24kv-230mm-630a-1250a-indoor-sf6-load-break-switch-lbs-disconnector","status":"publish","type":"product","link":"https:\/\/www.xminsulation.com\/de\/product\/24kv-230mm-630a-1250a-indoor-sf6-load-break-switch-lbs-disconnector\/","title":{"rendered":"24 kV \u2013 230 mm, 630 A\/1250 A, SF6-Lasttrennschalter f\u00fcr den Innenbereich, LBS-Trennschalter"},"content":{"rendered":"<p><img fetchpriority=\"high\" decoding=\"async\" class=\"size-full wp-image-3884 aligncenter\" src=\"https:\/\/www.xminsulation.com\/wp-content\/uploads\/2025\/07\/\u56fe\u724733.png\" alt=\"\" width=\"4617\" height=\"2395\" srcset=\"https:\/\/www.xminsulation.com\/wp-content\/uploads\/2025\/07\/\u56fe\u724733.png 4617w, https:\/\/www.xminsulation.com\/wp-content\/uploads\/2025\/07\/\u56fe\u724733-300x156.png 300w, https:\/\/www.xminsulation.com\/wp-content\/uploads\/2025\/07\/\u56fe\u724733-1024x531.png 1024w, https:\/\/www.xminsulation.com\/wp-content\/uploads\/2025\/07\/\u56fe\u724733-768x398.png 768w, https:\/\/www.xminsulation.com\/wp-content\/uploads\/2025\/07\/\u56fe\u724733-1536x797.png 1536w, https:\/\/www.xminsulation.com\/wp-content\/uploads\/2025\/07\/\u56fe\u724733-2048x1062.png 2048w, https:\/\/www.xminsulation.com\/wp-content\/uploads\/2025\/07\/\u56fe\u724733-18x9.png 18w, https:\/\/www.xminsulation.com\/wp-content\/uploads\/2025\/07\/\u56fe\u724733-600x311.png 600w\" sizes=\"(max-width: 4617px) 100vw, 4617px\" \/> <img decoding=\"async\" class=\"size-full wp-image-3885 aligncenter\" src=\"https:\/\/www.xminsulation.com\/wp-content\/uploads\/2025\/07\/\u56fe\u724734.png\" alt=\"\" width=\"2480\" height=\"2480\" srcset=\"https:\/\/www.xminsulation.com\/wp-content\/uploads\/2025\/07\/\u56fe\u724734.png 2480w, https:\/\/www.xminsulation.com\/wp-content\/uploads\/2025\/07\/\u56fe\u724734-300x300.png 300w, https:\/\/www.xminsulation.com\/wp-content\/uploads\/2025\/07\/\u56fe\u724734-1024x1024.png 1024w, https:\/\/www.xminsulation.com\/wp-content\/uploads\/2025\/07\/\u56fe\u724734-150x150.png 150w, https:\/\/www.xminsulation.com\/wp-content\/uploads\/2025\/07\/\u56fe\u724734-768x768.png 768w, https:\/\/www.xminsulation.com\/wp-content\/uploads\/2025\/07\/\u56fe\u724734-1536x1536.png 1536w, https:\/\/www.xminsulation.com\/wp-content\/uploads\/2025\/07\/\u56fe\u724734-2048x2048.png 2048w, https:\/\/www.xminsulation.com\/wp-content\/uploads\/2025\/07\/\u56fe\u724734-12x12.png 12w, https:\/\/www.xminsulation.com\/wp-content\/uploads\/2025\/07\/\u56fe\u724734-600x600.png 600w, https:\/\/www.xminsulation.com\/wp-content\/uploads\/2025\/07\/\u56fe\u724734-100x100.png 100w\" sizes=\"(max-width: 2480px) 100vw, 2480px\" \/> <img decoding=\"async\" class=\"size-full wp-image-3886 aligncenter\" src=\"https:\/\/www.xminsulation.com\/wp-content\/uploads\/2025\/07\/\u56fe\u724735.png\" alt=\"\" width=\"2480\" height=\"2480\" srcset=\"https:\/\/www.xminsulation.com\/wp-content\/uploads\/2025\/07\/\u56fe\u724735.png 2480w, https:\/\/www.xminsulation.com\/wp-content\/uploads\/2025\/07\/\u56fe\u724735-300x300.png 300w, https:\/\/www.xminsulation.com\/wp-content\/uploads\/2025\/07\/\u56fe\u724735-1024x1024.png 1024w, https:\/\/www.xminsulation.com\/wp-content\/uploads\/2025\/07\/\u56fe\u724735-150x150.png 150w, https:\/\/www.xminsulation.com\/wp-content\/uploads\/2025\/07\/\u56fe\u724735-768x768.png 768w, https:\/\/www.xminsulation.com\/wp-content\/uploads\/2025\/07\/\u56fe\u724735-1536x1536.png 1536w, https:\/\/www.xminsulation.com\/wp-content\/uploads\/2025\/07\/\u56fe\u724735-2048x2048.png 2048w, https:\/\/www.xminsulation.com\/wp-content\/uploads\/2025\/07\/\u56fe\u724735-12x12.png 12w, https:\/\/www.xminsulation.com\/wp-content\/uploads\/2025\/07\/\u56fe\u724735-600x600.png 600w, https:\/\/www.xminsulation.com\/wp-content\/uploads\/2025\/07\/\u56fe\u724735-100x100.png 100w\" sizes=\"(max-width: 2480px) 100vw, 2480px\" \/><\/p>\n<h2><strong><b>Allgemeine Informationen<\/b><\/strong><\/h2>\n<p>24kV Indoor SF6 Switch-Disconnector\u00a0FL(R)N36\u00a0Load Break Switch LBS and\u00a0fuse combination appliance are suitable for power stations and industrial electrical equipment powered by three-phase AC 50Hz\/60Hz\u00a0ring network or terminal It is used as load control line protection for 24kV power system. The load switch switches load current, closed-loop current, no-load transformer and cable charging current; the combined electrical appliance can break any current up to the rated short-circuit breaking current, and is suitable for complete sets of electrical equipment such as ring network units and box-type substations.<\/p>\n<p>Es eignet sich besonders f\u00fcr die Stromverteilung in st\u00e4dtischen Wohngebieten, kleinen sekund\u00e4ren Umspannwerken, Schaltanlagen, Industrie- und Bergbauunternehmen, gro\u00dfen Einkaufszentren, Flugh\u00e4fen, U-Bahnen, Krankenh\u00e4usern, Stadien und anderen Orten.<\/p>\n<p>Das Produkt entspricht den Standards GB3804, GB16926, IEC 60265-1 und GB16926, IEC60420.<\/p>\n<p>&nbsp;<\/p>\n<h2><strong><b>Strukturelle Merkmale<\/b><\/strong><\/h2>\n<ol>\n<li>Insgesamt versiegelte Struktur: Sie integriert den Lastschalter, den Trennschalter und den Erdungsschalter und ist in einer mit SF6-Gas gef\u00fcllten Isolierbox mit einem relativen Druck von 0,04\u20130,05 MPa versiegelt und entspricht dem \u201egeschlossenen Drucksystem\u201c.<\/li>\n<li>Trinity-Funktion: Der Schalter erf\u00fcllt die drei Stationsfunktionen Laden, Trennen und Erden.<\/li>\n<li>Betriebssicherheit:<\/li>\n<li>Der Schalter kann sich nur in einer der Positionen \u201egeschlossen\u201c, \u201eoffen\u201c und \u201egeerdet\u201c befinden und verf\u00fcgt \u00fcber eine nat\u00fcrliche Verriegelungsfunktion, um eine Fehlbedienung zu verhindern.<\/li>\n<li>Die Schalterisolationsbox ist mit einer Sicherheitsmembran ausgestattet, die die Funktion der r\u00fcckw\u00e4rts gerichteten Entladung und Druckentlastung hat.<\/li>\n<\/ol>\n<p>c, Enth\u00e4lt eine Spannungsanzeige.<\/p>\n<ol>\n<li>Es verf\u00fcgt \u00fcber einen Federmechanismus und bietet eine stabile Leistung.<\/li>\n<li>Hervorragende Leistung beim L\u00f6schen und Abschalten von Lichtb\u00f6gen:<\/li>\n<li>Die Nenn-Umschaltstromabschaltleistung des kombinierten Ger\u00e4ts betr\u00e4gt 1400 A.<\/li>\n<li>Es verf\u00fcgt \u00fcber starke Brech- und \u00d6ffnungsf\u00e4higkeiten bei einem \u00dcberdruck von Null.<\/li>\n<li>Hervorragende Lichtbogenl\u00f6schleistung von SF6-Gas.<\/li>\n<li>Lange elektrische Lebensdauer.<\/li>\n<li>Hervorragende Isolationsleistung:<\/li>\n<\/ol>\n<p>a) SF6-Gas hat hervorragende Isoliereigenschaften.<\/p>\n<ol>\n<li>Die Isolierbox besteht aus Epoxidharz mit automatischer Druckgeltechnologie (APG), das \u00fcber eine hohe Festigkeit, gute Isolierleistung und einen gro\u00dfen Spielraum verf\u00fcgt.<\/li>\n<li>Hervorragende Dichtungsleistung, relative j\u00e4hrliche Luftleckrate \u2264 0,51 TP3T.<\/li>\n<li>Der modulare Aufbau des Schalters macht die Struktur kompakter. Der gleiche Schalter ist f\u00fcr verschiedene Anwendungen geeignet und einfach zu installieren.<\/li>\n<li>Durch den Einbau eines elektrischen Mechanismus k\u00f6nnen die \u201edrei Fernbedienungsfunktionen\u201c realisiert werden.<\/li>\n<\/ol>\n<h2><strong><b>Betriebsmechanismus<\/b><\/strong><\/h2>\n<ol>\n<li>Das Umschalten des Schalters erfolgt \u00fcber den Betriebsmechanismus. Die Mechanismusfeder speichert Energie im Voraus. W\u00e4hrend des Betriebs (manuell oder elektrisch) gibt die Feder die Energie frei, nachdem der Mechanismus den Totpunkt passiert hat, und veranlasst den Schalter zum Schlie\u00dfen oder \u00d6ffnen der Kontakte. Daher wird die \u00d6ffnungs- und Schlie\u00dfgeschwindigkeit des Schalters durch die Eigenschaften der Betriebsmaschine selbst bestimmt und hat nichts mit der Betriebsgeschwindigkeit des Bedieners zu tun.<\/li>\n<li>Abh\u00e4ngig davon, ob eine Sicherung vorhanden ist oder nicht, kann zwischen einem Antrieb vom Typ K und einem Antrieb vom Typ A gew\u00e4hlt werden.<\/li>\n<\/ol>\n<h2><strong><b>Nutzungsumgebung<\/b><\/strong><\/h2>\n<ol>\n<li>Umgebungslufttemperatur: Obergrenze +40 \u00b0C, Untergrenze -15 \u00b0C.<\/li>\n<li>Luftfeuchtigkeit: Die durchschnittliche relative Luftfeuchtigkeit betr\u00e4gt t\u00e4glich nicht mehr als 951 TP3T und die durchschnittliche relative Luftfeuchtigkeit monatlich nicht mehr als 901 TP3T.<\/li>\n<li>H\u00f6he: Die maximale H\u00f6he des Installationsorts der Ausr\u00fcstung betr\u00e4gt 2000 m.<\/li>\n<li>Erdbeben: Die Erdbebenintensit\u00e4t \u00fcberschreitet 8 Grad nicht.<\/li>\n<li>Es gibt keine ernsthafte Verschmutzung der Umgebungsluft wie Staub, Rauch, chemische \u00c4tzmittel, brennbare Gase, Benzin- und Salzmittel usw.<\/li>\n<li>Bei abweichenden Einsatzbedingungen oder anderen Anforderungen ist eine R\u00fccksprache mit dem Hersteller erforderlich.<\/li>\n<\/ol>\n<p><img loading=\"lazy\" decoding=\"async\" class=\"size-full wp-image-3887 aligncenter\" src=\"https:\/\/www.xminsulation.com\/wp-content\/uploads\/2025\/07\/\u56fe\u724736.png\" alt=\"\" width=\"1234\" height=\"1320\" srcset=\"https:\/\/www.xminsulation.com\/wp-content\/uploads\/2025\/07\/\u56fe\u724736.png 1234w, https:\/\/www.xminsulation.com\/wp-content\/uploads\/2025\/07\/\u56fe\u724736-280x300.png 280w, https:\/\/www.xminsulation.com\/wp-content\/uploads\/2025\/07\/\u56fe\u724736-957x1024.png 957w, https:\/\/www.xminsulation.com\/wp-content\/uploads\/2025\/07\/\u56fe\u724736-768x822.png 768w, https:\/\/www.xminsulation.com\/wp-content\/uploads\/2025\/07\/\u56fe\u724736-11x12.png 11w, https:\/\/www.xminsulation.com\/wp-content\/uploads\/2025\/07\/\u56fe\u724736-600x642.png 600w\" sizes=\"(max-width: 1234px) 100vw, 1234px\" \/><\/p>\n<h2><strong><b>A<\/b><\/strong><strong><b>Aussehen <\/b><\/strong><strong><b>S<\/b><\/strong><strong><b>ize (<\/b><\/strong><strong><b>P<\/b><\/strong><strong><b>hase <\/b><\/strong><strong><b>D<\/b><\/strong><strong><b>Abstand 230mm)<\/b><\/strong><\/h2>\n<p><img loading=\"lazy\" decoding=\"async\" class=\"size-full wp-image-3888 aligncenter\" src=\"https:\/\/www.xminsulation.com\/wp-content\/uploads\/2025\/07\/\u56fe\u724737.png\" alt=\"\" width=\"1206\" height=\"880\" srcset=\"https:\/\/www.xminsulation.com\/wp-content\/uploads\/2025\/07\/\u56fe\u724737.png 1206w, https:\/\/www.xminsulation.com\/wp-content\/uploads\/2025\/07\/\u56fe\u724737-300x219.png 300w, https:\/\/www.xminsulation.com\/wp-content\/uploads\/2025\/07\/\u56fe\u724737-1024x747.png 1024w, https:\/\/www.xminsulation.com\/wp-content\/uploads\/2025\/07\/\u56fe\u724737-768x560.png 768w, https:\/\/www.xminsulation.com\/wp-content\/uploads\/2025\/07\/\u56fe\u724737-16x12.png 16w, https:\/\/www.xminsulation.com\/wp-content\/uploads\/2025\/07\/\u56fe\u724737-600x438.png 600w\" sizes=\"(max-width: 1206px) 100vw, 1206px\" \/><\/p>\n<h2><strong><b>Lichtbogenl\u00f6sch- und -unterbrechungsprinzip<\/b><\/strong><\/h2>\n<p>&nbsp;<\/p>\n<p>SF6-Gas hat eine gute Lichtbogenl\u00f6schleistung. Um den Lichtbogen schnell zu l\u00f6schen, wird beim Unterbrechen des Stroms durch den Schalter ein Lichtbogen erzeugt, wenn die beweglichen und statischen Kontakte gerade getrennt werden. Zu diesem Zeitpunkt wird der Lichtbogen aufgrund des Magnetfelds des Permanentmagneten dazu gebracht, sich schnell zu bewegen, wodurch der Lichtbogen verl\u00e4ngert und kontinuierlich mit SF6-Gas kombiniert wird, um schnell dissoziiert und abgek\u00fchlt zu werden. Er erlischt, wenn der Strom Null \u00fcberschreitet. Der doppelte Bruch\u00f6ffnungsabstand hat den Isolationsgrad, den Bruch zu isolieren. Permanentmagnet-Rotationslichtbogenprinzip, geringe Betriebsleistung, starke L\u00f6schf\u00e4higkeit, leichte Kontaktverbrennung und verl\u00e4ngerte elektrische Lebensdauer.<\/p>\n<p><img loading=\"lazy\" decoding=\"async\" class=\"size-full wp-image-3889 aligncenter\" src=\"https:\/\/www.xminsulation.com\/wp-content\/uploads\/2025\/07\/\u56fe\u724738.png\" alt=\"\" width=\"1510\" height=\"906\" srcset=\"https:\/\/www.xminsulation.com\/wp-content\/uploads\/2025\/07\/\u56fe\u724738.png 1510w, https:\/\/www.xminsulation.com\/wp-content\/uploads\/2025\/07\/\u56fe\u724738-300x180.png 300w, https:\/\/www.xminsulation.com\/wp-content\/uploads\/2025\/07\/\u56fe\u724738-1024x614.png 1024w, https:\/\/www.xminsulation.com\/wp-content\/uploads\/2025\/07\/\u56fe\u724738-768x461.png 768w, https:\/\/www.xminsulation.com\/wp-content\/uploads\/2025\/07\/\u56fe\u724738-18x12.png 18w, https:\/\/www.xminsulation.com\/wp-content\/uploads\/2025\/07\/\u56fe\u724738-600x360.png 600w\" sizes=\"(max-width: 1510px) 100vw, 1510px\" \/> <img loading=\"lazy\" decoding=\"async\" class=\"size-full wp-image-3890 aligncenter\" src=\"https:\/\/www.xminsulation.com\/wp-content\/uploads\/2025\/07\/\u56fe\u724739.png\" alt=\"\" width=\"682\" height=\"263\" srcset=\"https:\/\/www.xminsulation.com\/wp-content\/uploads\/2025\/07\/\u56fe\u724739.png 682w, https:\/\/www.xminsulation.com\/wp-content\/uploads\/2025\/07\/\u56fe\u724739-300x116.png 300w, https:\/\/www.xminsulation.com\/wp-content\/uploads\/2025\/07\/\u56fe\u724739-18x7.png 18w, https:\/\/www.xminsulation.com\/wp-content\/uploads\/2025\/07\/\u56fe\u724739-600x231.png 600w\" sizes=\"(max-width: 682px) 100vw, 682px\" \/> <img loading=\"lazy\" decoding=\"async\" class=\"size-full wp-image-3891 aligncenter\" src=\"https:\/\/www.xminsulation.com\/wp-content\/uploads\/2025\/07\/\u56fe\u724740.png\" alt=\"\" width=\"649\" height=\"836\" srcset=\"https:\/\/www.xminsulation.com\/wp-content\/uploads\/2025\/07\/\u56fe\u724740.png 649w, https:\/\/www.xminsulation.com\/wp-content\/uploads\/2025\/07\/\u56fe\u724740-233x300.png 233w, https:\/\/www.xminsulation.com\/wp-content\/uploads\/2025\/07\/\u56fe\u724740-9x12.png 9w, https:\/\/www.xminsulation.com\/wp-content\/uploads\/2025\/07\/\u56fe\u724740-600x773.png 600w\" sizes=\"(max-width: 649px) 100vw, 649px\" \/> <img loading=\"lazy\" decoding=\"async\" class=\"size-full wp-image-3892 aligncenter\" src=\"https:\/\/www.xminsulation.com\/wp-content\/uploads\/2025\/07\/\u56fe\u724741.png\" alt=\"\" width=\"1676\" height=\"952\" srcset=\"https:\/\/www.xminsulation.com\/wp-content\/uploads\/2025\/07\/\u56fe\u724741.png 1676w, https:\/\/www.xminsulation.com\/wp-content\/uploads\/2025\/07\/\u56fe\u724741-300x170.png 300w, https:\/\/www.xminsulation.com\/wp-content\/uploads\/2025\/07\/\u56fe\u724741-1024x582.png 1024w, https:\/\/www.xminsulation.com\/wp-content\/uploads\/2025\/07\/\u56fe\u724741-768x436.png 768w, https:\/\/www.xminsulation.com\/wp-content\/uploads\/2025\/07\/\u56fe\u724741-1536x872.png 1536w, https:\/\/www.xminsulation.com\/wp-content\/uploads\/2025\/07\/\u56fe\u724741-18x10.png 18w, https:\/\/www.xminsulation.com\/wp-content\/uploads\/2025\/07\/\u56fe\u724741-600x341.png 600w\" sizes=\"(max-width: 1676px) 100vw, 1676px\" \/><\/p>\n<h2><strong><b>Schaltschrankdisplay<\/b><\/strong><\/h2>\n<p><img loading=\"lazy\" decoding=\"async\" class=\"size-full wp-image-3893 aligncenter\" src=\"https:\/\/www.xminsulation.com\/wp-content\/uploads\/2025\/07\/\u56fe\u724742.png\" alt=\"\" width=\"2014\" height=\"1980\" srcset=\"https:\/\/www.xminsulation.com\/wp-content\/uploads\/2025\/07\/\u56fe\u724742.png 2014w, https:\/\/www.xminsulation.com\/wp-content\/uploads\/2025\/07\/\u56fe\u724742-300x295.png 300w, https:\/\/www.xminsulation.com\/wp-content\/uploads\/2025\/07\/\u56fe\u724742-1024x1007.png 1024w, https:\/\/www.xminsulation.com\/wp-content\/uploads\/2025\/07\/\u56fe\u724742-768x755.png 768w, https:\/\/www.xminsulation.com\/wp-content\/uploads\/2025\/07\/\u56fe\u724742-1536x1510.png 1536w, https:\/\/www.xminsulation.com\/wp-content\/uploads\/2025\/07\/\u56fe\u724742-12x12.png 12w, https:\/\/www.xminsulation.com\/wp-content\/uploads\/2025\/07\/\u56fe\u724742-600x590.png 600w\" sizes=\"(max-width: 2014px) 100vw, 2014px\" \/> <img loading=\"lazy\" decoding=\"async\" class=\"size-full wp-image-3894 aligncenter\" src=\"https:\/\/www.xminsulation.com\/wp-content\/uploads\/2025\/07\/\u56fe\u724743.png\" alt=\"\" width=\"945\" height=\"1461\" srcset=\"https:\/\/www.xminsulation.com\/wp-content\/uploads\/2025\/07\/\u56fe\u724743.png 945w, https:\/\/www.xminsulation.com\/wp-content\/uploads\/2025\/07\/\u56fe\u724743-194x300.png 194w, https:\/\/www.xminsulation.com\/wp-content\/uploads\/2025\/07\/\u56fe\u724743-662x1024.png 662w, https:\/\/www.xminsulation.com\/wp-content\/uploads\/2025\/07\/\u56fe\u724743-768x1187.png 768w, https:\/\/www.xminsulation.com\/wp-content\/uploads\/2025\/07\/\u56fe\u724743-8x12.png 8w, https:\/\/www.xminsulation.com\/wp-content\/uploads\/2025\/07\/\u56fe\u724743-600x928.png 600w\" sizes=\"(max-width: 945px) 100vw, 945px\" \/> <img loading=\"lazy\" decoding=\"async\" class=\"size-full wp-image-3895 aligncenter\" src=\"https:\/\/www.xminsulation.com\/wp-content\/uploads\/2025\/07\/\u56fe\u724744.png\" alt=\"\" width=\"1170\" height=\"1433\" srcset=\"https:\/\/www.xminsulation.com\/wp-content\/uploads\/2025\/07\/\u56fe\u724744.png 1170w, https:\/\/www.xminsulation.com\/wp-content\/uploads\/2025\/07\/\u56fe\u724744-245x300.png 245w, https:\/\/www.xminsulation.com\/wp-content\/uploads\/2025\/07\/\u56fe\u724744-836x1024.png 836w, https:\/\/www.xminsulation.com\/wp-content\/uploads\/2025\/07\/\u56fe\u724744-768x941.png 768w, https:\/\/www.xminsulation.com\/wp-content\/uploads\/2025\/07\/\u56fe\u724744-10x12.png 10w, https:\/\/www.xminsulation.com\/wp-content\/uploads\/2025\/07\/\u56fe\u724744-600x735.png 600w\" sizes=\"(max-width: 1170px) 100vw, 1170px\" \/> <img loading=\"lazy\" decoding=\"async\" class=\"size-full wp-image-3896 aligncenter\" src=\"https:\/\/www.xminsulation.com\/wp-content\/uploads\/2025\/07\/\u56fe\u724745.png\" alt=\"\" width=\"1179\" height=\"1427\" srcset=\"https:\/\/www.xminsulation.com\/wp-content\/uploads\/2025\/07\/\u56fe\u724745.png 1179w, https:\/\/www.xminsulation.com\/wp-content\/uploads\/2025\/07\/\u56fe\u724745-248x300.png 248w, https:\/\/www.xminsulation.com\/wp-content\/uploads\/2025\/07\/\u56fe\u724745-846x1024.png 846w, https:\/\/www.xminsulation.com\/wp-content\/uploads\/2025\/07\/\u56fe\u724745-768x930.png 768w, https:\/\/www.xminsulation.com\/wp-content\/uploads\/2025\/07\/\u56fe\u724745-10x12.png 10w, https:\/\/www.xminsulation.com\/wp-content\/uploads\/2025\/07\/\u56fe\u724745-600x726.png 600w\" sizes=\"(max-width: 1179px) 100vw, 1179px\" \/><\/p>\n<h2><strong><b>Installation und <\/b><\/strong><strong><b>Kommission<\/b><\/strong><strong><b>ing<\/b><\/strong><\/h2>\n<p>&nbsp;<\/p>\n<ol>\n<li>Lesen Sie vor der Installation und Fehlerbehebung die Bedienungsanleitung sorgf\u00e4ltig durch und treffen Sie die folgenden Vorbereitungen: \u00dcberpr\u00fcfen Sie zun\u00e4chst, ob das Erscheinungsbild besch\u00e4digt ist. Besch\u00e4digte Produkte sollten sofort gestoppt werden. Der zweite Schritt besteht darin, Verunreinigungen auf der Oberfl\u00e4che des Produkts aufgrund des Transports oder aus anderen Gr\u00fcnden zu entfernen.<\/li>\n<li>Bei der Montage des Antriebsmechanismus und des Schalterk\u00f6rpers muss auf eine zuverl\u00e4ssige Befestigung geachtet werden, wobei deren Verbindungsteile zuverl\u00e4ssig auf der Antriebswelle des Schalterk\u00f6rpers befestigt werden m\u00fcssen und auch die den Lastschalter verbindenden Bauteile zuverl\u00e4ssig am Schalterk\u00f6rper befestigt werden m\u00fcssen.<\/li>\n<li>Nachdem die Installation abgeschlossen ist, vergewissern Sie sich, dass sich der Lastschalter in der ge\u00f6ffneten Position befindet, stecken Sie den Bediengriff in das Erdungsbedienloch am oberen Ende des Panels und drehen Sie den Griff um 180 Grad im Uhrzeigersinn. Um die Erdung zu schlie\u00dfen, drehen Sie den Griff um 180 Grad gegen den Uhrzeigersinn. Schlie\u00dfen Sie den Erdungsschalter vollst\u00e4ndig.<\/li>\n<li>Wenn Sie den Schlie\u00dfvorgang durchf\u00fchren, vergewissern Sie sich zun\u00e4chst, dass sich der Lastschalter in der \u00d6ffnungsposition befindet. F\u00fchren Sie dann den Bediengriff in die Bedien\u00f6ffnung des Lastschalters am unteren Ende des Panels ein und drehen Sie den Bediengriff 180\u2033 im Uhrzeigersinn, um den Schlie\u00dfvorgang des Lastschalters abzuschlie\u00dfen.<\/li>\n<li>Verwenden Sie w\u00e4hrend des Bewegens des Lastschalters von der Schlie\u00dfposition in die \u00d6ffnungsposition den Bedienmechanismus vom Typ K, stecken Sie den Bediengriff in die Bedien\u00f6ffnung des Lastschalters und drehen Sie den Griff um 180\u2033 gegen den Uhrzeigersinn, um den \u00d6ffnungsvorgang durchzuf\u00fchren; dr\u00fccken Sie beim Bedienmechanismus vom Typ A die \u00d6ffnungstaste, um den Lastschalter zu \u00f6ffnen, pr\u00fcfen Sie durch das Beobachtungsfenster, ob die Position des Schalters korrekt ist und ob die entsprechenden Beobachtungsanweisungen den Anforderungen entsprechen.<\/li>\n<li>Hinweis: Die Erdung bzw. Last kann nur geschlossen werden, wenn sich der Schalter in der ge\u00f6ffneten Stellung befindet!<\/li>\n<\/ol>\n<h2><strong><b>Wartung und Pflege<\/b><\/strong><\/h2>\n<p>Unter normalen Einsatzbedingungen, bei denen die Umgebung den Anforderungen der Installations- und Betriebsanleitung entspricht, ist der Schalterk\u00f6rper 20 Jahre lang wartungsfrei. Aufgrund von Umgebungsunterschieden sind dennoch erforderliche Inspektions- und Wartungsarbeiten am Lastschalter erforderlich.<\/p>\n<ol>\n<li>Je nach Arbeitsumfeld ist zwischen Juni und Dezember eine entsprechende Sichtkontrolle der D\u00e4mmschicht durchzuf\u00fchren und Verschmutzungen sowie feuchte Stellen zu beseitigen.<\/li>\n<li>F\u00fchren Sie 1 bis 2 Mal im Jahr eine Schmierung und Funktionspr\u00fcfung des Antriebsmechanismus durch, um einen normalen Betrieb sicherzustellen.<\/li>\n<li>Bei Lastschaltern, die mit Druckmessger\u00e4ten ausgestattet sind, sollten die Anzeigen der Druckmessger\u00e4te von Zeit zu Zeit \u00fcberpr\u00fcft werden.<\/li>\n<li>Wenn ein Fehlerstrom durch das Lastschalter-Sicherungskombinationsger\u00e4t flie\u00dft und eine Phasensicherung durchbrennt, m\u00fcssen alle dreiphasigen Sicherungen ausgetauscht werden. Beim Austausch muss vor dem Austausch zuerst der Erdungsschalter geschlossen werden und es muss sichergestellt werden, dass alle dreiphasigen Sicherungen an ihrem Platz installiert sind.<\/li>\n<\/ol>\n<h2>\u25c6Spezielle Anpassung<\/h2>\n<p>Die oben genannten Parameter sind typische Daten. Wenn die vorhandenen Stile nicht Ihren speziellen Anforderungen entsprechen, kontaktieren Sie uns bitte f\u00fcr ein individuelles Design. Wir verf\u00fcgen \u00fcber bedeutende F\u00e4higkeiten in der Entwicklung und Produktion individueller Anpassungen, sodass wir Kunden auf der ganzen Welt ma\u00dfgeschneiderte L\u00f6sungen bieten k\u00f6nnen.<\/p>","protected":false},"excerpt":{"rendered":"<p>General Information 24kV Indoor SF6 Switch-Disconnector\u00a0FL(R)N36\u00a0Load Break Switch LBS and\u00a0fuse combination appliance are suitable for power stations and industrial electrical equipment powered by three-phase AC 50Hz\/60Hz\u00a0ring network or terminal It is used as load control line protection for 24kV power system. The load switch switches load current, closed-loop current, no-load transformer and cable charging current; [&hellip;]<\/p>","protected":false},"featured_media":3897,"template":"","meta":{"site-sidebar-layout":"default","site-content-layout":"","ast-site-content-layout":"default","site-content-style":"default","site-sidebar-style":"default","ast-global-header-display":"","ast-banner-title-visibility":"","ast-main-header-display":"","ast-hfb-above-header-display":"","ast-hfb-below-header-display":"","ast-hfb-mobile-header-display":"","site-post-title":"","ast-breadcrumbs-content":"","ast-featured-img":"","footer-sml-layout":"","theme-transparent-header-meta":"default","adv-header-id-meta":"","stick-header-meta":"","header-above-stick-meta":"","header-main-stick-meta":"","header-below-stick-meta":"","astra-migrate-meta-layouts":"set","ast-page-background-enabled":"default","ast-page-background-meta":{"desktop":{"background-color":"","background-image":"","background-repeat":"repeat","background-position":"center center","background-size":"auto","background-attachment":"scroll","background-type":"","background-media":"","overlay-type":"","overlay-color":"","overlay-gradient":""},"tablet":{"background-color":"","background-image":"","background-repeat":"repeat","background-position":"center center","background-size":"auto","background-attachment":"scroll","background-type":"","background-media":"","overlay-type":"","overlay-color":"","overlay-gradient":""},"mobile":{"background-color":"","background-image":"","background-repeat":"repeat","background-position":"center center","background-size":"auto","background-attachment":"scroll","background-type":"","background-media":"","overlay-type":"","overlay-color":"","overlay-gradient":""}},"ast-content-background-meta":{"desktop":{"background-color":"var(--ast-global-color-5)","background-image":"","background-repeat":"repeat","background-position":"center center","background-size":"auto","background-attachment":"scroll","background-type":"","background-media":"","overlay-type":"","overlay-color":"","overlay-gradient":""},"tablet":{"background-color":"var(--ast-global-color-5)","background-image":"","background-repeat":"repeat","background-position":"center center","background-size":"auto","background-attachment":"scroll","background-type":"","background-media":"","overlay-type":"","overlay-color":"","overlay-gradient":""},"mobile":{"background-color":"var(--ast-global-color-5)","background-image":"","background-repeat":"repeat","background-position":"center center","background-size":"auto","background-attachment":"scroll","background-type":"","background-media":"","overlay-type":"","overlay-color":"","overlay-gradient":""}}},"product_cat":[35],"product_tag":[],"class_list":{"0":"post-3883","1":"product","2":"type-product","3":"status-publish","4":"has-post-thumbnail","6":"product_cat-10-40-5kv-indoor-sf6-load-break-switch-flrn36-lbs","7":"desktop-align-left","8":"tablet-align-left","9":"mobile-align-left","11":"first","12":"instock","13":"shipping-taxable","14":"product-type-simple"},"_links":{"self":[{"href":"https:\/\/www.xminsulation.com\/de\/wp-json\/wp\/v2\/product\/3883","targetHints":{"allow":["GET"]}}],"collection":[{"href":"https:\/\/www.xminsulation.com\/de\/wp-json\/wp\/v2\/product"}],"about":[{"href":"https:\/\/www.xminsulation.com\/de\/wp-json\/wp\/v2\/types\/product"}],"wp:featuredmedia":[{"embeddable":true,"href":"https:\/\/www.xminsulation.com\/de\/wp-json\/wp\/v2\/media\/3897"}],"wp:attachment":[{"href":"https:\/\/www.xminsulation.com\/de\/wp-json\/wp\/v2\/media?parent=3883"}],"wp:term":[{"taxonomy":"product_cat","embeddable":true,"href":"https:\/\/www.xminsulation.com\/de\/wp-json\/wp\/v2\/product_cat?post=3883"},{"taxonomy":"product_tag","embeddable":true,"href":"https:\/\/www.xminsulation.com\/de\/wp-json\/wp\/v2\/product_tag?post=3883"}],"curies":[{"name":"wp","href":"https:\/\/api.w.org\/{rel}","templated":true}]}}