{"id":3768,"date":"2025-06-20T10:01:45","date_gmt":"2025-06-20T02:01:45","guid":{"rendered":"https:\/\/www.xminsulation.com\/?post_type=product&#038;p=3768"},"modified":"2025-06-20T10:01:45","modified_gmt":"2025-06-20T02:01:45","slug":"transformer-bushings-hollow-core-sbc-bushing-series","status":"publish","type":"product","link":"https:\/\/www.xminsulation.com\/de\/product\/transformer-bushings-hollow-core-sbc-bushing-series\/","title":{"rendered":"Transformatordurchf\u00fchrungen Hohlkern SBC-Durchf\u00fchrungsserie"},"content":{"rendered":"<p>Nicht-Porzellan-Typ, nur Silikon-\/Epoxidharz<\/p>\n<p>Spannung von 10\u201340,5 kV, Strom von 200 A\u20134000 A<\/p>\n<p>IEC-\/IEEE-Standard<\/p>\n<p><img fetchpriority=\"high\" decoding=\"async\" class=\"size-full wp-image-3769 aligncenter\" src=\"https:\/\/www.xminsulation.com\/wp-content\/uploads\/2025\/06\/\u56fe\u72471.png\" alt=\"\" width=\"1534\" height=\"1474\" srcset=\"https:\/\/www.xminsulation.com\/wp-content\/uploads\/2025\/06\/\u56fe\u72471.png 1534w, https:\/\/www.xminsulation.com\/wp-content\/uploads\/2025\/06\/\u56fe\u72471-300x288.png 300w, https:\/\/www.xminsulation.com\/wp-content\/uploads\/2025\/06\/\u56fe\u72471-1024x984.png 1024w, https:\/\/www.xminsulation.com\/wp-content\/uploads\/2025\/06\/\u56fe\u72471-768x738.png 768w, https:\/\/www.xminsulation.com\/wp-content\/uploads\/2025\/06\/\u56fe\u72471-12x12.png 12w, https:\/\/www.xminsulation.com\/wp-content\/uploads\/2025\/06\/\u56fe\u72471-600x577.png 600w\" sizes=\"(max-width: 1534px) 100vw, 1534px\" \/><\/p>\n<h2><strong><b>Haupts\u00e4chlich <\/b><\/strong><strong><b>Merkmale<\/b><\/strong><\/h2>\n<p>SBC-Durchf\u00fchrungen sind kapazit\u00e4tsfrei und f\u00fcr \u00f6lgef\u00fcllte Transformatoren geeignet. Sie sind wartungsfreie, fl\u00fcssigkeitsgef\u00fcllte Hohlkerndurchf\u00fchrungen nach EN 50180 und werden gem\u00e4\u00df IEC 60137 gepr\u00fcft. Der Isolierk\u00f6rper besteht aus einem Glasfaserrohr, das \u00fcber ein modernes Fl\u00fcssigsilikonsystem (LSR) mit hochwertigem Silikon gef\u00fcllt ist. Dieses innovative Produktdesign garantiert optimale Leistung dank eines direkt in das Verbundgeh\u00e4use integrierten Flansches. Dies verbessert die Festigkeit der Durchf\u00fchrung und reduziert das Risiko von \u00d6llecks.<\/p>\n<p>Die f\u00fcr den Innen- und Au\u00dfenbereich konzipierte SBC-Durchf\u00fchrungsserie kann sogar unter extremen Umweltbedingungen (z. B. stark verschmutzte Bereiche, sehr kalte\/hei\u00dfe Umgebungstemperaturen, sehr korrosive\/aggressive Umgebungen usw.) betrieben werden.<\/p>\n<p>Wir bieten mehrere Verbindungsarten sowie ma\u00dfgeschneiderte L\u00f6sungen f\u00fcr nahezu alle Kundenanforderungen\/-spezifikationen.<\/p>\n<p><img decoding=\"async\" class=\"size-full wp-image-3770 aligncenter\" src=\"https:\/\/www.xminsulation.com\/wp-content\/uploads\/2025\/06\/\u56fe\u72472.png\" alt=\"\" width=\"828\" height=\"1156\" srcset=\"https:\/\/www.xminsulation.com\/wp-content\/uploads\/2025\/06\/\u56fe\u72472.png 828w, https:\/\/www.xminsulation.com\/wp-content\/uploads\/2025\/06\/\u56fe\u72472-215x300.png 215w, https:\/\/www.xminsulation.com\/wp-content\/uploads\/2025\/06\/\u56fe\u72472-733x1024.png 733w, https:\/\/www.xminsulation.com\/wp-content\/uploads\/2025\/06\/\u56fe\u72472-768x1072.png 768w, https:\/\/www.xminsulation.com\/wp-content\/uploads\/2025\/06\/\u56fe\u72472-9x12.png 9w, https:\/\/www.xminsulation.com\/wp-content\/uploads\/2025\/06\/\u56fe\u72472-600x838.png 600w\" sizes=\"(max-width: 828px) 100vw, 828px\" \/><\/p>\n<h2><strong><b>Innenstruktur<\/b><\/strong><\/h2>\n<p><img decoding=\"async\" class=\"size-full wp-image-3771 aligncenter\" src=\"https:\/\/www.xminsulation.com\/wp-content\/uploads\/2025\/06\/\u56fe\u72473.png\" alt=\"\" width=\"452\" height=\"1324\" srcset=\"https:\/\/www.xminsulation.com\/wp-content\/uploads\/2025\/06\/\u56fe\u72473.png 452w, https:\/\/www.xminsulation.com\/wp-content\/uploads\/2025\/06\/\u56fe\u72473-102x300.png 102w, https:\/\/www.xminsulation.com\/wp-content\/uploads\/2025\/06\/\u56fe\u72473-350x1024.png 350w, https:\/\/www.xminsulation.com\/wp-content\/uploads\/2025\/06\/\u56fe\u72473-4x12.png 4w\" sizes=\"(max-width: 452px) 100vw, 452px\" \/><\/p>\n<h2><strong><b>Ma\u00dfe<\/b><\/strong><\/h2>\n<p><img loading=\"lazy\" decoding=\"async\" class=\"size-full wp-image-3772 alignnone\" src=\"https:\/\/www.xminsulation.com\/wp-content\/uploads\/2025\/06\/\u56fe\u72474.png\" alt=\"\" width=\"2568\" height=\"2188\" srcset=\"https:\/\/www.xminsulation.com\/wp-content\/uploads\/2025\/06\/\u56fe\u72474.png 2568w, https:\/\/www.xminsulation.com\/wp-content\/uploads\/2025\/06\/\u56fe\u72474-300x256.png 300w, https:\/\/www.xminsulation.com\/wp-content\/uploads\/2025\/06\/\u56fe\u72474-1024x872.png 1024w, https:\/\/www.xminsulation.com\/wp-content\/uploads\/2025\/06\/\u56fe\u72474-768x654.png 768w, https:\/\/www.xminsulation.com\/wp-content\/uploads\/2025\/06\/\u56fe\u72474-1536x1309.png 1536w, https:\/\/www.xminsulation.com\/wp-content\/uploads\/2025\/06\/\u56fe\u72474-2048x1745.png 2048w, https:\/\/www.xminsulation.com\/wp-content\/uploads\/2025\/06\/\u56fe\u72474-14x12.png 14w, https:\/\/www.xminsulation.com\/wp-content\/uploads\/2025\/06\/\u56fe\u72474-600x511.png 600w\" sizes=\"(max-width: 2568px) 100vw, 2568px\" \/><\/p>\n<h2 class=\"wxts\">\u25c6Spezielle Anpassung<\/h2>\n<p>Die oben genannten Parameter sind typische Daten. Wenn die vorhandenen Stile nicht Ihren speziellen Anforderungen entsprechen, kontaktieren Sie uns bitte f\u00fcr ein individuelles Design. Wir verf\u00fcgen \u00fcber bedeutende F\u00e4higkeiten in der Entwicklung und Produktion individueller Anpassungen, sodass wir Kunden auf der ganzen Welt ma\u00dfgeschneiderte L\u00f6sungen bieten k\u00f6nnen.<\/p>\n<p>&nbsp;<\/p>","protected":false},"excerpt":{"rendered":"<p>Non-Porcelain Type, Silicon \/ Epoxy Resin Only Voltage from 10-40.5kV, Current from 200A-4000A IEC \/ IEEE Standard Main Features SBC\u00a0bushings are non-capacitive graded and suitable for oil-filled transformers.\u00a0They\u00a0are maintenance-free, hollow-core,liquid-filled bushings based on EN50180, and are tested in accordance with IEC 60137. The insulating body consists of a fiberglass tube that is filled with premium [&hellip;]<\/p>","protected":false},"featured_media":3773,"template":"","meta":{"site-sidebar-layout":"default","site-content-layout":"","ast-site-content-layout":"default","site-content-style":"default","site-sidebar-style":"default","ast-global-header-display":"","ast-banner-title-visibility":"","ast-main-header-display":"","ast-hfb-above-header-display":"","ast-hfb-below-header-display":"","ast-hfb-mobile-header-display":"","site-post-title":"","ast-breadcrumbs-content":"","ast-featured-img":"","footer-sml-layout":"","theme-transparent-header-meta":"default","adv-header-id-meta":"","stick-header-meta":"","header-above-stick-meta":"","header-main-stick-meta":"","header-below-stick-meta":"","astra-migrate-meta-layouts":"set","ast-page-background-enabled":"default","ast-page-background-meta":{"desktop":{"background-color":"","background-image":"","background-repeat":"repeat","background-position":"center center","background-size":"auto","background-attachment":"scroll","background-type":"","background-media":"","overlay-type":"","overlay-color":"","overlay-gradient":""},"tablet":{"background-color":"","background-image":"","background-repeat":"repeat","background-position":"center center","background-size":"auto","background-attachment":"scroll","background-type":"","background-media":"","overlay-type":"","overlay-color":"","overlay-gradient":""},"mobile":{"background-color":"","background-image":"","background-repeat":"repeat","background-position":"center center","background-size":"auto","background-attachment":"scroll","background-type":"","background-media":"","overlay-type":"","overlay-color":"","overlay-gradient":""}},"ast-content-background-meta":{"desktop":{"background-color":"var(--ast-global-color-5)","background-image":"","background-repeat":"repeat","background-position":"center center","background-size":"auto","background-attachment":"scroll","background-type":"","background-media":"","overlay-type":"","overlay-color":"","overlay-gradient":""},"tablet":{"background-color":"var(--ast-global-color-5)","background-image":"","background-repeat":"repeat","background-position":"center center","background-size":"auto","background-attachment":"scroll","background-type":"","background-media":"","overlay-type":"","overlay-color":"","overlay-gradient":""},"mobile":{"background-color":"var(--ast-global-color-5)","background-image":"","background-repeat":"repeat","background-position":"center center","background-size":"auto","background-attachment":"scroll","background-type":"","background-media":"","overlay-type":"","overlay-color":"","overlay-gradient":""}}},"product_cat":[66],"product_tag":[],"class_list":{"0":"post-3768","1":"product","2":"type-product","3":"status-publish","4":"has-post-thumbnail","6":"product_cat-non-porcelain-composite-transformer-bushings","7":"desktop-align-left","8":"tablet-align-left","9":"mobile-align-left","11":"first","12":"instock","13":"shipping-taxable","14":"product-type-simple"},"_links":{"self":[{"href":"https:\/\/www.xminsulation.com\/de\/wp-json\/wp\/v2\/product\/3768","targetHints":{"allow":["GET"]}}],"collection":[{"href":"https:\/\/www.xminsulation.com\/de\/wp-json\/wp\/v2\/product"}],"about":[{"href":"https:\/\/www.xminsulation.com\/de\/wp-json\/wp\/v2\/types\/product"}],"wp:featuredmedia":[{"embeddable":true,"href":"https:\/\/www.xminsulation.com\/de\/wp-json\/wp\/v2\/media\/3773"}],"wp:attachment":[{"href":"https:\/\/www.xminsulation.com\/de\/wp-json\/wp\/v2\/media?parent=3768"}],"wp:term":[{"taxonomy":"product_cat","embeddable":true,"href":"https:\/\/www.xminsulation.com\/de\/wp-json\/wp\/v2\/product_cat?post=3768"},{"taxonomy":"product_tag","embeddable":true,"href":"https:\/\/www.xminsulation.com\/de\/wp-json\/wp\/v2\/product_tag?post=3768"}],"curies":[{"name":"wp","href":"https:\/\/api.w.org\/{rel}","templated":true}]}}