{"id":2690,"date":"2024-05-28T21:42:15","date_gmt":"2024-05-28T13:42:15","guid":{"rendered":"http:\/\/ceshi.zptpu.com\/?post_type=product&#038;p=2690"},"modified":"2024-05-28T21:42:15","modified_gmt":"2024-05-28T13:42:15","slug":"silicone-busbar-connector-inner-cone-plugs-for-gis","status":"publish","type":"product","link":"https:\/\/www.xminsulation.com\/de\/product\/silicone-busbar-connector-inner-cone-plugs-for-gis\/","title":{"rendered":"Silikon-Sammelschienenverbinder mit Innenkegel f\u00fcr GIS"},"content":{"rendered":"<h2><strong><b>Busbar Connector Inner Cone Plugs For GIS Switchgear-Style 1:<\/b><\/strong><\/h2>\n<p><img fetchpriority=\"high\" decoding=\"async\" class=\"alignnone wp-image-2691 size-large\" src=\"http:\/\/www.xminsulation.com\/wp-content\/uploads\/2024\/05\/\u56fe\u72478-5-1024x678.png\" alt=\"\" width=\"1024\" height=\"678\" srcset=\"https:\/\/www.xminsulation.com\/wp-content\/uploads\/2024\/05\/\u56fe\u72478-5-1024x678.png 1024w, https:\/\/www.xminsulation.com\/wp-content\/uploads\/2024\/05\/\u56fe\u72478-5-300x199.png 300w, https:\/\/www.xminsulation.com\/wp-content\/uploads\/2024\/05\/\u56fe\u72478-5-768x509.png 768w, https:\/\/www.xminsulation.com\/wp-content\/uploads\/2024\/05\/\u56fe\u72478-5-1536x1018.png 1536w, https:\/\/www.xminsulation.com\/wp-content\/uploads\/2024\/05\/\u56fe\u72478-5-18x12.png 18w, https:\/\/www.xminsulation.com\/wp-content\/uploads\/2024\/05\/\u56fe\u72478-5-600x397.png 600w, https:\/\/www.xminsulation.com\/wp-content\/uploads\/2024\/05\/\u56fe\u72478-5.png 1914w\" sizes=\"(max-width: 1024px) 100vw, 1024px\" \/> <img decoding=\"async\" class=\"alignnone wp-image-2692 size-full\" src=\"http:\/\/www.xminsulation.com\/wp-content\/uploads\/2024\/05\/\u56fe\u72479-5.png\" alt=\"\" width=\"1120\" height=\"1564\" srcset=\"https:\/\/www.xminsulation.com\/wp-content\/uploads\/2024\/05\/\u56fe\u72479-5.png 1120w, https:\/\/www.xminsulation.com\/wp-content\/uploads\/2024\/05\/\u56fe\u72479-5-215x300.png 215w, https:\/\/www.xminsulation.com\/wp-content\/uploads\/2024\/05\/\u56fe\u72479-5-733x1024.png 733w, https:\/\/www.xminsulation.com\/wp-content\/uploads\/2024\/05\/\u56fe\u72479-5-768x1072.png 768w, https:\/\/www.xminsulation.com\/wp-content\/uploads\/2024\/05\/\u56fe\u72479-5-1100x1536.png 1100w, https:\/\/www.xminsulation.com\/wp-content\/uploads\/2024\/05\/\u56fe\u72479-5-9x12.png 9w, https:\/\/www.xminsulation.com\/wp-content\/uploads\/2024\/05\/\u56fe\u72479-5-600x838.png 600w\" sizes=\"(max-width: 1120px) 100vw, 1120px\" \/><\/p>\n<p><strong><b>Technical Parameters: <\/b><\/strong><\/p>\n<p>Rated Voltage:12kV.<\/p>\n<p>PF:48kV\/min.<\/p>\n<p>PD:13.2kV\u22645pC.<\/p>\n<p>Rated Current: 630A.<\/p>\n<p>Connect distance between the RMU: 34mm.<\/p>\n<h2><strong><b>Busbar Connector Inner Cone Plugs For GIS Switchgear-Style 2:<\/b><\/strong><\/h2>\n<p><img decoding=\"async\" class=\"alignnone wp-image-2693 size-large\" src=\"http:\/\/www.xminsulation.com\/wp-content\/uploads\/2024\/05\/\u56fe\u724710-5-1024x633.png\" alt=\"\" width=\"1024\" height=\"633\" srcset=\"https:\/\/www.xminsulation.com\/wp-content\/uploads\/2024\/05\/\u56fe\u724710-5-1024x633.png 1024w, https:\/\/www.xminsulation.com\/wp-content\/uploads\/2024\/05\/\u56fe\u724710-5-300x185.png 300w, https:\/\/www.xminsulation.com\/wp-content\/uploads\/2024\/05\/\u56fe\u724710-5-768x475.png 768w, https:\/\/www.xminsulation.com\/wp-content\/uploads\/2024\/05\/\u56fe\u724710-5-1536x949.png 1536w, https:\/\/www.xminsulation.com\/wp-content\/uploads\/2024\/05\/\u56fe\u724710-5-2048x1266.png 2048w, https:\/\/www.xminsulation.com\/wp-content\/uploads\/2024\/05\/\u56fe\u724710-5-18x12.png 18w, https:\/\/www.xminsulation.com\/wp-content\/uploads\/2024\/05\/\u56fe\u724710-5-600x371.png 600w\" sizes=\"(max-width: 1024px) 100vw, 1024px\" \/> <img loading=\"lazy\" decoding=\"async\" class=\"alignnone wp-image-2694 size-full\" src=\"http:\/\/www.xminsulation.com\/wp-content\/uploads\/2024\/05\/\u56fe\u724711-5.png\" alt=\"\" width=\"2360\" height=\"3173\" srcset=\"https:\/\/www.xminsulation.com\/wp-content\/uploads\/2024\/05\/\u56fe\u724711-5.png 2360w, https:\/\/www.xminsulation.com\/wp-content\/uploads\/2024\/05\/\u56fe\u724711-5-223x300.png 223w, https:\/\/www.xminsulation.com\/wp-content\/uploads\/2024\/05\/\u56fe\u724711-5-762x1024.png 762w, https:\/\/www.xminsulation.com\/wp-content\/uploads\/2024\/05\/\u56fe\u724711-5-768x1033.png 768w, https:\/\/www.xminsulation.com\/wp-content\/uploads\/2024\/05\/\u56fe\u724711-5-1142x1536.png 1142w, https:\/\/www.xminsulation.com\/wp-content\/uploads\/2024\/05\/\u56fe\u724711-5-1523x2048.png 1523w, https:\/\/www.xminsulation.com\/wp-content\/uploads\/2024\/05\/\u56fe\u724711-5-9x12.png 9w, https:\/\/www.xminsulation.com\/wp-content\/uploads\/2024\/05\/\u56fe\u724711-5-600x807.png 600w\" sizes=\"(max-width: 2360px) 100vw, 2360px\" \/><\/p>\n<p><strong><b>Technical Parameters: <\/b><\/strong><\/p>\n<p>Rated Voltage:12\/24kV.<\/p>\n<p>PF:48kV\/min\u300179kV\/min.<\/p>\n<p>PD:13.2kV\u22645pC.<\/p>\n<p>Rated Current: 630A.<\/p>\n<p>Connect distance between the RMU: 24mm.<\/p>\n<p>Connect distance between the RMU: 34mm.<\/p>\n<h2><strong><b>Busbar Connector Inner Cone Plugs For GIS Switchgear-Style 3:<\/b><\/strong><\/h2>\n<p><img loading=\"lazy\" decoding=\"async\" class=\"alignnone wp-image-2695 size-full\" src=\"http:\/\/www.xminsulation.com\/wp-content\/uploads\/2024\/05\/\u56fe\u724712-5.png\" alt=\"\" width=\"1200\" height=\"717\" srcset=\"https:\/\/www.xminsulation.com\/wp-content\/uploads\/2024\/05\/\u56fe\u724712-5.png 1200w, https:\/\/www.xminsulation.com\/wp-content\/uploads\/2024\/05\/\u56fe\u724712-5-300x179.png 300w, https:\/\/www.xminsulation.com\/wp-content\/uploads\/2024\/05\/\u56fe\u724712-5-1024x612.png 1024w, https:\/\/www.xminsulation.com\/wp-content\/uploads\/2024\/05\/\u56fe\u724712-5-768x459.png 768w, https:\/\/www.xminsulation.com\/wp-content\/uploads\/2024\/05\/\u56fe\u724712-5-18x12.png 18w, https:\/\/www.xminsulation.com\/wp-content\/uploads\/2024\/05\/\u56fe\u724712-5-600x359.png 600w\" sizes=\"(max-width: 1200px) 100vw, 1200px\" \/> <img loading=\"lazy\" decoding=\"async\" class=\"alignnone wp-image-2696 size-full\" src=\"http:\/\/www.xminsulation.com\/wp-content\/uploads\/2024\/05\/\u56fe\u724713-5.png\" alt=\"\" width=\"1200\" height=\"1790\" srcset=\"https:\/\/www.xminsulation.com\/wp-content\/uploads\/2024\/05\/\u56fe\u724713-5.png 1200w, https:\/\/www.xminsulation.com\/wp-content\/uploads\/2024\/05\/\u56fe\u724713-5-201x300.png 201w, https:\/\/www.xminsulation.com\/wp-content\/uploads\/2024\/05\/\u56fe\u724713-5-686x1024.png 686w, https:\/\/www.xminsulation.com\/wp-content\/uploads\/2024\/05\/\u56fe\u724713-5-768x1146.png 768w, https:\/\/www.xminsulation.com\/wp-content\/uploads\/2024\/05\/\u56fe\u724713-5-1030x1536.png 1030w, https:\/\/www.xminsulation.com\/wp-content\/uploads\/2024\/05\/\u56fe\u724713-5-8x12.png 8w, https:\/\/www.xminsulation.com\/wp-content\/uploads\/2024\/05\/\u56fe\u724713-5-600x895.png 600w\" sizes=\"(max-width: 1200px) 100vw, 1200px\" \/><\/p>\n<p><strong><b>Technical Parameters: <\/b><\/strong><\/p>\n<p>Rated Voltage:12\/24kV .<\/p>\n<p>PF:48kV\/min\u300179kV\/min.<\/p>\n<p>PD:13.2kV\u22645pC\u300126.4kV\u22645pC.<\/p>\n<p>Rated Current: 630A.<\/p>\n<p>Connect distance between the RMU: 34mm.<\/p>\n<p>Connect distance between the RMU: 47mm.<\/p>\n<h2><strong><b>Busbar Connector Inner Cone Plugs For GIS Switchgear-Style 4:<\/b><\/strong><\/h2>\n<p><img loading=\"lazy\" decoding=\"async\" class=\"alignnone wp-image-2697 size-large\" src=\"http:\/\/www.xminsulation.com\/wp-content\/uploads\/2024\/05\/\u56fe\u724714-4-1024x618.png\" alt=\"\" width=\"1024\" height=\"618\" srcset=\"https:\/\/www.xminsulation.com\/wp-content\/uploads\/2024\/05\/\u56fe\u724714-4-1024x618.png 1024w, https:\/\/www.xminsulation.com\/wp-content\/uploads\/2024\/05\/\u56fe\u724714-4-300x181.png 300w, https:\/\/www.xminsulation.com\/wp-content\/uploads\/2024\/05\/\u56fe\u724714-4-768x464.png 768w, https:\/\/www.xminsulation.com\/wp-content\/uploads\/2024\/05\/\u56fe\u724714-4-1536x928.png 1536w, https:\/\/www.xminsulation.com\/wp-content\/uploads\/2024\/05\/\u56fe\u724714-4-2048x1237.png 2048w, https:\/\/www.xminsulation.com\/wp-content\/uploads\/2024\/05\/\u56fe\u724714-4-18x12.png 18w, https:\/\/www.xminsulation.com\/wp-content\/uploads\/2024\/05\/\u56fe\u724714-4-600x362.png 600w\" sizes=\"(max-width: 1024px) 100vw, 1024px\" \/> <img loading=\"lazy\" decoding=\"async\" class=\"alignnone wp-image-2698 size-full\" src=\"http:\/\/www.xminsulation.com\/wp-content\/uploads\/2024\/05\/\u56fe\u724715-4.png\" alt=\"\" width=\"1500\" height=\"2054\" srcset=\"https:\/\/www.xminsulation.com\/wp-content\/uploads\/2024\/05\/\u56fe\u724715-4.png 1500w, https:\/\/www.xminsulation.com\/wp-content\/uploads\/2024\/05\/\u56fe\u724715-4-219x300.png 219w, https:\/\/www.xminsulation.com\/wp-content\/uploads\/2024\/05\/\u56fe\u724715-4-748x1024.png 748w, https:\/\/www.xminsulation.com\/wp-content\/uploads\/2024\/05\/\u56fe\u724715-4-768x1052.png 768w, https:\/\/www.xminsulation.com\/wp-content\/uploads\/2024\/05\/\u56fe\u724715-4-1122x1536.png 1122w, https:\/\/www.xminsulation.com\/wp-content\/uploads\/2024\/05\/\u56fe\u724715-4-1496x2048.png 1496w, https:\/\/www.xminsulation.com\/wp-content\/uploads\/2024\/05\/\u56fe\u724715-4-9x12.png 9w, https:\/\/www.xminsulation.com\/wp-content\/uploads\/2024\/05\/\u56fe\u724715-4-600x822.png 600w\" sizes=\"(max-width: 1500px) 100vw, 1500px\" \/><\/p>\n<p><strong><b>Technical Parameters: <\/b><\/strong><\/p>\n<p>Rated voltage: 12kV\/24kV.<\/p>\n<p>PF: 48kV\/min,79kV\/min.<\/p>\n<p>PD:13.2kV\u22645pC\u300126.4kV\u22645pC.<\/p>\n<p>Rated current:630A\/1250A.<\/p>\n<p>Capacitance value:18\u00b1 2PF.<\/p>\n<p>Connect distance between the RMU: 34mm.<\/p>\n<h2>\u25c6Spezielle Anpassung<\/h2>\n<p>Die oben genannten Parameter sind typische Daten. Wenn die vorhandenen Stile nicht Ihren speziellen Anforderungen entsprechen, kontaktieren Sie uns bitte f\u00fcr ein individuelles Design. Wir verf\u00fcgen \u00fcber bedeutende F\u00e4higkeiten in der Entwicklung und Produktion individueller Anpassungen, sodass wir Kunden auf der ganzen Welt ma\u00dfgeschneiderte L\u00f6sungen bieten k\u00f6nnen.<\/p>\n<p>&nbsp;<\/p>","protected":false},"excerpt":{"rendered":"<p>Busbar Connector Inner Cone Plugs For GIS Switchgear-Style 1: Technical Parameters: Rated Voltage:12kV. PF:48kV\/min. PD:13.2kV\u22645pC. Rated Current: 630A. Connect distance between the RMU: 34mm. Busbar Connector Inner Cone Plugs For GIS Switchgear-Style 2: Technical Parameters: Rated Voltage:12\/24kV. PF:48kV\/min\u300179kV\/min. PD:13.2kV\u22645pC. Rated Current: 630A. Connect distance between the RMU: 24mm. Connect distance between the RMU: 34mm. Busbar [&hellip;]<\/p>","protected":false},"featured_media":2699,"template":"","meta":{"site-sidebar-layout":"default","site-content-layout":"","ast-site-content-layout":"default","site-content-style":"default","site-sidebar-style":"default","ast-global-header-display":"","ast-banner-title-visibility":"","ast-main-header-display":"","ast-hfb-above-header-display":"","ast-hfb-below-header-display":"","ast-hfb-mobile-header-display":"","site-post-title":"","ast-breadcrumbs-content":"","ast-featured-img":"","footer-sml-layout":"","theme-transparent-header-meta":"default","adv-header-id-meta":"","stick-header-meta":"","header-above-stick-meta":"","header-main-stick-meta":"","header-below-stick-meta":"","astra-migrate-meta-layouts":"set","ast-page-background-enabled":"default","ast-page-background-meta":{"desktop":{"background-color":"","background-image":"","background-repeat":"repeat","background-position":"center center","background-size":"auto","background-attachment":"scroll","background-type":"","background-media":"","overlay-type":"","overlay-color":"","overlay-gradient":""},"tablet":{"background-color":"","background-image":"","background-repeat":"repeat","background-position":"center center","background-size":"auto","background-attachment":"scroll","background-type":"","background-media":"","overlay-type":"","overlay-color":"","overlay-gradient":""},"mobile":{"background-color":"","background-image":"","background-repeat":"repeat","background-position":"center center","background-size":"auto","background-attachment":"scroll","background-type":"","background-media":"","overlay-type":"","overlay-color":"","overlay-gradient":""}},"ast-content-background-meta":{"desktop":{"background-color":"var(--ast-global-color-5)","background-image":"","background-repeat":"repeat","background-position":"center center","background-size":"auto","background-attachment":"scroll","background-type":"","background-media":"","overlay-type":"","overlay-color":"","overlay-gradient":""},"tablet":{"background-color":"var(--ast-global-color-5)","background-image":"","background-repeat":"repeat","background-position":"center center","background-size":"auto","background-attachment":"scroll","background-type":"","background-media":"","overlay-type":"","overlay-color":"","overlay-gradient":""},"mobile":{"background-color":"var(--ast-global-color-5)","background-image":"","background-repeat":"repeat","background-position":"center center","background-size":"auto","background-attachment":"scroll","background-type":"","background-media":"","overlay-type":"","overlay-color":"","overlay-gradient":""}}},"product_cat":[42],"product_tag":[],"class_list":{"0":"post-2690","1":"product","2":"type-product","3":"status-publish","4":"has-post-thumbnail","6":"product_cat-custom-medium-voltage-silicone-insulation-parts","7":"desktop-align-left","8":"tablet-align-left","9":"mobile-align-left","11":"first","12":"instock","13":"shipping-taxable","14":"product-type-simple"},"_links":{"self":[{"href":"https:\/\/www.xminsulation.com\/de\/wp-json\/wp\/v2\/product\/2690","targetHints":{"allow":["GET"]}}],"collection":[{"href":"https:\/\/www.xminsulation.com\/de\/wp-json\/wp\/v2\/product"}],"about":[{"href":"https:\/\/www.xminsulation.com\/de\/wp-json\/wp\/v2\/types\/product"}],"wp:featuredmedia":[{"embeddable":true,"href":"https:\/\/www.xminsulation.com\/de\/wp-json\/wp\/v2\/media\/2699"}],"wp:attachment":[{"href":"https:\/\/www.xminsulation.com\/de\/wp-json\/wp\/v2\/media?parent=2690"}],"wp:term":[{"taxonomy":"product_cat","embeddable":true,"href":"https:\/\/www.xminsulation.com\/de\/wp-json\/wp\/v2\/product_cat?post=2690"},{"taxonomy":"product_tag","embeddable":true,"href":"https:\/\/www.xminsulation.com\/de\/wp-json\/wp\/v2\/product_tag?post=2690"}],"curies":[{"name":"wp","href":"https:\/\/api.w.org\/{rel}","templated":true}]}}