{"id":2258,"date":"2024-05-17T18:04:05","date_gmt":"2024-05-17T10:04:05","guid":{"rendered":"http:\/\/www.xminsulation.com\/?post_type=product&#038;p=2258"},"modified":"2024-05-17T18:04:06","modified_gmt":"2024-05-17T10:04:06","slug":"flw34-12-40-5kv-intelligent-outdoor-sf6-load-break-switch","status":"publish","type":"product","link":"https:\/\/www.xminsulation.com\/de\/product\/flw34-12-40-5kv-intelligent-outdoor-sf6-load-break-switch\/","title":{"rendered":"FLW34-12\/40,5 kV Intelligenter SF6-Lasttrennschalter f\u00fcr den Au\u00dfenbereich"},"content":{"rendered":"<p><img fetchpriority=\"high\" decoding=\"async\" class=\"alignnone wp-image-2260 size-full\" src=\"http:\/\/www.xminsulation.com\/wp-content\/uploads\/2024\/05\/\u56fe\u7247164-2.png\" alt=\"\" width=\"1000\" height=\"744\" srcset=\"https:\/\/www.xminsulation.com\/wp-content\/uploads\/2024\/05\/\u56fe\u7247164-2.png 1000w, https:\/\/www.xminsulation.com\/wp-content\/uploads\/2024\/05\/\u56fe\u7247164-2-300x223.png 300w, https:\/\/www.xminsulation.com\/wp-content\/uploads\/2024\/05\/\u56fe\u7247164-2-768x571.png 768w, https:\/\/www.xminsulation.com\/wp-content\/uploads\/2024\/05\/\u56fe\u7247164-2-600x446.png 600w\" sizes=\"(max-width: 1000px) 100vw, 1000px\" \/> <img decoding=\"async\" class=\"alignnone wp-image-2261 size-full\" src=\"http:\/\/www.xminsulation.com\/wp-content\/uploads\/2024\/05\/\u56fe\u7247165-1.jpg\" alt=\"\" width=\"1000\" height=\"1000\" srcset=\"https:\/\/www.xminsulation.com\/wp-content\/uploads\/2024\/05\/\u56fe\u7247165-1.jpg 1000w, https:\/\/www.xminsulation.com\/wp-content\/uploads\/2024\/05\/\u56fe\u7247165-1-300x300.jpg 300w, https:\/\/www.xminsulation.com\/wp-content\/uploads\/2024\/05\/\u56fe\u7247165-1-150x150.jpg 150w, https:\/\/www.xminsulation.com\/wp-content\/uploads\/2024\/05\/\u56fe\u7247165-1-768x768.jpg 768w, https:\/\/www.xminsulation.com\/wp-content\/uploads\/2024\/05\/\u56fe\u7247165-1-600x600.jpg 600w, https:\/\/www.xminsulation.com\/wp-content\/uploads\/2024\/05\/\u56fe\u7247165-1-100x100.jpg 100w\" sizes=\"(max-width: 1000px) 100vw, 1000px\" \/> <img decoding=\"async\" class=\"alignnone wp-image-2262 size-full\" src=\"http:\/\/www.xminsulation.com\/wp-content\/uploads\/2024\/05\/\u56fe\u7247166-1.png\" alt=\"\" width=\"1000\" height=\"1415\" srcset=\"https:\/\/www.xminsulation.com\/wp-content\/uploads\/2024\/05\/\u56fe\u7247166-1.png 1000w, https:\/\/www.xminsulation.com\/wp-content\/uploads\/2024\/05\/\u56fe\u7247166-1-212x300.png 212w, https:\/\/www.xminsulation.com\/wp-content\/uploads\/2024\/05\/\u56fe\u7247166-1-724x1024.png 724w, https:\/\/www.xminsulation.com\/wp-content\/uploads\/2024\/05\/\u56fe\u7247166-1-768x1087.png 768w, https:\/\/www.xminsulation.com\/wp-content\/uploads\/2024\/05\/\u56fe\u7247166-1-600x849.png 600w\" sizes=\"(max-width: 1000px) 100vw, 1000px\" \/><\/p>\n<h2><strong><b>P<\/b><\/strong><strong><b>Produkt <\/b><\/strong><strong><b>D<\/b><\/strong><strong><b>Beschreibung<\/b><\/strong><\/h2>\n<p>Der mastmontierte SF6-Lastschalter FLW34-12\/40,5 kV ist ein kompletter Satz mastmontierter Schalterprodukte, die gem\u00e4\u00df den Standards f\u00fcr Prim\u00e4r- und Sekund\u00e4rfusion entwickelt wurden. Der Schalter hat eine kompakte Struktur, ein sinnvolles Layout und vollst\u00e4ndige Funktionen. Alle Anzeigen erf\u00fcllen die technischen Anforderungen f\u00fcr Prim\u00e4r- und Sekund\u00e4rfusion. Es handelt sich um einen kompletten Produktsatz f\u00fcr mastmontierte Schalter zur Automatisierung der Stromverteilung im Au\u00dfenbereich. Der Lastschalter verwendet das SF6-Lichtbogenl\u00f6schprinzip und verf\u00fcgt \u00fcber integrierte hochpr\u00e4zise Stromtransformatoren, Nullstromtransformatoren und Nullspannungssensoren. Dieser komplette Schaltersatz kann f\u00fcr Laststr\u00f6me und \u00dcberlastungen in den Abschalt- und Schlie\u00dfsystemen von Mittelspannungsverteilungsnetzen eingesetzt werden. Strom, der fehlerhafte Verteilungsleitungsabschnitte automatisch isolieren kann.<\/p>\n<h2><strong><b>Erste und <\/b><\/strong><strong><b>S<\/b><\/strong><strong><b>Sekunde <\/b><\/strong><strong><b>F<\/b><\/strong><strong><b>Nutzung <\/b><\/strong><strong><b>F<\/b><\/strong><strong><b>Eigenschaften<\/b><\/strong><\/h2>\n<p><strong><b>Prim\u00e4res SF6 <\/b><\/strong><strong><b>M<\/b><\/strong><strong><b>Ladung <\/b><\/strong><strong><b>S<\/b><\/strong><strong><b>Hexe <\/b><\/strong><strong><b>P<\/b><\/strong><strong><b>Kunst:<\/b><\/strong><\/p>\n<ol>\n<li>Der K\u00f6rper verwendet hochreines (\u00fcber 99,91 TP3T) SF6-Gas mit guten Isolier- und Lichtbogenl\u00f6scheigenschaften. Es hat eine extrem kurze Lichtbogenl\u00f6schzeit (1\/2 Zyklus) und gute Isolationswiederherstellungseigenschaften und verf\u00fcgt \u00fcber eine hervorragende Isolierleistung. Dar\u00fcber hinaus ist die Lichtbogenl\u00f6schzeit bei Unterbrechung des Laststroms sehr kurz und der Kontaktverbrauch des Unterbrechungsteils gering, sodass keine Wartung und kein Austausch des Unterbrechungsteils erforderlich sind.<\/li>\n<li>Der Schaltkasten ist aus Edelstahl 304 gefertigt, um die Anforderungen an die Korrosionsbest\u00e4ndigkeit f\u00fcr den dauerhaften Einsatz zu erf\u00fcllen.<\/li>\n<li>Es wird ein Federspeicher-Betriebsmechanismus verwendet, der Energiespeicher wird mechanisch aufrechterhalten und es werden manuelle und elektrische Schnellschlie\u00df- und Schnell\u00f6ffnungsvorg\u00e4nge verwendet. Das \u00d6ffnen und Schlie\u00dfen erfolgt in weniger als 60 ms und die Kompatibilit\u00e4t mit dem Backup-Schutzger\u00e4t ist gut.<\/li>\n<li>Ausgestattet mit einem manuellen Verriegelungsmechanismus, um Fehlbedienungen w\u00e4hrend der Wartung zu vermeiden und den Sicherheitsfaktor zu verbessern.<\/li>\n<li>Ausgestattet mit einem Hochdruck-Druckentlastungsger\u00e4t wird die Box auch bei einem internen Fehler nicht durch einen pl\u00f6tzlichen Anstieg des Gasdrucks in der Box besch\u00e4digt.<\/li>\n<\/ol>\n<p><strong><b>Sekund\u00e4r <\/b><\/strong><strong><b>ICH<\/b><\/strong><strong><b>intelligent <\/b><\/strong><strong><b>C<\/b><\/strong><strong><b>Kontrolleur <\/b><\/strong><strong><b>P<\/b><\/strong><strong><b>Kunst:<\/b><\/strong><\/p>\n<ol>\n<li>Erf\u00fcllen Sie den IEC 61850-Standard, um Plug-and-Play zu erreichen.<\/li>\n<li>Es verf\u00fcgt \u00fcber einen leistungsstarken digitalen Signalprozessor und ein gro\u00df angelegtes feldprogrammierbares Logik-Array, bietet leistungsstarke Echtzeit-Datenverarbeitungsfunktionen und umfangreiche Speicherressourcen und erf\u00fcllt die Anwendungsanforderungen von fortschrittlicher Anwendungssoftware und Kommunikation, Systemverwaltung, Mensch-Computer-Interaktion und anderen Funktionen.<\/li>\n<li>Es kann je nach Bedarf flexibel konfiguriert werden, um die Realisierung von \u201eZwei-Remote\u201c- oder \u201eDrei-Remote\u201c-Funktionen zu erm\u00f6glichen.<\/li>\n<li>Modulare und standardisierte Struktur, Verwendung eines seriellen Hochgeschwindigkeitsbusses in Echtzeit, flexible Erweiterung und einfache Wartung.<\/li>\n<li>Basierend auf dem Echtzeit-Betriebssystem Linux verwendet es eine hierarchische und modulare Softwarestruktur. Anwendungen greifen \u00fcber offene Schnittstellen auf zugrunde liegende Ressourcen und Daten zu, trennen Daten von Anwendungen und unterst\u00fctzen das dynamische Laden und Entladen von Anwendungen. Anwendungen sind Plug-and-Play. Bietet eine einheitliche Supportplattform f\u00fcr verschiedene Anwendungen f\u00fcr intelligente Verteilungsnetzwerke.<\/li>\n<\/ol>\n<h2><strong>Ma\u00dfe<\/strong><\/h2>\n<p><img loading=\"lazy\" decoding=\"async\" class=\"alignnone wp-image-2263 size-large\" src=\"http:\/\/www.xminsulation.com\/wp-content\/uploads\/2024\/05\/\u56fe\u7247167-1-1024x731.png\" alt=\"\" width=\"1024\" height=\"731\" srcset=\"https:\/\/www.xminsulation.com\/wp-content\/uploads\/2024\/05\/\u56fe\u7247167-1-1024x731.png 1024w, https:\/\/www.xminsulation.com\/wp-content\/uploads\/2024\/05\/\u56fe\u7247167-1-300x214.png 300w, https:\/\/www.xminsulation.com\/wp-content\/uploads\/2024\/05\/\u56fe\u7247167-1-768x548.png 768w, https:\/\/www.xminsulation.com\/wp-content\/uploads\/2024\/05\/\u56fe\u7247167-1-1536x1096.png 1536w, https:\/\/www.xminsulation.com\/wp-content\/uploads\/2024\/05\/\u56fe\u7247167-1-2048x1462.png 2048w, https:\/\/www.xminsulation.com\/wp-content\/uploads\/2024\/05\/\u56fe\u7247167-1-600x428.png 600w\" sizes=\"(max-width: 1024px) 100vw, 1024px\" \/> <img loading=\"lazy\" decoding=\"async\" class=\"alignnone wp-image-2264 size-large\" src=\"http:\/\/www.xminsulation.com\/wp-content\/uploads\/2024\/05\/\u56fe\u7247168-1024x638.png\" alt=\"\" width=\"1024\" height=\"638\" srcset=\"https:\/\/www.xminsulation.com\/wp-content\/uploads\/2024\/05\/\u56fe\u7247168-1024x638.png 1024w, https:\/\/www.xminsulation.com\/wp-content\/uploads\/2024\/05\/\u56fe\u7247168-300x187.png 300w, https:\/\/www.xminsulation.com\/wp-content\/uploads\/2024\/05\/\u56fe\u7247168-768x478.png 768w, https:\/\/www.xminsulation.com\/wp-content\/uploads\/2024\/05\/\u56fe\u7247168-1536x957.png 1536w, https:\/\/www.xminsulation.com\/wp-content\/uploads\/2024\/05\/\u56fe\u7247168-600x374.png 600w, https:\/\/www.xminsulation.com\/wp-content\/uploads\/2024\/05\/\u56fe\u7247168.png 1920w\" sizes=\"(max-width: 1024px) 100vw, 1024px\" \/> <img loading=\"lazy\" decoding=\"async\" class=\"alignnone wp-image-2265 size-full\" src=\"http:\/\/www.xminsulation.com\/wp-content\/uploads\/2024\/05\/\u56fe\u7247169-1.png\" alt=\"\" width=\"852\" height=\"750\" srcset=\"https:\/\/www.xminsulation.com\/wp-content\/uploads\/2024\/05\/\u56fe\u7247169-1.png 852w, https:\/\/www.xminsulation.com\/wp-content\/uploads\/2024\/05\/\u56fe\u7247169-1-300x264.png 300w, https:\/\/www.xminsulation.com\/wp-content\/uploads\/2024\/05\/\u56fe\u7247169-1-768x676.png 768w, https:\/\/www.xminsulation.com\/wp-content\/uploads\/2024\/05\/\u56fe\u7247169-1-600x528.png 600w\" sizes=\"(max-width: 852px) 100vw, 852px\" \/> <img loading=\"lazy\" decoding=\"async\" class=\"alignnone wp-image-2266 size-full\" src=\"http:\/\/www.xminsulation.com\/wp-content\/uploads\/2024\/05\/\u56fe\u7247170-1.png\" alt=\"\" width=\"852\" height=\"744\" srcset=\"https:\/\/www.xminsulation.com\/wp-content\/uploads\/2024\/05\/\u56fe\u7247170-1.png 852w, https:\/\/www.xminsulation.com\/wp-content\/uploads\/2024\/05\/\u56fe\u7247170-1-300x262.png 300w, https:\/\/www.xminsulation.com\/wp-content\/uploads\/2024\/05\/\u56fe\u7247170-1-768x671.png 768w, https:\/\/www.xminsulation.com\/wp-content\/uploads\/2024\/05\/\u56fe\u7247170-1-600x524.png 600w\" sizes=\"(max-width: 852px) 100vw, 852px\" \/> <img loading=\"lazy\" decoding=\"async\" class=\"alignnone wp-image-2267 size-full\" src=\"http:\/\/www.xminsulation.com\/wp-content\/uploads\/2024\/05\/\u56fe\u7247171-1.png\" alt=\"\" width=\"852\" height=\"766\" srcset=\"https:\/\/www.xminsulation.com\/wp-content\/uploads\/2024\/05\/\u56fe\u7247171-1.png 852w, https:\/\/www.xminsulation.com\/wp-content\/uploads\/2024\/05\/\u56fe\u7247171-1-300x270.png 300w, https:\/\/www.xminsulation.com\/wp-content\/uploads\/2024\/05\/\u56fe\u7247171-1-768x690.png 768w, https:\/\/www.xminsulation.com\/wp-content\/uploads\/2024\/05\/\u56fe\u7247171-1-600x539.png 600w\" sizes=\"(max-width: 852px) 100vw, 852px\" \/> <img loading=\"lazy\" decoding=\"async\" class=\"alignnone wp-image-2268 size-full\" src=\"http:\/\/www.xminsulation.com\/wp-content\/uploads\/2024\/05\/\u56fe\u7247172-1.png\" alt=\"\" width=\"754\" height=\"828\" srcset=\"https:\/\/www.xminsulation.com\/wp-content\/uploads\/2024\/05\/\u56fe\u7247172-1.png 754w, https:\/\/www.xminsulation.com\/wp-content\/uploads\/2024\/05\/\u56fe\u7247172-1-273x300.png 273w, https:\/\/www.xminsulation.com\/wp-content\/uploads\/2024\/05\/\u56fe\u7247172-1-600x659.png 600w\" sizes=\"(max-width: 754px) 100vw, 754px\" \/><\/p>\n<h2><strong><b>Abbildung der Installation<\/b><\/strong><\/h2>\n<p><img loading=\"lazy\" decoding=\"async\" class=\"alignnone wp-image-2269 size-full\" src=\"http:\/\/www.xminsulation.com\/wp-content\/uploads\/2024\/05\/\u56fe\u7247173-1.png\" alt=\"\" width=\"975\" height=\"837\" srcset=\"https:\/\/www.xminsulation.com\/wp-content\/uploads\/2024\/05\/\u56fe\u7247173-1.png 975w, https:\/\/www.xminsulation.com\/wp-content\/uploads\/2024\/05\/\u56fe\u7247173-1-300x258.png 300w, https:\/\/www.xminsulation.com\/wp-content\/uploads\/2024\/05\/\u56fe\u7247173-1-768x659.png 768w, https:\/\/www.xminsulation.com\/wp-content\/uploads\/2024\/05\/\u56fe\u7247173-1-600x515.png 600w\" sizes=\"(max-width: 975px) 100vw, 975px\" \/><\/p>\n<h2>\u25c6Spezielle Anpassung<\/h2>\n<p>Die oben genannten Parameter sind typische Daten. Wenn die vorhandenen Stile nicht Ihren speziellen Anforderungen entsprechen, kontaktieren Sie uns bitte f\u00fcr ein individuelles Design. Wir verf\u00fcgen \u00fcber bedeutende F\u00e4higkeiten in der Entwicklung und Produktion individueller Anpassungen, sodass wir Kunden auf der ganzen Welt ma\u00dfgeschneiderte L\u00f6sungen bieten k\u00f6nnen.<\/p>\n<p>&nbsp;<\/p>","protected":false},"excerpt":{"rendered":"<p>Product Description FLW34-12\/40.5kV pole-mounted SF6 load switch is a complete set of pole-mounted switch products developed in accordance with primary and secondary fusion standards. The switch has a compact structure, reasonable layout, and complete functions. All indicators meet the primary and secondary fusion technical requirements. It is Complete set of products for outdoor power distribution [&hellip;]<\/p>","protected":false},"featured_media":2259,"template":"","meta":{"site-sidebar-layout":"default","site-content-layout":"","ast-site-content-layout":"default","site-content-style":"default","site-sidebar-style":"default","ast-global-header-display":"","ast-banner-title-visibility":"","ast-main-header-display":"","ast-hfb-above-header-display":"","ast-hfb-below-header-display":"","ast-hfb-mobile-header-display":"","site-post-title":"","ast-breadcrumbs-content":"","ast-featured-img":"","footer-sml-layout":"","theme-transparent-header-meta":"default","adv-header-id-meta":"","stick-header-meta":"","header-above-stick-meta":"","header-main-stick-meta":"","header-below-stick-meta":"","astra-migrate-meta-layouts":"set","ast-page-background-enabled":"default","ast-page-background-meta":{"desktop":{"background-color":"","background-image":"","background-repeat":"repeat","background-position":"center center","background-size":"auto","background-attachment":"scroll","background-type":"","background-media":"","overlay-type":"","overlay-color":"","overlay-gradient":""},"tablet":{"background-color":"","background-image":"","background-repeat":"repeat","background-position":"center center","background-size":"auto","background-attachment":"scroll","background-type":"","background-media":"","overlay-type":"","overlay-color":"","overlay-gradient":""},"mobile":{"background-color":"","background-image":"","background-repeat":"repeat","background-position":"center center","background-size":"auto","background-attachment":"scroll","background-type":"","background-media":"","overlay-type":"","overlay-color":"","overlay-gradient":""}},"ast-content-background-meta":{"desktop":{"background-color":"var(--ast-global-color-5)","background-image":"","background-repeat":"repeat","background-position":"center center","background-size":"auto","background-attachment":"scroll","background-type":"","background-media":"","overlay-type":"","overlay-color":"","overlay-gradient":""},"tablet":{"background-color":"var(--ast-global-color-5)","background-image":"","background-repeat":"repeat","background-position":"center center","background-size":"auto","background-attachment":"scroll","background-type":"","background-media":"","overlay-type":"","overlay-color":"","overlay-gradient":""},"mobile":{"background-color":"var(--ast-global-color-5)","background-image":"","background-repeat":"repeat","background-position":"center center","background-size":"auto","background-attachment":"scroll","background-type":"","background-media":"","overlay-type":"","overlay-color":"","overlay-gradient":""}}},"product_cat":[26],"product_tag":[],"class_list":{"0":"post-2258","1":"product","2":"type-product","3":"status-publish","4":"has-post-thumbnail","6":"product_cat-10-40-5kv-outdoor-intelligent-sf6-load-break-switch","7":"desktop-align-left","8":"tablet-align-left","9":"mobile-align-left","11":"first","12":"instock","13":"shipping-taxable","14":"product-type-simple"},"_links":{"self":[{"href":"https:\/\/www.xminsulation.com\/de\/wp-json\/wp\/v2\/product\/2258","targetHints":{"allow":["GET"]}}],"collection":[{"href":"https:\/\/www.xminsulation.com\/de\/wp-json\/wp\/v2\/product"}],"about":[{"href":"https:\/\/www.xminsulation.com\/de\/wp-json\/wp\/v2\/types\/product"}],"wp:featuredmedia":[{"embeddable":true,"href":"https:\/\/www.xminsulation.com\/de\/wp-json\/wp\/v2\/media\/2259"}],"wp:attachment":[{"href":"https:\/\/www.xminsulation.com\/de\/wp-json\/wp\/v2\/media?parent=2258"}],"wp:term":[{"taxonomy":"product_cat","embeddable":true,"href":"https:\/\/www.xminsulation.com\/de\/wp-json\/wp\/v2\/product_cat?post=2258"},{"taxonomy":"product_tag","embeddable":true,"href":"https:\/\/www.xminsulation.com\/de\/wp-json\/wp\/v2\/product_tag?post=2258"}],"curies":[{"name":"wp","href":"https:\/\/api.w.org\/{rel}","templated":true}]}}