{"id":2244,"date":"2024-05-17T17:57:37","date_gmt":"2024-05-17T09:57:37","guid":{"rendered":"http:\/\/www.xminsulation.com\/?post_type=product&#038;p=2244"},"modified":"2024-05-17T17:57:37","modified_gmt":"2024-05-17T09:57:37","slug":"12kv-intelligent-outdoor-pole-mounted-sf6-circuit-breaker","status":"publish","type":"product","link":"https:\/\/www.xminsulation.com\/de\/product\/12kv-intelligent-outdoor-pole-mounted-sf6-circuit-breaker\/","title":{"rendered":"Intelligenter, an einem Mast montierter 12-kV-SF6-Leistungsschalter f\u00fcr den Au\u00dfenbereich"},"content":{"rendered":"<p><img fetchpriority=\"high\" decoding=\"async\" class=\"alignnone wp-image-2246 size-full\" src=\"http:\/\/www.xminsulation.com\/wp-content\/uploads\/2024\/05\/\u56fe\u7247152.png\" alt=\"\" width=\"1000\" height=\"750\" srcset=\"https:\/\/www.xminsulation.com\/wp-content\/uploads\/2024\/05\/\u56fe\u7247152.png 1000w, https:\/\/www.xminsulation.com\/wp-content\/uploads\/2024\/05\/\u56fe\u7247152-300x225.png 300w, https:\/\/www.xminsulation.com\/wp-content\/uploads\/2024\/05\/\u56fe\u7247152-768x576.png 768w, https:\/\/www.xminsulation.com\/wp-content\/uploads\/2024\/05\/\u56fe\u7247152-600x450.png 600w\" sizes=\"(max-width: 1000px) 100vw, 1000px\" \/> <img decoding=\"async\" class=\"alignnone wp-image-2247 size-full\" src=\"http:\/\/www.xminsulation.com\/wp-content\/uploads\/2024\/05\/\u56fe\u7247153-1.jpg\" alt=\"\" width=\"1000\" height=\"1000\" srcset=\"https:\/\/www.xminsulation.com\/wp-content\/uploads\/2024\/05\/\u56fe\u7247153-1.jpg 1000w, https:\/\/www.xminsulation.com\/wp-content\/uploads\/2024\/05\/\u56fe\u7247153-1-300x300.jpg 300w, https:\/\/www.xminsulation.com\/wp-content\/uploads\/2024\/05\/\u56fe\u7247153-1-150x150.jpg 150w, https:\/\/www.xminsulation.com\/wp-content\/uploads\/2024\/05\/\u56fe\u7247153-1-768x768.jpg 768w, https:\/\/www.xminsulation.com\/wp-content\/uploads\/2024\/05\/\u56fe\u7247153-1-600x600.jpg 600w, https:\/\/www.xminsulation.com\/wp-content\/uploads\/2024\/05\/\u56fe\u7247153-1-100x100.jpg 100w\" sizes=\"(max-width: 1000px) 100vw, 1000px\" \/> <img decoding=\"async\" class=\"alignnone wp-image-2248 size-full\" src=\"http:\/\/www.xminsulation.com\/wp-content\/uploads\/2024\/05\/\u56fe\u7247154-1.png\" alt=\"\" width=\"1000\" height=\"750\" srcset=\"https:\/\/www.xminsulation.com\/wp-content\/uploads\/2024\/05\/\u56fe\u7247154-1.png 1000w, https:\/\/www.xminsulation.com\/wp-content\/uploads\/2024\/05\/\u56fe\u7247154-1-300x225.png 300w, https:\/\/www.xminsulation.com\/wp-content\/uploads\/2024\/05\/\u56fe\u7247154-1-768x576.png 768w, https:\/\/www.xminsulation.com\/wp-content\/uploads\/2024\/05\/\u56fe\u7247154-1-600x450.png 600w\" sizes=\"(max-width: 1000px) 100vw, 1000px\" \/> <img loading=\"lazy\" decoding=\"async\" class=\"alignnone wp-image-2249 size-full\" src=\"http:\/\/www.xminsulation.com\/wp-content\/uploads\/2024\/05\/\u56fe\u7247155-1.png\" alt=\"\" width=\"1000\" height=\"568\" srcset=\"https:\/\/www.xminsulation.com\/wp-content\/uploads\/2024\/05\/\u56fe\u7247155-1.png 1000w, https:\/\/www.xminsulation.com\/wp-content\/uploads\/2024\/05\/\u56fe\u7247155-1-300x170.png 300w, https:\/\/www.xminsulation.com\/wp-content\/uploads\/2024\/05\/\u56fe\u7247155-1-768x436.png 768w, https:\/\/www.xminsulation.com\/wp-content\/uploads\/2024\/05\/\u56fe\u7247155-1-600x341.png 600w\" sizes=\"(max-width: 1000px) 100vw, 1000px\" \/> <img loading=\"lazy\" decoding=\"async\" class=\"alignnone wp-image-2250 size-full\" src=\"http:\/\/www.xminsulation.com\/wp-content\/uploads\/2024\/05\/\u56fe\u7247156-1.png\" alt=\"\" width=\"1000\" height=\"704\" srcset=\"https:\/\/www.xminsulation.com\/wp-content\/uploads\/2024\/05\/\u56fe\u7247156-1.png 1000w, https:\/\/www.xminsulation.com\/wp-content\/uploads\/2024\/05\/\u56fe\u7247156-1-300x211.png 300w, https:\/\/www.xminsulation.com\/wp-content\/uploads\/2024\/05\/\u56fe\u7247156-1-768x541.png 768w, https:\/\/www.xminsulation.com\/wp-content\/uploads\/2024\/05\/\u56fe\u7247156-1-600x422.png 600w\" sizes=\"(max-width: 1000px) 100vw, 1000px\" \/><\/p>\n<h2><strong><b>P<\/b><\/strong><strong><b>Produkt <\/b><\/strong><strong><b>D<\/b><\/strong><strong><b>Beschreibung<\/b><\/strong><\/h2>\n<p>Der mastmontierte SF6-Leistungsschalter IE-12 kV\/630 A ist ein komplettes Set mastmontierter Schalterprodukte, die gem\u00e4\u00df den Standards f\u00fcr Prim\u00e4r- und Sekund\u00e4rfusion entwickelt wurden. Der Schalter zeichnet sich durch eine kompakte Bauweise, ein \u00fcbersichtliches Layout und umfassende Funktionen aus. Alle Anzeigen erf\u00fcllen die technischen Anforderungen der Prim\u00e4r- und Sekund\u00e4rfusion. Eingebaute hochpr\u00e4zise Stromwandler, Nullstromwandler und Nullspannungssensoren zeichnen sich durch einen gro\u00dfen Messbereich, hohe Messgenauigkeit, stabile Zuverl\u00e4ssigkeit und geringen Leistungsverlust aus. Die vollst\u00e4ndigen analogen Werte erm\u00f6glichen die genaue Bestimmung verschiedener Leitungsfehler.<\/p>\n<p>Der mastmontierte 12-kV-630A-SF6-Leistungsschalter arbeitet mit der FTU zusammen und verf\u00fcgt \u00fcber intelligente Funktionen wie Messung, Schutz, Steuerung, Signalisierung, Fernwirk- und Vernetzung, Online-\u00dcberwachung und -Diagnose, pr\u00e4zise Erdungspunktbestimmung, Leitungsverlustmessung und Fehleraufzeichnung. Er eignet sich f\u00fcr 12-kV-Freileitungen und Verbraucherabzweige. Er kann den Fehlerabschnitt schnell trennen und den Fehler innerhalb des Verbrauchergrenzabschnitts isolieren, um zu verhindern, dass sich Verbraucherfehler auf die gesamte Verteilungsleitung ausbreiten und gro\u00dffl\u00e4chige Stromausf\u00e4lle verursachen.<\/p>\n<h2><strong><b>Erste und <\/b><\/strong><strong><b>S<\/b><\/strong><strong><b>Sekunde <\/b><\/strong><strong><b>F<\/b><\/strong><strong><b>Nutzung <\/b><\/strong><strong><b>F<\/b><\/strong><strong><b>Eigenschaften<\/b><\/strong><\/h2>\n<p>&nbsp;<\/p>\n<p><strong><b>Prim\u00e4res SF6 <\/b><\/strong><strong><b>C<\/b><\/strong><strong><b>stromkreis <\/b><\/strong><strong><b>B<\/b><\/strong><strong><b>rechercher <\/b><\/strong><strong><b>S<\/b><\/strong><strong><b>Hexe <\/b><\/strong><strong><b>P<\/b><\/strong><strong><b>Kunst:<\/b><\/strong><\/p>\n<ol>\n<li>Dieses Produkt weist erhebliche Vorteile auf, wie beispielsweise eine einfache Struktur, eine hervorragende Lichtbogenl\u00f6sch- und Isolationsleistung, einen niedrigen Betriebsstrom, hohe Nennparameter, eine lange elektrische Lebensdauer und einen langen wartungsfreien Zeitraum.<\/li>\n<li>Der Schaltkasten ist aus Edelstahl 304 gefertigt, um die Anforderungen an die Korrosionsbest\u00e4ndigkeit f\u00fcr den dauerhaften Einsatz zu erf\u00fcllen.<\/li>\n<li>Der Hauptstromkreis verwendet Kontakte aus einer Kupfer-Wolfram-Legierung und die Kontaktfinger bestehen aus einer pflaumenbl\u00fctenf\u00f6rmigen Kupfer-Wolfram-Legierung, die \u00fcber eine starke Unterbrechungskapazit\u00e4t, gro\u00dfe Stromfestigkeit, hohe Zuverl\u00e4ssigkeit, einen gro\u00dfen Kontakt\u00f6ffnungsabstand beim \u00d6ffnen und keinen Leckstrom zwischen den Br\u00fcchen verf\u00fcgt.<\/li>\n<li>Ausgestattet mit einem Hochdruck-Druckentlastungsger\u00e4t wird die Box auch bei einem internen Fehler nicht durch einen pl\u00f6tzlichen Anstieg des Gasdrucks in der Box besch\u00e4digt.<\/li>\n<li>Installieren Sie optional eine Niederdruck-Verriegelungsalarmeinrichtung. Bei zu niedrigem Druck im Leistungsschalter kann die Niederdruck-Verriegelungsalarmeinrichtung den Bet\u00e4tigungsmechanismus effektiv mechanisch verriegeln und der Steuerung einen Hilfskontakt bereitstellen. Dadurch werden Schaltleistung und Betriebssicherheit deutlich verbessert.<\/li>\n<li>Es verf\u00fcgt \u00fcber Anschlussklemmen f\u00fcr eingehende und ausgehende Leitungen sowie isolierte Kabel f\u00fcr eingehende und ausgehende Leitungen. Durch isolierte Kabel f\u00fcr eingehende und ausgehende Leitungen k\u00f6nnen Kurzschl\u00fcsse zwischen den Anschl\u00fcssen der eingehenden und ausgehenden Leitungen, die durch externe Faktoren verursacht werden, wirksam vermieden werden.<\/li>\n<li>Durch den Einsatz modernster Porzellangeh\u00e4usetechnologie f\u00fcr Zu- und Ableitungen k\u00f6nnen Koronaentladungen w\u00e4hrend des Schaltbetriebs wirksam verhindert werden. Organische Isolierh\u00fcllen k\u00f6nnen ebenfalls eingesetzt werden, um das Bersten von Porzellanflaschen durch \u00e4u\u00dfere Kr\u00e4fte sowie Blitzeinschl\u00e4ge und Rissbildung durch Porzellanfaktoren vollst\u00e4ndig zu verhindern.<\/li>\n<li>CT\/RVT-Schutzger\u00e4t konfigurieren: Um \u00dcberstrom und CT-Unterbrechung des Strommessger\u00e4ts zu verhindern, ist das \u00dcberspannungsprodukt des Spannungsmessger\u00e4ts mit einem CT\/RVT-Schutzmodul ausgestattet.<\/li>\n<li>Konfigurieren Sie das Spannungssensor-Schutzger\u00e4t: Verhindern Sie eine \u00dcberspannung der Phasenspannungs- und Nullspannungssensoren.<\/li>\n<\/ol>\n<p>Dreistufiger Kastentyp, einfache Struktur und kompaktes Layout.<\/p>\n<p><strong><b>Sekund\u00e4r <\/b><\/strong><strong><b>ICH<\/b><\/strong><strong><b>intelligent <\/b><\/strong><strong><b>C<\/b><\/strong><strong><b>Kontrolleur <\/b><\/strong><strong><b>P<\/b><\/strong><strong><b>Kunst:<\/b><\/strong><\/p>\n<ol>\n<li>Erf\u00fcllen Sie den IEC 61850-Standard, um Plug-and-Play zu erreichen.<\/li>\n<li>Es verf\u00fcgt \u00fcber einen leistungsstarken digitalen Signalprozessor und ein gro\u00df angelegtes feldprogrammierbares Logik-Array, bietet leistungsstarke Echtzeit-Datenverarbeitungsfunktionen und umfangreiche Speicherressourcen und erf\u00fcllt die Anwendungsanforderungen von fortschrittlicher Anwendungssoftware und Kommunikation, Systemverwaltung, Mensch-Computer-Interaktion und anderen Funktionen.<\/li>\n<li>Es kann je nach Bedarf flexibel konfiguriert werden, um die Realisierung von \u201eZwei-Remote\u201c- oder \u201eDrei-Remote\u201c-Funktionen zu erm\u00f6glichen.<\/li>\n<li>Modulare und standardisierte Struktur, Verwendung eines seriellen Hochgeschwindigkeitsbusses in Echtzeit, flexible Erweiterung und einfache Wartung.<\/li>\n<li>Basierend auf dem Echtzeit-Betriebssystem Linux verwendet es eine hierarchische und modulare Softwarestruktur. Anwendungen greifen \u00fcber offene Schnittstellen auf zugrunde liegende Ressourcen und Daten zu, trennen Daten von Anwendungen und unterst\u00fctzen das dynamische Laden und Entladen von Anwendungen. Anwendungen sind Plug-and-Play. Bietet eine einheitliche Supportplattform f\u00fcr verschiedene Anwendungen f\u00fcr intelligente Verteilungsnetzwerke.<\/li>\n<li>Stellen Sie eine PC-\u00e4hnliche Softwareentwicklungsumgebung bereit, mit der sich problemlos neue Anwendungssoftware \u00f6ffnen und neue Anwendungsfunktionen hinzuf\u00fcgen lassen.<\/li>\n<li>Redundantes Software- und Hardwaredesign mit hoher Fehlertoleranz sowie Selbstdiagnose- und Selbstwiederherstellungsfunktionen.<\/li>\n<li>Die Kommunikationsschnittstelle ist standardm\u00e4\u00dfig und vollst\u00e4ndig und erf\u00fcllt die Anforderungen der lokalen Verbindung, der lokalen Wartung und der Fernkommunikation.<\/li>\n<li>Chip in Industriequalit\u00e4t, anpassbar an einen weiten Bereich von Umgebungstemperaturen (-40~+85\u2103).<\/li>\n<li>Einzigartiges strukturelles Design mit gutem Regen-, Feuchtigkeits-, Verschmutzungs- und Vibrationsschutz sowie guten Bel\u00fcftungs- und W\u00e4rmeableitungseigenschaften.<\/li>\n<li>Strenges Blitzschutz- und Anti-Elektromagnetische-Interferenz-Design, die Entst\u00f6rungsf\u00e4higkeit erf\u00fcllt die Anforderungen der IEC-Norm IV.<\/li>\n<\/ol>\n<h2><strong><b>Produkt <\/b><\/strong><strong><b>Ma\u00dfe<\/b><\/strong><\/h2>\n<p><img loading=\"lazy\" decoding=\"async\" class=\"alignnone wp-image-2251 size-large\" src=\"http:\/\/www.xminsulation.com\/wp-content\/uploads\/2024\/05\/\u56fe\u7247157-1-1024x810.png\" alt=\"\" width=\"1024\" height=\"810\" srcset=\"https:\/\/www.xminsulation.com\/wp-content\/uploads\/2024\/05\/\u56fe\u7247157-1-1024x810.png 1024w, https:\/\/www.xminsulation.com\/wp-content\/uploads\/2024\/05\/\u56fe\u7247157-1-300x237.png 300w, https:\/\/www.xminsulation.com\/wp-content\/uploads\/2024\/05\/\u56fe\u7247157-1-768x607.png 768w, https:\/\/www.xminsulation.com\/wp-content\/uploads\/2024\/05\/\u56fe\u7247157-1-1536x1214.png 1536w, https:\/\/www.xminsulation.com\/wp-content\/uploads\/2024\/05\/\u56fe\u7247157-1-600x474.png 600w, https:\/\/www.xminsulation.com\/wp-content\/uploads\/2024\/05\/\u56fe\u7247157-1.png 1538w\" sizes=\"(max-width: 1024px) 100vw, 1024px\" \/> <img loading=\"lazy\" decoding=\"async\" class=\"alignnone wp-image-2252 size-full\" src=\"http:\/\/www.xminsulation.com\/wp-content\/uploads\/2024\/05\/\u56fe\u7247158-1.png\" alt=\"\" width=\"784\" height=\"588\" srcset=\"https:\/\/www.xminsulation.com\/wp-content\/uploads\/2024\/05\/\u56fe\u7247158-1.png 784w, https:\/\/www.xminsulation.com\/wp-content\/uploads\/2024\/05\/\u56fe\u7247158-1-300x225.png 300w, https:\/\/www.xminsulation.com\/wp-content\/uploads\/2024\/05\/\u56fe\u7247158-1-768x576.png 768w, https:\/\/www.xminsulation.com\/wp-content\/uploads\/2024\/05\/\u56fe\u7247158-1-600x450.png 600w\" sizes=\"(max-width: 784px) 100vw, 784px\" \/> <img loading=\"lazy\" decoding=\"async\" class=\"alignnone wp-image-2253 size-full\" src=\"http:\/\/www.xminsulation.com\/wp-content\/uploads\/2024\/05\/\u56fe\u7247159-3.png\" alt=\"\" width=\"900\" height=\"846\" srcset=\"https:\/\/www.xminsulation.com\/wp-content\/uploads\/2024\/05\/\u56fe\u7247159-3.png 900w, https:\/\/www.xminsulation.com\/wp-content\/uploads\/2024\/05\/\u56fe\u7247159-3-300x282.png 300w, https:\/\/www.xminsulation.com\/wp-content\/uploads\/2024\/05\/\u56fe\u7247159-3-768x722.png 768w, https:\/\/www.xminsulation.com\/wp-content\/uploads\/2024\/05\/\u56fe\u7247159-3-600x564.png 600w\" sizes=\"(max-width: 900px) 100vw, 900px\" \/> <img loading=\"lazy\" decoding=\"async\" class=\"alignnone wp-image-2254 size-full\" src=\"http:\/\/www.xminsulation.com\/wp-content\/uploads\/2024\/05\/\u56fe\u7247160-1.png\" alt=\"\" width=\"900\" height=\"784\" srcset=\"https:\/\/www.xminsulation.com\/wp-content\/uploads\/2024\/05\/\u56fe\u7247160-1.png 900w, https:\/\/www.xminsulation.com\/wp-content\/uploads\/2024\/05\/\u56fe\u7247160-1-300x261.png 300w, https:\/\/www.xminsulation.com\/wp-content\/uploads\/2024\/05\/\u56fe\u7247160-1-768x669.png 768w, https:\/\/www.xminsulation.com\/wp-content\/uploads\/2024\/05\/\u56fe\u7247160-1-600x523.png 600w\" sizes=\"(max-width: 900px) 100vw, 900px\" \/> <img loading=\"lazy\" decoding=\"async\" class=\"alignnone wp-image-2255 size-full\" src=\"http:\/\/www.xminsulation.com\/wp-content\/uploads\/2024\/05\/\u56fe\u7247161-2.png\" alt=\"\" width=\"900\" height=\"764\" srcset=\"https:\/\/www.xminsulation.com\/wp-content\/uploads\/2024\/05\/\u56fe\u7247161-2.png 900w, https:\/\/www.xminsulation.com\/wp-content\/uploads\/2024\/05\/\u56fe\u7247161-2-300x255.png 300w, https:\/\/www.xminsulation.com\/wp-content\/uploads\/2024\/05\/\u56fe\u7247161-2-768x652.png 768w, https:\/\/www.xminsulation.com\/wp-content\/uploads\/2024\/05\/\u56fe\u7247161-2-600x509.png 600w\" sizes=\"(max-width: 900px) 100vw, 900px\" \/> <img loading=\"lazy\" decoding=\"async\" class=\"alignnone wp-image-2256 size-full\" src=\"http:\/\/www.xminsulation.com\/wp-content\/uploads\/2024\/05\/\u56fe\u7247162-1.png\" alt=\"\" width=\"754\" height=\"828\" srcset=\"https:\/\/www.xminsulation.com\/wp-content\/uploads\/2024\/05\/\u56fe\u7247162-1.png 754w, https:\/\/www.xminsulation.com\/wp-content\/uploads\/2024\/05\/\u56fe\u7247162-1-273x300.png 273w, https:\/\/www.xminsulation.com\/wp-content\/uploads\/2024\/05\/\u56fe\u7247162-1-600x659.png 600w\" sizes=\"(max-width: 754px) 100vw, 754px\" \/><\/p>\n<h2><strong><b>Installation und Einstellung<\/b><\/strong><\/h2>\n<ol>\n<li>\u00dcberpr\u00fcfen Sie, ob das Leistungsschaltermodell und die Spezifikationen mit dem Bestellvertrag \u00fcbereinstimmen.<\/li>\n<li>Pr\u00fcfen Sie, ob die Begleitdokumente und Anlagen vollst\u00e4ndig sind.<\/li>\n<li>\u00dcberpr\u00fcfen Sie, ob die Oberfl\u00e4che des Leistungsschalters Druckstellen aufweist und ob die Isolierteile besch\u00e4digt oder gerissen sind.<\/li>\n<li>Pr\u00fcfen Sie, ob der Karton verformt ist und kontrollieren Sie die Versiegelung.<\/li>\n<li>Sind die Befestigungselemente locker?<\/li>\n<li>Bet\u00e4tigen Sie den Leistungsschalter manuell oder elektrisch, sodass er 10 Mal schlie\u00dft und \u00f6ffnet. Das \u00d6ffnen und Schlie\u00dfen sollte zuverl\u00e4ssig sein.<\/li>\n<li>Pr\u00fcfen Sie, ob der Zeiger des Manometers in den gr\u00fcnen Bereich zeigt.<\/li>\n<li>F\u00fchren Sie einen \u00dcberstromtest durch. Der \u00dcberstromeinstellwert sollte den Anforderungen entsprechen.<\/li>\n<li>Bei Produktsch\u00e4den oder sonstigen R\u00fcckfragen empfiehlt es sich, vor Ort Fotos vom Schaden zu machen und diesen rechtzeitig dem Hersteller zu melden.<\/li>\n<li>Achten Sie beim Anheben auf die Sicherheit. Sie m\u00fcssen die vier Hebe\u00f6sen an der Kiste einhaken und sie waagerecht anheben.<\/li>\n<li>Befestigen Sie den Leistungsschalter mit Schrauben an der Montagehalterung. Die Montagefl\u00e4che sollte eben sein. Liegen die vier Befestigungspunkte nicht auf derselben Ebene, sollten Unterlegscheiben hinzugef\u00fcgt werden, um eine Verformung der Gesamtstruktur des Leistungsschalters durch Belastung zu verhindern.<\/li>\n<li>Beim Anschluss des Leistungsschalters an die Sammelschiene darf die Abgangsseite des Leistungsschalters keiner dauerhaften Zug-, Druck- oder Drehmomentbelastung ausgesetzt werden.<\/li>\n<li>Nach der Installation sollte der Leistungsschalter \u00fcberpr\u00fcft und gereinigt werden.<\/li>\n<\/ol>\n<h2><strong><b>M<\/b><\/strong><strong><b>Wartung<\/b><\/strong><\/h2>\n<ol>\n<li>Der Leistungsschalter sollte regelm\u00e4\u00dfig \u00fcberpr\u00fcft und die Verunreinigungen auf der Oberfl\u00e4che der Isolierteile entfernt werden.<\/li>\n<li>\u00dcberpr\u00fcfen Sie regelm\u00e4\u00dfig, ob sich der Manometerzeiger im gr\u00fcnen Bereich befindet. Wenn sich der Manometerzeiger in der N\u00e4he des roten Bereichs befindet, wenden Sie sich rechtzeitig zur Wartung an den Hersteller.<\/li>\n<li>Bei h\u00e4ufigen Betriebsarten ist auf die Abnutzung der Kontakte zu achten und der Leistungsschalter darf nicht \u00fcber die zul\u00e4ssigen Kurzschlussausschaltzeiten und die mechanische Lebensdauer hinaus verwendet werden.<\/li>\n<li>Zu beachten:<\/li>\n<li>W\u00e4hrend der Wartung sollte der Leistungsschalter im nicht energiespeichernden und ge\u00f6ffneten Zustand sein und alle Stromversorgungen sollten getrennt sein. Da die Federn im energiespeichernden und geschlossenen Zustand Energie gespeichert haben, kann die Bewegung des Mechanismus Ihre H\u00e4nde verletzen, wenn Sie w\u00e4hrend der Wartung nicht vorsichtig sind.<\/li>\n<li>Die Wartung sollte von Fachleuten durchgef\u00fchrt werden.<\/li>\n<li>Nach einer Wartung, insbesondere nach einem Teileaustausch oder einer Neueinstellung, sollten die mechanischen Eigenschaften des Schalters gepr\u00fcft werden, um sicherzustellen, dass dieser den technischen Bedingungen entspricht.<\/li>\n<\/ol>\n<h2><strong><b>Abbildung der Installation<\/b><\/strong><\/h2>\n<p><img loading=\"lazy\" decoding=\"async\" class=\"alignnone wp-image-2257 size-full\" src=\"http:\/\/www.xminsulation.com\/wp-content\/uploads\/2024\/05\/\u56fe\u7247163-1.png\" alt=\"\" width=\"958\" height=\"1714\" srcset=\"https:\/\/www.xminsulation.com\/wp-content\/uploads\/2024\/05\/\u56fe\u7247163-1.png 958w, https:\/\/www.xminsulation.com\/wp-content\/uploads\/2024\/05\/\u56fe\u7247163-1-168x300.png 168w, https:\/\/www.xminsulation.com\/wp-content\/uploads\/2024\/05\/\u56fe\u7247163-1-572x1024.png 572w, https:\/\/www.xminsulation.com\/wp-content\/uploads\/2024\/05\/\u56fe\u7247163-1-768x1374.png 768w, https:\/\/www.xminsulation.com\/wp-content\/uploads\/2024\/05\/\u56fe\u7247163-1-859x1536.png 859w, https:\/\/www.xminsulation.com\/wp-content\/uploads\/2024\/05\/\u56fe\u7247163-1-600x1073.png 600w\" sizes=\"(max-width: 958px) 100vw, 958px\" \/><\/p>\n<h2>\u25c6Spezielle Anpassung<\/h2>\n<p>Die oben genannten Parameter sind typische Daten. Wenn die vorhandenen Stile nicht Ihren speziellen Anforderungen entsprechen, kontaktieren Sie uns bitte f\u00fcr ein individuelles Design. Wir verf\u00fcgen \u00fcber bedeutende F\u00e4higkeiten in der Entwicklung und Produktion individueller Anpassungen, sodass wir Kunden auf der ganzen Welt ma\u00dfgeschneiderte L\u00f6sungen bieten k\u00f6nnen.<\/p>\n<p>&nbsp;<\/p>\n<p>&nbsp;<\/p>\n<p>&nbsp;<\/p>\n<p>&nbsp;<\/p>","protected":false},"excerpt":{"rendered":"<p>Product Description IE-12kV\/630A\u00a0pole-mounted SF6 circuit breaker is a complete set of pole-mounted switch products developed in accordance with primary and secondary fusion standards. The switch has a compact structure, reasonable layout, and complete functions. All indicators meet the primary and secondary fusion technical requirements; built-in high Precision current transformers, zero-sequence current transformers, and zero-sequence voltage [&hellip;]<\/p>","protected":false},"featured_media":2245,"template":"","meta":{"site-sidebar-layout":"default","site-content-layout":"","ast-site-content-layout":"default","site-content-style":"default","site-sidebar-style":"default","ast-global-header-display":"","ast-banner-title-visibility":"","ast-main-header-display":"","ast-hfb-above-header-display":"","ast-hfb-below-header-display":"","ast-hfb-mobile-header-display":"","site-post-title":"","ast-breadcrumbs-content":"","ast-featured-img":"","footer-sml-layout":"","theme-transparent-header-meta":"default","adv-header-id-meta":"","stick-header-meta":"","header-above-stick-meta":"","header-main-stick-meta":"","header-below-stick-meta":"","astra-migrate-meta-layouts":"set","ast-page-background-enabled":"default","ast-page-background-meta":{"desktop":{"background-color":"","background-image":"","background-repeat":"repeat","background-position":"center center","background-size":"auto","background-attachment":"scroll","background-type":"","background-media":"","overlay-type":"","overlay-color":"","overlay-gradient":""},"tablet":{"background-color":"","background-image":"","background-repeat":"repeat","background-position":"center center","background-size":"auto","background-attachment":"scroll","background-type":"","background-media":"","overlay-type":"","overlay-color":"","overlay-gradient":""},"mobile":{"background-color":"","background-image":"","background-repeat":"repeat","background-position":"center center","background-size":"auto","background-attachment":"scroll","background-type":"","background-media":"","overlay-type":"","overlay-color":"","overlay-gradient":""}},"ast-content-background-meta":{"desktop":{"background-color":"var(--ast-global-color-5)","background-image":"","background-repeat":"repeat","background-position":"center center","background-size":"auto","background-attachment":"scroll","background-type":"","background-media":"","overlay-type":"","overlay-color":"","overlay-gradient":""},"tablet":{"background-color":"var(--ast-global-color-5)","background-image":"","background-repeat":"repeat","background-position":"center center","background-size":"auto","background-attachment":"scroll","background-type":"","background-media":"","overlay-type":"","overlay-color":"","overlay-gradient":""},"mobile":{"background-color":"var(--ast-global-color-5)","background-image":"","background-repeat":"repeat","background-position":"center center","background-size":"auto","background-attachment":"scroll","background-type":"","background-media":"","overlay-type":"","overlay-color":"","overlay-gradient":""}}},"product_cat":[25],"product_tag":[],"class_list":{"0":"post-2244","1":"product","2":"type-product","3":"status-publish","4":"has-post-thumbnail","6":"product_cat-10-12kv-outdoor-intelligent-sf6-circuit-breaker","7":"desktop-align-left","8":"tablet-align-left","9":"mobile-align-left","11":"first","12":"instock","13":"shipping-taxable","14":"product-type-simple"},"_links":{"self":[{"href":"https:\/\/www.xminsulation.com\/de\/wp-json\/wp\/v2\/product\/2244","targetHints":{"allow":["GET"]}}],"collection":[{"href":"https:\/\/www.xminsulation.com\/de\/wp-json\/wp\/v2\/product"}],"about":[{"href":"https:\/\/www.xminsulation.com\/de\/wp-json\/wp\/v2\/types\/product"}],"wp:featuredmedia":[{"embeddable":true,"href":"https:\/\/www.xminsulation.com\/de\/wp-json\/wp\/v2\/media\/2245"}],"wp:attachment":[{"href":"https:\/\/www.xminsulation.com\/de\/wp-json\/wp\/v2\/media?parent=2244"}],"wp:term":[{"taxonomy":"product_cat","embeddable":true,"href":"https:\/\/www.xminsulation.com\/de\/wp-json\/wp\/v2\/product_cat?post=2244"},{"taxonomy":"product_tag","embeddable":true,"href":"https:\/\/www.xminsulation.com\/de\/wp-json\/wp\/v2\/product_tag?post=2244"}],"curies":[{"name":"wp","href":"https:\/\/api.w.org\/{rel}","templated":true}]}}