{"id":2152,"date":"2024-05-13T16:43:49","date_gmt":"2024-05-13T08:43:49","guid":{"rendered":"http:\/\/www.xminsulation.com\/?post_type=product&#038;p=2152"},"modified":"2024-05-28T18:20:30","modified_gmt":"2024-05-28T10:20:30","slug":"40-5kv-1250a-sf6-gas-insulated-switchgear-gis-rmu","status":"publish","type":"product","link":"https:\/\/www.xminsulation.com\/de\/product\/40-5kv-1250a-sf6-gas-insulated-switchgear-gis-rmu\/","title":{"rendered":"40,5 kV-1250 A SF6-gasisolierte Schaltanlage GIS RMU"},"content":{"rendered":"<p><img fetchpriority=\"high\" decoding=\"async\" class=\"alignnone wp-image-2154 size-full\" src=\"http:\/\/www.xminsulation.com\/wp-content\/uploads\/2024\/05\/\u56fe\u724771-3.png\" alt=\"\" width=\"1049\" height=\"1049\" srcset=\"https:\/\/www.xminsulation.com\/wp-content\/uploads\/2024\/05\/\u56fe\u724771-3.png 1049w, https:\/\/www.xminsulation.com\/wp-content\/uploads\/2024\/05\/\u56fe\u724771-3-300x300.png 300w, https:\/\/www.xminsulation.com\/wp-content\/uploads\/2024\/05\/\u56fe\u724771-3-1024x1024.png 1024w, https:\/\/www.xminsulation.com\/wp-content\/uploads\/2024\/05\/\u56fe\u724771-3-150x150.png 150w, https:\/\/www.xminsulation.com\/wp-content\/uploads\/2024\/05\/\u56fe\u724771-3-768x768.png 768w, https:\/\/www.xminsulation.com\/wp-content\/uploads\/2024\/05\/\u56fe\u724771-3-600x600.png 600w, https:\/\/www.xminsulation.com\/wp-content\/uploads\/2024\/05\/\u56fe\u724771-3-100x100.png 100w\" sizes=\"(max-width: 1049px) 100vw, 1049px\" \/><\/p>\n<h2><strong><b>G<\/b><\/strong><strong><b>allgemein <\/b><\/strong><strong><b>ICH<\/b><\/strong><strong><b>Einf\u00fchrung<\/b><\/strong><\/h2>\n<p>Die vollst\u00e4ndig umschlossene und vollst\u00e4ndig isolierte aufblasbare Ringhaupteinheit SF6 mit 40,5 kV-1250 A f\u00fchrt fortschrittliche ausl\u00e4ndische Technologie ein und verf\u00fcgt \u00fcber ein modulares Design mit einer perfekten Einheit aus festem Typ und flexibler Erweiterung. Der aufblasbare Schaltschrank SF-40.5 zeichnet sich durch eine kompakte Struktur, Vollisolierung, lange Lebensdauer, Wartungsfreiheit, geringen Platzbedarf, Komplettl\u00f6sungen, starke Skalierbarkeit, hohen Sicherheitsfaktor und Umweltunempfindlichkeit aus.<\/p>\n<p>Es kann in industriellen, zivilen Ringnetzen und Terminalstromversorgungsnetzen weit verbreitet eingesetzt werden. Es eignet sich besonders f\u00fcr kleine sekund\u00e4re Stromverteilungsstationen, Schaltstationen, Industrie- und Bergbauunternehmen, Flugh\u00e4fen, Eisenbahnen, Autobahnen, U-Bahnen, Gewerbegebiete, Wohngebiete, Windenergie, Photovoltaik und andere Bereiche. Der Schaltschrank ist vollst\u00e4ndig geschlossen, wartungsfrei, klein, leistungsstark, sicher und zuverl\u00e4ssig, langlebig und wartungsfrei und bei den Benutzern sehr beliebt.<\/p>\n<h2><strong><b>Produkteigenschaften<\/b><\/strong><\/h2>\n<p>Modulares Design, jedes Einheitsmodul kann beliebig kombiniert und erweitert werden, ohne dass es aufgepumpt und entleert werden muss, was die L\u00f6sungskombination und das Design von Hochdruckdosierungen erleichtert und eine breite Palette an Anpassungsm\u00f6glichkeiten bietet. Es sind Kombinationsl\u00f6sungen f\u00fcr vollisolierte SF6-Leistungsschalter-Ein- und -Ausgangsschr\u00e4nke (L\u00f6schvorrichtung mit Vakuumlichtbogen), Lastschalter-Ein- und -Ausgangsschr\u00e4nke, Sammelschienenschr\u00e4nke, Messschr\u00e4nke, kombinierte Lastschalter-Sicherungs-Schaltschr\u00e4nke und TV-Schr\u00e4nke (mit oder ohne Schalter) erh\u00e4ltlich. Aufgeteilt in Einzeleinheiten, zwei Einheiten, drei Einheiten, vier Einheiten und andere kompakte Kombinationen bietet es breite Anwendungsaussichten f\u00fcr vollisolierte SF6-Ringnetzschr\u00e4nke oder Mehrkreis-Verteilungsschr\u00e4nke.<\/p>\n<p>Der Schrank hat eine gepanzerte Struktur. Zwischen dem Sammelschienenraum und dem Schaltraum sowie zwischen dem Schaltschrank und dem Kabelraum befinden sich Metalltrennw\u00e4nde. Der Schutzgrad des Prim\u00e4rteils der vollst\u00e4ndig isolierten Struktur kann IP67 erreichen. Die Luftdichtheit ist sehr gut, der Luftverbrauch ist gering und es kann 30 Jahre lang garantiert werden, dass keine Luft austritt. Der Betriebsmechanismus besteht aus korrosionsbest\u00e4ndigem Metall und die Lager der rotierenden Teile sind alle selbstschmierend. Das Produkt wird nicht von der Umgebung beeinflusst, erfordert keine regelm\u00e4\u00dfige Wartung und ist mit der Au\u00dfenwelt verbunden. Dies ist praktisch und f\u00fchrt zu einer geringen Betriebsleistung, hoher Zuverl\u00e4ssigkeit und l\u00e4ngerer Lebensdauer. Der Erweiterungsbus verwendet steckbare Silikonverbinder, die vollst\u00e4ndig isoliert und abgeschirmt sind, um die Leitf\u00e4higkeitszuverl\u00e4ssigkeit zu gew\u00e4hrleisten und nicht von der Umgebung beeinflusst zu werden. Die Kombination aus Verbindung und Erweiterung ist praktisch, was eine zuk\u00fcnftige Kapazit\u00e4tserweiterung und -umwandlung von Benutzern oder Unterstationen erleichtert.<\/p>\n<h2><strong><b>Produkt <\/b><\/strong><strong><b>A<\/b><\/strong><strong><b>Vorteile<\/b><\/strong><\/h2>\n<ol>\n<li>Anwendung in Plateaubereichen: SF6-Gas, vollst\u00e4ndige Isolationseigenschaften, der Einfluss von Druckunterschieden innerhalb und au\u00dferhalb der Gasbox muss nicht ber\u00fccksichtigt werden.<\/li>\n<li>Ger\u00e4temontage: bequem f\u00fcr Benutzererweiterungen, Plan\u00e4nderungen und Schaltungsaustausch.<\/li>\n<li>Anwendung zur Automatisierung des Verteilnetzes: Kann mit allen Automatisierungsterminals auf dem Markt zusammenarbeiten, um eine einfache Automatisierung des Verteilnetzes zu realisieren.<\/li>\n<li>Anwendung in K\u00fcstengebieten: Der Mechanismus ist vollst\u00e4ndig abgedichtet und verf\u00fcgt \u00fcber eine langfristige Korrosionsschutzbehandlung gegen Salzspr\u00fchnebel, um den sicheren Betrieb der Ger\u00e4te \u00fcber lange Zeit zu gew\u00e4hrleisten.<\/li>\n<li>Anwendung in Gebieten mit starkem Wind und Sand: Der Mechanismus ist abgedichtet, der Prim\u00e4rkreis und die Sammelschiene sind vollst\u00e4ndig abgedichtet und der Steuerkreis verf\u00fcgt \u00fcber automobilspezifische Dichtungsstreifen, um einen langfristig sicheren Betrieb in Gebieten mit starkem Wind und Sand zu gew\u00e4hrleisten.<\/li>\n<li>Die Einheiten k\u00f6nnen frei kombiniert werden, um unterschiedliche L\u00f6sungen zu realisieren.<\/li>\n<\/ol>\n<h2><strong><b>Kabinett <\/b><\/strong><strong><b>S<\/b><\/strong><strong><b>Struktur<\/b><\/strong><\/h2>\n<p>Das aufblasbare Fach besteht aus 3 bis 5 mm dicken Edelstahlplatten, die nach der Bearbeitung durch CNC-Werkzeugmaschinen von einem Schwei\u00dfroboter geschwei\u00dft werden. Es weist weniger Schwei\u00dfverformung und eine gute Luftdichtheit auf. Die \u00fcbrigen F\u00e4cher bestehen aus hochwertigen kaltgewalzten Stahlplatten, die nach dem CNC-Biegen geschwei\u00dft werden. Es zeichnet sich durch hohe Pr\u00e4zision und gute Festigkeit aus. Jede Funktionseinheit ist ein unabh\u00e4ngiges Modul, das \u00e4u\u00dferst bequem zu montieren ist. Jedes abgedichtete Fach des Schranks ist mit einem unabh\u00e4ngigen Druckentlastungskanal ausgestattet, um die pers\u00f6nliche Sicherheit und den Ger\u00e4tebetrieb zu maximieren.<\/p>\n<p><strong><b>Untere <\/b><\/strong><strong><b>ICH<\/b><\/strong><strong><b>L\u00f6sung <\/b><\/strong><strong><b>C<\/b><\/strong><strong><b>stromkreis <\/b><\/strong><strong><b>B<\/b><\/strong><strong><b>rechercher<\/b><\/strong><\/p>\n<p><img decoding=\"async\" class=\"alignnone wp-image-2155 size-full\" src=\"http:\/\/www.xminsulation.com\/wp-content\/uploads\/2024\/05\/\u56fe\u724772-3.png\" alt=\"\" width=\"1383\" height=\"1248\" srcset=\"https:\/\/www.xminsulation.com\/wp-content\/uploads\/2024\/05\/\u56fe\u724772-3.png 1383w, https:\/\/www.xminsulation.com\/wp-content\/uploads\/2024\/05\/\u56fe\u724772-3-300x271.png 300w, https:\/\/www.xminsulation.com\/wp-content\/uploads\/2024\/05\/\u56fe\u724772-3-1024x924.png 1024w, https:\/\/www.xminsulation.com\/wp-content\/uploads\/2024\/05\/\u56fe\u724772-3-768x693.png 768w, https:\/\/www.xminsulation.com\/wp-content\/uploads\/2024\/05\/\u56fe\u724772-3-600x541.png 600w\" sizes=\"(max-width: 1383px) 100vw, 1383px\" \/><\/p>\n<p><strong><b>Untere <\/b><\/strong><strong><b>ICH<\/b><\/strong><strong><b>L\u00f6sung <\/b><\/strong><strong><b>Gasbeh\u00e4lter<\/b><\/strong><\/p>\n<p><img decoding=\"async\" class=\"alignnone wp-image-2156 size-full\" src=\"http:\/\/www.xminsulation.com\/wp-content\/uploads\/2024\/05\/\u56fe\u724773-2.png\" alt=\"\" width=\"1586\" height=\"1476\" srcset=\"https:\/\/www.xminsulation.com\/wp-content\/uploads\/2024\/05\/\u56fe\u724773-2.png 1586w, https:\/\/www.xminsulation.com\/wp-content\/uploads\/2024\/05\/\u56fe\u724773-2-300x279.png 300w, https:\/\/www.xminsulation.com\/wp-content\/uploads\/2024\/05\/\u56fe\u724773-2-1024x953.png 1024w, https:\/\/www.xminsulation.com\/wp-content\/uploads\/2024\/05\/\u56fe\u724773-2-768x715.png 768w, https:\/\/www.xminsulation.com\/wp-content\/uploads\/2024\/05\/\u56fe\u724773-2-1536x1429.png 1536w, https:\/\/www.xminsulation.com\/wp-content\/uploads\/2024\/05\/\u56fe\u724773-2-600x558.png 600w\" sizes=\"(max-width: 1586px) 100vw, 1586px\" \/><\/p>\n<p><strong><b>Untere <\/b><\/strong><strong><b>ICH<\/b><\/strong><strong><b>L\u00f6sung <\/b><\/strong><strong><b>C<\/b><\/strong><strong><b>stromkreis <\/b><\/strong><strong><b>B<\/b><\/strong><strong><b>rechercher <\/b><\/strong><strong><b>S<\/b><\/strong><strong><b>Gr\u00f6\u00dfe<\/b><\/strong><\/p>\n<p><img loading=\"lazy\" decoding=\"async\" class=\"alignnone wp-image-2157 size-large\" src=\"http:\/\/www.xminsulation.com\/wp-content\/uploads\/2024\/05\/\u56fe\u724774-3-1024x451.png\" alt=\"\" width=\"1024\" height=\"451\" srcset=\"https:\/\/www.xminsulation.com\/wp-content\/uploads\/2024\/05\/\u56fe\u724774-3-1024x451.png 1024w, https:\/\/www.xminsulation.com\/wp-content\/uploads\/2024\/05\/\u56fe\u724774-3-300x132.png 300w, https:\/\/www.xminsulation.com\/wp-content\/uploads\/2024\/05\/\u56fe\u724774-3-768x338.png 768w, https:\/\/www.xminsulation.com\/wp-content\/uploads\/2024\/05\/\u56fe\u724774-3-1536x676.png 1536w, https:\/\/www.xminsulation.com\/wp-content\/uploads\/2024\/05\/\u56fe\u724774-3-600x264.png 600w, https:\/\/www.xminsulation.com\/wp-content\/uploads\/2024\/05\/\u56fe\u724774-3.png 1994w\" sizes=\"(max-width: 1024px) 100vw, 1024px\" \/><\/p>\n<h2><strong><b>Kabinett <\/b><\/strong><strong><b>S<\/b><\/strong><strong><b>Gr\u00f6\u00dfe<\/b><\/strong><\/h2>\n<p><img loading=\"lazy\" decoding=\"async\" class=\"alignnone wp-image-2158 size-large\" src=\"http:\/\/www.xminsulation.com\/wp-content\/uploads\/2024\/05\/\u56fe\u724775-2-1024x973.png\" alt=\"\" width=\"1024\" height=\"973\" srcset=\"https:\/\/www.xminsulation.com\/wp-content\/uploads\/2024\/05\/\u56fe\u724775-2-1024x973.png 1024w, https:\/\/www.xminsulation.com\/wp-content\/uploads\/2024\/05\/\u56fe\u724775-2-300x285.png 300w, https:\/\/www.xminsulation.com\/wp-content\/uploads\/2024\/05\/\u56fe\u724775-2-768x730.png 768w, https:\/\/www.xminsulation.com\/wp-content\/uploads\/2024\/05\/\u56fe\u724775-2-1536x1460.png 1536w, https:\/\/www.xminsulation.com\/wp-content\/uploads\/2024\/05\/\u56fe\u724775-2-600x570.png 600w, https:\/\/www.xminsulation.com\/wp-content\/uploads\/2024\/05\/\u56fe\u724775-2.png 1552w\" sizes=\"(max-width: 1024px) 100vw, 1024px\" \/><\/p>\n<h2><strong><b>Verwendung <\/b><\/strong><strong><b>E<\/b><\/strong><strong><b>Umwelt und <\/b><\/strong><strong><b>C<\/b><\/strong><strong><b>Konditionen<\/b><\/strong><\/h2>\n<ol>\n<li>Lufttemperatur: Maximaltemperatur: +40 \u00b0C, Minimaltemperatur: -20 \u00b0C.<\/li>\n<li>Temperatur: Die monatliche Durchschnittstemperatur betr\u00e4gt 95% und die t\u00e4gliche Durchschnittstemperatur 90%.<\/li>\n<li>H\u00f6he: Maximale Installationsh\u00f6he: 2500 Meter.<\/li>\n<li>Keine brennbaren oder explosiven Stoffe, keine starke Verschmutzung, keine chemische Korrosion oder starke Vibrationen.<\/li>\n<li>Wenn die Aufstellungsh\u00f6he 2500 Meter \u00fcberschreitet oder andere besondere Bedingungen vorliegen, wenden Sie sich bitte an den technischen Vorverkauf.<\/li>\n<\/ol>\n<p><img loading=\"lazy\" decoding=\"async\" class=\"alignnone wp-image-2159 size-full\" src=\"http:\/\/www.xminsulation.com\/wp-content\/uploads\/2024\/05\/\u56fe\u724776-3.png\" alt=\"\" width=\"826\" height=\"764\" srcset=\"https:\/\/www.xminsulation.com\/wp-content\/uploads\/2024\/05\/\u56fe\u724776-3.png 826w, https:\/\/www.xminsulation.com\/wp-content\/uploads\/2024\/05\/\u56fe\u724776-3-300x277.png 300w, https:\/\/www.xminsulation.com\/wp-content\/uploads\/2024\/05\/\u56fe\u724776-3-768x710.png 768w, https:\/\/www.xminsulation.com\/wp-content\/uploads\/2024\/05\/\u56fe\u724776-3-600x555.png 600w\" sizes=\"(max-width: 826px) 100vw, 826px\" \/><\/p>\n<h2><strong><b>Installationsanleitung<\/b><\/strong><\/h2>\n<ol>\n<li>Reinigen Sie die Airbox und behandeln Sie die Dichtungsfl\u00e4che vor dem Gebrauch: Wischen Sie die Airbox vor dem Einbau und Gebrauch mit Alkohol, feinem Schleifpapier und einem sauberen Tuch ab.<\/li>\n<li>\u00dcberpr\u00fcfen Sie die Dichtfl\u00e4che der Box. Es d\u00fcrfen keine Kratzer, Grate, Schwei\u00dfschlacke, Eisensp\u00e4ne und andere Fremdk\u00f6rper in das Dichtband eindringen. \u00dcberpr\u00fcfen Sie haupts\u00e4chlich die folgenden Stellen: rund um das Geh\u00e4useinstallationsloch, rund um die dynamische Dichtungsinstallation, rund um die explosionsgesch\u00fctzte Ventilinstallation. Barometer-Montageloch.<\/li>\n<li>Die Vertikalit\u00e4t des Schwei\u00dfbolzens ist gut, die Schwei\u00dfpunkte um die Bolzenwurzel sind gleichm\u00e4\u00dfig und ohne Ablenkung, das Gewinde ist glatt und die Gr\u00f6\u00dfenangaben entsprechen den Zeichnungsanforderungen.<\/li>\n<li>Durch die dynamische Passung kann die Dichtfl\u00e4che vor dem Festziehen angepasst werden.<\/li>\n<li>Der Ventilsitz des Luftdruckmessers ist pr\u00e4zise verschwei\u00dft, das Innengewinde ist nicht besch\u00e4digt und die Schwei\u00dfnaht ist stabil.<\/li>\n<li>Der Erdungssitz des Geh\u00e4uses ist pr\u00e4zise verschwei\u00dft, die Innengewinde sind nicht besch\u00e4digt und die Schwei\u00dfnaht ist stabil.<\/li>\n<li>\u00dcberpr\u00fcfen Sie, ob die Au\u00dfenma\u00dfe des Schranks den Zeichnungsanforderungen entsprechen und ob die obere Erweiterungsmethode mit der Spezifikationszeichnung \u00fcbereinstimmt.<\/li>\n<li>Der Diagonalfehler des Geh\u00e4uses betr\u00e4gt weniger als 3 mm.<\/li>\n<li>Die Kartons, die die Pr\u00fcfung bestehen, werden auf der entsprechenden Produktionsprozesskarte abgestempelt und unterschrieben und zum Aufstellen auf der Halterung angebracht.<\/li>\n<\/ol>\n<h2><strong><b>Gasbeh\u00e4lter<\/b><\/strong><strong><b>\u00a0<\/b><\/strong><strong><b>ICH<\/b><\/strong><strong><b>intern <\/b><\/strong><strong><b>ICH<\/b><\/strong><strong><b>Installation <\/b><\/strong><strong><b>D<\/b><\/strong><strong><b>iagramm<\/b><\/strong><\/h2>\n<p><img loading=\"lazy\" decoding=\"async\" class=\"alignnone wp-image-2160 size-full\" src=\"http:\/\/www.xminsulation.com\/wp-content\/uploads\/2024\/05\/\u56fe\u724777-3.png\" alt=\"\" width=\"868\" height=\"1110\" srcset=\"https:\/\/www.xminsulation.com\/wp-content\/uploads\/2024\/05\/\u56fe\u724777-3.png 868w, https:\/\/www.xminsulation.com\/wp-content\/uploads\/2024\/05\/\u56fe\u724777-3-235x300.png 235w, https:\/\/www.xminsulation.com\/wp-content\/uploads\/2024\/05\/\u56fe\u724777-3-801x1024.png 801w, https:\/\/www.xminsulation.com\/wp-content\/uploads\/2024\/05\/\u56fe\u724777-3-768x982.png 768w, https:\/\/www.xminsulation.com\/wp-content\/uploads\/2024\/05\/\u56fe\u724777-3-600x767.png 600w\" sizes=\"(max-width: 868px) 100vw, 868px\" \/><\/p>\n<p><strong><b>Schaltkreis <\/b><\/strong><strong><b>B<\/b><\/strong><strong><b>rechercher <\/b><\/strong><strong><b>ICH<\/b><\/strong><strong><b>Installation <\/b><\/strong><strong><b>ICH<\/b><\/strong><strong><b>Inspektion <\/b><\/strong><strong><b>P<\/b><\/strong><strong><b>Salben und <\/b><\/strong><strong><b>P<\/b><\/strong><strong><b>Vorsicht:<\/b><\/strong><\/p>\n<ol>\n<li>Vor dem Einbau des Schalters muss dieser \u00fcberpr\u00fcft werden, um sicherzustellen, dass die Oberfl\u00e4che des Schalters keine Besch\u00e4digungen aufweist.<\/li>\n<li>Installieren Sie den Schalter im Blech und befestigen Sie den Schalterk\u00f6rper mit Muttern (ziehen Sie die Muttern zun\u00e4chst nicht fest, sondern ziehen Sie dann die bewegliche Armatur fest). Stellen Sie sicher, dass der Schalter genau mit dem Metallloch \u00fcbereinstimmt, und montieren Sie dann die bewegliche Armatur.<\/li>\n<li>Nachdem die dynamische Passung und der Schalter befestigt und installiert sind, ziehen Sie die bewegliche Passung mit der Hand, um das Isoliermesser zu bet\u00e4tigen. Die Bewegung ist reibungslos und ohne Verklemmen, und es kommt zu keiner Verformung des Messers.<\/li>\n<\/ol>\n<p><strong><b>Der <\/b><\/strong><strong><b>F<\/b><\/strong><strong><b>folgend <\/b><\/strong><strong><b>P<\/b><\/strong><strong><b>Bild <\/b><\/strong><strong><b>S<\/b><\/strong><strong><b>Wie ist die <\/b><\/strong><strong><b>ICH<\/b><\/strong><strong><b>Installation der <\/b><\/strong><strong><b>ICH<\/b><\/strong><strong><b>einsinken <\/b><\/strong><strong><b>C<\/b><\/strong><strong><b>stromkreis <\/b><\/strong><strong><b>B<\/b><\/strong><strong><b>reaker:<\/b><\/strong><\/p>\n<p><img loading=\"lazy\" decoding=\"async\" class=\"alignnone wp-image-2161 size-full\" src=\"http:\/\/www.xminsulation.com\/wp-content\/uploads\/2024\/05\/\u56fe\u724778-3.png\" alt=\"\" width=\"988\" height=\"1013\" srcset=\"https:\/\/www.xminsulation.com\/wp-content\/uploads\/2024\/05\/\u56fe\u724778-3.png 988w, https:\/\/www.xminsulation.com\/wp-content\/uploads\/2024\/05\/\u56fe\u724778-3-293x300.png 293w, https:\/\/www.xminsulation.com\/wp-content\/uploads\/2024\/05\/\u56fe\u724778-3-768x787.png 768w, https:\/\/www.xminsulation.com\/wp-content\/uploads\/2024\/05\/\u56fe\u724778-3-600x615.png 600w\" sizes=\"(max-width: 988px) 100vw, 988px\" \/><\/p>\n<p><strong><b>Der <\/b><\/strong><strong><b>F<\/b><\/strong><strong><b>folgend <\/b><\/strong><strong><b>P<\/b><\/strong><strong><b>Bilder sind <\/b><\/strong><strong><b>ICH<\/b><\/strong><strong><b>Verriegelung <\/b><\/strong><strong><b>D<\/b><\/strong><strong><b>Einzelheiten:<\/b><\/strong><\/p>\n<p><img loading=\"lazy\" decoding=\"async\" class=\"alignnone wp-image-2162 size-full\" src=\"http:\/\/www.xminsulation.com\/wp-content\/uploads\/2024\/05\/\u56fe\u724779-2.png\" alt=\"\" width=\"710\" height=\"1311\" srcset=\"https:\/\/www.xminsulation.com\/wp-content\/uploads\/2024\/05\/\u56fe\u724779-2.png 710w, https:\/\/www.xminsulation.com\/wp-content\/uploads\/2024\/05\/\u56fe\u724779-2-162x300.png 162w, https:\/\/www.xminsulation.com\/wp-content\/uploads\/2024\/05\/\u56fe\u724779-2-555x1024.png 555w, https:\/\/www.xminsulation.com\/wp-content\/uploads\/2024\/05\/\u56fe\u724779-2-600x1108.png 600w\" sizes=\"(max-width: 710px) 100vw, 710px\" \/><\/p>\n<h2><strong><b>Betrieb und Instandhaltung<\/b><\/strong><\/h2>\n<p>1, Betriebsbedingungen.<br \/>\nSF6-40,5 kV\/1250 A funktioniert im Allgemeinen unter normalen Innenraumbedingungen und entspricht IEC 62271-1 und GB3906. Die spezifischen Bedingungen sind wie folgt.<br \/>\na. Umgebungstemperatur: Maximaltemperatur +40 \u00b0C; 24-Stunden-Durchschnittsh\u00f6chsttemperatur +35 \u00b0C; Minimaltemperatur -40 \u00b0C.<br \/>\nb. Luftfeuchtigkeit: Die in 24 Stunden gemessene maximale durchschnittliche relative Luftfeuchtigkeit betr\u00e4gt 951 TP3T; die in einem Monat gemessene maximale durchschnittliche relative Luftfeuchtigkeit betr\u00e4gt 901 TP3T.<br \/>\nc. Die maximale Installationsh\u00f6he betr\u00e4gt 2500 Meter, ohne dass der Gasdruck reduziert wird. Wenn die Installationsh\u00f6he 2500 Meter \u00fcberschreitet, wenden Sie sich bitte an den Pre-Sales-Techniker.<br \/>\nd. Besondere Bedingungen: Der Betrieb muss den Anforderungen der Normen IEC62271-1 und GB3906 entsprechen. Bei besonderen Betriebsbedingungen m\u00fcssen Endbenutzer und Hersteller eine Vereinbarung treffen. Bei besonders rauen Betriebsumgebungen muss der Hersteller konsultiert werden. Wenn beispielsweise elektrische Ger\u00e4te in einer H\u00f6he von \u00fcber 2.500 Metern installiert werden, sinkt der Luftdruck, wodurch sich die Luftkammer ausbeult.<\/p>\n<p>2. Produktwartung.<br \/>\na, Alle Komponenten im Inneren sind w\u00e4hrend der angegebenen Produktlebensdauer wartungsfrei.<br \/>\nb. Die Isolations- und Erdungspositionen k\u00f6nnen beachtet werden, um die Sicherheit f\u00fcr Betrieb und Kabelkonstruktion zu gew\u00e4hrleisten.<br \/>\nc. Der Systemkreislauf ist vollst\u00e4ndig von der Atmosph\u00e4re isoliert und an der Luftbox ist ein spezieller Lichtbogendruckentlastungskanal vorgesehen, um die Sicherheit von Bedienern und Ger\u00e4ten zu gew\u00e4hrleisten.<br \/>\nd. Der mechanische Teil befindet sich au\u00dferhalb der Airbox und hinter der Frontplatte. Dies erleichtert die Bedienung und den Austausch. Die Oberfl\u00e4che der mechanischen Teile wurde einer Korrosionsschutzbehandlung unterzogen. Die beweglichen Teile wurden vor Verlassen des Werks geschmiert, was der Nutzung w\u00e4hrend des Produktlebenszyklus gerecht wird. In extremen Umgebungen (Staub, Sand und Schmutz) k\u00f6nnen Inspektion, Wartung und in einigen F\u00e4llen ein Austausch erforderlich sein.<\/p>\n<h2>\u25c6Spezielle Anpassung<\/h2>\n<p>Die oben genannten Parameter sind typische Daten. Wenn die vorhandenen Stile nicht Ihren speziellen Anforderungen entsprechen, kontaktieren Sie uns bitte f\u00fcr ein individuelles Design. Wir verf\u00fcgen \u00fcber bedeutende F\u00e4higkeiten in der Entwicklung und Produktion individueller Anpassungen, sodass wir Kunden auf der ganzen Welt ma\u00dfgeschneiderte L\u00f6sungen bieten k\u00f6nnen.<\/p>","protected":false},"excerpt":{"rendered":"<p>General Intruduction The 40.5kV-1250A fully enclosed and fully insulated SF6 inflatable ring main unit introduces advanced foreign technology and adopts a modular design, with its perfect unity of fixed type and flexible expansion. SF-40.5 inflatable switch cabinet has the characteristics of compact structure, fully insulated, long life, maintenance-free, small footprint, complete solutions, strong scalability, high [&hellip;]<\/p>","protected":false},"featured_media":2153,"template":"","meta":{"site-sidebar-layout":"default","site-content-layout":"","ast-site-content-layout":"default","site-content-style":"default","site-sidebar-style":"default","ast-global-header-display":"","ast-banner-title-visibility":"","ast-main-header-display":"","ast-hfb-above-header-display":"","ast-hfb-below-header-display":"","ast-hfb-mobile-header-display":"","site-post-title":"","ast-breadcrumbs-content":"","ast-featured-img":"","footer-sml-layout":"","theme-transparent-header-meta":"default","adv-header-id-meta":"","stick-header-meta":"","header-above-stick-meta":"","header-main-stick-meta":"","header-below-stick-meta":"","astra-migrate-meta-layouts":"set","ast-page-background-enabled":"default","ast-page-background-meta":{"desktop":{"background-color":"","background-image":"","background-repeat":"repeat","background-position":"center center","background-size":"auto","background-attachment":"scroll","background-type":"","background-media":"","overlay-type":"","overlay-color":"","overlay-gradient":""},"tablet":{"background-color":"","background-image":"","background-repeat":"repeat","background-position":"center center","background-size":"auto","background-attachment":"scroll","background-type":"","background-media":"","overlay-type":"","overlay-color":"","overlay-gradient":""},"mobile":{"background-color":"","background-image":"","background-repeat":"repeat","background-position":"center center","background-size":"auto","background-attachment":"scroll","background-type":"","background-media":"","overlay-type":"","overlay-color":"","overlay-gradient":""}},"ast-content-background-meta":{"desktop":{"background-color":"var(--ast-global-color-5)","background-image":"","background-repeat":"repeat","background-position":"center center","background-size":"auto","background-attachment":"scroll","background-type":"","background-media":"","overlay-type":"","overlay-color":"","overlay-gradient":""},"tablet":{"background-color":"var(--ast-global-color-5)","background-image":"","background-repeat":"repeat","background-position":"center center","background-size":"auto","background-attachment":"scroll","background-type":"","background-media":"","overlay-type":"","overlay-color":"","overlay-gradient":""},"mobile":{"background-color":"var(--ast-global-color-5)","background-image":"","background-repeat":"repeat","background-position":"center center","background-size":"auto","background-attachment":"scroll","background-type":"","background-media":"","overlay-type":"","overlay-color":"","overlay-gradient":""}}},"product_cat":[34],"product_tag":[],"class_list":{"0":"post-2152","1":"product","2":"type-product","3":"status-publish","4":"has-post-thumbnail","6":"product_cat-10-40-5kv-sf6-gas-insulated-switchgear-gis-rmu","7":"desktop-align-left","8":"tablet-align-left","9":"mobile-align-left","11":"first","12":"instock","13":"shipping-taxable","14":"product-type-simple"},"_links":{"self":[{"href":"https:\/\/www.xminsulation.com\/de\/wp-json\/wp\/v2\/product\/2152","targetHints":{"allow":["GET"]}}],"collection":[{"href":"https:\/\/www.xminsulation.com\/de\/wp-json\/wp\/v2\/product"}],"about":[{"href":"https:\/\/www.xminsulation.com\/de\/wp-json\/wp\/v2\/types\/product"}],"wp:featuredmedia":[{"embeddable":true,"href":"https:\/\/www.xminsulation.com\/de\/wp-json\/wp\/v2\/media\/2153"}],"wp:attachment":[{"href":"https:\/\/www.xminsulation.com\/de\/wp-json\/wp\/v2\/media?parent=2152"}],"wp:term":[{"taxonomy":"product_cat","embeddable":true,"href":"https:\/\/www.xminsulation.com\/de\/wp-json\/wp\/v2\/product_cat?post=2152"},{"taxonomy":"product_tag","embeddable":true,"href":"https:\/\/www.xminsulation.com\/de\/wp-json\/wp\/v2\/product_tag?post=2152"}],"curies":[{"name":"wp","href":"https:\/\/api.w.org\/{rel}","templated":true}]}}