{"id":2142,"date":"2024-05-17T16:35:03","date_gmt":"2024-05-17T08:35:03","guid":{"rendered":"http:\/\/www.xminsulation.com\/?post_type=product&#038;p=2142"},"modified":"2024-05-17T16:35:03","modified_gmt":"2024-05-17T08:35:03","slug":"gis-gas-tank-core-unit-of-outdoor-ring-main-unit-rmu","status":"publish","type":"product","link":"https:\/\/www.xminsulation.com\/de\/product\/gis-gas-tank-core-unit-of-outdoor-ring-main-unit-rmu\/","title":{"rendered":"GIS-Gastank-Kerneinheit der Au\u00dfenring-Haupteinheit RMU"},"content":{"rendered":"<p><img fetchpriority=\"high\" decoding=\"async\" class=\"alignnone wp-image-2143 size-full\" src=\"http:\/\/www.xminsulation.com\/wp-content\/uploads\/2024\/05\/\u56fe\u724764-3.png\" alt=\"\" width=\"1000\" height=\"1000\" srcset=\"https:\/\/www.xminsulation.com\/wp-content\/uploads\/2024\/05\/\u56fe\u724764-3.png 1000w, https:\/\/www.xminsulation.com\/wp-content\/uploads\/2024\/05\/\u56fe\u724764-3-300x300.png 300w, https:\/\/www.xminsulation.com\/wp-content\/uploads\/2024\/05\/\u56fe\u724764-3-150x150.png 150w, https:\/\/www.xminsulation.com\/wp-content\/uploads\/2024\/05\/\u56fe\u724764-3-768x768.png 768w, https:\/\/www.xminsulation.com\/wp-content\/uploads\/2024\/05\/\u56fe\u724764-3-600x600.png 600w, https:\/\/www.xminsulation.com\/wp-content\/uploads\/2024\/05\/\u56fe\u724764-3-100x100.png 100w\" sizes=\"(max-width: 1000px) 100vw, 1000px\" \/> <img decoding=\"async\" class=\"alignnone wp-image-2144 size-full\" src=\"http:\/\/www.xminsulation.com\/wp-content\/uploads\/2024\/05\/\u56fe\u724765-3.png\" alt=\"\" width=\"1000\" height=\"999\" srcset=\"https:\/\/www.xminsulation.com\/wp-content\/uploads\/2024\/05\/\u56fe\u724765-3.png 1000w, https:\/\/www.xminsulation.com\/wp-content\/uploads\/2024\/05\/\u56fe\u724765-3-300x300.png 300w, https:\/\/www.xminsulation.com\/wp-content\/uploads\/2024\/05\/\u56fe\u724765-3-150x150.png 150w, https:\/\/www.xminsulation.com\/wp-content\/uploads\/2024\/05\/\u56fe\u724765-3-768x767.png 768w, https:\/\/www.xminsulation.com\/wp-content\/uploads\/2024\/05\/\u56fe\u724765-3-600x599.png 600w, https:\/\/www.xminsulation.com\/wp-content\/uploads\/2024\/05\/\u56fe\u724765-3-100x100.png 100w\" sizes=\"(max-width: 1000px) 100vw, 1000px\" \/> <img decoding=\"async\" class=\"alignnone wp-image-2145 size-full\" src=\"http:\/\/www.xminsulation.com\/wp-content\/uploads\/2024\/05\/\u56fe\u724766-2.png\" alt=\"\" width=\"1000\" height=\"1000\" srcset=\"https:\/\/www.xminsulation.com\/wp-content\/uploads\/2024\/05\/\u56fe\u724766-2.png 1000w, https:\/\/www.xminsulation.com\/wp-content\/uploads\/2024\/05\/\u56fe\u724766-2-300x300.png 300w, https:\/\/www.xminsulation.com\/wp-content\/uploads\/2024\/05\/\u56fe\u724766-2-150x150.png 150w, https:\/\/www.xminsulation.com\/wp-content\/uploads\/2024\/05\/\u56fe\u724766-2-768x768.png 768w, https:\/\/www.xminsulation.com\/wp-content\/uploads\/2024\/05\/\u56fe\u724766-2-600x600.png 600w, https:\/\/www.xminsulation.com\/wp-content\/uploads\/2024\/05\/\u56fe\u724766-2-100x100.png 100w\" sizes=\"(max-width: 1000px) 100vw, 1000px\" \/> <img loading=\"lazy\" decoding=\"async\" class=\"alignnone wp-image-2146 size-full\" src=\"http:\/\/www.xminsulation.com\/wp-content\/uploads\/2024\/05\/\u56fe\u724767-3.png\" alt=\"\" width=\"1000\" height=\"1000\" srcset=\"https:\/\/www.xminsulation.com\/wp-content\/uploads\/2024\/05\/\u56fe\u724767-3.png 1000w, https:\/\/www.xminsulation.com\/wp-content\/uploads\/2024\/05\/\u56fe\u724767-3-300x300.png 300w, https:\/\/www.xminsulation.com\/wp-content\/uploads\/2024\/05\/\u56fe\u724767-3-150x150.png 150w, https:\/\/www.xminsulation.com\/wp-content\/uploads\/2024\/05\/\u56fe\u724767-3-768x768.png 768w, https:\/\/www.xminsulation.com\/wp-content\/uploads\/2024\/05\/\u56fe\u724767-3-600x600.png 600w, https:\/\/www.xminsulation.com\/wp-content\/uploads\/2024\/05\/\u56fe\u724767-3-100x100.png 100w\" sizes=\"(max-width: 1000px) 100vw, 1000px\" \/> <img loading=\"lazy\" decoding=\"async\" class=\"alignnone wp-image-2147 size-full\" src=\"http:\/\/www.xminsulation.com\/wp-content\/uploads\/2024\/05\/\u56fe\u724768-3.png\" alt=\"\" width=\"1000\" height=\"1000\" srcset=\"https:\/\/www.xminsulation.com\/wp-content\/uploads\/2024\/05\/\u56fe\u724768-3.png 1000w, https:\/\/www.xminsulation.com\/wp-content\/uploads\/2024\/05\/\u56fe\u724768-3-300x300.png 300w, https:\/\/www.xminsulation.com\/wp-content\/uploads\/2024\/05\/\u56fe\u724768-3-150x150.png 150w, https:\/\/www.xminsulation.com\/wp-content\/uploads\/2024\/05\/\u56fe\u724768-3-768x768.png 768w, https:\/\/www.xminsulation.com\/wp-content\/uploads\/2024\/05\/\u56fe\u724768-3-600x600.png 600w, https:\/\/www.xminsulation.com\/wp-content\/uploads\/2024\/05\/\u56fe\u724768-3-100x100.png 100w\" sizes=\"(max-width: 1000px) 100vw, 1000px\" \/> <img loading=\"lazy\" decoding=\"async\" class=\"alignnone wp-image-2148 size-full\" src=\"http:\/\/www.xminsulation.com\/wp-content\/uploads\/2024\/05\/\u56fe\u724769-3.png\" alt=\"\" width=\"1000\" height=\"1000\" srcset=\"https:\/\/www.xminsulation.com\/wp-content\/uploads\/2024\/05\/\u56fe\u724769-3.png 1000w, https:\/\/www.xminsulation.com\/wp-content\/uploads\/2024\/05\/\u56fe\u724769-3-300x300.png 300w, https:\/\/www.xminsulation.com\/wp-content\/uploads\/2024\/05\/\u56fe\u724769-3-150x150.png 150w, https:\/\/www.xminsulation.com\/wp-content\/uploads\/2024\/05\/\u56fe\u724769-3-768x768.png 768w, https:\/\/www.xminsulation.com\/wp-content\/uploads\/2024\/05\/\u56fe\u724769-3-600x600.png 600w, https:\/\/www.xminsulation.com\/wp-content\/uploads\/2024\/05\/\u56fe\u724769-3-100x100.png 100w\" sizes=\"(max-width: 1000px) 100vw, 1000px\" \/> <img loading=\"lazy\" decoding=\"async\" class=\"alignnone wp-image-2149 size-full\" src=\"http:\/\/www.xminsulation.com\/wp-content\/uploads\/2024\/05\/\u56fe\u724770-3.png\" alt=\"\" width=\"1000\" height=\"1000\" srcset=\"https:\/\/www.xminsulation.com\/wp-content\/uploads\/2024\/05\/\u56fe\u724770-3.png 1000w, https:\/\/www.xminsulation.com\/wp-content\/uploads\/2024\/05\/\u56fe\u724770-3-300x300.png 300w, https:\/\/www.xminsulation.com\/wp-content\/uploads\/2024\/05\/\u56fe\u724770-3-150x150.png 150w, https:\/\/www.xminsulation.com\/wp-content\/uploads\/2024\/05\/\u56fe\u724770-3-768x768.png 768w, https:\/\/www.xminsulation.com\/wp-content\/uploads\/2024\/05\/\u56fe\u724770-3-600x600.png 600w, https:\/\/www.xminsulation.com\/wp-content\/uploads\/2024\/05\/\u56fe\u724770-3-100x100.png 100w\" sizes=\"(max-width: 1000px) 100vw, 1000px\" \/><\/p>\n<h2><strong><b>B<\/b><\/strong><strong><b>Trauer <\/b><\/strong><strong><b>ICH<\/b><\/strong><strong><b>Einf\u00fchrung<\/b><\/strong><\/h2>\n<p>Wir liefern konventionelle oder nicht standardm\u00e4\u00dfige Ringkabelanlagen f\u00fcr den Au\u00dfenbereich mit vollst\u00e4ndig geschlossenen und vollisolierten Luftk\u00e4sten entsprechend den spezifischen Anforderungen ausl\u00e4ndischer Kunden. Die Schaltfunktionseinheiten und Sammelschienen sind in einem vollst\u00e4ndig geschlossenen Edelstahlbeh\u00e4lter versiegelt, der automatisch von einem Roboter verschwei\u00dft wird. Der Schalter verf\u00fcgt \u00fcber einen dreiphasigen Lastschalter oder Leistungsschalter.<\/p>\n<p>Um das Ziel einer lokalen Fertigung in ausl\u00e4ndischen Fabriken zu erreichen, k\u00f6nnen Kunden den Schaltschrankrohbau sowie weitere Prim\u00e4r- und Sekund\u00e4rkomponenten im Ausland selbst montieren.<\/p>\n<p>Der Gastank kann entweder SF6 als Lichtbogenl\u00f6sch- und Isoliermedium (GIS) oder SF6-freien Stickstoff bzw. trockene Luft (AIS) verwenden, die den neuen Umweltschutzanforderungen entspricht. Der Gastank kann in China mit SF6 bef\u00fcllt und anschlie\u00dfend ins Ausland exportiert werden. Alternativ k\u00f6nnen ausl\u00e4ndische Kunden das SF6-Gas in ihren lokalen Fabriken selbst bef\u00fcllen.<\/p>\n<p>10\u201340,5 kV Ringnetzwerkschrank f\u00fcr den Au\u00dfenbereich, auch Ringnetzwerk-Netzteil genannt. Jeder Ringnetzwerkschrank besteht aus drei bis sechs Switches in einem Geh\u00e4use. Die Verdrahtungsmethoden sind flexibel und vielf\u00e4ltig und erf\u00fcllen die Anforderungen verschiedener Stromverteilungsnetzknoten.<\/p>\n<p>Der gesamte Kastentyp kann 3 K\u00e4sten in einem Kasten, 4 K\u00e4sten in einem Kasten, 5 K\u00e4sten in einem Kasten, 6 K\u00e4sten in einem Kasten usw. umfassen. Die Kombinationsmethode kann entsprechend den spezifischen Anforderungen des Kunden kombiniert werden, wie etwa CVC, CCV, CVV, CCC, VVV, CCVV, CCVVV, CCVVVV usw. Der Spannungspegel liegt zwischen 10 kV und 40,5 kV und der Nennstrom betr\u00e4gt 630 A, 1250 A, 1650 A, 2000 A, 2500 A usw.<\/p>\n<h2><strong><b>Produkteigenschaften<\/b><\/strong><\/h2>\n<p>Au\u00dfenausf\u00fchrung, vollisoliert, vollst\u00e4ndig abgedichtet, passt sich jeder rauen Umgebung an. Geringe Gr\u00f6\u00dfe, geringes Gewicht, kompakte Bauweise und geringer Platzbedarf. Es ist einfach zu installieren, leicht zu bedienen, sicher, zuverl\u00e4ssig und wartungsfrei. Es verf\u00fcgt \u00fcber elektrische und manuelle Bedienmechanismen und erm\u00f6glicht nach der Ausstattung mit einer FTU die Automatisierung der Stromverteilung.<\/p>\n<p>Aufgrund seiner geringen Gr\u00f6\u00dfe und der hohen technischen Leistung kann es herk\u00f6mmliche Schaltanlagen vollst\u00e4ndig ersetzen. Dadurch wird der Platzbedarf reduziert, die L\u00e4nge der ausgehenden Kabel verk\u00fcrzt und die Gesamt- und Wartungskosten gesenkt. Daher wird es h\u00e4ufig in Industrieparks, Stra\u00dfen, Wohngebieten und gesch\u00e4ftigen Gesch\u00e4ftszentren usw. eingesetzt.<\/p>\n<h2>\u25c6Spezielle Anpassung<\/h2>\n<p>Die oben genannten Parameter sind typische Daten. Wenn die vorhandenen Stile nicht Ihren speziellen Anforderungen entsprechen, kontaktieren Sie uns bitte f\u00fcr ein individuelles Design. Wir verf\u00fcgen \u00fcber bedeutende F\u00e4higkeiten in der Entwicklung und Produktion individueller Anpassungen, sodass wir Kunden auf der ganzen Welt ma\u00dfgeschneiderte L\u00f6sungen bieten k\u00f6nnen.<\/p>","protected":false},"excerpt":{"rendered":"<p>Brief Introduction We can provide conventional or non-standard outdoor box-type ring main unit fully enclosed and fully insulated air boxes according to the specific needs of foreign customers. The switching function units\u00a0and busbars\u00a0are sealed in a fully enclosed stainless steel tank\u00a0that is automatically welded by a robot. The switch adopts a three-phase linkage load switch [&hellip;]<\/p>","protected":false},"featured_media":2143,"template":"","meta":{"site-sidebar-layout":"default","site-content-layout":"","ast-site-content-layout":"default","site-content-style":"default","site-sidebar-style":"default","ast-global-header-display":"","ast-banner-title-visibility":"","ast-main-header-display":"","ast-hfb-above-header-display":"","ast-hfb-below-header-display":"","ast-hfb-mobile-header-display":"","site-post-title":"","ast-breadcrumbs-content":"","ast-featured-img":"","footer-sml-layout":"","theme-transparent-header-meta":"default","adv-header-id-meta":"","stick-header-meta":"","header-above-stick-meta":"","header-main-stick-meta":"","header-below-stick-meta":"","astra-migrate-meta-layouts":"set","ast-page-background-enabled":"default","ast-page-background-meta":{"desktop":{"background-color":"","background-image":"","background-repeat":"repeat","background-position":"center center","background-size":"auto","background-attachment":"scroll","background-type":"","background-media":"","overlay-type":"","overlay-color":"","overlay-gradient":""},"tablet":{"background-color":"","background-image":"","background-repeat":"repeat","background-position":"center center","background-size":"auto","background-attachment":"scroll","background-type":"","background-media":"","overlay-type":"","overlay-color":"","overlay-gradient":""},"mobile":{"background-color":"","background-image":"","background-repeat":"repeat","background-position":"center center","background-size":"auto","background-attachment":"scroll","background-type":"","background-media":"","overlay-type":"","overlay-color":"","overlay-gradient":""}},"ast-content-background-meta":{"desktop":{"background-color":"var(--ast-global-color-5)","background-image":"","background-repeat":"repeat","background-position":"center center","background-size":"auto","background-attachment":"scroll","background-type":"","background-media":"","overlay-type":"","overlay-color":"","overlay-gradient":""},"tablet":{"background-color":"var(--ast-global-color-5)","background-image":"","background-repeat":"repeat","background-position":"center center","background-size":"auto","background-attachment":"scroll","background-type":"","background-media":"","overlay-type":"","overlay-color":"","overlay-gradient":""},"mobile":{"background-color":"var(--ast-global-color-5)","background-image":"","background-repeat":"repeat","background-position":"center center","background-size":"auto","background-attachment":"scroll","background-type":"","background-media":"","overlay-type":"","overlay-color":"","overlay-gradient":""}}},"product_cat":[34],"product_tag":[],"class_list":{"0":"post-2142","1":"product","2":"type-product","3":"status-publish","4":"has-post-thumbnail","6":"product_cat-10-40-5kv-sf6-gas-insulated-switchgear-gis-rmu","7":"desktop-align-left","8":"tablet-align-left","9":"mobile-align-left","11":"first","12":"instock","13":"shipping-taxable","14":"product-type-simple"},"_links":{"self":[{"href":"https:\/\/www.xminsulation.com\/de\/wp-json\/wp\/v2\/product\/2142","targetHints":{"allow":["GET"]}}],"collection":[{"href":"https:\/\/www.xminsulation.com\/de\/wp-json\/wp\/v2\/product"}],"about":[{"href":"https:\/\/www.xminsulation.com\/de\/wp-json\/wp\/v2\/types\/product"}],"wp:featuredmedia":[{"embeddable":true,"href":"https:\/\/www.xminsulation.com\/de\/wp-json\/wp\/v2\/media\/2143"}],"wp:attachment":[{"href":"https:\/\/www.xminsulation.com\/de\/wp-json\/wp\/v2\/media?parent=2142"}],"wp:term":[{"taxonomy":"product_cat","embeddable":true,"href":"https:\/\/www.xminsulation.com\/de\/wp-json\/wp\/v2\/product_cat?post=2142"},{"taxonomy":"product_tag","embeddable":true,"href":"https:\/\/www.xminsulation.com\/de\/wp-json\/wp\/v2\/product_tag?post=2142"}],"curies":[{"name":"wp","href":"https:\/\/api.w.org\/{rel}","templated":true}]}}