{"id":2088,"date":"2024-05-17T10:02:27","date_gmt":"2024-05-17T02:02:27","guid":{"rendered":"http:\/\/www.xminsulation.com\/?post_type=product&#038;p=2088"},"modified":"2024-05-17T10:02:27","modified_gmt":"2024-05-17T02:02:27","slug":"24kv-dry-air-insulated-ring-main-unit-sf6-free-ais-rmu","status":"publish","type":"product","link":"https:\/\/www.xminsulation.com\/de\/product\/24kv-dry-air-insulated-ring-main-unit-sf6-free-ais-rmu\/","title":{"rendered":"24 kV trockene luftisolierte Ringleitungseinheit, SF6-freie AIS RMU"},"content":{"rendered":"<p><img fetchpriority=\"high\" decoding=\"async\" class=\"alignnone wp-image-2089 size-large\" src=\"http:\/\/www.xminsulation.com\/wp-content\/uploads\/2024\/05\/\u56fe\u724717-1024x1024.jpg\" alt=\"\" width=\"1024\" height=\"1024\" srcset=\"https:\/\/www.xminsulation.com\/wp-content\/uploads\/2024\/05\/\u56fe\u724717-1024x1024.jpg 1024w, https:\/\/www.xminsulation.com\/wp-content\/uploads\/2024\/05\/\u56fe\u724717-300x300.jpg 300w, https:\/\/www.xminsulation.com\/wp-content\/uploads\/2024\/05\/\u56fe\u724717-150x150.jpg 150w, https:\/\/www.xminsulation.com\/wp-content\/uploads\/2024\/05\/\u56fe\u724717-768x768.jpg 768w, https:\/\/www.xminsulation.com\/wp-content\/uploads\/2024\/05\/\u56fe\u724717-600x600.jpg 600w, https:\/\/www.xminsulation.com\/wp-content\/uploads\/2024\/05\/\u56fe\u724717-100x100.jpg 100w, https:\/\/www.xminsulation.com\/wp-content\/uploads\/2024\/05\/\u56fe\u724717.jpg 1227w\" sizes=\"(max-width: 1024px) 100vw, 1024px\" \/><\/p>\n<h2><strong><b>Allgemeine Informationen<\/b><\/strong><\/h2>\n<p>In Mittelspannungs-Stromverteilungssystemen sind die derzeit am h\u00e4ufigsten verwendeten Ringnetzschr\u00e4nke SF6-gasisolierte Ringnetzschr\u00e4nke, feststoffisolierte Ringnetzschr\u00e4nke und umweltfreundliche gasisolierte Ringnetzschr\u00e4nke. Aufgrund des Treibhausgasemissionsproblems von SF6 und der Schwierigkeit, feste Isoliermaterialien zu recyceln, wird die Anwendung von SF6-gasisolierten Ringhaupteinheiten und feststoffisolierten Ringhaupteinheiten jedoch begrenzt sein. Mit der weltweiten F\u00f6rderung des Konzepts einer gr\u00fcnen und umweltfreundlichen Entwicklung werden vollst\u00e4ndig isolierte, umweltfreundliche Gasringhaupteinheiten, die den neuesten Umweltschutzkonzepten und -anforderungen entsprechen, historische Entwicklungsm\u00f6glichkeiten er\u00f6ffnen!<\/p>\n<p>Die umweltfreundlichen Schalter der Serie IE-EcoAir-24kV-630A geh\u00f6ren zu einer neuen Generation umweltfreundlicher Leistungsschalter ohne Fluor und mit geringem Feststoffabfall sowie umweltfreundlicher gasisolierter Ringkabelanlagen, die als Ersatz f\u00fcr die herk\u00f6mmliche SF6-Gasisolierung entwickelt wurden.<\/p>\n<p>Der umweltfreundliche Leistungsschalter verf\u00fcgt \u00fcber einen integrierten hochfesten L\u00e4ngstr\u00e4ger, und die Vakuumlichtbogenl\u00f6schkammer ist in die L\u00e4ngstr\u00e4gerstruktur eingewickelt. Er bietet die Vorteile einer zuverl\u00e4ssigen Struktur und einer einfachen Fehlerbehebung. Er isoliert die \u00d6ffnungs-, Schlie\u00df- und Erdungsvorg\u00e4nge des Messerschalters durch eine integrierte Isolierspindel. Angetrieben von der Maschine gibt es keine andere Arm\u00fcbertragung, die Arbeitsposition ist pr\u00e4ziser und die Bet\u00e4tigungskraft des Isoliermechanismus ist geringer. Die Hauptwelle des Leistungsschalters besteht aus einer Epoxid-Glasfaser-Ausl\u00f6sestange, die eine hohe mechanische Festigkeit und starke Isolierleistung aufweist. Durch die Legierungshalterung und die \u00dcbertragungsnocke werden die \u00d6ffnungs- und Schlie\u00dfvorg\u00e4nge der Vakuumlichtbogenl\u00f6schkammer realisiert. Die Phasen sind mit Silikonschirmr\u00f6cken verst\u00e4rkt, um die Kriechstrecke zu erh\u00f6hen. Der umweltfreundliche Leistungsschalter ist nicht nur f\u00fcr Ringhaupteinheiten mit abgedichteter Luftkammerstruktur geeignet, sondern auch f\u00fcr normaldruckmetallummantelte Ringhaupteinheiten.<\/p>\n<p>Durch die Verwendung einer L\u00f6sung aus umweltfreundlicher Gasisolierung und Vakuumbrechung ergibt sich eine Kombination von Vorteilen mit einer hohen Gesamtleistung. Der Prim\u00e4rkreis ist gasdicht, die Hochdruckkomponenten sind h\u00f6henunabh\u00e4ngig, v\u00f6llig wartungsfrei und weisen eine hohe Anpassungsf\u00e4higkeit an die Umgebung auf. Die Geh\u00e4usegr\u00f6\u00dfe ist klein und der Platzbedarf f\u00fcr die Anordnung gering. Die Produkte k\u00f6nnen in Stromnetzen, Gro\u00dfindustrien, im Schienenverkehr, in Gewerbegeb\u00e4uden und anderen Anwendungsszenarien eingesetzt werden.<\/p>\n<p>Dieses Produkt wird haupts\u00e4chlich in Ringnetzschaltger\u00e4ten f\u00fcr den Innen- und Au\u00dfenbereich in 10-24-kV-Mittelspannungsverteilungsnetzsystemen zum Empfangen und Verteilen elektrischer Energie verwendet. Es eignet sich f\u00fcr Ringnetzschrankl\u00f6sungen mit oberer und seitlicher Erweiterung sowie mit gemeinsamer Box (maximal drei Einheiten). Die gemeinsame Teilerate der oberen und unteren Isolationsl\u00f6sungen erreicht mehr als 90%. Das Produkt weist eine hohe Stabilit\u00e4t und starke Vielseitigkeit auf und erf\u00fcllt die Typpr\u00fcfungsanforderungen vollst\u00e4ndig.<\/p>\n<h2><strong><b>Produkteigenschaften<\/b><\/strong><\/h2>\n<ol>\n<li><b><\/b><strong><b>Gr\u00fcn<\/b><\/strong><strong><b>.<\/b><\/strong><\/li>\n<\/ol>\n<p>Als Isoliergas wird trockene Druckluft verwendet, die eine hohe Ionisationsfeldst\u00e4rke und Durchschlagsfeldst\u00e4rke aufweist. Nach einem Durchschlag kann die Isolierleistung schnell wiederhergestellt werden. Es hat eine gute chemische Stabilit\u00e4t, ist nicht brennbar, nicht explosiv, alterungsbest\u00e4ndig, nicht korrosiv und nicht entladungsanf\u00e4llig. Es zersetzt sich und hat eine gro\u00dfe spezifische W\u00e4rmekapazit\u00e4t, eine gute W\u00e4rmeleitf\u00e4higkeit und Flie\u00dff\u00e4higkeit. Dieses umweltfreundliche Isoliergas ist nicht nur ungiftig und harmlos, sondern kann auch direkt in die Atmosph\u00e4re abgegeben werden, ohne Luftverschmutzung zu verursachen. Es hat auch gute elektrische Eigenschaften und Stabilit\u00e4t und kann im Prozess der synthetischen Verarbeitung, des Ger\u00e4tebetriebs, des Lichtbogens, des Wasserdampfs und unter anderen Bedingungen verwendet werden. Unter der kombinierten Einwirkung externer Faktoren und w\u00e4hrend des endg\u00fcltigen Zersetzungs- und Umwandlungsprozesses werden keine giftigen oder sch\u00e4dlichen Substanzen f\u00fcr Mensch und Umwelt erzeugt. Der Schalter besteht aus thermoplastischem Material und ist recycelbar. Es gibt keine SF6-Treibhausgasemissionen und keine Auswirkungen auf die Umwelt wie das Recycling von Feststoffen.<\/p>\n<ol start=\"2\">\n<li><b><\/b><strong><b>Kompakt <\/b><\/strong><strong><b>S<\/b><\/strong><strong><b>Tempo<\/b><\/strong><strong><b>.<\/b><\/strong><\/li>\n<\/ol>\n<p>Kompakter Schaltschrank, die Breite der typischen 24kV-L\u00f6sung betr\u00e4gt nur ca. 460mm, die Schrankgr\u00f6\u00dfe ist klein und der Platzbedarf f\u00fcr die Aufstellung gering. Zuverl\u00e4ssige Wandmontage, nur 1m Bedienkanal vor dem Schrank.<\/p>\n<ol start=\"3\">\n<li><b><\/b><strong><b>M<\/b><\/strong><strong><b>Wartung <\/b><\/strong><strong><b>F<\/b><\/strong><strong><b>ree<\/b><\/strong><strong><b>.<\/b><\/strong><\/li>\n<\/ol>\n<p>Durch die Verwendung eines langlebigen, wartungsfreien Vakuum-Lichtbogenl\u00f6schers wird der Hauptleiterteil nicht durch die \u00e4u\u00dfere Umgebung beeinflusst und es ist nicht erforderlich, SF6-Gas vor Ort zu konfigurieren.<\/p>\n<p>Leckalarmger\u00e4t. Der Hauptstromkreis ist fest angeschlossen und erfordert w\u00e4hrend der gesamten Lebensdauer keine Wartung. Besonders geeignet f\u00fcr Anwendungen in Hochplateaus, an der K\u00fcste, im Hochgebirge, bei hoher Verschmutzung und in anderen Gebieten.<\/p>\n<ol start=\"4\">\n<li><b><\/b><strong><b>Intelligent<\/b><\/strong><strong><b>.<\/b><\/strong><\/li>\n<\/ol>\n<p>Durch die Integration sekund\u00e4rer Ger\u00e4te k\u00f6nnen Online-\u00dcberwachung, Fernsteuerung und Schutz der Ger\u00e4te realisiert werden, um den Anforderungen intelligenter Verteilungsnetze gerecht zu werden.<\/p>\n<ol start=\"5\">\n<li><b><\/b><strong><b>Modular<\/b><\/strong><strong><b>.<\/b><\/strong><\/li>\n<\/ol>\n<p>Es verf\u00fcgt \u00fcber Methoden zur seitlichen und oberen Erweiterung, eine flexible und bequeme Erweiterung und entspricht vollst\u00e4ndig der Standardisierung des chinesischen Stromnetzes sowie verschiedenen kundenspezifischen L\u00f6sungen.<\/p>\n<ol start=\"6\">\n<li><b><\/b><strong><b>S<\/b><\/strong><strong><b>Sicherheit<\/b><\/strong><strong><b>.<\/b><\/strong><\/li>\n<\/ol>\n<p>Durch die Verwendung einer geteilten Phasenisolationsstruktur besteht keine Gefahr einer Explosion durch Kurzschluss zwischen Phasen. Die SF6-freie Technologie verhindert ein Austreten von SF6-Gas, das zu einer Schw\u00e4chung der Isolierung und der Lichtbogenl\u00f6schf\u00e4higkeit f\u00fchren kann, was zu einem Bruchversagen und der Gefahr einer Kastenexplosion f\u00fchren kann. Das Produkt verf\u00fcgt \u00fcber eine vollst\u00e4ndige Verriegelungsstruktur mit \u201eF\u00fcnf-Schutz-Prinzip\u201c und ist sicher und einfach zu bedienen.<\/p>\n<p><img decoding=\"async\" class=\"alignnone wp-image-2090 size-large\" src=\"http:\/\/www.xminsulation.com\/wp-content\/uploads\/2024\/05\/\u56fe\u724718-3-974x1024.png\" alt=\"\" width=\"974\" height=\"1024\" srcset=\"https:\/\/www.xminsulation.com\/wp-content\/uploads\/2024\/05\/\u56fe\u724718-3-974x1024.png 974w, https:\/\/www.xminsulation.com\/wp-content\/uploads\/2024\/05\/\u56fe\u724718-3-285x300.png 285w, https:\/\/www.xminsulation.com\/wp-content\/uploads\/2024\/05\/\u56fe\u724718-3-768x807.png 768w, https:\/\/www.xminsulation.com\/wp-content\/uploads\/2024\/05\/\u56fe\u724718-3-1461x1536.png 1461w, https:\/\/www.xminsulation.com\/wp-content\/uploads\/2024\/05\/\u56fe\u724718-3-600x631.png 600w, https:\/\/www.xminsulation.com\/wp-content\/uploads\/2024\/05\/\u56fe\u724718-3.png 1878w\" sizes=\"(max-width: 974px) 100vw, 974px\" \/><\/p>\n<h2><strong><b>Betriebs <\/b><\/strong><strong><b>C<\/b><\/strong><strong><b>Konditionen<\/b><\/strong><\/h2>\n<p>IE-EcoAir-24kV 630A wird im Allgemeinen unter normalen Innenraumbedingungen betrieben\/gewartet und entspricht IEC 62271-1 und GB3906. Die spezifischen Bedingungen sind wie folgt:<\/p>\n<ol>\n<li>Umgebungstemperatur.<\/li>\n<\/ol>\n<p>Maximale Temperatur: +40 \u00b0C.<\/p>\n<p>Maximaltemperatur (24-Stunden-Durchschnitt): +35 \u00b0C.<\/p>\n<p>Mindesttemperatur: -40 \u00b0C.<\/p>\n<ol start=\"2\">\n<li>Luftfeuchtigkeit. Maximale durchschnittliche relative Luftfeuchtigkeit, gemessen \u00fcber 24 Stunden: 95%.Maximale durchschnittliche relative Luftfeuchtigkeit, gemessen \u00fcber einen Monat: 90%.<\/li>\n<li>Die maximale Installationsh\u00f6he ohne Reduzierung des Gasdrucks betr\u00e4gt 1500 Meter. Wenn die Installationsh\u00f6he 1500 Meter \u00fcberschreitet, wenden Sie sich bitte an den technischen Vorverkauf.<\/li>\n<li>Der Betrieb muss den Anforderungen der Normen IEC62271-1 und GB3906 entsprechen. Bei besonderen Betriebsbedingungen m\u00fcssen Endbenutzer und Hersteller eine Vereinbarung treffen. Bei besonders rauen Betriebsumgebungen muss der Hersteller konsultiert werden. Wenn beispielsweise elektrische Ger\u00e4te in einer H\u00f6he von \u00fcber 1.500 Metern installiert werden, sinkt der Luftdruck, wodurch sich die Luftkammer ausbeult.<\/li>\n<\/ol>\n<h2><strong><b>Ma\u00dfzeichnung von Luftbeh\u00e4lter und Schaltschrank<\/b><\/strong><\/h2>\n<p><img decoding=\"async\" class=\"alignnone wp-image-2091 size-full\" src=\"http:\/\/www.xminsulation.com\/wp-content\/uploads\/2024\/05\/\u56fe\u724719-3.png\" alt=\"\" width=\"1925\" height=\"1498\" srcset=\"https:\/\/www.xminsulation.com\/wp-content\/uploads\/2024\/05\/\u56fe\u724719-3.png 1925w, https:\/\/www.xminsulation.com\/wp-content\/uploads\/2024\/05\/\u56fe\u724719-3-300x233.png 300w, https:\/\/www.xminsulation.com\/wp-content\/uploads\/2024\/05\/\u56fe\u724719-3-1024x797.png 1024w, https:\/\/www.xminsulation.com\/wp-content\/uploads\/2024\/05\/\u56fe\u724719-3-768x598.png 768w, https:\/\/www.xminsulation.com\/wp-content\/uploads\/2024\/05\/\u56fe\u724719-3-1536x1195.png 1536w, https:\/\/www.xminsulation.com\/wp-content\/uploads\/2024\/05\/\u56fe\u724719-3-600x467.png 600w\" sizes=\"(max-width: 1925px) 100vw, 1925px\" \/> <img loading=\"lazy\" decoding=\"async\" class=\"alignnone wp-image-2092 size-large\" src=\"http:\/\/www.xminsulation.com\/wp-content\/uploads\/2024\/05\/\u56fe\u724720-3-839x1024.png\" alt=\"\" width=\"839\" height=\"1024\" srcset=\"https:\/\/www.xminsulation.com\/wp-content\/uploads\/2024\/05\/\u56fe\u724720-3-839x1024.png 839w, https:\/\/www.xminsulation.com\/wp-content\/uploads\/2024\/05\/\u56fe\u724720-3-246x300.png 246w, https:\/\/www.xminsulation.com\/wp-content\/uploads\/2024\/05\/\u56fe\u724720-3-768x937.png 768w, https:\/\/www.xminsulation.com\/wp-content\/uploads\/2024\/05\/\u56fe\u724720-3-1258x1536.png 1258w, https:\/\/www.xminsulation.com\/wp-content\/uploads\/2024\/05\/\u56fe\u724720-3-600x732.png 600w, https:\/\/www.xminsulation.com\/wp-content\/uploads\/2024\/05\/\u56fe\u724720-3.png 1505w\" sizes=\"(max-width: 839px) 100vw, 839px\" \/><\/p>\n<h2><strong><b>Intern <\/b><\/strong><strong><b>S<\/b><\/strong><strong><b>Struktur von <\/b><\/strong><strong><b>M<\/b><\/strong><strong><b>ower <\/b><\/strong><strong><b>ICH<\/b><\/strong><strong><b>L\u00f6sung <\/b><\/strong><strong><b>Trockenluftisolierte Schaltanlage<\/b><\/strong><\/h2>\n<p><img loading=\"lazy\" decoding=\"async\" class=\"alignnone wp-image-2093 size-full\" src=\"http:\/\/www.xminsulation.com\/wp-content\/uploads\/2024\/05\/\u56fe\u724721-3.png\" alt=\"\" width=\"1065\" height=\"786\" srcset=\"https:\/\/www.xminsulation.com\/wp-content\/uploads\/2024\/05\/\u56fe\u724721-3.png 1065w, https:\/\/www.xminsulation.com\/wp-content\/uploads\/2024\/05\/\u56fe\u724721-3-300x221.png 300w, https:\/\/www.xminsulation.com\/wp-content\/uploads\/2024\/05\/\u56fe\u724721-3-1024x756.png 1024w, https:\/\/www.xminsulation.com\/wp-content\/uploads\/2024\/05\/\u56fe\u724721-3-768x567.png 768w, https:\/\/www.xminsulation.com\/wp-content\/uploads\/2024\/05\/\u56fe\u724721-3-600x443.png 600w\" sizes=\"(max-width: 1065px) 100vw, 1065px\" \/><\/p>\n<p>1. Beispielsatz. Seitliches Erweiterungsgeh\u00e4use.<\/p>\n<p>2. Schritt: (Schritt 1). Leistungsschalter (Lastschalter).<\/p>\n<p>3. Die Temperatur des zu behandelnden Gewebes kann unterschiedlich sein. Dreistationen-Trennschalter.<\/p>\n<p>4. Schritt: Sammelschiene.<\/p>\n<p>5. Schritt: Eingangsbuchse.<\/p>\n<p>6. Schritt: Lufttank.<\/p>\n<p>7. Temperaturanzeige. Barometer.<\/p>\n<p>8. Schritt: Erdnussbutter (Erdnussbutter). Leistungsschaltermechanismus (Lastschalter).<\/p>\n<p>9. Frage. Beobachtungslicht.<\/p>\n<p>10. Detaillierte Beschreibung. Drei-Stationen-Isolationsmechanismus.<\/p>\n<p>11. Bitte sieh zu, was du meinst. Bodenbeobachtungsfenster.<\/p>\n<h2><strong><b>Installationshinweise<\/b><\/strong><\/h2>\n<p>Dieses Produkt sollte auf dem eingebetteten Kanalstahl auf der Betonplattform installiert werden und die Plattformbasis sollte gro\u00df genug sein, um das Gesamtgewicht der Ausr\u00fcstung zu tragen.<\/p>\n<p>Hinweis: Der Fundamentkanalstahl f\u00fcr das Sekund\u00e4rgie\u00dfen ist geknickt und die Unebenheit pro Meter betr\u00e4gt nicht mehr als 1 mm. Der Schaltschrank ist auf dem Fundamentkanalstahl befestigt und die Grundlast des geschwei\u00dften Schaltschranks darf 500\u2013700 kg\/Einheit betragen.<\/p>\n<p><strong><b>Fundament- und Gesamtabmessungen (mm):<\/b><\/strong><\/p>\n<p><img loading=\"lazy\" decoding=\"async\" class=\"alignnone wp-image-2094 size-large\" src=\"http:\/\/www.xminsulation.com\/wp-content\/uploads\/2024\/05\/\u56fe\u724722-3-1024x1021.png\" alt=\"\" width=\"1024\" height=\"1021\" srcset=\"https:\/\/www.xminsulation.com\/wp-content\/uploads\/2024\/05\/\u56fe\u724722-3-1024x1021.png 1024w, https:\/\/www.xminsulation.com\/wp-content\/uploads\/2024\/05\/\u56fe\u724722-3-300x300.png 300w, https:\/\/www.xminsulation.com\/wp-content\/uploads\/2024\/05\/\u56fe\u724722-3-150x150.png 150w, https:\/\/www.xminsulation.com\/wp-content\/uploads\/2024\/05\/\u56fe\u724722-3-768x766.png 768w, https:\/\/www.xminsulation.com\/wp-content\/uploads\/2024\/05\/\u56fe\u724722-3-1536x1531.png 1536w, https:\/\/www.xminsulation.com\/wp-content\/uploads\/2024\/05\/\u56fe\u724722-3-600x598.png 600w, https:\/\/www.xminsulation.com\/wp-content\/uploads\/2024\/05\/\u56fe\u724722-3-100x100.png 100w, https:\/\/www.xminsulation.com\/wp-content\/uploads\/2024\/05\/\u56fe\u724722-3.png 1677w\" sizes=\"(max-width: 1024px) 100vw, 1024px\" \/><\/p>\n<p><strong><b>Schalten <\/b><\/strong><strong><b>C<\/b><\/strong><strong><b>abinet und <\/b><\/strong><strong><b>A<\/b><\/strong><strong><b>Aussehen <\/b><\/strong><strong><b>ICH<\/b><\/strong><strong><b>Installation <\/b><\/strong><strong><b>D<\/b><\/strong><strong><b>Abmessungen (mm):<\/b><\/strong><\/p>\n<p>Die H\u00f6he des Schaltschranks betr\u00e4gt 1650 mm (ohne separaten Instrumentenraum). Wenn unabh\u00e4ngige Instrumente erforderlich sind, betr\u00e4gt die Schaltschrankh\u00f6he 2000 mm. Die Schranktiefe in der Standardkonfiguration betr\u00e4gt 850 mm.<\/p>\n<p><img loading=\"lazy\" decoding=\"async\" class=\"alignnone wp-image-2095 size-full\" src=\"http:\/\/www.xminsulation.com\/wp-content\/uploads\/2024\/05\/\u56fe\u724723-2.png\" alt=\"\" width=\"1103\" height=\"1595\" srcset=\"https:\/\/www.xminsulation.com\/wp-content\/uploads\/2024\/05\/\u56fe\u724723-2.png 1103w, https:\/\/www.xminsulation.com\/wp-content\/uploads\/2024\/05\/\u56fe\u724723-2-207x300.png 207w, https:\/\/www.xminsulation.com\/wp-content\/uploads\/2024\/05\/\u56fe\u724723-2-708x1024.png 708w, https:\/\/www.xminsulation.com\/wp-content\/uploads\/2024\/05\/\u56fe\u724723-2-768x1111.png 768w, https:\/\/www.xminsulation.com\/wp-content\/uploads\/2024\/05\/\u56fe\u724723-2-1062x1536.png 1062w, https:\/\/www.xminsulation.com\/wp-content\/uploads\/2024\/05\/\u56fe\u724723-2-600x868.png 600w\" sizes=\"(max-width: 1103px) 100vw, 1103px\" \/><\/p>\n<h2><strong><b>Produktwartung<\/b><\/strong><\/h2>\n<p>Alle Komponenten im IE-EcoAir-24kV-630A sind w\u00e4hrend der angegebenen Produktlebensdauer wartungsfrei.<\/p>\n<p>Zur Gew\u00e4hrleistung der Sicherheit bei Betrieb und Kabelkonstruktion k\u00f6nnen die Isolations- und Erdungspositionen beachtet werden.<\/p>\n<p>Der Systemkreislauf ist vollst\u00e4ndig von der Atmosph\u00e4re isoliert und an der Airbox ist ein spezieller Lichtbogendruckentlastungskanal vorgesehen, um die Sicherheit von Bedienern und Ger\u00e4ten zu gew\u00e4hrleisten.<\/p>\n<p>Der mechanische Teil befindet sich au\u00dferhalb der Airbox und hinter der Frontplatte, was die Bedienung und den Austausch erleichtert. Die Oberfl\u00e4che des mechanischen Teils wurde einer Korrosionsschutzbehandlung unterzogen und seine beweglichen Teile wurden vor Verlassen des Werks geschmiert, was der Nutzung w\u00e4hrend des Produktlebenszyklus gerecht wird. In extremen Umgebungen (Staub, Sand und Schmutz) k\u00f6nnen Inspektion, Wartung und in einigen F\u00e4llen ein Austausch erforderlich sein.<\/p>\n<h2>\u25c6Spezielle Anpassung<\/h2>\n<p>Die oben genannten Parameter sind typische Daten. Wenn die vorhandenen Stile nicht Ihren speziellen Anforderungen entsprechen, kontaktieren Sie uns bitte f\u00fcr ein individuelles Design. Wir verf\u00fcgen \u00fcber bedeutende F\u00e4higkeiten in der Entwicklung und Produktion individueller Anpassungen, sodass wir Kunden auf der ganzen Welt ma\u00dfgeschneiderte L\u00f6sungen bieten k\u00f6nnen.<\/p>","protected":false},"excerpt":{"rendered":"<p>General Information In medium-voltage power distribution systems, the most commonly used ring network cabinets currently include SF6 gas insulated ring network cabinets, solid insulated ring network cabinets and environmentally friendly gas insulated ring network cabinets. However, due to the greenhouse gas emission problem of SF6 and the difficulty of recycling solid insulation materials, the application [&hellip;]<\/p>","protected":false},"featured_media":2089,"template":"","meta":{"site-sidebar-layout":"default","site-content-layout":"","ast-site-content-layout":"default","site-content-style":"default","site-sidebar-style":"default","ast-global-header-display":"","ast-banner-title-visibility":"","ast-main-header-display":"","ast-hfb-above-header-display":"","ast-hfb-below-header-display":"","ast-hfb-mobile-header-display":"","site-post-title":"","ast-breadcrumbs-content":"","ast-featured-img":"","footer-sml-layout":"","theme-transparent-header-meta":"default","adv-header-id-meta":"","stick-header-meta":"","header-above-stick-meta":"","header-main-stick-meta":"","header-below-stick-meta":"","astra-migrate-meta-layouts":"set","ast-page-background-enabled":"default","ast-page-background-meta":{"desktop":{"background-color":"","background-image":"","background-repeat":"repeat","background-position":"center center","background-size":"auto","background-attachment":"scroll","background-type":"","background-media":"","overlay-type":"","overlay-color":"","overlay-gradient":""},"tablet":{"background-color":"","background-image":"","background-repeat":"repeat","background-position":"center center","background-size":"auto","background-attachment":"scroll","background-type":"","background-media":"","overlay-type":"","overlay-color":"","overlay-gradient":""},"mobile":{"background-color":"","background-image":"","background-repeat":"repeat","background-position":"center center","background-size":"auto","background-attachment":"scroll","background-type":"","background-media":"","overlay-type":"","overlay-color":"","overlay-gradient":""}},"ast-content-background-meta":{"desktop":{"background-color":"var(--ast-global-color-5)","background-image":"","background-repeat":"repeat","background-position":"center center","background-size":"auto","background-attachment":"scroll","background-type":"","background-media":"","overlay-type":"","overlay-color":"","overlay-gradient":""},"tablet":{"background-color":"var(--ast-global-color-5)","background-image":"","background-repeat":"repeat","background-position":"center center","background-size":"auto","background-attachment":"scroll","background-type":"","background-media":"","overlay-type":"","overlay-color":"","overlay-gradient":""},"mobile":{"background-color":"var(--ast-global-color-5)","background-image":"","background-repeat":"repeat","background-position":"center center","background-size":"auto","background-attachment":"scroll","background-type":"","background-media":"","overlay-type":"","overlay-color":"","overlay-gradient":""}}},"product_cat":[32],"product_tag":[],"class_list":{"0":"post-2088","1":"product","2":"type-product","3":"status-publish","4":"has-post-thumbnail","6":"product_cat-10-24kv-dry-air-insulated-switchgear-rmu-sf6-free","7":"desktop-align-left","8":"tablet-align-left","9":"mobile-align-left","11":"first","12":"instock","13":"shipping-taxable","14":"product-type-simple"},"_links":{"self":[{"href":"https:\/\/www.xminsulation.com\/de\/wp-json\/wp\/v2\/product\/2088","targetHints":{"allow":["GET"]}}],"collection":[{"href":"https:\/\/www.xminsulation.com\/de\/wp-json\/wp\/v2\/product"}],"about":[{"href":"https:\/\/www.xminsulation.com\/de\/wp-json\/wp\/v2\/types\/product"}],"wp:featuredmedia":[{"embeddable":true,"href":"https:\/\/www.xminsulation.com\/de\/wp-json\/wp\/v2\/media\/2089"}],"wp:attachment":[{"href":"https:\/\/www.xminsulation.com\/de\/wp-json\/wp\/v2\/media?parent=2088"}],"wp:term":[{"taxonomy":"product_cat","embeddable":true,"href":"https:\/\/www.xminsulation.com\/de\/wp-json\/wp\/v2\/product_cat?post=2088"},{"taxonomy":"product_tag","embeddable":true,"href":"https:\/\/www.xminsulation.com\/de\/wp-json\/wp\/v2\/product_tag?post=2088"}],"curies":[{"name":"wp","href":"https:\/\/api.w.org\/{rel}","templated":true}]}}