{"id":2080,"date":"2024-05-17T09:52:36","date_gmt":"2024-05-17T01:52:36","guid":{"rendered":"http:\/\/www.xminsulation.com\/?post_type=product&#038;p=2080"},"modified":"2024-05-17T09:52:36","modified_gmt":"2024-05-17T01:52:36","slug":"spring-operating-mechanism-circuit-breaker-mechanism","status":"publish","type":"product","link":"https:\/\/www.xminsulation.com\/de\/product\/spring-operating-mechanism-circuit-breaker-mechanism\/","title":{"rendered":"Federbet\u00e4tigungsmechanismus - Leistungsschaltermechanismus"},"content":{"rendered":"<p><img fetchpriority=\"high\" decoding=\"async\" class=\"alignnone wp-image-2081 size-full\" src=\"http:\/\/www.xminsulation.com\/wp-content\/uploads\/2024\/05\/\u56fe\u724711-4.png\" alt=\"\" width=\"1000\" height=\"1000\" srcset=\"https:\/\/www.xminsulation.com\/wp-content\/uploads\/2024\/05\/\u56fe\u724711-4.png 1000w, https:\/\/www.xminsulation.com\/wp-content\/uploads\/2024\/05\/\u56fe\u724711-4-300x300.png 300w, https:\/\/www.xminsulation.com\/wp-content\/uploads\/2024\/05\/\u56fe\u724711-4-150x150.png 150w, https:\/\/www.xminsulation.com\/wp-content\/uploads\/2024\/05\/\u56fe\u724711-4-768x768.png 768w, https:\/\/www.xminsulation.com\/wp-content\/uploads\/2024\/05\/\u56fe\u724711-4-600x600.png 600w, https:\/\/www.xminsulation.com\/wp-content\/uploads\/2024\/05\/\u56fe\u724711-4-100x100.png 100w\" sizes=\"(max-width: 1000px) 100vw, 1000px\" \/><\/p>\n<h2><strong><b>Allgemeine Informationen<\/b><\/strong><\/h2>\n<p>Der Federmechanismus entspricht den technischen Anforderungen der Hochspannungs-Wechselstromschalter GB1984-2003. Er kann an 12T-\/630T-20 und andere Serienprodukte angepasst werden. Der Mechanismus verf\u00fcgt \u00fcber eine Wiedereinschaltfunktion und ist kompakt. Nennspannung: DC 220 V, 110 V, 48 V, 24 V, Mechanismus-Ausgangswinkel: ca. 88\u00b0, mechanische Lebensdauer: 10.000 Schaltvorg\u00e4nge.<\/p>\n<p><strong><b> <img decoding=\"async\" class=\"alignnone wp-image-2082 size-full\" src=\"http:\/\/www.xminsulation.com\/wp-content\/uploads\/2024\/05\/\u56fe\u724712-4.png\" alt=\"\" width=\"816\" height=\"498\" srcset=\"https:\/\/www.xminsulation.com\/wp-content\/uploads\/2024\/05\/\u56fe\u724712-4.png 816w, https:\/\/www.xminsulation.com\/wp-content\/uploads\/2024\/05\/\u56fe\u724712-4-300x183.png 300w, https:\/\/www.xminsulation.com\/wp-content\/uploads\/2024\/05\/\u56fe\u724712-4-768x469.png 768w, https:\/\/www.xminsulation.com\/wp-content\/uploads\/2024\/05\/\u56fe\u724712-4-600x366.png 600w\" sizes=\"(max-width: 816px) 100vw, 816px\" \/><\/b><\/strong><\/p>\n<h2><strong><b>O<\/b><\/strong><strong><b>Bedienung <\/b><\/strong><strong><b>ICH<\/b><\/strong><strong><b>Anleitung<\/b><\/strong><\/h2>\n<ol>\n<li>Energiespeicherbetrieb:<\/li>\n<\/ol>\n<p>\u00dcberpr\u00fcfen Sie, ob das Produkt w\u00e4hrend des Transports verformt wurde. Installieren und befestigen Sie den Mechanismus am Schalter. Verwenden Sie einen speziellen Bediengriff, um ihn in den unteren rechten Teil des Mechanismus einzuf\u00fchren. Drehen Sie ihn im Uhrzeigersinn (oder schalten Sie den Motor elektrisch ein), bis ein Klicken ert\u00f6nt, um die Energiespeicherung abzuschlie\u00dfen.<\/p>\n<ol start=\"2\">\n<li>Schlie\u00dfvorgang:<\/li>\n<\/ol>\n<p>Durch Dr\u00fccken der gr\u00fcnen Taste wird der Hauptstromkreis des Leistungsschalters durch die Federkraft des Mechanismus geschlossen. Alternativ kann w\u00e4hrend des elektrischen Betriebs die Schlie\u00dfspule aktiviert werden, um den Schlie\u00dfvorgang abzuschlie\u00dfen. Gleichzeitig wird die \u00d6ffnungsfeder mit Energie geladen. Zu diesem Zeitpunkt kann die Energie erneut gespeichert werden, der Schlie\u00dfvorgang kann jedoch nicht ausgef\u00fchrt werden (mit Verriegelung).<\/p>\n<ol start=\"3\">\n<li>\u00d6ffnungsvorgang:<\/li>\n<\/ol>\n<p>Durch Dr\u00fccken der roten Taste \u00f6ffnet sich der Hauptstromkreis des Leistungsschalters unter der Federkraft des Mechanismus. Alternativ kann w\u00e4hrend des elektrischen Betriebs der Aktivierungsmechanismus f\u00fcr die \u00d6ffnungsspule verwendet werden, um den Analysevorgang abzuschlie\u00dfen.<\/p>\n<h2><strong><b>Produktgr\u00f6\u00dfe<\/b><\/strong><\/h2>\n<p><img decoding=\"async\" class=\"alignnone wp-image-2083 size-full\" src=\"http:\/\/www.xminsulation.com\/wp-content\/uploads\/2024\/05\/\u56fe\u724713-4.png\" alt=\"\" width=\"1200\" height=\"1200\" srcset=\"https:\/\/www.xminsulation.com\/wp-content\/uploads\/2024\/05\/\u56fe\u724713-4.png 1200w, https:\/\/www.xminsulation.com\/wp-content\/uploads\/2024\/05\/\u56fe\u724713-4-300x300.png 300w, https:\/\/www.xminsulation.com\/wp-content\/uploads\/2024\/05\/\u56fe\u724713-4-1024x1024.png 1024w, https:\/\/www.xminsulation.com\/wp-content\/uploads\/2024\/05\/\u56fe\u724713-4-150x150.png 150w, https:\/\/www.xminsulation.com\/wp-content\/uploads\/2024\/05\/\u56fe\u724713-4-768x768.png 768w, https:\/\/www.xminsulation.com\/wp-content\/uploads\/2024\/05\/\u56fe\u724713-4-600x600.png 600w, https:\/\/www.xminsulation.com\/wp-content\/uploads\/2024\/05\/\u56fe\u724713-4-100x100.png 100w\" sizes=\"(max-width: 1200px) 100vw, 1200px\" \/><\/p>\n<h2>\u25c6Spezielle Anpassung<\/h2>\n<p>Die oben genannten Parameter sind typische Daten. Wenn die vorhandenen Stile nicht Ihren speziellen Anforderungen entsprechen, kontaktieren Sie uns bitte f\u00fcr ein individuelles Design. Wir verf\u00fcgen \u00fcber bedeutende F\u00e4higkeiten in der Entwicklung und Produktion individueller Anpassungen, sodass wir Kunden auf der ganzen Welt ma\u00dfgeschneiderte L\u00f6sungen bieten k\u00f6nnen.<\/p>\n<p>&nbsp;<\/p>\n<p>&nbsp;<\/p>","protected":false},"excerpt":{"rendered":"<p>General Information The spring mechanism complies with the technical requirements of GB1984-2003 high-voltage AC circuit breakers. Can be adapted to 12T-\/630T-20 and other series products. The mechanism has a reclosing function and is small in size. Rated voltage: DC220V, 110V, 48V, 24V, mechanism output angle: about 88\u00b0, mechanical life: 10,000 times. Operating Instructions Energy storage [&hellip;]<\/p>","protected":false},"featured_media":2081,"template":"","meta":{"site-sidebar-layout":"default","site-content-layout":"","ast-site-content-layout":"default","site-content-style":"default","site-sidebar-style":"default","ast-global-header-display":"","ast-banner-title-visibility":"","ast-main-header-display":"","ast-hfb-above-header-display":"","ast-hfb-below-header-display":"","ast-hfb-mobile-header-display":"","site-post-title":"","ast-breadcrumbs-content":"","ast-featured-img":"","footer-sml-layout":"","theme-transparent-header-meta":"default","adv-header-id-meta":"","stick-header-meta":"","header-above-stick-meta":"","header-main-stick-meta":"","header-below-stick-meta":"","astra-migrate-meta-layouts":"set","ast-page-background-enabled":"default","ast-page-background-meta":{"desktop":{"background-color":"","background-image":"","background-repeat":"repeat","background-position":"center center","background-size":"auto","background-attachment":"scroll","background-type":"","background-media":"","overlay-type":"","overlay-color":"","overlay-gradient":""},"tablet":{"background-color":"","background-image":"","background-repeat":"repeat","background-position":"center center","background-size":"auto","background-attachment":"scroll","background-type":"","background-media":"","overlay-type":"","overlay-color":"","overlay-gradient":""},"mobile":{"background-color":"","background-image":"","background-repeat":"repeat","background-position":"center center","background-size":"auto","background-attachment":"scroll","background-type":"","background-media":"","overlay-type":"","overlay-color":"","overlay-gradient":""}},"ast-content-background-meta":{"desktop":{"background-color":"var(--ast-global-color-5)","background-image":"","background-repeat":"repeat","background-position":"center center","background-size":"auto","background-attachment":"scroll","background-type":"","background-media":"","overlay-type":"","overlay-color":"","overlay-gradient":""},"tablet":{"background-color":"var(--ast-global-color-5)","background-image":"","background-repeat":"repeat","background-position":"center center","background-size":"auto","background-attachment":"scroll","background-type":"","background-media":"","overlay-type":"","overlay-color":"","overlay-gradient":""},"mobile":{"background-color":"var(--ast-global-color-5)","background-image":"","background-repeat":"repeat","background-position":"center center","background-size":"auto","background-attachment":"scroll","background-type":"","background-media":"","overlay-type":"","overlay-color":"","overlay-gradient":""}}},"product_cat":[39],"product_tag":[],"class_list":{"0":"post-2080","1":"product","2":"type-product","3":"status-publish","4":"has-post-thumbnail","6":"product_cat-operating-mechanism","7":"desktop-align-left","8":"tablet-align-left","9":"mobile-align-left","11":"first","12":"instock","13":"shipping-taxable","14":"product-type-simple"},"_links":{"self":[{"href":"https:\/\/www.xminsulation.com\/de\/wp-json\/wp\/v2\/product\/2080","targetHints":{"allow":["GET"]}}],"collection":[{"href":"https:\/\/www.xminsulation.com\/de\/wp-json\/wp\/v2\/product"}],"about":[{"href":"https:\/\/www.xminsulation.com\/de\/wp-json\/wp\/v2\/types\/product"}],"wp:featuredmedia":[{"embeddable":true,"href":"https:\/\/www.xminsulation.com\/de\/wp-json\/wp\/v2\/media\/2081"}],"wp:attachment":[{"href":"https:\/\/www.xminsulation.com\/de\/wp-json\/wp\/v2\/media?parent=2080"}],"wp:term":[{"taxonomy":"product_cat","embeddable":true,"href":"https:\/\/www.xminsulation.com\/de\/wp-json\/wp\/v2\/product_cat?post=2080"},{"taxonomy":"product_tag","embeddable":true,"href":"https:\/\/www.xminsulation.com\/de\/wp-json\/wp\/v2\/product_tag?post=2080"}],"curies":[{"name":"wp","href":"https:\/\/api.w.org\/{rel}","templated":true}]}}