{"id":2067,"date":"2024-05-17T09:45:30","date_gmt":"2024-05-17T01:45:30","guid":{"rendered":"http:\/\/www.xminsulation.com\/?post_type=product&#038;p=2067"},"modified":"2024-05-23T21:53:26","modified_gmt":"2024-05-23T13:53:26","slug":"permanent-magnet-mechanism-magnetic-actuator","status":"publish","type":"product","link":"https:\/\/www.xminsulation.com\/de\/product\/permanent-magnet-mechanism-magnetic-actuator\/","title":{"rendered":"Permanentmagnetmechanismus Magnetischer Aktuator"},"content":{"rendered":"<p><img fetchpriority=\"high\" decoding=\"async\" class=\"alignnone wp-image-2068 size-full\" src=\"http:\/\/www.xminsulation.com\/wp-content\/uploads\/2024\/05\/\u56fe\u72471-3.png\" alt=\"\" width=\"1000\" height=\"1000\" srcset=\"https:\/\/www.xminsulation.com\/wp-content\/uploads\/2024\/05\/\u56fe\u72471-3.png 1000w, https:\/\/www.xminsulation.com\/wp-content\/uploads\/2024\/05\/\u56fe\u72471-3-300x300.png 300w, https:\/\/www.xminsulation.com\/wp-content\/uploads\/2024\/05\/\u56fe\u72471-3-150x150.png 150w, https:\/\/www.xminsulation.com\/wp-content\/uploads\/2024\/05\/\u56fe\u72471-3-768x768.png 768w, https:\/\/www.xminsulation.com\/wp-content\/uploads\/2024\/05\/\u56fe\u72471-3-600x600.png 600w, https:\/\/www.xminsulation.com\/wp-content\/uploads\/2024\/05\/\u56fe\u72471-3-100x100.png 100w\" sizes=\"(max-width: 1000px) 100vw, 1000px\" \/> <img decoding=\"async\" class=\"alignnone wp-image-2069 size-full\" src=\"http:\/\/www.xminsulation.com\/wp-content\/uploads\/2024\/05\/\u56fe\u72472-5.png\" alt=\"\" width=\"1000\" height=\"1000\" srcset=\"https:\/\/www.xminsulation.com\/wp-content\/uploads\/2024\/05\/\u56fe\u72472-5.png 1000w, https:\/\/www.xminsulation.com\/wp-content\/uploads\/2024\/05\/\u56fe\u72472-5-300x300.png 300w, https:\/\/www.xminsulation.com\/wp-content\/uploads\/2024\/05\/\u56fe\u72472-5-150x150.png 150w, https:\/\/www.xminsulation.com\/wp-content\/uploads\/2024\/05\/\u56fe\u72472-5-768x768.png 768w, https:\/\/www.xminsulation.com\/wp-content\/uploads\/2024\/05\/\u56fe\u72472-5-600x600.png 600w, https:\/\/www.xminsulation.com\/wp-content\/uploads\/2024\/05\/\u56fe\u72472-5-100x100.png 100w\" sizes=\"(max-width: 1000px) 100vw, 1000px\" \/> <img decoding=\"async\" class=\"alignnone wp-image-2070 size-full\" src=\"http:\/\/www.xminsulation.com\/wp-content\/uploads\/2024\/05\/\u56fe\u72473-4.png\" alt=\"\" width=\"1000\" height=\"1000\" srcset=\"https:\/\/www.xminsulation.com\/wp-content\/uploads\/2024\/05\/\u56fe\u72473-4.png 1000w, https:\/\/www.xminsulation.com\/wp-content\/uploads\/2024\/05\/\u56fe\u72473-4-300x300.png 300w, https:\/\/www.xminsulation.com\/wp-content\/uploads\/2024\/05\/\u56fe\u72473-4-150x150.png 150w, https:\/\/www.xminsulation.com\/wp-content\/uploads\/2024\/05\/\u56fe\u72473-4-768x768.png 768w, https:\/\/www.xminsulation.com\/wp-content\/uploads\/2024\/05\/\u56fe\u72473-4-600x600.png 600w, https:\/\/www.xminsulation.com\/wp-content\/uploads\/2024\/05\/\u56fe\u72473-4-100x100.png 100w\" sizes=\"(max-width: 1000px) 100vw, 1000px\" \/><\/p>\n<h2><strong><b>Allgemeine Informationen<\/b><\/strong><\/h2>\n<p>Der monostabile Permanentmagnetmechanismus ist ein Meisterwerk der Metallwerkstoffe, Mechanik und der Anwendungsforschung elektromagnetischer Leistungstechnologie. Der Kern besteht aus einem Magnetkern, einer Erregerspule, einer Funktionsfeder und weiteren Teilen. Er zeichnet sich durch geringe Gr\u00f6\u00dfe und geringen Stromverbrauch aus (nicht so gut wie herk\u00f6mmliche Produkte). 1\/4), mit einfacher Struktur, schneller Reaktionsgeschwindigkeit und ohne Parameterdrift (digital) ist er die beste Chip-Steuerungstechnologie f\u00fcr Mittelspannungs-Leistungsschalter!<\/p>\n<p>Das Kernmaterial wird geschmolzen, geschmiedet und mithilfe verschiedener Formeln wie Eisen Fe, Kobalt Co, Mangan Mo und anderen Spezialverfahren pr\u00e4zise verarbeitet, um die bestm\u00f6gliche Ungleichm\u00e4\u00dfigkeit des Materials zu erzielen und seine einzigartigen hochpr\u00e4zisen magnetischen Speichereigenschaften hervorzuheben.<\/p>\n<h2><strong><b>Produkteigenschaften<\/b><\/strong><\/h2>\n<ol>\n<li>Hohes Ausschaltverm\u00f6gen, sicher und zuverl\u00e4ssig. Die Kraft des Mechanismus betr\u00e4gt &gt;3500N. Die Kraft entspricht der eines schnellen Leistungsschalters. Er ist mit einer konventionellen Lichtbogenl\u00f6schkammer ausgestattet und verf\u00fcgt \u00fcber ein hohes Ausschaltverm\u00f6gen.<\/li>\n<li>Schnelle Aktion. Die \u00d6ffnungszeit des Schalterk\u00f6rpers betr\u00e4gt &lt;5 ms, die Streuung der Schlie\u00df- und \u00d6ffnungszeit betr\u00e4gt &lt;1 ms und er unterst\u00fctzt einen mehrstufigen extremen Fehlerschutz \u00fcber die gesamte Leitung.<\/li>\n<li>Extrem niedriger Stromverbrauch. Der Schlie\u00dfstrom betr\u00e4gt &lt;20 A, der \u00d6ffnungsstrom &lt;1 A, die Energiespeicherkapazit\u00e4t ist gering, weniger als 30% herk\u00f6mmlicher Produkte, geringe Gr\u00f6\u00dfe und geringes Gewicht.<\/li>\n<li>Leicht und einfach. Es hat eine einfache Struktur, wenige Teile, ist leicht, zuverl\u00e4ssig und stabil.<\/li>\n<li>Betrieb bei extrem weiten Temperaturen. Das neue reversible halbharte magnetische Legierungsmaterial hat die Entmagnetisierungstemperatur herk\u00f6mmlicher Produkte von 100 \u00b0C auf \u00fcber 300 \u00b0C erh\u00f6ht, und die langfristige Entmagnetisierungszeit aufgrund magnetischer Verluste betr\u00e4gt weniger als 5%.<\/li>\n<li>Extrem verschlei\u00dffest. Die magnetischen Teile bestehen aus integrierten Legierungsmaterialien mit hoher Gesamth\u00e4rte und starker Verschlei\u00dffestigkeit.<\/li>\n<\/ol>\n<h2><strong><b>Produktstruktur<\/b><\/strong><\/h2>\n<p>Der Permanentmagnetmechanismus besteht aus einem beweglichen Eisenkern, einem festen Eisenkern, einem Permanentmagneten, einer Spule, einer Antriebswelle und einer festen Aluminiumplatte.<\/p>\n<p><img loading=\"lazy\" decoding=\"async\" class=\"alignnone wp-image-2071 size-full\" src=\"http:\/\/www.xminsulation.com\/wp-content\/uploads\/2024\/05\/\u56fe\u72474-4.png\" alt=\"\" width=\"743\" height=\"673\" srcset=\"https:\/\/www.xminsulation.com\/wp-content\/uploads\/2024\/05\/\u56fe\u72474-4.png 743w, https:\/\/www.xminsulation.com\/wp-content\/uploads\/2024\/05\/\u56fe\u72474-4-300x272.png 300w, https:\/\/www.xminsulation.com\/wp-content\/uploads\/2024\/05\/\u56fe\u72474-4-600x543.png 600w\" sizes=\"(max-width: 743px) 100vw, 743px\" \/><\/p>\n<h2><strong><b>B<\/b><\/strong><strong><b>Arbeiten <\/b><\/strong><strong><b>P<\/b><\/strong><strong><b>Prinzip<\/b><\/strong><\/h2>\n<p>Beim Schlie\u00dfen l\u00e4dt die Energiespeicherstromversorgung zun\u00e4chst den Energiespeicherkondensator auf. Der Schlie\u00dfvorgang kann nur durchgef\u00fchrt werden, wenn die Spannung des Energiespeicherkondensators gr\u00f6\u00dfer als 90% ist. Beim Schlie\u00dfen versorgt der externe Schaltkreis des Controllers die Spule mit Antriebsstrom und speichert die im Kondensator gespeicherte Energie. Elektrische Energie flie\u00dft in Vorw\u00e4rtsrichtung in die Permanentmagnetspule, und der bewegliche Eisenkern bewegt sich unter Einwirkung der elektromagnetischen Kraft in Schlie\u00dfrichtung, bis er die vollst\u00e4ndig geschlossene Position erreicht. Zu diesem Zeitpunkt ist der Permanentmagnetkreis geschlossen und der bewegliche Eisenkern vollst\u00e4ndig angezogen, was zum Schlie\u00dfen und Aufrechterhalten des Effekts beitr\u00e4gt.<\/p>\n<p>Beim \u00d6ffnen des Tors leitet der Controller die im Kondensator gespeicherte elektrische Energie in die Permanentmagnetspule um. Das von der Spule erzeugte umgekehrte Magnetfeld gleicht das Magnetfeld des Permanentmagneten aus. Die Haltekraft ist geringer als die Kraft der Nachlauffeder. Unter der Wirkung der \u00d6ffnungsfeder wird der bewegliche Eisenkern vom Hauptk\u00f6rper des Mechanismus getrennt, und der bewegliche Eisenkern treibt die Getriebewelle an, um den Leistungsschalter in der ge\u00f6ffneten Position zu halten.<\/p>\n<p><img loading=\"lazy\" decoding=\"async\" class=\"alignnone wp-image-2072 size-full\" src=\"http:\/\/www.xminsulation.com\/wp-content\/uploads\/2024\/05\/\u56fe\u72475-5.png\" alt=\"\" width=\"818\" height=\"274\" srcset=\"https:\/\/www.xminsulation.com\/wp-content\/uploads\/2024\/05\/\u56fe\u72475-5.png 818w, https:\/\/www.xminsulation.com\/wp-content\/uploads\/2024\/05\/\u56fe\u72475-5-300x100.png 300w, https:\/\/www.xminsulation.com\/wp-content\/uploads\/2024\/05\/\u56fe\u72475-5-768x257.png 768w, https:\/\/www.xminsulation.com\/wp-content\/uploads\/2024\/05\/\u56fe\u72475-5-600x201.png 600w\" sizes=\"(max-width: 818px) 100vw, 818px\" \/><\/p>\n<h2><strong><b>Produktgr\u00f6\u00dfe<\/b><\/strong><\/h2>\n<p><img loading=\"lazy\" decoding=\"async\" class=\"alignnone wp-image-2073 size-full\" src=\"http:\/\/www.xminsulation.com\/wp-content\/uploads\/2024\/05\/\u56fe\u72476-4.png\" alt=\"\" width=\"905\" height=\"745\" srcset=\"https:\/\/www.xminsulation.com\/wp-content\/uploads\/2024\/05\/\u56fe\u72476-4.png 905w, https:\/\/www.xminsulation.com\/wp-content\/uploads\/2024\/05\/\u56fe\u72476-4-300x247.png 300w, https:\/\/www.xminsulation.com\/wp-content\/uploads\/2024\/05\/\u56fe\u72476-4-768x632.png 768w, https:\/\/www.xminsulation.com\/wp-content\/uploads\/2024\/05\/\u56fe\u72476-4-600x494.png 600w\" sizes=\"(max-width: 905px) 100vw, 905px\" \/><\/p>\n<h2><strong><b>Bestellhinweise<\/b><\/strong><\/h2>\n<ol>\n<li>Bitte achten Sie darauf, dass der Mechanismus monostabil oder bistabil ist.<\/li>\n<li>Bitte achten Sie darauf, dass der Mechanismus quadratisch, rund oder halbquadratisch und halbrund ist.<\/li>\n<li>Bitte best\u00e4tigen Sie, ob die Betriebsspannung des Mechanismus DC220V betr\u00e4gt.<\/li>\n<li>Bitte best\u00e4tigen Sie den Reiseplan der Organisation.<\/li>\n<\/ol>\n<h2>\u25c6Spezielle Anpassung<\/h2>\n<p>Die oben genannten Parameter sind typische Daten. Wenn die vorhandenen Stile nicht Ihren speziellen Anforderungen entsprechen, kontaktieren Sie uns bitte f\u00fcr ein individuelles Design. Wir verf\u00fcgen \u00fcber bedeutende F\u00e4higkeiten in der Entwicklung und Produktion individueller Anpassungen, sodass wir Kunden auf der ganzen Welt ma\u00dfgeschneiderte L\u00f6sungen bieten k\u00f6nnen.<\/p>","protected":false},"excerpt":{"rendered":"<p>General Information The monostable permanent magnet mechanism is a master of metal materials, mechanics, and power electromagnetic technology application research. The core includes a magnetic core, an excitation coil, a functional spring, and other parts. It has small size and low power consumption (not as good as conventional products). 1\/4), with simple structure, fast response [&hellip;]<\/p>","protected":false},"featured_media":2068,"template":"","meta":{"site-sidebar-layout":"default","site-content-layout":"","ast-site-content-layout":"default","site-content-style":"default","site-sidebar-style":"default","ast-global-header-display":"","ast-banner-title-visibility":"","ast-main-header-display":"","ast-hfb-above-header-display":"","ast-hfb-below-header-display":"","ast-hfb-mobile-header-display":"","site-post-title":"","ast-breadcrumbs-content":"","ast-featured-img":"","footer-sml-layout":"","theme-transparent-header-meta":"default","adv-header-id-meta":"","stick-header-meta":"","header-above-stick-meta":"","header-main-stick-meta":"","header-below-stick-meta":"","astra-migrate-meta-layouts":"set","ast-page-background-enabled":"default","ast-page-background-meta":{"desktop":{"background-color":"","background-image":"","background-repeat":"repeat","background-position":"center center","background-size":"auto","background-attachment":"scroll","background-type":"","background-media":"","overlay-type":"","overlay-color":"","overlay-gradient":""},"tablet":{"background-color":"","background-image":"","background-repeat":"repeat","background-position":"center center","background-size":"auto","background-attachment":"scroll","background-type":"","background-media":"","overlay-type":"","overlay-color":"","overlay-gradient":""},"mobile":{"background-color":"","background-image":"","background-repeat":"repeat","background-position":"center center","background-size":"auto","background-attachment":"scroll","background-type":"","background-media":"","overlay-type":"","overlay-color":"","overlay-gradient":""}},"ast-content-background-meta":{"desktop":{"background-color":"var(--ast-global-color-5)","background-image":"","background-repeat":"repeat","background-position":"center center","background-size":"auto","background-attachment":"scroll","background-type":"","background-media":"","overlay-type":"","overlay-color":"","overlay-gradient":""},"tablet":{"background-color":"var(--ast-global-color-5)","background-image":"","background-repeat":"repeat","background-position":"center center","background-size":"auto","background-attachment":"scroll","background-type":"","background-media":"","overlay-type":"","overlay-color":"","overlay-gradient":""},"mobile":{"background-color":"var(--ast-global-color-5)","background-image":"","background-repeat":"repeat","background-position":"center center","background-size":"auto","background-attachment":"scroll","background-type":"","background-media":"","overlay-type":"","overlay-color":"","overlay-gradient":""}}},"product_cat":[39],"product_tag":[],"class_list":{"0":"post-2067","1":"product","2":"type-product","3":"status-publish","4":"has-post-thumbnail","6":"product_cat-operating-mechanism","7":"desktop-align-left","8":"tablet-align-left","9":"mobile-align-left","11":"first","12":"instock","13":"shipping-taxable","14":"product-type-simple"},"_links":{"self":[{"href":"https:\/\/www.xminsulation.com\/de\/wp-json\/wp\/v2\/product\/2067","targetHints":{"allow":["GET"]}}],"collection":[{"href":"https:\/\/www.xminsulation.com\/de\/wp-json\/wp\/v2\/product"}],"about":[{"href":"https:\/\/www.xminsulation.com\/de\/wp-json\/wp\/v2\/types\/product"}],"wp:featuredmedia":[{"embeddable":true,"href":"https:\/\/www.xminsulation.com\/de\/wp-json\/wp\/v2\/media\/2068"}],"wp:attachment":[{"href":"https:\/\/www.xminsulation.com\/de\/wp-json\/wp\/v2\/media?parent=2067"}],"wp:term":[{"taxonomy":"product_cat","embeddable":true,"href":"https:\/\/www.xminsulation.com\/de\/wp-json\/wp\/v2\/product_cat?post=2067"},{"taxonomy":"product_tag","embeddable":true,"href":"https:\/\/www.xminsulation.com\/de\/wp-json\/wp\/v2\/product_tag?post=2067"}],"curies":[{"name":"wp","href":"https:\/\/api.w.org\/{rel}","templated":true}]}}