{"id":2047,"date":"2025-07-18T10:39:46","date_gmt":"2025-07-18T02:39:46","guid":{"rendered":"http:\/\/www.xminsulation.com\/?post_type=product&#038;p=2047"},"modified":"2025-07-18T11:10:11","modified_gmt":"2025-07-18T03:10:11","slug":"12kv-indoor-sf6-switch-disconnector-flrn36-load-break-switch-lbs","status":"publish","type":"product","link":"https:\/\/www.xminsulation.com\/de\/product\/12kv-indoor-sf6-switch-disconnector-flrn36-load-break-switch-lbs\/","title":{"rendered":"12kV Innenraum-SF6-Lasttrennschalter FL(R)N36 Lasttrennschalter LBS"},"content":{"rendered":"<p><img fetchpriority=\"high\" decoding=\"async\" class=\"alignnone wp-image-2048 size-full\" src=\"http:\/\/www.xminsulation.com\/wp-content\/uploads\/2024\/05\/\u56fe\u724781-1.png\" alt=\"\" width=\"1000\" height=\"463\" srcset=\"https:\/\/www.xminsulation.com\/wp-content\/uploads\/2024\/05\/\u56fe\u724781-1.png 1000w, https:\/\/www.xminsulation.com\/wp-content\/uploads\/2024\/05\/\u56fe\u724781-1-300x139.png 300w, https:\/\/www.xminsulation.com\/wp-content\/uploads\/2024\/05\/\u56fe\u724781-1-768x356.png 768w, https:\/\/www.xminsulation.com\/wp-content\/uploads\/2024\/05\/\u56fe\u724781-1-600x278.png 600w\" sizes=\"(max-width: 1000px) 100vw, 1000px\" \/> <img decoding=\"async\" class=\"alignnone wp-image-2049 size-full\" src=\"http:\/\/www.xminsulation.com\/wp-content\/uploads\/2024\/05\/\u56fe\u724782-1.png\" alt=\"\" width=\"1000\" height=\"1000\" srcset=\"https:\/\/www.xminsulation.com\/wp-content\/uploads\/2024\/05\/\u56fe\u724782-1.png 1000w, https:\/\/www.xminsulation.com\/wp-content\/uploads\/2024\/05\/\u56fe\u724782-1-300x300.png 300w, https:\/\/www.xminsulation.com\/wp-content\/uploads\/2024\/05\/\u56fe\u724782-1-150x150.png 150w, https:\/\/www.xminsulation.com\/wp-content\/uploads\/2024\/05\/\u56fe\u724782-1-768x768.png 768w, https:\/\/www.xminsulation.com\/wp-content\/uploads\/2024\/05\/\u56fe\u724782-1-600x600.png 600w, https:\/\/www.xminsulation.com\/wp-content\/uploads\/2024\/05\/\u56fe\u724782-1-100x100.png 100w\" sizes=\"(max-width: 1000px) 100vw, 1000px\" \/> <img decoding=\"async\" class=\"alignnone wp-image-2050 size-full\" src=\"http:\/\/www.xminsulation.com\/wp-content\/uploads\/2024\/05\/\u56fe\u724783-1.png\" alt=\"\" width=\"1000\" height=\"636\" srcset=\"https:\/\/www.xminsulation.com\/wp-content\/uploads\/2024\/05\/\u56fe\u724783-1.png 1000w, https:\/\/www.xminsulation.com\/wp-content\/uploads\/2024\/05\/\u56fe\u724783-1-300x191.png 300w, https:\/\/www.xminsulation.com\/wp-content\/uploads\/2024\/05\/\u56fe\u724783-1-768x488.png 768w, https:\/\/www.xminsulation.com\/wp-content\/uploads\/2024\/05\/\u56fe\u724783-1-600x382.png 600w\" sizes=\"(max-width: 1000px) 100vw, 1000px\" \/><\/p>\n<h2><strong><b>Allgemeine Informationen<\/b><\/strong><\/h2>\n<p>Der 12-kV-Lasttrennschalter FL(R)N36 f\u00fcr den Innenbereich ist ein doppelter Drehlastschalter, der SF6-Gas als Isolier- und Lichtbogenl\u00f6schmedium verwendet. Er ist f\u00fcr 12-kV-Stromverteilungssysteme geeignet. Jeder Schalter ist dauerhaft versiegelt, nachdem er mit SF6-Gas unter 0,4 Bar Druck gef\u00fcllt wurde. Der Schalter kann vertikal oder horizontal installiert werden. Die typische Installationsmethode in der Ringhaupteinheit besteht darin, eine horizontale Stahltrennwand zwischen dem Kabelraum und dem Sammelschienenraum zu installieren. Diese Installationsmethode isoliert die Sammelschiene von der Kabelverbindung, um die Sicherheitsanforderungen f\u00fcr Betrieb und Wartung zu erf\u00fcllen.<\/p>\n<p>Durch die Kombination des Hochspannungs-Lastschalters FLN36-12 f\u00fcr den Innenbereich mit SF6 und anderen elektrischen Komponenten k\u00f6nnen Steuer- und Schutzfunktionen realisiert werden. Er dient zur Steuerung und zum Schutz elektrischer Ger\u00e4te in Industrie- und Bergbauunternehmen, der zivilen Stromversorgung und sekund\u00e4ren Umspannwerken. Darunter entspricht das Lastschalter-Sicherungs-Kombinationsger\u00e4t FLRN36-12kV den Schutzeigenschaften des Transformators und eignet sich besonders f\u00fcr Ringnetz-Stromversorgungseinheiten.<\/p>\n<h2><strong><b>Strukturell <\/b><\/strong><strong><b>F<\/b><\/strong><strong><b>Eigenschaften<\/b><\/strong><\/h2>\n<ol>\n<li>Der Lastschalter FLN36-12 verf\u00fcgt \u00fcber eine Doppelunterbrechung und einen drehbaren beweglichen Kontakt, der die folgenden drei Zust\u00e4nde hat: Schlie\u00dfen, \u00d6ffnen und Erdung.<\/li>\n<li>Der Lastschalter verwendet SF6 als Lichtbogenl\u00f6sch- und Isoliermedium. Der Schalter ist durch die aus Epoxidharz gegossenen Ober- und Unterschalen abgedichtet und weist eine gute Isolierleistung auf.<\/li>\n<li>Wenn es im Inneren zu Lichtb\u00f6gen kommt und sich an der R\u00fcckseite des Geh\u00e4uses eine strukturelle Schwachstelle befindet, wird diese aufgesp\u00fclt. Dann wird das Lichtbogenleckventil am Geh\u00e4use aufgesp\u00fclt und der \u00dcberdruckluftstrom wird nach au\u00dfen geleitet. Die Sicherheitsleistung ist gut.<\/li>\n<li>Jeder Lastschalter ist versiegelt und lebenslang wartungsfrei.<\/li>\n<li>Der relative Druck des SF6-Gases im Lastschalter betr\u00e4gt 0,045 MPa.<\/li>\n<li>Die mechanische Lebensdauer des Lastschalters betr\u00e4gt 5000 Schlie\u00df-\u00d6ffnungs-Zeiten und 2000 \u00d6ffnungs-\u00d6ffnungs-Zeiten.<\/li>\n<li>Der Lastschalter FLN36-12 und der Betriebsmechanismus sind in der abnehmbaren oberen Einheit untergebracht. Sie kann leicht in einen Lastschalter + Sicherungskombinationsschaltschrank oder in einen Lastschalter + Sicherungskombinationsschaltschrank umgewandelt werden.<\/li>\n<\/ol>\n<h2><strong><b>Betriebsmechanismus<\/b><\/strong><\/h2>\n<p>Der Federantrieb des Lastschalters und seiner kombinierten Elektroger\u00e4te ist in einen Einzelfederantrieb und einen Doppelfederantrieb unterteilt. Der mit einem Einzelfederantrieb ausgestattete Lastschalter FLN36-12D wird haupts\u00e4chlich f\u00fcr die Steuereinheit f\u00fcr eingehende und ausgehende Leitungen verwendet. Das mit einem Doppelfederantrieb ausgestattete Lastschalter-Sicherungs-Kombinationsger\u00e4t FLRN36-12D wird haupts\u00e4chlich f\u00fcr Transformatorschutzeinheiten verwendet.<\/p>\n<h2><strong><b>Nutzungsumgebung<\/b><\/strong><\/h2>\n<ol>\n<li>Umgebungslufttemperatur: Obergrenze +40 \u00b0C, Untergrenze -15 \u00b0C.<\/li>\n<li>Luftfeuchtigkeit: Die durchschnittliche relative Luftfeuchtigkeit betr\u00e4gt t\u00e4glich nicht mehr als 951 TP3T und die durchschnittliche relative Luftfeuchtigkeit monatlich nicht mehr als 901 TP3T.<\/li>\n<li>H\u00f6he: Die maximale H\u00f6he des Installationsorts der Ausr\u00fcstung betr\u00e4gt 2000 m.<\/li>\n<li>Erdbeben: Die Erdbebenintensit\u00e4t \u00fcberschreitet 8 Grad nicht.<\/li>\n<li>Die umgebende Luft sollte nicht wesentlich durch \u00e4tzende, brennbare Gase, Wasserdampf usw. verschmutzt sein. Es sollten keine h\u00e4ufigen, starken Vibrationen auftreten.<\/li>\n<\/ol>\n<p><img loading=\"lazy\" decoding=\"async\" class=\"alignnone wp-image-2052 size-full\" src=\"http:\/\/www.xminsulation.com\/wp-content\/uploads\/2024\/05\/\u56fe\u724784-1.png\" alt=\"\" width=\"1206\" height=\"1548\" srcset=\"https:\/\/www.xminsulation.com\/wp-content\/uploads\/2024\/05\/\u56fe\u724784-1.png 1206w, https:\/\/www.xminsulation.com\/wp-content\/uploads\/2024\/05\/\u56fe\u724784-1-234x300.png 234w, https:\/\/www.xminsulation.com\/wp-content\/uploads\/2024\/05\/\u56fe\u724784-1-798x1024.png 798w, https:\/\/www.xminsulation.com\/wp-content\/uploads\/2024\/05\/\u56fe\u724784-1-768x986.png 768w, https:\/\/www.xminsulation.com\/wp-content\/uploads\/2024\/05\/\u56fe\u724784-1-1197x1536.png 1197w, https:\/\/www.xminsulation.com\/wp-content\/uploads\/2024\/05\/\u56fe\u724784-1-600x770.png 600w\" sizes=\"(max-width: 1206px) 100vw, 1206px\" \/><\/p>\n<h2><strong><b>Aussehen Gr\u00f6\u00dfe Eins (Phasenabstand 200 mm)<\/b><\/strong><\/h2>\n<p><img loading=\"lazy\" decoding=\"async\" class=\"alignnone wp-image-2053 size-full\" src=\"http:\/\/www.xminsulation.com\/wp-content\/uploads\/2024\/05\/\u56fe\u724785-1.png\" alt=\"\" width=\"1200\" height=\"922\" srcset=\"https:\/\/www.xminsulation.com\/wp-content\/uploads\/2024\/05\/\u56fe\u724785-1.png 1200w, https:\/\/www.xminsulation.com\/wp-content\/uploads\/2024\/05\/\u56fe\u724785-1-300x231.png 300w, https:\/\/www.xminsulation.com\/wp-content\/uploads\/2024\/05\/\u56fe\u724785-1-1024x787.png 1024w, https:\/\/www.xminsulation.com\/wp-content\/uploads\/2024\/05\/\u56fe\u724785-1-768x590.png 768w, https:\/\/www.xminsulation.com\/wp-content\/uploads\/2024\/05\/\u56fe\u724785-1-600x461.png 600w\" sizes=\"(max-width: 1200px) 100vw, 1200px\" \/><\/p>\n<h2><strong><b>Aussehen <\/b><\/strong><strong><b>S<\/b><\/strong><strong><b>Gr\u00f6\u00dfe <\/b><\/strong><strong><b>T<\/b><\/strong><strong><b>wo (<\/b><\/strong><strong><b>P<\/b><\/strong><strong><b>hase <\/b><\/strong><strong><b>D<\/b><\/strong><strong><b>Abstand 2<\/b><\/strong><strong><b>1<\/b><\/strong><strong><b>0 mm)<\/b><\/strong><\/h2>\n<p><strong><b> <img loading=\"lazy\" decoding=\"async\" class=\"alignnone wp-image-2054 size-full\" src=\"http:\/\/www.xminsulation.com\/wp-content\/uploads\/2024\/05\/\u56fe\u724786-1.png\" alt=\"\" width=\"1200\" height=\"922\" srcset=\"https:\/\/www.xminsulation.com\/wp-content\/uploads\/2024\/05\/\u56fe\u724786-1.png 1200w, https:\/\/www.xminsulation.com\/wp-content\/uploads\/2024\/05\/\u56fe\u724786-1-300x231.png 300w, https:\/\/www.xminsulation.com\/wp-content\/uploads\/2024\/05\/\u56fe\u724786-1-1024x787.png 1024w, https:\/\/www.xminsulation.com\/wp-content\/uploads\/2024\/05\/\u56fe\u724786-1-768x590.png 768w, https:\/\/www.xminsulation.com\/wp-content\/uploads\/2024\/05\/\u56fe\u724786-1-600x461.png 600w\" sizes=\"(max-width: 1200px) 100vw, 1200px\" \/><\/b><\/strong><\/p>\n<h2><strong><b>Brechen <\/b><\/strong><strong><b>P<\/b><\/strong><strong><b>Prinzip<\/b><\/strong><\/h2>\n<p>SF6-Gas hat eine gute Lichtbogenl\u00f6schleistung. Um den Lichtbogen schnell zu l\u00f6schen, wird beim Unterbrechen des Stroms durch den Schalter ein Lichtbogen erzeugt, wenn die beweglichen und statischen Kontakte gerade getrennt werden. Zu diesem Zeitpunkt wird der Lichtbogen aufgrund des Magnetfelds des Permanentmagneten dazu gebracht, sich schnell zu bewegen, wodurch der Lichtbogen verl\u00e4ngert und kontinuierlich mit SF6-Gas kombiniert wird, um schnell dissoziiert und abgek\u00fchlt zu werden. Er erlischt, wenn der Strom Null \u00fcberschreitet. Der doppelte Bruch\u00f6ffnungsabstand hat den Isolationsgrad, den Bruch zu isolieren. Permanentmagnet-Rotationslichtbogenprinzip, geringe Betriebsleistung, starke L\u00f6schf\u00e4higkeit, leichte Kontaktverbrennung und verl\u00e4ngerte elektrische Lebensdauer.<\/p>\n<p><img loading=\"lazy\" decoding=\"async\" class=\"alignnone wp-image-2055 size-large\" src=\"http:\/\/www.xminsulation.com\/wp-content\/uploads\/2024\/05\/\u56fe\u724787-1-1024x614.png\" alt=\"\" width=\"1024\" height=\"614\" srcset=\"https:\/\/www.xminsulation.com\/wp-content\/uploads\/2024\/05\/\u56fe\u724787-1-1024x614.png 1024w, https:\/\/www.xminsulation.com\/wp-content\/uploads\/2024\/05\/\u56fe\u724787-1-300x180.png 300w, https:\/\/www.xminsulation.com\/wp-content\/uploads\/2024\/05\/\u56fe\u724787-1-768x461.png 768w, https:\/\/www.xminsulation.com\/wp-content\/uploads\/2024\/05\/\u56fe\u724787-1-600x360.png 600w, https:\/\/www.xminsulation.com\/wp-content\/uploads\/2024\/05\/\u56fe\u724787-1.png 1510w\" sizes=\"(max-width: 1024px) 100vw, 1024px\" \/><\/p>\n<p>&nbsp;<\/p>\n<p>&nbsp;<\/p>\n<p><img loading=\"lazy\" decoding=\"async\" class=\"alignnone wp-image-2056\" src=\"http:\/\/www.xminsulation.com\/wp-content\/uploads\/2024\/05\/\u56fe\u724788-1.png\" alt=\"\" width=\"1082\" height=\"417\" srcset=\"https:\/\/www.xminsulation.com\/wp-content\/uploads\/2024\/05\/\u56fe\u724788-1.png 682w, https:\/\/www.xminsulation.com\/wp-content\/uploads\/2024\/05\/\u56fe\u724788-1-300x116.png 300w, https:\/\/www.xminsulation.com\/wp-content\/uploads\/2024\/05\/\u56fe\u724788-1-600x231.png 600w\" sizes=\"(max-width: 1082px) 100vw, 1082px\" \/><\/p>\n<p>&nbsp;<\/p>\n<p>&nbsp;<\/p>\n<p><img loading=\"lazy\" decoding=\"async\" class=\"alignnone wp-image-2057 size-large\" src=\"http:\/\/www.xminsulation.com\/wp-content\/uploads\/2024\/05\/\u56fe\u724789-1-1024x582.png\" alt=\"\" width=\"1024\" height=\"582\" srcset=\"https:\/\/www.xminsulation.com\/wp-content\/uploads\/2024\/05\/\u56fe\u724789-1-1024x582.png 1024w, https:\/\/www.xminsulation.com\/wp-content\/uploads\/2024\/05\/\u56fe\u724789-1-300x170.png 300w, https:\/\/www.xminsulation.com\/wp-content\/uploads\/2024\/05\/\u56fe\u724789-1-768x436.png 768w, https:\/\/www.xminsulation.com\/wp-content\/uploads\/2024\/05\/\u56fe\u724789-1-1536x872.png 1536w, https:\/\/www.xminsulation.com\/wp-content\/uploads\/2024\/05\/\u56fe\u724789-1-600x341.png 600w, https:\/\/www.xminsulation.com\/wp-content\/uploads\/2024\/05\/\u56fe\u724789-1.png 1676w\" sizes=\"(max-width: 1024px) 100vw, 1024px\" \/><\/p>\n<h2><strong><b>Installation und <\/b><\/strong><strong><b>D<\/b><\/strong><strong><b>ebugging<\/b><\/strong><\/h2>\n<ol>\n<li>Lesen Sie vor der Installation und Fehlerbehebung die Bedienungsanleitung sorgf\u00e4ltig durch und treffen Sie die folgenden Vorbereitungen: \u00dcberpr\u00fcfen Sie zun\u00e4chst, ob das Erscheinungsbild besch\u00e4digt ist. Besch\u00e4digte Produkte sollten sofort gestoppt werden. Der zweite Schritt besteht darin, Verunreinigungen auf der Oberfl\u00e4che des Produkts aufgrund des Transports oder aus anderen Gr\u00fcnden zu entfernen.<\/li>\n<li>Bei der Montage des Antriebsmechanismus und des Schalterk\u00f6rpers muss auf eine zuverl\u00e4ssige Befestigung geachtet werden, wobei deren Verbindungsteile zuverl\u00e4ssig auf der Antriebswelle des Schalterk\u00f6rpers befestigt werden m\u00fcssen und auch die den Lastschalter verbindenden Bauteile zuverl\u00e4ssig am Schalterk\u00f6rper befestigt werden m\u00fcssen.<\/li>\n<li>Nachdem die Installation abgeschlossen ist, vergewissern Sie sich, dass sich der Lastschalter in der ge\u00f6ffneten Position befindet, stecken Sie den Bediengriff in das Erdungsbedienloch am oberen Ende des Panels und drehen Sie den Griff um 180 Grad im Uhrzeigersinn. Um die Erdung zu schlie\u00dfen, drehen Sie den Griff um 180 Grad gegen den Uhrzeigersinn. Schlie\u00dfen Sie den Erdungsschalter vollst\u00e4ndig.<\/li>\n<li>Wenn Sie den Schlie\u00dfvorgang durchf\u00fchren, vergewissern Sie sich zun\u00e4chst, dass sich der Lastschalter in der \u00d6ffnungsposition befindet. F\u00fchren Sie dann den Bediengriff in die Bedien\u00f6ffnung des Lastschalters am unteren Ende des Panels ein und drehen Sie den Bediengriff 180\u2033 im Uhrzeigersinn, um den Schlie\u00dfvorgang des Lastschalters abzuschlie\u00dfen.<\/li>\n<li>Verwenden Sie w\u00e4hrend des Bewegens des Lastschalters von der Schlie\u00dfposition in die \u00d6ffnungsposition den Bedienmechanismus vom Typ K, stecken Sie den Bediengriff in die Bedien\u00f6ffnung des Lastschalters und drehen Sie den Griff um 180\u2033 gegen den Uhrzeigersinn, um den \u00d6ffnungsvorgang durchzuf\u00fchren; dr\u00fccken Sie beim Bedienmechanismus vom Typ A die \u00d6ffnungstaste, um den Lastschalter zu \u00f6ffnen, pr\u00fcfen Sie durch das Beobachtungsfenster, ob die Position des Schalters korrekt ist und ob die entsprechenden Beobachtungsanweisungen den Anforderungen entsprechen.<\/li>\n<li>Hinweis: Die Erdung bzw. Last kann nur geschlossen werden, wenn sich der Schalter in der ge\u00f6ffneten Stellung befindet!<\/li>\n<\/ol>\n<h2><strong><b>Wartung und <\/b><\/strong><strong><b>C<\/b><\/strong><strong><b>Sind<\/b><\/strong><\/h2>\n<p>Unter normalen Einsatzbedingungen, bei denen die Umgebung den Anforderungen der Installations- und Betriebsanleitung entspricht, ist der Schalterk\u00f6rper 20 Jahre lang wartungsfrei. Aufgrund von Umgebungsunterschieden sind dennoch erforderliche Inspektions- und Wartungsarbeiten am Lastschalter erforderlich.<\/p>\n<ol>\n<li>Je nach Arbeitsumfeld ist zwischen Juni und Dezember eine entsprechende Sichtkontrolle der D\u00e4mmschicht durchzuf\u00fchren und Verschmutzungen sowie feuchte Stellen zu beseitigen.<\/li>\n<li>F\u00fchren Sie 1 bis 2 Mal im Jahr eine Schmierung und Funktionspr\u00fcfung des Antriebsmechanismus durch, um einen normalen Betrieb sicherzustellen.<\/li>\n<li>Bei Lastschaltern, die mit Druckmessger\u00e4ten ausgestattet sind, sollten die Anzeigen der Druckmessger\u00e4te von Zeit zu Zeit \u00fcberpr\u00fcft werden.<\/li>\n<li>Wenn ein Fehlerstrom durch das Lastschalter-Sicherungskombinationsger\u00e4t flie\u00dft und eine Phasensicherung durchbrennt, m\u00fcssen alle dreiphasigen Sicherungen ausgetauscht werden. Beim Austausch muss vor dem Austausch zuerst der Erdungsschalter geschlossen werden und es muss sichergestellt werden, dass alle dreiphasigen Sicherungen an ihrem Platz installiert sind.<\/li>\n<\/ol>\n<h2><strong><b>Schalten <\/b><\/strong><strong><b>C<\/b><\/strong><strong><b>abinet <\/b><\/strong><strong><b>D<\/b><\/strong><strong><b>Anzeige<\/b><\/strong><\/h2>\n<p><strong><b> <img loading=\"lazy\" decoding=\"async\" class=\"alignnone wp-image-2058 size-full\" src=\"http:\/\/www.xminsulation.com\/wp-content\/uploads\/2024\/05\/\u56fe\u724790-1.png\" alt=\"\" width=\"680\" height=\"755\" srcset=\"https:\/\/www.xminsulation.com\/wp-content\/uploads\/2024\/05\/\u56fe\u724790-1.png 680w, https:\/\/www.xminsulation.com\/wp-content\/uploads\/2024\/05\/\u56fe\u724790-1-270x300.png 270w, https:\/\/www.xminsulation.com\/wp-content\/uploads\/2024\/05\/\u56fe\u724790-1-600x666.png 600w\" sizes=\"(max-width: 680px) 100vw, 680px\" \/> <img loading=\"lazy\" decoding=\"async\" class=\"alignnone wp-image-2059 size-large\" src=\"http:\/\/www.xminsulation.com\/wp-content\/uploads\/2024\/05\/\u56fe\u724791-1024x489.jpg\" alt=\"\" width=\"1024\" height=\"489\" srcset=\"https:\/\/www.xminsulation.com\/wp-content\/uploads\/2024\/05\/\u56fe\u724791-1024x489.jpg 1024w, https:\/\/www.xminsulation.com\/wp-content\/uploads\/2024\/05\/\u56fe\u724791-300x143.jpg 300w, https:\/\/www.xminsulation.com\/wp-content\/uploads\/2024\/05\/\u56fe\u724791-768x367.jpg 768w, https:\/\/www.xminsulation.com\/wp-content\/uploads\/2024\/05\/\u56fe\u724791-600x287.jpg 600w, https:\/\/www.xminsulation.com\/wp-content\/uploads\/2024\/05\/\u56fe\u724791.jpg 1200w\" sizes=\"(max-width: 1024px) 100vw, 1024px\" \/> <img loading=\"lazy\" decoding=\"async\" class=\"alignnone wp-image-2060 size-large\" src=\"http:\/\/www.xminsulation.com\/wp-content\/uploads\/2024\/05\/\u56fe\u724792-1024x719.jpg\" alt=\"\" width=\"1024\" height=\"719\" srcset=\"https:\/\/www.xminsulation.com\/wp-content\/uploads\/2024\/05\/\u56fe\u724792-1024x719.jpg 1024w, https:\/\/www.xminsulation.com\/wp-content\/uploads\/2024\/05\/\u56fe\u724792-300x211.jpg 300w, https:\/\/www.xminsulation.com\/wp-content\/uploads\/2024\/05\/\u56fe\u724792-768x539.jpg 768w, https:\/\/www.xminsulation.com\/wp-content\/uploads\/2024\/05\/\u56fe\u724792-600x421.jpg 600w, https:\/\/www.xminsulation.com\/wp-content\/uploads\/2024\/05\/\u56fe\u724792.jpg 1200w\" sizes=\"(max-width: 1024px) 100vw, 1024px\" \/><\/b><\/strong><\/p>\n<div class=\"wxts\">\n<h2>\u25c6Spezielle Anpassung<\/h2>\n<p>Die oben genannten Parameter sind typische Daten. Wenn die vorhandenen Stile nicht Ihren speziellen Anforderungen entsprechen, kontaktieren Sie uns bitte f\u00fcr ein individuelles Design. Wir verf\u00fcgen \u00fcber bedeutende F\u00e4higkeiten in der Entwicklung und Produktion individueller Anpassungen, sodass wir Kunden auf der ganzen Welt ma\u00dfgeschneiderte L\u00f6sungen bieten k\u00f6nnen.<\/p>\n<\/div>\n<p>&nbsp;<\/p>","protected":false},"excerpt":{"rendered":"<p>General Information 12kV Indoor SF6 Switch-Disconnector FL(R)N36 Load Break Switch LBS is a double-break rotary load switch using SF6 gas as the insulating and arc-extinguishing medium. It is suitable for 12kV power distribution systems. Each switch is permanently sealed after being filled with 0.4bar pressure SF6 gas. The switch can be installed vertically or horizontally. [&hellip;]<\/p>","protected":false},"featured_media":2051,"template":"","meta":{"site-sidebar-layout":"default","site-content-layout":"","ast-site-content-layout":"default","site-content-style":"default","site-sidebar-style":"default","ast-global-header-display":"","ast-banner-title-visibility":"","ast-main-header-display":"","ast-hfb-above-header-display":"","ast-hfb-below-header-display":"","ast-hfb-mobile-header-display":"","site-post-title":"","ast-breadcrumbs-content":"","ast-featured-img":"","footer-sml-layout":"","theme-transparent-header-meta":"default","adv-header-id-meta":"","stick-header-meta":"","header-above-stick-meta":"","header-main-stick-meta":"","header-below-stick-meta":"","astra-migrate-meta-layouts":"set","ast-page-background-enabled":"default","ast-page-background-meta":{"desktop":{"background-color":"","background-image":"","background-repeat":"repeat","background-position":"center center","background-size":"auto","background-attachment":"scroll","background-type":"","background-media":"","overlay-type":"","overlay-color":"","overlay-gradient":""},"tablet":{"background-color":"","background-image":"","background-repeat":"repeat","background-position":"center center","background-size":"auto","background-attachment":"scroll","background-type":"","background-media":"","overlay-type":"","overlay-color":"","overlay-gradient":""},"mobile":{"background-color":"","background-image":"","background-repeat":"repeat","background-position":"center center","background-size":"auto","background-attachment":"scroll","background-type":"","background-media":"","overlay-type":"","overlay-color":"","overlay-gradient":""}},"ast-content-background-meta":{"desktop":{"background-color":"var(--ast-global-color-5)","background-image":"","background-repeat":"repeat","background-position":"center center","background-size":"auto","background-attachment":"scroll","background-type":"","background-media":"","overlay-type":"","overlay-color":"","overlay-gradient":""},"tablet":{"background-color":"var(--ast-global-color-5)","background-image":"","background-repeat":"repeat","background-position":"center center","background-size":"auto","background-attachment":"scroll","background-type":"","background-media":"","overlay-type":"","overlay-color":"","overlay-gradient":""},"mobile":{"background-color":"var(--ast-global-color-5)","background-image":"","background-repeat":"repeat","background-position":"center center","background-size":"auto","background-attachment":"scroll","background-type":"","background-media":"","overlay-type":"","overlay-color":"","overlay-gradient":""}}},"product_cat":[35],"product_tag":[],"class_list":{"0":"post-2047","1":"product","2":"type-product","3":"status-publish","4":"has-post-thumbnail","6":"product_cat-10-40-5kv-indoor-sf6-load-break-switch-flrn36-lbs","7":"desktop-align-left","8":"tablet-align-left","9":"mobile-align-left","11":"first","12":"instock","13":"shipping-taxable","14":"product-type-simple"},"_links":{"self":[{"href":"https:\/\/www.xminsulation.com\/de\/wp-json\/wp\/v2\/product\/2047","targetHints":{"allow":["GET"]}}],"collection":[{"href":"https:\/\/www.xminsulation.com\/de\/wp-json\/wp\/v2\/product"}],"about":[{"href":"https:\/\/www.xminsulation.com\/de\/wp-json\/wp\/v2\/types\/product"}],"wp:featuredmedia":[{"embeddable":true,"href":"https:\/\/www.xminsulation.com\/de\/wp-json\/wp\/v2\/media\/2051"}],"wp:attachment":[{"href":"https:\/\/www.xminsulation.com\/de\/wp-json\/wp\/v2\/media?parent=2047"}],"wp:term":[{"taxonomy":"product_cat","embeddable":true,"href":"https:\/\/www.xminsulation.com\/de\/wp-json\/wp\/v2\/product_cat?post=2047"},{"taxonomy":"product_tag","embeddable":true,"href":"https:\/\/www.xminsulation.com\/de\/wp-json\/wp\/v2\/product_tag?post=2047"}],"curies":[{"name":"wp","href":"https:\/\/api.w.org\/{rel}","templated":true}]}}