{"id":2003,"date":"2025-07-11T10:09:15","date_gmt":"2025-07-11T02:09:15","guid":{"rendered":"http:\/\/www.xminsulation.com\/?post_type=product&#038;p=2003"},"modified":"2025-07-18T11:12:28","modified_gmt":"2025-07-18T03:12:28","slug":"15-6kv-eco-friendly-vacuum-circuit-breaker-sf6-free-ais-vcb","status":"publish","type":"product","link":"https:\/\/www.xminsulation.com\/de\/product\/15-6kv-eco-friendly-vacuum-circuit-breaker-sf6-free-ais-vcb\/","title":{"rendered":"Umweltfreundlicher 15,6-kV-Vakuum-Leistungsschalter (SF6-freier AIS VCB)"},"content":{"rendered":"<p><img fetchpriority=\"high\" decoding=\"async\" class=\"alignnone wp-image-2004 size-full\" src=\"http:\/\/www.xminsulation.com\/wp-content\/uploads\/2024\/05\/\u56fe\u724745-2.png\" alt=\"\" width=\"1000\" height=\"1000\" srcset=\"https:\/\/www.xminsulation.com\/wp-content\/uploads\/2024\/05\/\u56fe\u724745-2.png 1000w, https:\/\/www.xminsulation.com\/wp-content\/uploads\/2024\/05\/\u56fe\u724745-2-300x300.png 300w, https:\/\/www.xminsulation.com\/wp-content\/uploads\/2024\/05\/\u56fe\u724745-2-150x150.png 150w, https:\/\/www.xminsulation.com\/wp-content\/uploads\/2024\/05\/\u56fe\u724745-2-768x768.png 768w, https:\/\/www.xminsulation.com\/wp-content\/uploads\/2024\/05\/\u56fe\u724745-2-600x600.png 600w, https:\/\/www.xminsulation.com\/wp-content\/uploads\/2024\/05\/\u56fe\u724745-2-100x100.png 100w\" sizes=\"(max-width: 1000px) 100vw, 1000px\" \/> <img decoding=\"async\" class=\"alignnone wp-image-2005 size-full\" src=\"\/wp-content\/uploads\/2024\/05\/\u56fe\u724746-2.png\" alt=\"\" width=\"1000\" height=\"1000\" srcset=\"https:\/\/www.xminsulation.com\/wp-content\/uploads\/2024\/05\/\u56fe\u724746-2.png 1000w, https:\/\/www.xminsulation.com\/wp-content\/uploads\/2024\/05\/\u56fe\u724746-2-300x300.png 300w, https:\/\/www.xminsulation.com\/wp-content\/uploads\/2024\/05\/\u56fe\u724746-2-150x150.png 150w, https:\/\/www.xminsulation.com\/wp-content\/uploads\/2024\/05\/\u56fe\u724746-2-768x768.png 768w, https:\/\/www.xminsulation.com\/wp-content\/uploads\/2024\/05\/\u56fe\u724746-2-600x600.png 600w, https:\/\/www.xminsulation.com\/wp-content\/uploads\/2024\/05\/\u56fe\u724746-2-100x100.png 100w\" sizes=\"(max-width: 1000px) 100vw, 1000px\" \/> <img decoding=\"async\" class=\"alignnone wp-image-2006 size-full\" src=\"\/wp-content\/uploads\/2024\/05\/\u56fe\u724747-2.png\" alt=\"\" width=\"1000\" height=\"1000\" srcset=\"https:\/\/www.xminsulation.com\/wp-content\/uploads\/2024\/05\/\u56fe\u724747-2.png 1000w, https:\/\/www.xminsulation.com\/wp-content\/uploads\/2024\/05\/\u56fe\u724747-2-300x300.png 300w, https:\/\/www.xminsulation.com\/wp-content\/uploads\/2024\/05\/\u56fe\u724747-2-150x150.png 150w, https:\/\/www.xminsulation.com\/wp-content\/uploads\/2024\/05\/\u56fe\u724747-2-768x768.png 768w, https:\/\/www.xminsulation.com\/wp-content\/uploads\/2024\/05\/\u56fe\u724747-2-600x600.png 600w, https:\/\/www.xminsulation.com\/wp-content\/uploads\/2024\/05\/\u56fe\u724747-2-100x100.png 100w\" sizes=\"(max-width: 1000px) 100vw, 1000px\" \/><\/p>\n<h2><strong><b>Allgemeine Informationen<\/b><\/strong><\/h2>\n<p>In Mittelspannungs-Stromverteilungssystemen sind die derzeit am h\u00e4ufigsten verwendeten Ringnetzschr\u00e4nke SF6-gasisolierte Ringnetzschr\u00e4nke, feststoffisolierte Ringnetzschr\u00e4nke und umweltfreundliche gasisolierte Ringnetzschr\u00e4nke. Aufgrund des Treibhausgasemissionsproblems von SF6 und der Schwierigkeit, feste Isoliermaterialien zu recyceln, wird die Anwendung von SF6-gasisolierten Ringhaupteinheiten und feststoffisolierten Ringhaupteinheiten jedoch begrenzt sein. Mit der weltweiten F\u00f6rderung des Konzepts einer gr\u00fcnen und umweltfreundlichen Entwicklung werden vollst\u00e4ndig isolierte, umweltfreundliche Gasringhaupteinheiten, die den neuesten Umweltschutzkonzepten und -anforderungen entsprechen, historische Entwicklungsm\u00f6glichkeiten er\u00f6ffnen!<\/p>\n<p>Die umweltfreundlichen Schalter der Serie IE-EcoAir-15,6\/24 kV 630A geh\u00f6ren zu einer neuen Generation umweltfreundlicher Leistungsschalter ohne Fluor und mit geringem Feststoffabfall sowie umweltfreundlicher gasisolierter Ringkabelanlagen, die als Ersatz f\u00fcr die herk\u00f6mmliche SF6-Gasisolierung entwickelt wurden.<\/p>\n<p>Der umweltfreundliche Leistungsschalter verf\u00fcgt \u00fcber einen integrierten hochfesten L\u00e4ngstr\u00e4ger (Pol), und die Vakuumlichtbogenl\u00f6schkammer ist in die L\u00e4ngstr\u00e4ger- (Pol-)Struktur eingewickelt. Er bietet die Vorteile einer einfachen Struktur, einer einfachen Montage und einer einfachen Fehlerbehebung. Er isoliert den Messerschalter. Die Schlie\u00df- und Erdungsvorg\u00e4nge werden von der integrierten Isolierspindel ohne weitere Arm\u00fcbertragung angetrieben. Die Arbeitsposition ist pr\u00e4ziser und die Bet\u00e4tigungskraft des Isoliermechanismus ist geringer. Die Hauptwelle des Leistungsschalters besteht aus einer ausziehbaren Stange aus Epoxid-Glasfaser, die eine hohe mechanische Festigkeit und eine starke Isolierleistung aufweist. Durch die Halterung aus Zinklegierung und die \u00dcbertragungsnocke werden die \u00d6ffnungs- und Schlie\u00dfvorg\u00e4nge der Vakuumlichtbogenl\u00f6schkammer realisiert. Zwischen den Phasen befinden sich Silikonschuppen, um die Kriechstrecke zu erh\u00f6hen. Der umweltfreundliche Leistungsschalter ist nicht nur f\u00fcr Ringhaupteinheiten mit abgedichteter Luftkammerstruktur geeignet, sondern auch f\u00fcr Ringhaupteinheiten mit normalem Druckmetallgeh\u00e4use.<\/p>\n<p>Durch die Verwendung einer L\u00f6sung aus umweltfreundlicher Gasisolierung und Vakuumbrechung ergibt sich eine Kombination von Vorteilen, die eine hohe Gesamtleistung erm\u00f6glicht. Der stromf\u00fchrende Teil des Prim\u00e4rkreises ist mit einer Luftkammer abgedichtet, und die Hochspannungskomponenten werden nicht durch die H\u00f6he beeinflusst. Sie sind v\u00f6llig wartungsfrei und weisen eine hohe Anpassungsf\u00e4higkeit an die Umgebung auf. Die Geh\u00e4usegr\u00f6\u00dfe ist klein und der Platzbedarf in der Luftkammer ist gering. Die Produkte k\u00f6nnen in Stromnetzen, gro\u00dfen Industrien, im Schienenverkehr, in Gewerbegeb\u00e4uden und anderen Nutzungsszenarien eingesetzt werden.<\/p>\n<p>Dieses Produkt wird haupts\u00e4chlich in Ringnetzschaltger\u00e4ten f\u00fcr den Innen- und Au\u00dfenbereich in 10-24-kV-Mittelspannungsverteilungsnetzsystemen zum Empfangen und Verteilen elektrischer Energie verwendet. Geeignet f\u00fcr obere und seitliche Erweiterungen sowie f\u00fcr gemeinsame Ringnetzschrankl\u00f6sungen. Die gemeinsame Teilerate der oberen und unteren Isolationsl\u00f6sungen erreicht mehr als 90%. Das Produkt weist eine hohe Stabilit\u00e4t und starke Vielseitigkeit auf und erf\u00fcllt die Typpr\u00fcfungsanforderungen vollst\u00e4ndig.<\/p>\n<h2><strong><b>Produkteigenschaften<\/b><\/strong><\/h2>\n<h3>1. Gr\u00fcn und umweltfreundlich.<\/h3>\n<p>a. Verwenden Sie trockene Druckluft oder Stickstoff als Isoliergas. Es hat eine hohe Ionisationsfeldst\u00e4rke und Durchschlagsfeldst\u00e4rke. Es kann die Isolierleistung nach einem Durchschlag schnell wiederherstellen. Es hat eine gute chemische Stabilit\u00e4t, ist nicht brennbar, nicht explosiv, alterungsbest\u00e4ndig und nicht korrosiv. Es wird durch Entladung nicht leicht zersetzt, hat eine gro\u00dfe spezifische W\u00e4rmekapazit\u00e4t und eine gute W\u00e4rmeleitf\u00e4higkeit und Flie\u00dff\u00e4higkeit.<br \/>\nb. Dieses umweltfreundliche Isoliergas ist nicht nur ungiftig und harmlos, sondern kann auch direkt in die Atmosph\u00e4re abgegeben werden, ohne Luftverschmutzung zu verursachen. Es hat auch gute elektrische Eigenschaften und Stabilit\u00e4t. W\u00e4hrend des Syntheseprozesses, des Ger\u00e4tebetriebs, des Lichtbogens, des Wasserdampfs, der kombinierten Einwirkung anderer externer Faktoren und des abschlie\u00dfenden Zersetzungs- und Umwandlungsprozesses entstehen keine giftigen oder sch\u00e4dlichen Substanzen f\u00fcr Mensch und Umwelt.<br \/>\nc. Der Schalter besteht aus thermoplastischem Material und kann recycelt werden. Es entstehen keine SF6-Treibhausgasemissionen und es entstehen keine Auswirkungen auf die Umwelt wie beim Recycling von Feststoffen.<\/p>\n<h3>2. Kompakter Raum.<\/h3>\n<p>Kompakter Schaltschrank, die Breite der typischen 15,6-kV-L\u00f6sung kann etwa 400 mm betragen, die Schrankgr\u00f6\u00dfe ist klein und der Platzbedarf f\u00fcr die Aufstellung ist gering. Zuverl\u00e4ssige Wandmontage, nur 1 m Betriebskanal vor dem Schrank.<\/p>\n<h3>3. Wartungsfrei.<\/h3>\n<p>a. Durch die Verwendung einer langlebigen, wartungsfreien Vakuumlichtbogenl\u00f6schkammer wird der Hauptleitungsteil nicht durch die \u00e4u\u00dfere Umgebung beeinflusst. Da trockene Luft und andere umweltfreundliche Gase verwendet werden, ist es nicht erforderlich, vor Ort ein SF6-Gasleckalarmger\u00e4t zu konfigurieren. Der Hauptstromkreis ist fest angeschlossen und erfordert w\u00e4hrend des Lebenszyklus keine Rack-In- und Rack-Out-Wartung.<br \/>\nb. Der Hauptstromkreis ist fest angeschlossen und erfordert w\u00e4hrend der Lebensdauer keine Wartung durch Ein- und Ausfahren.<br \/>\nc. Besonders geeignet f\u00fcr Anwendungen in Hochplateaus, an der K\u00fcste, im Alpenraum, in stark verschmutzten Gebieten und anderen Gegenden.<\/p>\n<h3>4. Intelligent.<\/h3>\n<p>Durch die Integration sekund\u00e4rer Ger\u00e4te k\u00f6nnen Online-\u00dcberwachung, Fernsteuerung und Schutz der Ger\u00e4te realisiert werden, um den Anforderungen intelligenter Verteilungsnetze gerecht zu werden.<\/p>\n<h3>5. Modularit\u00e4t.<\/h3>\n<p>Es gibt seitliche und obere Erweiterungsmethoden, und die Erweiterung ist flexibel und bequem. Sie steht vollst\u00e4ndig im Einklang mit der Standardisierung des chinesischen Stromnetzes und verschiedenen kundenspezifischen L\u00f6sungen.<\/p>\n<h3>6. Sicherheit.<\/h3>\n<p>Die SF6-freie Technologie verhindert, dass ein SF6-Gasleck die Isolierung und die Lichtbogenl\u00f6schf\u00e4higkeit schw\u00e4cht, was zu Bremsversagen und der Gefahr einer Kastenexplosion f\u00fchren kann. Sie verf\u00fcgt \u00fcber eine vollst\u00e4ndige \u201eF\u00fcnf-Proof\u201c-Verriegelungsstruktur, die den Betrieb sicher und einfach macht.<\/p>\n<h2><strong><b>Betriebs <\/b><\/strong><strong><b>C<\/b><\/strong><strong><b>Konditionen<\/b><\/strong><\/h2>\n<p>Normale Umgebungsbedingungen:<\/p>\n<ol>\n<li>Umgebungstemperatur: H\u00f6chsttemperatur +40 \u00b0C; 24-Stunden-Durchschnittsh\u00f6chsttemperatur +35 \u00b0C; Mindesttemperatur -40 \u00b0C.<\/li>\n<li>Luftfeuchtigkeit: Die maximale durchschnittliche relative Luftfeuchtigkeit, gemessen in 24 Stunden, betr\u00e4gt 951 TP3T; die maximale durchschnittliche relative Luftfeuchtigkeit, gemessen in einem Monat, betr\u00e4gt 901 TP3T.<\/li>\n<li>Die maximale Installationsh\u00f6he betr\u00e4gt 1500 Meter, ohne dass der Gasdruck reduziert wird. Wenn die Installationsh\u00f6he 1500 Meter \u00fcberschreitet, wenden Sie sich bitte an den technischen Vorverkauf.<\/li>\n<li>Der Betrieb muss den Anforderungen der Normen IEC62271-1 und GB3906 entsprechen. Bei besonderen Betriebsbedingungen m\u00fcssen Endbenutzer und Hersteller zustimmen. Bei besonders rauen Betriebsumgebungen muss der Hersteller konsultiert werden. Wenn beispielsweise elektrische Ger\u00e4te in einer H\u00f6he von \u00fcber 1.500 Metern installiert werden, sinkt der Luftdruck, wodurch sich die Luftkammer ausbeult.<\/li>\n<\/ol>\n<p><img loading=\"lazy\" decoding=\"async\" class=\"alignnone wp-image-2242 size-full\" src=\"http:\/\/www.xminsulation.com\/wp-content\/uploads\/2024\/05\/\u56fe\u7247151.png\" alt=\"\" width=\"1796\" height=\"1966\" srcset=\"https:\/\/www.xminsulation.com\/wp-content\/uploads\/2024\/05\/\u56fe\u7247151.png 1796w, https:\/\/www.xminsulation.com\/wp-content\/uploads\/2024\/05\/\u56fe\u7247151-274x300.png 274w, https:\/\/www.xminsulation.com\/wp-content\/uploads\/2024\/05\/\u56fe\u7247151-935x1024.png 935w, https:\/\/www.xminsulation.com\/wp-content\/uploads\/2024\/05\/\u56fe\u7247151-768x841.png 768w, https:\/\/www.xminsulation.com\/wp-content\/uploads\/2024\/05\/\u56fe\u7247151-1403x1536.png 1403w, https:\/\/www.xminsulation.com\/wp-content\/uploads\/2024\/05\/\u56fe\u7247151-600x657.png 600w\" sizes=\"(max-width: 1796px) 100vw, 1796px\" \/><\/p>\n<h2><strong><b>Schaltkreis <\/b><\/strong><strong><b>B<\/b><\/strong><strong><b>rechercher <\/b><\/strong><strong><b>S<\/b><\/strong><strong><b>Hexe <\/b><\/strong><strong><b>D<\/b><\/strong><strong><b>iagramm<\/b><\/strong><\/h2>\n<p><img loading=\"lazy\" decoding=\"async\" class=\"alignnone wp-image-2009 size-large\" src=\"http:\/\/www.xminsulation.com\/wp-content\/uploads\/2024\/05\/\u56fe\u724749-2-1012x1024.png\" alt=\"\" width=\"1012\" height=\"1024\" srcset=\"https:\/\/www.xminsulation.com\/wp-content\/uploads\/2024\/05\/\u56fe\u724749-2-1012x1024.png 1012w, https:\/\/www.xminsulation.com\/wp-content\/uploads\/2024\/05\/\u56fe\u724749-2-296x300.png 296w, https:\/\/www.xminsulation.com\/wp-content\/uploads\/2024\/05\/\u56fe\u724749-2-768x777.png 768w, https:\/\/www.xminsulation.com\/wp-content\/uploads\/2024\/05\/\u56fe\u724749-2-1518x1536.png 1518w, https:\/\/www.xminsulation.com\/wp-content\/uploads\/2024\/05\/\u56fe\u724749-2-600x607.png 600w, https:\/\/www.xminsulation.com\/wp-content\/uploads\/2024\/05\/\u56fe\u724749-2-100x100.png 100w, https:\/\/www.xminsulation.com\/wp-content\/uploads\/2024\/05\/\u56fe\u724749-2.png 1687w\" sizes=\"(max-width: 1012px) 100vw, 1012px\" \/><\/p>\n<h2><strong><b>Dimensional <\/b><\/strong><strong><b>D<\/b><\/strong><strong><b>Rohmaterial von <\/b><\/strong><strong><b>\u00d6KO<\/b><\/strong><strong><b>\u00a0<\/b><\/strong><strong><b>F<\/b><\/strong><strong><b>freundlich <\/b><\/strong><strong><b>C<\/b><\/strong><strong><b>stromkreis <\/b><\/strong><strong><b>B<\/b><\/strong><strong><b>reaker (<\/b><\/strong><strong><b>Mit L<\/b><\/strong><strong><b>ower <\/b><\/strong><strong><b>ICH<\/b><\/strong><strong><b>L\u00f6sung)<\/b><\/strong><\/h2>\n<p><img loading=\"lazy\" decoding=\"async\" class=\"alignnone wp-image-2011 size-large\" src=\"http:\/\/www.xminsulation.com\/wp-content\/uploads\/2024\/05\/\u56fe\u724750-2-1015x1024.jpg\" alt=\"\" width=\"1015\" height=\"1024\" srcset=\"https:\/\/www.xminsulation.com\/wp-content\/uploads\/2024\/05\/\u56fe\u724750-2-1015x1024.jpg 1015w, https:\/\/www.xminsulation.com\/wp-content\/uploads\/2024\/05\/\u56fe\u724750-2-297x300.jpg 297w, https:\/\/www.xminsulation.com\/wp-content\/uploads\/2024\/05\/\u56fe\u724750-2-150x150.jpg 150w, https:\/\/www.xminsulation.com\/wp-content\/uploads\/2024\/05\/\u56fe\u724750-2-768x775.jpg 768w, https:\/\/www.xminsulation.com\/wp-content\/uploads\/2024\/05\/\u56fe\u724750-2-600x606.jpg 600w, https:\/\/www.xminsulation.com\/wp-content\/uploads\/2024\/05\/\u56fe\u724750-2-100x100.jpg 100w, https:\/\/www.xminsulation.com\/wp-content\/uploads\/2024\/05\/\u56fe\u724750-2.jpg 1500w\" sizes=\"(max-width: 1015px) 100vw, 1015px\" \/><\/p>\n<h2><strong><b>Schematische Darstellung des Leistungsschalter-Schaltschranks und des PT-Schrank-Lufttanks<\/b><\/strong><\/h2>\n<p><img loading=\"lazy\" decoding=\"async\" class=\"alignnone wp-image-2012 size-full\" src=\"http:\/\/www.xminsulation.com\/wp-content\/uploads\/2024\/05\/\u56fe\u724751-2.png\" alt=\"\" width=\"1073\" height=\"1343\" srcset=\"https:\/\/www.xminsulation.com\/wp-content\/uploads\/2024\/05\/\u56fe\u724751-2.png 1073w, https:\/\/www.xminsulation.com\/wp-content\/uploads\/2024\/05\/\u56fe\u724751-2-240x300.png 240w, https:\/\/www.xminsulation.com\/wp-content\/uploads\/2024\/05\/\u56fe\u724751-2-818x1024.png 818w, https:\/\/www.xminsulation.com\/wp-content\/uploads\/2024\/05\/\u56fe\u724751-2-768x961.png 768w, https:\/\/www.xminsulation.com\/wp-content\/uploads\/2024\/05\/\u56fe\u724751-2-600x751.png 600w\" sizes=\"(max-width: 1073px) 100vw, 1073px\" \/> <img loading=\"lazy\" decoding=\"async\" class=\"alignnone wp-image-2013 size-full\" src=\"http:\/\/www.xminsulation.com\/wp-content\/uploads\/2024\/05\/\u56fe\u724752-2.png\" alt=\"\" width=\"567\" height=\"1248\" srcset=\"https:\/\/www.xminsulation.com\/wp-content\/uploads\/2024\/05\/\u56fe\u724752-2.png 567w, https:\/\/www.xminsulation.com\/wp-content\/uploads\/2024\/05\/\u56fe\u724752-2-136x300.png 136w, https:\/\/www.xminsulation.com\/wp-content\/uploads\/2024\/05\/\u56fe\u724752-2-465x1024.png 465w\" sizes=\"(max-width: 567px) 100vw, 567px\" \/><\/p>\n<h2><strong><b>Ma\u00dfzeichnung von Luftbeh\u00e4lter und Schaltschrank<\/b><\/strong><\/h2>\n<p><img loading=\"lazy\" decoding=\"async\" class=\"alignnone wp-image-2014 size-large\" src=\"http:\/\/www.xminsulation.com\/wp-content\/uploads\/2024\/05\/\u56fe\u724753-2-1024x858.png\" alt=\"\" width=\"1024\" height=\"858\" srcset=\"https:\/\/www.xminsulation.com\/wp-content\/uploads\/2024\/05\/\u56fe\u724753-2-1024x858.png 1024w, https:\/\/www.xminsulation.com\/wp-content\/uploads\/2024\/05\/\u56fe\u724753-2-300x251.png 300w, https:\/\/www.xminsulation.com\/wp-content\/uploads\/2024\/05\/\u56fe\u724753-2-768x644.png 768w, https:\/\/www.xminsulation.com\/wp-content\/uploads\/2024\/05\/\u56fe\u724753-2-1536x1288.png 1536w, https:\/\/www.xminsulation.com\/wp-content\/uploads\/2024\/05\/\u56fe\u724753-2-600x503.png 600w, https:\/\/www.xminsulation.com\/wp-content\/uploads\/2024\/05\/\u56fe\u724753-2.png 1935w\" sizes=\"(max-width: 1024px) 100vw, 1024px\" \/> <img loading=\"lazy\" decoding=\"async\" class=\"alignnone wp-image-2015 size-full\" src=\"http:\/\/www.xminsulation.com\/wp-content\/uploads\/2024\/05\/\u56fe\u724754-2.png\" alt=\"\" width=\"1423\" height=\"1702\" srcset=\"https:\/\/www.xminsulation.com\/wp-content\/uploads\/2024\/05\/\u56fe\u724754-2.png 1423w, https:\/\/www.xminsulation.com\/wp-content\/uploads\/2024\/05\/\u56fe\u724754-2-251x300.png 251w, https:\/\/www.xminsulation.com\/wp-content\/uploads\/2024\/05\/\u56fe\u724754-2-856x1024.png 856w, https:\/\/www.xminsulation.com\/wp-content\/uploads\/2024\/05\/\u56fe\u724754-2-768x919.png 768w, https:\/\/www.xminsulation.com\/wp-content\/uploads\/2024\/05\/\u56fe\u724754-2-1284x1536.png 1284w, https:\/\/www.xminsulation.com\/wp-content\/uploads\/2024\/05\/\u56fe\u724754-2-600x718.png 600w\" sizes=\"(max-width: 1423px) 100vw, 1423px\" \/><\/p>\n<h2><strong><b>Interne Struktur<\/b><\/strong><\/h2>\n<p><img loading=\"lazy\" decoding=\"async\" class=\"alignnone wp-image-2016 size-full\" src=\"http:\/\/www.xminsulation.com\/wp-content\/uploads\/2024\/05\/\u56fe\u724755-2.png\" alt=\"\" width=\"1065\" height=\"786\" srcset=\"https:\/\/www.xminsulation.com\/wp-content\/uploads\/2024\/05\/\u56fe\u724755-2.png 1065w, https:\/\/www.xminsulation.com\/wp-content\/uploads\/2024\/05\/\u56fe\u724755-2-300x221.png 300w, https:\/\/www.xminsulation.com\/wp-content\/uploads\/2024\/05\/\u56fe\u724755-2-1024x756.png 1024w, https:\/\/www.xminsulation.com\/wp-content\/uploads\/2024\/05\/\u56fe\u724755-2-768x567.png 768w, https:\/\/www.xminsulation.com\/wp-content\/uploads\/2024\/05\/\u56fe\u724755-2-600x443.png 600w\" sizes=\"(max-width: 1065px) 100vw, 1065px\" \/><\/p>\n<p>1. Beispielsatz. Seitliches Erweiterungsgeh\u00e4use.<\/p>\n<p>2. Schritt: (Schritt 1). Leistungsschalter (Lastschalter).<\/p>\n<p>3. Die Temperatur des zu behandelnden Gewebes kann unterschiedlich sein. Dreistationen-Trennschalter.<\/p>\n<p>4. Schritt: Sammelschiene.<\/p>\n<p>5. Schritt: Eingangsbuchse.<\/p>\n<p>6. Schritt: Lufttank.<\/p>\n<p>7. Temperaturanzeige. Barometer.<\/p>\n<p>8. Schritt: Erdnussbutter (Erdnussbutter). Leistungsschaltermechanismus (Lastschalter).<\/p>\n<p>9. Frage. Beobachtungslicht.<\/p>\n<p>10. Detaillierte Beschreibung. Drei-Stationen-Isolationsmechanismus.<\/p>\n<p>11. Bitte sieh zu, was du meinst. Bodenbeobachtungsfenster.<\/p>\n<h2><strong><b>Produktwartung<\/b><\/strong><\/h2>\n<p>Alle Komponenten im 15,6 kV\/630 A sind w\u00e4hrend der angegebenen Produktlebensdauer wartungsfrei.<\/p>\n<p>Zur Gew\u00e4hrleistung der Sicherheit bei Betrieb und Kabelkonstruktion k\u00f6nnen die Isolations- und Erdungspositionen beachtet werden.<\/p>\n<p>Die stromf\u00fchrenden Teile sind vollst\u00e4ndig von der Au\u00dfenwelt isoliert und am Gaskasten ist ein spezieller Lichtbogendruckentlastungskanal vorgesehen, um die Sicherheit von Bedienern und Ger\u00e4ten zu gew\u00e4hrleisten.<\/p>\n<p>Der mechanische Teil befindet sich au\u00dferhalb der Airbox und hinter der Frontplatte, was die Bedienung und den Austausch erleichtert. Die Oberfl\u00e4che des mechanischen Teils wurde einer Korrosionsschutzbehandlung unterzogen und seine beweglichen Teile wurden vor Verlassen des Werks geschmiert, was der Nutzung w\u00e4hrend des Produktlebenszyklus gerecht wird. In extremen Umgebungen (Staub, Sand und Schmutz) k\u00f6nnen Inspektion, Wartung und in einigen F\u00e4llen ein Austausch erforderlich sein.<\/p>\n<div class=\"wxts\">\n<h2>\u25c6Spezielle Anpassung<\/h2>\n<p>Die oben genannten Parameter sind typische Daten. Wenn die vorhandenen Stile nicht Ihren speziellen Anforderungen entsprechen, kontaktieren Sie uns bitte f\u00fcr ein individuelles Design. Wir verf\u00fcgen \u00fcber bedeutende F\u00e4higkeiten in der Entwicklung und Produktion individueller Anpassungen, sodass wir Kunden auf der ganzen Welt ma\u00dfgeschneiderte L\u00f6sungen bieten k\u00f6nnen.<\/p>\n<\/div>\n<p>&nbsp;<\/p>","protected":false},"excerpt":{"rendered":"<p>General Information In medium-voltage power distribution systems, the most commonly used ring network cabinets currently include SF6 gas insulated ring network cabinets, solid insulated ring network cabinets and environmentally friendly gas insulated ring network cabinets. However, due to the greenhouse gas emission problem of SF6 and the difficulty of recycling solid insulation materials, the application [&hellip;]<\/p>","protected":false},"featured_media":2007,"template":"","meta":{"site-sidebar-layout":"default","site-content-layout":"","ast-site-content-layout":"default","site-content-style":"default","site-sidebar-style":"default","ast-global-header-display":"","ast-banner-title-visibility":"","ast-main-header-display":"","ast-hfb-above-header-display":"","ast-hfb-below-header-display":"","ast-hfb-mobile-header-display":"","site-post-title":"","ast-breadcrumbs-content":"","ast-featured-img":"","footer-sml-layout":"","theme-transparent-header-meta":"default","adv-header-id-meta":"","stick-header-meta":"","header-above-stick-meta":"","header-main-stick-meta":"","header-below-stick-meta":"","astra-migrate-meta-layouts":"set","ast-page-background-enabled":"default","ast-page-background-meta":{"desktop":{"background-color":"","background-image":"","background-repeat":"repeat","background-position":"center center","background-size":"auto","background-attachment":"scroll","background-type":"","background-media":"","overlay-type":"","overlay-color":"","overlay-gradient":""},"tablet":{"background-color":"","background-image":"","background-repeat":"repeat","background-position":"center center","background-size":"auto","background-attachment":"scroll","background-type":"","background-media":"","overlay-type":"","overlay-color":"","overlay-gradient":""},"mobile":{"background-color":"","background-image":"","background-repeat":"repeat","background-position":"center center","background-size":"auto","background-attachment":"scroll","background-type":"","background-media":"","overlay-type":"","overlay-color":"","overlay-gradient":""}},"ast-content-background-meta":{"desktop":{"background-color":"var(--ast-global-color-5)","background-image":"","background-repeat":"repeat","background-position":"center center","background-size":"auto","background-attachment":"scroll","background-type":"","background-media":"","overlay-type":"","overlay-color":"","overlay-gradient":""},"tablet":{"background-color":"var(--ast-global-color-5)","background-image":"","background-repeat":"repeat","background-position":"center center","background-size":"auto","background-attachment":"scroll","background-type":"","background-media":"","overlay-type":"","overlay-color":"","overlay-gradient":""},"mobile":{"background-color":"var(--ast-global-color-5)","background-image":"","background-repeat":"repeat","background-position":"center center","background-size":"auto","background-attachment":"scroll","background-type":"","background-media":"","overlay-type":"","overlay-color":"","overlay-gradient":""}}},"product_cat":[29],"product_tag":[],"class_list":{"0":"post-2003","1":"product","2":"type-product","3":"status-publish","4":"has-post-thumbnail","6":"product_cat-10-24kv-eco-friendly-vacuum-circuit-breaker-sf6-free","7":"desktop-align-left","8":"tablet-align-left","9":"mobile-align-left","11":"first","12":"instock","13":"shipping-taxable","14":"product-type-simple"},"_links":{"self":[{"href":"https:\/\/www.xminsulation.com\/de\/wp-json\/wp\/v2\/product\/2003","targetHints":{"allow":["GET"]}}],"collection":[{"href":"https:\/\/www.xminsulation.com\/de\/wp-json\/wp\/v2\/product"}],"about":[{"href":"https:\/\/www.xminsulation.com\/de\/wp-json\/wp\/v2\/types\/product"}],"wp:featuredmedia":[{"embeddable":true,"href":"https:\/\/www.xminsulation.com\/de\/wp-json\/wp\/v2\/media\/2007"}],"wp:attachment":[{"href":"https:\/\/www.xminsulation.com\/de\/wp-json\/wp\/v2\/media?parent=2003"}],"wp:term":[{"taxonomy":"product_cat","embeddable":true,"href":"https:\/\/www.xminsulation.com\/de\/wp-json\/wp\/v2\/product_cat?post=2003"},{"taxonomy":"product_tag","embeddable":true,"href":"https:\/\/www.xminsulation.com\/de\/wp-json\/wp\/v2\/product_tag?post=2003"}],"curies":[{"name":"wp","href":"https:\/\/api.w.org\/{rel}","templated":true}]}}