{"id":1952,"date":"2024-05-12T09:37:25","date_gmt":"2024-05-12T01:37:25","guid":{"rendered":"http:\/\/www.xminsulation.com\/?post_type=product&#038;p=1952"},"modified":"2024-05-28T18:19:09","modified_gmt":"2024-05-28T10:19:09","slug":"24kv-solid-insulated-vacuum-circuit-breaker-sf6-free","status":"publish","type":"product","link":"https:\/\/www.xminsulation.com\/de\/product\/24kv-solid-insulated-vacuum-circuit-breaker-sf6-free\/","title":{"rendered":"24-kV-Feststoff-Isolier-Vakuum-Leistungsschalter (SF6-frei)"},"content":{"rendered":"<p><img fetchpriority=\"high\" decoding=\"async\" class=\"alignnone wp-image-1954 size-full\" src=\"http:\/\/www.xminsulation.com\/wp-content\/uploads\/2024\/05\/\u56fe\u72471-2.png\" alt=\"\" width=\"1000\" height=\"1000\" srcset=\"https:\/\/www.xminsulation.com\/wp-content\/uploads\/2024\/05\/\u56fe\u72471-2.png 1000w, https:\/\/www.xminsulation.com\/wp-content\/uploads\/2024\/05\/\u56fe\u72471-2-300x300.png 300w, https:\/\/www.xminsulation.com\/wp-content\/uploads\/2024\/05\/\u56fe\u72471-2-150x150.png 150w, https:\/\/www.xminsulation.com\/wp-content\/uploads\/2024\/05\/\u56fe\u72471-2-768x768.png 768w, https:\/\/www.xminsulation.com\/wp-content\/uploads\/2024\/05\/\u56fe\u72471-2-600x600.png 600w, https:\/\/www.xminsulation.com\/wp-content\/uploads\/2024\/05\/\u56fe\u72471-2-100x100.png 100w\" sizes=\"(max-width: 1000px) 100vw, 1000px\" \/> <img decoding=\"async\" class=\"alignnone wp-image-1955 size-full\" src=\"http:\/\/www.xminsulation.com\/wp-content\/uploads\/2024\/05\/\u56fe\u72472-4.png\" alt=\"\" width=\"1000\" height=\"1000\" srcset=\"https:\/\/www.xminsulation.com\/wp-content\/uploads\/2024\/05\/\u56fe\u72472-4.png 1000w, https:\/\/www.xminsulation.com\/wp-content\/uploads\/2024\/05\/\u56fe\u72472-4-300x300.png 300w, https:\/\/www.xminsulation.com\/wp-content\/uploads\/2024\/05\/\u56fe\u72472-4-150x150.png 150w, https:\/\/www.xminsulation.com\/wp-content\/uploads\/2024\/05\/\u56fe\u72472-4-768x768.png 768w, https:\/\/www.xminsulation.com\/wp-content\/uploads\/2024\/05\/\u56fe\u72472-4-600x600.png 600w, https:\/\/www.xminsulation.com\/wp-content\/uploads\/2024\/05\/\u56fe\u72472-4-100x100.png 100w\" sizes=\"(max-width: 1000px) 100vw, 1000px\" \/> <img decoding=\"async\" class=\"alignnone wp-image-1956 size-full\" src=\"http:\/\/www.xminsulation.com\/wp-content\/uploads\/2024\/05\/\u56fe\u72473-3.png\" alt=\"\" width=\"1000\" height=\"1000\" srcset=\"https:\/\/www.xminsulation.com\/wp-content\/uploads\/2024\/05\/\u56fe\u72473-3.png 1000w, https:\/\/www.xminsulation.com\/wp-content\/uploads\/2024\/05\/\u56fe\u72473-3-300x300.png 300w, https:\/\/www.xminsulation.com\/wp-content\/uploads\/2024\/05\/\u56fe\u72473-3-150x150.png 150w, https:\/\/www.xminsulation.com\/wp-content\/uploads\/2024\/05\/\u56fe\u72473-3-768x768.png 768w, https:\/\/www.xminsulation.com\/wp-content\/uploads\/2024\/05\/\u56fe\u72473-3-600x600.png 600w, https:\/\/www.xminsulation.com\/wp-content\/uploads\/2024\/05\/\u56fe\u72473-3-100x100.png 100w\" sizes=\"(max-width: 1000px) 100vw, 1000px\" \/><\/p>\n<h2><strong>Produktinformationen<\/strong><\/h2>\n<p>Die IE-24kV-Ringleitungseinheit mit fester Isolierung ist eine neue Generation umweltfreundlicher Ringleitungseinheiten mit Verbundisolierung, die von unserem Unternehmen unabh\u00e4ngig entwickelt wurden. Es handelt sich um eine vollst\u00e4ndig isolierte und vollst\u00e4ndig abgedichtete Stromversorgungseinheit. Alle stromf\u00fchrenden Teile und Schalter des Prim\u00e4rteils sind vollst\u00e4ndig in einer Epoxid-Kunststoffh\u00fclle abgedichtet, und die H\u00fclle enth\u00e4lt kein SF6-Gas. Die gesamte Schaltanlage wird nicht von der \u00e4u\u00dferen Umgebung beeinflusst, was Betriebszuverl\u00e4ssigkeit und Personensicherheit gew\u00e4hrleistet und wartungsfrei ist.<\/p>\n<p>Der im APG-Verfahren geformte, massiv abgedichtete Pol kapselt die stromf\u00fchrenden Leiter wie die Vakuumlichtbogenl\u00f6schkammer und die oberen und unteren Auslasssitze zu einem Ganzen ein. Der Trennschalter ist im Hohlraum des massiv abgedichteten Pols installiert, sodass die Hauptisolationsmethode zwischen den Phasen eine Massivisolierung ist. Das einphasig isolierte Sammelschienendesign vermeidet schwerwiegende Fehler wie Phase-zu-Phase und Erdung. Das skalierbare Sammelschienendesign erm\u00f6glicht eine unbegrenzte Erweiterung der Funktionseinheiten.<\/p>\n<p>Der Ringnetzwerkschrank zeichnet sich durch einfache Struktur, flexible Bedienung, zuverl\u00e4ssige Verriegelung und einfache Installation aus. Er ist f\u00fcr 50 Hz\/60 Hz, 12\/24 kV-Stromsysteme geeignet und wird h\u00e4ufig in industriellen und zivilen Kabelringnetzen und Verteilernetzterminalprojekten eingesetzt. Zum Empfang und zur Verteilung elektrischer Energie eignet er sich besonders f\u00fcr die Stromverteilung in st\u00e4dtischen Wohngebieten, kleinen Umspannwerken, Schaltstationen, Kabelabzweigk\u00e4sten, Umspannwerken in Kastenform, Industrie- und Bergbauunternehmen, Einkaufszentren, Flugh\u00e4fen, U-Bahnen, Windkraftanlagen, Krankenh\u00e4usern, Stadien, Eisenbahnen, Tunneln und anderen Orten.<\/p>\n<h2><strong><b>Funktionen und Features<\/b><\/strong><\/h2>\n<h3><strong><b>Umgebung <\/b><\/strong><strong><b>P<\/b><\/strong><strong><b>Schutz:<\/b><\/strong><\/h3>\n<p>Es ist aus umweltfreundlichen Materialien gefertigt, verwendet kein SF6-Gas als Lichtbogenl\u00f6schmittel und Isolierung und belastet die Umwelt nicht. Der Prim\u00e4rkreis verwendet ein minimales Kontaktdesign, um einen geringen Energieverbrauch w\u00e4hrend des Betriebs sicherzustellen.<\/p>\n<h3><strong><b>Wartung <\/b><\/strong><strong><b>F<\/b><\/strong><strong><b>ree:<\/b><\/strong><\/h3>\n<p>Die feststoffisolierte AC-Hochspannungs-Vakuum-Innenschaltanlage ist mit Ausnahme des Betriebsmechanismus vollst\u00e4ndig abgedichtet. Dadurch entfallen Reinigungs- und Wartungsarbeiten und die Betriebs- und Wartungskosten werden reduziert. Die IP-Schutzart kann bis zu IP65 reichen.<\/p>\n<h3><strong><b>S<\/b><\/strong><strong><b>Sicherheit:<\/b><\/strong><\/h3>\n<p>Da die ber\u00fchrbaren Teile abgeschirmt sind, wird das Auftreten von Stromschlagunf\u00e4llen vermieden und die Nutzungssicherheit verbessert. Das perfekte Verriegelungssystem, der dreiphasige Isolationsbruch ist deutlich sichtbar, wodurch Unf\u00e4lle durch Fehlbedienung vermieden werden. Die Anwendung von SF6-Gas wird vollst\u00e4ndig vermieden, wodurch Explosionsunf\u00e4lle vermieden werden, die durch die Abnahme der Isolationsleistung und der Lichtbogenl\u00f6schf\u00e4higkeit der SF6-Ringhaupteinheit aufgrund unzureichenden Gasdrucks verursacht werden. Verst\u00e4rken Sie die Phasenisolationsstruktur, um zu verhindern, dass sich Phasen- oder Mehrkreiskurzschl\u00fcsse ausbreiten oder Explosionsunf\u00e4lle verursachen. An der Vorderseite des Schranks befindet sich ein deutlich sichtbares Fenster f\u00fcr den Isolationsbruch. Sie k\u00f6nnen die Isolationsschlie\u00dfposition, die Isolationstrennposition und die Erdungsschlie\u00dfposition \u00fcberpr\u00fcfen. Die drei Arbeitspositionen sind f\u00fcr das Personal vor Ort bequem, um die Position des Isolationsmessers zu \u00fcberpr\u00fcfen und zu bestimmen, was sehr sicher ist.<\/p>\n<h3><strong><b>Einfache <\/b><\/strong><strong><b>O<\/b><\/strong><strong><b>Bedienung:<\/b><\/strong><\/h3>\n<p>Der Trennschalter und der Erdungsschalter haben einen gemeinsamen Bediengriff, sodass Sie keine Fehler erkennen oder sich dar\u00fcber Sorgen machen m\u00fcssen. Wenn der Leistungsschalter l\u00e4uft, k\u00f6nnen die Bediengriffe des Trennschalters und des Erdungsschalters nicht bedient werden. Die Betriebsverfahren sind auf einen Blick klar. Jeder mit ein wenig Elektrikerwissen kann sie ohne Bedarf bedienen. F\u00fchren Sie eine Schulung zu komplexen Fertigkeiten durch. Dies macht die Bedienung extrem einfach und schlie\u00dft Bedienungsfehler aus.<\/p>\n<p><img loading=\"lazy\" decoding=\"async\" class=\"alignnone wp-image-1957 size-full\" src=\"http:\/\/www.xminsulation.com\/wp-content\/uploads\/2024\/05\/\u56fe\u72474-3.png\" alt=\"\" width=\"1500\" height=\"1520\" srcset=\"https:\/\/www.xminsulation.com\/wp-content\/uploads\/2024\/05\/\u56fe\u72474-3.png 1500w, https:\/\/www.xminsulation.com\/wp-content\/uploads\/2024\/05\/\u56fe\u72474-3-296x300.png 296w, https:\/\/www.xminsulation.com\/wp-content\/uploads\/2024\/05\/\u56fe\u72474-3-1011x1024.png 1011w, https:\/\/www.xminsulation.com\/wp-content\/uploads\/2024\/05\/\u56fe\u72474-3-768x778.png 768w, https:\/\/www.xminsulation.com\/wp-content\/uploads\/2024\/05\/\u56fe\u72474-3-600x608.png 600w, https:\/\/www.xminsulation.com\/wp-content\/uploads\/2024\/05\/\u56fe\u72474-3-100x100.png 100w\" sizes=\"(max-width: 1500px) 100vw, 1500px\" \/><\/p>\n<h2><strong><b>Verwenden <\/b><\/strong><strong><b>E<\/b><\/strong><strong><b>Umwelt <\/b><\/strong><strong><b>C<\/b><\/strong><strong><b>Konditionen<\/b><\/strong><\/h2>\n<ol>\n<li>Im Allgemeinen wird es unter normalen Innenraumbedingungen betrieben\/gewartet, in \u00dcbereinstimmung mit IEC 62271-1 und GB3906.<\/li>\n<li>Umgebungslufttemperatur: -40\u2103~+40\u2103.<\/li>\n<li>Relative Luftfeuchtigkeit: Der Tagesdurchschnittswert betr\u00e4gt nicht mehr als 951 TP3T und der Monatsdurchschnittswert nicht mehr als 901 TP3T.<\/li>\n<li>Die H\u00f6he sollte nicht gr\u00f6\u00dfer als 2500m sein.<\/li>\n<li>Die Umgebungsluft darf nicht wesentlich durch Staub, Wasserdampf, Salznebel, korrosive Gase oder brennbare Gase verschmutzt sein; der Au\u00dfentyp kann unter rauen Umgebungsbedingungen eingesetzt werden. Besonders geeignet f\u00fcr Anwendungen in Hochplateaus, an der K\u00fcste, im Hochgebirge, in Gebieten mit hoher Luftverschmutzung und anderen.<\/li>\n<li>Am Aufstellungsort treten keine starken Ersch\u00fctterungen auf und die Erdbebenintensit\u00e4t \u00fcberschreitet 8 Grad nicht.<\/li>\n<li>Wenn die oben genannten Nutzungsbedingungen die Nutzungsanforderungen nicht erf\u00fcllen k\u00f6nnen, muss der Benutzer mit dem Hersteller verhandeln.<\/li>\n<\/ol>\n<h2><strong><b>Produktgr\u00f6\u00dfe<\/b><\/strong><\/h2>\n<p><img loading=\"lazy\" decoding=\"async\" class=\"alignnone wp-image-1958 size-full\" src=\"http:\/\/www.xminsulation.com\/wp-content\/uploads\/2024\/05\/\u56fe\u72475-4.png\" alt=\"\" width=\"1625\" height=\"1161\" srcset=\"https:\/\/www.xminsulation.com\/wp-content\/uploads\/2024\/05\/\u56fe\u72475-4.png 1625w, https:\/\/www.xminsulation.com\/wp-content\/uploads\/2024\/05\/\u56fe\u72475-4-300x214.png 300w, https:\/\/www.xminsulation.com\/wp-content\/uploads\/2024\/05\/\u56fe\u72475-4-1024x732.png 1024w, https:\/\/www.xminsulation.com\/wp-content\/uploads\/2024\/05\/\u56fe\u72475-4-768x549.png 768w, https:\/\/www.xminsulation.com\/wp-content\/uploads\/2024\/05\/\u56fe\u72475-4-1536x1097.png 1536w, https:\/\/www.xminsulation.com\/wp-content\/uploads\/2024\/05\/\u56fe\u72475-4-600x429.png 600w\" sizes=\"(max-width: 1625px) 100vw, 1625px\" \/><\/p>\n<h2><strong><b>Bruchprinzip<\/b><\/strong><\/h2>\n<p><img loading=\"lazy\" decoding=\"async\" class=\"alignnone wp-image-1959 size-full\" src=\"http:\/\/www.xminsulation.com\/wp-content\/uploads\/2024\/05\/\u56fe\u72476-3.png\" alt=\"\" width=\"1000\" height=\"1322\" srcset=\"https:\/\/www.xminsulation.com\/wp-content\/uploads\/2024\/05\/\u56fe\u72476-3.png 1000w, https:\/\/www.xminsulation.com\/wp-content\/uploads\/2024\/05\/\u56fe\u72476-3-227x300.png 227w, https:\/\/www.xminsulation.com\/wp-content\/uploads\/2024\/05\/\u56fe\u72476-3-775x1024.png 775w, https:\/\/www.xminsulation.com\/wp-content\/uploads\/2024\/05\/\u56fe\u72476-3-768x1015.png 768w, https:\/\/www.xminsulation.com\/wp-content\/uploads\/2024\/05\/\u56fe\u72476-3-600x793.png 600w\" sizes=\"(max-width: 1000px) 100vw, 1000px\" \/> <img loading=\"lazy\" decoding=\"async\" class=\"alignnone wp-image-1960 size-full\" src=\"http:\/\/www.xminsulation.com\/wp-content\/uploads\/2024\/05\/\u56fe\u72477-3.png\" alt=\"\" width=\"667\" height=\"696\" srcset=\"https:\/\/www.xminsulation.com\/wp-content\/uploads\/2024\/05\/\u56fe\u72477-3.png 667w, https:\/\/www.xminsulation.com\/wp-content\/uploads\/2024\/05\/\u56fe\u72477-3-288x300.png 288w, https:\/\/www.xminsulation.com\/wp-content\/uploads\/2024\/05\/\u56fe\u72477-3-600x626.png 600w\" sizes=\"(max-width: 667px) 100vw, 667px\" \/><\/p>\n<h2><strong><b>Strukturdiagramm<\/b><\/strong><\/h2>\n<p><img loading=\"lazy\" decoding=\"async\" class=\"alignnone wp-image-1961 size-full\" src=\"http:\/\/www.xminsulation.com\/wp-content\/uploads\/2024\/05\/\u56fe\u72478-3.png\" alt=\"\" width=\"850\" height=\"1262\" srcset=\"https:\/\/www.xminsulation.com\/wp-content\/uploads\/2024\/05\/\u56fe\u72478-3.png 850w, https:\/\/www.xminsulation.com\/wp-content\/uploads\/2024\/05\/\u56fe\u72478-3-202x300.png 202w, https:\/\/www.xminsulation.com\/wp-content\/uploads\/2024\/05\/\u56fe\u72478-3-690x1024.png 690w, https:\/\/www.xminsulation.com\/wp-content\/uploads\/2024\/05\/\u56fe\u72478-3-768x1140.png 768w, https:\/\/www.xminsulation.com\/wp-content\/uploads\/2024\/05\/\u56fe\u72478-3-600x891.png 600w\" sizes=\"(max-width: 850px) 100vw, 850px\" \/><\/p>\n<p>1. LED-Taste. LED-Taste.<br \/>\n2, \u77ed\u8def\u548c\u6545\u969c\u6307\u793a.Kurzschluss- und Erdschlussanzeige.<br \/>\n3. Live-Anzeige.<br \/>\n4. Lade\u00f6ffnung f\u00fcr den Leistungsschalter.<br \/>\n5, \u65ad\u8def\u5668\u5206\u95f8\u6309\u94ae. Knopf zum \u00d6ffnen des Leistungsschalters.<br \/>\n6,\u65ad\u8def\u5668\u50a8\u80fd\u6307\u793a.Ladeanzeige f\u00fcr Leistungsschalter.<br \/>\n7, \u65ad\u8def\u5668\u5408\u95f8\u6309\u94ae. Schaltknopf zum Schlie\u00dfen des Leistungsschalters.<br \/>\n8, \u63a5\u5730\u5f00\u5173\u7535\u78c1\u9501.Erdungsschalter elektromagnetische Verriegelung.<br \/>\n9,\u9694\u79bb\u5f00\u5173\u7a0b\u5e8f\u9501.Trennschalter-Programmsperre.<br \/>\n10. Erdungsschalter-Bedienloch.<br \/>\n11,\u9694\u79bb\u5f00\u5173\u64cd\u4f5c\u5b54.Bet\u00e4tigungsloch des Trennschalters.<br \/>\n12,\u89c2\u5bdf\u7a97.Sichtfenster.<br \/>\n13, \u7535\u7f06\u5ba4\u89c2\u5bdf\u7a97.Kabelfach-Sichtfenster.<br \/>\n14-Zoll-Kabelfach.<\/p>\n<p><img loading=\"lazy\" decoding=\"async\" class=\"alignnone wp-image-1962 size-full\" src=\"http:\/\/www.xminsulation.com\/wp-content\/uploads\/2024\/05\/\u56fe\u72479-3.png\" alt=\"\" width=\"1580\" height=\"1608\" srcset=\"https:\/\/www.xminsulation.com\/wp-content\/uploads\/2024\/05\/\u56fe\u72479-3.png 1580w, https:\/\/www.xminsulation.com\/wp-content\/uploads\/2024\/05\/\u56fe\u72479-3-295x300.png 295w, https:\/\/www.xminsulation.com\/wp-content\/uploads\/2024\/05\/\u56fe\u72479-3-1006x1024.png 1006w, https:\/\/www.xminsulation.com\/wp-content\/uploads\/2024\/05\/\u56fe\u72479-3-768x782.png 768w, https:\/\/www.xminsulation.com\/wp-content\/uploads\/2024\/05\/\u56fe\u72479-3-1509x1536.png 1509w, https:\/\/www.xminsulation.com\/wp-content\/uploads\/2024\/05\/\u56fe\u72479-3-600x611.png 600w\" sizes=\"(max-width: 1580px) 100vw, 1580px\" \/><\/p>\n<h2><strong><b>Schaltanlagenanzeige<\/b><\/strong><\/h2>\n<h3><strong><b>V: Vakuum <\/b><\/strong><strong><b>Leistungsschalter<\/b><\/strong><strong><b>\u00a0Kabinett<\/b><\/strong><\/h3>\n<p><img loading=\"lazy\" decoding=\"async\" class=\"alignnone wp-image-1963 size-full\" src=\"http:\/\/www.xminsulation.com\/wp-content\/uploads\/2024\/05\/\u56fe\u724710-3.png\" alt=\"\" width=\"918\" height=\"1574\" srcset=\"https:\/\/www.xminsulation.com\/wp-content\/uploads\/2024\/05\/\u56fe\u724710-3.png 918w, https:\/\/www.xminsulation.com\/wp-content\/uploads\/2024\/05\/\u56fe\u724710-3-175x300.png 175w, https:\/\/www.xminsulation.com\/wp-content\/uploads\/2024\/05\/\u56fe\u724710-3-597x1024.png 597w, https:\/\/www.xminsulation.com\/wp-content\/uploads\/2024\/05\/\u56fe\u724710-3-768x1317.png 768w, https:\/\/www.xminsulation.com\/wp-content\/uploads\/2024\/05\/\u56fe\u724710-3-896x1536.png 896w, https:\/\/www.xminsulation.com\/wp-content\/uploads\/2024\/05\/\u56fe\u724710-3-600x1029.png 600w\" sizes=\"(max-width: 918px) 100vw, 918px\" \/><\/p>\n<h3><strong><b>C: <\/b><\/strong><strong><b>Laden <\/b><\/strong><strong><b>Brechen <\/b><\/strong><strong><b>Schalten<\/b><\/strong><strong><b>\u00a0Kabinett<\/b><\/strong><\/h3>\n<p><img loading=\"lazy\" decoding=\"async\" class=\"alignnone wp-image-1964 size-full\" src=\"http:\/\/www.xminsulation.com\/wp-content\/uploads\/2024\/05\/\u56fe\u724711-3.png\" alt=\"\" width=\"918\" height=\"1574\" srcset=\"https:\/\/www.xminsulation.com\/wp-content\/uploads\/2024\/05\/\u56fe\u724711-3.png 918w, https:\/\/www.xminsulation.com\/wp-content\/uploads\/2024\/05\/\u56fe\u724711-3-175x300.png 175w, https:\/\/www.xminsulation.com\/wp-content\/uploads\/2024\/05\/\u56fe\u724711-3-597x1024.png 597w, https:\/\/www.xminsulation.com\/wp-content\/uploads\/2024\/05\/\u56fe\u724711-3-768x1317.png 768w, https:\/\/www.xminsulation.com\/wp-content\/uploads\/2024\/05\/\u56fe\u724711-3-896x1536.png 896w, https:\/\/www.xminsulation.com\/wp-content\/uploads\/2024\/05\/\u56fe\u724711-3-600x1029.png 600w\" sizes=\"(max-width: 918px) 100vw, 918px\" \/><\/p>\n<h3><strong><b>D<\/b><\/strong><strong><b>: <\/b><\/strong><strong><b>Direktkabel<\/b><\/strong><strong><b>\u00a0Anschlussschrank<\/b><\/strong><\/h3>\n<p><img loading=\"lazy\" decoding=\"async\" class=\"alignnone wp-image-1967 size-full\" src=\"http:\/\/www.xminsulation.com\/wp-content\/uploads\/2024\/05\/\u56fe\u724712-3.png\" alt=\"\" width=\"751\" height=\"1314\" srcset=\"https:\/\/www.xminsulation.com\/wp-content\/uploads\/2024\/05\/\u56fe\u724712-3.png 751w, https:\/\/www.xminsulation.com\/wp-content\/uploads\/2024\/05\/\u56fe\u724712-3-171x300.png 171w, https:\/\/www.xminsulation.com\/wp-content\/uploads\/2024\/05\/\u56fe\u724712-3-585x1024.png 585w, https:\/\/www.xminsulation.com\/wp-content\/uploads\/2024\/05\/\u56fe\u724712-3-600x1050.png 600w\" sizes=\"(max-width: 751px) 100vw, 751px\" \/><\/p>\n<h3><strong><b>Trennschalter + Spannungswandler<\/b><\/strong><strong><b>\u00a0Kabinett<\/b><\/strong><\/h3>\n<p><img loading=\"lazy\" decoding=\"async\" class=\"alignnone wp-image-1968 size-full\" src=\"http:\/\/www.xminsulation.com\/wp-content\/uploads\/2024\/05\/\u56fe\u724713-3.png\" alt=\"\" width=\"790\" height=\"1258\" srcset=\"https:\/\/www.xminsulation.com\/wp-content\/uploads\/2024\/05\/\u56fe\u724713-3.png 790w, https:\/\/www.xminsulation.com\/wp-content\/uploads\/2024\/05\/\u56fe\u724713-3-188x300.png 188w, https:\/\/www.xminsulation.com\/wp-content\/uploads\/2024\/05\/\u56fe\u724713-3-643x1024.png 643w, https:\/\/www.xminsulation.com\/wp-content\/uploads\/2024\/05\/\u56fe\u724713-3-768x1223.png 768w, https:\/\/www.xminsulation.com\/wp-content\/uploads\/2024\/05\/\u56fe\u724713-3-600x955.png 600w\" sizes=\"(max-width: 790px) 100vw, 790px\" \/><\/p>\n<h3><strong><b>Mich<\/b><\/strong><strong><b>: <\/b><\/strong><strong><b>Hochspannungsmessung<\/b><\/strong><strong><b>\u00a0Kabinett<\/b><\/strong><\/h3>\n<p><img loading=\"lazy\" decoding=\"async\" class=\"alignnone wp-image-1969 size-full\" src=\"http:\/\/www.xminsulation.com\/wp-content\/uploads\/2024\/05\/\u56fe\u724714-2.png\" alt=\"\" width=\"828\" height=\"1281\" srcset=\"https:\/\/www.xminsulation.com\/wp-content\/uploads\/2024\/05\/\u56fe\u724714-2.png 828w, https:\/\/www.xminsulation.com\/wp-content\/uploads\/2024\/05\/\u56fe\u724714-2-194x300.png 194w, https:\/\/www.xminsulation.com\/wp-content\/uploads\/2024\/05\/\u56fe\u724714-2-662x1024.png 662w, https:\/\/www.xminsulation.com\/wp-content\/uploads\/2024\/05\/\u56fe\u724714-2-768x1188.png 768w, https:\/\/www.xminsulation.com\/wp-content\/uploads\/2024\/05\/\u56fe\u724714-2-600x928.png 600w\" sizes=\"(max-width: 828px) 100vw, 828px\" \/><\/p>\n<h3><strong><b>SV<\/b><\/strong><strong><b>: <\/b><\/strong><strong><b>CL Sammelschienen-Trennverteiler<\/b><\/strong><strong><b>\u00a0Kabinett<\/b><\/strong><\/h3>\n<p><img loading=\"lazy\" decoding=\"async\" class=\"alignnone wp-image-1970 size-full\" src=\"http:\/\/www.xminsulation.com\/wp-content\/uploads\/2024\/05\/\u56fe\u724715-2.png\" alt=\"\" width=\"779\" height=\"1284\" srcset=\"https:\/\/www.xminsulation.com\/wp-content\/uploads\/2024\/05\/\u56fe\u724715-2.png 779w, https:\/\/www.xminsulation.com\/wp-content\/uploads\/2024\/05\/\u56fe\u724715-2-182x300.png 182w, https:\/\/www.xminsulation.com\/wp-content\/uploads\/2024\/05\/\u56fe\u724715-2-621x1024.png 621w, https:\/\/www.xminsulation.com\/wp-content\/uploads\/2024\/05\/\u56fe\u724715-2-768x1266.png 768w, https:\/\/www.xminsulation.com\/wp-content\/uploads\/2024\/05\/\u56fe\u724715-2-600x989.png 600w\" sizes=\"(max-width: 779px) 100vw, 779px\" \/><\/p>\n<h2><strong><b>Schematische Darstellung der Schrankkombination<\/b><\/strong><\/h2>\n<p><img loading=\"lazy\" decoding=\"async\" class=\"alignnone wp-image-1971 size-full\" src=\"http:\/\/www.xminsulation.com\/wp-content\/uploads\/2024\/05\/\u56fe\u724716-2.png\" alt=\"\" width=\"1055\" height=\"679\" srcset=\"https:\/\/www.xminsulation.com\/wp-content\/uploads\/2024\/05\/\u56fe\u724716-2.png 1055w, https:\/\/www.xminsulation.com\/wp-content\/uploads\/2024\/05\/\u56fe\u724716-2-300x193.png 300w, https:\/\/www.xminsulation.com\/wp-content\/uploads\/2024\/05\/\u56fe\u724716-2-1024x659.png 1024w, https:\/\/www.xminsulation.com\/wp-content\/uploads\/2024\/05\/\u56fe\u724716-2-768x494.png 768w, https:\/\/www.xminsulation.com\/wp-content\/uploads\/2024\/05\/\u56fe\u724716-2-600x386.png 600w\" sizes=\"(max-width: 1055px) 100vw, 1055px\" \/> <img loading=\"lazy\" decoding=\"async\" class=\"alignnone wp-image-1972 size-full\" src=\"http:\/\/www.xminsulation.com\/wp-content\/uploads\/2024\/05\/\u56fe\u724717-2.png\" alt=\"\" width=\"857\" height=\"787\" srcset=\"https:\/\/www.xminsulation.com\/wp-content\/uploads\/2024\/05\/\u56fe\u724717-2.png 857w, https:\/\/www.xminsulation.com\/wp-content\/uploads\/2024\/05\/\u56fe\u724717-2-300x275.png 300w, https:\/\/www.xminsulation.com\/wp-content\/uploads\/2024\/05\/\u56fe\u724717-2-768x705.png 768w, https:\/\/www.xminsulation.com\/wp-content\/uploads\/2024\/05\/\u56fe\u724717-2-600x551.png 600w\" sizes=\"(max-width: 857px) 100vw, 857px\" \/> <img loading=\"lazy\" decoding=\"async\" class=\"alignnone wp-image-1973 size-full\" src=\"http:\/\/www.xminsulation.com\/wp-content\/uploads\/2024\/05\/\u56fe\u724718-2.png\" alt=\"\" width=\"1678\" height=\"2092\" srcset=\"https:\/\/www.xminsulation.com\/wp-content\/uploads\/2024\/05\/\u56fe\u724718-2.png 1678w, https:\/\/www.xminsulation.com\/wp-content\/uploads\/2024\/05\/\u56fe\u724718-2-241x300.png 241w, https:\/\/www.xminsulation.com\/wp-content\/uploads\/2024\/05\/\u56fe\u724718-2-821x1024.png 821w, https:\/\/www.xminsulation.com\/wp-content\/uploads\/2024\/05\/\u56fe\u724718-2-768x957.png 768w, https:\/\/www.xminsulation.com\/wp-content\/uploads\/2024\/05\/\u56fe\u724718-2-1232x1536.png 1232w, https:\/\/www.xminsulation.com\/wp-content\/uploads\/2024\/05\/\u56fe\u724718-2-1643x2048.png 1643w, https:\/\/www.xminsulation.com\/wp-content\/uploads\/2024\/05\/\u56fe\u724718-2-600x748.png 600w\" sizes=\"(max-width: 1678px) 100vw, 1678px\" \/><\/p>\n<h2 class=\"wxts\">\u25c6Spezielle Anpassung<\/h2>\n<p>Die oben genannten Parameter sind typische Daten. Wenn die vorhandenen Stile nicht Ihren speziellen Anforderungen entsprechen, kontaktieren Sie uns bitte f\u00fcr ein individuelles Design. Wir verf\u00fcgen \u00fcber bedeutende F\u00e4higkeiten in der Entwicklung und Produktion individueller Anpassungen, sodass wir Kunden auf der ganzen Welt ma\u00dfgeschneiderte L\u00f6sungen bieten k\u00f6nnen.<\/p>\n<p>&nbsp;<\/p>\n<p>&nbsp;<\/p>","protected":false},"excerpt":{"rendered":"<p>Product Information IE-24kV solid insulated ring main unit is a new generation of environmentally friendly composite insulated ring main unit independently developed by our company. It is a fully insulated and fully sealed power supply unit. All live parts and switches of the primary part are completely sealed in an epoxy plastic shell, and there [&hellip;]<\/p>","protected":false},"featured_media":1953,"template":"","meta":{"site-sidebar-layout":"default","site-content-layout":"","ast-site-content-layout":"default","site-content-style":"default","site-sidebar-style":"default","ast-global-header-display":"","ast-banner-title-visibility":"","ast-main-header-display":"","ast-hfb-above-header-display":"","ast-hfb-below-header-display":"","ast-hfb-mobile-header-display":"","site-post-title":"","ast-breadcrumbs-content":"","ast-featured-img":"","footer-sml-layout":"","theme-transparent-header-meta":"default","adv-header-id-meta":"","stick-header-meta":"","header-above-stick-meta":"","header-main-stick-meta":"","header-below-stick-meta":"","astra-migrate-meta-layouts":"set","ast-page-background-enabled":"default","ast-page-background-meta":{"desktop":{"background-color":"","background-image":"","background-repeat":"repeat","background-position":"center center","background-size":"auto","background-attachment":"scroll","background-type":"","background-media":"","overlay-type":"","overlay-color":"","overlay-gradient":""},"tablet":{"background-color":"","background-image":"","background-repeat":"repeat","background-position":"center center","background-size":"auto","background-attachment":"scroll","background-type":"","background-media":"","overlay-type":"","overlay-color":"","overlay-gradient":""},"mobile":{"background-color":"","background-image":"","background-repeat":"repeat","background-position":"center center","background-size":"auto","background-attachment":"scroll","background-type":"","background-media":"","overlay-type":"","overlay-color":"","overlay-gradient":""}},"ast-content-background-meta":{"desktop":{"background-color":"var(--ast-global-color-5)","background-image":"","background-repeat":"repeat","background-position":"center center","background-size":"auto","background-attachment":"scroll","background-type":"","background-media":"","overlay-type":"","overlay-color":"","overlay-gradient":""},"tablet":{"background-color":"var(--ast-global-color-5)","background-image":"","background-repeat":"repeat","background-position":"center center","background-size":"auto","background-attachment":"scroll","background-type":"","background-media":"","overlay-type":"","overlay-color":"","overlay-gradient":""},"mobile":{"background-color":"var(--ast-global-color-5)","background-image":"","background-repeat":"repeat","background-position":"center center","background-size":"auto","background-attachment":"scroll","background-type":"","background-media":"","overlay-type":"","overlay-color":"","overlay-gradient":""}}},"product_cat":[30],"product_tag":[],"class_list":{"0":"post-1952","1":"product","2":"type-product","3":"status-publish","4":"has-post-thumbnail","6":"product_cat-10-24kv-solid-insulated-vacuum-circuit-breaker-sf6-free","7":"desktop-align-left","8":"tablet-align-left","9":"mobile-align-left","11":"first","12":"instock","13":"shipping-taxable","14":"product-type-simple"},"_links":{"self":[{"href":"https:\/\/www.xminsulation.com\/de\/wp-json\/wp\/v2\/product\/1952","targetHints":{"allow":["GET"]}}],"collection":[{"href":"https:\/\/www.xminsulation.com\/de\/wp-json\/wp\/v2\/product"}],"about":[{"href":"https:\/\/www.xminsulation.com\/de\/wp-json\/wp\/v2\/types\/product"}],"wp:featuredmedia":[{"embeddable":true,"href":"https:\/\/www.xminsulation.com\/de\/wp-json\/wp\/v2\/media\/1953"}],"wp:attachment":[{"href":"https:\/\/www.xminsulation.com\/de\/wp-json\/wp\/v2\/media?parent=1952"}],"wp:term":[{"taxonomy":"product_cat","embeddable":true,"href":"https:\/\/www.xminsulation.com\/de\/wp-json\/wp\/v2\/product_cat?post=1952"},{"taxonomy":"product_tag","embeddable":true,"href":"https:\/\/www.xminsulation.com\/de\/wp-json\/wp\/v2\/product_tag?post=1952"}],"curies":[{"name":"wp","href":"https:\/\/api.w.org\/{rel}","templated":true}]}}