{"id":1626,"date":"2024-05-07T20:03:14","date_gmt":"2024-05-07T12:03:14","guid":{"rendered":"http:\/\/www.xminsulation.com\/?post_type=product&#038;p=1626"},"modified":"2024-05-15T15:48:05","modified_gmt":"2024-05-15T07:48:05","slug":"qjt-12-24-630a-shielded-fore-connector","status":"publish","type":"product","link":"https:\/\/www.xminsulation.com\/de\/product\/qjt-12-24-630a-shielded-fore-connector\/","title":{"rendered":"QJT 12\/24-630A Geschirmter Vorderstecker"},"content":{"rendered":"<p><img fetchpriority=\"high\" decoding=\"async\" class=\"alignnone wp-image-1628 size-full\" src=\"http:\/\/www.xminsulation.com\/wp-content\/uploads\/2024\/05\/\u56fe\u7247352-1.jpg\" alt=\"\" width=\"535\" height=\"535\" srcset=\"https:\/\/www.xminsulation.com\/wp-content\/uploads\/2024\/05\/\u56fe\u7247352-1.jpg 535w, https:\/\/www.xminsulation.com\/wp-content\/uploads\/2024\/05\/\u56fe\u7247352-1-300x300.jpg 300w, https:\/\/www.xminsulation.com\/wp-content\/uploads\/2024\/05\/\u56fe\u7247352-1-150x150.jpg 150w, https:\/\/www.xminsulation.com\/wp-content\/uploads\/2024\/05\/\u56fe\u7247352-1-100x100.jpg 100w\" sizes=\"(max-width: 535px) 100vw, 535px\" \/><\/p>\n<h2><strong><b>Anwendung<\/b><\/strong><\/h2>\n<p>1. Zum Anschluss von Polymerkabeln an Transformatoren, Schaltanlagen, Motoren und andere Ger\u00e4te mit einem vorgeformten, trennbaren Stecker.<\/p>\n<p>2. F\u00fcr Innen- und Au\u00dfeninstallationen.<\/p>\n<p>3. Systemspannung bis zu 24 kV.<\/p>\n<p>4. Dauerstrom 630 A (900 A \u00dcberlast f\u00fcr 8 Stunden).<\/p>\n<p>5, Kabeldetails:<\/p>\n<p>a, Polymerkabel (XLPE, EPR usw.).<\/p>\n<p>b, Kupfer- oder Aluminiumleiter.<\/p>\n<p>c. Halbleiter- oder Metallschirme.<\/p>\n<p>d, Leitergr\u00f6\u00dfe 12 kV 25\u2013120 mm, 24 kV 25\u2013400 mm.<\/p>\n<h2><strong><b>Merkmale<\/b><\/strong><\/h2>\n<p>1. Bietet eine vollst\u00e4ndig abgeschirmte und vollst\u00e4ndig tauchf\u00e4hige trennbare Verbindung, wenn sie mit der richtigen Buchse oder dem richtigen Stecker verbunden wird.<\/p>\n<p>2. Kann unter den gegebenen Umst\u00e4nden verwendet werden.<\/p>\n<p>3. Eingebauter kapazitiver Testpunkt zur Bestimmung des Schaltungsstatus oder der Installationsfehleranzeige.<\/p>\n<p>4. Keine Mindestanforderungen an den Phasenabstand.<\/p>\n<p>5. Die Montage kann vertikal, horizontal oder in jedem beliebigen Winkel dazwischen erfolgen.<\/p>\n<h2><strong><b>Installation<\/b><\/strong><\/h2>\n<p>1, ohne Spezialwerkzeug.<\/p>\n<p>2. Wenn die Installation des Winkelsteckers abgeschlossen ist, kann die Stromversorgung direkt erfolgen.<\/p>\n<p>3. Gem\u00e4\u00df der Installationsanleitung.<\/p>\n<p>4. Bei weiteren Sonderanforderungen wenden Sie sich bitte an unseren Vertriebsingenieur.<\/p>\n<p><img decoding=\"async\" class=\"alignnone wp-image-1629 size-full\" src=\"http:\/\/www.xminsulation.com\/wp-content\/uploads\/2024\/05\/\u56fe\u7247353.png\" alt=\"\" width=\"360\" height=\"651\" srcset=\"https:\/\/www.xminsulation.com\/wp-content\/uploads\/2024\/05\/\u56fe\u7247353.png 360w, https:\/\/www.xminsulation.com\/wp-content\/uploads\/2024\/05\/\u56fe\u7247353-166x300.png 166w\" sizes=\"(max-width: 360px) 100vw, 360px\" \/> <img decoding=\"async\" class=\"alignnone wp-image-1630 size-full\" src=\"http:\/\/www.xminsulation.com\/wp-content\/uploads\/2024\/05\/\u56fe\u7247354.png\" alt=\"\" width=\"238\" height=\"584\" srcset=\"https:\/\/www.xminsulation.com\/wp-content\/uploads\/2024\/05\/\u56fe\u7247354.png 238w, https:\/\/www.xminsulation.com\/wp-content\/uploads\/2024\/05\/\u56fe\u7247354-122x300.png 122w\" sizes=\"(max-width: 238px) 100vw, 238px\" \/><\/p>\n<h2><strong><b>Produktstruktur<\/b><\/strong><\/h2>\n<ol>\n<li>ZWEIKOPFSCHRAUBE: Um einen guten Kontakt mit der Ger\u00e4tebuchse sicherzustellen.<\/li>\n<li>ISOLIERUNG: Geformter EPDM-Isoliergummi wird im eigenen Haus formuliert und gemischt, um hohe Qualit\u00e4t sicherzustellen.<\/li>\n<li>ISOLIERSTOPFEN: Der geformte Epoxid-Isolierstopfen bietet hervorragende elektrische, thermische und mechanische Zuverl\u00e4ssigkeit.<\/li>\n<li>HALBLEITENDER EINSATZ: Geformter EPDM-leitf\u00e4higer Gummischirm kontrolliert die elektrische Spannung.<\/li>\n<li>ZUGENTLASTUNG: Die Konfiguration des Au\u00dfenschirms und des Kabeladapters sorgt f\u00fcr eine Zugentlastung des Kabels.<\/li>\n<li>ERDUNGS\u00d6SE: In den Au\u00dfenschirm eingegossen zum Anschluss eines Erdungskabels.<\/li>\n<li>HALBLEITENDER ABSCHIRM: Geformter EPDM-Leitgummi verbindet sich mit dem Kabelschirm, um den Schirm zu erhalten<\/li>\n<\/ol>\n<p>\u00dcberpr\u00fcfen Sie die Kontinuit\u00e4t und stellen Sie sicher, dass die Baugruppe auf Erdpotential liegt.<\/p>\n<ol start=\"8\">\n<li>LEITERKABELSCHUH: Der Aluminium-Kompressionsstecker ist so dimensioniert, dass er einen k\u00fchl laufenden Stecker mit maximaler<\/li>\n<\/ol>\n<p>Strom\u00fcbertragung.<\/p>\n<p><img loading=\"lazy\" decoding=\"async\" class=\"alignnone wp-image-1631 size-full\" src=\"http:\/\/www.xminsulation.com\/wp-content\/uploads\/2024\/05\/\u56fe\u7247355.png\" alt=\"\" width=\"1142\" height=\"570\" srcset=\"https:\/\/www.xminsulation.com\/wp-content\/uploads\/2024\/05\/\u56fe\u7247355.png 1142w, https:\/\/www.xminsulation.com\/wp-content\/uploads\/2024\/05\/\u56fe\u7247355-300x150.png 300w, https:\/\/www.xminsulation.com\/wp-content\/uploads\/2024\/05\/\u56fe\u7247355-1024x511.png 1024w, https:\/\/www.xminsulation.com\/wp-content\/uploads\/2024\/05\/\u56fe\u7247355-768x383.png 768w, https:\/\/www.xminsulation.com\/wp-content\/uploads\/2024\/05\/\u56fe\u7247355-600x299.png 600w\" sizes=\"(max-width: 1142px) 100vw, 1142px\" \/> <img loading=\"lazy\" decoding=\"async\" class=\"alignnone wp-image-1632 size-full\" src=\"http:\/\/www.xminsulation.com\/wp-content\/uploads\/2024\/05\/\u56fe\u7247356.png\" alt=\"\" width=\"1166\" height=\"616\" srcset=\"https:\/\/www.xminsulation.com\/wp-content\/uploads\/2024\/05\/\u56fe\u7247356.png 1166w, https:\/\/www.xminsulation.com\/wp-content\/uploads\/2024\/05\/\u56fe\u7247356-300x158.png 300w, https:\/\/www.xminsulation.com\/wp-content\/uploads\/2024\/05\/\u56fe\u7247356-1024x541.png 1024w, https:\/\/www.xminsulation.com\/wp-content\/uploads\/2024\/05\/\u56fe\u7247356-768x406.png 768w, https:\/\/www.xminsulation.com\/wp-content\/uploads\/2024\/05\/\u56fe\u7247356-600x317.png 600w\" sizes=\"(max-width: 1166px) 100vw, 1166px\" \/><\/p>\n<h2><strong><b>europ\u00e4isch <\/b><\/strong><strong><b>T<\/b><\/strong><strong><b>ber\u00fchrbar <\/b><\/strong><strong><b>S<\/b><\/strong><strong><b>Serien <\/b><\/strong><strong><b>C<\/b><\/strong><strong><b>f\u00e4hig <\/b><\/strong><strong><b>C<\/b><\/strong><strong><b>Stecker <\/b><\/strong><strong><b>ICH<\/b><\/strong><strong><b>Installation <\/b><\/strong><strong><b>ICH<\/b><\/strong><strong><b>Anleitung<\/b><\/strong><\/h2>\n<p><strong><b> <img loading=\"lazy\" decoding=\"async\" class=\"alignnone wp-image-1633 size-full\" src=\"http:\/\/www.xminsulation.com\/wp-content\/uploads\/2024\/05\/\u56fe\u7247357.png\" alt=\"\" width=\"796\" height=\"576\" srcset=\"https:\/\/www.xminsulation.com\/wp-content\/uploads\/2024\/05\/\u56fe\u7247357.png 796w, https:\/\/www.xminsulation.com\/wp-content\/uploads\/2024\/05\/\u56fe\u7247357-300x217.png 300w, https:\/\/www.xminsulation.com\/wp-content\/uploads\/2024\/05\/\u56fe\u7247357-768x556.png 768w, https:\/\/www.xminsulation.com\/wp-content\/uploads\/2024\/05\/\u56fe\u7247357-600x434.png 600w\" sizes=\"(max-width: 796px) 100vw, 796px\" \/><\/b><\/strong><\/p>\n<h2><strong><b>P<\/b><\/strong><strong><b>Produkt <\/b><\/strong><strong><b>D<\/b><\/strong><strong><b>Beschreibung<\/b><\/strong><\/h2>\n<p>Diese Kabelmuffenserie ist eine ber\u00fchrbare Kabelmuffe im europ\u00e4ischen Stil, die vollst\u00e4ndig isoliert, geschirmt und wasserdicht ist. Das Material besteht aus importiertem Silikonkautschuk und wird im international fortschrittlichen Dreischicht-Verbundspritzgussverfahren hergestellt. Sie eignet sich f\u00fcr Ringkabelanlagen, Kabelabzweigk\u00e4sten und Umspannwerke in Kastenbauweise nach DIN 47636 und hat einen Nennstrom von 630 A. Sie kann an Spannungen bis 15 kV angeschlossen werden. Der Isolationsdurchmesser betr\u00e4gt 16\u201335 mm (25\u2013400 mm) XLPE-Kabel.<\/p>\n<p>Produktkomponenten des ber\u00fchrbaren Frontsteckers: ber\u00fchrbarer Frontsteckerk\u00f6rper, Spannungskonus, Crimpanschluss, Schnalle, Isolierstopfen, Endabdeckung, M16\/12-Reduzierschraube, Mutter, Unterlegscheibe, elastische Unterlegscheibe, Silikonschmierfett, Erdungskabel, Reinigungst\u00fccher.<\/p>\n<p>Produktkomponenten des ber\u00fchrbaren hinteren Anschlusses: ber\u00fchrbarer hinterer Anschlussk\u00f6rper, Spannungskonus, Crimp-Anschluss, Schnalle, leitf\u00e4higer Stab, M12-Schraube, Silikonschmierfett, Erdungskabel, Reinigungstuch. Produktkomponenten des r\u00fcckseitig angeschlossenen Ableiters: r\u00fcckseitig angeschlossener Ableiterk\u00f6rper, leitf\u00e4higer Stab, M12-Schraube, Silikonschmierfett, Erdungskabel, Reinigungstuch.<\/p>\n<p>Installationswerkzeuge: Steckschl\u00fcssel, verstellbarer Schraubenschl\u00fcssel.<\/p>\n<p><strong><b>ICH<\/b><\/strong><strong><b>Installation <\/b><\/strong><strong><b>S<\/b><\/strong><strong><b>Schritte<\/b><\/strong><\/p>\n<ol>\n<li>Phasentrennungsverarbeitung bei dreiadrigem Kabel:<\/li>\n<\/ol>\n<p>1.1. Verlegen Sie das Kabel senkrecht und f\u00fchren Sie die Phasentrennung 1,0\u20131,5 m vom Kabelanschluss entfernt durch. Schneiden Sie in diesem Abschnitt den Au\u00dfenmantel und den Stahlpanzerg\u00fcrtel ab. Ziehen Sie anschlie\u00dfend 30 mm des Au\u00dfenmantels nach unten ab, lassen Sie 10 mm des Innenmantels nach oben stehen und entfernen Sie den \u00fcbersch\u00fcssigen Innenmantel und das F\u00fcllmaterial. Achten Sie auf die getrennte Erdung von Kupferabschirmband und Stahlpanzer.<\/p>\n<ol start=\"2\">\n<li>Einzeladerkabelverarbeitung:\n<ul>\n<li>, Behandlung der Kupferabschirmung des Kabels: Legen Sie das Kabel vertikal hin, messen Sie von der Oberseite des Kabels 190 mm nach unten, ziehen Sie die \u00e4u\u00dfere Ummantelung und das Kupferabschirmband des Kabels ab und legen Sie die Kabelabschirmschicht frei.<\/li>\n<li>Kabelschirmung: Messen Sie 165 mm von der Kabeloberseite nach unten und ziehen Sie die Kabelschirmung vorsichtig ab. Achten Sie darauf, die Hauptisolationsschicht des Kabels beim Abziehen nicht zu besch\u00e4digen! Achten Sie dabei auf den \u00dcbergang zwischen Isolations- und Schirmschicht. Glatte Fasen sorgen f\u00fcr einen reibungslosen \u00dcbergang. Dieser Vorgang ist wichtig f\u00fcr den reibungslosen Betrieb des Kabels!<\/li>\n<li>, Behandlung der Kabelisolationsschicht: Messen Sie 52 mm von der Oberseite des Kabels nach unten, ziehen Sie die Kabelisolationsschicht ab und legen Sie den Kabelkern frei. Machen Sie dann etwa 3 mm von der Oberseite der Isolationsschicht entfernt eine glatte Fase, um Kratzer beim Installieren des Spannungskegels zu vermeiden.<\/li>\n<\/ul>\n<\/li>\n<\/ol>\n<p><img loading=\"lazy\" decoding=\"async\" class=\"alignnone wp-image-1634 size-full\" src=\"http:\/\/www.xminsulation.com\/wp-content\/uploads\/2024\/05\/\u56fe\u7247358.png\" alt=\"\" width=\"650\" height=\"667\" srcset=\"https:\/\/www.xminsulation.com\/wp-content\/uploads\/2024\/05\/\u56fe\u7247358.png 650w, https:\/\/www.xminsulation.com\/wp-content\/uploads\/2024\/05\/\u56fe\u7247358-292x300.png 292w, https:\/\/www.xminsulation.com\/wp-content\/uploads\/2024\/05\/\u56fe\u7247358-600x616.png 600w\" sizes=\"(max-width: 650px) 100vw, 650px\" \/><\/p>\n<p>&nbsp;<\/p>\n<ol start=\"3\">\n<li>Installieren Sie den Spannungskonus und die Crimp-Anschlussklemme:<\/li>\n<\/ol>\n<p>3.1. Installieren Sie die Schnalle: Wickeln Sie die Schnalle um das untere Ende der Kabelabschirmung, nahe an der Kupferabschirmung (dem oberen Ende des Isolierrohrs), und verriegeln Sie sie dann.<\/p>\n<p>Die Schnalle hat drei Farben: Rot, Gelb und Gr\u00fcn, die durch die Kabelphase getrennt sind.<\/p>\n<p>3.2. Installieren Sie den Spannungskegel: Reinigen Sie die Oberfl\u00e4che der Isolierschicht und die Innenfl\u00e4che des Spannungskegels und tragen Sie gleichm\u00e4\u00dfig Silikonfett auf. Setzen Sie dann den Spannungskegel vom Drahtkern aus ein und dr\u00fccken Sie ihn nach unten, bis die Unterseite flach an der Schnalle anliegt.<\/p>\n<p>Hinweis: Der Spannungskegel kann nicht verkehrt herum, also mit dem schwarzen Teil nach unten, eingestellt werden.<\/p>\n<p>3.3. Crimpkontakt montieren: F\u00fchren Sie den Crimpkontakt in die Ader ein und drehen Sie ihn, bis die Ebene des Kontaktkopfes parallel zur Stirnfl\u00e4che der H\u00fclse ist. Dr\u00fccken Sie den Kontakt vom Kontaktkopf aus entsprechend der Crimpmarkierung auf dem Kontakt nach unten. (Es wird empfohlen, etwas Druck auszu\u00fcben.) Nach dem Crimpen sollten die beim Crimpen entstandenen scharfen Kanten mit einer Feile gegl\u00e4ttet und gereinigt werden. Hinweis: Verwenden Sie Crimpkontakte mit den gleichen Spezifikationen wie die Kabel. Verwenden Sie Kupferkontakte f\u00fcr Kupferaderkabel und Kupfer-Aluminium-\u00dcbergangskontakte f\u00fcr Aluminiumaderkabel.<\/p>\n<p><img loading=\"lazy\" decoding=\"async\" class=\"alignnone wp-image-1635 size-full\" src=\"http:\/\/www.xminsulation.com\/wp-content\/uploads\/2024\/05\/\u56fe\u7247359.png\" alt=\"\" width=\"480\" height=\"391\" srcset=\"https:\/\/www.xminsulation.com\/wp-content\/uploads\/2024\/05\/\u56fe\u7247359.png 480w, https:\/\/www.xminsulation.com\/wp-content\/uploads\/2024\/05\/\u56fe\u7247359-300x244.png 300w\" sizes=\"(max-width: 480px) 100vw, 480px\" \/><\/p>\n<ol start=\"4\">\n<li>Installieren Sie den ber\u00fchrbaren Frontanschluss im europ\u00e4ischen Stil:<\/li>\n<\/ol>\n<p>4.1. \u00dcberpr\u00fcfen Sie das Gewindeloch des Ger\u00e4tegeh\u00e4uses (das Standardgewinde ist M16. Falls nicht, benachrichtigen Sie bitte rechtzeitig das Unternehmen, um entsprechende \u00c4nderungen vorzunehmen). Schrauben Sie die M16\/12-Reduzierschraube in das Gewindeloch des Geh\u00e4uses und ziehen Sie sie fest. Die Einschraubtiefe der Schraube in das Geh\u00e4use sollte mindestens 25 mm betragen.<\/p>\n<p>4.2. Reinigen Sie die Ger\u00e4teh\u00fclse, den Frontstecker, den Crimpanschluss, den Spannungskonus, den Isolierstopfen und die Endabdeckung und tragen Sie gleichm\u00e4\u00dfig Silikonfett auf die Au\u00dfenfl\u00e4che des Spannungskonus, die Innenfl\u00e4che des Frontsteckers, die Au\u00dfenfl\u00e4che der Ger\u00e4teh\u00fclse und die Au\u00dfenfl\u00e4che des Isolierstopfens auf.<\/p>\n<p>4.3. Stecken Sie das Kabel mit den gecrimpten Anschl\u00fcssen in den Frontstecker, bis sich die \u00d6ffnung im oberen Teil des Anschlusses in der Mitte des Frontsteckers befindet.<\/p>\n<p>4.4. Setzen Sie den Frontstecker in das Ger\u00e4tegeh\u00e4use ein, und die Reduzierschraube sollte durch das runde Loch der Crimpklemme gehen.<\/p>\n<p>4.5. Wenn Sie sp\u00e4ter einen hinteren Anschluss oder einen Blitzableiter installieren m\u00f6chten, fahren Sie bitte mit Installationsschritt 5 fort.<\/p>\n<p>4.6. Setzen Sie nacheinander die Unterlegscheibe, die Federscheibe und die Mutter auf die Schraube, ziehen Sie die Mutter mit einem Steckschl\u00fcssel fest, setzen Sie dann den Isolierstopfen auf und decken Sie die Endabdeckung ab.<\/p>\n<p>4.7 \u00dcberpr\u00fcfen Sie den festen Sitz des Erdungskabels am vorderen Anschlussgeh\u00e4use. Ist es locker, ziehen Sie es bitte fest. Stellen Sie am anderen Ende des Erdungskabels eine gute Verbindung zur Systemerdung her.<\/p>\n<p>4.8. \u00dcberpr\u00fcfen Sie alle Anschl\u00fcsse und stellen Sie sicher, dass sie richtig sitzen. Der ber\u00fchrbare Frontanschluss ist installiert.<\/p>\n<p><img loading=\"lazy\" decoding=\"async\" class=\"alignnone wp-image-1636 size-full\" src=\"http:\/\/www.xminsulation.com\/wp-content\/uploads\/2024\/05\/\u56fe\u7247360.png\" alt=\"\" width=\"1137\" height=\"2009\" srcset=\"https:\/\/www.xminsulation.com\/wp-content\/uploads\/2024\/05\/\u56fe\u7247360.png 1137w, https:\/\/www.xminsulation.com\/wp-content\/uploads\/2024\/05\/\u56fe\u7247360-170x300.png 170w, https:\/\/www.xminsulation.com\/wp-content\/uploads\/2024\/05\/\u56fe\u7247360-580x1024.png 580w, https:\/\/www.xminsulation.com\/wp-content\/uploads\/2024\/05\/\u56fe\u7247360-768x1357.png 768w, https:\/\/www.xminsulation.com\/wp-content\/uploads\/2024\/05\/\u56fe\u7247360-869x1536.png 869w, https:\/\/www.xminsulation.com\/wp-content\/uploads\/2024\/05\/\u56fe\u7247360-600x1060.png 600w\" sizes=\"(max-width: 1137px) 100vw, 1137px\" \/><\/p>\n<ol start=\"5\">\n<li>Ber\u00fchrbaren hinteren Anschluss installieren:<\/li>\n<\/ol>\n<p>5.1. Ziehen Sie den leitf\u00e4higen Stab mit einem Schraubenschl\u00fcssel an der Schraube im vorderen Gelenk fest, um sicherzustellen, dass der leitf\u00e4hige Stab guten Kontakt mit der Crimp-Klemme des vorderen Steckverbinders hat. Ziehen Sie anschlie\u00dfend die M12-Schrauben fest.<\/p>\n<p>5.2. Das Kabel mit den gem\u00e4\u00df den Schritten 1, 2 und 3 bearbeiteten Anschl\u00fcssen einstecken.<\/p>\n<p>Stecker, bis sich das Loch im oberen Teil des Terminals in der Mitte des hinteren Steckers befindet.<\/p>\n<p>5.3 Richten Sie den hinteren Anschluss des installierten Kabels am vorderen Anschluss aus und stecken Sie ihn ein. Stellen Sie sicher, dass der leitf\u00e4hige Stab b\u00fcndig mit der Anschlussfl\u00e4che des hinteren Anschlusses abschlie\u00dft und der Bolzen durch das runde Loch des hinteren Anschlusses verl\u00e4uft.<\/p>\n<p>5.4, Wenn eine Erweiterung erforderlich ist, folgen Sie der gleichen Methode, um die hintere Verbindung zu installieren oder<\/p>\n<p>Blitzableiter.<\/p>\n<p>5.5. Wenn keine Erweiterung erforderlich ist, befolgen Sie die Installationsreihenfolge 4.6\u20134.8 in Schritt 4, um den hinteren Anschluss zu installieren.<\/p>\n<p><img loading=\"lazy\" decoding=\"async\" class=\"alignnone wp-image-1637 size-full\" src=\"http:\/\/www.xminsulation.com\/wp-content\/uploads\/2024\/05\/\u56fe\u7247361.png\" alt=\"\" width=\"472\" height=\"397\" srcset=\"https:\/\/www.xminsulation.com\/wp-content\/uploads\/2024\/05\/\u56fe\u7247361.png 472w, https:\/\/www.xminsulation.com\/wp-content\/uploads\/2024\/05\/\u56fe\u7247361-300x252.png 300w\" sizes=\"(max-width: 472px) 100vw, 472px\" \/><\/p>\n<ol start=\"6\">\n<li>R\u00fcckseitig montierten Blitzableiter installieren:<\/li>\n<\/ol>\n<p>6.1. Reinigen Sie die Au\u00dfenfl\u00e4che des Ableiters und tragen Sie gleichm\u00e4\u00dfig schmierendes Silikonfett auf.<\/p>\n<p>6.2, wiederholen Sie die Schritte 5.1.<\/p>\n<p>6.3. Richten Sie den Ableiter am vorderen (oder hinteren) Anschluss aus und stecken Sie ihn ein.<\/p>\n<p>6.4. Wiederholen Sie die Schritte 4.6 bis 4.8 von Schritt 4, um den Isolierstopfen und die Endkappe anzuschlie\u00dfen.<\/p>\n<p>6.5. Befestigen Sie das Erdungskabel am Erdungspunkt des Systems.<\/p>\n<p><img loading=\"lazy\" decoding=\"async\" class=\"alignnone wp-image-1638 size-large\" src=\"http:\/\/www.xminsulation.com\/wp-content\/uploads\/2024\/05\/\u56fe\u7247362-1024x786.png\" alt=\"\" width=\"1024\" height=\"786\" srcset=\"https:\/\/www.xminsulation.com\/wp-content\/uploads\/2024\/05\/\u56fe\u7247362-1024x786.png 1024w, https:\/\/www.xminsulation.com\/wp-content\/uploads\/2024\/05\/\u56fe\u7247362-300x230.png 300w, https:\/\/www.xminsulation.com\/wp-content\/uploads\/2024\/05\/\u56fe\u7247362-768x589.png 768w, https:\/\/www.xminsulation.com\/wp-content\/uploads\/2024\/05\/\u56fe\u7247362-600x460.png 600w, https:\/\/www.xminsulation.com\/wp-content\/uploads\/2024\/05\/\u56fe\u7247362.png 1263w\" sizes=\"(max-width: 1024px) 100vw, 1024px\" \/> <img loading=\"lazy\" decoding=\"async\" class=\"alignnone wp-image-1639 size-full\" src=\"http:\/\/www.xminsulation.com\/wp-content\/uploads\/2024\/05\/\u56fe\u7247363.png\" alt=\"\" width=\"726\" height=\"379\" srcset=\"https:\/\/www.xminsulation.com\/wp-content\/uploads\/2024\/05\/\u56fe\u7247363.png 726w, https:\/\/www.xminsulation.com\/wp-content\/uploads\/2024\/05\/\u56fe\u7247363-300x157.png 300w, https:\/\/www.xminsulation.com\/wp-content\/uploads\/2024\/05\/\u56fe\u7247363-600x313.png 600w\" sizes=\"(max-width: 726px) 100vw, 726px\" \/><\/p>\n<p>1, \u8bbe\u5907\u6807\u51c6\u5957\u7ba1. Ausstattung Standardgeh\u00e4use.<\/p>\n<p>2, M16\u87ba\u6813. M16-Schraube.<\/p>\n<p>3, \u524d\u63a5\u5934. Frontstecker.<\/p>\n<p>4, \u5bfc\u7535\u6746. Leitf\u00e4higer Stab.<\/p>\n<p>5, M16\u87ba\u6813. M16-Schraube.<\/p>\n<p>6, \u540e\u63a5\u5934. Hinterer Anschluss.<\/p>\n<p>7, \u540e\u63a5\u907f\u96f7\u5668. Hinterer Blitzableiter.<\/p>\n<p>8, \u5e73\u57ab. Flaches Pad.<\/p>\n<p>9, \u5f39\u57ab. Federpolster.<\/p>\n<p>10, \u87ba\u6bcd. Nuss.<\/p>\n<p>11, \u7edd\u7f18\u585e. Isolierstopfen.<\/p>\n<p>12, \u540e\u7aef\u76d6. Hintere Endabdeckung.<\/p>\n<p>13, \u538b\u63a5\u7aef\u5b50. Crimp-Anschluss.<\/p>\n<p>14, XLPE-Material. XLPE-Kabel.<\/p>\n<p>15, \u5e94\u529b\u9525. Spannungskegel.<\/p>\n<p>16, Oktober. Schnalle.<\/p>\n<div class=\"wxts\">\n<h2>\u25c6Spezielle Anpassung<\/h2>\n<p>Die oben genannten Parameter sind typische Daten. Wenn die vorhandenen Stile nicht Ihren speziellen Anforderungen entsprechen, kontaktieren Sie uns bitte f\u00fcr ein individuelles Design. Wir verf\u00fcgen \u00fcber bedeutende F\u00e4higkeiten in der Entwicklung und Produktion individueller Anpassungen, sodass wir Kunden auf der ganzen Welt ma\u00dfgeschneiderte L\u00f6sungen bieten k\u00f6nnen.<\/p>\n<\/div>","protected":false},"excerpt":{"rendered":"<p>Application 1,For connection of\u00a0polymeric cable to transformers, switchgear, motors and other\u00a0equipment with a premoulded separable connector. 2,For indoor and outdoor installations. 3,System voltage up t0 24 kV. 4,Continuous cu rrent 630A(900 A ove rload for 8 hours). 5,Cable particulars: a,Polymeric cable(XLPE,EPR, etc.). b,Copper or aluminum conductors. c,Semiconducting or metallic screens. d,Conductor size12kV25-120mm 24kV25-400mm. Features 1,Provides [&hellip;]<\/p>","protected":false},"featured_media":1627,"template":"","meta":{"site-sidebar-layout":"default","site-content-layout":"","ast-site-content-layout":"default","site-content-style":"default","site-sidebar-style":"default","ast-global-header-display":"","ast-banner-title-visibility":"","ast-main-header-display":"","ast-hfb-above-header-display":"","ast-hfb-below-header-display":"","ast-hfb-mobile-header-display":"","site-post-title":"","ast-breadcrumbs-content":"","ast-featured-img":"","footer-sml-layout":"","theme-transparent-header-meta":"default","adv-header-id-meta":"","stick-header-meta":"","header-above-stick-meta":"","header-main-stick-meta":"","header-below-stick-meta":"","astra-migrate-meta-layouts":"set","ast-page-background-enabled":"default","ast-page-background-meta":{"desktop":{"background-color":"","background-image":"","background-repeat":"repeat","background-position":"center center","background-size":"auto","background-attachment":"scroll","background-type":"","background-media":"","overlay-type":"","overlay-color":"","overlay-gradient":""},"tablet":{"background-color":"","background-image":"","background-repeat":"repeat","background-position":"center center","background-size":"auto","background-attachment":"scroll","background-type":"","background-media":"","overlay-type":"","overlay-color":"","overlay-gradient":""},"mobile":{"background-color":"","background-image":"","background-repeat":"repeat","background-position":"center center","background-size":"auto","background-attachment":"scroll","background-type":"","background-media":"","overlay-type":"","overlay-color":"","overlay-gradient":""}},"ast-content-background-meta":{"desktop":{"background-color":"var(--ast-global-color-5)","background-image":"","background-repeat":"repeat","background-position":"center center","background-size":"auto","background-attachment":"scroll","background-type":"","background-media":"","overlay-type":"","overlay-color":"","overlay-gradient":""},"tablet":{"background-color":"var(--ast-global-color-5)","background-image":"","background-repeat":"repeat","background-position":"center center","background-size":"auto","background-attachment":"scroll","background-type":"","background-media":"","overlay-type":"","overlay-color":"","overlay-gradient":""},"mobile":{"background-color":"var(--ast-global-color-5)","background-image":"","background-repeat":"repeat","background-position":"center center","background-size":"auto","background-attachment":"scroll","background-type":"","background-media":"","overlay-type":"","overlay-color":"","overlay-gradient":""}}},"product_cat":[53],"product_tag":[],"class_list":{"0":"post-1626","1":"product","2":"type-product","3":"status-publish","4":"has-post-thumbnail","6":"product_cat-oushi","7":"desktop-align-left","8":"tablet-align-left","9":"mobile-align-left","11":"first","12":"instock","13":"shipping-taxable","14":"product-type-simple"},"_links":{"self":[{"href":"https:\/\/www.xminsulation.com\/de\/wp-json\/wp\/v2\/product\/1626","targetHints":{"allow":["GET"]}}],"collection":[{"href":"https:\/\/www.xminsulation.com\/de\/wp-json\/wp\/v2\/product"}],"about":[{"href":"https:\/\/www.xminsulation.com\/de\/wp-json\/wp\/v2\/types\/product"}],"wp:featuredmedia":[{"embeddable":true,"href":"https:\/\/www.xminsulation.com\/de\/wp-json\/wp\/v2\/media\/1627"}],"wp:attachment":[{"href":"https:\/\/www.xminsulation.com\/de\/wp-json\/wp\/v2\/media?parent=1626"}],"wp:term":[{"taxonomy":"product_cat","embeddable":true,"href":"https:\/\/www.xminsulation.com\/de\/wp-json\/wp\/v2\/product_cat?post=1626"},{"taxonomy":"product_tag","embeddable":true,"href":"https:\/\/www.xminsulation.com\/de\/wp-json\/wp\/v2\/product_tag?post=1626"}],"curies":[{"name":"wp","href":"https:\/\/api.w.org\/{rel}","templated":true}]}}